{"id":20905,"date":"2024-05-03T06:43:50","date_gmt":"2024-05-03T06:43:50","guid":{"rendered":"https:\/\/elfsight.com\/de\/?page_id=20905"},"modified":"2025-07-09T14:15:40","modified_gmt":"2025-07-09T14:15:40","slug":"woocommerce","status":"publish","type":"page","link":"https:\/\/elfsight.com\/de\/popup-widget\/woocommerce\/","title":{"rendered":"Popup &#8211; WooCommerce"},"content":{"rendered":"<div class=\"application-platform-content-item-description application-platform-content-item\" id=\"description\" data-nav-section=\"description\"><h2>Beschreibung<\/h2><p><p>Mit dem Elfsight Popup-Plugin ist jeder in der Lage, sein eigenes benutzerdefiniertes Popup f\u00fcr jeden Zweck zu entwerfen und zeigen Sie es auf ihrer WooCommerce-Webseite. Erstellen Sie mit einer Vielzahl von Elementen das am besten geeignete Pop-up. Stellen Sie die perfekte Schnittstelle und Platzierung ein; Weisen Sie den Er\u00f6ffnungsausl\u00f6ser zu und finden Sie die richtige Frequenz, um Ihre Ziele zu erreichen. Popups verschiedener Art erm\u00f6glichen es Benutzern, E-Mails zu abonnieren, Ihre Produkte zu entdecken, Rabattgutscheine zu nutzen, an Ausverk\u00e4ufen und Sonderangeboten teilzunehmen, \u00fcber bevorstehende Veranstaltungen auf Ihrer Website benachrichtigt zu werden und vieles mehr. <\/p><\/p><p><b>Popups helfen Ihnen, schneller zu verkaufen, geplante Veranstaltungen zu bewerben, Feedback und Leads zu erhalten und vieles mehr.<\/b><\/p><\/div> <div class=\"faq\" data-component=\"FAQ\"><div class=\"faq-item\">\r\n\t\t\t\t\t<div class=\"faq-item-question\">\r\n\t\t\t\t\t\t<h3 class=\"faq-item-question-text\">Wie kann ich ein Popup in meine WooCommerce-Website einbetten?<\/h3>\r\n\r\n\t\t\t\t\t\t<div class=\"faq-item-question-icon\"><\/div>\r\n\t\t\t\t\t<\/div>\r\n\r\n\t\t\t\t\t<div class=\"faq-item-answer\">\r\n\t\t\t\t\t\t<div class=\"faq-item-answer-text\"><p>Die Erstellung des Tools erfolgt innerhalb der Elfsight-Website und Sie m\u00fcssen keine Programmierkenntnisse erlernen. Nutzen Sie unsere Live-Demo, um Ihre pers\u00f6nliche App anzupassen, den Code zu erwerben und ihn auf Ihrer Website einzuf\u00fcgen. <\/p><\/div>\r\n\t\t\t\t\t<\/div>\r\n\t\t\t\t<\/div><div class=\"faq-item\">\r\n\t\t\t\t\t<div class=\"faq-item-question\">\r\n\t\t\t\t\t\t<h3 class=\"faq-item-question-text\">Die besten Anwendungsbeispiele f\u00fcr die Integration von Popup-Bannern<\/h3>\r\n\r\n\t\t\t\t\t\t<div class=\"faq-item-question-icon\"><\/div>\r\n\t\t\t\t\t<\/div>\r\n\r\n\t\t\t\t\t<div class=\"faq-item-answer\">\r\n\t\t\t\t\t\t<div class=\"faq-item-answer-text\"><p>Wir bieten viele Anpassungsm\u00f6glichkeiten: Widgets in voller L\u00e4nge f\u00fcr die Implementierung im Inhaltsbereich, schwebende Widgets f\u00fcr Scrollm\u00f6glichkeiten, Miniaturansichten f\u00fcr die Fu\u00dfzeile, den Kopfbereich und alle m\u00f6glichen vertikalen Optionen f\u00fcr die Seitenleisten und Men\u00fcs der Woocommerce-Website. <\/p><\/div>\r\n\t\t\t\t\t<\/div>\r\n\t\t\t\t<\/div><div class=\"faq-item\">\r\n\t\t\t\t\t<div class=\"faq-item-question\">\r\n\t\t\t\t\t\t<h3 class=\"faq-item-question-text\">Wie erstelle ich mit Ihrem Editor ein Verkaufs- oder Angebots-Popup? <\/h3>\r\n\r\n\t\t\t\t\t\t<div class=\"faq-item-question-icon\"><\/div>\r\n\t\t\t\t\t<\/div>\r\n\r\n\t\t\t\t\t<div class=\"faq-item-answer\">\r\n\t\t\t\t\t\t<div class=\"faq-item-answer-text\"><p>Sie k\u00f6nnen die \u00c4nderungen jedes Widgets vornehmen. Im Editor stehen Ihnen zahlreiche Layouts zur Verf\u00fcgung, die alle ganz einfach nach Ihren W\u00fcnschen personalisiert werden k\u00f6nnen. <\/p><\/div>\r\n\t\t\t\t\t<\/div>\r\n\t\t\t\t<\/div><\/div><div class=\"application-platform-content-item-features application-platform-content-item\" id=\"features\" data-nav-section=\"features\"><h2>Hauptfunktionen des Popup-Plugins<\/h2><ul><li>Zw\u00f6lf verschiedene Komponenten zum Erstellen eines Popups<\/li> <li>5 enthaltene Popup-Layouts f\u00fcr verschiedene F\u00e4lle<\/li><li>Einbetten von Schaltfl\u00e4chen, um Besucher auf eine beliebige WooCommerce-Seite weiterzuleiten<\/li><li>Option zum Hochladen eines Bildes f\u00fcr den Hintergrund<\/li><li>Popup kann erscheinen nach einer bestimmten Verweildauer auf der Seite oder einem bestimmten Scroll-Prozentsatz<\/li><li>Popup-Ausl\u00f6ser: Klicken auf das ausgew\u00e4hlte Element oder Scrollen nach unten<\/li><\/ul><p><a href=\"#demo \">Die vollst\u00e4ndige Liste der Funktionen des Widgets finden Sie hier in der Demo<\/a><\/p><\/div><div class=\"application-platform-content-item-installation application-platform-content-item\" id=\"installation\" data-nav-section=\"installation\"><h2>Wie f\u00fcge ich ein Popup auf meiner WooCommerce-Website hinzu?<\/h2><p>Befolgen Sie einfach die nachstehenden Richtlinien, um das Tool einzuf\u00fcgen.<\/p><ol><li><b>Nutzen Sie unsere kostenlose Demo und beginnen Sie mit der Erstellung Ihres personalisierten Plugins.<\/b><br>W\u00e4hlen Sie das Ausgew\u00e4hlte aus Layout und Funktionalit\u00e4t des Widgets und \u00fcbernehmen Sie die \u00c4nderungen.<\/li><li><b>Holen Sie sich den individuellen Code aus der Box auf Elfsight Apps.<\/b><br>Sobald die Einrichtung Ihres Widgets abgeschlossen ist, Kopieren Sie den exklusiven Code im angezeigten Fenster und bewahren Sie ihn zur weiteren Verwendung auf.<\/li><li><b>Initiieren Sie die Nutzung des Widgets auf Ihrer WooCommerce-Site.<\/b><br>F\u00fcgen Sie den Code ein, den Sie k\u00fcrzlich gespeichert haben in Ihre Homepage ein und \u00fcbernehmen Sie die Verbesserungen.<\/li><li><b>Fertig! Die Einrichtung ist vollst\u00e4ndig abgeschlossen.<\/b><br>Besuchen Sie Ihre Website, um zu \u00fcberpr\u00fcfen, wie die WooCommerce-Popup-Nachricht funktioniert.<\/li><\/ol><p>Wenn Sie Anfragen bearbeiten oder auf einige Probleme sto\u00dfen, z\u00f6gern Sie nicht Sie k\u00f6nnen sich gerne an unsere Kundendienstmitarbeiter wenden. Unsere Berater helfen Ihnen gerne bei allen Fragen, die Sie mit der WooCommerce-Popup-Nachricht haben.<\/p><\/div>","protected":false},"excerpt":{"rendered":"","protected":false},"author":9,"featured_media":0,"parent":557,"menu_order":0,"comment_status":"closed","ping_status":"closed","template":"templates\/template-application-platform.php","meta":{"publish_to_discourse":"","publish_post_category":"","wpdc_auto_publish_overridden":"","wpdc_topic_tags":"","wpdc_pin_topic":"","wpdc_pin_until":"","discourse_post_id":"","discourse_permalink":"","wpdc_publishing_response":"","wpdc_publishing_error":"","footnotes":""},"class_list":["post-20905","page","type-page","status-publish","hentry"],"yoast_head":"<!-- This site is optimized with the Yoast SEO plugin v25.3.1 - https:\/\/yoast.com\/wordpress\/plugins\/seo\/ -->\n<title>F\u00fcgen Sie einer WooCommerce-Website ein Popup-Plugin hinzu<\/title>\n<meta name=\"description\" content=\"Erstellen Sie ein Popup auf WooCommerce ohne Codierung!\" \/>\n<meta name=\"robots\" content=\"index, follow, max-snippet:-1, max-image-preview:large, max-video-preview:-1\" \/>\n<link rel=\"canonical\" href=\"https:\/\/elfsight.com\/de\/popup-widget\/woocommerce\/\" \/>\n<meta property=\"og:locale\" content=\"de_DE\" \/>\n<meta property=\"og:type\" content=\"article\" \/>\n<meta property=\"og:title\" content=\"F\u00fcgen Sie einer WooCommerce-Website ein Popup-Plugin hinzu\" \/>\n<meta property=\"og:description\" content=\"Erstellen Sie ein Popup auf WooCommerce ohne Codierung!\" \/>\n<meta property=\"og:url\" content=\"https:\/\/elfsight.com\/de\/popup-widget\/woocommerce\/\" \/>\n<meta property=\"og:site_name\" content=\"Elfsight DE\" \/>\n<meta property=\"article:modified_time\" content=\"2025-07-09T14:15:40+00:00\" \/>\n<meta name=\"twitter:card\" content=\"summary_large_image\" \/>\n<meta name=\"twitter:label1\" content=\"Gesch\u00e4tzte Lesezeit\" \/>\n\t<meta name=\"twitter:data1\" content=\"3\u00a0Minuten\" \/>\n<!-- \/ Yoast SEO plugin. -->","yoast_head_json":{"title":"F\u00fcgen Sie einer WooCommerce-Website ein Popup-Plugin hinzu","description":"Erstellen Sie ein Popup auf WooCommerce ohne Codierung!","robots":{"index":"index","follow":"follow","max-snippet":"max-snippet:-1","max-image-preview":"max-image-preview:large","max-video-preview":"max-video-preview:-1"},"canonical":"https:\/\/elfsight.com\/de\/popup-widget\/woocommerce\/","og_locale":"de_DE","og_type":"article","og_title":"F\u00fcgen Sie einer WooCommerce-Website ein Popup-Plugin hinzu","og_description":"Erstellen Sie ein Popup auf WooCommerce ohne Codierung!","og_url":"https:\/\/elfsight.com\/de\/popup-widget\/woocommerce\/","og_site_name":"Elfsight DE","article_modified_time":"2025-07-09T14:15:40+00:00","twitter_card":"summary_large_image","twitter_misc":{"Gesch\u00e4tzte Lesezeit":"3\u00a0Minuten"},"schema":{"@context":"https:\/\/schema.org","@graph":[{"@type":"WebPage","@id":"https:\/\/elfsight.com\/de\/popup-widget\/woocommerce\/","url":"https:\/\/elfsight.com\/de\/popup-widget\/woocommerce\/","name":"F\u00fcgen Sie einer WooCommerce-Website ein Popup-Plugin hinzu","isPartOf":{"@id":"https:\/\/elfsight.com\/de\/#website"},"datePublished":"2024-05-03T06:43:50+00:00","dateModified":"2025-07-09T14:15:40+00:00","description":"Erstellen Sie ein Popup auf WooCommerce ohne Codierung!","breadcrumb":{"@id":"https:\/\/elfsight.com\/de\/popup-widget\/woocommerce\/#breadcrumb"},"inLanguage":"de","potentialAction":[{"@type":"ReadAction","target":["https:\/\/elfsight.com\/de\/popup-widget\/woocommerce\/"]}]},{"@type":"BreadcrumbList","@id":"https:\/\/elfsight.com\/de\/popup-widget\/woocommerce\/#breadcrumb","itemListElement":[{"@type":"ListItem","position":1,"name":"Home","item":"https:\/\/elfsight.com\/de\/"},{"@type":"ListItem","position":2,"name":"Popup","item":"https:\/\/elfsight.com\/de\/popup-widget\/"},{"@type":"ListItem","position":3,"name":"Popup &#8211; WooCommerce"}]},{"@type":"WebSite","@id":"https:\/\/elfsight.com\/de\/#website","url":"https:\/\/elfsight.com\/de\/","name":"Elfsight DE","description":"Just another Elfsight Sites site","potentialAction":[{"@type":"SearchAction","target":{"@type":"EntryPoint","urlTemplate":"https:\/\/elfsight.com\/de\/?s={search_term_string}"},"query-input":{"@type":"PropertyValueSpecification","valueRequired":true,"valueName":"search_term_string"}}],"inLanguage":"de"}]}},"meta_box":{"industry":"","seo_heading":"","heading":"","description":"","cta_heading":"","cta_description":"","application":"493","h1":"WooCommerce-Popup-Plugin","h1_caption":"Zeigen Sie m\u00fchelos Popups an, um die Aufmerksamkeit der Besucher zu erregen, Angebote zu bewerben oder Leads zu sammeln, ohne das Website-Erlebnis auf Ihrer WooCommerce-Website zu unterbrechen.","application_category":[],"applications_title":"","applications_request_title":"","applications_request_button_text":"","hero_text":"","hero_video":"","hero_video_schema_markup":"","selling_points_title":"","selling_points_caption":"","selling_points":[],"selling_points_cta_text":"","features_title":"","features":"","ed_cta_examples_text":"","ed_cta_examples_hidden":"","ed_cta_demo_text":"","ed_cta_demo_hidden":"","why_caption":"","why_editor_title":"","why_editor_text":"","why_team_title":"","why_team_text":"","why_service_title":"","why_service_text":"","template_catalog_visible":"","template_catalog_title":"","template_catalog_text":"","template_catalog_categories_visible":"","demo_title":"Erstellen Sie Ihre Popup-App","demo_caption":"Konfigurieren Sie Ihr Popup und f\u00fcgen Sie es kostenlos zu Ihrer WooCommerce-Website hinzu!","default_faq_hidden":"","app_template_category":[],"platform":"200","template_public_id":"","codecanyon_url":"","codecanyon_item_id":"","codecanyon_price":"","pricing_caption":"","pricing_elfsight_apps_hide_column":"","pricing_elfsight_apps_url":"","pricing_codecanyon_price_caption":"","integration_category":[],"integration_request_title":"","integration_request_cta":"","integration_platform":"","integrations":[],"platform_category":[],"video_schema_markup":"","price":"ab 0 $ \/ Monat","trial":"","benefits":[{"text":"Kostenlose Installationshilfe"},{"text":"Professioneller Kundenservice"},{"text":"14-t\u00e4gige R\u00fcckerstattungsgarantie"},{"text":"Kontinuierliche kostenlose Verbesserungen"}],"button_url":"#demo","button_target_blank":"","button_nofollow":"","attributes":[{"name":"Installiert","content":"100,000 - 500,000"},{"name":"Reaktionsfreudig","content":"Ja"},{"name":"Kompatible Browser","content":"Firefox, Safari, Opera, Chrome, Edge"}],"tags":[],"tags_disable_links":"","hide_more_platforms":"","video_object":"","demo_hide_cta":"","demo_hide_cloud_options":"","pricing_title":"","pricing":[{"pricing_icon":"platform","pricing_title":"Elfsight Apps","pricing_title_caption":"Plattform\u00fcbergreifende L\u00f6sung, die zu jeder Website passt","pricing_price":"ab 0 $ \/ Monat","pricing_price_caption":"Beginnen Sie mit einem kostenlosen Plan","pricing_benefits":[{"text":"Unbegrenzte Domains"},{"text":"Professionelle Kundenbetreuung und gut dokumentiert"},{"text":"Kostenlose Installationshilfe"},{"text":"Flexibles Design"}],"pricing_button_text":"Zur Website hinzuf\u00fcgen","pricing_button_url":"#demo"}],"related_apps_title":"","related_apps_hidden":"","author":"","image":[],"title":"","job":"","social_networks":[]},"_links":{"self":[{"href":"https:\/\/elfsight.com\/de\/wp-json\/wp\/v2\/pages\/20905","targetHints":{"allow":["GET"]}}],"collection":[{"href":"https:\/\/elfsight.com\/de\/wp-json\/wp\/v2\/pages"}],"about":[{"href":"https:\/\/elfsight.com\/de\/wp-json\/wp\/v2\/types\/page"}],"author":[{"embeddable":true,"href":"https:\/\/elfsight.com\/de\/wp-json\/wp\/v2\/users\/9"}],"replies":[{"embeddable":true,"href":"https:\/\/elfsight.com\/de\/wp-json\/wp\/v2\/comments?post=20905"}],"version-history":[{"count":2,"href":"https:\/\/elfsight.com\/de\/wp-json\/wp\/v2\/pages\/20905\/revisions"}],"predecessor-version":[{"id":21744,"href":"https:\/\/elfsight.com\/de\/wp-json\/wp\/v2\/pages\/20905\/revisions\/21744"}],"up":[{"embeddable":true,"href":"https:\/\/elfsight.com\/de\/wp-json\/wp\/v2\/pages\/557"}],"wp:attachment":[{"href":"https:\/\/elfsight.com\/de\/wp-json\/wp\/v2\/media?parent=20905"}],"curies":[{"name":"wp","href":"https:\/\/api.w.org\/{rel}","templated":true}]}}