{"id":20899,"date":"2024-05-03T06:43:30","date_gmt":"2024-05-03T06:43:30","guid":{"rendered":"https:\/\/elfsight.com\/de\/?page_id=20899"},"modified":"2025-02-14T12:38:42","modified_gmt":"2025-02-14T12:38:42","slug":"squarespace","status":"publish","type":"page","link":"https:\/\/elfsight.com\/de\/podcast-player-widget\/squarespace\/","title":{"rendered":"Podcast Player &#8211; Squarespace"},"content":{"rendered":"\n<div class=\"application-platform-content-item-description application-platform-content-item\" id=\"description\" data-nav-section=\"description\"> <h2>Podcast Player mit dem Elfsight-Widget in Squarespace einbetten<\/h2> <p>Elfsight Podcast Player ist ein unkompliziertes Plugin f\u00fcr Squarespace, mit dem Sie streamen k\u00f6nnen Podcasts direkt auf den Seiten Ihrer Website. Das Plugin ist in hohem Ma\u00dfe modifizierbar: Sie k\u00f6nnen seine Position \u00e4ndern, es an einer beliebigen Stelle auf der Seite platzieren, seine Gr\u00f6\u00dfe \u00e4ndern, den Hintergrund und alle anderen Teile neu zeichnen, um es mit dem Design Ihrer Website zu verschmelzen, ein dunkles Thema verwenden, Bilder anzeigen und anzeigen oder ausblenden 3 zus\u00e4tzliche Spielerteile, z. B. Fortschrittsbalken und vieles mehr. Begeistern Sie Ihre Benutzer, schalten Sie die automatische Wiedergabe ein und z\u00f6gern Sie nicht \u2013 Ihr Publikum wird Ihre Website nicht so schnell verlassen! <\/p> <p><b>Beziehen Sie Ihre Benutzer ein, indem Sie ihnen praktische und fesselnde Informationen zur Verwendung des Elfsight Podcast Players bereitstellen<\/b><\/p> <\/div> <div class=\"application-platform-content-item-features application-platform-content-item\" id=\"features\" data-nav-section=\"features\"> <h2>Diese sind nur einige der zahlreichen Plugin-Funktionen: <\/h2> <ul><li>Unbegrenzte Farbvariationen. <\/li><li>2 Layouts verf\u00fcgbar. <\/li><li>Eine M\u00f6glichkeit, ein Hintergrundbild anzuh\u00e4ngen. <\/li><li>F\u00fcgen Sie eine unbegrenzte Anzahl an Titeln hinzu. <\/li><li>Eine Option zum Entwerfen Ihres individuellen Farbschemas. <\/li><\/ul><p><a href=\"#demo\">Sehen Sie sich einfach diese Demo an, um die Funktionalit\u00e4t des Plugins zu verstehen<\/a><\/p> <\/div> <div class=\"application-platform-content-item-installation application-platform-content-item\" id=\"installation\" data-nav-section=\"installation\"> <h2>Wie f\u00fcge ich den Podcast-Player zur Squarespace-Website hinzu? <\/h2><div class=\"video-container\"><iframe width=\"560\" height=\"315\" src=\"https:\/\/www.youtube.com\/embed\/GaKwfoAstT8?si=wQe81qI3v0b03sN2\" frameborder=\"0\" allow=\"accelerometer; autoplay; clipboard-write; encrypted-media; gyroscope; picture-in-picture; web-share\" allowfullscreen><\/iframe><\/div><p>Befolgen Sie einfach die nachstehenden Anweisungen, um das Plugin zu integrieren. <\/p> <ol><li><b>Verwenden Sie unseren kostenlosen Editor und beginnen Sie mit der Erstellung Ihres einzigartigen Plugins. <\/b><br> Bestimmen Sie das bevorzugte Design und die Optionen des Werkzeugs und speichern Sie die \u00c4nderungen. <\/li> <li><b>Erhalten Sie den einzigartigen Code, der in der Witwe von Elfsight Apps angezeigt wird. <\/b><br> Kopieren Sie unmittelbar nach Abschluss der Anpassung Ihres Plugins den exklusiven Code im angezeigten Popup und bewahren Sie ihn f\u00fcr zuk\u00fcnftige Gelegenheiten auf. <\/li> <li><b>Initiieren Sie den Einsatz des Plugins auf Ihrer Squarespace-Website. <\/b><br> Integrieren Sie den zuvor kopierten Code in Ihre Homepage und speichern Sie die Anpassungen. <\/li> <li><b>Du bist fertig! Die Integration ist vollst\u00e4ndig abgeschlossen. <\/b><br> Besuchen Sie Ihre Webseite, um zu sehen, wie das Plugin funktioniert. <\/li><\/ol> <p>Sollten Sie auf Schwierigkeiten sto\u00dfen, z\u00f6gern Sie nicht, sich an unsere Kundendienstmitarbeiter zu wenden. Unsere Spezialisten sind bestrebt, alle Schwierigkeiten zu l\u00f6sen, die Sie mit dem Tool haben k\u00f6nnten. <\/p> <div class=\"faq\" data-component=\"FAQ\"><div class=\"faq-item\">\r\n\t\t\t\t\t<div class=\"faq-item-question\">\r\n\t\t\t\t\t\t<h3 class=\"faq-item-question-text\">Wie kann ich das Podcast Player-Plugin in meine Squarespace-Website einbetten?<\/h3>\r\n\r\n\t\t\t\t\t\t<div class=\"faq-item-question-icon\"><\/div>\r\n\t\t\t\t\t<\/div>\r\n\r\n\t\t\t\t\t<div class=\"faq-item-answer\">\r\n\t\t\t\t\t\t<div class=\"faq-item-answer-text\"><p>Sie k\u00f6nnen das Podcast Player-Plugin in Ihre Squarespace-Website integrieren, um Ihren Benutzern den Zugriff auf Podcasts und deren Wiedergabe zu erm\u00f6glichen . Navigieren Sie einfach zum Admin-Bereich und f\u00fchren Sie die folgenden Schritte aus:<\/p><ol><li>Greifen Sie auf die Designeinstellungen zu.<\/li><li>W\u00e4hlen Sie den Abschnitt auf Ihrer Squarespace-Website aus, in den Sie den Podcast-Player einbetten m\u00f6chten. <\/li><li>F\u00fcgen Sie den Code vom Elfsight Apps-Dienst ein und speichern Sie Ihre \u00c4nderungen.<\/li><li>Fertig.<\/li><\/ol><\/div>\r\n\t\t\t\t\t<\/div>\r\n\t\t\t\t<\/div><\/div><\/div>\n","protected":false},"excerpt":{"rendered":"","protected":false},"author":9,"featured_media":0,"parent":2321,"menu_order":0,"comment_status":"closed","ping_status":"closed","template":"templates\/template-application-platform.php","meta":{"publish_to_discourse":"","publish_post_category":"","wpdc_auto_publish_overridden":"","wpdc_topic_tags":"","wpdc_pin_topic":"","wpdc_pin_until":"","discourse_post_id":"","discourse_permalink":"","wpdc_publishing_response":"","wpdc_publishing_error":"","footnotes":""},"class_list":["post-20899","page","type-page","status-publish","hentry"],"yoast_head":"<!-- This site is optimized with the Yoast SEO plugin v25.3.1 - https:\/\/yoast.com\/wordpress\/plugins\/seo\/ -->\n<title>Elfsight Podcast Player f\u00fcr die Squarespace-Website (kostenlos und einfach)<\/title>\n<meta name=\"description\" content=\"Nutzen Sie unsere barrierefreie Demo und betten Sie einen responsiven Podcast-Player auf Ihrer Squarespace-Website ein. Integrieren Sie unsere \u00fcberschaubare Demo und erstellen Sie m\u00fchelos Ihr ma\u00dfgeschneidertes Plugin!\" \/>\n<meta name=\"robots\" content=\"index, follow, max-snippet:-1, max-image-preview:large, max-video-preview:-1\" \/>\n<link rel=\"canonical\" href=\"https:\/\/elfsight.com\/de\/podcast-player-widget\/squarespace\/\" \/>\n<meta property=\"og:locale\" content=\"de_DE\" \/>\n<meta property=\"og:type\" content=\"article\" \/>\n<meta property=\"og:title\" content=\"Elfsight Podcast Player f\u00fcr die Squarespace-Website (kostenlos und einfach)\" \/>\n<meta property=\"og:description\" content=\"Nutzen Sie unsere barrierefreie Demo und betten Sie einen responsiven Podcast-Player auf Ihrer Squarespace-Website ein. Integrieren Sie unsere \u00fcberschaubare Demo und erstellen Sie m\u00fchelos Ihr ma\u00dfgeschneidertes Plugin!\" \/>\n<meta property=\"og:url\" content=\"https:\/\/elfsight.com\/de\/podcast-player-widget\/squarespace\/\" \/>\n<meta property=\"og:site_name\" content=\"Elfsight DE\" \/>\n<meta property=\"article:modified_time\" content=\"2025-02-14T12:38:42+00:00\" \/>\n<meta name=\"twitter:card\" content=\"summary_large_image\" \/>\n<meta name=\"twitter:label1\" content=\"Gesch\u00e4tzte Lesezeit\" \/>\n\t<meta name=\"twitter:data1\" content=\"3\u00a0Minuten\" \/>\n<!-- \/ Yoast SEO plugin. -->","yoast_head_json":{"title":"Elfsight Podcast Player f\u00fcr die Squarespace-Website (kostenlos und einfach)","description":"Nutzen Sie unsere barrierefreie Demo und betten Sie einen responsiven Podcast-Player auf Ihrer Squarespace-Website ein. Integrieren Sie unsere \u00fcberschaubare Demo und erstellen Sie m\u00fchelos Ihr ma\u00dfgeschneidertes Plugin!","robots":{"index":"index","follow":"follow","max-snippet":"max-snippet:-1","max-image-preview":"max-image-preview:large","max-video-preview":"max-video-preview:-1"},"canonical":"https:\/\/elfsight.com\/de\/podcast-player-widget\/squarespace\/","og_locale":"de_DE","og_type":"article","og_title":"Elfsight Podcast Player f\u00fcr die Squarespace-Website (kostenlos und einfach)","og_description":"Nutzen Sie unsere barrierefreie Demo und betten Sie einen responsiven Podcast-Player auf Ihrer Squarespace-Website ein. Integrieren Sie unsere \u00fcberschaubare Demo und erstellen Sie m\u00fchelos Ihr ma\u00dfgeschneidertes Plugin!","og_url":"https:\/\/elfsight.com\/de\/podcast-player-widget\/squarespace\/","og_site_name":"Elfsight DE","article_modified_time":"2025-02-14T12:38:42+00:00","twitter_card":"summary_large_image","twitter_misc":{"Gesch\u00e4tzte Lesezeit":"3\u00a0Minuten"},"schema":{"@context":"https:\/\/schema.org","@graph":[{"@type":"WebPage","@id":"https:\/\/elfsight.com\/de\/podcast-player-widget\/squarespace\/","url":"https:\/\/elfsight.com\/de\/podcast-player-widget\/squarespace\/","name":"Elfsight Podcast Player f\u00fcr die Squarespace-Website (kostenlos und einfach)","isPartOf":{"@id":"https:\/\/elfsight.com\/de\/#website"},"datePublished":"2024-05-03T06:43:30+00:00","dateModified":"2025-02-14T12:38:42+00:00","description":"Nutzen Sie unsere barrierefreie Demo und betten Sie einen responsiven Podcast-Player auf Ihrer Squarespace-Website ein. Integrieren Sie unsere \u00fcberschaubare Demo und erstellen Sie m\u00fchelos Ihr ma\u00dfgeschneidertes Plugin!","breadcrumb":{"@id":"https:\/\/elfsight.com\/de\/podcast-player-widget\/squarespace\/#breadcrumb"},"inLanguage":"de","potentialAction":[{"@type":"ReadAction","target":["https:\/\/elfsight.com\/de\/podcast-player-widget\/squarespace\/"]}]},{"@type":"BreadcrumbList","@id":"https:\/\/elfsight.com\/de\/podcast-player-widget\/squarespace\/#breadcrumb","itemListElement":[{"@type":"ListItem","position":1,"name":"Home","item":"https:\/\/elfsight.com\/de\/"},{"@type":"ListItem","position":2,"name":"Podcast Player","item":"https:\/\/elfsight.com\/de\/podcast-player-widget\/"},{"@type":"ListItem","position":3,"name":"Podcast Player &#8211; Squarespace"}]},{"@type":"WebSite","@id":"https:\/\/elfsight.com\/de\/#website","url":"https:\/\/elfsight.com\/de\/","name":"Elfsight DE","description":"Just another Elfsight Sites site","potentialAction":[{"@type":"SearchAction","target":{"@type":"EntryPoint","urlTemplate":"https:\/\/elfsight.com\/de\/?s={search_term_string}"},"query-input":{"@type":"PropertyValueSpecification","valueRequired":true,"valueName":"search_term_string"}}],"inLanguage":"de"}]}},"meta_box":{"industry":"","seo_heading":"","heading":"","description":"","cta_heading":"","cta_description":"","application":"508","h1":"Squarespace Podcast Player-Plugin","h1_caption":"Betten Sie einen Podcast-Player direkt auf Ihrer Website ein, sodass Benutzer Ihre Episoden m\u00fchelos anh\u00f6ren k\u00f6nnen, ohne die Seite auf Ihrer Squarespace-Website zu verlassen.","application_category":[],"applications_title":"","applications_request_title":"","applications_request_button_text":"","hero_text":"","hero_video":"","hero_video_schema_markup":"","selling_points_title":"","selling_points_caption":"","selling_points":[],"selling_points_cta_text":"","features_title":"","features":"","ed_cta_examples_text":"","ed_cta_examples_hidden":"","ed_cta_demo_text":"","ed_cta_demo_hidden":"","why_caption":"","why_editor_title":"","why_editor_text":"","why_team_title":"","why_team_text":"","why_service_title":"","why_service_text":"","template_catalog_visible":"0","template_catalog_title":"","template_catalog_text":"","template_catalog_categories_visible":"","demo_title":"Erstellen Sie Ihr Podcast-Player-Plugin","demo_caption":"Konfigurieren Sie Ihren Podcast-Player und f\u00fcgen Sie ihn kostenlos zu Ihrer Squarespace-Website hinzu!","default_faq_hidden":"","app_template_category":[],"platform":"252","template_public_id":"","codecanyon_url":"","codecanyon_item_id":"","codecanyon_price":"","pricing_caption":"","pricing_elfsight_apps_hide_column":"","pricing_elfsight_apps_url":"","pricing_codecanyon_price_caption":"","integration_category":[],"integration_request_title":"","integration_request_cta":"","integration_platform":"","integrations":[],"platform_category":[],"video_schema_markup":"","price":"ab 0 $ \/ Monat","trial":"","benefits":[{"text":"Kostenloser Installationsservice"},{"text":"Effektive Kundenhilfe"},{"text":"14-t\u00e4gige Geld-zur\u00fcck-Garantie"},{"text":"St\u00e4ndige Aktualisierung"}],"button_url":"#demo","button_target_blank":"0","button_nofollow":"0","attributes":[{"name":"Installiert","content":"10,000 - 100,000"},{"name":"Reaktionsfreudig","content":"Ja"},{"name":"Kompatible Browser","content":"Firefox, Safari, Opera, Chrome, Edge"}],"tags":[],"tags_disable_links":"0","hide_more_platforms":"0","video_object":"","demo_hide_cta":"0","demo_hide_cloud_options":"0","pricing_title":"","pricing":[{"pricing_icon":"platform","pricing_title":"Elfsight Apps","pricing_title_caption":"Plattform\u00fcbergreifende digitale L\u00f6sung, die f\u00fcr jede Website geeignet ist","pricing_price":"ab 0 $ \/ Monat","pricing_price_caption":"Beginnen Sie mit einem kostenlosen Plan","pricing_benefits":[{"text":"Unbegrenzte Domains"},{"text":"Engagierter und p\u00fcnktlicher Support"},{"text":"Kostenlose Installationsunterst\u00fctzung"},{"text":"Flexibles Design"}],"pricing_button_text":"Zur Website hinzuf\u00fcgen","pricing_button_url":"#demo"}],"related_apps_title":"","related_apps_hidden":"0","author":"","image":[],"title":"","job":"","social_networks":[]},"_links":{"self":[{"href":"https:\/\/elfsight.com\/de\/wp-json\/wp\/v2\/pages\/20899","targetHints":{"allow":["GET"]}}],"collection":[{"href":"https:\/\/elfsight.com\/de\/wp-json\/wp\/v2\/pages"}],"about":[{"href":"https:\/\/elfsight.com\/de\/wp-json\/wp\/v2\/types\/page"}],"author":[{"embeddable":true,"href":"https:\/\/elfsight.com\/de\/wp-json\/wp\/v2\/users\/9"}],"replies":[{"embeddable":true,"href":"https:\/\/elfsight.com\/de\/wp-json\/wp\/v2\/comments?post=20899"}],"version-history":[{"count":3,"href":"https:\/\/elfsight.com\/de\/wp-json\/wp\/v2\/pages\/20899\/revisions"}],"predecessor-version":[{"id":24195,"href":"https:\/\/elfsight.com\/de\/wp-json\/wp\/v2\/pages\/20899\/revisions\/24195"}],"up":[{"embeddable":true,"href":"https:\/\/elfsight.com\/de\/wp-json\/wp\/v2\/pages\/2321"}],"wp:attachment":[{"href":"https:\/\/elfsight.com\/de\/wp-json\/wp\/v2\/media?parent=20899"}],"curies":[{"name":"wp","href":"https:\/\/api.w.org\/{rel}","templated":true}]}}