{"id":20892,"date":"2024-05-03T06:43:00","date_gmt":"2024-05-03T06:43:00","guid":{"rendered":"https:\/\/elfsight.com\/de\/?page_id=20892"},"modified":"2025-02-12T10:57:11","modified_gmt":"2025-02-12T10:57:11","slug":"iframe","status":"publish","type":"page","link":"https:\/\/elfsight.com\/de\/pinterest-feed-widget\/iframe\/","title":{"rendered":"Pinterest Feed &#8211; iFrame"},"content":{"rendered":"\n<div class=\"application-platform-content-item-description application-platform-content-item\" id=\"description\" data-nav-section=\"description\"> <h2>Pinterest-Feed auf iFrame mit dem Elfsight-Widget einbetten<\/h2><p>Mit Pinterest-Feed von Elfsight k\u00f6nnen Sie erstaunliche Inhalte zu Ihrer Website hinzuf\u00fcgen Bilder von Pinterest im Handumdrehen. Das Elfsight-Plugin hilft bei der Anzeige aller Pins, Pinnw\u00e4nde und Ihres gesamten Pinterest-Profils auf Ihrer Website. Ziehen Sie Ihre Kunden mit Hilfe sorgf\u00e4ltig ausgew\u00e4hlter Grafiken und Thementafeln an und stellen Sie Ihre eigenen, originellen Sets zusammen. Erweitern Sie die Reichweite Ihrer Pinterest-Bilder, steigern Sie das Engagement auf Ihrer Website und gewinnen Sie gleichzeitig mehr Follower f\u00fcr Ihr Pinterest-Profil.<\/p><p><b>Zeigen Sie Ihr Profil an, f\u00fcgen Sie Pinnw\u00e4nde hinzu und w\u00e4hlen Sie Pins f\u00fcr das ansprechendste Bild aus Inhalte auf Ihrer Website!<\/b><\/p><ul><li><b>Erh\u00f6hen Sie das Engagement der Website-Benutzer auf Ihrer Website<\/b> <br>Sorgf\u00e4ltig ausgew\u00e4hlte Bilder auf Ihrer Website erregen maximale Aufmerksamkeit und binden Kunden engagiert.<\/li><li><b>Follower auf Pinterest gewinnen<\/b> <br>Mithilfe der im Feed angezeigten Schaltfl\u00e4che \u201eFolgen\u201c haben mehr Benutzer die M\u00f6glichkeit, Ihre Follower zu werden.<\/li><li><b>Erh\u00f6hen Sie die Anzahl der Verk\u00e4ufe mit attraktiven Bildern<\/b> <br>W\u00e4hlen Sie die verlockendsten Bilder Ihrer Angebote aus; Zeigen Sie die neuesten Trends und \u00fcberzeugende Fotos, um Menschen zum Kauf zu bewegen.<\/li><\/ul><\/div><div class=\"application-platform-content-item-features application-platform-content-item\" id=\"features\" data-nav-section=\"features\"> <h2>Hauptfunktionen des Pinterest-Feed-Widgets<\/h2><p>Sehen Sie sich die Liste der wichtigsten Optionen des Pinterest-Feeds an. Sie machen unser Widget f\u00fcr Ihre Werbung unglaublich effektiv: <\/p> <ul><li>Anzeige des Kontotitels, der Follower und der Anzahl der Follower.<\/li><li>22 beliebte Sprachen verf\u00fcgbar;<\/li><li>Folgen-Schaltfl\u00e4che in der Kopfzeile f\u00fcr nahtloses Verfolgen Ihres Kontos;<\/li><li>Boards und Pin-Z\u00e4hlungen anzeigen oder ausblenden;<\/li><\/ul><p><a href=\"#demo\">Genie\u00dfen Sie alle Funktionen live Demo<\/a><\/p> <\/div><div class=\"application-platform-content-item-installation application-platform-content-item\" id=\"installation\" data-nav-section=\"installation\"><h2>So f\u00fcgen Sie das Pinterest-Feed-Widget zur iFrame-Website hinzu<\/h2><p>Die folgenden Schritte sind das Einzige, was Sie tun m\u00fcssen Habe das Widget aktiviert. <\/p> <ol><li><b>Erstellen Sie Ihr eigenes Pinterest-Plugin<\/b><br> Gestalten Sie in unserer kostenlosen Demo ein Plugin mit einem bevorzugten Layout und Funktionen. <\/li><li><b>Erhalten Sie den individuellen Code zum Ver\u00f6ffentlichen des Plugins<\/b><br> Nachdem Sie Ihr Widget festgelegt haben, erhalten Sie Ihren Installationscode aus der angezeigten Benachrichtigung auf Elfsight Apps. Kopiere es. <\/li> <li><b>Integrieren Sie das Plugin auf Ihrer iFrame-Website<\/b><br> Gehen Sie zu dem Bereich, in dem Sie das Plugin anzeigen m\u00f6chten, und f\u00fcgen Sie dort den gespeicherten Code ein. \u00dcbernehmen Sie die \u00c4nderungen. <\/li> <li><b>Herzlichen Gl\u00fcckwunsch! Sie haben gerade das Widget eingerichtet! <\/b><br> Betreten Sie die Website, um Ihr Plugin anzuzeigen. <\/li> <\/ol><p>F\u00fcr Tipps und Anleitungen wenden Sie sich an unser Kundensupport-Team. Wir helfen Ihnen gerne weiter, falls Sie auf Probleme sto\u00dfen <\/p> <\/div><div class=\"faq\" data-component=\"FAQ\"><div class=\"faq-item\">\r\n\t\t\t\t\t<div class=\"faq-item-question\">\r\n\t\t\t\t\t\t<h3 class=\"faq-item-question-text\">Auf welche Weise kann ich den Pinterest-Feed zu meiner iFrame-Website hinzuf\u00fcgen, ohne Programmiererfahrung zu haben?<\/h3>\r\n\r\n\t\t\t\t\t\t<div class=\"faq-item-question-icon\"><\/div>\r\n\t\t\t\t\t<\/div>\r\n\r\n\t\t\t\t\t<div class=\"faq-item-answer\">\r\n\t\t\t\t\t\t<div class=\"faq-item-answer-text\"><p>Das Unternehmen Elfsight stellt eine L\u00f6sung vor, mit der Sie selbst ein Pinterest-Feed-Plugin erstellen k\u00f6nnen. Lesen Sie die einfachen Anweisungen: <\/p><ul><li>Arbeiten Sie direkt im Live-Editor, um ein Pinterest-Feed zu erstellen Feed-Plugin, das Sie Ihrem iFrame hinzuf\u00fcgen m\u00f6chten.<\/li><li>Entscheiden Sie sich f\u00fcr eine der vorgefertigten Vorlagen und passen Sie die Pinterest-Feed-Einstellungen an, \u00e4ndern Sie das Layout und das Farbschema und f\u00fcgen Sie Ihre Inhalte ohne Programmiererfahrung ein.<\/li> <li>Speichern Sie den Pinterest-Feed und kopieren Sie den Installationscode, der kostenlos in die iFrame-Homepage eingebettet werden kann. <\/li><\/ul><p>Mit unserem benutzerfreundlichen Editor kann jeder Webbenutzer das Pinterest-Feed-Plugin online erstellen und es m\u00fchelos in seine iFrame-Site einbetten. F\u00fcr den Zugriff auf den Editor ist keine Bezahlung oder Eingabe Ihrer Kartendaten erforderlich. Sollten bei irgendeinem Schritt Probleme auftreten, wenden Sie sich bitte an unseren technischen Kundensupport.<\/p><\/div>\r\n\t\t\t\t\t<\/div>\r\n\t\t\t\t<\/div><\/div>\n","protected":false},"excerpt":{"rendered":"","protected":false},"author":9,"featured_media":0,"parent":2209,"menu_order":0,"comment_status":"closed","ping_status":"closed","template":"templates\/template-application-platform.php","meta":{"publish_to_discourse":"","publish_post_category":"","wpdc_auto_publish_overridden":"","wpdc_topic_tags":"","wpdc_pin_topic":"","wpdc_pin_until":"","discourse_post_id":"","discourse_permalink":"","wpdc_publishing_response":"","wpdc_publishing_error":"","footnotes":""},"class_list":["post-20892","page","type-page","status-publish","hentry"],"yoast_head":"<!-- This site is optimized with the Yoast SEO plugin v25.3.1 - https:\/\/yoast.com\/wordpress\/plugins\/seo\/ -->\n<title>iFrame Pinterest Feed Plugin f\u00fcr Ihre Website (kostenlos und schnell)<\/title>\n<meta name=\"description\" content=\"Es ist ein Kinderspiel, Ihr Pinterest-Feed-Widget zu erstellen und auf der iFrame-Website zu ver\u00f6ffentlichen. Der Elfsight-Kundendienst ist kostenlos und schnell.\" \/>\n<meta name=\"robots\" content=\"index, follow, max-snippet:-1, max-image-preview:large, max-video-preview:-1\" \/>\n<link rel=\"canonical\" href=\"https:\/\/elfsight.com\/de\/pinterest-feed-widget\/iframe\/\" \/>\n<meta property=\"og:locale\" content=\"de_DE\" \/>\n<meta property=\"og:type\" content=\"article\" \/>\n<meta property=\"og:title\" content=\"iFrame Pinterest Feed Plugin f\u00fcr Ihre Website (kostenlos und schnell)\" \/>\n<meta property=\"og:description\" content=\"Es ist ein Kinderspiel, Ihr Pinterest-Feed-Widget zu erstellen und auf der iFrame-Website zu ver\u00f6ffentlichen. Der Elfsight-Kundendienst ist kostenlos und schnell.\" \/>\n<meta property=\"og:url\" content=\"https:\/\/elfsight.com\/de\/pinterest-feed-widget\/iframe\/\" \/>\n<meta property=\"og:site_name\" content=\"Elfsight DE\" \/>\n<meta property=\"article:modified_time\" content=\"2025-02-12T10:57:11+00:00\" \/>\n<meta name=\"twitter:card\" content=\"summary_large_image\" \/>\n<meta name=\"twitter:label1\" content=\"Gesch\u00e4tzte Lesezeit\" \/>\n\t<meta name=\"twitter:data1\" content=\"3\u00a0Minuten\" \/>\n<!-- \/ Yoast SEO plugin. -->","yoast_head_json":{"title":"iFrame Pinterest Feed Plugin f\u00fcr Ihre Website (kostenlos und schnell)","description":"Es ist ein Kinderspiel, Ihr Pinterest-Feed-Widget zu erstellen und auf der iFrame-Website zu ver\u00f6ffentlichen. Der Elfsight-Kundendienst ist kostenlos und schnell.","robots":{"index":"index","follow":"follow","max-snippet":"max-snippet:-1","max-image-preview":"max-image-preview:large","max-video-preview":"max-video-preview:-1"},"canonical":"https:\/\/elfsight.com\/de\/pinterest-feed-widget\/iframe\/","og_locale":"de_DE","og_type":"article","og_title":"iFrame Pinterest Feed Plugin f\u00fcr Ihre Website (kostenlos und schnell)","og_description":"Es ist ein Kinderspiel, Ihr Pinterest-Feed-Widget zu erstellen und auf der iFrame-Website zu ver\u00f6ffentlichen. Der Elfsight-Kundendienst ist kostenlos und schnell.","og_url":"https:\/\/elfsight.com\/de\/pinterest-feed-widget\/iframe\/","og_site_name":"Elfsight DE","article_modified_time":"2025-02-12T10:57:11+00:00","twitter_card":"summary_large_image","twitter_misc":{"Gesch\u00e4tzte Lesezeit":"3\u00a0Minuten"},"schema":{"@context":"https:\/\/schema.org","@graph":[{"@type":"WebPage","@id":"https:\/\/elfsight.com\/de\/pinterest-feed-widget\/iframe\/","url":"https:\/\/elfsight.com\/de\/pinterest-feed-widget\/iframe\/","name":"iFrame Pinterest Feed Plugin f\u00fcr Ihre Website (kostenlos und schnell)","isPartOf":{"@id":"https:\/\/elfsight.com\/de\/#website"},"datePublished":"2024-05-03T06:43:00+00:00","dateModified":"2025-02-12T10:57:11+00:00","description":"Es ist ein Kinderspiel, Ihr Pinterest-Feed-Widget zu erstellen und auf der iFrame-Website zu ver\u00f6ffentlichen. Der Elfsight-Kundendienst ist kostenlos und schnell.","breadcrumb":{"@id":"https:\/\/elfsight.com\/de\/pinterest-feed-widget\/iframe\/#breadcrumb"},"inLanguage":"de","potentialAction":[{"@type":"ReadAction","target":["https:\/\/elfsight.com\/de\/pinterest-feed-widget\/iframe\/"]}]},{"@type":"BreadcrumbList","@id":"https:\/\/elfsight.com\/de\/pinterest-feed-widget\/iframe\/#breadcrumb","itemListElement":[{"@type":"ListItem","position":1,"name":"Home","item":"https:\/\/elfsight.com\/de\/"},{"@type":"ListItem","position":2,"name":"Pinterest Feed","item":"https:\/\/elfsight.com\/de\/pinterest-feed-widget\/"},{"@type":"ListItem","position":3,"name":"Pinterest Feed &#8211; iFrame"}]},{"@type":"WebSite","@id":"https:\/\/elfsight.com\/de\/#website","url":"https:\/\/elfsight.com\/de\/","name":"Elfsight DE","description":"Just another Elfsight Sites site","potentialAction":[{"@type":"SearchAction","target":{"@type":"EntryPoint","urlTemplate":"https:\/\/elfsight.com\/de\/?s={search_term_string}"},"query-input":{"@type":"PropertyValueSpecification","valueRequired":true,"valueName":"search_term_string"}}],"inLanguage":"de"}]}},"meta_box":{"industry":"","seo_heading":"","heading":"","description":"","cta_heading":"","cta_description":"","application":"477","h1":"iFrame Pinterest Feed-Widget","h1_caption":"Betten Sie einen Feed mit Pins aus Ihrem Pinterest-Konto ein, um m\u00fchelos dynamische und optisch ansprechende Inhalte auf Ihrer iFrame-Website anzuzeigen.","application_category":[],"applications_title":"","applications_request_title":"","applications_request_button_text":"","hero_text":"","hero_video":"","hero_video_schema_markup":"","selling_points_title":"","selling_points_caption":"","selling_points":[],"selling_points_cta_text":"","features_title":"","features":"","ed_cta_examples_text":"","ed_cta_examples_hidden":"","ed_cta_demo_text":"","ed_cta_demo_hidden":"","why_caption":"","why_editor_title":"","why_editor_text":"","why_team_title":"","why_team_text":"","why_service_title":"","why_service_text":"","template_catalog_visible":"0","template_catalog_title":"","template_catalog_text":"","template_catalog_categories_visible":"","demo_title":"Erstellen Sie Ihr Pinterest-Feed-Widget","demo_caption":"Konfigurieren Sie Ihren Pinterest-Feed und f\u00fcgen Sie ihn kostenlos zu Ihrer iFrame-Website hinzu!","default_faq_hidden":"","app_template_category":[],"platform":"240","template_public_id":"","codecanyon_url":"","codecanyon_item_id":"","codecanyon_price":"","pricing_caption":"","pricing_elfsight_apps_hide_column":"","pricing_elfsight_apps_url":"","pricing_codecanyon_price_caption":"","integration_category":[],"integration_request_title":"","integration_request_cta":"","integration_platform":"","integrations":[],"platform_category":[],"video_schema_markup":"","price":"ab 0 $ \/ Monat","trial":"","benefits":[{"text":"Kostenlose Installationshilfe"},{"text":"Kompetenter Kundenservice"},{"text":"14-t\u00e4gige R\u00fcckerstattungsgarantie"},{"text":"Fortlaufende Entwicklung"}],"button_url":"#demo","button_target_blank":"0","button_nofollow":"0","attributes":[{"name":"Installiert","content":"10,000 - 100,000"},{"name":"Reaktionsfreudig","content":"Ja"},{"name":"Kompatible Browser","content":"Firefox, Safari, Opera, Chrome, Edge"}],"tags":[],"tags_disable_links":"0","hide_more_platforms":"0","video_object":"","demo_hide_cta":"0","demo_hide_cloud_options":"0","pricing_title":"","pricing":[{"pricing_icon":"platform","pricing_title":"Elfsight Apps","pricing_title_caption":"Multiplattform-Version, die auf jeder Website funktioniert","pricing_price":"ab 0 $ \/ Monat","pricing_price_caption":"Beginnen Sie mit einem kostenlosen Plan","pricing_benefits":[{"text":"Unbegrenzte Domains"},{"text":"Engagierter Kundensupport"},{"text":"Kostenloser Installationsservice"},{"text":"Flexibles Design"}],"pricing_button_text":"Zur Website hinzuf\u00fcgen","pricing_button_url":"#demo"}],"related_apps_title":"","related_apps_hidden":"0","author":"","image":[],"title":"","job":"","social_networks":[]},"_links":{"self":[{"href":"https:\/\/elfsight.com\/de\/wp-json\/wp\/v2\/pages\/20892","targetHints":{"allow":["GET"]}}],"collection":[{"href":"https:\/\/elfsight.com\/de\/wp-json\/wp\/v2\/pages"}],"about":[{"href":"https:\/\/elfsight.com\/de\/wp-json\/wp\/v2\/types\/page"}],"author":[{"embeddable":true,"href":"https:\/\/elfsight.com\/de\/wp-json\/wp\/v2\/users\/9"}],"replies":[{"embeddable":true,"href":"https:\/\/elfsight.com\/de\/wp-json\/wp\/v2\/comments?post=20892"}],"version-history":[{"count":3,"href":"https:\/\/elfsight.com\/de\/wp-json\/wp\/v2\/pages\/20892\/revisions"}],"predecessor-version":[{"id":24000,"href":"https:\/\/elfsight.com\/de\/wp-json\/wp\/v2\/pages\/20892\/revisions\/24000"}],"up":[{"embeddable":true,"href":"https:\/\/elfsight.com\/de\/wp-json\/wp\/v2\/pages\/2209"}],"wp:attachment":[{"href":"https:\/\/elfsight.com\/de\/wp-json\/wp\/v2\/media?parent=20892"}],"curies":[{"name":"wp","href":"https:\/\/api.w.org\/{rel}","templated":true}]}}