{"id":20891,"date":"2024-05-03T06:42:50","date_gmt":"2024-05-03T06:42:50","guid":{"rendered":"https:\/\/elfsight.com\/de\/?page_id=20891"},"modified":"2025-02-21T13:48:36","modified_gmt":"2025-02-21T13:48:36","slug":"blogger","status":"publish","type":"page","link":"https:\/\/elfsight.com\/de\/photo-gallery-widget\/blogger\/","title":{"rendered":"Photo Gallery &#8211; Blogger"},"content":{"rendered":"\n<div class=\"application-platform-content-item-description application-platform-content-item\" id=\"description\" data-nav-section=\"description\"><h2>Beschreibung<\/h2> <p>Elfsight Gallery ist Ihre beste M\u00f6glichkeit, Ihre Fotos zu zeigen oder ein brillantes Album auf Ihrer Website zu erstellen. Laden Sie beliebig viele Bilder hoch, f\u00fcgen Sie Bildunterschriften hinzu und finden Sie die optimale Art und Weise, diese auf der Seite zu platzieren. Das Elfsight-Widget bietet 6 Layoutoptionen und verschiedene andere Designfunktionen. Jedes Foto wird in einem Popup ge\u00f6ffnet. Besucher k\u00f6nnen darin navigieren oder eine Diashow einschalten, zoomen und die Fotos im Vollbildmodus ansehen. Sie k\u00f6nnen Ihre Lieblingsfarben f\u00fcr die Widget-Elemente ausw\u00e4hlen, einen benutzerdefinierten Hintergrund hochladen, Textoptionen anwenden und weitere Stilm\u00f6glichkeiten nutzen. <\/p> <p><b>Inspirieren Sie Ihre Kunden mit verlockenden Fotogalerien! <\/b><\/p> <\/div><div class=\"faq\" data-component=\"FAQ\"><div class=\"faq-item\">\r\n\t\t\t\t\t<div class=\"faq-item-question\">\r\n\t\t\t\t\t\t<h3 class=\"faq-item-question-text\">Wie bette ich eine Fotogalerie in die Blogger-Website ein? <\/h3>\r\n\r\n\t\t\t\t\t\t<div class=\"faq-item-question-icon\"><\/div>\r\n\t\t\t\t\t<\/div>\r\n\r\n\t\t\t\t\t<div class=\"faq-item-answer\">\r\n\t\t\t\t\t\t<div class=\"faq-item-answer-text\"><p>Die Grundlage Die Funktionsweise des Tools erfolgt auf den Elfsight-Seiten und Sie m\u00fcssen nicht programmieren. Besuchen Sie unsere Online-Demo, um Ihre eigene App zu personalisieren, holen Sie sich den Code und f\u00fcgen Sie ihn in Ihre Website ein. <\/p><\/div>\r\n\t\t\t\t\t<\/div>\r\n\t\t\t\t<\/div><div class=\"faq-item\">\r\n\t\t\t\t\t<div class=\"faq-item-question\">\r\n\t\t\t\t\t\t<h3 class=\"faq-item-question-text\">Die besten M\u00f6glichkeiten zur Nutzung der Bildergalerie-Integration<\/h3>\r\n\r\n\t\t\t\t\t\t<div class=\"faq-item-question-icon\"><\/div>\r\n\t\t\t\t\t<\/div>\r\n\r\n\t\t\t\t\t<div class=\"faq-item-answer\">\r\n\t\t\t\t\t\t<div class=\"faq-item-answer-text\"><p>Wir bieten Ihnen zahlreiche Personalisierungsm\u00f6glichkeiten: vollwertige Widgets zum Einbetten in die Inhaltsbereich, schwebende Widgets mit Scrollm\u00f6glichkeiten, Layouts f\u00fcr die Fu\u00dfzeile Ihrer Website, den Kopfbereich und alle Variationen vertikaler M\u00f6glichkeiten f\u00fcr Seitenleisten und Men\u00fcs Ihrer Website. <\/p><\/div>\r\n\t\t\t\t\t<\/div>\r\n\t\t\t\t<\/div><div class=\"faq-item\">\r\n\t\t\t\t\t<div class=\"faq-item-question\">\r\n\t\t\t\t\t\t<h3 class=\"faq-item-question-text\">Darf ich mit Hilfe des Editors eine Fotogalerie f\u00fcr Fotoshootings oder Produktverk\u00e4ufer erstellen? <\/h3>\r\n\r\n\t\t\t\t\t\t<div class=\"faq-item-question-icon\"><\/div>\r\n\t\t\t\t\t<\/div>\r\n\r\n\t\t\t\t\t<div class=\"faq-item-answer\">\r\n\t\t\t\t\t\t<div class=\"faq-item-answer-text\"><p>Sie k\u00f6nnen gerne beliebige Widget-Varianten erstellen. Im Editor stehen Ihnen zahlreiche Layouts zur Verf\u00fcgung, die alle schnell nach Ihren W\u00fcnschen angepasst werden k\u00f6nnen. <\/p><\/div>\r\n\t\t\t\t\t<\/div>\r\n\t\t\t\t<\/div><\/div><div class=\"application-platform-content-item-features application-platform-content-item\" id=\"features\" data-nav-section=\"features\"><h2>Funktionen<\/h2> <p>Hier ist eine Liste aller Funktionen der Blogger-Fotogalerie. Sie k\u00f6nnen sie direkt im Editor festlegen und sie helfen Ihnen, das Widget speziell f\u00fcr Ihren Anwendungsfall zu konfigurieren. <\/p> <ul> <li>Setzen Sie CTAs ein, um Website-Besucher zu Ihrem Ziel zu f\u00fchren. <\/li> <li>Gew\u00f6hnen Sie die Dauer des Folienwechsels an. <\/li> <li>W\u00e4hlen Sie zwischen zahlreichen Paginierungsoptionen. <\/li> <li>Platzieren Sie Ihre Nachricht mithilfe der erweiterten Position an einer beliebigen Stelle auf der Seite. <\/li> <li>Passen Sie 5 Inhaltselemente an. <\/li> <\/ul> <p><a href=\"#demo\">Probieren Sie alle anderen Funktionen in der Demo aus<\/a><\/p> <\/div><div class=\"application-platform-content-item-installation application-platform-content-item\" id=\"installation\" data-nav-section=\"installation\"><h2> Wie f\u00fcge ich eine Fotogalerie zu meiner Blogger-Website hinzu?<\/h2> <div class=\"video-container\"><iframe width=\"560\" height=\"315\" src=\"https:\/\/www.youtube.com\/embed\/MknexCj-n7M?si=C2ZiVk9qdVO4OWpW\" frameborder=\"0\" allow=\"accelerometer; autoplay; clipboard-write; encrypted-media; gyroscope; picture-in-picture; web-share\" allowfullscreen><\/iframe><\/div><p>Um das Widget zu integrieren, f\u00fchren Sie einfach die folgenden schnellen Schritte aus. <\/p> <ol><li><b>Erstellen Sie Ihr individuelles Galerie-Widget<\/b><br> Generieren Sie in unserem kostenlosen Konfigurator ein Plugin mit einer bevorzugten Benutzeroberfl\u00e4che und Funktionalit\u00e4t. <\/li> <li><b>Holen Sie sich den pers\u00f6nlichen Code zum Einrichten des Widgets<\/b><br> Nachdem Sie Ihr Plugin eingerichtet haben, erhalten Sie Ihren pers\u00f6nlichen Code aus dem erscheinenden Fenster von Elfsight Apps. Kopieren Sie den Code. <\/li> <li><b>Zeigen Sie das Widget auf Ihrer Blogger-Website an<\/b><br> Gehen Sie zu dem Bereich, in den Sie das Plugin einbetten m\u00f6chten, und f\u00fcgen Sie dort den kopierten Code ein. Speichern Sie die \u00c4nderungen.<\/li> <li><b>Die Integration ist erfolgreich!<\/b><br> Besuchen Sie die Website, um Ihr Widget anzuzeigen.<\/li> <\/ol> <p>Nehmen Sie sich eine Minute Zeit Wenden Sie sich an den Elfsight-Support, wenn Sie Hilfe ben\u00f6tigen oder eine Frage haben. Unsere Spezialisten helfen Ihnen bei jeder Anfrage weiter.<\/p> <\/div>\n","protected":false},"excerpt":{"rendered":"","protected":false},"author":9,"featured_media":0,"parent":1042,"menu_order":0,"comment_status":"closed","ping_status":"closed","template":"templates\/template-application-platform.php","meta":{"publish_to_discourse":"","publish_post_category":"","wpdc_auto_publish_overridden":"","wpdc_topic_tags":"","wpdc_pin_topic":"","wpdc_pin_until":"","discourse_post_id":"","discourse_permalink":"","wpdc_publishing_response":"","wpdc_publishing_error":"","footnotes":""},"class_list":["post-20891","page","type-page","status-publish","hentry"],"yoast_head":"<!-- This site is optimized with the Yoast SEO plugin v25.3.1 - https:\/\/yoast.com\/wordpress\/plugins\/seo\/ -->\n<title>Fotogalerie \u2013 Fotogalerie-Widget zu Blogger hinzuf\u00fcgen [2025]<\/title>\n<meta name=\"description\" content=\"Probieren Sie die beste Fotogalerie f\u00fcr Blogger kostenlos aus. W\u00e4hlen Sie die Vorlage \u201eBlogger-Fotogalerie\u201c und integrieren Sie sie ohne Kenntnisse in der Entwicklung.\" \/>\n<meta name=\"robots\" content=\"index, follow, max-snippet:-1, max-image-preview:large, max-video-preview:-1\" \/>\n<link rel=\"canonical\" href=\"https:\/\/elfsight.com\/de\/photo-gallery-widget\/blogger\/\" \/>\n<meta property=\"og:locale\" content=\"de_DE\" \/>\n<meta property=\"og:type\" content=\"article\" \/>\n<meta property=\"og:title\" content=\"Fotogalerie \u2013 Fotogalerie-Widget zu Blogger hinzuf\u00fcgen [2025]\" \/>\n<meta property=\"og:description\" content=\"Probieren Sie die beste Fotogalerie f\u00fcr Blogger kostenlos aus. W\u00e4hlen Sie die Vorlage \u201eBlogger-Fotogalerie\u201c und integrieren Sie sie ohne Kenntnisse in der Entwicklung.\" \/>\n<meta property=\"og:url\" content=\"https:\/\/elfsight.com\/de\/photo-gallery-widget\/blogger\/\" \/>\n<meta property=\"og:site_name\" content=\"Elfsight DE\" \/>\n<meta property=\"article:modified_time\" content=\"2025-02-21T13:48:36+00:00\" \/>\n<meta name=\"twitter:card\" content=\"summary_large_image\" \/>\n<meta name=\"twitter:label1\" content=\"Gesch\u00e4tzte Lesezeit\" \/>\n\t<meta name=\"twitter:data1\" content=\"3\u00a0Minuten\" \/>\n<!-- \/ Yoast SEO plugin. -->","yoast_head_json":{"title":"Fotogalerie \u2013 Fotogalerie-Widget zu Blogger hinzuf\u00fcgen [2025]","description":"Probieren Sie die beste Fotogalerie f\u00fcr Blogger kostenlos aus. W\u00e4hlen Sie die Vorlage \u201eBlogger-Fotogalerie\u201c und integrieren Sie sie ohne Kenntnisse in der Entwicklung.","robots":{"index":"index","follow":"follow","max-snippet":"max-snippet:-1","max-image-preview":"max-image-preview:large","max-video-preview":"max-video-preview:-1"},"canonical":"https:\/\/elfsight.com\/de\/photo-gallery-widget\/blogger\/","og_locale":"de_DE","og_type":"article","og_title":"Fotogalerie \u2013 Fotogalerie-Widget zu Blogger hinzuf\u00fcgen [2025]","og_description":"Probieren Sie die beste Fotogalerie f\u00fcr Blogger kostenlos aus. W\u00e4hlen Sie die Vorlage \u201eBlogger-Fotogalerie\u201c und integrieren Sie sie ohne Kenntnisse in der Entwicklung.","og_url":"https:\/\/elfsight.com\/de\/photo-gallery-widget\/blogger\/","og_site_name":"Elfsight DE","article_modified_time":"2025-02-21T13:48:36+00:00","twitter_card":"summary_large_image","twitter_misc":{"Gesch\u00e4tzte Lesezeit":"3\u00a0Minuten"},"schema":{"@context":"https:\/\/schema.org","@graph":[{"@type":"WebPage","@id":"https:\/\/elfsight.com\/de\/photo-gallery-widget\/blogger\/","url":"https:\/\/elfsight.com\/de\/photo-gallery-widget\/blogger\/","name":"Fotogalerie \u2013 Fotogalerie-Widget zu Blogger hinzuf\u00fcgen [2025]","isPartOf":{"@id":"https:\/\/elfsight.com\/de\/#website"},"datePublished":"2024-05-03T06:42:50+00:00","dateModified":"2025-02-21T13:48:36+00:00","description":"Probieren Sie die beste Fotogalerie f\u00fcr Blogger kostenlos aus. W\u00e4hlen Sie die Vorlage \u201eBlogger-Fotogalerie\u201c und integrieren Sie sie ohne Kenntnisse in der Entwicklung.","breadcrumb":{"@id":"https:\/\/elfsight.com\/de\/photo-gallery-widget\/blogger\/#breadcrumb"},"inLanguage":"de","potentialAction":[{"@type":"ReadAction","target":["https:\/\/elfsight.com\/de\/photo-gallery-widget\/blogger\/"]}]},{"@type":"BreadcrumbList","@id":"https:\/\/elfsight.com\/de\/photo-gallery-widget\/blogger\/#breadcrumb","itemListElement":[{"@type":"ListItem","position":1,"name":"Home","item":"https:\/\/elfsight.com\/de\/"},{"@type":"ListItem","position":2,"name":"Photo Gallery","item":"https:\/\/elfsight.com\/de\/photo-gallery-widget\/"},{"@type":"ListItem","position":3,"name":"Photo Gallery &#8211; Blogger"}]},{"@type":"WebSite","@id":"https:\/\/elfsight.com\/de\/#website","url":"https:\/\/elfsight.com\/de\/","name":"Elfsight DE","description":"Just another Elfsight Sites site","potentialAction":[{"@type":"SearchAction","target":{"@type":"EntryPoint","urlTemplate":"https:\/\/elfsight.com\/de\/?s={search_term_string}"},"query-input":{"@type":"PropertyValueSpecification","valueRequired":true,"valueName":"search_term_string"}}],"inLanguage":"de"}]}},"meta_box":{"industry":"","seo_heading":"","heading":"","description":"","cta_heading":"","cta_description":"","application":"503","h1":"Blogger-Fotogalerie-Widget","h1_caption":"Pr\u00e4sentieren Sie Ihre Bilder in einer interaktiven, anpassbaren Galerie, die die visuelle Attraktivit\u00e4t Ihrer Website m\u00fchelos auf Ihrer Blogger-Website verbessert.","application_category":[],"applications_title":"","applications_request_title":"","applications_request_button_text":"","hero_text":"","hero_video":"","hero_video_schema_markup":"","selling_points_title":"","selling_points_caption":"","selling_points":[],"selling_points_cta_text":"","features_title":"","features":"","ed_cta_examples_text":"","ed_cta_examples_hidden":"","ed_cta_demo_text":"","ed_cta_demo_hidden":"","why_caption":"","why_editor_title":"","why_editor_text":"","why_team_title":"","why_team_text":"","why_service_title":"","why_service_text":"","template_catalog_visible":"0","template_catalog_title":"","template_catalog_text":"","template_catalog_categories_visible":"","demo_title":"Erstellen Sie Ihr Fotogalerie-Widget","demo_caption":"Konfigurieren Sie Ihre Fotogalerie und f\u00fcgen Sie sie kostenlos Ihrer Blogger-Website hinzu!","default_faq_hidden":"","app_template_category":[],"platform":"262","template_public_id":"","codecanyon_url":"","codecanyon_item_id":"","codecanyon_price":"","pricing_caption":"","pricing_elfsight_apps_hide_column":"","pricing_elfsight_apps_url":"","pricing_codecanyon_price_caption":"","integration_category":[],"integration_request_title":"","integration_request_cta":"","integration_platform":"","integrations":[],"platform_category":[],"video_schema_markup":"","price":"ab 0 $ \/ Monat","trial":"","benefits":[{"text":"Kostenlose Installationshilfe"},{"text":"Erfahrener Kundensupport"},{"text":"14-t\u00e4gige Geld-zur\u00fcck-Garantie"},{"text":"Regelm\u00e4\u00dfige Updates"}],"button_url":"#demo","button_target_blank":"0","button_nofollow":"0","attributes":[{"name":"Installiert","content":"10,000 - 100,000"},{"name":"Reaktionsfreudig","content":"Ja"},{"name":"Kompatible Browser","content":"Firefox, Safari, Opera, Chrome, Edge"}],"tags":[],"tags_disable_links":"0","hide_more_platforms":"0","video_object":"","demo_hide_cta":"0","demo_hide_cloud_options":"0","pricing_title":"","pricing":[{"pricing_icon":"platform","pricing_title":"Elfsight Apps","pricing_title_caption":"Multiplattform-Version, die f\u00fcr jede Website geeignet ist","pricing_price":"ab 0 $ \/ Monat","pricing_price_caption":"Beginnen Sie mit einem kostenlosen Plan","pricing_benefits":[{"text":"Unbegrenzte Domains"},{"text":"Schneller und p\u00fcnktlicher Support"},{"text":"Kostenloser Installationssupport"},{"text":"Vollst\u00e4ndig anpassbar"}],"pricing_button_text":"Zur Website hinzuf\u00fcgen","pricing_button_url":"#demo"}],"related_apps_title":"","related_apps_hidden":"0","author":"","image":[],"title":"","job":"","social_networks":[]},"_links":{"self":[{"href":"https:\/\/elfsight.com\/de\/wp-json\/wp\/v2\/pages\/20891","targetHints":{"allow":["GET"]}}],"collection":[{"href":"https:\/\/elfsight.com\/de\/wp-json\/wp\/v2\/pages"}],"about":[{"href":"https:\/\/elfsight.com\/de\/wp-json\/wp\/v2\/types\/page"}],"author":[{"embeddable":true,"href":"https:\/\/elfsight.com\/de\/wp-json\/wp\/v2\/users\/9"}],"replies":[{"embeddable":true,"href":"https:\/\/elfsight.com\/de\/wp-json\/wp\/v2\/comments?post=20891"}],"version-history":[{"count":3,"href":"https:\/\/elfsight.com\/de\/wp-json\/wp\/v2\/pages\/20891\/revisions"}],"predecessor-version":[{"id":24756,"href":"https:\/\/elfsight.com\/de\/wp-json\/wp\/v2\/pages\/20891\/revisions\/24756"}],"up":[{"embeddable":true,"href":"https:\/\/elfsight.com\/de\/wp-json\/wp\/v2\/pages\/1042"}],"wp:attachment":[{"href":"https:\/\/elfsight.com\/de\/wp-json\/wp\/v2\/media?parent=20891"}],"curies":[{"name":"wp","href":"https:\/\/api.w.org\/{rel}","templated":true}]}}