{"id":20890,"date":"2024-05-03T06:42:40","date_gmt":"2024-05-03T06:42:40","guid":{"rendered":"https:\/\/elfsight.com\/de\/?page_id=20890"},"modified":"2025-07-09T14:09:26","modified_gmt":"2025-07-09T14:09:26","slug":"opencart","status":"publish","type":"page","link":"https:\/\/elfsight.com\/de\/photo-gallery-widget\/opencart\/","title":{"rendered":"Photo Gallery &#8211; OpenCart"},"content":{"rendered":"<div class=\"application-platform-content-item-description application-platform-content-item\" id=\"description\" data-nav-section=\"description\"><h2>Beschreibung<\/h2> <p>Elfsight Gallery ist der schnellste Weg, Ihre visuellen Materialien einzurichten oder stilvolle Alben auf Ihrer Website zu erstellen. Verwenden Sie eine beliebige Anzahl von Fotos, kommentieren Sie jedes einzelne und finden Sie die beste M\u00f6glichkeit, diese auf der Seite zu organisieren. Diese Erweiterung umfasst sechs Layout-Typen und eine Reihe zus\u00e4tzlicher Gestaltungsm\u00f6glichkeiten. Jedes Bild wird in einem Popup angezeigt. Benutzer k\u00f6nnen darin navigieren oder eine Diashow ansehen, zoomen und die Bilder im Vollbildmodus genie\u00dfen. Sie haben die M\u00f6glichkeit, benutzerdefinierte Farben f\u00fcr die Widget-Oberfl\u00e4che zu finden, einen benutzerdefinierten Hintergrund hinzuzuf\u00fcgen, Textoptionen zu variieren und weitere Stilfunktionen zu nutzen. <\/p> <p><b>Beeindrucken Sie Ihre Benutzer mit wunderbaren Fotogalerien!<\/b><\/p> <\/div> <div class=\"application-platform-content-item-features application-platform-content-item\" id=\"features\" data-nav-section=\"features\"><h2>Funktionen<\/h2> <p>\u00dcberpr\u00fcfen alle funktionalen Merkmale der Fotogalerie f\u00fcr OpenCart. Sie k\u00f6nnen sie direkt im Editor festlegen und sie helfen Ihnen dabei, das Widget passend f\u00fcr Ihren Anwendungsfall zu gestalten. <\/p> <ul> <li>Verwenden Sie CTA-Schaltfl\u00e4chen, um Benutzer zur Conversion zu f\u00fchren. <\/li> <li>Gew\u00f6hnen Sie die Dauer des Folienwechsels an. <\/li> <li>W\u00e4hlen Sie zwischen zahlreichen Paginierungsoptionen. <\/li> <li>Platzieren Sie Ihre Nachricht mithilfe der erweiterten Position an einer beliebigen Stelle auf der Seite. <\/li> <li>\u00c4ndern Sie 5 Inhaltsoptionen. <\/li> <\/ul> <p><a href=\"#demo\">\u00dcberpr\u00fcfen Sie in unserer Demo, wie alle Funktionen funktionieren<\/a><\/p> <\/div> <div class=\"application-platform-content-item-installation application-platform-content-item\" id=\"installation\" data-nav-section=\"installation\"> <h2>Wie f\u00fcge ich das Fotogalerie-Modul zu OpenCart hinzu? <\/h2> <p>Befolgen Sie einfach die nachstehenden Anweisungen, um das Widget auf OpenCart einzuf\u00fcgen.<\/p> <ol><li><b>Nutzen Sie unseren kostenlosen Editor und beginnen Sie mit der Gestaltung Ihrer ma\u00dfgeschneiderten Erweiterung. <\/b><br> Finden Sie die gew\u00fcnschte Schnittstelle und die gew\u00fcnschten Eigenschaften der Erweiterung und \u00fcbernehmen Sie die \u00c4nderungen. <\/li> <li><b>Kopieren Sie Ihren einzigartigen Code, der im speziellen Formular auf Elfsight Apps angezeigt wird. <\/b><br> Nachdem die Einrichtung Ihrer pers\u00f6nlichen Fotogalerie-Erweiterung abgeschlossen ist, kopieren Sie den individuellen Code im angezeigten Popup und bewahren Sie ihn zur sp\u00e4teren Verwendung auf. <\/li> <li><b>Beginnen Sie mit der Verwendung der Erweiterung auf Ihrer OpenCart-Website. <\/b><br> F\u00fcgen Sie den k\u00fcrzlich kopierten Code in Ihre Website ein und \u00fcbernehmen Sie die \u00c4nderungen. <\/li> <li><b>Du bist fertig! Die Integration ist erfolgreich abgeschlossen. <\/b><br> Besuchen Sie Ihre Seite, um die Leistung der Erweiterung zu \u00fcberpr\u00fcfen. <\/li><\/ol> <p>Sie k\u00f6nnen sich jederzeit an den Support wenden, wenn Sie Hilfe ben\u00f6tigen oder Probleme haben. Wir helfen Ihnen gerne bei jeder Anfrage weiter. <\/p> <div class=\"faq\" data-component=\"FAQ\"><div class=\"faq-item\">\r\n\t\t\t\t\t<div class=\"faq-item-question\">\r\n\t\t\t\t\t\t<h3 class=\"faq-item-question-text\">Wie kann ich eine Fotogalerie ohne Programmiererfahrung in meinen OpenCart einbetten?<\/h3>\r\n\r\n\t\t\t\t\t\t<div class=\"faq-item-question-icon\"><\/div>\r\n\t\t\t\t\t<\/div>\r\n\r\n\t\t\t\t\t<div class=\"faq-item-answer\">\r\n\t\t\t\t\t\t<div class=\"faq-item-answer-text\"> <p>Das Unternehmen Elfsight bietet eine L\u00f6sung, mit der ein breites Publikum selbst ein Fotogalerie-Plugin erstellen kann. Erfahren Sie, wie einfach es ist Der Prozess ist: Beginnen Sie mit der Arbeit im Live-Editor, um einen Fotogalerie-Bereich einzurichten, den Sie auf der OpenCart-Site einbinden m\u00f6chten. Entscheiden Sie sich f\u00fcr eine der vielen vorgefertigten Vorlagen und passen Sie die Fotogalerie-Einstellungen an, \u00e4ndern Sie das Layout und die Farbe der Elemente und f\u00fcgen Sie Ihre Inhalte hinzu, ohne Programmiererfahrung zu haben. Speichern Sie die Fotogalerie und erhalten Sie den Code f\u00fcr die Installation, der m\u00fchelos in die OpenCart-Webseite eingef\u00fcgt werden kann, ohne einen kostenpflichtigen Plan zu kaufen. Mit Hilfe unseres intuitiven Konfigurators kann jeder Webbenutzer eine Fotogalerie-App erstellen und diese einfach zur OpenCart-Site hinzuf\u00fcgen. Es ist nicht erforderlich, ein kostenpflichtiges Abonnement abzuschlie\u00dfen oder Ihre Kartendaten offenzulegen, um auf den Elfsight-Dienst zuzugreifen. Sollten bei irgendeinem Schritt Probleme auftreten, wenden Sie sich bitte an unseren technischen Kundensupport.<\/p> <\/div>\r\n\t\t\t\t\t<\/div>\r\n\t\t\t\t<\/div> <\/div><\/div>","protected":false},"excerpt":{"rendered":"","protected":false},"author":9,"featured_media":0,"parent":1042,"menu_order":0,"comment_status":"closed","ping_status":"closed","template":"templates\/template-application-platform.php","meta":{"publish_to_discourse":"","publish_post_category":"","wpdc_auto_publish_overridden":"","wpdc_topic_tags":"","wpdc_pin_topic":"","wpdc_pin_until":"","discourse_post_id":"","discourse_permalink":"","wpdc_publishing_response":"","wpdc_publishing_error":"","footnotes":""},"class_list":["post-20890","page","type-page","status-publish","hentry"],"yoast_head":"<!-- This site is optimized with the Yoast SEO plugin v25.3.1 - https:\/\/yoast.com\/wordpress\/plugins\/seo\/ -->\n<title>Fotogalerie \u2013 Fotogalerie-Widget zur OpenCart-Website hinzuf\u00fcgen [2025]<\/title>\n<meta name=\"description\" content=\"Probieren Sie das beste responsive Fotogalerie-Modul f\u00fcr OpenCart kostenlos aus. Eine einfache und schnelle Galerie-Erweiterung, die ohne Entwicklungskenntnisse integriert werden kann.\" \/>\n<meta name=\"robots\" content=\"index, follow, max-snippet:-1, max-image-preview:large, max-video-preview:-1\" \/>\n<link rel=\"canonical\" href=\"https:\/\/elfsight.com\/de\/photo-gallery-widget\/opencart\/\" \/>\n<meta property=\"og:locale\" content=\"de_DE\" \/>\n<meta property=\"og:type\" content=\"article\" \/>\n<meta property=\"og:title\" content=\"Fotogalerie \u2013 Fotogalerie-Widget zur OpenCart-Website hinzuf\u00fcgen [2025]\" \/>\n<meta property=\"og:description\" content=\"Probieren Sie das beste responsive Fotogalerie-Modul f\u00fcr OpenCart kostenlos aus. Eine einfache und schnelle Galerie-Erweiterung, die ohne Entwicklungskenntnisse integriert werden kann.\" \/>\n<meta property=\"og:url\" content=\"https:\/\/elfsight.com\/de\/photo-gallery-widget\/opencart\/\" \/>\n<meta property=\"og:site_name\" content=\"Elfsight DE\" \/>\n<meta property=\"article:modified_time\" content=\"2025-07-09T14:09:26+00:00\" \/>\n<meta name=\"twitter:card\" content=\"summary_large_image\" \/>\n<meta name=\"twitter:label1\" content=\"Gesch\u00e4tzte Lesezeit\" \/>\n\t<meta name=\"twitter:data1\" content=\"3\u00a0Minuten\" \/>\n<!-- \/ Yoast SEO plugin. -->","yoast_head_json":{"title":"Fotogalerie \u2013 Fotogalerie-Widget zur OpenCart-Website hinzuf\u00fcgen [2025]","description":"Probieren Sie das beste responsive Fotogalerie-Modul f\u00fcr OpenCart kostenlos aus. Eine einfache und schnelle Galerie-Erweiterung, die ohne Entwicklungskenntnisse integriert werden kann.","robots":{"index":"index","follow":"follow","max-snippet":"max-snippet:-1","max-image-preview":"max-image-preview:large","max-video-preview":"max-video-preview:-1"},"canonical":"https:\/\/elfsight.com\/de\/photo-gallery-widget\/opencart\/","og_locale":"de_DE","og_type":"article","og_title":"Fotogalerie \u2013 Fotogalerie-Widget zur OpenCart-Website hinzuf\u00fcgen [2025]","og_description":"Probieren Sie das beste responsive Fotogalerie-Modul f\u00fcr OpenCart kostenlos aus. Eine einfache und schnelle Galerie-Erweiterung, die ohne Entwicklungskenntnisse integriert werden kann.","og_url":"https:\/\/elfsight.com\/de\/photo-gallery-widget\/opencart\/","og_site_name":"Elfsight DE","article_modified_time":"2025-07-09T14:09:26+00:00","twitter_card":"summary_large_image","twitter_misc":{"Gesch\u00e4tzte Lesezeit":"3\u00a0Minuten"},"schema":{"@context":"https:\/\/schema.org","@graph":[{"@type":"WebPage","@id":"https:\/\/elfsight.com\/de\/photo-gallery-widget\/opencart\/","url":"https:\/\/elfsight.com\/de\/photo-gallery-widget\/opencart\/","name":"Fotogalerie \u2013 Fotogalerie-Widget zur OpenCart-Website hinzuf\u00fcgen [2025]","isPartOf":{"@id":"https:\/\/elfsight.com\/de\/#website"},"datePublished":"2024-05-03T06:42:40+00:00","dateModified":"2025-07-09T14:09:26+00:00","description":"Probieren Sie das beste responsive Fotogalerie-Modul f\u00fcr OpenCart kostenlos aus. Eine einfache und schnelle Galerie-Erweiterung, die ohne Entwicklungskenntnisse integriert werden kann.","breadcrumb":{"@id":"https:\/\/elfsight.com\/de\/photo-gallery-widget\/opencart\/#breadcrumb"},"inLanguage":"de","potentialAction":[{"@type":"ReadAction","target":["https:\/\/elfsight.com\/de\/photo-gallery-widget\/opencart\/"]}]},{"@type":"BreadcrumbList","@id":"https:\/\/elfsight.com\/de\/photo-gallery-widget\/opencart\/#breadcrumb","itemListElement":[{"@type":"ListItem","position":1,"name":"Home","item":"https:\/\/elfsight.com\/de\/"},{"@type":"ListItem","position":2,"name":"Photo Gallery","item":"https:\/\/elfsight.com\/de\/photo-gallery-widget\/"},{"@type":"ListItem","position":3,"name":"Photo Gallery &#8211; OpenCart"}]},{"@type":"WebSite","@id":"https:\/\/elfsight.com\/de\/#website","url":"https:\/\/elfsight.com\/de\/","name":"Elfsight DE","description":"Just another Elfsight Sites site","potentialAction":[{"@type":"SearchAction","target":{"@type":"EntryPoint","urlTemplate":"https:\/\/elfsight.com\/de\/?s={search_term_string}"},"query-input":{"@type":"PropertyValueSpecification","valueRequired":true,"valueName":"search_term_string"}}],"inLanguage":"de"}]}},"meta_box":{"industry":"","seo_heading":"","heading":"","description":"","cta_heading":"","cta_description":"","application":"503","h1":"OpenCart-Fotogalerie-Modul","h1_caption":"Pr\u00e4sentieren Sie Ihre Bilder in einer interaktiven, anpassbaren Galerie, die die visuelle Attraktivit\u00e4t Ihrer Website m\u00fchelos auf Ihrer Opencart-Website verbessert.","application_category":[],"applications_title":"","applications_request_title":"","applications_request_button_text":"","hero_text":"","hero_video":"","hero_video_schema_markup":"","selling_points_title":"","selling_points_caption":"","selling_points":[],"selling_points_cta_text":"","features_title":"","features":"","ed_cta_examples_text":"","ed_cta_examples_hidden":"","ed_cta_demo_text":"","ed_cta_demo_hidden":"","why_caption":"","why_editor_title":"","why_editor_text":"","why_team_title":"","why_team_text":"","why_service_title":"","why_service_text":"","template_catalog_visible":"","template_catalog_title":"","template_catalog_text":"","template_catalog_categories_visible":"","demo_title":"Erstellen Sie Ihre Fotogalerie-Erweiterung","demo_caption":"Konfigurieren Sie Ihre Fotogalerie und f\u00fcgen Sie sie kostenlos zu Ihrer OpenCart-Website hinzu!","default_faq_hidden":"","app_template_category":[],"platform":"254","template_public_id":"","codecanyon_url":"","codecanyon_item_id":"","codecanyon_price":"","pricing_caption":"","pricing_elfsight_apps_hide_column":"","pricing_elfsight_apps_url":"","pricing_codecanyon_price_caption":"","integration_category":[],"integration_request_title":"","integration_request_cta":"","integration_platform":"","integrations":[],"platform_category":[],"video_schema_markup":"","price":"ab 0 $ \/ Monat","trial":"","benefits":[{"text":"Kostenlose Installationsunterst\u00fctzung"},{"text":"Au\u00dfergew\u00f6hnliche Unterst\u00fctzung"},{"text":"14-t\u00e4gige Geld-zur\u00fcck-Garantie"},{"text":"St\u00e4ndige Aktualisierung"}],"button_url":"#demo","button_target_blank":"","button_nofollow":"","attributes":[{"name":"Installiert","content":"10,000 - 100,000"},{"name":"Reaktionsfreudig","content":"Ja"},{"name":"Kompatible Browser","content":"Safari, Opera, Chrome, Firefox, Edge"}],"tags":[],"tags_disable_links":"","hide_more_platforms":"","video_object":"","demo_hide_cta":"","demo_hide_cloud_options":"","pricing_title":"","pricing":[{"pricing_icon":"platform","pricing_title":"Elfsight Apps","pricing_title_caption":"Plattform\u00fcbergreifende digitale L\u00f6sung","pricing_price":"ab 0 $ \/ Monat","pricing_price_caption":"Beginnen Sie mit einem kostenlosen Plan","pricing_benefits":[{"text":"Unbegrenzte Websites"},{"text":"Engagierte Unternehmensunterst\u00fctzung"},{"text":"Kostenloser Installationsservice"},{"text":"Flexibles Design"}],"pricing_button_text":"Zur Website hinzuf\u00fcgen","pricing_button_url":"#demo"}],"related_apps_title":"","related_apps_hidden":"","author":"","image":[],"title":"","job":"","social_networks":[]},"_links":{"self":[{"href":"https:\/\/elfsight.com\/de\/wp-json\/wp\/v2\/pages\/20890","targetHints":{"allow":["GET"]}}],"collection":[{"href":"https:\/\/elfsight.com\/de\/wp-json\/wp\/v2\/pages"}],"about":[{"href":"https:\/\/elfsight.com\/de\/wp-json\/wp\/v2\/types\/page"}],"author":[{"embeddable":true,"href":"https:\/\/elfsight.com\/de\/wp-json\/wp\/v2\/users\/9"}],"replies":[{"embeddable":true,"href":"https:\/\/elfsight.com\/de\/wp-json\/wp\/v2\/comments?post=20890"}],"version-history":[{"count":1,"href":"https:\/\/elfsight.com\/de\/wp-json\/wp\/v2\/pages\/20890\/revisions"}],"predecessor-version":[{"id":20894,"href":"https:\/\/elfsight.com\/de\/wp-json\/wp\/v2\/pages\/20890\/revisions\/20894"}],"up":[{"embeddable":true,"href":"https:\/\/elfsight.com\/de\/wp-json\/wp\/v2\/pages\/1042"}],"wp:attachment":[{"href":"https:\/\/elfsight.com\/de\/wp-json\/wp\/v2\/media?parent=20890"}],"curies":[{"name":"wp","href":"https:\/\/api.w.org\/{rel}","templated":true}]}}