{"id":20889,"date":"2024-05-03T06:42:30","date_gmt":"2024-05-03T06:42:30","guid":{"rendered":"https:\/\/elfsight.com\/de\/?page_id=20889"},"modified":"2025-02-21T13:52:20","modified_gmt":"2025-02-21T13:52:20","slug":"google-sites","status":"publish","type":"page","link":"https:\/\/elfsight.com\/de\/photo-gallery-widget\/google-sites\/","title":{"rendered":"Photo Gallery &#8211; Google Sites"},"content":{"rendered":"<div class=\"application-platform-content-item-description application-platform-content-item\" id=\"description\" data-nav-section=\"description\"> <h2>Fotogalerie auf Google Sites mit dem Elfsight-Widget einbetten<\/h2> <p>Das Elfsight-Fotogalerie-Widget ist Ihre beste M\u00f6glichkeit, Fotos zu sammeln oder Erstellen Sie eine gro\u00dfartige Galerie auf Ihrer Website. F\u00fcgen Sie eine beliebige Anzahl von Bildern hinzu, platzieren Sie Bildunterschriften und w\u00e4hlen Sie die optimale Art, diese auf der Seite zu organisieren. Das Elfsight-Widget verf\u00fcgt \u00fcber sechs Layoutoptionen und verschiedene andere Designfunktionen. Jedes Bild wird in einem Popup angezeigt. Besucher k\u00f6nnen durch sie navigieren oder eine Diashow ansehen, die Zoom-Option verwenden und die Bilder im Vollbildmodus bewundern. Sie k\u00f6nnen die Widget-Oberfl\u00e4che einf\u00e4rben und einen einzigartigen Hintergrund anwenden, Texteinstellungen variieren und weitere Stilm\u00f6glichkeiten nutzen. <\/p> <p><b>Erstellen Sie eine unumg\u00e4ngliche Fotosammlung! <\/b><\/p> <\/div><div class=\"application-platform-content-item-features application-platform-content-item\" id=\"features\" data-nav-section=\"features\"> <h2>Hauptfunktionen des Fotogalerie-Widgets<\/h2> <p>Hier k\u00f6nnen Sie alle Funktionsmerkmale der Fotogalerie sehen. Sie sind direkt im Editor verf\u00fcgbar und helfen Ihnen dabei, das Widget passend f\u00fcr Ihren Fall zu gestalten. <\/p> <ul> <li>Nutzen Sie CTAs, um Benutzer zur Conversion zu f\u00fchren. <\/li> <li>\u00c4ndern Sie die Dauer des Folienwechsels. <\/li> <li>W\u00e4hlen Sie zwischen zahlreichen Paginierungsvarianten. <\/li> <li>Platzieren Sie Ihren Text mithilfe der erweiterten Position an einer beliebigen Stelle auf der Seite. <\/li> <li>\u00c4ndern Sie 5 Inhaltsoptionen. <\/li> <\/ul> <p><a href=\"#demo\">Testen Sie alle anderen Funktionen in der Demo<\/a><\/p> <\/div> <div class=\"application-platform-content-item-installation application-platform-content-item\" id=\"installation\" data-nav-section=\"installation\"><h2> Wie kann ich das Fotogalerie-Plugin in meine Google Sites-Website einbetten? <\/h2> <p>Um das Widget zu aktivieren, befolgen Sie einfach die folgenden Richtlinien. <\/p> <ol><li><b>Generieren Sie Ihr individuelles Galerie-Plugin<\/b><br> Gestalten Sie in unserer kostenlosen Demo ein Plugin mit einem bevorzugten Layout und einer bevorzugten Funktionalit\u00e4t. <\/li> <li><b>Erwerben Sie den individuellen Code, um das Plugin zu integrieren<\/b><br> Nachdem Sie Ihr Widget erstellt haben, erhalten Sie den eindeutigen Code aus der erscheinenden Benachrichtigung auf Elfsight Apps. Kopieren Sie es zur sp\u00e4teren Verwendung. <\/li> <li><b>Ver\u00f6ffentlichen Sie das Plugin auf Ihrer Google Sites-Website<\/b><br> Definieren Sie den Bereich, in den Sie das Plugin integrieren m\u00f6chten, und f\u00fcgen Sie den kopierten Code dort ein. Wenden Sie die Ergebnisse an. <\/li> <li><b>Sie haben die Installation vollst\u00e4ndig durchgef\u00fchrt<\/b><br> Gehen Sie in Ihr Gesch\u00e4ft, um sich Ihre Arbeit anzusehen. <\/li> <\/ol> <div class=\"tip-yellow tip\"><b>Aufgrund der Besonderheiten der Google Sites-Funktion sieht das Widget m\u00f6glicherweise anders aus als die Online-Demo. Wir entschuldigen uns f\u00fcr etwaige Unannehmlichkeiten.<\/b><\/div><p>Z\u00f6gern Sie nicht, sich an den Kundendienst von Elfsight zu wenden, wenn Sie Hilfe ben\u00f6tigen oder Probleme haben. Bei jeder Anfrage stehen wir Ihnen gerne zur Verf\u00fcgung. <\/p> <div class=\"faq\" data-component=\"FAQ\"><div class=\"faq-item\">\r\n\t\t\t\t\t<div class=\"faq-item-question\">\r\n\t\t\t\t\t\t<h3 class=\"faq-item-question-text\">Wie kann ich die Fotogalerie ohne Programmierkenntnisse in meine Google Sites-Webseite einbetten?<\/h3>\r\n\r\n\t\t\t\t\t\t<div class=\"faq-item-question-icon\"><\/div>\r\n\t\t\t\t\t<\/div>\r\n\r\n\t\t\t\t\t<div class=\"faq-item-answer\">\r\n\t\t\t\t\t\t<div class=\"faq-item-answer-text\"> <p>Das Unternehmen Elfsight liefert eine Cloud-L\u00f6sung, mit der Sie eine Fotogalerie-App einrichten k\u00f6nnen \u00dcberzeugen Sie sich selbst, wie einfach der Vorgang ist: Beginnen Sie in der Live-Demo mit der Erstellung eines Fotogalerie-Plugins, das Sie in Ihre Google Sites integrieren m\u00f6chten. Klicken Sie auf eine der vielen vorgefertigten Vorlagen und passen Sie die Fotogalerie-Einstellungen an, \u00e4ndern Sie das Layout und die Farben und f\u00fcgen Sie Ihre Inhalte hinzu \u2013 ganz ohne Programmierkenntnisse. Klicken Sie hier, um die von Ihnen in der Fotogalerie vorgenommenen Einstellungen zu speichern und den Installationscode zu kopieren, der einfach auf Ihrer Google Sites-Startseite hinzugef\u00fcgt werden kann, ohne einen kostenpflichtigen Plan zu kaufen. Mit unserem benutzerfreundlichen Editor kann jeder Internetnutzer einen Fotogalerie-Bereich erstellen und ihn problemlos in seine Google Sites-Website einbetten. Sie m\u00fcssen weder bezahlen noch Ihre Kartendaten offenlegen, um auf den Elfsight-Service zuzugreifen. Sollten bei irgendeinem Schritt Probleme auftreten, z\u00f6gern Sie nicht, unser Support-Team zu kontaktieren.<\/p> <\/div>\r\n\t\t\t\t\t<\/div>\r\n\t\t\t\t<\/div> <\/div><\/div>","protected":false},"excerpt":{"rendered":"","protected":false},"author":9,"featured_media":0,"parent":1042,"menu_order":0,"comment_status":"closed","ping_status":"closed","template":"templates\/template-application-platform.php","meta":{"publish_to_discourse":"","publish_post_category":"","wpdc_auto_publish_overridden":"","wpdc_topic_tags":"","wpdc_pin_topic":"","wpdc_pin_until":"","discourse_post_id":"","discourse_permalink":"","wpdc_publishing_response":"","wpdc_publishing_error":"","footnotes":""},"class_list":["post-20889","page","type-page","status-publish","hentry"],"yoast_head":"<!-- This site is optimized with the Yoast SEO plugin v25.3.1 - https:\/\/yoast.com\/wordpress\/plugins\/seo\/ -->\n<title>Fotogalerie \u2013 Galerie-Widget zu Google Sites hinzuf\u00fcgen [2025]<\/title>\n<meta name=\"description\" content=\"Implementieren Sie ein responsives Fotogalerie-Plugin auf Ihrer Google Sites-Website und erreichen Sie volles Vertrauen. Nutzen Sie die benutzerfreundliche Demo von Elfsight, um Ihr Unikat zu erstellen.\" \/>\n<meta name=\"robots\" content=\"index, follow, max-snippet:-1, max-image-preview:large, max-video-preview:-1\" \/>\n<link rel=\"canonical\" href=\"https:\/\/elfsight.com\/de\/photo-gallery-widget\/google-sites\/\" \/>\n<meta property=\"og:locale\" content=\"de_DE\" \/>\n<meta property=\"og:type\" content=\"article\" \/>\n<meta property=\"og:title\" content=\"Fotogalerie \u2013 Galerie-Widget zu Google Sites hinzuf\u00fcgen [2025]\" \/>\n<meta property=\"og:description\" content=\"Implementieren Sie ein responsives Fotogalerie-Plugin auf Ihrer Google Sites-Website und erreichen Sie volles Vertrauen. Nutzen Sie die benutzerfreundliche Demo von Elfsight, um Ihr Unikat zu erstellen.\" \/>\n<meta property=\"og:url\" content=\"https:\/\/elfsight.com\/de\/photo-gallery-widget\/google-sites\/\" \/>\n<meta property=\"og:site_name\" content=\"Elfsight DE\" \/>\n<meta property=\"article:modified_time\" content=\"2025-02-21T13:52:20+00:00\" \/>\n<meta name=\"twitter:card\" content=\"summary_large_image\" \/>\n<meta name=\"twitter:label1\" content=\"Gesch\u00e4tzte Lesezeit\" \/>\n\t<meta name=\"twitter:data1\" content=\"3\u00a0Minuten\" \/>\n<!-- \/ Yoast SEO plugin. -->","yoast_head_json":{"title":"Fotogalerie \u2013 Galerie-Widget zu Google Sites hinzuf\u00fcgen [2025]","description":"Implementieren Sie ein responsives Fotogalerie-Plugin auf Ihrer Google Sites-Website und erreichen Sie volles Vertrauen. Nutzen Sie die benutzerfreundliche Demo von Elfsight, um Ihr Unikat zu erstellen.","robots":{"index":"index","follow":"follow","max-snippet":"max-snippet:-1","max-image-preview":"max-image-preview:large","max-video-preview":"max-video-preview:-1"},"canonical":"https:\/\/elfsight.com\/de\/photo-gallery-widget\/google-sites\/","og_locale":"de_DE","og_type":"article","og_title":"Fotogalerie \u2013 Galerie-Widget zu Google Sites hinzuf\u00fcgen [2025]","og_description":"Implementieren Sie ein responsives Fotogalerie-Plugin auf Ihrer Google Sites-Website und erreichen Sie volles Vertrauen. Nutzen Sie die benutzerfreundliche Demo von Elfsight, um Ihr Unikat zu erstellen.","og_url":"https:\/\/elfsight.com\/de\/photo-gallery-widget\/google-sites\/","og_site_name":"Elfsight DE","article_modified_time":"2025-02-21T13:52:20+00:00","twitter_card":"summary_large_image","twitter_misc":{"Gesch\u00e4tzte Lesezeit":"3\u00a0Minuten"},"schema":{"@context":"https:\/\/schema.org","@graph":[{"@type":"WebPage","@id":"https:\/\/elfsight.com\/de\/photo-gallery-widget\/google-sites\/","url":"https:\/\/elfsight.com\/de\/photo-gallery-widget\/google-sites\/","name":"Fotogalerie \u2013 Galerie-Widget zu Google Sites hinzuf\u00fcgen [2025]","isPartOf":{"@id":"https:\/\/elfsight.com\/de\/#website"},"datePublished":"2024-05-03T06:42:30+00:00","dateModified":"2025-02-21T13:52:20+00:00","description":"Implementieren Sie ein responsives Fotogalerie-Plugin auf Ihrer Google Sites-Website und erreichen Sie volles Vertrauen. Nutzen Sie die benutzerfreundliche Demo von Elfsight, um Ihr Unikat zu erstellen.","breadcrumb":{"@id":"https:\/\/elfsight.com\/de\/photo-gallery-widget\/google-sites\/#breadcrumb"},"inLanguage":"de","potentialAction":[{"@type":"ReadAction","target":["https:\/\/elfsight.com\/de\/photo-gallery-widget\/google-sites\/"]}]},{"@type":"BreadcrumbList","@id":"https:\/\/elfsight.com\/de\/photo-gallery-widget\/google-sites\/#breadcrumb","itemListElement":[{"@type":"ListItem","position":1,"name":"Home","item":"https:\/\/elfsight.com\/de\/"},{"@type":"ListItem","position":2,"name":"Photo Gallery","item":"https:\/\/elfsight.com\/de\/photo-gallery-widget\/"},{"@type":"ListItem","position":3,"name":"Photo Gallery &#8211; Google Sites"}]},{"@type":"WebSite","@id":"https:\/\/elfsight.com\/de\/#website","url":"https:\/\/elfsight.com\/de\/","name":"Elfsight DE","description":"Just another Elfsight Sites site","potentialAction":[{"@type":"SearchAction","target":{"@type":"EntryPoint","urlTemplate":"https:\/\/elfsight.com\/de\/?s={search_term_string}"},"query-input":{"@type":"PropertyValueSpecification","valueRequired":true,"valueName":"search_term_string"}}],"inLanguage":"de"}]}},"meta_box":{"industry":"","seo_heading":"","heading":"","description":"","cta_heading":"","cta_description":"","application":"503","h1":"Widget \u201eGoogle Sites-Fotogalerie\u201c","h1_caption":"Pr\u00e4sentieren Sie Ihre Bilder in einer interaktiven, anpassbaren Galerie, die die visuelle Attraktivit\u00e4t Ihrer Website in Ihren Google Sites m\u00fchelos verbessert.","application_category":[],"applications_title":"","applications_request_title":"","applications_request_button_text":"","hero_text":"","hero_video":"","hero_video_schema_markup":"","selling_points_title":"","selling_points_caption":"","selling_points":[],"selling_points_cta_text":"","features_title":"","features":"","ed_cta_examples_text":"","ed_cta_examples_hidden":"","ed_cta_demo_text":"","ed_cta_demo_hidden":"","why_caption":"","why_editor_title":"","why_editor_text":"","why_team_title":"","why_team_text":"","why_service_title":"","why_service_text":"","template_catalog_visible":"0","template_catalog_title":"","template_catalog_text":"","template_catalog_categories_visible":"","demo_title":"Erstellen Sie Ihr Fotogalerie-Widget","demo_caption":"Konfigurieren Sie Ihre Fotogalerie und f\u00fcgen Sie sie kostenlos zu Ihrer Google Sites-Website hinzu!","default_faq_hidden":"","app_template_category":[],"platform":"3000","template_public_id":"","codecanyon_url":"","codecanyon_item_id":"","codecanyon_price":"","pricing_caption":"","pricing_elfsight_apps_hide_column":"","pricing_elfsight_apps_url":"","pricing_codecanyon_price_caption":"","integration_category":[],"integration_request_title":"","integration_request_cta":"","integration_platform":"","integrations":[],"platform_category":[],"video_schema_markup":"","price":"ab 0 $ \/ Monat","trial":"","benefits":[{"text":"Kostenlose Installationsunterst\u00fctzung"},{"text":"Professioneller Kundenservice"},{"text":"14-t\u00e4gige Geld-zur\u00fcck-Garantie"},{"text":"Lebenslange Updates"}],"button_url":"#demo","button_target_blank":"0","button_nofollow":"0","attributes":[{"name":"Installiert","content":"10,000 - 100,000"},{"name":"Reaktionsfreudig","content":"Optimiert f\u00fcr Mobilger\u00e4te"},{"name":"Kompatible Browser","content":"Safari, Chrome, Opera, Edge, Firefox"}],"tags":[],"tags_disable_links":"0","hide_more_platforms":"0","video_object":"","demo_hide_cta":"0","demo_hide_cloud_options":"0","pricing_title":"","pricing":[{"pricing_icon":"platform","pricing_title":"Elfsight Apps","pricing_title_caption":"Multiplattform-Version, die auf jeder Website funktioniert","pricing_price":"ab 0 $ \/ Monat","pricing_price_caption":"Beginnen Sie mit einem kostenlosen Plan","pricing_benefits":[{"text":"Unbegrenzte Anzahl an Domains"},{"text":"Professioneller Kundensupport"},{"text":"Kostenlose Installationsunterst\u00fctzung"},{"text":"100 % anpassbar"}],"pricing_button_text":"Zur Website hinzuf\u00fcgen","pricing_button_url":"#demo"}],"related_apps_title":"","related_apps_hidden":"0","author":"","image":[],"title":"","job":"","social_networks":[]},"_links":{"self":[{"href":"https:\/\/elfsight.com\/de\/wp-json\/wp\/v2\/pages\/20889","targetHints":{"allow":["GET"]}}],"collection":[{"href":"https:\/\/elfsight.com\/de\/wp-json\/wp\/v2\/pages"}],"about":[{"href":"https:\/\/elfsight.com\/de\/wp-json\/wp\/v2\/types\/page"}],"author":[{"embeddable":true,"href":"https:\/\/elfsight.com\/de\/wp-json\/wp\/v2\/users\/9"}],"replies":[{"embeddable":true,"href":"https:\/\/elfsight.com\/de\/wp-json\/wp\/v2\/comments?post=20889"}],"version-history":[{"count":1,"href":"https:\/\/elfsight.com\/de\/wp-json\/wp\/v2\/pages\/20889\/revisions"}],"predecessor-version":[{"id":20893,"href":"https:\/\/elfsight.com\/de\/wp-json\/wp\/v2\/pages\/20889\/revisions\/20893"}],"up":[{"embeddable":true,"href":"https:\/\/elfsight.com\/de\/wp-json\/wp\/v2\/pages\/1042"}],"wp:attachment":[{"href":"https:\/\/elfsight.com\/de\/wp-json\/wp\/v2\/media?parent=20889"}],"curies":[{"name":"wp","href":"https:\/\/api.w.org\/{rel}","templated":true}]}}