{"id":20883,"date":"2024-05-03T06:42:10","date_gmt":"2024-05-03T06:42:10","guid":{"rendered":"https:\/\/elfsight.com\/de\/?page_id=20883"},"modified":"2025-07-09T14:08:16","modified_gmt":"2025-07-09T14:08:16","slug":"webnode","status":"publish","type":"page","link":"https:\/\/elfsight.com\/de\/pdf-embed-widget\/webnode\/","title":{"rendered":"PDF Embed &#8211; Webnode"},"content":{"rendered":"<div class=\"application-platform-content-item-description application-platform-content-item\" id=\"description\" data-nav-section=\"description\"> <h2>Beschreibung<\/h2> <p>Dank des Elfsight PDF-Tools erhalten Sie die einfachste Integration aller PDF-Dokumente in Ihre Website. F\u00fcr den Benutzerkomfort k\u00f6nnen Dateien durch direktes Hochladen, Eingabe der URLs oder durch Auswahl der zuletzt hochgeladenen Dateien eingef\u00fcgt werden. Sie k\u00f6nnen jeder Datei einen eigenen Titel geben, ein benutzerdefiniertes Symbol oder Bild hochladen, ein Layout ausw\u00e4hlen und vieles mehr. Website-Besucher k\u00f6nnen die Dateien direkt auf Ihrer Website \u00fcberpr\u00fcfen, in einem neuen Tab ansehen und herunterladen.<\/p> <div class=\"faq\" data-component=\"FAQ\"> <div class=\"faq-item\">\r\n\t\t\t\t\t<div class=\"faq-item-question\">\r\n\t\t\t\t\t\t<h3 class=\"faq-item-question-text\">Wo kann ich sie anzeigen<\/h3>\r\n\r\n\t\t\t\t\t\t<div class=\"faq-item-question-icon\"><\/div>\r\n\t\t\t\t\t<\/div>\r\n\r\n\t\t\t\t\t<div class=\"faq-item-answer\">\r\n\t\t\t\t\t\t<div class=\"faq-item-answer-text\"> <p>Sie k\u00f6nnen File Embed jederzeit auf jeder Website anzeigen Seiten Ihrer Website. So k\u00f6nnen Sie damit Ihre technischen Dokumente oder Spezifikationen auf entsprechenden Produktseiten veranschaulichen oder Ihre Diplome und Zertifikate auf der Landingpage hinzuf\u00fcgen. <\/p> <\/div>\r\n\t\t\t\t\t<\/div>\r\n\t\t\t\t<\/div> <div class=\"faq-item\">\r\n\t\t\t\t\t<div class=\"faq-item-question\">\r\n\t\t\t\t\t\t<h3 class=\"faq-item-question-text\">Welche Vorteile bietet mir das PDF-Widget?<\/h3>\r\n\r\n\t\t\t\t\t\t<div class=\"faq-item-question-icon\"><\/div>\r\n\t\t\t\t\t<\/div>\r\n\r\n\t\t\t\t\t<div class=\"faq-item-answer\">\r\n\t\t\t\t\t\t<div class=\"faq-item-answer-text\"> <p>Mit unserem Widget k\u00f6nnen Sie viel Zeit sparen, da das Ver\u00f6ffentlichen von Dateien auf Ihrer Website viel Zeit in Anspruch nimmt nur Sekunden. Au\u00dferdem hilft es Ihnen, viele aussagekr\u00e4ftige Details zu Ihren Angeboten oder Dienstleistungen preiszugeben und Kunden dabei zu helfen, diese besser zu verstehen.<\/p> <\/div>\r\n\t\t\t\t\t<\/div>\r\n\t\t\t\t<\/div> <div class=\"faq-item\">\r\n\t\t\t\t\t<div class=\"faq-item-question\">\r\n\t\t\t\t\t\t<h3 class=\"faq-item-question-text\">Wie kann ich PDF Embed zu meiner Webnode-Website hinzuf\u00fcgen?<\/h3>\r\n\r\n\t\t\t\t\t\t<div class=\"faq-item-question-icon\"><\/div>\r\n\t\t\t\t\t<\/div>\r\n\r\n\t\t\t\t\t<div class=\"faq-item-answer\">\r\n\t\t\t\t\t\t<div class=\"faq-item-answer-text\"> <p>Die Aktivierung des Widgets dauert nur zwei Minuten. Die Einbettung erfolgt extrem schnell, kostenlos und ohne Programmierung. <\/p> <p>Sie k\u00f6nnen das Widget direkt \u00fcber unseren Service in Ihre Website einf\u00fcgen. Dazu m\u00fcssen Sie sich die Anleitung weiter unten auf dieser Seite ansehen. <\/p> <\/div>\r\n\t\t\t\t\t<\/div>\r\n\t\t\t\t<\/div> <\/div> <\/div> <div class=\"application-platform-content-item-features application-platform-content-item\" id=\"features\" data-nav-section=\"features\"> <h2>Funktionen<\/h2> <p>Um eine klarere Vorstellung vom Widget zu erhalten, k\u00f6nnen Sie die Liste studieren seine Hauptmerkmale. Sie machen unser Widget f\u00fcr Sie unglaublich effektiv: <\/p> <ul><li>F\u00fcgen Sie eine unbegrenzte Anzahl von Dateien ein;<\/li> <li>Datei-Viewer-Layoutvariante zum Anzeigen von Dateien auf der Website; <\/li> <li>Bilder f\u00fcr Dokumentsymbole und Vorschauen hochladen; <\/li> <li>Anzeigen oder Ausblenden des Download-Dokumentetiketts; <\/li> <li>6 einf\u00e4rbbare Details der Widget-Oberfl\u00e4che; <\/li> <\/ul><p><a href=\"#demo\">Weitere Funktionen in der Demo pr\u00fcfen<\/a><\/p> <\/div> <div class=\"application-platform-content-item-installation application-platform-content-item\" id=\"installation\" data-nav-section=\"installation\"> <h2>Lass uns das \u00fcberpr\u00fcfen So f\u00fchren Sie den PDF-Viewer auf Ihrer Webnode-Seite ein<\/h2> <p>F\u00fchren Sie einfach die folgenden Schritte aus und schon ist das Widget betriebsbereit.<\/p> <ol><li><b>Erstellen Sie Ihr individuelles PDF-Plugin <\/b><br> Gestalten Sie mit unserem kostenlosen Konfigurator ein Plugin mit einem ausgew\u00e4hlten Layout und einer bestimmten Funktionalit\u00e4t.<\/li><li><b>Erhalten Sie den pers\u00f6nlichen Code, um das Plugin hinzuzuf\u00fcgen.<\/b><br> Anschlie\u00dfend Nachdem Sie Ihr Widget erstellt haben, erhalten Sie den individuellen Code im erscheinenden Fenster von Elfsight Apps. Kopieren Sie es zur sp\u00e4teren Verwendung. <\/li> <li><b>Betten Sie das Plugin auf Ihrer Webnode-Website ein<\/b><br> Suchen Sie die Stelle, an der Sie das Plugin anzeigen m\u00f6chten, und f\u00fcgen Sie den kopierten Code dort ein. Speichern Sie die \u00c4nderungen. <\/li> <li><b>Fertig! <\/b><br> Gehen Sie zum Store, um Ihre integrierten PDF-Dateien zu sehen.<\/li> <\/ol><p>Immer noch nicht entschieden? Oder haben Sie Probleme? Schreiben Sie einfach eine Anfrage an unser Support-Team und lassen Sie Ihre Probleme kl\u00e4ren. <\/p> <\/div>","protected":false},"excerpt":{"rendered":"","protected":false},"author":9,"featured_media":0,"parent":2114,"menu_order":0,"comment_status":"closed","ping_status":"closed","template":"templates\/template-application-platform.php","meta":{"publish_to_discourse":"","publish_post_category":"","wpdc_auto_publish_overridden":"","wpdc_topic_tags":"","wpdc_pin_topic":"","wpdc_pin_until":"","discourse_post_id":"","discourse_permalink":"","wpdc_publishing_response":"","wpdc_publishing_error":"","footnotes":""},"class_list":["post-20883","page","type-page","status-publish","hentry"],"yoast_head":"<!-- This site is optimized with the Yoast SEO plugin v25.3.1 - https:\/\/yoast.com\/wordpress\/plugins\/seo\/ -->\n<title>PDF Viewer \u2013 PDF-Datei auf der Webnode-Website einbetten (2025)<\/title>\n<meta name=\"description\" content=\"Es ist ein Kinderspiel, Ihr PDF Viewer-Widget zu gestalten und in Ihre Webnode-Webseite einzubetten. Der Kundensupport von Elfsight ist kostenlos und schnell.\" \/>\n<meta name=\"robots\" content=\"index, follow, max-snippet:-1, max-image-preview:large, max-video-preview:-1\" \/>\n<link rel=\"canonical\" href=\"https:\/\/elfsight.com\/de\/pdf-embed-widget\/webnode\/\" \/>\n<meta property=\"og:locale\" content=\"de_DE\" \/>\n<meta property=\"og:type\" content=\"article\" \/>\n<meta property=\"og:title\" content=\"PDF Viewer \u2013 PDF-Datei auf der Webnode-Website einbetten (2025)\" \/>\n<meta property=\"og:description\" content=\"Es ist ein Kinderspiel, Ihr PDF Viewer-Widget zu gestalten und in Ihre Webnode-Webseite einzubetten. Der Kundensupport von Elfsight ist kostenlos und schnell.\" \/>\n<meta property=\"og:url\" content=\"https:\/\/elfsight.com\/de\/pdf-embed-widget\/webnode\/\" \/>\n<meta property=\"og:site_name\" content=\"Elfsight DE\" \/>\n<meta property=\"article:modified_time\" content=\"2025-07-09T14:08:16+00:00\" \/>\n<meta name=\"twitter:card\" content=\"summary_large_image\" \/>\n<meta name=\"twitter:label1\" content=\"Gesch\u00e4tzte Lesezeit\" \/>\n\t<meta name=\"twitter:data1\" content=\"3\u00a0Minuten\" \/>\n<!-- \/ Yoast SEO plugin. -->","yoast_head_json":{"title":"PDF Viewer \u2013 PDF-Datei auf der Webnode-Website einbetten (2025)","description":"Es ist ein Kinderspiel, Ihr PDF Viewer-Widget zu gestalten und in Ihre Webnode-Webseite einzubetten. Der Kundensupport von Elfsight ist kostenlos und schnell.","robots":{"index":"index","follow":"follow","max-snippet":"max-snippet:-1","max-image-preview":"max-image-preview:large","max-video-preview":"max-video-preview:-1"},"canonical":"https:\/\/elfsight.com\/de\/pdf-embed-widget\/webnode\/","og_locale":"de_DE","og_type":"article","og_title":"PDF Viewer \u2013 PDF-Datei auf der Webnode-Website einbetten (2025)","og_description":"Es ist ein Kinderspiel, Ihr PDF Viewer-Widget zu gestalten und in Ihre Webnode-Webseite einzubetten. Der Kundensupport von Elfsight ist kostenlos und schnell.","og_url":"https:\/\/elfsight.com\/de\/pdf-embed-widget\/webnode\/","og_site_name":"Elfsight DE","article_modified_time":"2025-07-09T14:08:16+00:00","twitter_card":"summary_large_image","twitter_misc":{"Gesch\u00e4tzte Lesezeit":"3\u00a0Minuten"},"schema":{"@context":"https:\/\/schema.org","@graph":[{"@type":"WebPage","@id":"https:\/\/elfsight.com\/de\/pdf-embed-widget\/webnode\/","url":"https:\/\/elfsight.com\/de\/pdf-embed-widget\/webnode\/","name":"PDF Viewer \u2013 PDF-Datei auf der Webnode-Website einbetten (2025)","isPartOf":{"@id":"https:\/\/elfsight.com\/de\/#website"},"datePublished":"2024-05-03T06:42:10+00:00","dateModified":"2025-07-09T14:08:16+00:00","description":"Es ist ein Kinderspiel, Ihr PDF Viewer-Widget zu gestalten und in Ihre Webnode-Webseite einzubetten. Der Kundensupport von Elfsight ist kostenlos und schnell.","breadcrumb":{"@id":"https:\/\/elfsight.com\/de\/pdf-embed-widget\/webnode\/#breadcrumb"},"inLanguage":"de","potentialAction":[{"@type":"ReadAction","target":["https:\/\/elfsight.com\/de\/pdf-embed-widget\/webnode\/"]}]},{"@type":"BreadcrumbList","@id":"https:\/\/elfsight.com\/de\/pdf-embed-widget\/webnode\/#breadcrumb","itemListElement":[{"@type":"ListItem","position":1,"name":"Home","item":"https:\/\/elfsight.com\/de\/"},{"@type":"ListItem","position":2,"name":"PDF Embed","item":"https:\/\/elfsight.com\/de\/pdf-embed-widget\/"},{"@type":"ListItem","position":3,"name":"PDF Embed &#8211; Webnode"}]},{"@type":"WebSite","@id":"https:\/\/elfsight.com\/de\/#website","url":"https:\/\/elfsight.com\/de\/","name":"Elfsight DE","description":"Just another Elfsight Sites site","potentialAction":[{"@type":"SearchAction","target":{"@type":"EntryPoint","urlTemplate":"https:\/\/elfsight.com\/de\/?s={search_term_string}"},"query-input":{"@type":"PropertyValueSpecification","valueRequired":true,"valueName":"search_term_string"}}],"inLanguage":"de"}]}},"meta_box":{"industry":"","seo_heading":"","heading":"","description":"","cta_heading":"","cta_description":"","application":"484","h1":"Webnode PDF-Einbettung","h1_caption":"Betten Sie PDF-Dokumente m\u00fchelos in Ihre Website ein, um sie einfach anzuzeigen und herunterzuladen, ohne Besucher auf Ihre Webnode-Website umzuleiten.","application_category":[],"applications_title":"","applications_request_title":"","applications_request_button_text":"","hero_text":"","hero_video":"","hero_video_schema_markup":"","selling_points_title":"","selling_points_caption":"","selling_points":[],"selling_points_cta_text":"","features_title":"","features":"","ed_cta_examples_text":"","ed_cta_examples_hidden":"","ed_cta_demo_text":"","ed_cta_demo_hidden":"","why_caption":"","why_editor_title":"","why_editor_text":"","why_team_title":"","why_team_text":"","why_service_title":"","why_service_text":"","template_catalog_visible":"","template_catalog_title":"","template_catalog_text":"","template_catalog_categories_visible":"","demo_title":"Erstellen Sie Ihr PDF-Einbettungs-Widget","demo_caption":"Konfigurieren Sie Ihr PDF Embed und f\u00fcgen Sie es kostenlos zu Ihrer Webnode-Website hinzu!","default_faq_hidden":"","app_template_category":[],"platform":"248","template_public_id":"","codecanyon_url":"","codecanyon_item_id":"","codecanyon_price":"","pricing_caption":"","pricing_elfsight_apps_hide_column":"","pricing_elfsight_apps_url":"","pricing_codecanyon_price_caption":"","integration_category":[],"integration_request_title":"","integration_request_cta":"","integration_platform":"","integrations":[],"platform_category":[],"video_schema_markup":"","price":"ab 0 $ \/ Monat","trial":"","benefits":[{"text":"Kostenloser Installationsservice"},{"text":"Kompetenter Kundensupport"},{"text":"14-t\u00e4gige R\u00fcckerstattungsgarantie"},{"text":"Kontinuierliche Updates"}],"button_url":"#demo","button_target_blank":"","button_nofollow":"","attributes":[{"name":"Installiert","content":"10,000 - 100,000"},{"name":"Reaktionsfreudig","content":"Ja"},{"name":"Kompatible Browser","content":"Firefox, Safari, Opera, Chrome, Edge"}],"tags":[],"tags_disable_links":"","hide_more_platforms":"","video_object":"","demo_hide_cta":"","demo_hide_cloud_options":"","pricing_title":"","pricing":[{"pricing_icon":"platform","pricing_title":"Elfsight Apps","pricing_title_caption":"Plattformunabh\u00e4ngige digitale L\u00f6sung, die auf jeder Website funktioniert","pricing_price":"ab 0 $ \/ Monat","pricing_price_caption":"Beginnen Sie mit einem kostenlosen Plan","pricing_benefits":[{"text":"Unbegrenzte Websites"},{"text":"Support rund um die Uhr und gut dokumentiert"},{"text":"Kostenlose Installationshilfe"},{"text":"Preis f\u00fcr mehrere Apps"}],"pricing_button_text":"Zur Website hinzuf\u00fcgen","pricing_button_url":"#demo"}],"related_apps_title":"","related_apps_hidden":"","author":"","image":[],"title":"","job":"","social_networks":[]},"_links":{"self":[{"href":"https:\/\/elfsight.com\/de\/wp-json\/wp\/v2\/pages\/20883","targetHints":{"allow":["GET"]}}],"collection":[{"href":"https:\/\/elfsight.com\/de\/wp-json\/wp\/v2\/pages"}],"about":[{"href":"https:\/\/elfsight.com\/de\/wp-json\/wp\/v2\/types\/page"}],"author":[{"embeddable":true,"href":"https:\/\/elfsight.com\/de\/wp-json\/wp\/v2\/users\/9"}],"replies":[{"embeddable":true,"href":"https:\/\/elfsight.com\/de\/wp-json\/wp\/v2\/comments?post=20883"}],"version-history":[{"count":1,"href":"https:\/\/elfsight.com\/de\/wp-json\/wp\/v2\/pages\/20883\/revisions"}],"predecessor-version":[{"id":20887,"href":"https:\/\/elfsight.com\/de\/wp-json\/wp\/v2\/pages\/20883\/revisions\/20887"}],"up":[{"embeddable":true,"href":"https:\/\/elfsight.com\/de\/wp-json\/wp\/v2\/pages\/2114"}],"wp:attachment":[{"href":"https:\/\/elfsight.com\/de\/wp-json\/wp\/v2\/media?parent=20883"}],"curies":[{"name":"wp","href":"https:\/\/api.w.org\/{rel}","templated":true}]}}