{"id":20882,"date":"2024-05-03T06:42:00","date_gmt":"2024-05-03T06:42:00","guid":{"rendered":"https:\/\/elfsight.com\/de\/?page_id=20882"},"modified":"2025-02-20T08:15:04","modified_gmt":"2025-02-20T08:15:04","slug":"bigcommerce","status":"publish","type":"page","link":"https:\/\/elfsight.com\/de\/paypal-button-widget-generator\/bigcommerce\/","title":{"rendered":"PayPal Button &#8211; BigCommerce"},"content":{"rendered":"\n<div class=\"application-platform-content-item-description application-platform-content-item\" id=\"description\" data-nav-section=\"description\"><h2>Beschreibung<\/h2><p>Betten Sie ohne gro\u00dfen Aufwand eine seri\u00f6se und reibungslos bezahlte Variante auf Ihrer Website ein. Mit dem Elfsight PayPal Button ist es ganz einfach, Zahlungen, automatische Abonnements und Spenden von Ihren Benutzern entgegenzunehmen. Erstellen Sie Ihre eigene individuelle Schaltfl\u00e4che, w\u00e4hlen Sie die Zahlungsart, die W\u00e4hrung, die Lokalisierung und f\u00fcgen Sie Optionen f\u00fcr das Erscheinungsbild hinzu, um sie wirklich einzigartig zu machen. Mit dem PayPal-Button k\u00f6nnen Ihre Kunden schnell und unkompliziert auf Ihrer Website bezahlen.<\/p><p><b>Nutzen Sie alle Vorteile von PayPal f\u00fcr Ihre Kunden und sich selbst!<\/b><\/p><p><b> Eine n\u00fctzliche Zahlungsvariante auf Ihrer Website ohne Programmieraufwand im Handumdrehen<\/b>.<br>Ihre Kundschaft wird es genie\u00dfen, sicher auf Ihrer Website zu bezahlen. Integrieren Sie Ihren PayPal-Button mithilfe von Elfsight und bieten Sie Ihren Kunden einen einfachen und schnellen Zahlungsvorgang. Kein Programmieren, kein Aufwand.<\/p><p><b>Eine universelle L\u00f6sung f\u00fcr die Arbeit mit Zahlungen, Abonnements und Spenden<\/b>.<br>Mit nur einem Widget von Elfsight haben Sie die Freiheit, Schaltfl\u00e4chen f\u00fcr zu erstellen Bringen Sie Ihr Publikum dazu, auf Ihrer Website zu bezahlen, sich zu abonnieren und zu spenden. Sparen Sie Zeit und M\u00fche und nutzen Sie eine universelle L\u00f6sung, die Ihnen eine Reihe von Varianten bietet.<\/p><p><b>Eine der seri\u00f6sesten und beliebtesten Zahlungsmethoden auf Ihrer Website<\/b>.<br>Machen Sie Ihre Erstellen Sie eine wirklich komfortable Website f\u00fcr Ihre Kunden, um den Umsatz zu steigern. Erm\u00f6glichen Sie Benutzern die Bezahlung \u00fcber ein weit verbreitetes und seri\u00f6ses Instrument auf Ihrer Website und st\u00e4rken Sie das Vertrauen in Ihr Unternehmen.<\/p><\/div><div class=\"application-platform-content-item-features application-platform-content-item\" id=\"features\" data-nav-section=\"features\"><h2>Funktionen<\/h2><p>Was macht unser Werkzeug zum besten? Pr\u00fcfen Sie, welche Funktionen es Ihnen bietet:<\/p><ul><li>Produktpreis festlegen;<\/li><li>W\u00e4hlen Sie eines der Abrechnungsintervalle: t\u00e4glich, w\u00f6chentlich, monatlich, j\u00e4hrlich;<\/li><li> Einstellbare Schaltfl\u00e4chenbreite;<\/li><li>Optionen f\u00fcr den Schaltfl\u00e4chenrand: Gr\u00f6\u00dfe, Farbe, Radius;<\/li><li>PayPal-Symbol anzeigen oder ausblenden.<\/li><\/ul><p>\u00dcberpr\u00fcfen Sie alle Funktionen in Live-Demo<\/p><p><\/div><\/p><div class=\"application-platform-content-item-installation application-platform-content-item\" id=\"installation\" data-nav-section=\"installation\"><h2>So f\u00fcgen Sie die PayPal Button-App zur BigCommerce-Website hinzu<\/h2><div class=\"video-container\"><iframe width=\"720\" height=\"405\" src=\"https:\/\/www.youtube.com\/embed\/Z0hvb7AMfH4\"><\/iframe><\/div><p>Befolgen Sie einfach die unten aufgef\u00fchrten Schritte, um das Widget in BigCommerce einzubetten.<\/p> <ol><li><b>Nutzen Sie unseren kostenlosen Konfigurator und beginnen Sie mit der Erstellung Ihrer eigenen App. <\/b><br> Geben Sie das bevorzugte Layout und die Funktionsmerkmale des Widgets an und speichern Sie die \u00c4nderungen. <\/li> <li><b>Erhalten Sie den pers\u00f6nlichen Code, der im speziellen Formular auf Elfsight Apps angezeigt wird. <\/b><br> Wenn die Einrichtung Ihres PayPal-Buttons abgeschlossen ist, kopieren Sie den pers\u00f6nlichen Code im angezeigten Fenster und bewahren Sie ihn f\u00fcr die sp\u00e4tere Verwendung auf. <\/li> <li><b>Initiieren Sie die Nutzung des Tools auf der BigCommerce-Website. <\/b><br> F\u00fcgen Sie den Code, den Sie k\u00fcrzlich gespeichert haben, auf Ihrer Seite hinzu und speichern Sie die Verbesserungen. <\/li> <li><b>Fertig! Das Setup wurde erfolgreich beendet. <\/b><br> Besuchen Sie Ihre Website, um die Leistung des Tools zu \u00fcberpr\u00fcfen. <\/li><\/ol><p>Haben Sie Probleme mit der Anzeige des Plugins oder der Anpassung? Kontaktieren Sie unseren Kundensupport.<\/p><\/div><div class=\"faq\" data-component=\"FAQ\"><div class=\"faq-item\">\r\n\t\t\t\t\t<div class=\"faq-item-question\">\r\n\t\t\t\t\t\t<h3 class=\"faq-item-question-text\">Wie bette ich einen PayPal-Button in meine BigCommerce-Website ein? <\/h3>\r\n\r\n\t\t\t\t\t\t<div class=\"faq-item-question-icon\"><\/div>\r\n\t\t\t\t\t<\/div>\r\n\r\n\t\t\t\t\t<div class=\"faq-item-answer\">\r\n\t\t\t\t\t\t<div class=\"faq-item-answer-text\"><p>The Die Erstellung des Widgets erfolgt innerhalb des Elfsight-Dienstes und Sie m\u00fcssen keine Programmierkenntnisse erlernen. Wenden Sie unsere aktive Demo an, um Ihr eigenes Plugin anzupassen, holen Sie sich den Code und f\u00fcgen Sie ihn in Ihre Website ein. <\/p><\/div>\r\n\t\t\t\t\t<\/div>\r\n\t\t\t\t<\/div><div class=\"faq-item\">\r\n\t\t\t\t\t<div class=\"faq-item-question\">\r\n\t\t\t\t\t\t<h3 class=\"faq-item-question-text\">Die besten Anwendungsbeispiele der PayPal-Integration<\/h3>\r\n\r\n\t\t\t\t\t\t<div class=\"faq-item-question-icon\"><\/div>\r\n\t\t\t\t\t<\/div>\r\n\r\n\t\t\t\t\t<div class=\"faq-item-answer\">\r\n\t\t\t\t\t\t<div class=\"faq-item-answer-text\"><p>Wir haben viele Anpassungsm\u00f6glichkeiten: vollwertige Widgets zum Einbetten in die Content-Zone, Floating-Plugins mit Scrollm\u00f6glichkeiten, Layouts f\u00fcr die Fu\u00dfzeile, den Kopfbereich und alle Variationen vertikaler Optionen f\u00fcr Seitenleisten und Men\u00fcs. <\/p><\/div>\r\n\t\t\t\t\t<\/div>\r\n\t\t\t\t<\/div><div class=\"faq-item\">\r\n\t\t\t\t\t<div class=\"faq-item-question\">\r\n\t\t\t\t\t\t<h3 class=\"faq-item-question-text\">Kann ich mit dem Editor eine PayPal-Spende- oder Abonnement-Schaltfl\u00e4che erstellen? <\/h3>\r\n\r\n\t\t\t\t\t\t<div class=\"faq-item-question-icon\"><\/div>\r\n\t\t\t\t\t<\/div>\r\n\r\n\t\t\t\t\t<div class=\"faq-item-answer\">\r\n\t\t\t\t\t\t<div class=\"faq-item-answer-text\"><p>Sie k\u00f6nnen die \u00c4nderungen jedes Widgets gestalten. Im Editor stehen Ihnen zahlreiche Layouts zur Verf\u00fcgung, die alle schnell nach Ihren W\u00fcnschen personalisiert werden k\u00f6nnen. <\/p><\/div>\r\n\t\t\t\t\t<\/div>\r\n\t\t\t\t<\/div><\/div>\n","protected":false},"excerpt":{"rendered":"","protected":false},"author":9,"featured_media":0,"parent":1132,"menu_order":0,"comment_status":"closed","ping_status":"closed","template":"templates\/template-application-platform.php","meta":{"publish_to_discourse":"","publish_post_category":"","wpdc_auto_publish_overridden":"","wpdc_topic_tags":"","wpdc_pin_topic":"","wpdc_pin_until":"","discourse_post_id":"","discourse_permalink":"","wpdc_publishing_response":"","wpdc_publishing_error":"","footnotes":""},"class_list":["post-20882","page","type-page","status-publish","hentry"],"yoast_head":"<!-- This site is optimized with the Yoast SEO plugin v25.3.1 - https:\/\/yoast.com\/wordpress\/plugins\/seo\/ -->\n<title>PayPal-Button \u2013 PayPal-App zu BigCommerce hinzuf\u00fcgen (Integration in 2 Minuten!)<\/title>\n<meta name=\"description\" content=\"Holen Sie sich Ihre pers\u00f6nliche PayPal-Button-App f\u00fcr BigCommerce und zeigen Sie sie in nur 2 Minuten auf Ihrer Website an. Kostenloser Editor, Hilfe bei der Integration und weitere Vorteile von Elfsight!\" \/>\n<meta name=\"robots\" content=\"index, follow, max-snippet:-1, max-image-preview:large, max-video-preview:-1\" \/>\n<link rel=\"canonical\" href=\"https:\/\/elfsight.com\/de\/paypal-button-widget-generator\/bigcommerce\/\" \/>\n<meta property=\"og:locale\" content=\"de_DE\" \/>\n<meta property=\"og:type\" content=\"article\" \/>\n<meta property=\"og:title\" content=\"PayPal-Button \u2013 PayPal-App zu BigCommerce hinzuf\u00fcgen (Integration in 2 Minuten!)\" \/>\n<meta property=\"og:description\" content=\"Holen Sie sich Ihre pers\u00f6nliche PayPal-Button-App f\u00fcr BigCommerce und zeigen Sie sie in nur 2 Minuten auf Ihrer Website an. Kostenloser Editor, Hilfe bei der Integration und weitere Vorteile von Elfsight!\" \/>\n<meta property=\"og:url\" content=\"https:\/\/elfsight.com\/de\/paypal-button-widget-generator\/bigcommerce\/\" \/>\n<meta property=\"og:site_name\" content=\"Elfsight DE\" \/>\n<meta property=\"article:modified_time\" content=\"2025-02-20T08:15:04+00:00\" \/>\n<meta name=\"twitter:card\" content=\"summary_large_image\" \/>\n<meta name=\"twitter:label1\" content=\"Gesch\u00e4tzte Lesezeit\" \/>\n\t<meta name=\"twitter:data1\" content=\"4\u00a0Minuten\" \/>\n<!-- \/ Yoast SEO plugin. -->","yoast_head_json":{"title":"PayPal-Button \u2013 PayPal-App zu BigCommerce hinzuf\u00fcgen (Integration in 2 Minuten!)","description":"Holen Sie sich Ihre pers\u00f6nliche PayPal-Button-App f\u00fcr BigCommerce und zeigen Sie sie in nur 2 Minuten auf Ihrer Website an. Kostenloser Editor, Hilfe bei der Integration und weitere Vorteile von Elfsight!","robots":{"index":"index","follow":"follow","max-snippet":"max-snippet:-1","max-image-preview":"max-image-preview:large","max-video-preview":"max-video-preview:-1"},"canonical":"https:\/\/elfsight.com\/de\/paypal-button-widget-generator\/bigcommerce\/","og_locale":"de_DE","og_type":"article","og_title":"PayPal-Button \u2013 PayPal-App zu BigCommerce hinzuf\u00fcgen (Integration in 2 Minuten!)","og_description":"Holen Sie sich Ihre pers\u00f6nliche PayPal-Button-App f\u00fcr BigCommerce und zeigen Sie sie in nur 2 Minuten auf Ihrer Website an. Kostenloser Editor, Hilfe bei der Integration und weitere Vorteile von Elfsight!","og_url":"https:\/\/elfsight.com\/de\/paypal-button-widget-generator\/bigcommerce\/","og_site_name":"Elfsight DE","article_modified_time":"2025-02-20T08:15:04+00:00","twitter_card":"summary_large_image","twitter_misc":{"Gesch\u00e4tzte Lesezeit":"4\u00a0Minuten"},"schema":{"@context":"https:\/\/schema.org","@graph":[{"@type":"WebPage","@id":"https:\/\/elfsight.com\/de\/paypal-button-widget-generator\/bigcommerce\/","url":"https:\/\/elfsight.com\/de\/paypal-button-widget-generator\/bigcommerce\/","name":"PayPal-Button \u2013 PayPal-App zu BigCommerce hinzuf\u00fcgen (Integration in 2 Minuten!)","isPartOf":{"@id":"https:\/\/elfsight.com\/de\/#website"},"datePublished":"2024-05-03T06:42:00+00:00","dateModified":"2025-02-20T08:15:04+00:00","description":"Holen Sie sich Ihre pers\u00f6nliche PayPal-Button-App f\u00fcr BigCommerce und zeigen Sie sie in nur 2 Minuten auf Ihrer Website an. Kostenloser Editor, Hilfe bei der Integration und weitere Vorteile von Elfsight!","breadcrumb":{"@id":"https:\/\/elfsight.com\/de\/paypal-button-widget-generator\/bigcommerce\/#breadcrumb"},"inLanguage":"de","potentialAction":[{"@type":"ReadAction","target":["https:\/\/elfsight.com\/de\/paypal-button-widget-generator\/bigcommerce\/"]}]},{"@type":"BreadcrumbList","@id":"https:\/\/elfsight.com\/de\/paypal-button-widget-generator\/bigcommerce\/#breadcrumb","itemListElement":[{"@type":"ListItem","position":1,"name":"Home","item":"https:\/\/elfsight.com\/de\/"},{"@type":"ListItem","position":2,"name":"PayPal Button","item":"https:\/\/elfsight.com\/de\/paypal-button-widget-generator\/"},{"@type":"ListItem","position":3,"name":"PayPal Button &#8211; BigCommerce"}]},{"@type":"WebSite","@id":"https:\/\/elfsight.com\/de\/#website","url":"https:\/\/elfsight.com\/de\/","name":"Elfsight DE","description":"Just another Elfsight Sites site","potentialAction":[{"@type":"SearchAction","target":{"@type":"EntryPoint","urlTemplate":"https:\/\/elfsight.com\/de\/?s={search_term_string}"},"query-input":{"@type":"PropertyValueSpecification","valueRequired":true,"valueName":"search_term_string"}}],"inLanguage":"de"}]}},"meta_box":{"industry":"","seo_heading":"","heading":"","description":"","cta_heading":"","cta_description":"","application":"473","h1":"BigCommerce PayPal Button-App","h1_caption":"F\u00fcgen Sie Ihrer Website eine Paypal-Schaltfl\u00e4che hinzu, um m\u00fchelos und schnell direkt \u00fcber Paypal auf Ihrer BigCommerce-Website zu bezahlen.","application_category":[],"applications_title":"","applications_request_title":"","applications_request_button_text":"","hero_text":"","hero_video":"","hero_video_schema_markup":"","selling_points_title":"","selling_points_caption":"","selling_points":[],"selling_points_cta_text":"","features_title":"","features":"","ed_cta_examples_text":"","ed_cta_examples_hidden":"","ed_cta_demo_text":"","ed_cta_demo_hidden":"","why_caption":"","why_editor_title":"","why_editor_text":"","why_team_title":"","why_team_text":"","why_service_title":"","why_service_text":"","template_catalog_visible":"0","template_catalog_title":"","template_catalog_text":"","template_catalog_categories_visible":"","demo_title":"Erstellen Sie Ihre PayPal Button-App","demo_caption":"Konfigurieren Sie Ihren PayPal-Button und f\u00fcgen Sie ihn kostenlos zu Ihrer BigCommerce-Website hinzu!","default_faq_hidden":"","app_template_category":[],"platform":"268","template_public_id":"","codecanyon_url":"","codecanyon_item_id":"","codecanyon_price":"","pricing_caption":"","pricing_elfsight_apps_hide_column":"","pricing_elfsight_apps_url":"","pricing_codecanyon_price_caption":"","integration_category":[],"integration_request_title":"","integration_request_cta":"","integration_platform":"","integrations":[],"platform_category":[],"video_schema_markup":"","price":"ab 0 $ \/ Monat","trial":"","benefits":[{"text":"Kostenloser Installationsservice"},{"text":"Kompetenter Kundenservice"},{"text":"14-t\u00e4gige R\u00fcckerstattungsgarantie"},{"text":"Lebenslange kostenlose Updates"}],"button_url":"#demo","button_target_blank":"0","button_nofollow":"0","attributes":[{"name":"Installiert","content":"10,000 - 100,000"},{"name":"Reaktionsfreudig","content":"Ja"},{"name":"Kompatible Browser","content":"Firefox, Safari, Opera, Chrome, Edge"}],"tags":[],"tags_disable_links":"0","hide_more_platforms":"0","video_object":"","demo_hide_cta":"0","demo_hide_cloud_options":"0","pricing_title":"","pricing":[{"pricing_icon":"platform","pricing_title":"Elfsight Apps","pricing_title_caption":"Plattform\u00fcbergreifende Software, die auf jeder Website funktioniert","pricing_price":"ab 0 $ \/ Monat","pricing_price_caption":"Beginnen Sie mit einem kostenlosen Plan","pricing_benefits":[{"text":"Unbegrenzte Websites"},{"text":"Professionelle und p\u00fcnktliche Unterst\u00fctzung"},{"text":"Kostenlose Installationshilfe"},{"text":"Flexibles Design"}],"pricing_button_text":"Zur Website hinzuf\u00fcgen","pricing_button_url":"#demo"}],"related_apps_title":"","related_apps_hidden":"0","author":"","image":[],"title":"","job":"","social_networks":[]},"_links":{"self":[{"href":"https:\/\/elfsight.com\/de\/wp-json\/wp\/v2\/pages\/20882","targetHints":{"allow":["GET"]}}],"collection":[{"href":"https:\/\/elfsight.com\/de\/wp-json\/wp\/v2\/pages"}],"about":[{"href":"https:\/\/elfsight.com\/de\/wp-json\/wp\/v2\/types\/page"}],"author":[{"embeddable":true,"href":"https:\/\/elfsight.com\/de\/wp-json\/wp\/v2\/users\/9"}],"replies":[{"embeddable":true,"href":"https:\/\/elfsight.com\/de\/wp-json\/wp\/v2\/comments?post=20882"}],"version-history":[{"count":3,"href":"https:\/\/elfsight.com\/de\/wp-json\/wp\/v2\/pages\/20882\/revisions"}],"predecessor-version":[{"id":24474,"href":"https:\/\/elfsight.com\/de\/wp-json\/wp\/v2\/pages\/20882\/revisions\/24474"}],"up":[{"embeddable":true,"href":"https:\/\/elfsight.com\/de\/wp-json\/wp\/v2\/pages\/1132"}],"wp:attachment":[{"href":"https:\/\/elfsight.com\/de\/wp-json\/wp\/v2\/media?parent=20882"}],"curies":[{"name":"wp","href":"https:\/\/api.w.org\/{rel}","templated":true}]}}