{"id":20873,"date":"2024-05-03T06:41:37","date_gmt":"2024-05-03T06:41:37","guid":{"rendered":"https:\/\/elfsight.com\/de\/?page_id=20873"},"modified":"2025-02-20T08:47:12","modified_gmt":"2025-02-20T08:47:12","slug":"godaddy","status":"publish","type":"page","link":"https:\/\/elfsight.com\/de\/paypal-button-widget-generator\/godaddy\/","title":{"rendered":"PayPal Button &#8211; GoDaddy"},"content":{"rendered":"\n<div class=\"application-platform-content-item-description application-platform-content-item\" id=\"description\" data-nav-section=\"description\"> <h2>PayPal-Button auf GoDaddy mit dem Elfsight-Widget einbetten<\/h2> <p>Organisieren Sie ohne gro\u00dfen Aufwand ein zuverl\u00e4ssiges und praktisches Bezahlen auf Ihrer Website. Mit dem PayPal-Button von Elfsight k\u00f6nnen Sie Kassen, wiederkehrende Abonnements und Spenden von Ihren Kunden akzeptieren. Erstellen Sie Ihren eigenen benutzerdefinierten Button, indem Sie die Zahlungsvariante, die W\u00e4hrung, die Lokalisierung und das Aussehen ausw\u00e4hlen, um ihn wirklich einzigartig zu machen. Ihre Kunden m\u00f6chten schnell und bequem auf Ihrer Website \u00fcber den PayPal-Button bezahlen. <\/p> <p><b>F\u00fchren Sie PayPal-Zahlungen ohne gro\u00dfen Aufwand in Ihre Website ein! <\/b><\/p> <p><b>Ein beliebtes Bezahlverfahren auf Ihrer Website. Schnell, einfach, keine Programmierung. <\/b><\/p><p>K\u00e4ufer sch\u00e4tzen sicheres Bezahlen auf einer Website. Richten Sie bei Elfsight Ihren eigenen PayPal-Button ein und Sie erhalten einen unkomplizierten und schnellen Bezahlvorgang f\u00fcr Ihre K\u00e4ufer. Kein Programmieren, kein Schwei\u00df. <\/p> <p><b>Ein einziges Instrument zur Verarbeitung von Zahlungen, Abonnements und Spenden<\/b><\/p> <p>Mit nur einem Plugin von Elfsight k\u00f6nnen Sie Schaltfl\u00e4chen hinzuf\u00fcgen, mit denen Kunden bezahlen, abonnieren und bezahlen k\u00f6nnen Spenden Sie auf Ihrer Website. Sparen Sie Zeit und Geld mit einer Mehrzweckl\u00f6sung, die Ihnen eine Reihe praktischer Varianten bietet. <\/p> <p><b>Eines der sichersten und bekanntesten Zahlungssysteme auf Ihrer Website<\/b><\/p> <p>Verpassen Sie nicht die Chance, Ihre Website in eines der beliebtesten zu integrieren sicheres und zuverl\u00e4ssiges Zahlungsinstrument. Mit dem Elfsight PayPal Button ist dies in Sekundenschnelle erledigt und bietet Ihren Benutzern maximalen Komfort. <\/p> <\/div> <div class=\"application-platform-content-item-features application-platform-content-item\" id=\"features\" data-nav-section=\"features\"> <h2>Hauptfunktionen des PayPal-Button-Widgets<\/h2> <p>Entdecken Sie die Funktionen, die unser Plugin zum besten f\u00fcr Website-Zahlungen machen: <\/p> <ul><li>Option zum Hinzuf\u00fcgen eines Produktnamens; <\/li><li>W\u00e4hlen Sie eines der Abrechnungsintervalle: t\u00e4glich, w\u00f6chentlich, monatlich, j\u00e4hrlich; <\/li><li>Responsive Gr\u00f6\u00dfe f\u00fcr optimales Aussehen auf jedem Ger\u00e4t; <\/li><li>Auswahl der Tastenfarbe; <\/li><li>Option, um einen Kunden nach einer erfolgreichen Transaktion zu einer benutzerdefinierten Dankesseite weiterzuleiten. <\/li><\/ul> <p><a href=\"#demo\">Entdecken Sie alle Funktionen im intuitiven Editor<\/a><\/p><\/div><div class=\"application-platform-content-item-installation application-platform-content-item\" id=\"installation\" data-nav-section=\"installation\"><h2>So f\u00fcgen Sie ein Plugin zur WordPress-Website hinzu<\/h2><p>Ungef\u00e4hre Implementierungszeit dauert nur 70 Sekunden und ein netter Bonus ist, dass Sie keine Programmierkenntnisse ben\u00f6tigen. <\/p><ol><li><b>\u00d6ffnen Sie unseren kostenlosen Konfigurator und beginnen Sie mit der Erstellung Ihres individuellen Plugins. <\/b><br> Geben Sie das benutzerdefinierte Formular und die Optionen des Tools an und speichern Sie die Korrekturen. <\/li> <li><b>Kopieren Sie Ihren individuellen Code, der im Feld auf Elfsight Apps angezeigt wird. <\/b><br> Sobald die Anpassung Ihres pers\u00f6nlichen Plugins abgeschlossen ist, kopieren Sie den exklusiven Code im angezeigten Fenster und bewahren Sie ihn f\u00fcr den weiteren Bedarf auf. <\/li> <li><b>Geben Sie die Verwendung des Plugins auf der GoDaddy-Homepage an. <\/b><br> F\u00fcgen Sie den zuvor kopierten Code in Ihre Seite ein und speichern Sie die \u00c4nderungen. <\/li> <li><b>Fertig! Die Integration ist erfolgreich abgeschlossen. <\/b><br> Besuchen Sie Ihre Seite, um einen Blick auf die Funktionsweise des Plugins zu werfen. <\/li><\/ol> <p>Falls Sie auf Schwierigkeiten sto\u00dfen, z\u00f6gern Sie nicht, die Hilfe unseres Support-Teams in Anspruch zu nehmen. Unsere Berater l\u00f6sen gerne alle Schwierigkeiten, die Sie mit dem Tool haben k\u00f6nnten. <\/p> <div class=\"faq\" data-component=\"FAQ\"> <div class=\"faq-item\">\r\n\t\t\t\t\t<div class=\"faq-item-question\">\r\n\t\t\t\t\t\t<h3 class=\"faq-item-question-text\">Wie kann ich ohne Programmierkenntnisse eine PayPal-Schaltfl\u00e4che zu meiner GoDaddy-Website hinzuf\u00fcgen?<\/h3>\r\n\r\n\t\t\t\t\t\t<div class=\"faq-item-question-icon\"><\/div>\r\n\t\t\t\t\t<\/div>\r\n\r\n\t\t\t\t\t<div class=\"faq-item-answer\">\r\n\t\t\t\t\t\t<div class=\"faq-item-answer-text\"> <p>Elfsight bietet eine SaaS-L\u00f6sung, mit der Sie selbst ein PayPal-Schaltfl\u00e4chen-Widget erstellen k\u00f6nnen. Sehen Sie, wie einfach es ist Der Prozess ist: Arbeiten Sie direkt im Online-Editor, um ein PayPal-Schaltfl\u00e4chen-Widget zu erstellen, das Sie auf Ihrer GoDaddy-Website sehen m\u00f6chten. W\u00e4hlen Sie eine der vorgefertigten Vorlagen aus und passen Sie die Einstellungen der PayPal-Schaltfl\u00e4che an, f\u00fcgen Sie Ihre Inhalte hinzu, \u00e4ndern Sie das Layout und die Farben ohne Programmierkenntnisse. Speichern Sie die PayPal-Schaltfl\u00e4che und kopieren Sie den Installationscode, den Sie einfach in Ihre GoDaddy-Website einf\u00fcgen k\u00f6nnen, ohne einen kostenpflichtigen Plan zu kaufen. Mit unserem intuitiven Editor kann jeder Internetnutzer online ein PayPal-Button-Widget erstellen und es ganz einfach in seine GoDaddy-Website einbetten. Sie m\u00fcssen weder bezahlen noch Ihre Kartendaten eingeben, um auf den Service zuzugreifen. Sollten bei irgendeinem Schritt Probleme auftreten, wenden Sie sich bitte an unser technisches Support-Team.<\/p> <\/div>\r\n\t\t\t\t\t<\/div>\r\n\t\t\t\t<\/div> <\/div> <\/div>\n","protected":false},"excerpt":{"rendered":"","protected":false},"author":9,"featured_media":0,"parent":1132,"menu_order":0,"comment_status":"closed","ping_status":"closed","template":"templates\/template-application-platform.php","meta":{"publish_to_discourse":"","publish_post_category":"","wpdc_auto_publish_overridden":"","wpdc_topic_tags":"","wpdc_pin_topic":"","wpdc_pin_until":"","discourse_post_id":"","discourse_permalink":"","wpdc_publishing_response":"","wpdc_publishing_error":"","footnotes":""},"class_list":["post-20873","page","type-page","status-publish","hentry"],"yoast_head":"<!-- This site is optimized with the Yoast SEO plugin v25.3.1 - https:\/\/yoast.com\/wordpress\/plugins\/seo\/ -->\n<title>PDF Embed-Plugin \u2013 F\u00fcgen Sie das PDF Embed-Plugin zur GoDaddy-Website hinzu!<\/title>\n<meta name=\"description\" content=\"Erweitern Sie die Funktionalit\u00e4t Ihrer Website, indem Sie das PDF Embed-Plugin f\u00fcr Ihre GoDaddy-Website verwenden! Steigern Sie Ihr Gesch\u00e4ft in 1-2-3!\" \/>\n<meta name=\"robots\" content=\"index, follow, max-snippet:-1, max-image-preview:large, max-video-preview:-1\" \/>\n<link rel=\"canonical\" href=\"https:\/\/elfsight.com\/de\/paypal-button-widget-generator\/godaddy\/\" \/>\n<meta property=\"og:locale\" content=\"de_DE\" \/>\n<meta property=\"og:type\" content=\"article\" \/>\n<meta property=\"og:title\" content=\"PDF Embed-Plugin \u2013 F\u00fcgen Sie das PDF Embed-Plugin zur GoDaddy-Website hinzu!\" \/>\n<meta property=\"og:description\" content=\"Erweitern Sie die Funktionalit\u00e4t Ihrer Website, indem Sie das PDF Embed-Plugin f\u00fcr Ihre GoDaddy-Website verwenden! Steigern Sie Ihr Gesch\u00e4ft in 1-2-3!\" \/>\n<meta property=\"og:url\" content=\"https:\/\/elfsight.com\/de\/paypal-button-widget-generator\/godaddy\/\" \/>\n<meta property=\"og:site_name\" content=\"Elfsight DE\" \/>\n<meta property=\"article:modified_time\" content=\"2025-02-20T08:47:12+00:00\" \/>\n<meta name=\"twitter:card\" content=\"summary_large_image\" \/>\n<meta name=\"twitter:label1\" content=\"Gesch\u00e4tzte Lesezeit\" \/>\n\t<meta name=\"twitter:data1\" content=\"4\u00a0Minuten\" \/>\n<!-- \/ Yoast SEO plugin. -->","yoast_head_json":{"title":"PDF Embed-Plugin \u2013 F\u00fcgen Sie das PDF Embed-Plugin zur GoDaddy-Website hinzu!","description":"Erweitern Sie die Funktionalit\u00e4t Ihrer Website, indem Sie das PDF Embed-Plugin f\u00fcr Ihre GoDaddy-Website verwenden! Steigern Sie Ihr Gesch\u00e4ft in 1-2-3!","robots":{"index":"index","follow":"follow","max-snippet":"max-snippet:-1","max-image-preview":"max-image-preview:large","max-video-preview":"max-video-preview:-1"},"canonical":"https:\/\/elfsight.com\/de\/paypal-button-widget-generator\/godaddy\/","og_locale":"de_DE","og_type":"article","og_title":"PDF Embed-Plugin \u2013 F\u00fcgen Sie das PDF Embed-Plugin zur GoDaddy-Website hinzu!","og_description":"Erweitern Sie die Funktionalit\u00e4t Ihrer Website, indem Sie das PDF Embed-Plugin f\u00fcr Ihre GoDaddy-Website verwenden! Steigern Sie Ihr Gesch\u00e4ft in 1-2-3!","og_url":"https:\/\/elfsight.com\/de\/paypal-button-widget-generator\/godaddy\/","og_site_name":"Elfsight DE","article_modified_time":"2025-02-20T08:47:12+00:00","twitter_card":"summary_large_image","twitter_misc":{"Gesch\u00e4tzte Lesezeit":"4\u00a0Minuten"},"schema":{"@context":"https:\/\/schema.org","@graph":[{"@type":"WebPage","@id":"https:\/\/elfsight.com\/de\/paypal-button-widget-generator\/godaddy\/","url":"https:\/\/elfsight.com\/de\/paypal-button-widget-generator\/godaddy\/","name":"PDF Embed-Plugin \u2013 F\u00fcgen Sie das PDF Embed-Plugin zur GoDaddy-Website hinzu!","isPartOf":{"@id":"https:\/\/elfsight.com\/de\/#website"},"datePublished":"2024-05-03T06:41:37+00:00","dateModified":"2025-02-20T08:47:12+00:00","description":"Erweitern Sie die Funktionalit\u00e4t Ihrer Website, indem Sie das PDF Embed-Plugin f\u00fcr Ihre GoDaddy-Website verwenden! Steigern Sie Ihr Gesch\u00e4ft in 1-2-3!","breadcrumb":{"@id":"https:\/\/elfsight.com\/de\/paypal-button-widget-generator\/godaddy\/#breadcrumb"},"inLanguage":"de","potentialAction":[{"@type":"ReadAction","target":["https:\/\/elfsight.com\/de\/paypal-button-widget-generator\/godaddy\/"]}]},{"@type":"BreadcrumbList","@id":"https:\/\/elfsight.com\/de\/paypal-button-widget-generator\/godaddy\/#breadcrumb","itemListElement":[{"@type":"ListItem","position":1,"name":"Home","item":"https:\/\/elfsight.com\/de\/"},{"@type":"ListItem","position":2,"name":"PayPal Button","item":"https:\/\/elfsight.com\/de\/paypal-button-widget-generator\/"},{"@type":"ListItem","position":3,"name":"PayPal Button &#8211; GoDaddy"}]},{"@type":"WebSite","@id":"https:\/\/elfsight.com\/de\/#website","url":"https:\/\/elfsight.com\/de\/","name":"Elfsight DE","description":"Just another Elfsight Sites site","potentialAction":[{"@type":"SearchAction","target":{"@type":"EntryPoint","urlTemplate":"https:\/\/elfsight.com\/de\/?s={search_term_string}"},"query-input":{"@type":"PropertyValueSpecification","valueRequired":true,"valueName":"search_term_string"}}],"inLanguage":"de"}]}},"meta_box":{"industry":"","seo_heading":"","heading":"","description":"","cta_heading":"","cta_description":"","application":"473","h1":"GoDaddy PayPal Button-Plugin","h1_caption":"F\u00fcgen Sie Ihrer Website eine Paypal-Schaltfl\u00e4che hinzu, um schnell und einfach m\u00fchelos direkt \u00fcber Paypal auf Ihrer GoDaddy-Website zu bezahlen.","application_category":[],"applications_title":"","applications_request_title":"","applications_request_button_text":"","hero_text":"","hero_video":"","hero_video_schema_markup":"","selling_points_title":"","selling_points_caption":"","selling_points":[],"selling_points_cta_text":"","features_title":"","features":"","ed_cta_examples_text":"","ed_cta_examples_hidden":"","ed_cta_demo_text":"","ed_cta_demo_hidden":"","why_caption":"","why_editor_title":"","why_editor_text":"","why_team_title":"","why_team_text":"","why_service_title":"","why_service_text":"","template_catalog_visible":"0","template_catalog_title":"","template_catalog_text":"","template_catalog_categories_visible":"","demo_title":"Erstellen Sie Ihr PayPal-Button-Plugin","demo_caption":"Konfigurieren Sie Ihren PayPal-Button und f\u00fcgen Sie ihn kostenlos zu Ihrer GoDaddy-Website hinzu!","default_faq_hidden":"","app_template_category":[],"platform":"241","template_public_id":"","codecanyon_url":"","codecanyon_item_id":"","codecanyon_price":"","pricing_caption":"","pricing_elfsight_apps_hide_column":"","pricing_elfsight_apps_url":"","pricing_codecanyon_price_caption":"","integration_category":[],"integration_request_title":"","integration_request_cta":"","integration_platform":"","integrations":[],"platform_category":[],"video_schema_markup":"","price":"ab 0 $ \/ Monat","trial":"","benefits":[{"text":"Kostenlose Installationsunterst\u00fctzung"},{"text":"Au\u00dfergew\u00f6hnlicher Support"},{"text":"14-t\u00e4gige R\u00fcckerstattungsgarantie"},{"text":"Regelm\u00e4\u00dfige Updates"}],"button_url":"#demo","button_target_blank":"0","button_nofollow":"0","attributes":[{"name":"Installiert","content":"10,000 - 100,000"},{"name":"Reaktionsfreudig","content":"Ja"},{"name":"Kompatible Browser","content":"IE11, Firefox, Safari, Opera, Chrome, Edge"}],"tags":[],"tags_disable_links":"0","hide_more_platforms":"0","video_object":"","demo_hide_cta":"0","demo_hide_cloud_options":"0","pricing_title":"","pricing":[{"pricing_icon":"platform","pricing_title":"Elfsight Apps","pricing_title_caption":"Multiplattform-L\u00f6sung, die f\u00fcr jeden Standort geeignet ist","pricing_price":"ab 0 $ \/ Monat","pricing_price_caption":"Beginnen Sie mit einem kostenlosen Plan","pricing_benefits":[{"text":"Unbegrenzte Websites"},{"text":"Kundensupport rund um die Uhr"},{"text":"Kostenloser Installationsservice"},{"text":"Flexibles Design"}],"pricing_button_text":"Zur Website hinzuf\u00fcgen","pricing_button_url":"#demo"}],"related_apps_title":"","related_apps_hidden":"0","author":"","image":[],"title":"","job":"","social_networks":[]},"_links":{"self":[{"href":"https:\/\/elfsight.com\/de\/wp-json\/wp\/v2\/pages\/20873","targetHints":{"allow":["GET"]}}],"collection":[{"href":"https:\/\/elfsight.com\/de\/wp-json\/wp\/v2\/pages"}],"about":[{"href":"https:\/\/elfsight.com\/de\/wp-json\/wp\/v2\/types\/page"}],"author":[{"embeddable":true,"href":"https:\/\/elfsight.com\/de\/wp-json\/wp\/v2\/users\/9"}],"replies":[{"embeddable":true,"href":"https:\/\/elfsight.com\/de\/wp-json\/wp\/v2\/comments?post=20873"}],"version-history":[{"count":2,"href":"https:\/\/elfsight.com\/de\/wp-json\/wp\/v2\/pages\/20873\/revisions"}],"predecessor-version":[{"id":24489,"href":"https:\/\/elfsight.com\/de\/wp-json\/wp\/v2\/pages\/20873\/revisions\/24489"}],"up":[{"embeddable":true,"href":"https:\/\/elfsight.com\/de\/wp-json\/wp\/v2\/pages\/1132"}],"wp:attachment":[{"href":"https:\/\/elfsight.com\/de\/wp-json\/wp\/v2\/media?parent=20873"}],"curies":[{"name":"wp","href":"https:\/\/api.w.org\/{rel}","templated":true}]}}