{"id":20868,"date":"2024-05-03T06:41:36","date_gmt":"2024-05-03T06:41:36","guid":{"rendered":"https:\/\/elfsight.com\/de\/?page_id=20868"},"modified":"2025-07-09T14:07:09","modified_gmt":"2025-07-09T14:07:09","slug":"prestashop","status":"publish","type":"page","link":"https:\/\/elfsight.com\/de\/paypal-button-widget-generator\/prestashop\/","title":{"rendered":"PayPal Button &#8211; PrestaShop"},"content":{"rendered":"<div class=\"application-platform-content-item-description application-platform-content-item\" id=\"description\" data-nav-section=\"description\"> <h2>Beschreibung<\/h2> <p>Elfsight PayPal Button bietet eine unkomplizierte M\u00f6glichkeit, Ihren Kunden die Zahlung per PayPal auf einer Website zu erm\u00f6glichen. Es erm\u00f6glicht die Einrichtung von Schaltfl\u00e4chen f\u00fcr Einzelzahlungen, automatische Abonnements und Spenden. Sie k\u00f6nnen Steuern und Lieferpreise anzeigen, Lokalisierung und W\u00e4hrung ausw\u00e4hlen, Text anzeigen und viele weitere Optionen. Erhalten Sie eine einfache und sichere Zahlungsvariante f\u00fcr Ihre Benutzer, indem Sie eines der vertrauensw\u00fcrdigsten Zahlungssysteme nutzen und das in k\u00fcrzester Zeit. Platzieren Sie ganz einfach ein vertrauensw\u00fcrdiges und klares Zahlungssystem auf Ihrer Website. Mit dem PayPal-Button von Elfsight k\u00f6nnen Sie Einzelzahlungen, automatische Abonnements und Spenden vom Publikum erhalten. Holen Sie sich Ihren personalisierten Button, indem Sie die Zahlungsart, die W\u00e4hrung, die Lokalisierung und die Darstellungsoptionen ausw\u00e4hlen, um ihn wirklich einzigartig zu machen. Die schnellen und bequemen Bezahlvorg\u00e4nge auf Ihrer Website mit dem PayPal-Button werden Ihren Kunden gefallen. <\/p> <p><b>Machen Sie Ihre Website mit dem PayPal-Button effizienter f\u00fcr E-Commerce-Aufgaben.<\/b><\/p> <\/div> <div class=\"application-platform-content-item-features application-platform-content-item\" id=\"features\" data-nav-section=\"features\"> <h2>Dies sind nur Mehrere der umfangreichen Widget-Funktionen: <\/h2> <ul><li>Drei Arten von Schaltfl\u00e4chen: Einzelzahlung, Spende, Abonnement<\/li><li>Produktnamen hinzuf\u00fcgen<\/li><li>Eine Bibliothek aller Beliebteste W\u00e4hrungen<\/li><li>Produktpreis festlegen<\/li><li>Option zum Festlegen des Versandpreises<\/li><li>2 Varianten der Steuerangabe: pauschal oder prozentual<\/li><li>W\u00e4hlen Sie eine aus der Abrechnungsintervalle: j\u00e4hrlich, monatlich, t\u00e4glich, w\u00f6chentlich<\/li><li>Option f\u00fcr wiederkehrendes Abonnement <\/li><li>PayPal-Symbol anzeigen oder ausblenden<\/li><li>Legen Sie mithilfe der Schaltfl\u00e4chenkopfzeile einen beliebigen Text \u00fcber der Schaltfl\u00e4che fest <\/li><li>Option, um einen Kunden nach einer erfolgreichen Transaktion zu einer benutzerdefinierten Dankesseite weiterzuleiten<\/li><\/ul><p><a href=\"#demo\">Probieren Sie einfach diese Demo aus, um alles zu erfahren Idee<\/a><\/p> <\/div> <div class=\"application-platform-content-item-installation application-platform-content-item\" id=\"installation\" data-nav-section=\"installation\"> <h2>Wie bette ich den PayPal-Button auf meiner PrestaShop-Webseite ein? <\/h2> <p>Befolgen Sie einfach die folgenden Richtlinien, um das Add-on hinzuzuf\u00fcgen. <\/p> <ol><li><b>Nutzen Sie unseren kostenlosen Konfigurator und beginnen Sie mit der Erstellung Ihres einzigartigen Add-ons. <\/b><br> Geben Sie das bevorzugte Design und die Spezifikationen des Widgets an und speichern Sie die \u00c4nderungen. <\/li> <li><b>Erhalten Sie Ihren individuellen Code, der in der Box auf Elfsight Apps angezeigt wird. <\/b><br> Sobald die Generierung Ihres pers\u00f6nlichen Add-ons abgeschlossen ist, kopieren Sie den pers\u00f6nlichen Code in das angezeigte Feld und speichern Sie ihn zur sp\u00e4teren Verwendung. <\/li> <li><b>Beginnen Sie mit der Anwendung des Widgets auf der PrestaShop-Webseite. <\/b><br> F\u00fcgen Sie den Code, den Sie k\u00fcrzlich gespeichert haben, auf Ihrer Seite hinzu und speichern Sie die Anpassungen. <\/li> <li><b>Das Setup ist vollst\u00e4ndig beendet. <\/b><br> Besuchen Sie Ihre Website, um zu sehen, wie das Tool funktioniert. <\/li><\/ol> <p>Sollten Sie auf Komplikationen sto\u00dfen, z\u00f6gern Sie nicht, sich an unser Support-Team zu wenden. Unsere Spezialisten helfen Ihnen gerne bei allen Schwierigkeiten, die Sie mit dem Produkt haben k\u00f6nnten. <\/p> <div class=\"faq\" data-component=\"FAQ\"> <div class=\"faq-item\">\r\n\t\t\t\t\t<div class=\"faq-item-question\">\r\n\t\t\t\t\t\t<h3 class=\"faq-item-question-text\">Wie f\u00fcge ich ohne Programmierkenntnisse eine PayPal-Schaltfl\u00e4che zu meiner PrestaShop-Website hinzu?<\/h3>\r\n\r\n\t\t\t\t\t\t<div class=\"faq-item-question-icon\"><\/div>\r\n\t\t\t\t\t<\/div>\r\n\r\n\t\t\t\t\t<div class=\"faq-item-answer\">\r\n\t\t\t\t\t\t<div class=\"faq-item-answer-text\"> <p>Elfsight bietet eine SaaS-L\u00f6sung, mit der Sie selbst ein PayPal-Schaltfl\u00e4chen-Widget erstellen k\u00f6nnen. Sehen Sie, wie einfach das ist Der Vorgang ist: Arbeiten Sie direkt im Online-Editor, um ein PayPal-Schaltfl\u00e4chen-Widget zu erstellen, das Sie auf Ihrer PrestaShop-Website sehen m\u00f6chten. W\u00e4hlen Sie eine der vorgefertigten Vorlagen aus und passen Sie die Einstellungen der PayPal-Schaltfl\u00e4che an, f\u00fcgen Sie Ihre Inhalte hinzu, \u00e4ndern Sie das Layout und die Farben ohne Programmierkenntnisse. Speichern Sie die PayPal-Schaltfl\u00e4che und kopieren Sie den Installationscode, damit Sie sie problemlos zu Ihrer PrestaShop-Website hinzuf\u00fcgen k\u00f6nnen, ohne eine kostenpflichtige Version kaufen zu m\u00fcssen. Mit unserem intuitiven Editor kann jeder Internetnutzer online ein PayPal-Button-Widget erstellen und es einfach in seine PrestaShop-Website einbetten. Sie m\u00fcssen weder bezahlen noch Ihre Kartendaten eingeben, um auf den Service zuzugreifen. Sollten bei irgendeinem Schritt Probleme auftreten, wenden Sie sich bitte an unser technisches Support-Team.<\/p> <\/div>\r\n\t\t\t\t\t<\/div>\r\n\t\t\t\t<\/div> <\/div> <\/div>","protected":false},"excerpt":{"rendered":"","protected":false},"author":9,"featured_media":0,"parent":1132,"menu_order":0,"comment_status":"closed","ping_status":"closed","template":"templates\/template-application-platform.php","meta":{"publish_to_discourse":"","publish_post_category":"","wpdc_auto_publish_overridden":"","wpdc_topic_tags":"","wpdc_pin_topic":"","wpdc_pin_until":"","discourse_post_id":"","discourse_permalink":"","wpdc_publishing_response":"","wpdc_publishing_error":"","footnotes":""},"class_list":["post-20868","page","type-page","status-publish","hentry"],"yoast_head":"<!-- This site is optimized with the Yoast SEO plugin v25.3.1 - https:\/\/yoast.com\/wordpress\/plugins\/seo\/ -->\n<title>PayPal-Button \u2013 PayPal-Plugin zur PrestaShop-Website hinzuf\u00fcgen (2025)<\/title>\n<meta name=\"description\" content=\"Holen Sie sich ein ma\u00dfgeschneidertes E-Commerce-PayPal-Button-Add-on (Spenden, Zahlung oder Abonnement) f\u00fcr die Integration mit PrestaShop und f\u00fcgen Sie es in 2 Minuten zur Website hinzu.\" \/>\n<meta name=\"robots\" content=\"index, follow, max-snippet:-1, max-image-preview:large, max-video-preview:-1\" \/>\n<link rel=\"canonical\" href=\"https:\/\/elfsight.com\/de\/paypal-button-widget-generator\/prestashop\/\" \/>\n<meta property=\"og:locale\" content=\"de_DE\" \/>\n<meta property=\"og:type\" content=\"article\" \/>\n<meta property=\"og:title\" content=\"PayPal-Button \u2013 PayPal-Plugin zur PrestaShop-Website hinzuf\u00fcgen (2025)\" \/>\n<meta property=\"og:description\" content=\"Holen Sie sich ein ma\u00dfgeschneidertes E-Commerce-PayPal-Button-Add-on (Spenden, Zahlung oder Abonnement) f\u00fcr die Integration mit PrestaShop und f\u00fcgen Sie es in 2 Minuten zur Website hinzu.\" \/>\n<meta property=\"og:url\" content=\"https:\/\/elfsight.com\/de\/paypal-button-widget-generator\/prestashop\/\" \/>\n<meta property=\"og:site_name\" content=\"Elfsight DE\" \/>\n<meta property=\"article:modified_time\" content=\"2025-07-09T14:07:09+00:00\" \/>\n<meta name=\"twitter:card\" content=\"summary_large_image\" \/>\n<meta name=\"twitter:label1\" content=\"Gesch\u00e4tzte Lesezeit\" \/>\n\t<meta name=\"twitter:data1\" content=\"3\u00a0Minuten\" \/>\n<!-- \/ Yoast SEO plugin. -->","yoast_head_json":{"title":"PayPal-Button \u2013 PayPal-Plugin zur PrestaShop-Website hinzuf\u00fcgen (2025)","description":"Holen Sie sich ein ma\u00dfgeschneidertes E-Commerce-PayPal-Button-Add-on (Spenden, Zahlung oder Abonnement) f\u00fcr die Integration mit PrestaShop und f\u00fcgen Sie es in 2 Minuten zur Website hinzu.","robots":{"index":"index","follow":"follow","max-snippet":"max-snippet:-1","max-image-preview":"max-image-preview:large","max-video-preview":"max-video-preview:-1"},"canonical":"https:\/\/elfsight.com\/de\/paypal-button-widget-generator\/prestashop\/","og_locale":"de_DE","og_type":"article","og_title":"PayPal-Button \u2013 PayPal-Plugin zur PrestaShop-Website hinzuf\u00fcgen (2025)","og_description":"Holen Sie sich ein ma\u00dfgeschneidertes E-Commerce-PayPal-Button-Add-on (Spenden, Zahlung oder Abonnement) f\u00fcr die Integration mit PrestaShop und f\u00fcgen Sie es in 2 Minuten zur Website hinzu.","og_url":"https:\/\/elfsight.com\/de\/paypal-button-widget-generator\/prestashop\/","og_site_name":"Elfsight DE","article_modified_time":"2025-07-09T14:07:09+00:00","twitter_card":"summary_large_image","twitter_misc":{"Gesch\u00e4tzte Lesezeit":"3\u00a0Minuten"},"schema":{"@context":"https:\/\/schema.org","@graph":[{"@type":"WebPage","@id":"https:\/\/elfsight.com\/de\/paypal-button-widget-generator\/prestashop\/","url":"https:\/\/elfsight.com\/de\/paypal-button-widget-generator\/prestashop\/","name":"PayPal-Button \u2013 PayPal-Plugin zur PrestaShop-Website hinzuf\u00fcgen (2025)","isPartOf":{"@id":"https:\/\/elfsight.com\/de\/#website"},"datePublished":"2024-05-03T06:41:36+00:00","dateModified":"2025-07-09T14:07:09+00:00","description":"Holen Sie sich ein ma\u00dfgeschneidertes E-Commerce-PayPal-Button-Add-on (Spenden, Zahlung oder Abonnement) f\u00fcr die Integration mit PrestaShop und f\u00fcgen Sie es in 2 Minuten zur Website hinzu.","breadcrumb":{"@id":"https:\/\/elfsight.com\/de\/paypal-button-widget-generator\/prestashop\/#breadcrumb"},"inLanguage":"de","potentialAction":[{"@type":"ReadAction","target":["https:\/\/elfsight.com\/de\/paypal-button-widget-generator\/prestashop\/"]}]},{"@type":"BreadcrumbList","@id":"https:\/\/elfsight.com\/de\/paypal-button-widget-generator\/prestashop\/#breadcrumb","itemListElement":[{"@type":"ListItem","position":1,"name":"Home","item":"https:\/\/elfsight.com\/de\/"},{"@type":"ListItem","position":2,"name":"PayPal Button","item":"https:\/\/elfsight.com\/de\/paypal-button-widget-generator\/"},{"@type":"ListItem","position":3,"name":"PayPal Button &#8211; PrestaShop"}]},{"@type":"WebSite","@id":"https:\/\/elfsight.com\/de\/#website","url":"https:\/\/elfsight.com\/de\/","name":"Elfsight DE","description":"Just another Elfsight Sites site","potentialAction":[{"@type":"SearchAction","target":{"@type":"EntryPoint","urlTemplate":"https:\/\/elfsight.com\/de\/?s={search_term_string}"},"query-input":{"@type":"PropertyValueSpecification","valueRequired":true,"valueName":"search_term_string"}}],"inLanguage":"de"}]}},"meta_box":{"industry":"","seo_heading":"","heading":"","description":"","cta_heading":"","cta_description":"","application":"473","h1":"PrestaShop PayPal Button-Add-on","h1_caption":"F\u00fcgen Sie Ihrer Website eine Paypal-Schaltfl\u00e4che hinzu, um schnell und einfach m\u00fchelos direkt \u00fcber Paypal auf Ihrer Prestashop-Website zu bezahlen.","application_category":[],"applications_title":"","applications_request_title":"","applications_request_button_text":"","hero_text":"","hero_video":"","hero_video_schema_markup":"","selling_points_title":"","selling_points_caption":"","selling_points":[],"selling_points_cta_text":"","features_title":"","features":"","ed_cta_examples_text":"","ed_cta_examples_hidden":"","ed_cta_demo_text":"","ed_cta_demo_hidden":"","why_caption":"","why_editor_title":"","why_editor_text":"","why_team_title":"","why_team_text":"","why_service_title":"","why_service_text":"","template_catalog_visible":"","template_catalog_title":"","template_catalog_text":"","template_catalog_categories_visible":"","demo_title":"Erstellen Sie Ihr PayPal-Button-Add-on","demo_caption":"Konfigurieren Sie Ihren PayPal-Button und f\u00fcgen Sie ihn kostenlos zu Ihrer PrestaShop-Website hinzu!","default_faq_hidden":"","app_template_category":[],"platform":"3811","template_public_id":"","codecanyon_url":"","codecanyon_item_id":"","codecanyon_price":"","pricing_caption":"","pricing_elfsight_apps_hide_column":"","pricing_elfsight_apps_url":"","pricing_codecanyon_price_caption":"","integration_category":[],"integration_request_title":"","integration_request_cta":"","integration_platform":"","integrations":[],"platform_category":[],"video_schema_markup":"","price":"ab 0 $ \/ Monat","trial":"","benefits":[{"text":"Kostenlose Installationsunterst\u00fctzung"},{"text":"Premium-Support"},{"text":"14-t\u00e4gige R\u00fcckerstattungsgarantie"},{"text":"St\u00e4ndige Aktualisierung"}],"button_url":"#demo","button_target_blank":"","button_nofollow":"","attributes":[{"name":"Installiert","content":"10,000 - 100,000"},{"name":"Reaktionsfreudig","content":"Ja"},{"name":"Kompatible Browser","content":"Firefox, Safari, Opera, Chrome, Edge"}],"tags":[],"tags_disable_links":"","hide_more_platforms":"","video_object":"","demo_hide_cta":"","demo_hide_cloud_options":"","pricing_title":"","pricing":[{"pricing_icon":"platform","pricing_title":"Elfsight Apps","pricing_title_caption":"Multiplattform-L\u00f6sung","pricing_price":"ab 0 $ \/ Monat","pricing_price_caption":"Beginnen Sie mit einem kostenlosen Plan","pricing_benefits":[{"text":"Unbegrenzte Domains"},{"text":"Engagierter und p\u00fcnktlicher Support"},{"text":"Kostenlose Installationshilfe"},{"text":"Vollst\u00e4ndig anpassbar"}],"pricing_button_text":"Zur Website hinzuf\u00fcgen","pricing_button_url":"#demo"}],"related_apps_title":"","related_apps_hidden":"","author":"","image":[],"title":"","job":"","social_networks":[]},"_links":{"self":[{"href":"https:\/\/elfsight.com\/de\/wp-json\/wp\/v2\/pages\/20868","targetHints":{"allow":["GET"]}}],"collection":[{"href":"https:\/\/elfsight.com\/de\/wp-json\/wp\/v2\/pages"}],"about":[{"href":"https:\/\/elfsight.com\/de\/wp-json\/wp\/v2\/types\/page"}],"author":[{"embeddable":true,"href":"https:\/\/elfsight.com\/de\/wp-json\/wp\/v2\/users\/9"}],"replies":[{"embeddable":true,"href":"https:\/\/elfsight.com\/de\/wp-json\/wp\/v2\/comments?post=20868"}],"version-history":[{"count":1,"href":"https:\/\/elfsight.com\/de\/wp-json\/wp\/v2\/pages\/20868\/revisions"}],"predecessor-version":[{"id":20872,"href":"https:\/\/elfsight.com\/de\/wp-json\/wp\/v2\/pages\/20868\/revisions\/20872"}],"up":[{"embeddable":true,"href":"https:\/\/elfsight.com\/de\/wp-json\/wp\/v2\/pages\/1132"}],"wp:attachment":[{"href":"https:\/\/elfsight.com\/de\/wp-json\/wp\/v2\/media?parent=20868"}],"curies":[{"name":"wp","href":"https:\/\/api.w.org\/{rel}","templated":true}]}}