{"id":20867,"date":"2024-05-03T06:41:35","date_gmt":"2024-05-03T06:41:35","guid":{"rendered":"https:\/\/elfsight.com\/de\/?page_id=20867"},"modified":"2025-07-09T14:06:42","modified_gmt":"2025-07-09T14:06:42","slug":"jimdo","status":"publish","type":"page","link":"https:\/\/elfsight.com\/de\/paypal-button-widget-generator\/jimdo\/","title":{"rendered":"PayPal Button &#8211; Jimdo"},"content":{"rendered":"<div class=\"application-platform-content-item-description application-platform-content-item\" id=\"description\" data-nav-section=\"description\"> <h2>Beschreibung<\/h2> <p>Elfsight PayPal Button bietet eine unkomplizierte M\u00f6glichkeit, Ihrer Kundschaft Zahlungen \u00fcber PayPal auf Ihrer Website zu erm\u00f6glichen. Es hilft, indem es Schaltfl\u00e4chen f\u00fcr Kassen, Abonnements und Spenden hinzuf\u00fcgt. Es steht Ihnen frei, Steuern und Versandkosten hinzuzuf\u00fcgen, Lokalisierung und W\u00e4hrung auszuw\u00e4hlen, Text anzuzeigen und vieles mehr. Starten Sie mit einem der bew\u00e4hrtesten Zahlungstools maximal schnell einen klaren und sicheren Zahlungsvorgang f\u00fcr Ihr Publikum. Integrieren Sie ohne gro\u00dfen Aufwand ein bew\u00e4hrtes und unkompliziertes Bezahlsystem auf Ihrer Website. Mit dem PayPal-Button von Elfsight k\u00f6nnen Sie einmalige Zahlungen, automatische Abonnements und Spenden von Ihren Benutzern akzeptieren. Holen Sie sich Ihren eigenen personalisierten Button, w\u00e4hlen Sie die Zahlungsart, W\u00e4hrung, Lokalisierung und passen Sie das Erscheinungsbild an, um ihn wirklich einzigartig zu machen. Ihre Kundschaft wird sich \u00fcber die schnelle und reibungslose Bezahlung auf Ihrer Website \u00fcber die PayPal-Schaltfl\u00e4che freuen. <\/p><p><b>Machen Sie Ihre Website mit Hilfe des PayPal-Buttons erfolgreicher f\u00fcr E-Commerce-Aufgaben.<\/b><\/p> <\/div> <div class=\"application-platform-content-item-features application-platform-content-item\" id=\"features\" data-nav-section=\"features\"> <h2> Wir bieten leistungsstarke und schnelle Funktionen, sehen Sie sich einige davon an: <\/h2> <ul><li>Drei Arten von Schaltfl\u00e4chen: Einzelzahlung, Abonnement, Spende<\/li><li>Produktnamen hinzuf\u00fcgen<\/li><li> Eine Bibliothek aller g\u00e4ngigen W\u00e4hrungen<\/li><li>Produktpreis festlegen<\/li><li>Option zum Festlegen des Versandpreises<\/li><li>Zwei Varianten der Steuerangabe: pauschal oder prozentual<\/li> <li>W\u00e4hlen Sie eines der Abrechnungsintervalle: t\u00e4glich, monatlich, j\u00e4hrlich, w\u00f6chentlich<\/li><li>Option f\u00fcr wiederkehrendes Abonnement <\/li><li>PayPal-Symbol anzeigen oder ausblenden<\/li><li>Legen Sie oben einen beliebigen Text fest die Schaltfl\u00e4che mit Schaltfl\u00e4chenkopfzeile<\/li><li>Option, um einen Kunden nach einer erfolgreichen Transaktion zu einer benutzerdefinierten Dankesseite weiterzuleiten<\/li><\/ul><p><a href=\"#demo\">Alles entdecken Anpassungsoptionen in der Demo mit vollem Funktionsumfang<\/a><\/p> <\/div> <div class=\"application-platform-content-item-installation application-platform-content-item\" id=\"installation\" data-nav-section=\"installation\"> <h2>Wie f\u00fcge ich den PayPal-Button zu meiner Jimdo-Webseite hinzu? <\/h2> <p>Befolgen Sie einfach die unten beschriebenen Schritte, um das Widget zu aktivieren. <\/p> <ol><li><b>Starten Sie unseren kostenlosen Editor und beginnen Sie mit der Gestaltung Ihres individuellen Instruments. <\/b><br> Bestimmen Sie das gew\u00fcnschte Aussehen und die gew\u00fcnschten Funktionsmerkmale des Werkzeugs und speichern Sie die Korrekturen. <\/li> <li><b>Lassen Sie Ihren einzigartigen Code in der Box von Elfsight Apps offenlegen. <\/b><br> Nachdem die Konfiguration Ihres pers\u00f6nlichen Widgets abgeschlossen ist, kopieren Sie den pers\u00f6nlichen Code aus dem Fenster und bewahren Sie ihn f\u00fcr weitere Gelegenheiten auf. <\/li> <li><b>Beginne mit der Verwendung des Widgets auf deiner Jimdo-Website. <\/b><br> Geben Sie den k\u00fcrzlich auf Ihrer Website gespeicherten Code ein und speichern Sie die \u00c4nderungen. <\/li> <li><b>Die Installation ist vollst\u00e4ndig abgeschlossen. <\/b><br> Besuchen Sie Ihre Website, um die Leistung des Widgets zu beobachten. <\/li><\/ol> <p>Wenn Sie Fragen haben oder auf Hindernisse sto\u00dfen, z\u00f6gern Sie nicht, unseren Kundendienstmitarbeitern zu schreiben. Unsere Spezialisten sind bestrebt, alle Probleme zu l\u00f6sen, die Sie m\u00f6glicherweise mit dem Widget haben. <\/p> <div class=\"faq\" data-component=\"FAQ\"> <div class=\"faq-item\">\r\n\t\t\t\t\t<div class=\"faq-item-question\">\r\n\t\t\t\t\t\t<h3 class=\"faq-item-question-text\">Wie f\u00fcge ich ohne Programmierkenntnisse eine PayPal-Schaltfl\u00e4che zu meiner Jimdo-Website hinzu?<\/h3>\r\n\r\n\t\t\t\t\t\t<div class=\"faq-item-question-icon\"><\/div>\r\n\t\t\t\t\t<\/div>\r\n\r\n\t\t\t\t\t<div class=\"faq-item-answer\">\r\n\t\t\t\t\t\t<div class=\"faq-item-answer-text\"> <p>Elfsight bietet eine SaaS-L\u00f6sung, mit der Sie selbst ein PayPal-Schaltfl\u00e4chen-Widget erstellen k\u00f6nnen. Sehen Sie, wie einfach das ist Der Vorgang ist: Arbeiten Sie direkt im Online-Editor, um ein PayPal-Button-Widget zu erstellen, das Sie auf Ihrer Jimdo-Website sehen m\u00f6chten. W\u00e4hlen Sie eine der vorgefertigten Vorlagen aus und passen Sie die Einstellungen der PayPal-Schaltfl\u00e4che an, f\u00fcgen Sie Ihre Inhalte hinzu, \u00e4ndern Sie das Layout und die Farben ohne Programmierkenntnisse. Speichern Sie den PayPal-Button und kopieren Sie den Installationscode, damit Sie ihn ganz einfach zu Ihrer Jimdo-Website hinzuf\u00fcgen k\u00f6nnen, ohne einen kostenpflichtigen Plan kaufen zu m\u00fcssen. Mit unserem intuitiven Editor kann jeder Internetnutzer online ein PayPal-Button-Widget erstellen und es einfach in seine Jimdo-Website einbetten. Sie m\u00fcssen weder bezahlen noch Ihre Kartendaten eingeben, um auf den Service zuzugreifen. Sollten bei irgendeinem Schritt Probleme auftreten, wenden Sie sich bitte an unser technisches Support-Team.<\/p> <\/div>\r\n\t\t\t\t\t<\/div>\r\n\t\t\t\t<\/div> <\/div> <\/div>","protected":false},"excerpt":{"rendered":"","protected":false},"author":9,"featured_media":0,"parent":1132,"menu_order":0,"comment_status":"closed","ping_status":"closed","template":"templates\/template-application-platform.php","meta":{"publish_to_discourse":"","publish_post_category":"","wpdc_auto_publish_overridden":"","wpdc_topic_tags":"","wpdc_pin_topic":"","wpdc_pin_until":"","discourse_post_id":"","discourse_permalink":"","wpdc_publishing_response":"","wpdc_publishing_error":"","footnotes":""},"class_list":["post-20867","page","type-page","status-publish","hentry"],"yoast_head":"<!-- This site is optimized with the Yoast SEO plugin v25.3.1 - https:\/\/yoast.com\/wordpress\/plugins\/seo\/ -->\n<title>PayPal-Button \u2013 PayPal-Widget zur Jimdo-Website hinzuf\u00fcgen (2026)<\/title>\n<meta name=\"description\" content=\"Holen Sie sich ein ma\u00dfgeschneidertes E-Commerce-PayPal-Button-Plugin (Spenden, Zahlung oder Abonnement) f\u00fcr die Integration mit Jimdo.\" \/>\n<meta name=\"robots\" content=\"index, follow, max-snippet:-1, max-image-preview:large, max-video-preview:-1\" \/>\n<link rel=\"canonical\" href=\"https:\/\/elfsight.com\/de\/paypal-button-widget-generator\/jimdo\/\" \/>\n<meta property=\"og:locale\" content=\"de_DE\" \/>\n<meta property=\"og:type\" content=\"article\" \/>\n<meta property=\"og:title\" content=\"PayPal-Button \u2013 PayPal-Widget zur Jimdo-Website hinzuf\u00fcgen (2026)\" \/>\n<meta property=\"og:description\" content=\"Holen Sie sich ein ma\u00dfgeschneidertes E-Commerce-PayPal-Button-Plugin (Spenden, Zahlung oder Abonnement) f\u00fcr die Integration mit Jimdo.\" \/>\n<meta property=\"og:url\" content=\"https:\/\/elfsight.com\/de\/paypal-button-widget-generator\/jimdo\/\" \/>\n<meta property=\"og:site_name\" content=\"Elfsight DE\" \/>\n<meta property=\"article:modified_time\" content=\"2025-07-09T14:06:42+00:00\" \/>\n<meta name=\"twitter:card\" content=\"summary_large_image\" \/>\n<meta name=\"twitter:label1\" content=\"Gesch\u00e4tzte Lesezeit\" \/>\n\t<meta name=\"twitter:data1\" content=\"3\u00a0Minuten\" \/>\n<!-- \/ Yoast SEO plugin. -->","yoast_head_json":{"title":"PayPal-Button \u2013 PayPal-Widget zur Jimdo-Website hinzuf\u00fcgen (2026)","description":"Holen Sie sich ein ma\u00dfgeschneidertes E-Commerce-PayPal-Button-Plugin (Spenden, Zahlung oder Abonnement) f\u00fcr die Integration mit Jimdo.","robots":{"index":"index","follow":"follow","max-snippet":"max-snippet:-1","max-image-preview":"max-image-preview:large","max-video-preview":"max-video-preview:-1"},"canonical":"https:\/\/elfsight.com\/de\/paypal-button-widget-generator\/jimdo\/","og_locale":"de_DE","og_type":"article","og_title":"PayPal-Button \u2013 PayPal-Widget zur Jimdo-Website hinzuf\u00fcgen (2026)","og_description":"Holen Sie sich ein ma\u00dfgeschneidertes E-Commerce-PayPal-Button-Plugin (Spenden, Zahlung oder Abonnement) f\u00fcr die Integration mit Jimdo.","og_url":"https:\/\/elfsight.com\/de\/paypal-button-widget-generator\/jimdo\/","og_site_name":"Elfsight DE","article_modified_time":"2025-07-09T14:06:42+00:00","twitter_card":"summary_large_image","twitter_misc":{"Gesch\u00e4tzte Lesezeit":"3\u00a0Minuten"},"schema":{"@context":"https:\/\/schema.org","@graph":[{"@type":"WebPage","@id":"https:\/\/elfsight.com\/de\/paypal-button-widget-generator\/jimdo\/","url":"https:\/\/elfsight.com\/de\/paypal-button-widget-generator\/jimdo\/","name":"PayPal-Button \u2013 PayPal-Widget zur Jimdo-Website hinzuf\u00fcgen (2026)","isPartOf":{"@id":"https:\/\/elfsight.com\/de\/#website"},"datePublished":"2024-05-03T06:41:35+00:00","dateModified":"2025-07-09T14:06:42+00:00","description":"Holen Sie sich ein ma\u00dfgeschneidertes E-Commerce-PayPal-Button-Plugin (Spenden, Zahlung oder Abonnement) f\u00fcr die Integration mit Jimdo.","breadcrumb":{"@id":"https:\/\/elfsight.com\/de\/paypal-button-widget-generator\/jimdo\/#breadcrumb"},"inLanguage":"de","potentialAction":[{"@type":"ReadAction","target":["https:\/\/elfsight.com\/de\/paypal-button-widget-generator\/jimdo\/"]}]},{"@type":"BreadcrumbList","@id":"https:\/\/elfsight.com\/de\/paypal-button-widget-generator\/jimdo\/#breadcrumb","itemListElement":[{"@type":"ListItem","position":1,"name":"Home","item":"https:\/\/elfsight.com\/de\/"},{"@type":"ListItem","position":2,"name":"PayPal Button","item":"https:\/\/elfsight.com\/de\/paypal-button-widget-generator\/"},{"@type":"ListItem","position":3,"name":"PayPal Button &#8211; Jimdo"}]},{"@type":"WebSite","@id":"https:\/\/elfsight.com\/de\/#website","url":"https:\/\/elfsight.com\/de\/","name":"Elfsight DE","description":"Just another Elfsight Sites site","potentialAction":[{"@type":"SearchAction","target":{"@type":"EntryPoint","urlTemplate":"https:\/\/elfsight.com\/de\/?s={search_term_string}"},"query-input":{"@type":"PropertyValueSpecification","valueRequired":true,"valueName":"search_term_string"}}],"inLanguage":"de"}]}},"meta_box":{"industry":"","seo_heading":"","heading":"","description":"","cta_heading":"","cta_description":"","application":"473","h1":"Jimdo PayPal Button-Widget","h1_caption":"F\u00fcgen Sie Ihrer Website einen Paypal-Button hinzu, um schnell und einfach m\u00fchelos direkt \u00fcber Paypal auf Ihrer Jimdo-Website zu bezahlen.","application_category":[],"applications_title":"","applications_request_title":"","applications_request_button_text":"","hero_text":"","hero_video":"","hero_video_schema_markup":"","selling_points_title":"","selling_points_caption":"","selling_points":[],"selling_points_cta_text":"","features_title":"","features":"","ed_cta_examples_text":"","ed_cta_examples_hidden":"","ed_cta_demo_text":"","ed_cta_demo_hidden":"","why_caption":"","why_editor_title":"","why_editor_text":"","why_team_title":"","why_team_text":"","why_service_title":"","why_service_text":"","template_catalog_visible":"","template_catalog_title":"","template_catalog_text":"","template_catalog_categories_visible":"","demo_title":"Erstellen Sie Ihr PayPal-Button-Widget","demo_caption":"Konfigurieren Sie Ihren PayPal-Button und f\u00fcgen Sie ihn kostenlos zu Ihrer Jimdo-Website hinzu!","default_faq_hidden":"","app_template_category":[],"platform":"239","template_public_id":"","codecanyon_url":"","codecanyon_item_id":"","codecanyon_price":"","pricing_caption":"","pricing_elfsight_apps_hide_column":"","pricing_elfsight_apps_url":"","pricing_codecanyon_price_caption":"","integration_category":[],"integration_request_title":"","integration_request_cta":"","integration_platform":"","integrations":[],"platform_category":[],"video_schema_markup":"","price":"ab 0 $ \/ Monat","trial":"","benefits":[{"text":"Kostenlose Installationshilfe"},{"text":"Erfahrener Kundensupport"},{"text":"14-t\u00e4gige R\u00fcckerstattungsgarantie"},{"text":"Regelm\u00e4\u00dfige Updates"}],"button_url":"#demo","button_target_blank":"","button_nofollow":"","attributes":[{"name":"Installiert","content":"10,000 - 100,000"},{"name":"Reaktionsfreudig","content":"Ja"},{"name":"Kompatible Browser","content":"Firefox, Safari, Opera, Chrome, Edge"}],"tags":[],"tags_disable_links":"","hide_more_platforms":"","video_object":"","demo_hide_cta":"","demo_hide_cloud_options":"","pricing_title":"","pricing":[{"pricing_icon":"platform","pricing_title":"Elfsight Apps","pricing_title_caption":"Plattformunabh\u00e4ngige Software, die zu jeder Site passt","pricing_price":"ab 0 $ \/ Monat","pricing_price_caption":"Beginnen Sie mit einem kostenlosen Plan","pricing_benefits":[{"text":"Unbegrenzte Anzahl an Domains"},{"text":"Engagierter Kundensupport"},{"text":"Kostenlose Installationsunterst\u00fctzung"},{"text":"100 % anpassbar"}],"pricing_button_text":"Zur Website hinzuf\u00fcgen","pricing_button_url":"#demo"}],"related_apps_title":"","related_apps_hidden":"","author":"","image":[],"title":"","job":"","social_networks":[]},"_links":{"self":[{"href":"https:\/\/elfsight.com\/de\/wp-json\/wp\/v2\/pages\/20867","targetHints":{"allow":["GET"]}}],"collection":[{"href":"https:\/\/elfsight.com\/de\/wp-json\/wp\/v2\/pages"}],"about":[{"href":"https:\/\/elfsight.com\/de\/wp-json\/wp\/v2\/types\/page"}],"author":[{"embeddable":true,"href":"https:\/\/elfsight.com\/de\/wp-json\/wp\/v2\/users\/9"}],"replies":[{"embeddable":true,"href":"https:\/\/elfsight.com\/de\/wp-json\/wp\/v2\/comments?post=20867"}],"version-history":[{"count":1,"href":"https:\/\/elfsight.com\/de\/wp-json\/wp\/v2\/pages\/20867\/revisions"}],"predecessor-version":[{"id":20871,"href":"https:\/\/elfsight.com\/de\/wp-json\/wp\/v2\/pages\/20867\/revisions\/20871"}],"up":[{"embeddable":true,"href":"https:\/\/elfsight.com\/de\/wp-json\/wp\/v2\/pages\/1132"}],"wp:attachment":[{"href":"https:\/\/elfsight.com\/de\/wp-json\/wp\/v2\/media?parent=20867"}],"curies":[{"name":"wp","href":"https:\/\/api.w.org\/{rel}","templated":true}]}}