{"id":20865,"date":"2024-05-03T06:41:33","date_gmt":"2024-05-03T06:41:33","guid":{"rendered":"https:\/\/elfsight.com\/de\/?page_id=20865"},"modified":"2025-02-21T12:23:05","modified_gmt":"2025-02-21T12:23:05","slug":"bigcommerce","status":"publish","type":"page","link":"https:\/\/elfsight.com\/de\/number-counter-widget\/bigcommerce\/","title":{"rendered":"Number Counter &#8211; BigCommerce"},"content":{"rendered":"\n<div class=\"application-platform-content-item-description application-platform-content-item\" id=\"description\" data-nav-section=\"description\"> <h2>Beschreibung<\/h2> <p>Elfsight Number Counter ist eine praktische App f\u00fcr BigCommerce mit vielen Funktionen zur Auswahl. Es ist ein gro\u00dfartiges Werkzeug, um auf Ihre bemerkenswerten Gesch\u00e4ftsindizes stolz zu sein, auf die Menge an Arbeit, die Sie geleistet haben, und das ist noch nicht alles. Die App ist au\u00dfergew\u00f6hnlich flexibel. Erstellen Sie beliebig viele Z\u00e4hler, ordnen Sie sie in Spalten an, w\u00e4hlen Sie Symbole aus unserer Sammlung aus oder laden Sie Ihre eigenen hoch, machen Sie sie mehrfarbig oder einfarbig, f\u00fcgen Sie Titel hinzu, um Ihrem Publikum leicht verst\u00e4ndliche Informationen zu liefern, malen Sie jedes Element neu, w\u00e4hlen Sie das Hintergrundbild, und das ist noch nicht alles. Beginnen Sie jetzt einfach mit der Erstellung Ihres Features und sehen Sie, wie Ihre wichtigsten Gesch\u00e4ftsstatistiken schnell wachsen! <\/p> <p><b>Pr\u00e4sentieren Sie Ihre bemerkenswerten Ergebnisse Ihren zuk\u00fcnftigen Kunden. Steigern Sie die Anzahl erfolgreicher Verk\u00e4ufe und Leads! <\/b><\/p> <\/div> <div class=\"application-platform-content-item-features application-platform-content-item\" id=\"features\" data-nav-section=\"features\"> <h2>Zu den grundlegenden Widget-Funktionen geh\u00f6rt<\/h2> <ul><li>Eine beliebige Anzahl von Z\u00e4hlern. <\/li><li>Beliebig viele Spalten. <\/li><li>F\u00fcgen Sie Bildunterschriften, \u00dcberschriften, Pr\u00e4fixe und Postfixe hinzu. <\/li><li>Entscheiden Sie sich f\u00fcr den Symboltyp \u2013 nehmen Sie ihn aus unserer Bibliothek oder laden Sie Ihren eigenen hoch. <\/li><li>Links anh\u00e4ngen. <\/li><\/ul><p><a href=\"#demo\">Probieren Sie einfach diese Demo aus, um zu sehen, was das Widget wert ist<\/a><\/p> <\/div> <div class=\"application-platform-content-item-installation application-platform-content-item\" id=\"installation\" data-nav-section=\"installation\"> <h2>Wie kann ich Number Counter zu meiner BigCommerce-Site hinzuf\u00fcgen? <\/h2><div class=\"video-container\"><iframe width=\"560\" height=\"315\" src=\"https:\/\/www.youtube.com\/embed\/JMH0nrsms1k?si=pq1amUgsI7Qgjqe9\" frameborder=\"0\" allow=\"accelerometer; autoplay; clipboard-write; encrypted-media; gyroscope; picture-in-picture; web-share\" allowfullscreen><\/iframe><\/div><p>F\u00fchren Sie einfach die folgenden Richtlinien aus, um die App zu aktivieren. <\/p> <ol><li><b>F\u00fchren Sie unseren kostenlosen Konfigurator aus und beginnen Sie mit der Erstellung Ihrer individuellen Theke. <\/b><br> Geben Sie die bevorzugte Form und Aspekte des Widgets an und speichern Sie alle \u00c4nderungen. <\/li> <li><b>Holen Sie sich den individuellen Code, der in der Box auf Elfsight Apps angezeigt wird. <\/b><br> Wenn die Einrichtung Ihres Widgets abgeschlossen ist, kopieren Sie Ihren Code im angezeigten Fenster und speichern Sie ihn f\u00fcr die zuk\u00fcnftige Verwendung. <\/li> <li><b>Initiieren Sie die Nutzung des Widgets auf der BigCommerce-Webseite. <\/b><br> F\u00fcgen Sie den Code, den Sie zuvor gespeichert haben, in Ihre Website ein und \u00fcbernehmen Sie die Anpassungen. <\/li> <li><b>Du bist fertig! Das Setup ist vollst\u00e4ndig durchgef\u00fchrt. <\/b><br> Besuchen Sie Ihre Website, um die Funktionsweise des Widgets zu \u00fcberpr\u00fcfen. <\/li><\/ol><p>Wenn Sie Fragen haben oder auf Schwierigkeiten sto\u00dfen, z\u00f6gern Sie nicht, sich an unser Kundendienstpersonal zu wenden. Unsere Spezialisten helfen Ihnen gerne bei allen Problemen, die Sie mit dem Tool haben. <\/p> <div class=\"faq\" data-component=\"FAQ\"><div class=\"faq-item\">\r\n\t\t\t\t\t<div class=\"faq-item-question\">\r\n\t\t\t\t\t\t<h3 class=\"faq-item-question-text\">Wie kann ich Number Counter ohne Programmierkenntnisse zu meiner BigCommerce-Homepage hinzuf\u00fcgen?<\/h3>\r\n\r\n\t\t\t\t\t\t<div class=\"faq-item-question-icon\"><\/div>\r\n\t\t\t\t\t<\/div>\r\n\r\n\t\t\t\t\t<div class=\"faq-item-answer\">\r\n\t\t\t\t\t\t<div class=\"faq-item-answer-text\"> <p>Das Unternehmen Elfsight stellt eine Cloud-L\u00f6sung vor, die es einem breiten Publikum erm\u00f6glicht, einen Number Counter-Bereich zu erstellen Sehen Sie sich die einfachen Schritte selbst an: Gehen Sie zum Live-Editor, um ein Number Counter-Plugin zu erstellen, das Sie auf der BigCommerce-Website einbetten m\u00f6chten. W\u00e4hlen Sie eine unserer vorgefertigten Vorlagen aus und passen Sie die Einstellungen des Zahlenz\u00e4hlers an, aktualisieren Sie Ihre Inhalte, \u00e4ndern Sie das Layout und die Farben ohne Programmierkenntnisse. Klicken Sie hier, um die von Ihnen vorgenommenen Einstellungen im Number Counter zu speichern und den Installationscode zu erhalten, der einfach kostenlos auf der BigCommerce-Homepage hinzugef\u00fcgt werden kann. Mit Hilfe des benutzerfreundlichen Editors kann jeder Internetnutzer ein Zahlenz\u00e4hler-Widget erstellen und es problemlos zu seiner BigCommerce-Site hinzuf\u00fcgen. Es ist nicht erforderlich, ein kostenpflichtiges Abonnement abzuschlie\u00dfen oder Ihre Kartendaten einzureichen, um auf den Elfsight-Dienst zuzugreifen. Sollten Sie auf Hindernisse jeglicher Art sto\u00dfen, wenden Sie sich bitte an unseren Kundensupport.<\/p> <\/div>\r\n\t\t\t\t\t<\/div>\r\n\t\t\t\t<\/div> <\/div><\/div>\n\n\n\n<p><\/p>\n","protected":false},"excerpt":{"rendered":"","protected":false},"author":9,"featured_media":0,"parent":2012,"menu_order":0,"comment_status":"closed","ping_status":"closed","template":"templates\/template-application-platform.php","meta":{"publish_to_discourse":"","publish_post_category":"","wpdc_auto_publish_overridden":"","wpdc_topic_tags":"","wpdc_pin_topic":"","wpdc_pin_until":"","discourse_post_id":"","discourse_permalink":"","wpdc_publishing_response":"","wpdc_publishing_error":"","footnotes":""},"class_list":["post-20865","page","type-page","status-publish","hentry"],"yoast_head":"<!-- This site is optimized with the Yoast SEO plugin v25.3.1 - https:\/\/yoast.com\/wordpress\/plugins\/seo\/ -->\n<title>Erstellen Sie mit Elfsight-Apps einen Zahlenz\u00e4hler f\u00fcr Ihre BigCommerce-Website<\/title>\n<meta name=\"description\" content=\"Integrieren Sie einen Zahlenz\u00e4hler in Ihre BigCommerce-Website und nutzen Sie unsere praktische Demo. Generieren Sie Ihre einzigartige App mit nur wenigen Klicks!\" \/>\n<meta name=\"robots\" content=\"index, follow, max-snippet:-1, max-image-preview:large, max-video-preview:-1\" \/>\n<link rel=\"canonical\" href=\"https:\/\/elfsight.com\/de\/number-counter-widget\/bigcommerce\/\" \/>\n<meta property=\"og:locale\" content=\"de_DE\" \/>\n<meta property=\"og:type\" content=\"article\" \/>\n<meta property=\"og:title\" content=\"Erstellen Sie mit Elfsight-Apps einen Zahlenz\u00e4hler f\u00fcr Ihre BigCommerce-Website\" \/>\n<meta property=\"og:description\" content=\"Integrieren Sie einen Zahlenz\u00e4hler in Ihre BigCommerce-Website und nutzen Sie unsere praktische Demo. Generieren Sie Ihre einzigartige App mit nur wenigen Klicks!\" \/>\n<meta property=\"og:url\" content=\"https:\/\/elfsight.com\/de\/number-counter-widget\/bigcommerce\/\" \/>\n<meta property=\"og:site_name\" content=\"Elfsight DE\" \/>\n<meta property=\"article:modified_time\" content=\"2025-02-21T12:23:05+00:00\" \/>\n<meta name=\"twitter:card\" content=\"summary_large_image\" \/>\n<meta name=\"twitter:label1\" content=\"Gesch\u00e4tzte Lesezeit\" \/>\n\t<meta name=\"twitter:data1\" content=\"3\u00a0Minuten\" \/>\n<!-- \/ Yoast SEO plugin. -->","yoast_head_json":{"title":"Erstellen Sie mit Elfsight-Apps einen Zahlenz\u00e4hler f\u00fcr Ihre BigCommerce-Website","description":"Integrieren Sie einen Zahlenz\u00e4hler in Ihre BigCommerce-Website und nutzen Sie unsere praktische Demo. Generieren Sie Ihre einzigartige App mit nur wenigen Klicks!","robots":{"index":"index","follow":"follow","max-snippet":"max-snippet:-1","max-image-preview":"max-image-preview:large","max-video-preview":"max-video-preview:-1"},"canonical":"https:\/\/elfsight.com\/de\/number-counter-widget\/bigcommerce\/","og_locale":"de_DE","og_type":"article","og_title":"Erstellen Sie mit Elfsight-Apps einen Zahlenz\u00e4hler f\u00fcr Ihre BigCommerce-Website","og_description":"Integrieren Sie einen Zahlenz\u00e4hler in Ihre BigCommerce-Website und nutzen Sie unsere praktische Demo. Generieren Sie Ihre einzigartige App mit nur wenigen Klicks!","og_url":"https:\/\/elfsight.com\/de\/number-counter-widget\/bigcommerce\/","og_site_name":"Elfsight DE","article_modified_time":"2025-02-21T12:23:05+00:00","twitter_card":"summary_large_image","twitter_misc":{"Gesch\u00e4tzte Lesezeit":"3\u00a0Minuten"},"schema":{"@context":"https:\/\/schema.org","@graph":[{"@type":"WebPage","@id":"https:\/\/elfsight.com\/de\/number-counter-widget\/bigcommerce\/","url":"https:\/\/elfsight.com\/de\/number-counter-widget\/bigcommerce\/","name":"Erstellen Sie mit Elfsight-Apps einen Zahlenz\u00e4hler f\u00fcr Ihre BigCommerce-Website","isPartOf":{"@id":"https:\/\/elfsight.com\/de\/#website"},"datePublished":"2024-05-03T06:41:33+00:00","dateModified":"2025-02-21T12:23:05+00:00","description":"Integrieren Sie einen Zahlenz\u00e4hler in Ihre BigCommerce-Website und nutzen Sie unsere praktische Demo. Generieren Sie Ihre einzigartige App mit nur wenigen Klicks!","breadcrumb":{"@id":"https:\/\/elfsight.com\/de\/number-counter-widget\/bigcommerce\/#breadcrumb"},"inLanguage":"de","potentialAction":[{"@type":"ReadAction","target":["https:\/\/elfsight.com\/de\/number-counter-widget\/bigcommerce\/"]}]},{"@type":"BreadcrumbList","@id":"https:\/\/elfsight.com\/de\/number-counter-widget\/bigcommerce\/#breadcrumb","itemListElement":[{"@type":"ListItem","position":1,"name":"Home","item":"https:\/\/elfsight.com\/de\/"},{"@type":"ListItem","position":2,"name":"Number Counter","item":"https:\/\/elfsight.com\/de\/number-counter-widget\/"},{"@type":"ListItem","position":3,"name":"Number Counter &#8211; BigCommerce"}]},{"@type":"WebSite","@id":"https:\/\/elfsight.com\/de\/#website","url":"https:\/\/elfsight.com\/de\/","name":"Elfsight DE","description":"Just another Elfsight Sites site","potentialAction":[{"@type":"SearchAction","target":{"@type":"EntryPoint","urlTemplate":"https:\/\/elfsight.com\/de\/?s={search_term_string}"},"query-input":{"@type":"PropertyValueSpecification","valueRequired":true,"valueName":"search_term_string"}}],"inLanguage":"de"}]}},"meta_box":{"industry":"","seo_heading":"","heading":"","description":"","cta_heading":"","cta_description":"","application":"513","h1":"BigCommerce Number Counter-App","h1_caption":"Pr\u00e4sentieren Sie wichtige Statistiken und Meilensteine \u200b\u200bmit animierten Z\u00e4hlern, um Ihre Erfolge m\u00fchelos auf ansprechende Weise auf Ihrer BigCommerce-Website hervorzuheben.","application_category":[],"applications_title":"","applications_request_title":"","applications_request_button_text":"","hero_text":"","hero_video":"","hero_video_schema_markup":"","selling_points_title":"","selling_points_caption":"","selling_points":[],"selling_points_cta_text":"","features_title":"","features":"","ed_cta_examples_text":"","ed_cta_examples_hidden":"","ed_cta_demo_text":"","ed_cta_demo_hidden":"","why_caption":"","why_editor_title":"","why_editor_text":"","why_team_title":"","why_team_text":"","why_service_title":"","why_service_text":"","template_catalog_visible":"0","template_catalog_title":"","template_catalog_text":"","template_catalog_categories_visible":"","demo_title":"Erstellen Sie Ihre Number Counter-App","demo_caption":"Konfigurieren Sie Ihren Zahlenz\u00e4hler und f\u00fcgen Sie ihn kostenlos zu Ihrer BigCommerce-Website hinzu!","default_faq_hidden":"","app_template_category":[],"platform":"268","template_public_id":"","codecanyon_url":"","codecanyon_item_id":"","codecanyon_price":"","pricing_caption":"","pricing_elfsight_apps_hide_column":"","pricing_elfsight_apps_url":"","pricing_codecanyon_price_caption":"","integration_category":[],"integration_request_title":"","integration_request_cta":"","integration_platform":"","integrations":[],"platform_category":[],"video_schema_markup":"","price":"ab 0 $ \/ Monat","trial":"","benefits":[{"text":"Kostenlose Installationsunterst\u00fctzung"},{"text":"Professioneller Kundenservice"},{"text":"14-t\u00e4gige R\u00fcckerstattungsgarantie"},{"text":"Fortlaufende Entwicklung"}],"button_url":"#demo","button_target_blank":"0","button_nofollow":"0","attributes":[{"name":"Installiert","content":"10,000 - 100,000"},{"name":"Reaktionsfreudig","content":"Ja"},{"name":"Kompatible Browser","content":"Firefox, Safari, Opera, Chrome, Edge"}],"tags":[],"tags_disable_links":"0","hide_more_platforms":"0","video_object":"","demo_hide_cta":"0","demo_hide_cloud_options":"0","pricing_title":"","pricing":[{"pricing_icon":"platform","pricing_title":"Elfsight Apps","pricing_title_caption":"Plattform\u00fcbergreifende digitale L\u00f6sung, die auf jeder Website funktioniert","pricing_price":"ab 0 $ \/ Monat","pricing_price_caption":"Beginnen Sie mit einem kostenlosen Plan","pricing_benefits":[{"text":"Unbegrenzte Domains"},{"text":"Engagierte Unterst\u00fctzung"},{"text":"Kostenloser Installationssupport"},{"text":"100 % anpassbar"}],"pricing_button_text":"Zur Website hinzuf\u00fcgen","pricing_button_url":"#demo"}],"related_apps_title":"","related_apps_hidden":"0","author":"","image":[],"title":"","job":"","social_networks":[]},"_links":{"self":[{"href":"https:\/\/elfsight.com\/de\/wp-json\/wp\/v2\/pages\/20865","targetHints":{"allow":["GET"]}}],"collection":[{"href":"https:\/\/elfsight.com\/de\/wp-json\/wp\/v2\/pages"}],"about":[{"href":"https:\/\/elfsight.com\/de\/wp-json\/wp\/v2\/types\/page"}],"author":[{"embeddable":true,"href":"https:\/\/elfsight.com\/de\/wp-json\/wp\/v2\/users\/9"}],"replies":[{"embeddable":true,"href":"https:\/\/elfsight.com\/de\/wp-json\/wp\/v2\/comments?post=20865"}],"version-history":[{"count":3,"href":"https:\/\/elfsight.com\/de\/wp-json\/wp\/v2\/pages\/20865\/revisions"}],"predecessor-version":[{"id":24709,"href":"https:\/\/elfsight.com\/de\/wp-json\/wp\/v2\/pages\/20865\/revisions\/24709"}],"up":[{"embeddable":true,"href":"https:\/\/elfsight.com\/de\/wp-json\/wp\/v2\/pages\/2012"}],"wp:attachment":[{"href":"https:\/\/elfsight.com\/de\/wp-json\/wp\/v2\/media?parent=20865"}],"curies":[{"name":"wp","href":"https:\/\/api.w.org\/{rel}","templated":true}]}}