{"id":20860,"date":"2024-05-03T06:41:32","date_gmt":"2024-05-03T06:41:32","guid":{"rendered":"https:\/\/elfsight.com\/de\/?page_id=20860"},"modified":"2025-02-21T12:24:07","modified_gmt":"2025-02-21T12:24:07","slug":"blogger","status":"publish","type":"page","link":"https:\/\/elfsight.com\/de\/number-counter-widget\/blogger\/","title":{"rendered":"Number Counter &#8211; Blogger"},"content":{"rendered":"\n<div class=\"application-platform-content-item-description application-platform-content-item\" id=\"description\" data-nav-section=\"description\"> <h2>Beschreibung<\/h2> <p>Der Zahlenz\u00e4hler ist ein einfach zu verwendendes Widget mit einer Vielzahl von Funktionen. Es eignet sich hervorragend zum Pr\u00e4sentieren Ihrer gro\u00dfartigen Gesch\u00e4ftsstatistiken, der Menge an Arbeiten, die Sie bisher geleistet haben, und das ist noch nicht alles. Das Widget ist au\u00dfergew\u00f6hnlich anpassbar. Es steht Ihnen frei, eine unbegrenzte Anzahl an Z\u00e4hlern hinzuzuf\u00fcgen, sie in Spalten zu organisieren, Symbole aus unserer Sammlung auszuw\u00e4hlen oder Ihre eigenen hochzuladen, sie bunt oder einfarbig zu gestalten, Titel hinzuzuf\u00fcgen, um die Zahlen, die Sie pr\u00e4sentieren, zu verdeutlichen, beliebige Funktionen neu zu streichen und den Hintergrund auszuw\u00e4hlen Bild, und das ist noch nicht einmal die H\u00e4lfte. Beginnen Sie jetzt einfach mit der Erstellung Ihres Plugins und beobachten Sie, wie Ihre wichtigen Gesch\u00e4ftsstatistiken schnell wachsen! <\/p> <p><b>Pr\u00e4sentieren Sie Ihren zuk\u00fcnftigen Kunden Ihre gro\u00dfartigen Erfolge. Erhalten Sie erfolgreichere Verk\u00e4ufe und Leads! <\/b><\/p> <\/div> <div class=\"application-platform-content-item-features application-platform-content-item\" id=\"features\" data-nav-section=\"features\"> <h2>Die beliebtesten Widget-Funktionen enthalten<\/h2> <ul><li>Beliebig viele Z\u00e4hler. <\/li><li>Unbegrenzte Anzahl von Spalten. <\/li><li>F\u00fcgen Sie Bildunterschriften, \u00dcberschriften, Pr\u00e4fixe und Postfixe hinzu. <\/li><li>W\u00e4hlen Sie das Symbolformat \u2013 holen Sie es sich aus unserer Sammlung oder laden Sie Ihr eigenes hoch. <\/li><li>Adjoin-Links. <\/li><\/ul><p><a href=\"#demo\">Sie k\u00f6nnen sp\u00fcren, was das Widget bietet, indem Sie die Demo ausprobieren<\/a><\/p> <\/div> <div class=\"application-platform-content-item-installation application-platform-content-item\" id=\"installation\" data-nav-section=\"installation\"> <h2>Wie kann ich Number Counter in meine Blogger-Website einbetten? <\/h2><div class=\"video-container\"><iframe width=\"560\" height=\"315\" src=\"https:\/\/www.youtube.com\/embed\/Tgbua89skcg?si=POzW3TjZGWutCJ8u\" frameborder=\"0\" allow=\"accelerometer; autoplay; clipboard-write; encrypted-media; gyroscope; picture-in-picture; web-share\" allowfullscreen><\/iframe><\/div><p>F\u00fchren Sie einfach die unten aufgef\u00fchrten Schritte aus, um das Widget einzubetten. <\/p> <ol><li><b>Verwalten Sie unseren kostenlosen Editor und beginnen Sie mit der Gestaltung Ihres personalisierten Widgets. <\/b><br> W\u00e4hlen Sie das ausgew\u00e4hlte Design und die Eigenschaften des Werkzeugs aus und \u00fcbernehmen Sie die \u00c4nderungen. <\/li> <li><b>Lassen Sie den individuellen Code in der speziellen Form auf Elfsight Apps offenlegen. <\/b><br> Nachdem die Konfiguration Ihres pers\u00f6nlichen Widgets abgeschlossen ist, kopieren Sie den pers\u00f6nlichen Code in das angezeigte Feld und speichern Sie ihn zur sp\u00e4teren Verwendung. <\/li> <li><b>Beginnen Sie mit der Verwendung des Tools auf Ihrer Blogger-Website. <\/b><br> Geben Sie den zuvor gespeicherten Code in Ihre Homepage ein und \u00fcbernehmen Sie die \u00c4nderungen. <\/li> <li><b>Die Installation ist vollst\u00e4ndig beendet. <\/b><br> Besuchen Sie Ihre Website, um einen Blick auf die Funktionsweise des Tools zu werfen. <\/li><\/ol> <p>Wenn Sie Fragen haben oder auf Schwierigkeiten sto\u00dfen, scheuen Sie sich nicht, sich an unser Support-Team zu wenden. Unsere Spezialisten helfen Ihnen gerne bei allen Schwierigkeiten, die Sie mit dem Plugin haben k\u00f6nnten. <\/p> <div class=\"faq\" data-component=\"FAQ\"><div class=\"faq-item\">\r\n\t\t\t\t\t<div class=\"faq-item-question\">\r\n\t\t\t\t\t\t<h3 class=\"faq-item-question-text\">Gibt es eine Methode zum Hinzuf\u00fcgen von Number Counter zu meiner Blogger-Webseite ohne Programmierkenntnisse?<\/h3>\r\n\r\n\t\t\t\t\t\t<div class=\"faq-item-question-icon\"><\/div>\r\n\t\t\t\t\t<\/div>\r\n\r\n\t\t\t\t\t<div class=\"faq-item-answer\">\r\n\t\t\t\t\t\t<div class=\"faq-item-answer-text\"> <p>Elfsight bietet eine Cloud-L\u00f6sung, mit der ein breites Publikum selbst ein Number Counter-Plugin erstellen kann Erfahren Sie, wie einfach der Vorgang ist: Erstellen Sie im Live-Editor eine Zahlenz\u00e4hler-App, die auf Ihrer Blogger-Webseite angezeigt werden soll. W\u00e4hlen Sie eine der vielen vorgefertigten Vorlagen und passen Sie die Einstellungen des Zahlenz\u00e4hlers an, \u00e4ndern Sie das Layout und die Farbe der Elemente einschlie\u00dflich Ihres Inhalts, ohne Programmiererfahrung zu haben. Klicken Sie hier, um den Zahlenz\u00e4hler zu speichern und den Plugin-Code zum Einbetten zu erhalten, der einfach zur Blogger-Website hinzugef\u00fcgt werden kann, ohne einen kostenpflichtigen Plan zu kaufen. Mit dem unkomplizierten Konfigurator kann jeder Webbenutzer ein Number Counter-Plugin erstellen und es problemlos in jede Blogger-Webseite einf\u00fcgen. Sie sollten keinen kostenpflichtigen Plan abschlie\u00dfen oder Ihre Kartendaten eingeben, um den Dienst in Anspruch zu nehmen. Wenn Sie auf Probleme jeglicher Art sto\u00dfen, wenden Sie sich bitte an unser Support-Team.<\/p> <\/div>\r\n\t\t\t\t\t<\/div>\r\n\t\t\t\t<\/div> <\/div><\/div>\n","protected":false},"excerpt":{"rendered":"","protected":false},"author":9,"featured_media":0,"parent":2012,"menu_order":0,"comment_status":"closed","ping_status":"closed","template":"templates\/template-application-platform.php","meta":{"publish_to_discourse":"","publish_post_category":"","wpdc_auto_publish_overridden":"","wpdc_topic_tags":"","wpdc_pin_topic":"","wpdc_pin_until":"","discourse_post_id":"","discourse_permalink":"","wpdc_publishing_response":"","wpdc_publishing_error":"","footnotes":""},"class_list":["post-20860","page","type-page","status-publish","hentry"],"yoast_head":"<!-- This site is optimized with the Yoast SEO plugin v25.3.1 - https:\/\/yoast.com\/wordpress\/plugins\/seo\/ -->\n<title>Elfsight-Nummernz\u00e4hler f\u00fcr Blogger-Websites (kostenlos und einfach)<\/title>\n<meta name=\"description\" content=\"Integrieren Sie einen Zahlenz\u00e4hler in Ihre Blogger-Website und nutzen Sie unsere praktische Demo. Generieren Sie Ihr individuelles Widget mit nur wenigen Klicks!\" \/>\n<meta name=\"robots\" content=\"index, follow, max-snippet:-1, max-image-preview:large, max-video-preview:-1\" \/>\n<link rel=\"canonical\" href=\"https:\/\/elfsight.com\/de\/number-counter-widget\/blogger\/\" \/>\n<meta property=\"og:locale\" content=\"de_DE\" \/>\n<meta property=\"og:type\" content=\"article\" \/>\n<meta property=\"og:title\" content=\"Elfsight-Nummernz\u00e4hler f\u00fcr Blogger-Websites (kostenlos und einfach)\" \/>\n<meta property=\"og:description\" content=\"Integrieren Sie einen Zahlenz\u00e4hler in Ihre Blogger-Website und nutzen Sie unsere praktische Demo. Generieren Sie Ihr individuelles Widget mit nur wenigen Klicks!\" \/>\n<meta property=\"og:url\" content=\"https:\/\/elfsight.com\/de\/number-counter-widget\/blogger\/\" \/>\n<meta property=\"og:site_name\" content=\"Elfsight DE\" \/>\n<meta property=\"article:modified_time\" content=\"2025-02-21T12:24:07+00:00\" \/>\n<meta name=\"twitter:card\" content=\"summary_large_image\" \/>\n<meta name=\"twitter:label1\" content=\"Gesch\u00e4tzte Lesezeit\" \/>\n\t<meta name=\"twitter:data1\" content=\"3\u00a0Minuten\" \/>\n<!-- \/ Yoast SEO plugin. -->","yoast_head_json":{"title":"Elfsight-Nummernz\u00e4hler f\u00fcr Blogger-Websites (kostenlos und einfach)","description":"Integrieren Sie einen Zahlenz\u00e4hler in Ihre Blogger-Website und nutzen Sie unsere praktische Demo. Generieren Sie Ihr individuelles Widget mit nur wenigen Klicks!","robots":{"index":"index","follow":"follow","max-snippet":"max-snippet:-1","max-image-preview":"max-image-preview:large","max-video-preview":"max-video-preview:-1"},"canonical":"https:\/\/elfsight.com\/de\/number-counter-widget\/blogger\/","og_locale":"de_DE","og_type":"article","og_title":"Elfsight-Nummernz\u00e4hler f\u00fcr Blogger-Websites (kostenlos und einfach)","og_description":"Integrieren Sie einen Zahlenz\u00e4hler in Ihre Blogger-Website und nutzen Sie unsere praktische Demo. Generieren Sie Ihr individuelles Widget mit nur wenigen Klicks!","og_url":"https:\/\/elfsight.com\/de\/number-counter-widget\/blogger\/","og_site_name":"Elfsight DE","article_modified_time":"2025-02-21T12:24:07+00:00","twitter_card":"summary_large_image","twitter_misc":{"Gesch\u00e4tzte Lesezeit":"3\u00a0Minuten"},"schema":{"@context":"https:\/\/schema.org","@graph":[{"@type":"WebPage","@id":"https:\/\/elfsight.com\/de\/number-counter-widget\/blogger\/","url":"https:\/\/elfsight.com\/de\/number-counter-widget\/blogger\/","name":"Elfsight-Nummernz\u00e4hler f\u00fcr Blogger-Websites (kostenlos und einfach)","isPartOf":{"@id":"https:\/\/elfsight.com\/de\/#website"},"datePublished":"2024-05-03T06:41:32+00:00","dateModified":"2025-02-21T12:24:07+00:00","description":"Integrieren Sie einen Zahlenz\u00e4hler in Ihre Blogger-Website und nutzen Sie unsere praktische Demo. Generieren Sie Ihr individuelles Widget mit nur wenigen Klicks!","breadcrumb":{"@id":"https:\/\/elfsight.com\/de\/number-counter-widget\/blogger\/#breadcrumb"},"inLanguage":"de","potentialAction":[{"@type":"ReadAction","target":["https:\/\/elfsight.com\/de\/number-counter-widget\/blogger\/"]}]},{"@type":"BreadcrumbList","@id":"https:\/\/elfsight.com\/de\/number-counter-widget\/blogger\/#breadcrumb","itemListElement":[{"@type":"ListItem","position":1,"name":"Home","item":"https:\/\/elfsight.com\/de\/"},{"@type":"ListItem","position":2,"name":"Number Counter","item":"https:\/\/elfsight.com\/de\/number-counter-widget\/"},{"@type":"ListItem","position":3,"name":"Number Counter &#8211; Blogger"}]},{"@type":"WebSite","@id":"https:\/\/elfsight.com\/de\/#website","url":"https:\/\/elfsight.com\/de\/","name":"Elfsight DE","description":"Just another Elfsight Sites site","potentialAction":[{"@type":"SearchAction","target":{"@type":"EntryPoint","urlTemplate":"https:\/\/elfsight.com\/de\/?s={search_term_string}"},"query-input":{"@type":"PropertyValueSpecification","valueRequired":true,"valueName":"search_term_string"}}],"inLanguage":"de"}]}},"meta_box":{"industry":"","seo_heading":"","heading":"","description":"","cta_heading":"","cta_description":"","application":"513","h1":"Blogger-Nummernz\u00e4hler-Widget","h1_caption":"Pr\u00e4sentieren Sie wichtige Statistiken und Meilensteine \u200b\u200bmit animierten Z\u00e4hlern, um Ihre Erfolge m\u00fchelos auf ansprechende Weise auf Ihrer Blogger-Website hervorzuheben.","application_category":[],"applications_title":"","applications_request_title":"","applications_request_button_text":"","hero_text":"","hero_video":"","hero_video_schema_markup":"","selling_points_title":"","selling_points_caption":"","selling_points":[],"selling_points_cta_text":"","features_title":"","features":"","ed_cta_examples_text":"","ed_cta_examples_hidden":"","ed_cta_demo_text":"","ed_cta_demo_hidden":"","why_caption":"","why_editor_title":"","why_editor_text":"","why_team_title":"","why_team_text":"","why_service_title":"","why_service_text":"","template_catalog_visible":"0","template_catalog_title":"","template_catalog_text":"","template_catalog_categories_visible":"","demo_title":"Erstellen Sie Ihr Zahlenz\u00e4hler-Widget","demo_caption":"Konfigurieren Sie Ihren Zahlenz\u00e4hler und f\u00fcgen Sie ihn kostenlos zu Ihrer Blogger-Website hinzu!","default_faq_hidden":"","app_template_category":[],"platform":"262","template_public_id":"","codecanyon_url":"","codecanyon_item_id":"","codecanyon_price":"","pricing_caption":"","pricing_elfsight_apps_hide_column":"","pricing_elfsight_apps_url":"","pricing_codecanyon_price_caption":"","integration_category":[],"integration_request_title":"","integration_request_cta":"","integration_platform":"","integrations":[],"platform_category":[],"video_schema_markup":"","price":"ab 0 $ \/ Monat","trial":"","benefits":[{"text":"Kostenlose Installationsunterst\u00fctzung"},{"text":"Au\u00dfergew\u00f6hnlicher Support"},{"text":"14-t\u00e4gige Geld-zur\u00fcck-Garantie"},{"text":"Regelm\u00e4\u00dfige Updates"}],"button_url":"#demo","button_target_blank":"0","button_nofollow":"0","attributes":[{"name":"Installiert","content":"10,000 - 100,000"},{"name":"Reaktionsfreudig","content":"Ja"},{"name":"Kompatible Browser","content":"Firefox, Safari, Opera, Chrome, Edge"}],"tags":[],"tags_disable_links":"0","hide_more_platforms":"0","video_object":"","demo_hide_cta":"0","demo_hide_cloud_options":"0","pricing_title":"","pricing":[{"pricing_icon":"platform","pricing_title":"Elfsight Apps","pricing_title_caption":"Plattform\u00fcbergreifende Software, die f\u00fcr jede Website geeignet ist","pricing_price":"ab 0 $ \/ Monat","pricing_price_caption":"Beginnen Sie mit einem kostenlosen Plan","pricing_benefits":[{"text":"Unbegrenzte Websites"},{"text":"Erstklassiger Kundensupport und gut dokumentiert"},{"text":"Kostenlose Installationshilfe"},{"text":"Vollst\u00e4ndig anpassbar"}],"pricing_button_text":"Zur Website hinzuf\u00fcgen","pricing_button_url":"#demo"}],"related_apps_title":"","related_apps_hidden":"0","author":"","image":[],"title":"","job":"","social_networks":[]},"_links":{"self":[{"href":"https:\/\/elfsight.com\/de\/wp-json\/wp\/v2\/pages\/20860","targetHints":{"allow":["GET"]}}],"collection":[{"href":"https:\/\/elfsight.com\/de\/wp-json\/wp\/v2\/pages"}],"about":[{"href":"https:\/\/elfsight.com\/de\/wp-json\/wp\/v2\/types\/page"}],"author":[{"embeddable":true,"href":"https:\/\/elfsight.com\/de\/wp-json\/wp\/v2\/users\/9"}],"replies":[{"embeddable":true,"href":"https:\/\/elfsight.com\/de\/wp-json\/wp\/v2\/comments?post=20860"}],"version-history":[{"count":3,"href":"https:\/\/elfsight.com\/de\/wp-json\/wp\/v2\/pages\/20860\/revisions"}],"predecessor-version":[{"id":24710,"href":"https:\/\/elfsight.com\/de\/wp-json\/wp\/v2\/pages\/20860\/revisions\/24710"}],"up":[{"embeddable":true,"href":"https:\/\/elfsight.com\/de\/wp-json\/wp\/v2\/pages\/2012"}],"wp:attachment":[{"href":"https:\/\/elfsight.com\/de\/wp-json\/wp\/v2\/media?parent=20860"}],"curies":[{"name":"wp","href":"https:\/\/api.w.org\/{rel}","templated":true}]}}