{"id":20858,"date":"2024-05-03T06:41:30","date_gmt":"2024-05-03T06:41:30","guid":{"rendered":"https:\/\/elfsight.com\/de\/?page_id=20858"},"modified":"2025-07-09T14:04:56","modified_gmt":"2025-07-09T14:04:56","slug":"facebook","status":"publish","type":"page","link":"https:\/\/elfsight.com\/de\/number-counter-widget\/facebook\/","title":{"rendered":"Number Counter &#8211; Facebook"},"content":{"rendered":"<div class=\"application-platform-content-item-description application-platform-content-item\" id=\"description\" data-nav-section=\"description\"> <h2>Beschreibung<\/h2> <p>Elfsight Number Counter ist ein verwaltbares Widget f\u00fcr Facebook-Seiten mit vielen Funktionen zur Auswahl. Es ist eine gro\u00dfartige Funktion, um Ihre beeindruckenden Gesch\u00e4ftsstatistiken, die Menge der geleisteten Arbeiten und vieles mehr zu demonstrieren. Das Plugin ist extrem anpassbar. F\u00fchlen Sie sich frei, eine unbegrenzte Anzahl an Z\u00e4hlern zu konstruieren, sie in Spalten anzuordnen, Symbole aus unserer Bibliothek auszuw\u00e4hlen oder Ihre ma\u00dfgeschneiderten hochzuladen, sie bunt oder einfarbig zu gestalten, Beschriftungen anzuf\u00fcgen, um die Zahlen, die Sie demonstrieren, zu verdeutlichen, und alle neu zu streichen Element, w\u00e4hlen Sie das Hintergrundbild, und das ist noch nicht alles. Beginnen Sie jetzt mit der Erstellung Ihres Widgets und sehen Sie, wie Ihre wichtigsten Gesch\u00e4ftsstatistiken wachsen! <\/p> <p><b>Pr\u00e4sentieren Sie Ihren zuk\u00fcnftigen K\u00e4ufern Ihre beeindruckenden Erfolge. Steigern Sie die Anzahl erfolgreicher Verk\u00e4ufe und Leads! <\/b><\/p> <\/div> <div class=\"application-platform-content-item-features application-platform-content-item\" id=\"features\" data-nav-section=\"features\"> <h2>Number Counter f\u00fcr Facebook enth\u00e4lt leistungsstarke und schnelle Funktionen, hier sind einige davon:<\/h2> <ul><li>Alle Anzahl der Z\u00e4hler. <\/li><li>Unbegrenzte Anzahl an Spalten. <\/li><li>F\u00fcgen Sie Titel, \u00dcberschriften, Pr\u00e4fixe und Postfixe hinzu. <\/li><li>W\u00e4hlen Sie die Symbolkategorie aus \u2013 holen Sie sie sich aus unserer Sammlung oder laden Sie Ihr individuelles Symbol hoch. <\/li><li>Links hinzuf\u00fcgen. <\/li><\/ul><p><a href=\"#demo\">Testen Sie alle Personalisierungsfunktionen in einer 100 % funktionsf\u00e4higen Demo<\/a><\/p> <\/div> <div class=\"application-platform-content-item-installation application-platform-content-item\" id=\"installation\" data-nav-section=\"installation\"> <h2>Wie bette ich Number Counter in meine Facebook-Website ein? <\/h2> <p>F\u00fchren Sie einfach die unten aufgef\u00fchrten Schritte aus, um das Tool zu integrieren. <\/p> <ol><li><b>Nutzen Sie unseren kostenlosen Konfigurator und beginnen Sie mit dem Aufbau Ihres ma\u00dfgeschneiderten Instruments. <\/b><br> Geben Sie das bevorzugte Design und die Funktionalit\u00e4t des Widgets an und \u00fcbernehmen Sie die \u00c4nderungen. <\/li> <li><b>Erhalten Sie Ihren einzigartigen Code, der im speziellen Formular auf Elfsight Apps angezeigt wird. <\/b><br> Nachdem die Erstellung Ihres Werkzeugs abgeschlossen ist, kopieren Sie den pers\u00f6nlichen Code aus der entstandenen Box und bewahren Sie ihn f\u00fcr zuk\u00fcnftige Gelegenheiten auf. <\/li> <li><b>Beginnen Sie mit der Nutzung des Countdowns auf Ihrer Facebook-Seite. <\/b><br> F\u00fcgen Sie den zuvor gespeicherten Code in Ihre Homepage ein und \u00fcbernehmen Sie die Anpassungen. <\/li> <li><b>Fertig! Das Setup wurde erfolgreich beendet. <\/b><br> Besuchen Sie Ihre Seite, um zu sehen, wie das Widget funktioniert. <\/li><\/ol> <p>Wenn Sie Fragen haben oder auf Probleme sto\u00dfen, scheuen Sie sich nicht, sich an unsere Kundendienstmitarbeiter zu wenden. Unsere Mitarbeiter helfen Ihnen gerne bei allen Schwierigkeiten, die Sie mit dem Tool haben k\u00f6nnten. <\/p> <div class=\"faq\" data-component=\"FAQ\"><div class=\"faq-item\">\r\n\t\t\t\t\t<div class=\"faq-item-question\">\r\n\t\t\t\t\t\t<h3 class=\"faq-item-question-text\">Gibt es eine M\u00f6glichkeit, Number Counter ohne Programmierkenntnisse in meine Facebook-Seite einzubetten?<\/h3>\r\n\r\n\t\t\t\t\t\t<div class=\"faq-item-question-icon\"><\/div>\r\n\t\t\t\t\t<\/div>\r\n\r\n\t\t\t\t\t<div class=\"faq-item-answer\">\r\n\t\t\t\t\t\t<div class=\"faq-item-answer-text\"> <p>Das Unternehmen Elfsight bietet eine SaaS-L\u00f6sung an, mit der Benutzer selbst einen Number Counter-Bereich erstellen k\u00f6nnen. Erfahren Sie, wie einfach es ist: Arbeiten Sie direkt im Live-Editor, um ein Number Counter-Plugin zu generieren, das Sie auf Ihrer Facebook-Seite einbinden m\u00f6chten. Entscheiden Sie sich f\u00fcr eine der vorgefertigten Vorlagen und passen Sie die Number Counter-Einstellungen an, \u00e4ndern Sie das Layout und das Farbschema und f\u00fcgen Sie Ihre Inhalte hinzu, ohne dass Sie daf\u00fcr Programmierkenntnisse ben\u00f6tigen. Speichern Sie die Einstellungen, die Sie in Number Counter vorgenommen haben, und kopieren Sie den Code zum Einbetten, der problemlos in Facebook-Webseiten eingebettet werden kann, ohne dass ein kostenpflichtiges Abonnement erworben werden muss. Mit unserem benutzerfreundlichen Konfigurator kann jeder Internetnutzer einen Number Counter online erstellen und ihn ganz einfach in seine Facebook-Homepage einbinden. F\u00fcr den Zugriff auf den Editor ist es nicht erforderlich, einen kostenpflichtigen Plan abzuschlie\u00dfen oder Ihre Kartendaten einzugeben. Wenn Sie auf Probleme jeglicher Art sto\u00dfen, wenden Sie sich bitte an unser technisches Support-Team.<\/p> <\/div>\r\n\t\t\t\t\t<\/div>\r\n\t\t\t\t<\/div> <\/div><\/div>","protected":false},"excerpt":{"rendered":"","protected":false},"author":9,"featured_media":0,"parent":2012,"menu_order":0,"comment_status":"closed","ping_status":"closed","template":"templates\/template-application-platform.php","meta":{"publish_to_discourse":"","publish_post_category":"","wpdc_auto_publish_overridden":"","wpdc_topic_tags":"","wpdc_pin_topic":"","wpdc_pin_until":"","discourse_post_id":"","discourse_permalink":"","wpdc_publishing_response":"","wpdc_publishing_error":"","footnotes":""},"class_list":["post-20858","page","type-page","status-publish","hentry"],"yoast_head":"<!-- This site is optimized with the Yoast SEO plugin v25.3.1 - https:\/\/yoast.com\/wordpress\/plugins\/seo\/ -->\n<title>Number Counter \u2013 Z\u00e4hler-Plugin zu Facebook hinzuf\u00fcgen (kostenlos und schnell)<\/title>\n<meta name=\"description\" content=\"F\u00fcgen Sie einen Zahlenz\u00e4hler auf Ihrer Facebook-Seite ein und nutzen Sie unsere Live-Demo. Gestalten Sie Ihr individuelles Widget mit nur wenigen Klicks und ohne Aufwand!\" \/>\n<meta name=\"robots\" content=\"index, follow, max-snippet:-1, max-image-preview:large, max-video-preview:-1\" \/>\n<link rel=\"canonical\" href=\"https:\/\/elfsight.com\/de\/number-counter-widget\/facebook\/\" \/>\n<meta property=\"og:locale\" content=\"de_DE\" \/>\n<meta property=\"og:type\" content=\"article\" \/>\n<meta property=\"og:title\" content=\"Number Counter \u2013 Z\u00e4hler-Plugin zu Facebook hinzuf\u00fcgen (kostenlos und schnell)\" \/>\n<meta property=\"og:description\" content=\"F\u00fcgen Sie einen Zahlenz\u00e4hler auf Ihrer Facebook-Seite ein und nutzen Sie unsere Live-Demo. Gestalten Sie Ihr individuelles Widget mit nur wenigen Klicks und ohne Aufwand!\" \/>\n<meta property=\"og:url\" content=\"https:\/\/elfsight.com\/de\/number-counter-widget\/facebook\/\" \/>\n<meta property=\"og:site_name\" content=\"Elfsight DE\" \/>\n<meta property=\"article:modified_time\" content=\"2025-07-09T14:04:56+00:00\" \/>\n<meta name=\"twitter:card\" content=\"summary_large_image\" \/>\n<meta name=\"twitter:label1\" content=\"Gesch\u00e4tzte Lesezeit\" \/>\n\t<meta name=\"twitter:data1\" content=\"3\u00a0Minuten\" \/>\n<!-- \/ Yoast SEO plugin. -->","yoast_head_json":{"title":"Number Counter \u2013 Z\u00e4hler-Plugin zu Facebook hinzuf\u00fcgen (kostenlos und schnell)","description":"F\u00fcgen Sie einen Zahlenz\u00e4hler auf Ihrer Facebook-Seite ein und nutzen Sie unsere Live-Demo. Gestalten Sie Ihr individuelles Widget mit nur wenigen Klicks und ohne Aufwand!","robots":{"index":"index","follow":"follow","max-snippet":"max-snippet:-1","max-image-preview":"max-image-preview:large","max-video-preview":"max-video-preview:-1"},"canonical":"https:\/\/elfsight.com\/de\/number-counter-widget\/facebook\/","og_locale":"de_DE","og_type":"article","og_title":"Number Counter \u2013 Z\u00e4hler-Plugin zu Facebook hinzuf\u00fcgen (kostenlos und schnell)","og_description":"F\u00fcgen Sie einen Zahlenz\u00e4hler auf Ihrer Facebook-Seite ein und nutzen Sie unsere Live-Demo. Gestalten Sie Ihr individuelles Widget mit nur wenigen Klicks und ohne Aufwand!","og_url":"https:\/\/elfsight.com\/de\/number-counter-widget\/facebook\/","og_site_name":"Elfsight DE","article_modified_time":"2025-07-09T14:04:56+00:00","twitter_card":"summary_large_image","twitter_misc":{"Gesch\u00e4tzte Lesezeit":"3\u00a0Minuten"},"schema":{"@context":"https:\/\/schema.org","@graph":[{"@type":"WebPage","@id":"https:\/\/elfsight.com\/de\/number-counter-widget\/facebook\/","url":"https:\/\/elfsight.com\/de\/number-counter-widget\/facebook\/","name":"Number Counter \u2013 Z\u00e4hler-Plugin zu Facebook hinzuf\u00fcgen (kostenlos und schnell)","isPartOf":{"@id":"https:\/\/elfsight.com\/de\/#website"},"datePublished":"2024-05-03T06:41:30+00:00","dateModified":"2025-07-09T14:04:56+00:00","description":"F\u00fcgen Sie einen Zahlenz\u00e4hler auf Ihrer Facebook-Seite ein und nutzen Sie unsere Live-Demo. Gestalten Sie Ihr individuelles Widget mit nur wenigen Klicks und ohne Aufwand!","breadcrumb":{"@id":"https:\/\/elfsight.com\/de\/number-counter-widget\/facebook\/#breadcrumb"},"inLanguage":"de","potentialAction":[{"@type":"ReadAction","target":["https:\/\/elfsight.com\/de\/number-counter-widget\/facebook\/"]}]},{"@type":"BreadcrumbList","@id":"https:\/\/elfsight.com\/de\/number-counter-widget\/facebook\/#breadcrumb","itemListElement":[{"@type":"ListItem","position":1,"name":"Home","item":"https:\/\/elfsight.com\/de\/"},{"@type":"ListItem","position":2,"name":"Number Counter","item":"https:\/\/elfsight.com\/de\/number-counter-widget\/"},{"@type":"ListItem","position":3,"name":"Number Counter &#8211; Facebook"}]},{"@type":"WebSite","@id":"https:\/\/elfsight.com\/de\/#website","url":"https:\/\/elfsight.com\/de\/","name":"Elfsight DE","description":"Just another Elfsight Sites site","potentialAction":[{"@type":"SearchAction","target":{"@type":"EntryPoint","urlTemplate":"https:\/\/elfsight.com\/de\/?s={search_term_string}"},"query-input":{"@type":"PropertyValueSpecification","valueRequired":true,"valueName":"search_term_string"}}],"inLanguage":"de"}]}},"meta_box":{"industry":"","seo_heading":"","heading":"","description":"","cta_heading":"","cta_description":"","application":"513","h1":"Facebook-Nummernz\u00e4hler-Widget","h1_caption":"Pr\u00e4sentieren Sie Ihren Nutzern Ihre au\u00dfergew\u00f6hnlichen Leistungen und gewinnen Sie treuere Kunden","application_category":[],"applications_title":"","applications_request_title":"","applications_request_button_text":"","hero_text":"","hero_video":"","hero_video_schema_markup":"","selling_points_title":"","selling_points_caption":"","selling_points":[],"selling_points_cta_text":"","features_title":"","features":"","ed_cta_examples_text":"","ed_cta_examples_hidden":"","ed_cta_demo_text":"","ed_cta_demo_hidden":"","why_caption":"","why_editor_title":"","why_editor_text":"","why_team_title":"","why_team_text":"","why_service_title":"","why_service_text":"","template_catalog_visible":"","template_catalog_title":"","template_catalog_text":"","template_catalog_categories_visible":"","demo_title":"Machen Sie weiter und erstellen Sie Ihren eigenen Facebook-Nummernz\u00e4hler","demo_caption":"Passen Sie es an und integrieren Sie das Tool mithilfe einer Live-Demo in Ihre Webseite","default_faq_hidden":"","app_template_category":[],"platform":"216","template_public_id":"","codecanyon_url":"","codecanyon_item_id":"","codecanyon_price":"","pricing_caption":"","pricing_elfsight_apps_hide_column":"","pricing_elfsight_apps_url":"","pricing_codecanyon_price_caption":"","integration_category":[],"integration_request_title":"","integration_request_cta":"","integration_platform":"","integrations":[],"platform_category":[],"video_schema_markup":"","price":"ab 0 $ \/ Monat","trial":"","benefits":[{"text":"Kostenloser Installationsservice"},{"text":"Erfahrener Kundensupport"},{"text":"14-t\u00e4gige R\u00fcckerstattungsgarantie"},{"text":"St\u00e4ndige Aktualisierung"}],"button_url":"#demo","button_target_blank":"","button_nofollow":"","attributes":[{"name":"Installiert","content":"10,000 - 100,000"},{"name":"Empf\u00e4nglichkeit","content":"Adaptives Design"},{"name":"Kompatible Browser","content":"Edge, Safari, Chrome, Firefox, Opera"}],"tags":[],"tags_disable_links":"","hide_more_platforms":"","video_object":"","demo_hide_cta":"","demo_hide_cloud_options":"","pricing_title":"","pricing":[{"pricing_icon":"platform","pricing_title":"Elfsight Apps","pricing_title_caption":"Plattform\u00fcbergreifende Version, die auf jeder Website funktioniert","pricing_price":"ab 0 $ \/ Monat","pricing_price_caption":"Beginnen Sie mit einem kostenlosen Plan","pricing_benefits":[{"text":"Unbegrenzte Domains"},{"text":"Engagierter und p\u00fcnktlicher Support"},{"text":"Kostenlose Installationsunterst\u00fctzung"},{"text":"100 % anpassbar"}],"pricing_button_text":"Zur Website hinzuf\u00fcgen","pricing_button_url":"#demo"}],"related_apps_title":"","related_apps_hidden":"","author":"","image":[],"title":"","job":"","social_networks":[]},"_links":{"self":[{"href":"https:\/\/elfsight.com\/de\/wp-json\/wp\/v2\/pages\/20858","targetHints":{"allow":["GET"]}}],"collection":[{"href":"https:\/\/elfsight.com\/de\/wp-json\/wp\/v2\/pages"}],"about":[{"href":"https:\/\/elfsight.com\/de\/wp-json\/wp\/v2\/types\/page"}],"author":[{"embeddable":true,"href":"https:\/\/elfsight.com\/de\/wp-json\/wp\/v2\/users\/9"}],"replies":[{"embeddable":true,"href":"https:\/\/elfsight.com\/de\/wp-json\/wp\/v2\/comments?post=20858"}],"version-history":[{"count":1,"href":"https:\/\/elfsight.com\/de\/wp-json\/wp\/v2\/pages\/20858\/revisions"}],"predecessor-version":[{"id":20862,"href":"https:\/\/elfsight.com\/de\/wp-json\/wp\/v2\/pages\/20858\/revisions\/20862"}],"up":[{"embeddable":true,"href":"https:\/\/elfsight.com\/de\/wp-json\/wp\/v2\/pages\/2012"}],"wp:attachment":[{"href":"https:\/\/elfsight.com\/de\/wp-json\/wp\/v2\/media?parent=20858"}],"curies":[{"name":"wp","href":"https:\/\/api.w.org\/{rel}","templated":true}]}}