{"id":20857,"date":"2024-05-03T06:41:29","date_gmt":"2024-05-03T06:41:29","guid":{"rendered":"https:\/\/elfsight.com\/de\/?page_id=20857"},"modified":"2025-02-21T12:33:30","modified_gmt":"2025-02-21T12:33:30","slug":"elementor","status":"publish","type":"page","link":"https:\/\/elfsight.com\/de\/number-counter-widget\/elementor\/","title":{"rendered":"Number Counter &#8211; Elementor"},"content":{"rendered":"\n<div class=\"application-platform-content-item-description application-platform-content-item\" id=\"description\" data-nav-section=\"description\"> <h2>Zahlenz\u00e4hler in Elementor mit dem Elfsight-Widget einbetten<\/h2> <p>Elfsight Zahlenz\u00e4hler ist ein einfach zu verwendendes Widget f\u00fcr Elementor eine gro\u00dfe Auswahl an Optionen. Es ist gut geeignet, um Ihre gro\u00dfartigen Gesch\u00e4ftsstatistiken, die Menge der bisher geleisteten Arbeiten und vieles mehr zu pr\u00e4sentieren. Das Plugin ist \u00e4u\u00dferst anpassbar. Sie k\u00f6nnen beliebig viele Z\u00e4hler hinzuf\u00fcgen, sie in Spalten anordnen, Symbole aus unserer Bibliothek ausw\u00e4hlen oder Ihre eigenen hochladen, sie bunt oder einfarbig gestalten, Beschriftungen hinzuf\u00fcgen, um Ihre Benutzer mit leicht verst\u00e4ndlichen Daten zu versorgen, jedes Element neu einf\u00e4rben und den Hintergrund ausw\u00e4hlen Bild, und das ist noch nicht einmal die H\u00e4lfte. Beginnen Sie jetzt mit der Gestaltung Ihrer Funktion und sehen Sie, wie Ihre wichtigsten Gesch\u00e4ftsstatistiken schnell wachsen! <\/p> <p><b>Pr\u00e4sentieren Sie Ihre beeindruckenden Leistungen Ihren zuk\u00fcnftigen K\u00e4ufern. Erhalten Sie erfolgreichere Verk\u00e4ufe und Leads! <\/b><\/p> <\/div> <div class=\"application-platform-content-item-features application-platform-content-item\" id=\"features\" data-nav-section=\"features\"> <h2>Studieren Sie die Liste der leistungsst\u00e4rksten Funktionen: <\/h2> <ul><li>Beliebige Anzahl von Z\u00e4hlern. <\/li><li>Unbegrenzte Anzahl an Spalten. <\/li><li>F\u00fcgen Sie Titel, \u00dcberschriften, Pr\u00e4fixe und Postfixe hinzu. <\/li><li>Entscheiden Sie sich f\u00fcr die Symbolkategorie \u2013 nehmen Sie sie aus unserer Bibliothek oder laden Sie Ihr individuelles hoch. <\/li><li>Links einbetten. <\/li><\/ul><p><a href=\"#demo\">Anhand der Demo k\u00f6nnen Sie erleben, wie das Widget funktioniert<\/a><\/p> <\/div> <div class=\"application-platform-content-item-installation application-platform-content-item\" id=\"installation\" data-nav-section=\"installation\"> <h2>Wie kann ich Number Counter zu meiner Elementor-Site hinzuf\u00fcgen? <\/h2><div class=\"video-container\"><iframe width=\"560\" height=\"315\" src=\"https:\/\/www.youtube.com\/embed\/OAl9RFkz3TU?si=QEM2IguGZov68JJB\" frameborder=\"0\" allow=\"accelerometer; autoplay; clipboard-write; encrypted-media; gyroscope; picture-in-picture; web-share\" allowfullscreen><\/iframe><\/div><p>F\u00fchren Sie einfach die unten beschriebenen Schritte aus, um das Widget zu integrieren. <\/p> <ol><li><b>\u00d6ffnen Sie unseren kostenlosen Editor und beginnen Sie mit der Erstellung Ihres individuellen Widgets. <\/b><br> W\u00e4hlen Sie die ausgew\u00e4hlte Form und Funktionalit\u00e4t des Plugins und speichern Sie die \u00c4nderungen. <\/li> <li><b>Holen Sie sich Ihren pers\u00f6nlichen Code, der in der Box auf Elfsight Apps angezeigt wird. <\/b><br> Nachdem die Erstellung Ihres pers\u00f6nlichen Plugins abgeschlossen ist, kopieren Sie den einzelnen Code im angezeigten Popup und bewahren Sie ihn f\u00fcr die sp\u00e4tere Verwendung auf. <\/li> <li><b>Geben Sie die Verwendung des Widgets auf der Elementor-Website ein. <\/b><br> Integrieren Sie den Code, den Sie k\u00fcrzlich gespeichert haben, in Ihre Webseite und speichern Sie die Verbesserungen. <\/li> <li><b>Du bist fertig! Die Integration ist vollst\u00e4ndig beendet. <\/b><br> Besuchen Sie Ihre Webseite, um einen Blick auf die Funktionsweise des Widgets zu werfen. <\/li><\/ol> <p>Sollten Sie auf Probleme sto\u00dfen, k\u00f6nnen Sie sich gerne an unser Support-Team wenden. Unsere Spezialisten helfen Ihnen gerne bei allen Fragen rund um das Widget weiter. <\/p> <div class=\"faq\" data-component=\"FAQ\"><div class=\"faq-item\">\r\n\t\t\t\t\t<div class=\"faq-item-question\">\r\n\t\t\t\t\t\t<h3 class=\"faq-item-question-text\">Gibt es eine Methode zum Einbetten von Number Counter in meine Elementor-Website ohne Codierung?<\/h3>\r\n\r\n\t\t\t\t\t\t<div class=\"faq-item-question-icon\"><\/div>\r\n\t\t\t\t\t<\/div>\r\n\r\n\t\t\t\t\t<div class=\"faq-item-answer\">\r\n\t\t\t\t\t\t<div class=\"faq-item-answer-text\"> <p>Elfsight bietet eine L\u00f6sung, mit der Sie selbst ein Number Counter-Plugin erstellen k\u00f6nnen. Sehen Sie sich die an Einfache Anleitung: Arbeiten Sie direkt im Online-Editor, um ein Zahlenz\u00e4hler-Plugin zu erstellen, das Sie auf der Elementor-Website sehen m\u00f6chten. W\u00e4hlen Sie eine der vielen vorgefertigten Vorlagen und \u00e4ndern Sie die Einstellungen des Zahlenz\u00e4hlers, \u00e4ndern Sie das Layout und die Farbe der Elemente und f\u00fcgen Sie Ihre Inhalte hinzu \u2013 ohne Programmierkenntnisse. Klicken Sie hier, um den Zahlenz\u00e4hler zu speichern und den Installationscode zu erhalten, der problemlos und kostenlos in Ihre Elementor-Site eingef\u00fcgt werden kann. Mit unserem benutzerfreundlichen Editor kann jeder Webbenutzer Number Counter online erstellen und m\u00fchelos auf der Elementor-Site einf\u00fcgen. F\u00fcr den Zugang zu unserem Service ist es nicht erforderlich, zu bezahlen oder Ihre Kartendaten einzugeben. Sollten bei irgendeinem Schritt Probleme auftreten, z\u00f6gern Sie bitte nicht, mit unserem technischen Kundensupport zu sprechen.<\/p> <\/div>\r\n\t\t\t\t\t<\/div>\r\n\t\t\t\t<\/div> <\/div><\/div>\n\n\n\n<p><\/p>\n","protected":false},"excerpt":{"rendered":"","protected":false},"author":9,"featured_media":0,"parent":2012,"menu_order":0,"comment_status":"closed","ping_status":"closed","template":"templates\/template-application-platform.php","meta":{"publish_to_discourse":"","publish_post_category":"","wpdc_auto_publish_overridden":"","wpdc_topic_tags":"","wpdc_pin_topic":"","wpdc_pin_until":"","discourse_post_id":"","discourse_permalink":"","wpdc_publishing_response":"","wpdc_publishing_error":"","footnotes":""},"class_list":["post-20857","page","type-page","status-publish","hentry"],"yoast_head":"<!-- This site is optimized with the Yoast SEO plugin v25.3.1 - https:\/\/yoast.com\/wordpress\/plugins\/seo\/ -->\n<title>Zahlenz\u00e4hler \u2013 Z\u00e4hler-Widget zur Elementor-Website hinzuf\u00fcgen<\/title>\n<meta name=\"description\" content=\"Probieren Sie mithilfe unserer Live-Demo einen Zahlenz\u00e4hler auf Ihrer Elementor-Webseite aus. Generieren Sie Ihr einzigartiges Widget mit nur wenigen Klicks und ohne Aufwand!\" \/>\n<meta name=\"robots\" content=\"index, follow, max-snippet:-1, max-image-preview:large, max-video-preview:-1\" \/>\n<link rel=\"canonical\" href=\"https:\/\/elfsight.com\/de\/number-counter-widget\/elementor\/\" \/>\n<meta property=\"og:locale\" content=\"de_DE\" \/>\n<meta property=\"og:type\" content=\"article\" \/>\n<meta property=\"og:title\" content=\"Zahlenz\u00e4hler \u2013 Z\u00e4hler-Widget zur Elementor-Website hinzuf\u00fcgen\" \/>\n<meta property=\"og:description\" content=\"Probieren Sie mithilfe unserer Live-Demo einen Zahlenz\u00e4hler auf Ihrer Elementor-Webseite aus. Generieren Sie Ihr einzigartiges Widget mit nur wenigen Klicks und ohne Aufwand!\" \/>\n<meta property=\"og:url\" content=\"https:\/\/elfsight.com\/de\/number-counter-widget\/elementor\/\" \/>\n<meta property=\"og:site_name\" content=\"Elfsight DE\" \/>\n<meta property=\"article:modified_time\" content=\"2025-02-21T12:33:30+00:00\" \/>\n<meta name=\"twitter:card\" content=\"summary_large_image\" \/>\n<meta name=\"twitter:label1\" content=\"Gesch\u00e4tzte Lesezeit\" \/>\n\t<meta name=\"twitter:data1\" content=\"3\u00a0Minuten\" \/>\n<!-- \/ Yoast SEO plugin. -->","yoast_head_json":{"title":"Zahlenz\u00e4hler \u2013 Z\u00e4hler-Widget zur Elementor-Website hinzuf\u00fcgen","description":"Probieren Sie mithilfe unserer Live-Demo einen Zahlenz\u00e4hler auf Ihrer Elementor-Webseite aus. Generieren Sie Ihr einzigartiges Widget mit nur wenigen Klicks und ohne Aufwand!","robots":{"index":"index","follow":"follow","max-snippet":"max-snippet:-1","max-image-preview":"max-image-preview:large","max-video-preview":"max-video-preview:-1"},"canonical":"https:\/\/elfsight.com\/de\/number-counter-widget\/elementor\/","og_locale":"de_DE","og_type":"article","og_title":"Zahlenz\u00e4hler \u2013 Z\u00e4hler-Widget zur Elementor-Website hinzuf\u00fcgen","og_description":"Probieren Sie mithilfe unserer Live-Demo einen Zahlenz\u00e4hler auf Ihrer Elementor-Webseite aus. Generieren Sie Ihr einzigartiges Widget mit nur wenigen Klicks und ohne Aufwand!","og_url":"https:\/\/elfsight.com\/de\/number-counter-widget\/elementor\/","og_site_name":"Elfsight DE","article_modified_time":"2025-02-21T12:33:30+00:00","twitter_card":"summary_large_image","twitter_misc":{"Gesch\u00e4tzte Lesezeit":"3\u00a0Minuten"},"schema":{"@context":"https:\/\/schema.org","@graph":[{"@type":"WebPage","@id":"https:\/\/elfsight.com\/de\/number-counter-widget\/elementor\/","url":"https:\/\/elfsight.com\/de\/number-counter-widget\/elementor\/","name":"Zahlenz\u00e4hler \u2013 Z\u00e4hler-Widget zur Elementor-Website hinzuf\u00fcgen","isPartOf":{"@id":"https:\/\/elfsight.com\/de\/#website"},"datePublished":"2024-05-03T06:41:29+00:00","dateModified":"2025-02-21T12:33:30+00:00","description":"Probieren Sie mithilfe unserer Live-Demo einen Zahlenz\u00e4hler auf Ihrer Elementor-Webseite aus. Generieren Sie Ihr einzigartiges Widget mit nur wenigen Klicks und ohne Aufwand!","breadcrumb":{"@id":"https:\/\/elfsight.com\/de\/number-counter-widget\/elementor\/#breadcrumb"},"inLanguage":"de","potentialAction":[{"@type":"ReadAction","target":["https:\/\/elfsight.com\/de\/number-counter-widget\/elementor\/"]}]},{"@type":"BreadcrumbList","@id":"https:\/\/elfsight.com\/de\/number-counter-widget\/elementor\/#breadcrumb","itemListElement":[{"@type":"ListItem","position":1,"name":"Home","item":"https:\/\/elfsight.com\/de\/"},{"@type":"ListItem","position":2,"name":"Number Counter","item":"https:\/\/elfsight.com\/de\/number-counter-widget\/"},{"@type":"ListItem","position":3,"name":"Number Counter &#8211; Elementor"}]},{"@type":"WebSite","@id":"https:\/\/elfsight.com\/de\/#website","url":"https:\/\/elfsight.com\/de\/","name":"Elfsight DE","description":"Just another Elfsight Sites site","potentialAction":[{"@type":"SearchAction","target":{"@type":"EntryPoint","urlTemplate":"https:\/\/elfsight.com\/de\/?s={search_term_string}"},"query-input":{"@type":"PropertyValueSpecification","valueRequired":true,"valueName":"search_term_string"}}],"inLanguage":"de"}]}},"meta_box":{"industry":"","seo_heading":"","heading":"","description":"","cta_heading":"","cta_description":"","application":"513","h1":"Elementor-Zahlenz\u00e4hler-Widget","h1_caption":"Pr\u00e4sentieren Sie wichtige Statistiken und Meilensteine \u200b\u200bmit animierten Z\u00e4hlern, um Ihre Erfolge m\u00fchelos auf ansprechende Weise auf Ihrer Elementor-Website hervorzuheben.","application_category":[],"applications_title":"","applications_request_title":"","applications_request_button_text":"","hero_text":"","hero_video":"","hero_video_schema_markup":"","selling_points_title":"","selling_points_caption":"","selling_points":[],"selling_points_cta_text":"","features_title":"","features":"","ed_cta_examples_text":"","ed_cta_examples_hidden":"","ed_cta_demo_text":"","ed_cta_demo_hidden":"","why_caption":"","why_editor_title":"","why_editor_text":"","why_team_title":"","why_team_text":"","why_service_title":"","why_service_text":"","template_catalog_visible":"0","template_catalog_title":"","template_catalog_text":"","template_catalog_categories_visible":"","demo_title":"Erstellen Sie Ihr Zahlenz\u00e4hler-Widget","demo_caption":"Konfigurieren Sie Ihren Zahlenz\u00e4hler und f\u00fcgen Sie ihn kostenlos zu Ihrer Elementor-Website hinzu!","default_faq_hidden":"","app_template_category":[],"platform":"223","template_public_id":"","codecanyon_url":"","codecanyon_item_id":"","codecanyon_price":"","pricing_caption":"","pricing_elfsight_apps_hide_column":"","pricing_elfsight_apps_url":"","pricing_codecanyon_price_caption":"","integration_category":[],"integration_request_title":"","integration_request_cta":"","integration_platform":"","integrations":[],"platform_category":[],"video_schema_markup":"","price":"ab 0 $ \/ Monat","trial":"","benefits":[{"text":"Kostenloser Installationsservice"},{"text":"Kompetenter Kundenservice"},{"text":"14-t\u00e4gige R\u00fcckerstattungsgarantie"},{"text":"Zuk\u00fcnftige kostenlose Verbesserungen"}],"button_url":"#demo","button_target_blank":"0","button_nofollow":"0","attributes":[{"name":"Installiert","content":"10,000 - 100,000"},{"name":"Reaktionsfreudig","content":"Ja"},{"name":"Kompatible Browser","content":"Firefox, Safari, Opera, Chrome, Edge"}],"tags":[],"tags_disable_links":"0","hide_more_platforms":"0","video_object":"","demo_hide_cta":"0","demo_hide_cloud_options":"0","pricing_title":"","pricing":[{"pricing_icon":"platform","pricing_title":"Elfsight Apps","pricing_title_caption":"Plattform\u00fcbergreifende Software, die f\u00fcr jede Website geeignet ist","pricing_price":"ab 0 $ \/ Monat","pricing_price_caption":"Beginnen Sie mit einem kostenlosen Plan","pricing_benefits":[{"text":"Unbegrenzte Websites"},{"text":"Erstklassiger Unternehmenssupport und gut dokumentiert"},{"text":"Kostenlose Installationsunterst\u00fctzung"},{"text":"Sonderangebot f\u00fcr mehrere Apps"}],"pricing_button_text":"Zur Website hinzuf\u00fcgen","pricing_button_url":"#demo"}],"related_apps_title":"","related_apps_hidden":"0","author":"","image":[],"title":"","job":"","social_networks":[]},"_links":{"self":[{"href":"https:\/\/elfsight.com\/de\/wp-json\/wp\/v2\/pages\/20857","targetHints":{"allow":["GET"]}}],"collection":[{"href":"https:\/\/elfsight.com\/de\/wp-json\/wp\/v2\/pages"}],"about":[{"href":"https:\/\/elfsight.com\/de\/wp-json\/wp\/v2\/types\/page"}],"author":[{"embeddable":true,"href":"https:\/\/elfsight.com\/de\/wp-json\/wp\/v2\/users\/9"}],"replies":[{"embeddable":true,"href":"https:\/\/elfsight.com\/de\/wp-json\/wp\/v2\/comments?post=20857"}],"version-history":[{"count":3,"href":"https:\/\/elfsight.com\/de\/wp-json\/wp\/v2\/pages\/20857\/revisions"}],"predecessor-version":[{"id":24715,"href":"https:\/\/elfsight.com\/de\/wp-json\/wp\/v2\/pages\/20857\/revisions\/24715"}],"up":[{"embeddable":true,"href":"https:\/\/elfsight.com\/de\/wp-json\/wp\/v2\/pages\/2012"}],"wp:attachment":[{"href":"https:\/\/elfsight.com\/de\/wp-json\/wp\/v2\/media?parent=20857"}],"curies":[{"name":"wp","href":"https:\/\/api.w.org\/{rel}","templated":true}]}}