{"id":20852,"date":"2024-05-03T06:41:28","date_gmt":"2024-05-03T06:41:28","guid":{"rendered":"https:\/\/elfsight.com\/de\/?page_id=20852"},"modified":"2025-02-21T12:29:59","modified_gmt":"2025-02-21T12:29:59","slug":"joomla","status":"publish","type":"page","link":"https:\/\/elfsight.com\/de\/number-counter-widget\/joomla\/","title":{"rendered":"Number Counter &#8211; Joomla"},"content":{"rendered":"\n<div class=\"application-platform-content-item-description application-platform-content-item\" id=\"description\" data-nav-section=\"description\"> <h2>Beschreibung<\/h2> <p>Der Number Counter ist eine einfach zu bedienende Erweiterung f\u00fcr Joomla mit vielen Funktionen zur Auswahl. Es ist ein gro\u00dfartiges Tool, um Ihre hervorragenden Gesch\u00e4ftsstatistiken und die Anzahl der bisher durchgef\u00fchrten Arbeiten zu pr\u00e4sentieren, und das ist noch nicht alles. Das Tool ist \u00e4u\u00dferst anpassbar. F\u00fchlen Sie sich frei, eine unbegrenzte Anzahl von Z\u00e4hlern hinzuzuf\u00fcgen, sie in Spalten zu organisieren, Symbole aus unserer Bibliothek auszuw\u00e4hlen oder Ihre ma\u00dfgeschneiderten hochzuladen, sie bunt oder einfarbig zu gestalten, Titel aneinanderzuf\u00fcgen, um Ihre Benutzer mit leicht verst\u00e4ndlichen Informationen zu versorgen, jedes Element neu einzuf\u00e4rben, W\u00e4hlen Sie das Hintergrundbild, und das ist noch nicht alles. Beginnen Sie jetzt mit der Gestaltung Ihres Plugins und sehen Sie, wie Ihre wichtigen Gesch\u00e4ftsstatistiken wachsen! <\/p> <p><b>Demonstrieren Sie Ihren zuk\u00fcnftigen Kunden Ihre brillanten Leistungen. Steigern Sie die Anzahl erfolgreicher Verk\u00e4ufe und Leads! <\/b><\/p> <\/div> <div class=\"application-platform-content-item-features application-platform-content-item\" id=\"features\" data-nav-section=\"features\"> <h2>Wir bieten n\u00fctzliche und einfache Funktionen, hier sind einige davon: <\/h2> <ul><li>Beliebig viele Z\u00e4hler. <\/li><li>Beliebig viele Spalten. <\/li><li>F\u00fcgen Sie Bildunterschriften, \u00dcberschriften, Pr\u00e4fixe und Postfixe hinzu. <\/li><li>W\u00e4hlen Sie das Symbolformat \u2013 w\u00e4hlen Sie es aus unserer Bibliothek oder laden Sie Ihr individuelles hoch. <\/li><li>Links anh\u00e4ngen. <\/li><\/ul><p><a href=\"#demo\">Was die Erweiterung wert ist, k\u00f6nnen Sie anhand der Demo sehen<\/a><\/p> <\/div> <div class=\"application-platform-content-item-Installation application-platform-content-item\" id=\"Installation\" data-nav-section=\"Installation\"> <h2>Wie kann ich Number Counter auf meiner Joomla-Site einbetten? <\/h2> <div class=\"video-container\"><iframe width=\"560\" height=\"315\" src=\"https:\/\/www.youtube.com\/embed\/fd3NEckzRw4?si=0pOSYhr-Xreqz8Nb\" frameborder=\"0\" allow=\"accelerometer; autoplay; clipboard-write; encrypted-media; gyroscope; picture-in-picture; web-share\" allowfullscreen><\/iframe><\/div><p>Befolgen Sie einfach die unten aufgef\u00fchrten Schritte, um mit der Arbeit mit dem Widget zu beginnen. <\/p> <ol><li><b>F\u00fchren Sie unseren kostenlosen Konfigurator aus und beginnen Sie mit der Erstellung Ihrer personalisierten Erweiterung. <\/b><br> W\u00e4hlen Sie das ausgew\u00e4hlte Layout und die Funktionalit\u00e4t der Erweiterung und speichern Sie alle Korrekturen. <\/li> <li><b>Sie erhalten Ihren individuellen Code im speziellen Formular auf Elfsight Apps. <\/b><br> Wenn die Erstellung Ihrer Erweiterung abgeschlossen ist, kopieren Sie Ihren Code in das erscheinende Fenster und bewahren Sie ihn zur sp\u00e4teren Verwendung auf. <\/li> <li><b>Beginnen Sie mit der Nutzung der Erweiterung auf der Joomla-Webseite. <\/b><br> Betten Sie den k\u00fcrzlich gespeicherten Code in Ihre Webseite ein und speichern Sie die Verbesserungen. <\/li> <li><b>Fertig! Die Einrichtung ist erfolgreich abgeschlossen. <\/b><br> Besuchen Sie Ihre Webseite, um die Leistung der Erweiterung zu \u00fcberpr\u00fcfen. <\/li><\/ol><p>Wenn Sie Fragen haben oder auf Probleme sto\u00dfen, wenden Sie sich bitte an unser Kundendienstteam. Unsere Spezialisten sind bestrebt, alle Ihre Fragen zum Widget zu beantworten. <\/p> <div class=\"faq\" data-component=\"FAQ\"><div class=\"faq-item\">\r\n\t\t\t\t\t<div class=\"faq-item-question\">\r\n\t\t\t\t\t\t<h3 class=\"faq-item-question-text\">Gibt es eine Option, Number Counter ohne Codierung in meine Joomla-Website einzubetten?<\/h3>\r\n\r\n\t\t\t\t\t\t<div class=\"faq-item-question-icon\"><\/div>\r\n\t\t\t\t\t<\/div>\r\n\r\n\t\t\t\t\t<div class=\"faq-item-answer\">\r\n\t\t\t\t\t\t<div class=\"faq-item-answer-text\"> <p>Elfsight bietet eine Cloud-L\u00f6sung, die es einem breiten Publikum erm\u00f6glicht, selbst eine Number Counter-App zu erstellen. Finden Sie heraus, wie einfach der Vorgang ist: Gehen Sie zur Live-Demo, um ein Zahlenz\u00e4hler-Widget zu erstellen, das Sie Ihrer Joomla-Website hinzuf\u00fcgen m\u00f6chten. W\u00e4hlen Sie eine der vorgefertigten Vorlagen und \u00e4ndern Sie die Einstellungen des Zahlenz\u00e4hlers, \u00e4ndern Sie das Layout und die Farbe der Elemente und f\u00fcgen Sie Ihre Inhalte hinzu, ohne dass Sie Erfahrung in der Programmierung haben. Speichern Sie die Einstellungen, die Sie in Number Counter vorgenommen haben, und erhalten Sie den Installationscode des Plugins, den Sie einfach und kostenlos in Ihre Joomla-Webseite einf\u00fcgen k\u00f6nnen. Mit unserem benutzerfreundlichen Editor kann jeder Webbenutzer ein Number Counter-Plugin erstellen und es problemlos in die Joomla-Website einf\u00fcgen. Sie m\u00fcssen weder bezahlen noch Ihre Kartendaten eingeben, um den Service in Anspruch zu nehmen. Wenn Sie auf Hindernisse jeglicher Art sto\u00dfen, wenden Sie sich bitte an unsere Support-Mitarbeiter.<\/p> <\/div>\r\n\t\t\t\t\t<\/div>\r\n\t\t\t\t<\/div> <\/div><\/div>\n\n\n\n<p><\/p>\n","protected":false},"excerpt":{"rendered":"","protected":false},"author":9,"featured_media":0,"parent":2012,"menu_order":0,"comment_status":"closed","ping_status":"closed","template":"templates\/template-application-platform.php","meta":{"publish_to_discourse":"","publish_post_category":"","wpdc_auto_publish_overridden":"","wpdc_topic_tags":"","wpdc_pin_topic":"","wpdc_pin_until":"","discourse_post_id":"","discourse_permalink":"","wpdc_publishing_response":"","wpdc_publishing_error":"","footnotes":""},"class_list":["post-20852","page","type-page","status-publish","hentry"],"yoast_head":"<!-- This site is optimized with the Yoast SEO plugin v25.3.1 - https:\/\/yoast.com\/wordpress\/plugins\/seo\/ -->\n<title>Zahlenz\u00e4hler \u2013 Z\u00e4hler-Widget zur Joomla-Website hinzuf\u00fcgen<\/title>\n<meta name=\"description\" content=\"F\u00fcgen Sie mithilfe unserer aktiven Demo einen Zahlenz\u00e4hler in Ihre Joomla-Webseite ein. Erstellen Sie Ihre ma\u00dfgeschneiderte Erweiterung mit nur wenigen Klicks!\" \/>\n<meta name=\"robots\" content=\"index, follow, max-snippet:-1, max-image-preview:large, max-video-preview:-1\" \/>\n<link rel=\"canonical\" href=\"https:\/\/elfsight.com\/de\/number-counter-widget\/joomla\/\" \/>\n<meta property=\"og:locale\" content=\"de_DE\" \/>\n<meta property=\"og:type\" content=\"article\" \/>\n<meta property=\"og:title\" content=\"Zahlenz\u00e4hler \u2013 Z\u00e4hler-Widget zur Joomla-Website hinzuf\u00fcgen\" \/>\n<meta property=\"og:description\" content=\"F\u00fcgen Sie mithilfe unserer aktiven Demo einen Zahlenz\u00e4hler in Ihre Joomla-Webseite ein. Erstellen Sie Ihre ma\u00dfgeschneiderte Erweiterung mit nur wenigen Klicks!\" \/>\n<meta property=\"og:url\" content=\"https:\/\/elfsight.com\/de\/number-counter-widget\/joomla\/\" \/>\n<meta property=\"og:site_name\" content=\"Elfsight DE\" \/>\n<meta property=\"article:modified_time\" content=\"2025-02-21T12:29:59+00:00\" \/>\n<meta name=\"twitter:card\" content=\"summary_large_image\" \/>\n<meta name=\"twitter:label1\" content=\"Gesch\u00e4tzte Lesezeit\" \/>\n\t<meta name=\"twitter:data1\" content=\"3\u00a0Minuten\" \/>\n<!-- \/ Yoast SEO plugin. -->","yoast_head_json":{"title":"Zahlenz\u00e4hler \u2013 Z\u00e4hler-Widget zur Joomla-Website hinzuf\u00fcgen","description":"F\u00fcgen Sie mithilfe unserer aktiven Demo einen Zahlenz\u00e4hler in Ihre Joomla-Webseite ein. Erstellen Sie Ihre ma\u00dfgeschneiderte Erweiterung mit nur wenigen Klicks!","robots":{"index":"index","follow":"follow","max-snippet":"max-snippet:-1","max-image-preview":"max-image-preview:large","max-video-preview":"max-video-preview:-1"},"canonical":"https:\/\/elfsight.com\/de\/number-counter-widget\/joomla\/","og_locale":"de_DE","og_type":"article","og_title":"Zahlenz\u00e4hler \u2013 Z\u00e4hler-Widget zur Joomla-Website hinzuf\u00fcgen","og_description":"F\u00fcgen Sie mithilfe unserer aktiven Demo einen Zahlenz\u00e4hler in Ihre Joomla-Webseite ein. Erstellen Sie Ihre ma\u00dfgeschneiderte Erweiterung mit nur wenigen Klicks!","og_url":"https:\/\/elfsight.com\/de\/number-counter-widget\/joomla\/","og_site_name":"Elfsight DE","article_modified_time":"2025-02-21T12:29:59+00:00","twitter_card":"summary_large_image","twitter_misc":{"Gesch\u00e4tzte Lesezeit":"3\u00a0Minuten"},"schema":{"@context":"https:\/\/schema.org","@graph":[{"@type":"WebPage","@id":"https:\/\/elfsight.com\/de\/number-counter-widget\/joomla\/","url":"https:\/\/elfsight.com\/de\/number-counter-widget\/joomla\/","name":"Zahlenz\u00e4hler \u2013 Z\u00e4hler-Widget zur Joomla-Website hinzuf\u00fcgen","isPartOf":{"@id":"https:\/\/elfsight.com\/de\/#website"},"datePublished":"2024-05-03T06:41:28+00:00","dateModified":"2025-02-21T12:29:59+00:00","description":"F\u00fcgen Sie mithilfe unserer aktiven Demo einen Zahlenz\u00e4hler in Ihre Joomla-Webseite ein. Erstellen Sie Ihre ma\u00dfgeschneiderte Erweiterung mit nur wenigen Klicks!","breadcrumb":{"@id":"https:\/\/elfsight.com\/de\/number-counter-widget\/joomla\/#breadcrumb"},"inLanguage":"de","potentialAction":[{"@type":"ReadAction","target":["https:\/\/elfsight.com\/de\/number-counter-widget\/joomla\/"]}]},{"@type":"BreadcrumbList","@id":"https:\/\/elfsight.com\/de\/number-counter-widget\/joomla\/#breadcrumb","itemListElement":[{"@type":"ListItem","position":1,"name":"Home","item":"https:\/\/elfsight.com\/de\/"},{"@type":"ListItem","position":2,"name":"Number Counter","item":"https:\/\/elfsight.com\/de\/number-counter-widget\/"},{"@type":"ListItem","position":3,"name":"Number Counter &#8211; Joomla"}]},{"@type":"WebSite","@id":"https:\/\/elfsight.com\/de\/#website","url":"https:\/\/elfsight.com\/de\/","name":"Elfsight DE","description":"Just another Elfsight Sites site","potentialAction":[{"@type":"SearchAction","target":{"@type":"EntryPoint","urlTemplate":"https:\/\/elfsight.com\/de\/?s={search_term_string}"},"query-input":{"@type":"PropertyValueSpecification","valueRequired":true,"valueName":"search_term_string"}}],"inLanguage":"de"}]}},"meta_box":{"industry":"","seo_heading":"","heading":"","description":"","cta_heading":"","cta_description":"","application":"513","h1":"Joomla Number Counter-Erweiterung","h1_caption":"Pr\u00e4sentieren Sie wichtige Statistiken und Meilensteine \u200b\u200bmit animierten Z\u00e4hlern, um Ihre Erfolge m\u00fchelos auf ansprechende Weise auf Ihrer Joomla-Website hervorzuheben.","application_category":[],"applications_title":"","applications_request_title":"","applications_request_button_text":"","hero_text":"","hero_video":"","hero_video_schema_markup":"","selling_points_title":"","selling_points_caption":"","selling_points":[],"selling_points_cta_text":"","features_title":"","features":"","ed_cta_examples_text":"","ed_cta_examples_hidden":"","ed_cta_demo_text":"","ed_cta_demo_hidden":"","why_caption":"","why_editor_title":"","why_editor_text":"","why_team_title":"","why_team_text":"","why_service_title":"","why_service_text":"","template_catalog_visible":"0","template_catalog_title":"","template_catalog_text":"","template_catalog_categories_visible":"","demo_title":"Erstellen Sie Ihr Number Counter-Plugin","demo_caption":"Konfigurieren Sie Ihren Zahlenz\u00e4hler und f\u00fcgen Sie ihn kostenlos zu Ihrer Joomla-Website hinzu!","default_faq_hidden":"","app_template_category":[],"platform":"259","template_public_id":"","codecanyon_url":"","codecanyon_item_id":"","codecanyon_price":"","pricing_caption":"","pricing_elfsight_apps_hide_column":"","pricing_elfsight_apps_url":"","pricing_codecanyon_price_caption":"","integration_category":[],"integration_request_title":"","integration_request_cta":"","integration_platform":"","integrations":[],"platform_category":[],"video_schema_markup":"","price":"ab 0 $ \/ Monat","trial":"","benefits":[{"text":"Kostenlose Installationshilfe"},{"text":"Professioneller Kundenservice"},{"text":"14-t\u00e4gige Geld-zur\u00fcck-Garantie"},{"text":"Fortlaufende Entwicklung"}],"button_url":"#demo","button_target_blank":"0","button_nofollow":"0","attributes":[{"name":"Installiert","content":"10,000 - 100,000"},{"name":"Reaktionsfreudig","content":"Ja"},{"name":"Kompatible Browser","content":"Firefox, Safari, Opera, Chrome, Edge"}],"tags":[],"tags_disable_links":"0","hide_more_platforms":"0","video_object":"","demo_hide_cta":"0","demo_hide_cloud_options":"0","pricing_title":"","pricing":[{"pricing_icon":"platform","pricing_title":"Elfsight Apps","pricing_title_caption":"Multiplattform-Software","pricing_price":"ab 0 $ \/ Monat","pricing_price_caption":"Beginnen Sie mit einem kostenlosen Plan","pricing_benefits":[{"text":"Unbegrenzte Domains"},{"text":"Professionelle Unternehmensunterst\u00fctzung"},{"text":"Kostenlose Installationsunterst\u00fctzung"},{"text":"Zeitlich begrenztes Angebot f\u00fcr mehrere Apps"}],"pricing_button_text":"Zur Website hinzuf\u00fcgen","pricing_button_url":"#demo"}],"related_apps_title":"","related_apps_hidden":"0","author":"","image":[],"title":"","job":"","social_networks":[]},"_links":{"self":[{"href":"https:\/\/elfsight.com\/de\/wp-json\/wp\/v2\/pages\/20852","targetHints":{"allow":["GET"]}}],"collection":[{"href":"https:\/\/elfsight.com\/de\/wp-json\/wp\/v2\/pages"}],"about":[{"href":"https:\/\/elfsight.com\/de\/wp-json\/wp\/v2\/types\/page"}],"author":[{"embeddable":true,"href":"https:\/\/elfsight.com\/de\/wp-json\/wp\/v2\/users\/9"}],"replies":[{"embeddable":true,"href":"https:\/\/elfsight.com\/de\/wp-json\/wp\/v2\/comments?post=20852"}],"version-history":[{"count":3,"href":"https:\/\/elfsight.com\/de\/wp-json\/wp\/v2\/pages\/20852\/revisions"}],"predecessor-version":[{"id":24714,"href":"https:\/\/elfsight.com\/de\/wp-json\/wp\/v2\/pages\/20852\/revisions\/24714"}],"up":[{"embeddable":true,"href":"https:\/\/elfsight.com\/de\/wp-json\/wp\/v2\/pages\/2012"}],"wp:attachment":[{"href":"https:\/\/elfsight.com\/de\/wp-json\/wp\/v2\/media?parent=20852"}],"curies":[{"name":"wp","href":"https:\/\/api.w.org\/{rel}","templated":true}]}}