{"id":20851,"date":"2024-05-03T06:41:27","date_gmt":"2024-05-03T06:41:27","guid":{"rendered":"https:\/\/elfsight.com\/de\/?page_id=20851"},"modified":"2025-07-09T12:17:09","modified_gmt":"2025-07-09T12:17:09","slug":"jquery","status":"publish","type":"page","link":"https:\/\/elfsight.com\/de\/number-counter-widget\/jquery\/","title":{"rendered":"Number Counter &#8211; jQuery"},"content":{"rendered":"<div class=\"application-platform-content-item-description application-platform-content-item\" id=\"description\" data-nav-section=\"description\"> <h2>Beschreibung<\/h2> <p>Elfsight Number Counter ist ein praktisches Plugin f\u00fcr jQuery mit einer Vielzahl von Funktionen. Es eignet sich gut, um mit Ihren beeindruckenden Gesch\u00e4ftszahlen und der Anzahl der bisher geleisteten Arbeiten zu prahlen, und das ist noch nicht alles. Das Widget ist au\u00dfergew\u00f6hnlich anpassbar. Es steht Ihnen frei, eine beliebige Anzahl an Z\u00e4hlern zu erstellen, sie in Spalten zusammenzustellen, Symbole aus unserer Bibliothek auszuw\u00e4hlen oder Ihre ma\u00dfgeschneiderten hochzuladen, sie bunt oder einfarbig zu gestalten, Titel hinzuzuf\u00fcgen, um Ihre Benutzer mit denkbaren Informationen auszustatten, jede Funktion neu zu zeichnen, auszuw\u00e4hlen das Hintergrundbild, und das ist noch nicht einmal die H\u00e4lfte. Beginnen Sie jetzt einfach mit der Gestaltung Ihres Z\u00e4hlers und sehen Sie, wie Ihre wichtigsten Gesch\u00e4ftsstatistiken wachsen! <\/p> <p><b>Pr\u00e4sentieren Sie Ihre wunderbaren Errungenschaften Ihren potenziellen K\u00e4ufern. Steigern Sie die Anzahl erfolgreicher Verk\u00e4ufe und Leads! <\/b><\/p> <\/div> <div class=\"application-platform-content-item-features application-platform-content-item\" id=\"features\" data-nav-section=\"features\"> <h2>Lernen Sie die Liste der n\u00fctzlichsten Funktionen des Number Counter-Widgets kennen:<\/h2> <ul><li>An unbegrenzte Anzahl an Z\u00e4hlern. <\/li><li>Beliebig viele Spalten. <\/li><li>Titel, \u00dcberschriften, Pr\u00e4fixe und Postfixe hinzuf\u00fcgen. <\/li><li>W\u00e4hlen Sie den Symboltyp \u2013 holen Sie ihn sich aus unserer Bibliothek oder laden Sie Ihr ma\u00dfgeschneidertes Symbol hoch. <\/li><li>Adjoin-Links. <\/li><\/ul><p><a href=\"#demo\">Testen Sie alle Einstellungen in einer 100 % funktionsf\u00e4higen Demo<\/a><\/p> <\/div> <div class=\"application-platform-content-item-installation application-platform-content-item\" id=\"installation\" data-nav-section=\"installation\"> <h2>Wie kann ich Number Counter in meine jQuery-Site einbetten? <\/h2> <p>Befolgen Sie einfach die unten beschriebenen Schritte, um das Widget zu integrieren. <\/p> <ol><li><b>Starten Sie unseren kostenlosen Editor und beginnen Sie mit der Erstellung Ihres einzigartigen Widgets. <\/b><br> W\u00e4hlen Sie das gew\u00fcnschte Design und die gew\u00fcnschten Aspekte des Widgets aus und speichern Sie die \u00c4nderungen. <\/li> <li><b>Lassen Sie sich Ihren einzigartigen Code in der Witwe von Elfsight Apps anzeigen. <\/b><br> Nachdem die Anpassung Ihres pers\u00f6nlichen Widgets abgeschlossen ist, kopieren Sie den exklusiven Code aus dem angezeigten Popup und speichern Sie ihn f\u00fcr die zuk\u00fcnftige Verwendung. <\/li> <li><b>Erste Schritte mit der Verwendung des Plugins auf der jQuery-Website. <\/b><br> Betten Sie den k\u00fcrzlich kopierten Code in Ihre Seite ein und wenden Sie die Korrekturen an. <\/li> <li><b>Das Setup wurde erfolgreich abgeschlossen. <\/b><br> Besuchen Sie Ihre Website, um zu sehen, wie das Plugin funktioniert. <\/li><\/ol> <p>Falls Sie auf Hindernisse sto\u00dfen, scheuen Sie sich nicht, sich an unser Support-Team zu wenden. Unsere Berater l\u00f6sen gerne alle Probleme, die Sie mit dem Widget haben. <\/p> <div class=\"faq\" data-component=\"FAQ\"><div class=\"faq-item\">\r\n\t\t\t\t\t<div class=\"faq-item-question\">\r\n\t\t\t\t\t\t<h3 class=\"faq-item-question-text\">Gibt es eine M\u00f6glichkeit, Number Counter ohne Codierung in meine jQuery-Website einzubetten?<\/h3>\r\n\r\n\t\t\t\t\t\t<div class=\"faq-item-question-icon\"><\/div>\r\n\t\t\t\t\t<\/div>\r\n\r\n\t\t\t\t\t<div class=\"faq-item-answer\">\r\n\t\t\t\t\t\t<div class=\"faq-item-answer-text\"> <p>Das Unternehmen Elfsight bietet eine L\u00f6sung, mit der Benutzer selbst ein Number Counter-Widget erstellen k\u00f6nnen. Finden Sie es heraus So einfach ist es: Arbeiten Sie direkt im Live-Editor, um einen Zahlenz\u00e4hlerabschnitt zu erstellen, der auf der jQuery-Webseite angezeigt werden soll. W\u00e4hlen Sie eine unserer vorgefertigten Vorlagen und \u00e4ndern Sie die Einstellungen des Zahlenz\u00e4hlers, das Layout und die Farben einschlie\u00dflich Ihrer Inhalte, ohne Programmierkenntnisse. Klicken Sie hier, um die von Ihnen vorgenommenen Einstellungen f\u00fcr Number Counter zu speichern und den Installationscode zu kopieren, der im Rahmen eines kostenlosen Plans einfach auf der jQuery-Homepage hinzugef\u00fcgt werden kann. Mit Hilfe des intuitiven Editors kann jeder Webbenutzer den Abschnitt \u201eNummernz\u00e4hler\u201c online erstellen und m\u00fchelos in seine jQuery-Webseite einf\u00fcgen. F\u00fcr den Zugang zu unserem Service ist keine Zahlung oder Offenlegung Ihrer Kartendaten erforderlich. Sollten Sie bei irgendeinem Schritt auf Probleme sto\u00dfen, z\u00f6gern Sie nicht, sich an unsere Mitarbeiter des technischen Supports zu wenden.<\/p> <\/div>\r\n\t\t\t\t\t<\/div>\r\n\t\t\t\t<\/div> <\/div><\/div>","protected":false},"excerpt":{"rendered":"","protected":false},"author":9,"featured_media":0,"parent":2012,"menu_order":0,"comment_status":"closed","ping_status":"closed","template":"templates\/template-application-platform.php","meta":{"publish_to_discourse":"","publish_post_category":"","wpdc_auto_publish_overridden":"","wpdc_topic_tags":"","wpdc_pin_topic":"","wpdc_pin_until":"","discourse_post_id":"","discourse_permalink":"","wpdc_publishing_response":"","wpdc_publishing_error":"","footnotes":""},"class_list":["post-20851","page","type-page","status-publish","hentry"],"yoast_head":"<!-- This site is optimized with the Yoast SEO plugin v25.3.1 - https:\/\/yoast.com\/wordpress\/plugins\/seo\/ -->\n<title>Number Counter \u2013 Z\u00e4hler-Plugin zu jQuery hinzuf\u00fcgen (kostenlos und schnell)<\/title>\n<meta name=\"description\" content=\"Integrieren Sie mithilfe unserer praktischen Demo einen Zahlenz\u00e4hler in Ihre jQuery-Webseite. Gestalten Sie Ihr ma\u00dfgeschneidertes Feature mit nur wenigen Klicks und ohne Aufwand!\" \/>\n<meta name=\"robots\" content=\"index, follow, max-snippet:-1, max-image-preview:large, max-video-preview:-1\" \/>\n<link rel=\"canonical\" href=\"https:\/\/elfsight.com\/de\/number-counter-widget\/jquery\/\" \/>\n<meta property=\"og:locale\" content=\"de_DE\" \/>\n<meta property=\"og:type\" content=\"article\" \/>\n<meta property=\"og:title\" content=\"Number Counter \u2013 Z\u00e4hler-Plugin zu jQuery hinzuf\u00fcgen (kostenlos und schnell)\" \/>\n<meta property=\"og:description\" content=\"Integrieren Sie mithilfe unserer praktischen Demo einen Zahlenz\u00e4hler in Ihre jQuery-Webseite. Gestalten Sie Ihr ma\u00dfgeschneidertes Feature mit nur wenigen Klicks und ohne Aufwand!\" \/>\n<meta property=\"og:url\" content=\"https:\/\/elfsight.com\/de\/number-counter-widget\/jquery\/\" \/>\n<meta property=\"og:site_name\" content=\"Elfsight DE\" \/>\n<meta property=\"article:modified_time\" content=\"2025-07-09T12:17:09+00:00\" \/>\n<meta name=\"twitter:card\" content=\"summary_large_image\" \/>\n<meta name=\"twitter:label1\" content=\"Gesch\u00e4tzte Lesezeit\" \/>\n\t<meta name=\"twitter:data1\" content=\"3\u00a0Minuten\" \/>\n<!-- \/ Yoast SEO plugin. -->","yoast_head_json":{"title":"Number Counter \u2013 Z\u00e4hler-Plugin zu jQuery hinzuf\u00fcgen (kostenlos und schnell)","description":"Integrieren Sie mithilfe unserer praktischen Demo einen Zahlenz\u00e4hler in Ihre jQuery-Webseite. Gestalten Sie Ihr ma\u00dfgeschneidertes Feature mit nur wenigen Klicks und ohne Aufwand!","robots":{"index":"index","follow":"follow","max-snippet":"max-snippet:-1","max-image-preview":"max-image-preview:large","max-video-preview":"max-video-preview:-1"},"canonical":"https:\/\/elfsight.com\/de\/number-counter-widget\/jquery\/","og_locale":"de_DE","og_type":"article","og_title":"Number Counter \u2013 Z\u00e4hler-Plugin zu jQuery hinzuf\u00fcgen (kostenlos und schnell)","og_description":"Integrieren Sie mithilfe unserer praktischen Demo einen Zahlenz\u00e4hler in Ihre jQuery-Webseite. Gestalten Sie Ihr ma\u00dfgeschneidertes Feature mit nur wenigen Klicks und ohne Aufwand!","og_url":"https:\/\/elfsight.com\/de\/number-counter-widget\/jquery\/","og_site_name":"Elfsight DE","article_modified_time":"2025-07-09T12:17:09+00:00","twitter_card":"summary_large_image","twitter_misc":{"Gesch\u00e4tzte Lesezeit":"3\u00a0Minuten"},"schema":{"@context":"https:\/\/schema.org","@graph":[{"@type":"WebPage","@id":"https:\/\/elfsight.com\/de\/number-counter-widget\/jquery\/","url":"https:\/\/elfsight.com\/de\/number-counter-widget\/jquery\/","name":"Number Counter \u2013 Z\u00e4hler-Plugin zu jQuery hinzuf\u00fcgen (kostenlos und schnell)","isPartOf":{"@id":"https:\/\/elfsight.com\/de\/#website"},"datePublished":"2024-05-03T06:41:27+00:00","dateModified":"2025-07-09T12:17:09+00:00","description":"Integrieren Sie mithilfe unserer praktischen Demo einen Zahlenz\u00e4hler in Ihre jQuery-Webseite. Gestalten Sie Ihr ma\u00dfgeschneidertes Feature mit nur wenigen Klicks und ohne Aufwand!","breadcrumb":{"@id":"https:\/\/elfsight.com\/de\/number-counter-widget\/jquery\/#breadcrumb"},"inLanguage":"de","potentialAction":[{"@type":"ReadAction","target":["https:\/\/elfsight.com\/de\/number-counter-widget\/jquery\/"]}]},{"@type":"BreadcrumbList","@id":"https:\/\/elfsight.com\/de\/number-counter-widget\/jquery\/#breadcrumb","itemListElement":[{"@type":"ListItem","position":1,"name":"Home","item":"https:\/\/elfsight.com\/de\/"},{"@type":"ListItem","position":2,"name":"Number Counter","item":"https:\/\/elfsight.com\/de\/number-counter-widget\/"},{"@type":"ListItem","position":3,"name":"Number Counter &#8211; jQuery"}]},{"@type":"WebSite","@id":"https:\/\/elfsight.com\/de\/#website","url":"https:\/\/elfsight.com\/de\/","name":"Elfsight DE","description":"Just another Elfsight Sites site","potentialAction":[{"@type":"SearchAction","target":{"@type":"EntryPoint","urlTemplate":"https:\/\/elfsight.com\/de\/?s={search_term_string}"},"query-input":{"@type":"PropertyValueSpecification","valueRequired":true,"valueName":"search_term_string"}}],"inLanguage":"de"}]}},"meta_box":{"industry":"","seo_heading":"","heading":"","description":"","cta_heading":"","cta_description":"","application":"513","h1":"jQuery Number Counter-Plugin","h1_caption":"Pr\u00e4sentieren Sie wichtige Statistiken und Meilensteine \u200b\u200bmit animierten Z\u00e4hlern, um Ihre Erfolge m\u00fchelos auf ansprechende Weise auf Ihrer jQuery-Website hervorzuheben.","application_category":[],"applications_title":"","applications_request_title":"","applications_request_button_text":"","hero_text":"","hero_video":"","hero_video_schema_markup":"","selling_points_title":"","selling_points_caption":"","selling_points":[],"selling_points_cta_text":"","features_title":"","features":"","ed_cta_examples_text":"","ed_cta_examples_hidden":"","ed_cta_demo_text":"","ed_cta_demo_hidden":"","why_caption":"","why_editor_title":"","why_editor_text":"","why_team_title":"","why_team_text":"","why_service_title":"","why_service_text":"","template_catalog_visible":"","template_catalog_title":"","template_catalog_text":"","template_catalog_categories_visible":"","demo_title":"Erstellen Sie Ihr Number Counter-Plugin","demo_caption":"Konfigurieren Sie Ihren Zahlenz\u00e4hler und f\u00fcgen Sie ihn kostenlos zu Ihrer jQuery-Website hinzu!","default_faq_hidden":"","app_template_category":[],"platform":"258","template_public_id":"","codecanyon_url":"","codecanyon_item_id":"","codecanyon_price":"","pricing_caption":"","pricing_elfsight_apps_hide_column":"","pricing_elfsight_apps_url":"","pricing_codecanyon_price_caption":"","integration_category":[],"integration_request_title":"","integration_request_cta":"","integration_platform":"","integrations":[],"platform_category":[],"video_schema_markup":"","price":"ab 0 $ \/ Monat","trial":"","benefits":[{"text":"Kostenloser Installationsservice"},{"text":"Erfahrener Kundensupport"},{"text":"14-t\u00e4gige R\u00fcckerstattungsgarantie"},{"text":"Laufende kostenlose Updates"}],"button_url":"#demo","button_target_blank":"","button_nofollow":"","attributes":[{"name":"Installiert","content":"10,000 - 100,000"},{"name":"Reaktionsfreudig","content":"Ja"},{"name":"Kompatible Browser","content":"Firefox, Safari, Opera, Chrome, Edge"}],"tags":[],"tags_disable_links":"","hide_more_platforms":"","video_object":"","demo_hide_cta":"","demo_hide_cloud_options":"","pricing_title":"","pricing":[{"pricing_icon":"platform","pricing_title":"Elfsight Apps","pricing_title_caption":"Plattform\u00fcbergreifende Version, die auf jeder Website funktioniert","pricing_price":"ab 0 $ \/ Monat","pricing_price_caption":"Beginnen Sie mit einem kostenlosen Plan","pricing_benefits":[{"text":"Unbegrenzte Domains"},{"text":"Support rund um die Uhr und gut dokumentiert"},{"text":"Kostenlose Installationshilfe"},{"text":"Flexibles Design"}],"pricing_button_text":"Zur Website hinzuf\u00fcgen","pricing_button_url":"#demo"}],"related_apps_title":"","related_apps_hidden":"","author":"","image":[],"title":"","job":"","social_networks":[]},"_links":{"self":[{"href":"https:\/\/elfsight.com\/de\/wp-json\/wp\/v2\/pages\/20851","targetHints":{"allow":["GET"]}}],"collection":[{"href":"https:\/\/elfsight.com\/de\/wp-json\/wp\/v2\/pages"}],"about":[{"href":"https:\/\/elfsight.com\/de\/wp-json\/wp\/v2\/types\/page"}],"author":[{"embeddable":true,"href":"https:\/\/elfsight.com\/de\/wp-json\/wp\/v2\/users\/9"}],"replies":[{"embeddable":true,"href":"https:\/\/elfsight.com\/de\/wp-json\/wp\/v2\/comments?post=20851"}],"version-history":[{"count":1,"href":"https:\/\/elfsight.com\/de\/wp-json\/wp\/v2\/pages\/20851\/revisions"}],"predecessor-version":[{"id":20855,"href":"https:\/\/elfsight.com\/de\/wp-json\/wp\/v2\/pages\/20851\/revisions\/20855"}],"up":[{"embeddable":true,"href":"https:\/\/elfsight.com\/de\/wp-json\/wp\/v2\/pages\/2012"}],"wp:attachment":[{"href":"https:\/\/elfsight.com\/de\/wp-json\/wp\/v2\/media?parent=20851"}],"curies":[{"name":"wp","href":"https:\/\/api.w.org\/{rel}","templated":true}]}}