{"id":2085,"date":"2020-07-31T12:53:41","date_gmt":"2020-07-31T12:53:41","guid":{"rendered":"https:\/\/elfsight.com\/de\/?page_id=2085"},"modified":"2020-08-28T09:59:02","modified_gmt":"2020-08-28T09:59:02","slug":"features","status":"publish","type":"page","link":"https:\/\/elfsight.com\/de\/social-media-icons-widget\/features\/","title":{"rendered":"Social Media Icons &#8211; Features"},"content":{"rendered":"\n<section class=\"application-features-group section\" id=\"content\">\n                    <div class=\"inner\">\n                        <div class=\"col-row\">\n                            <div class=\"col-6 col-offset-3 col-m-12 col-m-offset-0\">\n<h3>\u00dcber 50 gebrauchsfertige Symbole<\/h3>\n<p>Elfsight Soziale Netzwerke Icons  verf\u00fcgt \u00fcber eine Bibliothek mit mehr als 50 Symbolen der weltweit beliebtesten sozialen Netze. Sie m\u00fcssen nur die erforderlichen Medien aus der Liste ausw\u00e4hlen und eine URL zu Ihrem Konto in das Feld einf\u00fcgen &#8211; und fertig! Das Symbol wird auf der Seite angezeigt und leitet Benutzer beim Klicken zu Ihrem Konto weiter.<\/p>\n<div class=\"post-row col-row\"><br><div class=\"col-12 col-offset-0 col-m-12 col-m-offset-0\"><\/p>\n<figure><img decoding=\"async\" src=\"https:\/\/elfsight.com\/wp-content\/uploads\/2018\/08\/social-media-icons-content-1.jpg\" alt=\"social media icons\"><\/figure>\n<p><\/div><br><\/div>\n<h3>F\u00fcgen Sie unbegrenzt viele Medien hinzu<\/h3>\n<p>Wenn Sie viele sozialer Netzwerk-Accounts ausf\u00fchren, ist es kein Problem, alle auf einer Website anzuzeigen. Unser Widget erm\u00f6glicht das Hinzuf\u00fcgen einer unbegrenzten Anzahl von Symbolen zur Seite &#8211; f\u00fcgen Sie alle Medien mit Ihrer aktiven Pr\u00e4senz hinzu. Dar\u00fcber hinaus k\u00f6nnen Sie Symbole neu anordnen, um sie richtig einzustellen.<\/p>\n<div class=\"tip-yellow tip\"><br><strong>Tip:<\/strong> F\u00fcgen Sie Symbole aller sozialen Medien hinzu, in denen Ihre Marke wirklich aktiv ist und Sie Inhalte haben, die Besucher interessieren. Dies hilft Ihnen, Ihre Reichweite zu erweitern und den sozialen Beweis zu erh\u00f6hen.<br><\/div>\n<div class=\"post-row col-row\"><br><div class=\"col-12 col-offset-0 col-m-12 col-m-offset-0\"><\/p>\n<figure><img decoding=\"async\" src=\"https:\/\/elfsight.com\/wp-content\/uploads\/2018\/08\/social-media-icons-content-2.jpg\" alt=\"social media\"><\/figure>\n<p><\/div><br><\/div>\n<p><\/div>\n                        <\/div>\n                    <\/div>\n\n                    <div class=\"application-features-group-title\">inhalt<\/div>\n                <\/section><br><section class=\"application-cta-ed\">\n                    <div class=\"inner\">\n                        <div class=\"col-row\">\n                            <div class=\"col-6 col-m-12\">\n                                <div class=\"application-cta-ed-item-examples application-cta-ed-item\">\n                                    <div class=\"application-cta-ed-item-icon\">\n                                        <svg viewBox=\"0 0 25 25\" width=\"100%\" height=\"100%\">\n                                            <use xlink:href=\"#icon-desktop\"><\/use>\n                                        <\/svg>\n                                    <\/div>\n\n                                    <div class=\"application-cta-ed-item-content\">\n                                        <div class=\"application-cta-ed-item-content-title\">Anwendungsbeispiele<\/div>\n\n                                        <div class=\"application-cta-ed-item-content-text\">Sehen Sie echte Beispiele an, um das volle Potenzial von  f\u00fcr Ihre Website zu entdecken.\n                                        <\/div>\n\n                                        <a class=\"button-48 button-purple button\" href=\"\">In Aktion sehen<\/a>\n                                    <\/div>\n                                <\/div>\n                            <\/div>\n                            <div class=\"col-6 col-m-12\">\n                                <div class=\"application-cta-ed-item-demo application-cta-ed-item\">\n                                    <div class=\"application-cta-ed-item-icon\">\n                                        <svg viewBox=\"0 0 25 25\" width=\"100%\" height=\"100%\">\n                                            <use xlink:href=\"#icon-settings\"><\/use>\n                                        <\/svg>\n                                    <\/div>\n\n                                    <div class=\"application-cta-ed-item-content\">\n                                        <div class=\"application-cta-ed-item-content-title\">Live-Demo<\/div>\n\n                                        <div class=\"application-cta-ed-item-content-text\">Probieren Sie alle Funktionen von  in Live-Demo aus. Keine Zahlung, Keine Registration. Keine Codierung.\n                                        <\/div>\n\n                                        <a class=\"button-48 button-magenta button\" href=\"#demo\" data-nav-scroll-to=\"demo\">Jetzt testen<\/a>\n                                    <\/div>\n                                <\/div>\n                            <\/div>\n                        <\/div>\n                    <\/div>\n                <\/section><\/p>\n<section class=\"application-features-group section\" style=\"background-color:#fafafa;\" id=\"layout\">\n                    <div class=\"inner\">\n                        <div class=\"col-row\">\n                            <div class=\"col-6 col-offset-3 col-m-12 col-m-offset-0\"><\/p>\n<h3>\u00c4ndern Sie einfach die Gr\u00f6\u00dfe<\/h3>\n<p>Um Ihnen die Suche nach der idealen Symbolgr\u00f6\u00dfe zu ersparen, haben wir den Editor mit 5 verf\u00fcgbaren Stiloptionen eingebettet. Versuchen Sie es mit einem Klick von mittel bis massiv und sehen Sie, wie es auf der Seite aussieht, um Ihre ideale Gr\u00f6\u00dfe zu finden.<\/p>\n<p><div class=\"post-row col-row\"><br><div class=\"col-12 col-offset-0 col-m-12 col-m-offset-0\"><\/p>\n<figure><img decoding=\"async\" src=\"https:\/\/elfsight.com\/wp-content\/uploads\/2018\/08\/social-media-icons-layout-1.jpg\" alt=\"\"><\/figure>\n<p><\/div><br><\/div><\/p>\n<h3>F\u00fcgen Sie die Symbole rechts im Inline-Layout ein<\/h3>\n<p>Binden Sie soziale Netzwerke Icons mithilfe des Inline-Layouts  auf Ihrer Website, damit sie perfekt aussehen. Sie k\u00f6nnen eine beliebige Ausrichtungsvariante ausw\u00e4hlen &#8211; links, rechts und in der Mitte &#8211; und das Widget rechts an der Stelle einf\u00fcgen, an der es ausgewogen aussehen soll. <\/p>\n<p><div class=\"post-row col-row\"><br><div class=\"col-12 col-offset-0 col-m-12 col-m-offset-0\"><\/p>\n<figure><img decoding=\"async\" src=\"https:\/\/elfsight.com\/wp-content\/uploads\/2018\/08\/social-media-icons-layout-2.jpg\" alt=\"\"><\/figure>\n<p><\/div><br><\/div><\/p>\n<h3>Setzen Sie Symbole mit schwebendem Layout in Bewegung<\/h3>\n<p>Es gibt ein perfektes Tool, mit dem Ihre sozialen Symbole immer sichtbar bleiben und Benutzer zum Besuch Ihrer Konten anregen k\u00f6nnen. Floating Layout wird diese Aufgabe verwalten! Damit folgen Ihre Symbole der Schriftrolle der Besucher und bleiben zur Hand. Sie k\u00f6nnen sie auf eine beliebige Seite des Bildschirms oder in die Mitte einstellen.<\/p>\n<p><div class=\"tip-yellow tip\"><br><strong>Tip:<\/strong> Wenn Ihre Seite ziemlich lang ist und viel Scrollen erfordert, ist das schwebende Layout eine gro\u00dfartige L\u00f6sung. Benutzer werden es nie aus den Augen verlieren, wenn sie weit nach unten von statischen Symbolen scrollen.<br><\/div><\/p>\n<p><div class=\"post-row col-row\"><br><div class=\"col-12 col-offset-0 col-m-12 col-m-offset-0\"><\/p>\n<figure><img decoding=\"async\" src=\"https:\/\/elfsight.com\/wp-content\/uploads\/2018\/08\/social-media-icons-layout-3.jpg\" alt=\"\"><\/figure>\n<p><\/div><br><\/div><\/p>\n<p><\/div>\n                        <\/div>\n                    <\/div>\n\n                    <div class=\"application-features-group-title\">Layout<\/div>\n                <\/section>\n<section class=\"application-cta-ed\">\n                    <div class=\"inner\">\n                        <div class=\"col-row\">\n                            <div class=\"col-6 col-m-12\">\n                                <div class=\"application-cta-ed-item-examples application-cta-ed-item\">\n                                    <div class=\"application-cta-ed-item-icon\">\n                                        <svg viewBox=\"0 0 25 25\" width=\"100%\" height=\"100%\">\n                                            <use xlink:href=\"#icon-desktop\"><\/use>\n                                        <\/svg>\n                                    <\/div>\n\n                                    <div class=\"application-cta-ed-item-content\">\n                                        <div class=\"application-cta-ed-item-content-title\">Anwendungsbeispiele<\/div>\n\n                                        <div class=\"application-cta-ed-item-content-text\">Sehen Sie echte Beispiele an, um das volle Potenzial von  f\u00fcr Ihre Website zu entdecken.\n                                        <\/div>\n\n                                        <a class=\"button-48 button-purple button\" href=\"\">In Aktion sehen<\/a>\n                                    <\/div>\n                                <\/div>\n                            <\/div>\n                            <div class=\"col-6 col-m-12\">\n                                <div class=\"application-cta-ed-item-demo application-cta-ed-item\">\n                                    <div class=\"application-cta-ed-item-icon\">\n                                        <svg viewBox=\"0 0 25 25\" width=\"100%\" height=\"100%\">\n                                            <use xlink:href=\"#icon-settings\"><\/use>\n                                        <\/svg>\n                                    <\/div>\n\n                                    <div class=\"application-cta-ed-item-content\">\n                                        <div class=\"application-cta-ed-item-content-title\">Live-Demo<\/div>\n\n                                        <div class=\"application-cta-ed-item-content-text\">Probieren Sie alle Funktionen von  in Live-Demo aus. Keine Zahlung, Keine Registration. Keine Codierung.\n                                        <\/div>\n\n                                        <a class=\"button-48 button-magenta button\" href=\"#demo\" data-nav-scroll-to=\"demo\">Jetzt testen<\/a>\n                                    <\/div>\n                                <\/div>\n                            <\/div>\n                        <\/div>\n                    <\/div>\n                <\/section>\n<section class=\"application-features-group section\" id=\"style\">\n                    <div class=\"inner\">\n                        <div class=\"col-row\">\n                            <div class=\"col-6 col-offset-3 col-m-12 col-m-offset-0\"><\/p>\n<h3>5 vordefinierte Symbolstile<\/h3>\n<p>Unser Widget verf\u00fcgt \u00fcber f\u00fcnf eingebettete Stilvorlagen. Mit einem praktischen Editor k\u00f6nnen Sie alle mit einem Klick \u00e4ndern und pr\u00fcfen, welcher f\u00fcr Ihre Website am besten geeignet ist. Material, Flat, Classic, Bordered und Symbol &#8211; Sie werden auf jeden Fall die Vorlage finden, die zu Ihrem Stil passt.<\/p>\n<p><div class=\"post-row col-row\"><br><div class=\"col-12 col-offset-0 col-m-12 col-m-offset-0\"><\/p>\n<figure><img decoding=\"async\" src=\"https:\/\/elfsight.com\/wp-content\/uploads\/2018\/08\/social-media-icons-style-1.jpg\" alt=\"\"><\/figure>\n<p><\/div><br><\/div><\/p>\n<h3>Malen Sie Ihre Icons f\u00fcr den einzigartigen Look<\/h3>\n<p>Um noch mehr Anpassungen vorzunehmen, k\u00f6nnen Sie mit Elfsight Social Media Icons vier Elemente selbst malen. W\u00e4hlen Sie f\u00fcr jedes der \u00fcberstreichbaren Elemente die Farboptionen Original, Schwarz oder Wei\u00df: Symbol, Hintergrund, Schwebesymbol und Schwebehintergrund. Sie k\u00f6nnen auch die Deckkraft der Symbole variieren, damit sie hell oder unscharf aussehen.<\/p>\n<p><div class=\"post-row col-row\"><br><div class=\"col-12 col-offset-0 col-m-12 col-m-offset-0\"><\/p>\n<figure><img decoding=\"async\" src=\"https:\/\/elfsight.com\/wp-content\/uploads\/2018\/08\/social-media-icons-style-2.jpg\" alt=\"\"><\/figure>\n<p><\/div><br><\/div><\/p>\n<h3>3 Symbolformoptionen<\/h3>\n<p>Definieren Sie, welche Art von Rahmenradius auf Ihrer Seite am besten aussieht. Wir bieten drei Varianten an: Kreis, abgerundet und Quadrat. W\u00e4hrend Kreissymbole traditioneller sind, sieht die quadratische Form stilvoll aus und ist m\u00f6glicherweise die beste L\u00f6sung f\u00fcr Websites mit einem klaren Grafikstil.<\/p>\n<p><div class=\"post-row col-row\"><br><div class=\"col-12 col-offset-0 col-m-12 col-m-offset-0\"><\/p>\n<figure><img decoding=\"async\" src=\"https:\/\/elfsight.com\/wp-content\/uploads\/2018\/08\/social-media-icons-style-3.jpg\" alt=\"\"><\/figure>\n<p><\/div><br><\/div><\/p>\n<h3>5 Varianten der Animation<\/h3>\n<p>Bewegen Sie die Maus \u00fcber das Symbol und Sie werden sehen, wie es sich in einer sch\u00f6nen Animation \u00e4ndert. Mit der Option Animation k\u00f6nnen Sie im Editor festlegen, wie Ihre Symbole auf den Schwebeflug des Benutzers reagieren. Es gibt f\u00fcnf eingebettete Animationstypen &#8211; w\u00e4hlen Sie einfach Ihren aus der Liste aus.<\/p>\n<p><\/div>\n                        <\/div>\n                    <\/div>\n\n                    <div class=\"application-features-group-title\">Style<\/div>\n                <\/section>\n","protected":false},"excerpt":{"rendered":"","protected":false},"author":11,"featured_media":0,"parent":2084,"menu_order":0,"comment_status":"closed","ping_status":"closed","template":"templates\/template-application-features.php","meta":{"publish_to_discourse":"","publish_post_category":"","wpdc_auto_publish_overridden":"","wpdc_topic_tags":"","wpdc_pin_topic":"","wpdc_pin_until":"","discourse_post_id":"","discourse_permalink":"","wpdc_publishing_response":"","wpdc_publishing_error":"","footnotes":""},"class_list":["post-2085","page","type-page","status-publish","hentry"],"yoast_head":"<!-- This site is optimized with the Yoast SEO plugin v25.3.1 - https:\/\/yoast.com\/wordpress\/plugins\/seo\/ -->\n<title>Soziale Netzwerke Icons Plugin - 20+ benutzerdefinierte Einstellungen<\/title>\n<meta name=\"description\" content=\"Alle Soziale Netzwerke Icons Plugin-Funktionen in einer Elfsight Live-Demo. Benutzerdefinierte Einstellungen und gebrauchsfertige Vorlagen.\" \/>\n<meta name=\"robots\" content=\"index, follow, max-snippet:-1, max-image-preview:large, max-video-preview:-1\" \/>\n<link rel=\"canonical\" href=\"https:\/\/elfsight.com\/de\/social-media-icons-widget\/features\/\" \/>\n<meta property=\"og:locale\" content=\"de_DE\" \/>\n<meta property=\"og:type\" content=\"article\" \/>\n<meta property=\"og:title\" content=\"Soziale Netzwerke Icons Plugin - 20+ benutzerdefinierte Einstellungen\" \/>\n<meta property=\"og:description\" content=\"Alle Soziale Netzwerke Icons Plugin-Funktionen in einer Elfsight Live-Demo. Benutzerdefinierte Einstellungen und gebrauchsfertige Vorlagen.\" \/>\n<meta property=\"og:url\" content=\"https:\/\/elfsight.com\/de\/social-media-icons-widget\/features\/\" \/>\n<meta property=\"og:site_name\" content=\"Elfsight DE\" \/>\n<meta property=\"article:modified_time\" content=\"2020-08-28T09:59:02+00:00\" \/>\n<meta property=\"og:image\" content=\"https:\/\/elfsight.com\/wp-content\/uploads\/2018\/08\/social-media-icons-content-1.jpg\" \/>\n<meta name=\"twitter:card\" content=\"summary_large_image\" \/>\n<meta name=\"twitter:label1\" content=\"Gesch\u00e4tzte Lesezeit\" \/>\n\t<meta name=\"twitter:data1\" content=\"4\u00a0Minuten\" \/>\n<!-- \/ Yoast SEO plugin. -->","yoast_head_json":{"title":"Soziale Netzwerke Icons Plugin - 20+ benutzerdefinierte Einstellungen","description":"Alle Soziale Netzwerke Icons Plugin-Funktionen in einer Elfsight Live-Demo. Benutzerdefinierte Einstellungen und gebrauchsfertige Vorlagen.","robots":{"index":"index","follow":"follow","max-snippet":"max-snippet:-1","max-image-preview":"max-image-preview:large","max-video-preview":"max-video-preview:-1"},"canonical":"https:\/\/elfsight.com\/de\/social-media-icons-widget\/features\/","og_locale":"de_DE","og_type":"article","og_title":"Soziale Netzwerke Icons Plugin - 20+ benutzerdefinierte Einstellungen","og_description":"Alle Soziale Netzwerke Icons Plugin-Funktionen in einer Elfsight Live-Demo. Benutzerdefinierte Einstellungen und gebrauchsfertige Vorlagen.","og_url":"https:\/\/elfsight.com\/de\/social-media-icons-widget\/features\/","og_site_name":"Elfsight DE","article_modified_time":"2020-08-28T09:59:02+00:00","og_image":[{"url":"https:\/\/elfsight.com\/wp-content\/uploads\/2018\/08\/social-media-icons-content-1.jpg","type":"","width":"","height":""}],"twitter_card":"summary_large_image","twitter_misc":{"Gesch\u00e4tzte Lesezeit":"4\u00a0Minuten"},"schema":{"@context":"https:\/\/schema.org","@graph":[{"@type":"WebPage","@id":"https:\/\/elfsight.com\/de\/social-media-icons-widget\/features\/","url":"https:\/\/elfsight.com\/de\/social-media-icons-widget\/features\/","name":"Soziale Netzwerke Icons Plugin - 20+ benutzerdefinierte Einstellungen","isPartOf":{"@id":"https:\/\/elfsight.com\/de\/#website"},"primaryImageOfPage":{"@id":"https:\/\/elfsight.com\/de\/social-media-icons-widget\/features\/#primaryimage"},"image":{"@id":"https:\/\/elfsight.com\/de\/social-media-icons-widget\/features\/#primaryimage"},"thumbnailUrl":"https:\/\/elfsight.com\/wp-content\/uploads\/2018\/08\/social-media-icons-content-1.jpg","datePublished":"2020-07-31T12:53:41+00:00","dateModified":"2020-08-28T09:59:02+00:00","description":"Alle Soziale Netzwerke Icons Plugin-Funktionen in einer Elfsight Live-Demo. Benutzerdefinierte Einstellungen und gebrauchsfertige Vorlagen.","breadcrumb":{"@id":"https:\/\/elfsight.com\/de\/social-media-icons-widget\/features\/#breadcrumb"},"inLanguage":"de","potentialAction":[{"@type":"ReadAction","target":["https:\/\/elfsight.com\/de\/social-media-icons-widget\/features\/"]}]},{"@type":"ImageObject","inLanguage":"de","@id":"https:\/\/elfsight.com\/de\/social-media-icons-widget\/features\/#primaryimage","url":"https:\/\/elfsight.com\/wp-content\/uploads\/2018\/08\/social-media-icons-content-1.jpg","contentUrl":"https:\/\/elfsight.com\/wp-content\/uploads\/2018\/08\/social-media-icons-content-1.jpg"},{"@type":"BreadcrumbList","@id":"https:\/\/elfsight.com\/de\/social-media-icons-widget\/features\/#breadcrumb","itemListElement":[{"@type":"ListItem","position":1,"name":"Home","item":"https:\/\/elfsight.com\/de\/"},{"@type":"ListItem","position":2,"name":"Social Media Icons","item":"https:\/\/elfsight.com\/de\/social-media-icons-widget\/"},{"@type":"ListItem","position":3,"name":"Social Media Icons &#8211; Features"}]},{"@type":"WebSite","@id":"https:\/\/elfsight.com\/de\/#website","url":"https:\/\/elfsight.com\/de\/","name":"Elfsight DE","description":"Just another Elfsight Sites site","potentialAction":[{"@type":"SearchAction","target":{"@type":"EntryPoint","urlTemplate":"https:\/\/elfsight.com\/de\/?s={search_term_string}"},"query-input":{"@type":"PropertyValueSpecification","valueRequired":true,"valueName":"search_term_string"}}],"inLanguage":"de"}]}},"meta_box":{"industry":"","seo_heading":"","heading":"","description":"","cta_heading":"","cta_description":"","application":"466","h1":"Funktionen des Soziale Netzwerke Icons Plugins","h1_caption":"Sehen Sie sich alle Funktionen der Soziale Netzwerke Icons Plugin an und erfahren, wie k\u00f6nnen Sie das effektivste Widget erstellen.","application_category":[],"applications_title":"","applications_request_title":"","applications_request_button_text":"","hero_text":"","hero_video":"","hero_video_schema_markup":"","selling_points_title":"","selling_points_caption":"","selling_points":[],"selling_points_cta_text":"","features_title":"","features":"","ed_cta_examples_text":"","ed_cta_examples_hidden":"","ed_cta_demo_text":"","ed_cta_demo_hidden":"","why_caption":"","why_editor_title":"","why_editor_text":"","why_team_title":"","why_team_text":"","why_service_title":"","why_service_text":"","template_catalog_visible":"","template_catalog_title":"","template_catalog_text":"","template_catalog_categories_visible":"","demo_title":"","demo_caption":"","default_faq_hidden":"","app_template_category":[],"platform":"","template_public_id":"","codecanyon_url":"","codecanyon_item_id":"","codecanyon_price":"","pricing_caption":"","pricing_elfsight_apps_hide_column":"","pricing_elfsight_apps_url":"","pricing_codecanyon_price_caption":"","integration_category":[],"integration_request_title":"","integration_request_cta":"","integration_platform":"","integrations":[],"platform_category":[],"video_schema_markup":"","price":"","trial":"","benefits":[],"button_url":"","button_target_blank":"","button_nofollow":"","attributes":[],"tags":[],"tags_disable_links":"","hide_more_platforms":"","video_object":"","demo_hide_cta":"","demo_hide_cloud_options":"","pricing_title":"","pricing":[],"related_apps_title":"","related_apps_hidden":"","author":"","image":[],"title":"","job":"","social_networks":[]},"_links":{"self":[{"href":"https:\/\/elfsight.com\/de\/wp-json\/wp\/v2\/pages\/2085","targetHints":{"allow":["GET"]}}],"collection":[{"href":"https:\/\/elfsight.com\/de\/wp-json\/wp\/v2\/pages"}],"about":[{"href":"https:\/\/elfsight.com\/de\/wp-json\/wp\/v2\/types\/page"}],"author":[{"embeddable":true,"href":"https:\/\/elfsight.com\/de\/wp-json\/wp\/v2\/users\/11"}],"replies":[{"embeddable":true,"href":"https:\/\/elfsight.com\/de\/wp-json\/wp\/v2\/comments?post=2085"}],"version-history":[{"count":6,"href":"https:\/\/elfsight.com\/de\/wp-json\/wp\/v2\/pages\/2085\/revisions"}],"predecessor-version":[{"id":2113,"href":"https:\/\/elfsight.com\/de\/wp-json\/wp\/v2\/pages\/2085\/revisions\/2113"}],"up":[{"embeddable":true,"href":"https:\/\/elfsight.com\/de\/wp-json\/wp\/v2\/pages\/2084"}],"wp:attachment":[{"href":"https:\/\/elfsight.com\/de\/wp-json\/wp\/v2\/media?parent=2085"}],"curies":[{"name":"wp","href":"https:\/\/api.w.org\/{rel}","templated":true}]}}