{"id":20849,"date":"2024-05-03T06:41:25","date_gmt":"2024-05-03T06:41:25","guid":{"rendered":"https:\/\/elfsight.com\/de\/?page_id=20849"},"modified":"2025-07-09T14:05:22","modified_gmt":"2025-07-09T14:05:22","slug":"iframe","status":"publish","type":"page","link":"https:\/\/elfsight.com\/de\/number-counter-widget\/iframe\/","title":{"rendered":"Number Counter &#8211; iFrame"},"content":{"rendered":"<div class=\"application-platform-content-item-description application-platform-content-item\" id=\"description\" data-nav-section=\"description\"> <h2>Zahlenz\u00e4hler mit dem Elfsight-Widget in iFrame einbetten<\/h2> <p>Der Zahlenz\u00e4hler ist ein verwaltbares Widget f\u00fcr iFrame mit einem breiten Array von Optionen. Es ist gut, stolz auf Ihre herausragenden Gesch\u00e4ftszahlen zu sein, auf die Menge der bisher geleisteten Arbeit und das ist noch nicht alles. Das Tool ist \u00e4u\u00dferst flexibel. F\u00fchlen Sie sich frei, eine unbegrenzte Anzahl von Z\u00e4hlern zu erstellen, sie in Spalten zusammenzustellen, Symbole aus unserer Sammlung auszuw\u00e4hlen oder Ihre eigenen hochzuladen, sie bunt oder monochromatisch zu gestalten, Beschriftungen anzuf\u00fcgen, um die angezeigten Zahlen zu verdeutlichen, jede Funktion neu einzuf\u00e4rben, das Hintergrundbild auszuw\u00e4hlen , und das ist noch nicht einmal die H\u00e4lfte. Beginnen Sie jetzt mit der Erstellung Ihres Widgets und sehen Sie, wie Ihre wichtigen Gesch\u00e4ftsstatistiken wachsen! <\/p> <p><b>Pr\u00e4sentieren Sie Ihren zuk\u00fcnftigen K\u00e4ufern Ihre bemerkenswerten Leistungen. Erh\u00f6hen Sie die Anzahl erfolgreicher Verk\u00e4ufe und Leads! <\/b><\/p> <\/div> <div class=\"application-platform-content-item-features application-platform-content-item\" id=\"features\" data-nav-section=\"features\"> <h2>Dies sind nur einige der zahlreichen Widget-Funktionen: <\/h2> <ul><li>Eine unbegrenzte Anzahl von Z\u00e4hlern. <\/li><li>Unbegrenzte Anzahl von Spalten. <\/li><li>Titel, \u00dcberschriften, Pr\u00e4fixe und Postfixe hinzuf\u00fcgen. <\/li><li>W\u00e4hlen Sie das Symbolformat \u2013 holen Sie es sich aus unserer Bibliothek oder laden Sie Ihr eigenes hoch. <\/li><li>Adjoin-Links. <\/li><\/ul><p><a href=\"#demo\">Mit Hilfe der Demo k\u00f6nnen Sie erkunden, wie das Widget funktioniert<\/a><\/p> <\/div> <div class=\"application-platform-content-item- Installation application-platform-content-item\" id=\" Installation\" data-nav-section=\" Installation\"> <h2>Wie f\u00fcge ich Number Counter zu meiner iFrame-Website hinzu? <\/h2> <p>Befolgen Sie einfach die unten aufgef\u00fchrten Schritte, um das Widget hinzuzuf\u00fcgen. <\/p> <ol><li><b>Verwalten Sie unseren kostenlosen Konfigurator und beginnen Sie mit der Erstellung Ihres individuellen Instruments. <\/b><br> W\u00e4hlen Sie die geeignete Benutzeroberfl\u00e4che und Aspekte des Widgets aus und \u00fcbernehmen Sie die \u00c4nderungen. <\/li> <li><b>Erhalten Sie den individuellen Code, der im speziellen Formular auf Elfsight Apps angezeigt wird. <\/b><br> Wenn die Anpassung Ihres Plugins abgeschlossen ist, kopieren Sie den einzelnen Code aus der angezeigten Box und speichern Sie ihn f\u00fcr einen sp\u00e4teren Anlass. <\/li> <li><b>Beginnen Sie mit der Verwendung des Plugins auf der iFrame-Startseite. <\/b><br> F\u00fcgen Sie den Code, den Sie zuvor gespeichert haben, in Ihre Webseite ein und speichern Sie die \u00c4nderungen. <\/li> <li><b>Die Installation ist vollst\u00e4ndig durchgef\u00fchrt. <\/b><br> Besuchen Sie Ihre Website, um in Aktion zu sehen, wie das Widget funktioniert. <\/li><\/ol> <p>Z\u00f6gern Sie nicht, sich an unser Support-Team zu wenden, wenn Sie mit Anfragen konfrontiert werden oder auf Hindernisse sto\u00dfen. Unsere Berater helfen Ihnen gerne bei der L\u00f6sung aller Schwierigkeiten, die Sie mit dem Produkt haben k\u00f6nnten. <\/p> <div class=\"faq\" data-component=\"FAQ\"><div class=\"faq-item\">\r\n\t\t\t\t\t<div class=\"faq-item-question\">\r\n\t\t\t\t\t\t<h3 class=\"faq-item-question-text\">Gibt es eine Methode, Number Counter ohne Programmiererfahrung zu meiner iFrame-Webseite hinzuzuf\u00fcgen?<\/h3>\r\n\r\n\t\t\t\t\t\t<div class=\"faq-item-question-icon\"><\/div>\r\n\t\t\t\t\t<\/div>\r\n\r\n\t\t\t\t\t<div class=\"faq-item-answer\">\r\n\t\t\t\t\t\t<div class=\"faq-item-answer-text\"> <p>Elfsight bietet eine SaaS-L\u00f6sung, mit der Websitebesitzer selbst eine Number Counter-App erstellen k\u00f6nnen Entdecken Sie, wie einfach es ist: Gehen Sie zur Online-Demo, um ein Number Counter-Plugin zu erstellen, das Sie auf der iFrame-Webseite integrieren m\u00f6chten. W\u00e4hlen Sie eine unserer vorgefertigten Vorlagen aus und passen Sie die Einstellungen des Zahlenz\u00e4hlers an, \u00e4ndern Sie das Layout und die Farben einschlie\u00dflich Ihrer Inhalte, ohne Programmiererfahrung. Klicken Sie hier, um den Number Counter zu speichern und seinen Installationscode zu erhalten, den Sie mit einem kostenlosen Plan in die iFrame-Webseite einbetten k\u00f6nnen. Mit dem intuitiven Editor kann jeder Webbenutzer den Abschnitt \u201eNummernz\u00e4hler\u201c erstellen und ihn problemlos in die iFrame-Homepage einbetten. Sie m\u00fcssen kein kostenpflichtiges Abonnement abschlie\u00dfen oder Ihre Kartendaten angeben, um Zugang zu unserem Editor zu erhalten. Wenn Sie auf Hindernisse jeglicher Art sto\u00dfen, wenden Sie sich bitte an unseren technischen Kundensupport.<\/p> <\/div>\r\n\t\t\t\t\t<\/div>\r\n\t\t\t\t<\/div> <\/div><\/div>","protected":false},"excerpt":{"rendered":"","protected":false},"author":9,"featured_media":0,"parent":2012,"menu_order":0,"comment_status":"closed","ping_status":"closed","template":"templates\/template-application-platform.php","meta":{"publish_to_discourse":"","publish_post_category":"","wpdc_auto_publish_overridden":"","wpdc_topic_tags":"","wpdc_pin_topic":"","wpdc_pin_until":"","discourse_post_id":"","discourse_permalink":"","wpdc_publishing_response":"","wpdc_publishing_error":"","footnotes":""},"class_list":["post-20849","page","type-page","status-publish","hentry"],"yoast_head":"<!-- This site is optimized with the Yoast SEO plugin v25.3.1 - https:\/\/yoast.com\/wordpress\/plugins\/seo\/ -->\n<title>Zahlenz\u00e4hler \u2013 Z\u00e4hler-Widget zur iFrame-Website hinzuf\u00fcgen<\/title>\n<meta name=\"description\" content=\"Verwenden Sie einen Zahlenz\u00e4hler auf Ihrer iFrame-Website und nutzen Sie unsere Live-Demo. Erstellen Sie Ihr einzigartiges Widget mit nur wenigen Klicks!\" \/>\n<meta name=\"robots\" content=\"index, follow, max-snippet:-1, max-image-preview:large, max-video-preview:-1\" \/>\n<link rel=\"canonical\" href=\"https:\/\/elfsight.com\/de\/number-counter-widget\/iframe\/\" \/>\n<meta property=\"og:locale\" content=\"de_DE\" \/>\n<meta property=\"og:type\" content=\"article\" \/>\n<meta property=\"og:title\" content=\"Zahlenz\u00e4hler \u2013 Z\u00e4hler-Widget zur iFrame-Website hinzuf\u00fcgen\" \/>\n<meta property=\"og:description\" content=\"Verwenden Sie einen Zahlenz\u00e4hler auf Ihrer iFrame-Website und nutzen Sie unsere Live-Demo. Erstellen Sie Ihr einzigartiges Widget mit nur wenigen Klicks!\" \/>\n<meta property=\"og:url\" content=\"https:\/\/elfsight.com\/de\/number-counter-widget\/iframe\/\" \/>\n<meta property=\"og:site_name\" content=\"Elfsight DE\" \/>\n<meta property=\"article:modified_time\" content=\"2025-07-09T14:05:22+00:00\" \/>\n<meta name=\"twitter:card\" content=\"summary_large_image\" \/>\n<meta name=\"twitter:label1\" content=\"Gesch\u00e4tzte Lesezeit\" \/>\n\t<meta name=\"twitter:data1\" content=\"3\u00a0Minuten\" \/>\n<!-- \/ Yoast SEO plugin. -->","yoast_head_json":{"title":"Zahlenz\u00e4hler \u2013 Z\u00e4hler-Widget zur iFrame-Website hinzuf\u00fcgen","description":"Verwenden Sie einen Zahlenz\u00e4hler auf Ihrer iFrame-Website und nutzen Sie unsere Live-Demo. Erstellen Sie Ihr einzigartiges Widget mit nur wenigen Klicks!","robots":{"index":"index","follow":"follow","max-snippet":"max-snippet:-1","max-image-preview":"max-image-preview:large","max-video-preview":"max-video-preview:-1"},"canonical":"https:\/\/elfsight.com\/de\/number-counter-widget\/iframe\/","og_locale":"de_DE","og_type":"article","og_title":"Zahlenz\u00e4hler \u2013 Z\u00e4hler-Widget zur iFrame-Website hinzuf\u00fcgen","og_description":"Verwenden Sie einen Zahlenz\u00e4hler auf Ihrer iFrame-Website und nutzen Sie unsere Live-Demo. Erstellen Sie Ihr einzigartiges Widget mit nur wenigen Klicks!","og_url":"https:\/\/elfsight.com\/de\/number-counter-widget\/iframe\/","og_site_name":"Elfsight DE","article_modified_time":"2025-07-09T14:05:22+00:00","twitter_card":"summary_large_image","twitter_misc":{"Gesch\u00e4tzte Lesezeit":"3\u00a0Minuten"},"schema":{"@context":"https:\/\/schema.org","@graph":[{"@type":"WebPage","@id":"https:\/\/elfsight.com\/de\/number-counter-widget\/iframe\/","url":"https:\/\/elfsight.com\/de\/number-counter-widget\/iframe\/","name":"Zahlenz\u00e4hler \u2013 Z\u00e4hler-Widget zur iFrame-Website hinzuf\u00fcgen","isPartOf":{"@id":"https:\/\/elfsight.com\/de\/#website"},"datePublished":"2024-05-03T06:41:25+00:00","dateModified":"2025-07-09T14:05:22+00:00","description":"Verwenden Sie einen Zahlenz\u00e4hler auf Ihrer iFrame-Website und nutzen Sie unsere Live-Demo. Erstellen Sie Ihr einzigartiges Widget mit nur wenigen Klicks!","breadcrumb":{"@id":"https:\/\/elfsight.com\/de\/number-counter-widget\/iframe\/#breadcrumb"},"inLanguage":"de","potentialAction":[{"@type":"ReadAction","target":["https:\/\/elfsight.com\/de\/number-counter-widget\/iframe\/"]}]},{"@type":"BreadcrumbList","@id":"https:\/\/elfsight.com\/de\/number-counter-widget\/iframe\/#breadcrumb","itemListElement":[{"@type":"ListItem","position":1,"name":"Home","item":"https:\/\/elfsight.com\/de\/"},{"@type":"ListItem","position":2,"name":"Number Counter","item":"https:\/\/elfsight.com\/de\/number-counter-widget\/"},{"@type":"ListItem","position":3,"name":"Number Counter &#8211; iFrame"}]},{"@type":"WebSite","@id":"https:\/\/elfsight.com\/de\/#website","url":"https:\/\/elfsight.com\/de\/","name":"Elfsight DE","description":"Just another Elfsight Sites site","potentialAction":[{"@type":"SearchAction","target":{"@type":"EntryPoint","urlTemplate":"https:\/\/elfsight.com\/de\/?s={search_term_string}"},"query-input":{"@type":"PropertyValueSpecification","valueRequired":true,"valueName":"search_term_string"}}],"inLanguage":"de"}]}},"meta_box":{"industry":"","seo_heading":"","heading":"","description":"","cta_heading":"","cta_description":"","application":"513","h1":"iFrame-Nummernz\u00e4hler-Widget","h1_caption":"Pr\u00e4sentieren Sie wichtige Statistiken und Meilensteine \u200b\u200bmit animierten Z\u00e4hlern, um Ihre Erfolge m\u00fchelos auf ansprechende Weise auf Ihrer iFrame-Website hervorzuheben.","application_category":[],"applications_title":"","applications_request_title":"","applications_request_button_text":"","hero_text":"","hero_video":"","hero_video_schema_markup":"","selling_points_title":"","selling_points_caption":"","selling_points":[],"selling_points_cta_text":"","features_title":"","features":"","ed_cta_examples_text":"","ed_cta_examples_hidden":"","ed_cta_demo_text":"","ed_cta_demo_hidden":"","why_caption":"","why_editor_title":"","why_editor_text":"","why_team_title":"","why_team_text":"","why_service_title":"","why_service_text":"","template_catalog_visible":"","template_catalog_title":"","template_catalog_text":"","template_catalog_categories_visible":"","demo_title":"Erstellen Sie Ihr Zahlenz\u00e4hler-Widget","demo_caption":"Konfigurieren Sie Ihren Zahlenz\u00e4hler und f\u00fcgen Sie ihn kostenlos zu Ihrer iFrame-Website hinzu!","default_faq_hidden":"","app_template_category":[],"platform":"240","template_public_id":"","codecanyon_url":"","codecanyon_item_id":"","codecanyon_price":"","pricing_caption":"","pricing_elfsight_apps_hide_column":"","pricing_elfsight_apps_url":"","pricing_codecanyon_price_caption":"","integration_category":[],"integration_request_title":"","integration_request_cta":"","integration_platform":"","integrations":[],"platform_category":[],"video_schema_markup":"","price":"ab 0 $ \/ Monat","trial":"","benefits":[{"text":"Kostenloser Installationsservice"},{"text":"Au\u00dfergew\u00f6hnliche Unterst\u00fctzung"},{"text":"14-t\u00e4gige R\u00fcckerstattungsgarantie"},{"text":"Fortlaufende Entwicklung"}],"button_url":"#demo","button_target_blank":"","button_nofollow":"","attributes":[{"name":"Installiert","content":"10,000 - 100,000"},{"name":"Reaktionsfreudig","content":"Ja"},{"name":"Kompatible Browser","content":"Firefox, Safari, Opera, Chrome, Edge"}],"tags":[],"tags_disable_links":"","hide_more_platforms":"","video_object":"","demo_hide_cta":"","demo_hide_cloud_options":"","pricing_title":"","pricing":[{"pricing_icon":"platform","pricing_title":"Elfsight Apps","pricing_title_caption":"Plattform\u00fcbergreifende Version, die auf jeder Site funktioniert","pricing_price":"ab 0 $ \/ Monat","pricing_price_caption":"Beginnen Sie mit einem kostenlosen Plan","pricing_benefits":[{"text":"Unbegrenzte Domains"},{"text":"Erstklassiger und p\u00fcnktlicher Support"},{"text":"Kostenloser Installationsservice"},{"text":"Tolles Angebot f\u00fcr mehrere Apps"}],"pricing_button_text":"Zur Website hinzuf\u00fcgen","pricing_button_url":"#demo"}],"related_apps_title":"","related_apps_hidden":"","author":"","image":[],"title":"","job":"","social_networks":[]},"_links":{"self":[{"href":"https:\/\/elfsight.com\/de\/wp-json\/wp\/v2\/pages\/20849","targetHints":{"allow":["GET"]}}],"collection":[{"href":"https:\/\/elfsight.com\/de\/wp-json\/wp\/v2\/pages"}],"about":[{"href":"https:\/\/elfsight.com\/de\/wp-json\/wp\/v2\/types\/page"}],"author":[{"embeddable":true,"href":"https:\/\/elfsight.com\/de\/wp-json\/wp\/v2\/users\/9"}],"replies":[{"embeddable":true,"href":"https:\/\/elfsight.com\/de\/wp-json\/wp\/v2\/comments?post=20849"}],"version-history":[{"count":1,"href":"https:\/\/elfsight.com\/de\/wp-json\/wp\/v2\/pages\/20849\/revisions"}],"predecessor-version":[{"id":20853,"href":"https:\/\/elfsight.com\/de\/wp-json\/wp\/v2\/pages\/20849\/revisions\/20853"}],"up":[{"embeddable":true,"href":"https:\/\/elfsight.com\/de\/wp-json\/wp\/v2\/pages\/2012"}],"wp:attachment":[{"href":"https:\/\/elfsight.com\/de\/wp-json\/wp\/v2\/media?parent=20849"}],"curies":[{"name":"wp","href":"https:\/\/api.w.org\/{rel}","templated":true}]}}