{"id":20844,"date":"2024-05-03T06:41:24","date_gmt":"2024-05-03T06:41:24","guid":{"rendered":"https:\/\/elfsight.com\/de\/?page_id=20844"},"modified":"2025-07-09T14:05:41","modified_gmt":"2025-07-09T14:05:41","slug":"magento","status":"publish","type":"page","link":"https:\/\/elfsight.com\/de\/number-counter-widget\/magento\/","title":{"rendered":"Number Counter &#8211; Magento"},"content":{"rendered":"<div class=\"application-platform-content-item-description application-platform-content-item\" id=\"description\" data-nav-section=\"description\"> <h2>Beschreibung<\/h2> <p>Elfsight Number Counter ist eine einfach zu bedienende Erweiterung f\u00fcr Magento mit vielen Optionen zur Auswahl. Es ist ein gro\u00dfartiges Tool zum Pr\u00e4sentieren Ihrer bemerkenswerten Gesch\u00e4ftsindizes, der Menge Ihrer geleisteten Arbeiten und vielem mehr. Das Plugin ist \u00e4u\u00dferst flexibel. Sie k\u00f6nnen beliebig viele Z\u00e4hler hinzuf\u00fcgen, sie in Spalten anordnen, Symbole aus unserer Sammlung ausw\u00e4hlen oder Ihre ma\u00dfgeschneiderten hochladen, sie mehrfarbig oder einfarbig gestalten, Titel aneinanderf\u00fcgen, um Ihren Besuchern erdenkliche Informationen zu bieten, jede Funktion neu streichen, w\u00e4hlen Hintergrundbild, und das ist noch nicht alles. Beginnen Sie jetzt einfach mit der Erstellung Ihres Features und sehen Sie, wie Ihre wichtigsten Gesch\u00e4ftsstatistiken wachsen! <\/p> <p><b>Pr\u00e4sentieren Sie Ihren potenziellen Kunden Ihre brillanten Ergebnisse. Erhalten Sie erfolgreichere Verk\u00e4ufe und Leads! <\/b><\/p> <\/div> <div class=\"application-platform-content-item-features application-platform-content-item\" id=\"features\" data-nav-section=\"features\"> <h2>Hier ist die Liste der leistungsst\u00e4rksten Funktionen: <\/h2> <ul><li>Eine unbegrenzte Anzahl von Z\u00e4hlern. <\/li><li>Unbegrenzte Anzahl von Spalten. <\/li><li>F\u00fcgen Sie Titel, \u00dcberschriften, Pr\u00e4fixe und Postfixe hinzu. <\/li><li>W\u00e4hlen Sie die Symbolkategorie \u2013 w\u00e4hlen Sie sie aus unserer Sammlung aus oder laden Sie Ihre eigene hoch. <\/li><li>Links einbetten. <\/li><\/ul><p><a href=\"#demo\">Testen Sie alle Personalisierungsfunktionen in einer Demo mit vollem Funktionsumfang<\/a><\/p> <\/div> <div class=\"application-platform-content-item-installation application-platform-content-item\" id=\"installation\" data-nav-section=\"installation\"> <h2>Wie f\u00fcge ich Number Counter zu meiner Magento-Website hinzu? <\/h2> <p>Befolgen Sie einfach die unten aufgef\u00fchrten Schritte, um das Widget einzubetten. <\/p> <ol><li><b>Starten Sie unseren kostenlosen Konfigurator und beginnen Sie mit der Erstellung Ihrer individuellen Erweiterung. <\/b><br> W\u00e4hlen Sie das passende Aussehen und die Parameter der Erweiterung und nehmen Sie alle Korrekturen vor. <\/li> <li><b>Kopieren Sie Ihren einzigartigen Code, der im speziellen Formular auf Elfsight Apps angezeigt wird. <\/b><br> Kopieren Sie unmittelbar nach Abschluss der Einrichtung Ihrer Nebenstelle den pers\u00f6nlichen Code aus dem angezeigten Popup und bewahren Sie ihn zur weiteren Verwendung auf. <\/li> <li><b>Beginnen Sie mit der Verwendung der Erweiterung auf der Magento-Website. <\/b><br> Implementieren Sie den Code, den Sie zuvor kopiert haben, in Ihre Webseite und \u00fcbernehmen Sie die \u00c4nderungen. <\/li> <li><b>Die Installation wurde erfolgreich abgeschlossen. <\/b><br> Besuchen Sie Ihre Website, um in Aktion zu sehen, wie die Erweiterung funktioniert. <\/li><\/ol><p>Falls Sie Probleme haben, scheuen Sie sich nicht, unserem Support-Team zu schreiben. Unsere Spezialisten sind bestrebt, alle Ihre Fragen zum Produkt zu beantworten. <\/p> <div class=\"faq\" data-component=\"FAQ\"><div class=\"faq-item\">\r\n\t\t\t\t\t<div class=\"faq-item-question\">\r\n\t\t\t\t\t\t<h3 class=\"faq-item-question-text\">Wie kann ich Number Counter ohne Codierung in meine Magento-Homepage einbetten?<\/h3>\r\n\r\n\t\t\t\t\t\t<div class=\"faq-item-question-icon\"><\/div>\r\n\t\t\t\t\t<\/div>\r\n\r\n\t\t\t\t\t<div class=\"faq-item-answer\">\r\n\t\t\t\t\t\t<div class=\"faq-item-answer-text\"> <p>Elfsight bietet eine SaaS-L\u00f6sung, mit der Benutzer selbst ein Number Counter-Plugin generieren k\u00f6nnen. Sehen Sie sich das an Einfache Schritte: Erstellen Sie in der Live-Demo ein Zahlenz\u00e4hler-Widget, das Sie in Ihre Magento-Website integrieren m\u00f6chten. Klicken Sie auf eine unserer vorgefertigten Vorlagen und \u00e4ndern Sie die Einstellungen f\u00fcr den Zahlenz\u00e4hler, \u00e4ndern Sie das Layout und die Farbe der Elemente und f\u00fcgen Sie Ihre Inhalte hinzu, ohne dass Sie \u00fcber Programmierkenntnisse verf\u00fcgen m\u00fcssen. Klicken Sie hier, um die von Ihnen vorgenommenen Einstellungen f\u00fcr Number Counter zu speichern und den Installationscode des Plugins zu kopieren, den Sie mit einem kostenlosen Plan in die Magento-Site einbetten k\u00f6nnen. Mit dem unkomplizierten Editor kann jeder Webbenutzer das Number Counter-Plugin erstellen und es problemlos in die Magento-Webseite einbetten. Sie sollten nicht bezahlen oder Ihre Kartendaten offenlegen, um auf den Elfsight-Service zuzugreifen. Wenn Sie auf Probleme jeglicher Art sto\u00dfen, wenden Sie sich bitte an unser Support-Team.<\/p> <\/div>\r\n\t\t\t\t\t<\/div>\r\n\t\t\t\t<\/div> <\/div><\/div>","protected":false},"excerpt":{"rendered":"","protected":false},"author":9,"featured_media":0,"parent":2012,"menu_order":0,"comment_status":"closed","ping_status":"closed","template":"templates\/template-application-platform.php","meta":{"publish_to_discourse":"","publish_post_category":"","wpdc_auto_publish_overridden":"","wpdc_topic_tags":"","wpdc_pin_topic":"","wpdc_pin_until":"","discourse_post_id":"","discourse_permalink":"","wpdc_publishing_response":"","wpdc_publishing_error":"","footnotes":""},"class_list":["post-20844","page","type-page","status-publish","hentry"],"yoast_head":"<!-- This site is optimized with the Yoast SEO plugin v25.3.1 - https:\/\/yoast.com\/wordpress\/plugins\/seo\/ -->\n<title>Elfsight-Nummernz\u00e4hler f\u00fcr Magento-Websites (kostenlos und einfach)<\/title>\n<meta name=\"description\" content=\"Probieren Sie mit unserer Live-Demo einen Zahlenz\u00e4hler auf Ihrer Magento-Website aus. Gestalten Sie Ihre personalisierte Erweiterung mit nur wenigen Klicks und ganz ohne Aufwand!\" \/>\n<meta name=\"robots\" content=\"index, follow, max-snippet:-1, max-image-preview:large, max-video-preview:-1\" \/>\n<link rel=\"canonical\" href=\"https:\/\/elfsight.com\/de\/number-counter-widget\/magento\/\" \/>\n<meta property=\"og:locale\" content=\"de_DE\" \/>\n<meta property=\"og:type\" content=\"article\" \/>\n<meta property=\"og:title\" content=\"Elfsight-Nummernz\u00e4hler f\u00fcr Magento-Websites (kostenlos und einfach)\" \/>\n<meta property=\"og:description\" content=\"Probieren Sie mit unserer Live-Demo einen Zahlenz\u00e4hler auf Ihrer Magento-Website aus. Gestalten Sie Ihre personalisierte Erweiterung mit nur wenigen Klicks und ganz ohne Aufwand!\" \/>\n<meta property=\"og:url\" content=\"https:\/\/elfsight.com\/de\/number-counter-widget\/magento\/\" \/>\n<meta property=\"og:site_name\" content=\"Elfsight DE\" \/>\n<meta property=\"article:modified_time\" content=\"2025-07-09T14:05:41+00:00\" \/>\n<meta name=\"twitter:card\" content=\"summary_large_image\" \/>\n<meta name=\"twitter:label1\" content=\"Gesch\u00e4tzte Lesezeit\" \/>\n\t<meta name=\"twitter:data1\" content=\"3\u00a0Minuten\" \/>\n<!-- \/ Yoast SEO plugin. -->","yoast_head_json":{"title":"Elfsight-Nummernz\u00e4hler f\u00fcr Magento-Websites (kostenlos und einfach)","description":"Probieren Sie mit unserer Live-Demo einen Zahlenz\u00e4hler auf Ihrer Magento-Website aus. Gestalten Sie Ihre personalisierte Erweiterung mit nur wenigen Klicks und ganz ohne Aufwand!","robots":{"index":"index","follow":"follow","max-snippet":"max-snippet:-1","max-image-preview":"max-image-preview:large","max-video-preview":"max-video-preview:-1"},"canonical":"https:\/\/elfsight.com\/de\/number-counter-widget\/magento\/","og_locale":"de_DE","og_type":"article","og_title":"Elfsight-Nummernz\u00e4hler f\u00fcr Magento-Websites (kostenlos und einfach)","og_description":"Probieren Sie mit unserer Live-Demo einen Zahlenz\u00e4hler auf Ihrer Magento-Website aus. Gestalten Sie Ihre personalisierte Erweiterung mit nur wenigen Klicks und ganz ohne Aufwand!","og_url":"https:\/\/elfsight.com\/de\/number-counter-widget\/magento\/","og_site_name":"Elfsight DE","article_modified_time":"2025-07-09T14:05:41+00:00","twitter_card":"summary_large_image","twitter_misc":{"Gesch\u00e4tzte Lesezeit":"3\u00a0Minuten"},"schema":{"@context":"https:\/\/schema.org","@graph":[{"@type":"WebPage","@id":"https:\/\/elfsight.com\/de\/number-counter-widget\/magento\/","url":"https:\/\/elfsight.com\/de\/number-counter-widget\/magento\/","name":"Elfsight-Nummernz\u00e4hler f\u00fcr Magento-Websites (kostenlos und einfach)","isPartOf":{"@id":"https:\/\/elfsight.com\/de\/#website"},"datePublished":"2024-05-03T06:41:24+00:00","dateModified":"2025-07-09T14:05:41+00:00","description":"Probieren Sie mit unserer Live-Demo einen Zahlenz\u00e4hler auf Ihrer Magento-Website aus. Gestalten Sie Ihre personalisierte Erweiterung mit nur wenigen Klicks und ganz ohne Aufwand!","breadcrumb":{"@id":"https:\/\/elfsight.com\/de\/number-counter-widget\/magento\/#breadcrumb"},"inLanguage":"de","potentialAction":[{"@type":"ReadAction","target":["https:\/\/elfsight.com\/de\/number-counter-widget\/magento\/"]}]},{"@type":"BreadcrumbList","@id":"https:\/\/elfsight.com\/de\/number-counter-widget\/magento\/#breadcrumb","itemListElement":[{"@type":"ListItem","position":1,"name":"Home","item":"https:\/\/elfsight.com\/de\/"},{"@type":"ListItem","position":2,"name":"Number Counter","item":"https:\/\/elfsight.com\/de\/number-counter-widget\/"},{"@type":"ListItem","position":3,"name":"Number Counter &#8211; Magento"}]},{"@type":"WebSite","@id":"https:\/\/elfsight.com\/de\/#website","url":"https:\/\/elfsight.com\/de\/","name":"Elfsight DE","description":"Just another Elfsight Sites site","potentialAction":[{"@type":"SearchAction","target":{"@type":"EntryPoint","urlTemplate":"https:\/\/elfsight.com\/de\/?s={search_term_string}"},"query-input":{"@type":"PropertyValueSpecification","valueRequired":true,"valueName":"search_term_string"}}],"inLanguage":"de"}]}},"meta_box":{"industry":"","seo_heading":"","heading":"","description":"","cta_heading":"","cta_description":"","application":"513","h1":"Magento Number Counter-Erweiterung","h1_caption":"Pr\u00e4sentieren Sie wichtige Statistiken und Meilensteine \u200b\u200bmit animierten Z\u00e4hlern, um Ihre Erfolge m\u00fchelos auf ansprechende Weise auf Ihrer Magento-Website hervorzuheben.","application_category":[],"applications_title":"","applications_request_title":"","applications_request_button_text":"","hero_text":"","hero_video":"","hero_video_schema_markup":"","selling_points_title":"","selling_points_caption":"","selling_points":[],"selling_points_cta_text":"","features_title":"","features":"","ed_cta_examples_text":"","ed_cta_examples_hidden":"","ed_cta_demo_text":"","ed_cta_demo_hidden":"","why_caption":"","why_editor_title":"","why_editor_text":"","why_team_title":"","why_team_text":"","why_service_title":"","why_service_text":"","template_catalog_visible":"","template_catalog_title":"","template_catalog_text":"","template_catalog_categories_visible":"","demo_title":"Erstellen Sie Ihre Number Counter-Erweiterung","demo_caption":"Konfigurieren Sie Ihren Zahlenz\u00e4hler und f\u00fcgen Sie ihn kostenlos zu Ihrer Magento-Website hinzu!","default_faq_hidden":"","app_template_category":[],"platform":"256","template_public_id":"","codecanyon_url":"","codecanyon_item_id":"","codecanyon_price":"","pricing_caption":"","pricing_elfsight_apps_hide_column":"","pricing_elfsight_apps_url":"","pricing_codecanyon_price_caption":"","integration_category":[],"integration_request_title":"","integration_request_cta":"","integration_platform":"","integrations":[],"platform_category":[],"video_schema_markup":"","price":"ab 0 $ \/ Monat","trial":"","benefits":[{"text":"Kostenloser Installationsservice"},{"text":"Kompetenter Kundenservice"},{"text":"14-t\u00e4gige Geld-zur\u00fcck-Garantie"},{"text":"Laufende Verbesserungen"}],"button_url":"#demo","button_target_blank":"","button_nofollow":"","attributes":[{"name":"Installiert","content":"10,000 - 100,000"},{"name":"Reaktionsfreudig","content":"Ja"},{"name":"Kompatible Browser","content":"Firefox, Safari, Opera, Chrome, Edge"}],"tags":[],"tags_disable_links":"","hide_more_platforms":"","video_object":"","demo_hide_cta":"","demo_hide_cloud_options":"","pricing_title":"","pricing":[{"pricing_icon":"platform","pricing_title":"Elfsight Apps","pricing_title_caption":"Multiplattform-Version","pricing_price":"ab 0 $ \/ Monat","pricing_price_caption":"Beginnen Sie mit einem kostenlosen Plan","pricing_benefits":[{"text":"Unbegrenzte Websites"},{"text":"Unternehmenssupport rund um die Uhr und gut dokumentiert"},{"text":"Kostenlose Installationsunterst\u00fctzung"},{"text":"Flexibles Design"}],"pricing_button_text":"Zur Website hinzuf\u00fcgen","pricing_button_url":"#demo"}],"related_apps_title":"","related_apps_hidden":"","author":"","image":[],"title":"","job":"","social_networks":[]},"_links":{"self":[{"href":"https:\/\/elfsight.com\/de\/wp-json\/wp\/v2\/pages\/20844","targetHints":{"allow":["GET"]}}],"collection":[{"href":"https:\/\/elfsight.com\/de\/wp-json\/wp\/v2\/pages"}],"about":[{"href":"https:\/\/elfsight.com\/de\/wp-json\/wp\/v2\/types\/page"}],"author":[{"embeddable":true,"href":"https:\/\/elfsight.com\/de\/wp-json\/wp\/v2\/users\/9"}],"replies":[{"embeddable":true,"href":"https:\/\/elfsight.com\/de\/wp-json\/wp\/v2\/comments?post=20844"}],"version-history":[{"count":1,"href":"https:\/\/elfsight.com\/de\/wp-json\/wp\/v2\/pages\/20844\/revisions"}],"predecessor-version":[{"id":20848,"href":"https:\/\/elfsight.com\/de\/wp-json\/wp\/v2\/pages\/20844\/revisions\/20848"}],"up":[{"embeddable":true,"href":"https:\/\/elfsight.com\/de\/wp-json\/wp\/v2\/pages\/2012"}],"wp:attachment":[{"href":"https:\/\/elfsight.com\/de\/wp-json\/wp\/v2\/media?parent=20844"}],"curies":[{"name":"wp","href":"https:\/\/api.w.org\/{rel}","templated":true}]}}