{"id":20841,"date":"2024-05-03T06:41:21","date_gmt":"2024-05-03T06:41:21","guid":{"rendered":"https:\/\/elfsight.com\/de\/?page_id=20841"},"modified":"2025-07-09T14:05:52","modified_gmt":"2025-07-09T14:05:52","slug":"opencart","status":"publish","type":"page","link":"https:\/\/elfsight.com\/de\/number-counter-widget\/opencart\/","title":{"rendered":"Number Counter &#8211; OpenCart"},"content":{"rendered":"<div class=\"application-platform-content-item-description application-platform-content-item\" id=\"description\" data-nav-section=\"description\"> <h2>Beschreibung<\/h2> <p>Elfsight Number Counter ist eine einfach zu bedienende Erweiterung f\u00fcr OpenCart mit einer Vielzahl von Optionen. Es ist ein gro\u00dfartiges Tool, um Ihre hervorragenden Gesch\u00e4ftsindizes, die Anzahl Ihrer bisher durchgef\u00fchrten Arbeiten und vieles mehr zu pr\u00e4sentieren. Das Widget ist bemerkenswert flexibel. F\u00fchlen Sie sich frei, eine beliebige Anzahl an Theken zu konstruieren, sie in Spalten anzuordnen, Symbole aus unserer Sammlung auszuw\u00e4hlen oder Ihre ma\u00dfgeschneiderten hochzuladen, sie mehrfarbig oder monochromatisch zu gestalten, Beschriftungen anzuf\u00fcgen, um die Zahlen, die Sie pr\u00e4sentieren, zu verdeutlichen, jedes Element neu einzuf\u00e4rben, auszuw\u00e4hlen Hintergrundbild, und das ist noch nicht einmal die H\u00e4lfte. Beginnen Sie jetzt einfach mit der Erstellung Ihres Plugins und sehen Sie, wie Ihre wichtigen Gesch\u00e4ftsstatistiken schnell wachsen! <\/p> <p><b>Enth\u00fcllen Sie Ihre bemerkenswerten Erfolge Ihren zuk\u00fcnftigen K\u00e4ufern. Erh\u00f6hen Sie die Anzahl erfolgreicher Verk\u00e4ufe und Leads! <\/b><\/p> <\/div> <div class=\"application-platform-content-item-features application-platform-content-item\" id=\"features\" data-nav-section=\"features\"> <h2>Zu den am h\u00e4ufigsten ben\u00f6tigten Widget-Funktionen geh\u00f6rt<\/h2> <ul><li>Eine unbegrenzte Anzahl von Z\u00e4hlern. <\/li><li>Unbegrenzte Anzahl von Spalten. <\/li><li>F\u00fcgen Sie Titel, \u00dcberschriften, Pr\u00e4fixe und Postfixe hinzu. <\/li><li>Entscheiden Sie sich f\u00fcr den Symboltyp \u2013 holen Sie es sich aus unserer Sammlung oder laden Sie Ihr ma\u00dfgeschneidertes Symbol hoch. <\/li><li>Adjoin-Links. <\/li><\/ul><p><a href=\"#demo\">Sie k\u00f6nnen jetzt alle Funktionen der Erweiterung in der Demo ausprobieren<\/a><\/p> <\/div> <div class=\"application-platform-content-item-Installation application-platform-content-item\" id=\"Installation\" data-nav-section=\"Installation\"> <h2>Wie kann ich Number Counter in meine OpenCart-Webseite einbetten? <\/h2> <p>Befolgen Sie einfach die unten aufgef\u00fchrten Schritte, um mit der Arbeit mit der Erweiterung zu beginnen. <\/p> <ol><li><b>Nutzen Sie unseren kostenlosen Konfigurator und beginnen Sie mit der Gestaltung Ihrer individuellen Erweiterung. <\/b><br> Bestimmen Sie die gew\u00fcnschte Schnittstelle und Funktionalit\u00e4t der Erweiterung und wenden Sie alle Korrekturen an. <\/li> <li><b>Kopieren Sie den eindeutigen Code, der in der speziellen Form auf Elfsight Apps angezeigt wird. <\/b><br> Nachdem die Einrichtung Ihrer Nebenstelle abgeschlossen ist, kopieren Sie den pers\u00f6nlichen Code aus dem angezeigten Feld und bewahren Sie ihn f\u00fcr einen sp\u00e4teren Zeitpunkt auf. <\/li> <li><b>Initiieren Sie die Anwendung der Erweiterung auf Ihrer OpenCart-Webseite. <\/b><br> Betten Sie den zuletzt gespeicherten Code in Ihre Seite ein und speichern Sie die Korrekturen. <\/li> <li><b>Die Installation wurde erfolgreich abgeschlossen. <\/b><br> Besuchen Sie Ihre Website, um die Leistung der Erweiterung zu pr\u00fcfen. <\/li><\/ol><p>Wenn Sie auf irgendwelche Hindernisse sto\u00dfen, z\u00f6gern Sie nicht, sich an unser Support-Team zu wenden. Unsere Berater helfen Ihnen gerne bei allen Schwierigkeiten, die Sie mit dem Produkt haben k\u00f6nnten. <\/p> <div class=\"faq\" data-component=\"FAQ\"><div class=\"faq-item\">\r\n\t\t\t\t\t<div class=\"faq-item-question\">\r\n\t\t\t\t\t\t<h3 class=\"faq-item-question-text\">Gibt es eine M\u00f6glichkeit, Number Counter ohne Programmierkenntnisse in meine OpenCart-Homepage einzubetten?<\/h3>\r\n\r\n\t\t\t\t\t\t<div class=\"faq-item-question-icon\"><\/div>\r\n\t\t\t\t\t<\/div>\r\n\r\n\t\t\t\t\t<div class=\"faq-item-answer\">\r\n\t\t\t\t\t\t<div class=\"faq-item-answer-text\"> <p>Elfsight liefert eine SaaS-L\u00f6sung, mit der Sie selbst ein Number Counter-Widget erstellen k\u00f6nnen. Schauen Sie sich das an Die einfachen Schritte: Arbeiten Sie direkt in der Online-Demo daran, ein Number Counter-Plugin zu erstellen, das Sie auf Ihrer OpenCart-Homepage integrieren m\u00f6chten. W\u00e4hlen Sie eine der vorgefertigten Vorlagen aus und passen Sie die Einstellungen des Zahlenz\u00e4hlers an, \u00e4ndern Sie das Layout und die Farbe der Elemente, einschlie\u00dflich Ihres Inhalts, ohne Programmierkenntnisse. Klicken Sie, um die von Ihnen vorgenommenen Einstellungen f\u00fcr Number Counter zu speichern und den Code des Widgets f\u00fcr die Installation zu kopieren, der einfach in Ihre OpenCart-Homepage eingef\u00fcgt werden kann, ohne einen kostenpflichtigen Plan zu kaufen. Mit Hilfe unseres benutzerfreundlichen Konfigurators kann jeder Internetnutzer online eine Number Counter-App erstellen und diese m\u00fchelos auf der OpenCart-Website einbetten. F\u00fcr den Zugriff auf den Dienst ist weder eine Zahlung noch die Eingabe Ihrer Kartendaten erforderlich. Sollten Sie bei irgendeinem Schritt auf Hindernisse sto\u00dfen, z\u00f6gern Sie bitte nicht, mit unserem technischen Support zu sprechen.<\/p> <\/div>\r\n\t\t\t\t\t<\/div>\r\n\t\t\t\t<\/div> <\/div><\/div>","protected":false},"excerpt":{"rendered":"","protected":false},"author":9,"featured_media":0,"parent":2012,"menu_order":0,"comment_status":"closed","ping_status":"closed","template":"templates\/template-application-platform.php","meta":{"publish_to_discourse":"","publish_post_category":"","wpdc_auto_publish_overridden":"","wpdc_topic_tags":"","wpdc_pin_topic":"","wpdc_pin_until":"","discourse_post_id":"","discourse_permalink":"","wpdc_publishing_response":"","wpdc_publishing_error":"","footnotes":""},"class_list":["post-20841","page","type-page","status-publish","hentry"],"yoast_head":"<!-- This site is optimized with the Yoast SEO plugin v25.3.1 - https:\/\/yoast.com\/wordpress\/plugins\/seo\/ -->\n<title>Elfsight-Nummernz\u00e4hler f\u00fcr OpenCart-Websites (kostenlos und einfach)<\/title>\n<meta name=\"description\" content=\"Starten Sie einen Zahlenz\u00e4hler auf Ihrer OpenCart-Seite und nutzen Sie unsere aktive Demo. Gestalten Sie mit nur wenigen Klicks Ihre ma\u00dfgeschneiderte Erweiterung,\" \/>\n<meta name=\"robots\" content=\"index, follow, max-snippet:-1, max-image-preview:large, max-video-preview:-1\" \/>\n<link rel=\"canonical\" href=\"https:\/\/elfsight.com\/de\/number-counter-widget\/opencart\/\" \/>\n<meta property=\"og:locale\" content=\"de_DE\" \/>\n<meta property=\"og:type\" content=\"article\" \/>\n<meta property=\"og:title\" content=\"Elfsight-Nummernz\u00e4hler f\u00fcr OpenCart-Websites (kostenlos und einfach)\" \/>\n<meta property=\"og:description\" content=\"Starten Sie einen Zahlenz\u00e4hler auf Ihrer OpenCart-Seite und nutzen Sie unsere aktive Demo. Gestalten Sie mit nur wenigen Klicks Ihre ma\u00dfgeschneiderte Erweiterung,\" \/>\n<meta property=\"og:url\" content=\"https:\/\/elfsight.com\/de\/number-counter-widget\/opencart\/\" \/>\n<meta property=\"og:site_name\" content=\"Elfsight DE\" \/>\n<meta property=\"article:modified_time\" content=\"2025-07-09T14:05:52+00:00\" \/>\n<meta name=\"twitter:card\" content=\"summary_large_image\" \/>\n<meta name=\"twitter:label1\" content=\"Gesch\u00e4tzte Lesezeit\" \/>\n\t<meta name=\"twitter:data1\" content=\"3\u00a0Minuten\" \/>\n<!-- \/ Yoast SEO plugin. -->","yoast_head_json":{"title":"Elfsight-Nummernz\u00e4hler f\u00fcr OpenCart-Websites (kostenlos und einfach)","description":"Starten Sie einen Zahlenz\u00e4hler auf Ihrer OpenCart-Seite und nutzen Sie unsere aktive Demo. Gestalten Sie mit nur wenigen Klicks Ihre ma\u00dfgeschneiderte Erweiterung,","robots":{"index":"index","follow":"follow","max-snippet":"max-snippet:-1","max-image-preview":"max-image-preview:large","max-video-preview":"max-video-preview:-1"},"canonical":"https:\/\/elfsight.com\/de\/number-counter-widget\/opencart\/","og_locale":"de_DE","og_type":"article","og_title":"Elfsight-Nummernz\u00e4hler f\u00fcr OpenCart-Websites (kostenlos und einfach)","og_description":"Starten Sie einen Zahlenz\u00e4hler auf Ihrer OpenCart-Seite und nutzen Sie unsere aktive Demo. Gestalten Sie mit nur wenigen Klicks Ihre ma\u00dfgeschneiderte Erweiterung,","og_url":"https:\/\/elfsight.com\/de\/number-counter-widget\/opencart\/","og_site_name":"Elfsight DE","article_modified_time":"2025-07-09T14:05:52+00:00","twitter_card":"summary_large_image","twitter_misc":{"Gesch\u00e4tzte Lesezeit":"3\u00a0Minuten"},"schema":{"@context":"https:\/\/schema.org","@graph":[{"@type":"WebPage","@id":"https:\/\/elfsight.com\/de\/number-counter-widget\/opencart\/","url":"https:\/\/elfsight.com\/de\/number-counter-widget\/opencart\/","name":"Elfsight-Nummernz\u00e4hler f\u00fcr OpenCart-Websites (kostenlos und einfach)","isPartOf":{"@id":"https:\/\/elfsight.com\/de\/#website"},"datePublished":"2024-05-03T06:41:21+00:00","dateModified":"2025-07-09T14:05:52+00:00","description":"Starten Sie einen Zahlenz\u00e4hler auf Ihrer OpenCart-Seite und nutzen Sie unsere aktive Demo. Gestalten Sie mit nur wenigen Klicks Ihre ma\u00dfgeschneiderte Erweiterung,","breadcrumb":{"@id":"https:\/\/elfsight.com\/de\/number-counter-widget\/opencart\/#breadcrumb"},"inLanguage":"de","potentialAction":[{"@type":"ReadAction","target":["https:\/\/elfsight.com\/de\/number-counter-widget\/opencart\/"]}]},{"@type":"BreadcrumbList","@id":"https:\/\/elfsight.com\/de\/number-counter-widget\/opencart\/#breadcrumb","itemListElement":[{"@type":"ListItem","position":1,"name":"Home","item":"https:\/\/elfsight.com\/de\/"},{"@type":"ListItem","position":2,"name":"Number Counter","item":"https:\/\/elfsight.com\/de\/number-counter-widget\/"},{"@type":"ListItem","position":3,"name":"Number Counter &#8211; OpenCart"}]},{"@type":"WebSite","@id":"https:\/\/elfsight.com\/de\/#website","url":"https:\/\/elfsight.com\/de\/","name":"Elfsight DE","description":"Just another Elfsight Sites site","potentialAction":[{"@type":"SearchAction","target":{"@type":"EntryPoint","urlTemplate":"https:\/\/elfsight.com\/de\/?s={search_term_string}"},"query-input":{"@type":"PropertyValueSpecification","valueRequired":true,"valueName":"search_term_string"}}],"inLanguage":"de"}]}},"meta_box":{"industry":"","seo_heading":"","heading":"","description":"","cta_heading":"","cta_description":"","application":"513","h1":"OpenCart Number Counter-Erweiterung","h1_caption":"Pr\u00e4sentieren Sie wichtige Statistiken und Meilensteine \u200b\u200bmit animierten Z\u00e4hlern, um Ihre Erfolge m\u00fchelos auf ansprechende Weise auf Ihrer Opencart-Website hervorzuheben.","application_category":[],"applications_title":"","applications_request_title":"","applications_request_button_text":"","hero_text":"","hero_video":"","hero_video_schema_markup":"","selling_points_title":"","selling_points_caption":"","selling_points":[],"selling_points_cta_text":"","features_title":"","features":"","ed_cta_examples_text":"","ed_cta_examples_hidden":"","ed_cta_demo_text":"","ed_cta_demo_hidden":"","why_caption":"","why_editor_title":"","why_editor_text":"","why_team_title":"","why_team_text":"","why_service_title":"","why_service_text":"","template_catalog_visible":"","template_catalog_title":"","template_catalog_text":"","template_catalog_categories_visible":"","demo_title":"Erstellen Sie Ihre Number Counter-Erweiterung","demo_caption":"Konfigurieren Sie Ihren Zahlenz\u00e4hler und f\u00fcgen Sie ihn kostenlos zu Ihrer OpenCart-Website hinzu!","default_faq_hidden":"","app_template_category":[],"platform":"254","template_public_id":"","codecanyon_url":"","codecanyon_item_id":"","codecanyon_price":"","pricing_caption":"","pricing_elfsight_apps_hide_column":"","pricing_elfsight_apps_url":"","pricing_codecanyon_price_caption":"","integration_category":[],"integration_request_title":"","integration_request_cta":"","integration_platform":"","integrations":[],"platform_category":[],"video_schema_markup":"","price":"ab 0 $ \/ Monat","trial":"","benefits":[{"text":"Kostenloser Installationsservice"},{"text":"Erfahrener Kundensupport"},{"text":"14-t\u00e4gige R\u00fcckerstattungsgarantie"},{"text":"Lebenslange kostenlose Verbesserungen"}],"button_url":"#demo","button_target_blank":"","button_nofollow":"","attributes":[{"name":"Installiert","content":"10,000 - 100,000"},{"name":"Reaktionsfreudig","content":"Ja"},{"name":"Kompatible Browser","content":"Chrome, Firefox, Safari, Opera, Edge"}],"tags":[],"tags_disable_links":"","hide_more_platforms":"","video_object":"","demo_hide_cta":"","demo_hide_cloud_options":"","pricing_title":"","pricing":[{"pricing_icon":"platform","pricing_title":"Elfsight Apps","pricing_title_caption":"Multiplattform-Version","pricing_price":"ab 0 $ \/ Monat","pricing_price_caption":"Beginnen Sie mit einem kostenlosen Plan","pricing_benefits":[{"text":"Unbegrenzte Domains"},{"text":"Kostenloser und p\u00fcnktlicher Support"},{"text":"Kostenlose Installationsunterst\u00fctzung"},{"text":"100 % anpassbar"}],"pricing_button_text":"Zur Website hinzuf\u00fcgen","pricing_button_url":"#demo"}],"related_apps_title":"","related_apps_hidden":"","author":"","image":[],"title":"","job":"","social_networks":[]},"_links":{"self":[{"href":"https:\/\/elfsight.com\/de\/wp-json\/wp\/v2\/pages\/20841","targetHints":{"allow":["GET"]}}],"collection":[{"href":"https:\/\/elfsight.com\/de\/wp-json\/wp\/v2\/pages"}],"about":[{"href":"https:\/\/elfsight.com\/de\/wp-json\/wp\/v2\/types\/page"}],"author":[{"embeddable":true,"href":"https:\/\/elfsight.com\/de\/wp-json\/wp\/v2\/users\/9"}],"replies":[{"embeddable":true,"href":"https:\/\/elfsight.com\/de\/wp-json\/wp\/v2\/comments?post=20841"}],"version-history":[{"count":1,"href":"https:\/\/elfsight.com\/de\/wp-json\/wp\/v2\/pages\/20841\/revisions"}],"predecessor-version":[{"id":20845,"href":"https:\/\/elfsight.com\/de\/wp-json\/wp\/v2\/pages\/20841\/revisions\/20845"}],"up":[{"embeddable":true,"href":"https:\/\/elfsight.com\/de\/wp-json\/wp\/v2\/pages\/2012"}],"wp:attachment":[{"href":"https:\/\/elfsight.com\/de\/wp-json\/wp\/v2\/media?parent=20841"}],"curies":[{"name":"wp","href":"https:\/\/api.w.org\/{rel}","templated":true}]}}