{"id":20836,"date":"2024-05-03T06:41:20","date_gmt":"2024-05-03T06:41:20","guid":{"rendered":"https:\/\/elfsight.com\/de\/?page_id=20836"},"modified":"2025-02-21T12:37:38","modified_gmt":"2025-02-21T12:37:38","slug":"shopify","status":"publish","type":"page","link":"https:\/\/elfsight.com\/de\/number-counter-widget\/shopify\/","title":{"rendered":"Number Counter &#8211; Shopify"},"content":{"rendered":"\n<div class=\"application-platform-content-item-description application-platform-content-item\" id=\"description\" data-nav-section=\"description\"> <h2>Zahlenz\u00e4hler in Shopify mit dem Elfsight-Widget einbetten<\/h2> <p>Der Zahlenz\u00e4hler ist eine \u00fcberschaubare App f\u00fcr Shopify mit vielen Optionen nehmen. Es ist ein gro\u00dfartiges Tool, um mit Ihren bemerkenswerten Gesch\u00e4ftsergebnissen und der Menge Ihrer geleisteten Arbeit zu prahlen \u2013 und das ist noch nicht alles. Das Widget ist bemerkenswert flexibel. Sie k\u00f6nnen beliebig viele Z\u00e4hler erstellen, sie in Spalten zusammenstellen, Symbole aus unserer Sammlung ausw\u00e4hlen oder Ihre eigenen hochladen, sie mehrfarbig oder einfarbig gestalten, Titel anh\u00e4ngen, um Ihrem Publikum leicht verst\u00e4ndliche Informationen zu liefern, jedes Element neu einf\u00e4rben, das Hintergrundbild ausw\u00e4hlen, und das ist noch nicht einmal die H\u00e4lfte. Beginnen Sie jetzt einfach mit der Erstellung Ihres Plugins und beobachten Sie, wie Ihre wichtigen Gesch\u00e4ftsstatistiken wachsen! <\/p> <p><b>Pr\u00e4sentieren Sie Ihren potenziellen K\u00e4ufern Ihre brillanten Leistungen. Erh\u00f6hen Sie die Anzahl erfolgreicher Verk\u00e4ufe und Leads! <\/b><\/p> <\/div> <div class=\"application-platform-content-item-features application-platform-content-item\" id=\"features\" data-nav-section=\"features\"> <h2>Dies sind nur einige der leistungsstarken App-Funktionen: <\/h2> <ul><li>Beliebige Anzahl von Z\u00e4hlern. <\/li><li>Unbegrenzte Anzahl von Spalten. <\/li><li>F\u00fcgen Sie Titel, \u00dcberschriften, Pr\u00e4fixe und Postfixe hinzu. <\/li><li>W\u00e4hlen Sie das Symbolformat \u2013 nehmen Sie es aus unserer Sammlung oder laden Sie Ihr ma\u00dfgeschneidertes Symbol hoch. <\/li><li>Links einbetten. <\/li><\/ul><p><a href=\"#demo\">Sie k\u00f6nnen die volle Funktionalit\u00e4t des Widgets in der Demo testen <\/a><\/p> <\/div> <div class=\"application-platform-content-item-installation  application-platform-content-item\" id=\"installation \" data-nav-section=\"installation \"> <h2>Wie bette ich Number Counter in meine Shopify-Webseite ein? <\/h2><div class=\"video-container\"><iframe width=\"560\" height=\"315\" src=\"https:\/\/www.youtube.com\/embed\/arBAf1b7z7I?si=zWyvNOxszSwhGw-v\" frameborder=\"0\" allow=\"accelerometer; autoplay; clipboard-write; encrypted-media; gyroscope; picture-in-picture; web-share\" allowfullscreen><\/iframe><\/div><p>Befolgen Sie einfach die nachstehenden Anweisungen, um das Widget hinzuzuf\u00fcgen. <\/p> <ol><li><b>Starten Sie unseren kostenlosen Editor und beginnen Sie mit der Gestaltung Ihrer eigenen App. <\/b><br> Finden Sie das gew\u00fcnschte Design und die gew\u00fcnschten Parameter der App und \u00fcbernehmen Sie die \u00c4nderungen. <\/li> <li><b>Erhalten Sie Ihren einzigartigen Code, der in der Witwe auf Elfsight Apps angezeigt wird. <\/b><br> Nachdem die Anpassung Ihres Plugins abgeschlossen ist, kopieren Sie den einzelnen Code im angezeigten Feld und bewahren Sie ihn zur weiteren Verwendung auf. <\/li> <li><b>Initiieren Sie die Anwendung des Widgets auf der Shopify-Website. <\/b><br> Betten Sie den Code, den Sie zuvor gespeichert haben, in Ihre Seite ein und speichern Sie die \u00c4nderungen. <\/li> <li><b>Du bist fertig! Die Integration wurde erfolgreich beendet. <\/b><br> Besuchen Sie Ihre Webseite, um die Leistung des Tools zu \u00fcberpr\u00fcfen. <\/li><\/ol> <p>Wenn Sie auf Schwierigkeiten sto\u00dfen, wenden Sie sich bitte an unseren Kundendienst. Unsere Mitarbeiter beantworten gerne alle Ihre Fragen zum Widget. <\/p> <div class=\"faq\" data-component=\"FAQ\"><div class=\"faq-item\">\r\n\t\t\t\t\t<div class=\"faq-item-question\">\r\n\t\t\t\t\t\t<h3 class=\"faq-item-question-text\">Wie kann ich Number Counter ohne Programmierkenntnisse zu meiner Shopify-Site hinzuf\u00fcgen?<\/h3>\r\n\r\n\t\t\t\t\t\t<div class=\"faq-item-question-icon\"><\/div>\r\n\t\t\t\t\t<\/div>\r\n\r\n\t\t\t\t\t<div class=\"faq-item-answer\">\r\n\t\t\t\t\t\t<div class=\"faq-item-answer-text\"> <p>Das Unternehmen Elfsight bietet eine Cloud-L\u00f6sung an, mit der Benutzer selbst ein Number Counter-Plugin erstellen k\u00f6nnen Die einfache Anleitung: Beginnen Sie direkt im Online-Editor mit der Erstellung eines Nummernz\u00e4hler-Bereichs, den Sie in Ihre Shopify-Site integrieren m\u00f6chten. Entscheiden Sie sich f\u00fcr eine unserer vorgefertigten Vorlagen und passen Sie die Einstellungen des Zahlenz\u00e4hlers an, \u00e4ndern Sie das Layout und Farbschema und aktualisieren Sie Ihre Inhalte, ohne Programmierkenntnisse zu haben. Klicken Sie hier, um die von Ihnen vorgenommenen Einstellungen im Number Counter zu speichern und den Installationscode zu erhalten, der mit einem kostenlosen Plan einfach in die Shopify-Website eingebettet werden kann. Mit dem benutzerfreundlichen Konfigurator kann jeder Webbenutzer online ein Number Counter-Plugin erstellen und es auf der Shopify-Site einbetten. Sie sollten kein kostenpflichtiges Abonnement abschlie\u00dfen oder Ihre Kartendaten offenlegen, um auf unseren Editor zuzugreifen. Wenn Sie bei irgendeinem Schritt auf Probleme sto\u00dfen, z\u00f6gern Sie nicht, sich an unsere Mitarbeiter des technischen Supports zu wenden.<\/p> <\/div>\r\n\t\t\t\t\t<\/div>\r\n\t\t\t\t<\/div> <\/div><\/div>\n","protected":false},"excerpt":{"rendered":"","protected":false},"author":9,"featured_media":0,"parent":2012,"menu_order":0,"comment_status":"closed","ping_status":"closed","template":"templates\/template-application-platform.php","meta":{"publish_to_discourse":"","publish_post_category":"","wpdc_auto_publish_overridden":"","wpdc_topic_tags":"","wpdc_pin_topic":"","wpdc_pin_until":"","discourse_post_id":"","discourse_permalink":"","wpdc_publishing_response":"","wpdc_publishing_error":"","footnotes":""},"class_list":["post-20836","page","type-page","status-publish","hentry"],"yoast_head":"<!-- This site is optimized with the Yoast SEO plugin v25.3.1 - https:\/\/yoast.com\/wordpress\/plugins\/seo\/ -->\n<title>Elfsight-Nummernz\u00e4hler f\u00fcr Shopify-Websites (kostenlos und einfach)<\/title>\n<meta name=\"description\" content=\"F\u00fcgen Sie Ihrer Shopify-Webseite einen Zahlenz\u00e4hler hinzu, indem Sie unsere praktische Demo anwenden. Gestalten Sie Ihre personalisierte App mit nur wenigen Klicks und ohne Aufwand!\" \/>\n<meta name=\"robots\" content=\"index, follow, max-snippet:-1, max-image-preview:large, max-video-preview:-1\" \/>\n<link rel=\"canonical\" href=\"https:\/\/elfsight.com\/de\/number-counter-widget\/shopify\/\" \/>\n<meta property=\"og:locale\" content=\"de_DE\" \/>\n<meta property=\"og:type\" content=\"article\" \/>\n<meta property=\"og:title\" content=\"Elfsight-Nummernz\u00e4hler f\u00fcr Shopify-Websites (kostenlos und einfach)\" \/>\n<meta property=\"og:description\" content=\"F\u00fcgen Sie Ihrer Shopify-Webseite einen Zahlenz\u00e4hler hinzu, indem Sie unsere praktische Demo anwenden. Gestalten Sie Ihre personalisierte App mit nur wenigen Klicks und ohne Aufwand!\" \/>\n<meta property=\"og:url\" content=\"https:\/\/elfsight.com\/de\/number-counter-widget\/shopify\/\" \/>\n<meta property=\"og:site_name\" content=\"Elfsight DE\" \/>\n<meta property=\"article:modified_time\" content=\"2025-02-21T12:37:38+00:00\" \/>\n<meta name=\"twitter:card\" content=\"summary_large_image\" \/>\n<meta name=\"twitter:label1\" content=\"Gesch\u00e4tzte Lesezeit\" \/>\n\t<meta name=\"twitter:data1\" content=\"3\u00a0Minuten\" \/>\n<!-- \/ Yoast SEO plugin. -->","yoast_head_json":{"title":"Elfsight-Nummernz\u00e4hler f\u00fcr Shopify-Websites (kostenlos und einfach)","description":"F\u00fcgen Sie Ihrer Shopify-Webseite einen Zahlenz\u00e4hler hinzu, indem Sie unsere praktische Demo anwenden. Gestalten Sie Ihre personalisierte App mit nur wenigen Klicks und ohne Aufwand!","robots":{"index":"index","follow":"follow","max-snippet":"max-snippet:-1","max-image-preview":"max-image-preview:large","max-video-preview":"max-video-preview:-1"},"canonical":"https:\/\/elfsight.com\/de\/number-counter-widget\/shopify\/","og_locale":"de_DE","og_type":"article","og_title":"Elfsight-Nummernz\u00e4hler f\u00fcr Shopify-Websites (kostenlos und einfach)","og_description":"F\u00fcgen Sie Ihrer Shopify-Webseite einen Zahlenz\u00e4hler hinzu, indem Sie unsere praktische Demo anwenden. Gestalten Sie Ihre personalisierte App mit nur wenigen Klicks und ohne Aufwand!","og_url":"https:\/\/elfsight.com\/de\/number-counter-widget\/shopify\/","og_site_name":"Elfsight DE","article_modified_time":"2025-02-21T12:37:38+00:00","twitter_card":"summary_large_image","twitter_misc":{"Gesch\u00e4tzte Lesezeit":"3\u00a0Minuten"},"schema":{"@context":"https:\/\/schema.org","@graph":[{"@type":"WebPage","@id":"https:\/\/elfsight.com\/de\/number-counter-widget\/shopify\/","url":"https:\/\/elfsight.com\/de\/number-counter-widget\/shopify\/","name":"Elfsight-Nummernz\u00e4hler f\u00fcr Shopify-Websites (kostenlos und einfach)","isPartOf":{"@id":"https:\/\/elfsight.com\/de\/#website"},"datePublished":"2024-05-03T06:41:20+00:00","dateModified":"2025-02-21T12:37:38+00:00","description":"F\u00fcgen Sie Ihrer Shopify-Webseite einen Zahlenz\u00e4hler hinzu, indem Sie unsere praktische Demo anwenden. Gestalten Sie Ihre personalisierte App mit nur wenigen Klicks und ohne Aufwand!","breadcrumb":{"@id":"https:\/\/elfsight.com\/de\/number-counter-widget\/shopify\/#breadcrumb"},"inLanguage":"de","potentialAction":[{"@type":"ReadAction","target":["https:\/\/elfsight.com\/de\/number-counter-widget\/shopify\/"]}]},{"@type":"BreadcrumbList","@id":"https:\/\/elfsight.com\/de\/number-counter-widget\/shopify\/#breadcrumb","itemListElement":[{"@type":"ListItem","position":1,"name":"Home","item":"https:\/\/elfsight.com\/de\/"},{"@type":"ListItem","position":2,"name":"Number Counter","item":"https:\/\/elfsight.com\/de\/number-counter-widget\/"},{"@type":"ListItem","position":3,"name":"Number Counter &#8211; Shopify"}]},{"@type":"WebSite","@id":"https:\/\/elfsight.com\/de\/#website","url":"https:\/\/elfsight.com\/de\/","name":"Elfsight DE","description":"Just another Elfsight Sites site","potentialAction":[{"@type":"SearchAction","target":{"@type":"EntryPoint","urlTemplate":"https:\/\/elfsight.com\/de\/?s={search_term_string}"},"query-input":{"@type":"PropertyValueSpecification","valueRequired":true,"valueName":"search_term_string"}}],"inLanguage":"de"}]}},"meta_box":{"industry":"","seo_heading":"","heading":"","description":"","cta_heading":"","cta_description":"","application":"513","h1":"Shopify Number Counter-App","h1_caption":"Pr\u00e4sentieren Sie wichtige Statistiken und Meilensteine \u200b\u200bmit animierten Z\u00e4hlern, um Ihre Erfolge m\u00fchelos auf ansprechende Weise auf Ihrer Shopify-Website hervorzuheben.","application_category":[],"applications_title":"","applications_request_title":"","applications_request_button_text":"","hero_text":"","hero_video":"","hero_video_schema_markup":"","selling_points_title":"","selling_points_caption":"","selling_points":[],"selling_points_cta_text":"","features_title":"","features":"","ed_cta_examples_text":"","ed_cta_examples_hidden":"","ed_cta_demo_text":"","ed_cta_demo_hidden":"","why_caption":"","why_editor_title":"","why_editor_text":"","why_team_title":"","why_team_text":"","why_service_title":"","why_service_text":"","template_catalog_visible":"0","template_catalog_title":"","template_catalog_text":"","template_catalog_categories_visible":"","demo_title":"Erstellen Sie Ihre Number Counter-App","demo_caption":"Konfigurieren Sie Ihren Zahlenz\u00e4hler und f\u00fcgen Sie ihn kostenlos zu Ihrer Shopify-Website hinzu!","default_faq_hidden":"","app_template_category":[],"platform":"253","template_public_id":"","codecanyon_url":"","codecanyon_item_id":"","codecanyon_price":"","pricing_caption":"","pricing_elfsight_apps_hide_column":"","pricing_elfsight_apps_url":"","pricing_codecanyon_price_caption":"","integration_category":[],"integration_request_title":"","integration_request_cta":"","integration_platform":"","integrations":[],"platform_category":[],"video_schema_markup":"","price":"ab 0 $ \/ Monat","trial":"","benefits":[{"text":"Kostenloser Installationsservice"},{"text":"Premium-Support"},{"text":"14-t\u00e4gige Geld-zur\u00fcck-Garantie"},{"text":"Kontinuierliche kostenlose Updates"}],"button_url":"#demo","button_target_blank":"0","button_nofollow":"0","attributes":[{"name":"Installiert","content":"10,000 - 100,000"},{"name":"Reaktionsfreudig","content":"Ja"},{"name":"Kompatible Browser","content":"Firefox, Safari, Opera, Chrome, Edge"}],"tags":[],"tags_disable_links":"0","hide_more_platforms":"0","video_object":"","demo_hide_cta":"0","demo_hide_cloud_options":"0","pricing_title":"","pricing":[{"pricing_icon":"platform","pricing_title":"Elfsight Apps","pricing_title_caption":"Plattform\u00fcbergreifende Version, die auf jeder Website funktioniert","pricing_price":"ab 0 $ \/ Monat","pricing_price_caption":"Beginnen Sie mit einem kostenlosen Plan","pricing_benefits":[{"text":"Unbegrenzte Websites"},{"text":"Premium-Support"},{"text":"Kostenloser Installationsservice"},{"text":"Sonderangebot f\u00fcr mehrere Apps"}],"pricing_button_text":"Zur Website hinzuf\u00fcgen","pricing_button_url":"#demo"}],"related_apps_title":"","related_apps_hidden":"0","author":"","image":[],"title":"","job":"","social_networks":[]},"_links":{"self":[{"href":"https:\/\/elfsight.com\/de\/wp-json\/wp\/v2\/pages\/20836","targetHints":{"allow":["GET"]}}],"collection":[{"href":"https:\/\/elfsight.com\/de\/wp-json\/wp\/v2\/pages"}],"about":[{"href":"https:\/\/elfsight.com\/de\/wp-json\/wp\/v2\/types\/page"}],"author":[{"embeddable":true,"href":"https:\/\/elfsight.com\/de\/wp-json\/wp\/v2\/users\/9"}],"replies":[{"embeddable":true,"href":"https:\/\/elfsight.com\/de\/wp-json\/wp\/v2\/comments?post=20836"}],"version-history":[{"count":3,"href":"https:\/\/elfsight.com\/de\/wp-json\/wp\/v2\/pages\/20836\/revisions"}],"predecessor-version":[{"id":24717,"href":"https:\/\/elfsight.com\/de\/wp-json\/wp\/v2\/pages\/20836\/revisions\/24717"}],"up":[{"embeddable":true,"href":"https:\/\/elfsight.com\/de\/wp-json\/wp\/v2\/pages\/2012"}],"wp:attachment":[{"href":"https:\/\/elfsight.com\/de\/wp-json\/wp\/v2\/media?parent=20836"}],"curies":[{"name":"wp","href":"https:\/\/api.w.org\/{rel}","templated":true}]}}