{"id":20835,"date":"2024-05-03T06:41:19","date_gmt":"2024-05-03T06:41:19","guid":{"rendered":"https:\/\/elfsight.com\/de\/?page_id=20835"},"modified":"2025-02-21T12:43:13","modified_gmt":"2025-02-21T12:43:13","slug":"squarespace","status":"publish","type":"page","link":"https:\/\/elfsight.com\/de\/number-counter-widget\/squarespace\/","title":{"rendered":"Number Counter &#8211; Squarespace"},"content":{"rendered":"\n<div class=\"application-platform-content-item-description application-platform-content-item\" id=\"description\" data-nav-section=\"description\"> <h2>Zahlenz\u00e4hler in Squarespace mit dem Elfsight-Widget einbetten<\/h2> <p>Der Zahlenz\u00e4hler ist ein benutzerfreundliches Plugin f\u00fcr Squarespace mit einem gro\u00dfe Auswahl an Optionen. Es ist ein gro\u00dfartiges Tool, um Ihre gro\u00dfartigen Gesch\u00e4ftsindizes, die Menge Ihrer bisher geleisteten Arbeit und vieles mehr zu pr\u00e4sentieren. Das Widget ist bemerkenswert flexibel. Es steht Ihnen frei, eine unbegrenzte Anzahl an Z\u00e4hlern zu konstruieren, sie in Spalten zusammenzustellen, Symbole aus unserer Sammlung auszuw\u00e4hlen oder Ihre ma\u00dfgeschneiderten hochzuladen, sie bunt oder einfarbig zu gestalten, \u00dcberschriften aneinanderzuf\u00fcgen, um die angezeigten Zahlen klarer zu machen, und alle neu einzuf\u00e4rben Element, w\u00e4hlen Sie das Hintergrundbild, und das ist noch nicht alles. Beginnen Sie jetzt einfach mit der Erstellung Ihres Plugins und beobachten Sie, wie Ihre wichtigen Gesch\u00e4ftsstatistiken wachsen! <\/p> <p><b>Demonstrieren Sie Ihren zuk\u00fcnftigen K\u00e4ufern Ihre hervorragenden Leistungen. Steigern Sie die Anzahl erfolgreicher Verk\u00e4ufe und Leads! <\/b><\/p> <\/div> <div class=\"application-platform-content-item-features application-platform-content-item\" id=\"features\" data-nav-section=\"features\"> <h2>Entdecken Sie die Liste der n\u00fctzlichsten Funktionen: <\/h2> <ul><li>Beliebige Anzahl von Z\u00e4hlern. <\/li><li>Beliebig viele Spalten. <\/li><li>F\u00fcgen Sie Titel, \u00dcberschriften, Pr\u00e4fixe und Postfixe hinzu. <\/li><li>W\u00e4hlen Sie das Symbolformat \u2013 holen Sie es sich aus unserer Bibliothek oder laden Sie Ihr individuelles hoch. <\/li><li>Links hinzuf\u00fcgen. <\/li><\/ul><p><a href=\"#demo\">Probieren Sie einfach diese Demo aus, um zu sehen, wie es funktioniert<\/a><\/p> <\/div> <div class=\"application-platform-content-item-installation application-platform-content-item\" id=\"installation\" data-nav-section=\"installation\"> <h2>Wie kann ich Number Counter zu meiner Squarespace-Site hinzuf\u00fcgen? <\/h2> <div class=\"video-container\"><iframe width=\"560\" height=\"315\" src=\"https:\/\/www.youtube.com\/embed\/MLtgwAXjnTA?si=X2WDQPGL6J2ixXuX\" frameborder=\"0\" allow=\"accelerometer; autoplay; clipboard-write; encrypted-media; gyroscope; picture-in-picture; web-share\" allowfullscreen><\/iframe><\/div><p>F\u00fchren Sie einfach die unten beschriebenen Schritte aus, um mit der Verwendung des Plugins zu beginnen. <\/p> <ol><li><b>\u00d6ffnen Sie unseren kostenlosen Konfigurator und beginnen Sie mit der Erstellung Ihres ma\u00dfgeschneiderten Plugins. <\/b><br> Geben Sie das ausgew\u00e4hlte Design und die Spezifikationen des Plugins an und \u00fcbernehmen Sie die \u00c4nderungen. <\/li> <li><b>Lassen Sie sich Ihren individuellen Code im Feld von Elfsight Apps anzeigen. <\/b><br> Sobald die Einrichtung Ihres Tools abgeschlossen ist, kopieren Sie den einzelnen Code im angezeigten Popup und speichern Sie ihn f\u00fcr den sp\u00e4teren Bedarf. <\/li> <li><b>Beginnen Sie mit der Nutzung des Widgets auf der Squarespace-Startseite. <\/b><br> Implementieren Sie den k\u00fcrzlich kopierten Code in Ihre Website und speichern Sie die Korrekturen. <\/li> <li><b>Die Installation wurde erfolgreich durchgef\u00fchrt. <\/b><br> Gehen Sie auf Ihre Webseite, um einen Blick auf die Funktionsweise des Plugins zu werfen. <\/li><\/ol> <p>Unter der Bedingung, dass Sie Anfragen bearbeiten oder auf Hindernisse sto\u00dfen, k\u00f6nnen Sie sich ohne zu z\u00f6gern f\u00fcr unsere Kundendienstmitarbeiter bewerben. Unsere Spezialisten beantworten gerne alle Ihre Fragen zum Widget. <\/p> <div class=\"faq\" data-component=\"FAQ\"><div class=\"faq-item\">\r\n\t\t\t\t\t<div class=\"faq-item-question\">\r\n\t\t\t\t\t\t<h3 class=\"faq-item-question-text\">Wie f\u00fcge ich den Zahlenz\u00e4hler zu einer Squarespace-Seite hinzu?<\/h3>\r\n\r\n\t\t\t\t\t\t<div class=\"faq-item-question-icon\"><\/div>\r\n\t\t\t\t\t<\/div>\r\n\r\n\t\t\t\t\t<div class=\"faq-item-answer\">\r\n\t\t\t\t\t\t<div class=\"faq-item-answer-text\"><p>Das Hinzuf\u00fcgen des Zahlenz\u00e4hler-Plugins zur Website dauert nur etwa einen einige Momente. Dar\u00fcber hinaus sind keine Programmierkenntnisse erforderlich. <\/p><ol><li>Passen Sie das Plugin f\u00fcr Squarespace im kostenlosen Konfigurator an. <\/li> <li>Holen Sie sich Ihren individuellen Installationscode. <\/li> <li>Betten Sie den Code in den erforderlichen Block auf der Website ein. <\/li> <li>Das ist es! Die Einrichtung des animierten Zahlenz\u00e4hler-Plugins auf Squarespace ist abgeschlossen! <\/li><\/ol><p>Haben Sie Probleme bei der Installation des Plugins in Squarespace oder bei der Formatierung? Sie k\u00f6nnen die vollst\u00e4ndige Anleitung entdecken <a href=\"https:\/\/elfsight.com\/tutorials\/how-to-add-number-counter-to-website\/#how-to-add-number-counter-to-squarespace\">auf dieser Seite<\/a>. <\/p><\/div>\r\n\t\t\t\t\t<\/div>\r\n\t\t\t\t<\/div><div class=\"faq-item\">\r\n\t\t\t\t\t<div class=\"faq-item-question\">\r\n\t\t\t\t\t\t<h3 class=\"faq-item-question-text\">Die besten Anwendungsbeispiele f\u00fcr die Integration von Online-Z\u00e4hlern<\/h3>\r\n\r\n\t\t\t\t\t\t<div class=\"faq-item-question-icon\"><\/div>\r\n\t\t\t\t\t<\/div>\r\n\r\n\t\t\t\t\t<div class=\"faq-item-answer\">\r\n\t\t\t\t\t\t<div class=\"faq-item-answer-text\"><p>Wir stellen Ihnen eine F\u00fclle von Personalisierungsoptionen zur Verf\u00fcgung: Widgets in voller Gr\u00f6\u00dfe zum Hinzuf\u00fcgen den Inhaltsbereich, schwebende Widgets mit Scrollfunktion, Layouts f\u00fcr die Fu\u00dfzeile Ihrer Website, den Kopfbereich und alle m\u00f6glichen vertikalen M\u00f6glichkeiten f\u00fcr Seitenleisten und Men\u00fcs. <\/p><\/div>\r\n\t\t\t\t\t<\/div>\r\n\t\t\t\t<\/div><div class=\"faq-item\">\r\n\t\t\t\t\t<div class=\"faq-item-question\">\r\n\t\t\t\t\t\t<h3 class=\"faq-item-question-text\">Darf ich mit Hilfe des Editors einen Kundenzufriedenheits- oder Download-Z\u00e4hler erstellen?<\/h3>\r\n\r\n\t\t\t\t\t\t<div class=\"faq-item-question-icon\"><\/div>\r\n\t\t\t\t\t<\/div>\r\n\r\n\t\t\t\t\t<div class=\"faq-item-answer\">\r\n\t\t\t\t\t\t<div class=\"faq-item-answer-text\"><p>Sie k\u00f6nnen beliebige Widget-Modifikationen erstellen. Im Editor stehen zahlreiche Layouts zur Verf\u00fcgung, die alle ganz einfach nach Ihren W\u00fcnschen personalisiert werden k\u00f6nnen. <\/p><\/div>\r\n\t\t\t\t\t<\/div>\r\n\t\t\t\t<\/div><div class=\"faq-item\">\r\n\t\t\t\t\t<div class=\"faq-item-question\">\r\n\t\t\t\t\t\t<h3 class=\"faq-item-question-text\">Gibt es eine M\u00f6glichkeit zu sehen, wie das Widget auf einer Website aussehen wird?<\/h3>\r\n\r\n\t\t\t\t\t\t<div class=\"faq-item-question-icon\"><\/div>\r\n\t\t\t\t\t<\/div>\r\n\r\n\t\t\t\t\t<div class=\"faq-item-answer\">\r\n\t\t\t\t\t\t<div class=\"faq-item-answer-text\"><p>Absolut! Bei der Erstellung des Squarespace-Z\u00e4hler-Plugins im <a href=\"https:\/\/elfsight.com\/number-counter-widget\/#demo\">kostenlosen Live-Builder<\/a> werden Sie alle \u00c4nderungen ber\u00fccksichtigen das Recht. Der Zahlenz\u00e4hler ist identisch mit dem, den Sie auf einer Squarespace-Site haben. <\/p><\/div>\r\n\t\t\t\t\t<\/div>\r\n\t\t\t\t<\/div><div class=\"faq-item\">\r\n\t\t\t\t\t<div class=\"faq-item-question\">\r\n\t\t\t\t\t\t<h3 class=\"faq-item-question-text\">Welche weiteren Widgets sind f\u00fcr eine Squarespace-Site erforderlich?<\/h3>\r\n\r\n\t\t\t\t\t\t<div class=\"faq-item-question-icon\"><\/div>\r\n\t\t\t\t\t<\/div>\r\n\r\n\t\t\t\t\t<div class=\"faq-item-answer\">\r\n\t\t\t\t\t\t<div class=\"faq-item-answer-text\"><p>Squarespace ist praktisch f\u00fcr Blog-Besitzer. Wenn Sie sich eines Tages dazu entschlie\u00dfen, die Funktionalit\u00e4t Ihrer Squarespace-Website zu erweitern, k\u00f6nnen Sie jederzeit gerne Elfsight-Widgets verwenden.<\/p><p><\/p>Zum Beispiel haben wir <a href=\"https:\/\/elfsight.com\/qr-code-widget\/squarespace\/\">QR-Code<\/a> f\u00fcr diejenigen, die erweiterte Informationen in Kurzform auf ihrer Website platzieren m\u00f6chten, <a href=\"https:\/\/elfsight.com\/google-reviews-widget\/squarespace\/\">Google Reviews<\/a> &#8211; zum Teilen toller Bewertungen, <a href=\"https:\/\/elfsight.com\/whatsapp-chat-widget\/squarespace\/\">WhatsApp Chat<\/a> &#8211; zum einfachen Teilen Kommunikation \u00fcber WhatsApp. Sie k\u00f6nnen vom <a href=\"https:\/\/elfsight.com\/event-calendar-widget\/squarespace\/\">Veranstaltungskalender<\/a> und <a href=\"https:\/\/elfsight.com\/countdown-timer-widget\/\">Countdown-Timer<\/a> und teilen Sie Details zu bevorstehenden Ereignissen.<p><\/p><\/div>\r\n\t\t\t\t\t<\/div>\r\n\t\t\t\t<\/div><\/div><\/div>\n\n\n\n<p><\/p>\n","protected":false},"excerpt":{"rendered":"","protected":false},"author":9,"featured_media":0,"parent":2012,"menu_order":0,"comment_status":"closed","ping_status":"closed","template":"templates\/template-application-platform.php","meta":{"publish_to_discourse":"","publish_post_category":"","wpdc_auto_publish_overridden":"","wpdc_topic_tags":"","wpdc_pin_topic":"","wpdc_pin_until":"","discourse_post_id":"","discourse_permalink":"","wpdc_publishing_response":"","wpdc_publishing_error":"","footnotes":""},"class_list":["post-20835","page","type-page","status-publish","hentry"],"yoast_head":"<!-- This site is optimized with the Yoast SEO plugin v25.3.1 - https:\/\/yoast.com\/wordpress\/plugins\/seo\/ -->\n<title>Elfsight-Nummernz\u00e4hler f\u00fcr Squarespace-Websites (kostenlos und einfach)<\/title>\n<meta name=\"description\" content=\"Integrieren Sie einen Zahlenz\u00e4hler auf Ihrer Squarespace-Website und nutzen Sie unsere Live-Demo. Konstruieren Sie Ihr individuelles Feature mit nur wenigen Klicks und ohne Aufwand!\" \/>\n<meta name=\"robots\" content=\"index, follow, max-snippet:-1, max-image-preview:large, max-video-preview:-1\" \/>\n<link rel=\"canonical\" href=\"https:\/\/elfsight.com\/de\/number-counter-widget\/squarespace\/\" \/>\n<meta property=\"og:locale\" content=\"de_DE\" \/>\n<meta property=\"og:type\" content=\"article\" \/>\n<meta property=\"og:title\" content=\"Elfsight-Nummernz\u00e4hler f\u00fcr Squarespace-Websites (kostenlos und einfach)\" \/>\n<meta property=\"og:description\" content=\"Integrieren Sie einen Zahlenz\u00e4hler auf Ihrer Squarespace-Website und nutzen Sie unsere Live-Demo. Konstruieren Sie Ihr individuelles Feature mit nur wenigen Klicks und ohne Aufwand!\" \/>\n<meta property=\"og:url\" content=\"https:\/\/elfsight.com\/de\/number-counter-widget\/squarespace\/\" \/>\n<meta property=\"og:site_name\" content=\"Elfsight DE\" \/>\n<meta property=\"article:modified_time\" content=\"2025-02-21T12:43:13+00:00\" \/>\n<meta name=\"twitter:card\" content=\"summary_large_image\" \/>\n<meta name=\"twitter:label1\" content=\"Gesch\u00e4tzte Lesezeit\" \/>\n\t<meta name=\"twitter:data1\" content=\"4\u00a0Minuten\" \/>\n<!-- \/ Yoast SEO plugin. -->","yoast_head_json":{"title":"Elfsight-Nummernz\u00e4hler f\u00fcr Squarespace-Websites (kostenlos und einfach)","description":"Integrieren Sie einen Zahlenz\u00e4hler auf Ihrer Squarespace-Website und nutzen Sie unsere Live-Demo. Konstruieren Sie Ihr individuelles Feature mit nur wenigen Klicks und ohne Aufwand!","robots":{"index":"index","follow":"follow","max-snippet":"max-snippet:-1","max-image-preview":"max-image-preview:large","max-video-preview":"max-video-preview:-1"},"canonical":"https:\/\/elfsight.com\/de\/number-counter-widget\/squarespace\/","og_locale":"de_DE","og_type":"article","og_title":"Elfsight-Nummernz\u00e4hler f\u00fcr Squarespace-Websites (kostenlos und einfach)","og_description":"Integrieren Sie einen Zahlenz\u00e4hler auf Ihrer Squarespace-Website und nutzen Sie unsere Live-Demo. Konstruieren Sie Ihr individuelles Feature mit nur wenigen Klicks und ohne Aufwand!","og_url":"https:\/\/elfsight.com\/de\/number-counter-widget\/squarespace\/","og_site_name":"Elfsight DE","article_modified_time":"2025-02-21T12:43:13+00:00","twitter_card":"summary_large_image","twitter_misc":{"Gesch\u00e4tzte Lesezeit":"4\u00a0Minuten"},"schema":{"@context":"https:\/\/schema.org","@graph":[{"@type":"WebPage","@id":"https:\/\/elfsight.com\/de\/number-counter-widget\/squarespace\/","url":"https:\/\/elfsight.com\/de\/number-counter-widget\/squarespace\/","name":"Elfsight-Nummernz\u00e4hler f\u00fcr Squarespace-Websites (kostenlos und einfach)","isPartOf":{"@id":"https:\/\/elfsight.com\/de\/#website"},"datePublished":"2024-05-03T06:41:19+00:00","dateModified":"2025-02-21T12:43:13+00:00","description":"Integrieren Sie einen Zahlenz\u00e4hler auf Ihrer Squarespace-Website und nutzen Sie unsere Live-Demo. Konstruieren Sie Ihr individuelles Feature mit nur wenigen Klicks und ohne Aufwand!","breadcrumb":{"@id":"https:\/\/elfsight.com\/de\/number-counter-widget\/squarespace\/#breadcrumb"},"inLanguage":"de","potentialAction":[{"@type":"ReadAction","target":["https:\/\/elfsight.com\/de\/number-counter-widget\/squarespace\/"]}]},{"@type":"BreadcrumbList","@id":"https:\/\/elfsight.com\/de\/number-counter-widget\/squarespace\/#breadcrumb","itemListElement":[{"@type":"ListItem","position":1,"name":"Home","item":"https:\/\/elfsight.com\/de\/"},{"@type":"ListItem","position":2,"name":"Number Counter","item":"https:\/\/elfsight.com\/de\/number-counter-widget\/"},{"@type":"ListItem","position":3,"name":"Number Counter &#8211; Squarespace"}]},{"@type":"WebSite","@id":"https:\/\/elfsight.com\/de\/#website","url":"https:\/\/elfsight.com\/de\/","name":"Elfsight DE","description":"Just another Elfsight Sites site","potentialAction":[{"@type":"SearchAction","target":{"@type":"EntryPoint","urlTemplate":"https:\/\/elfsight.com\/de\/?s={search_term_string}"},"query-input":{"@type":"PropertyValueSpecification","valueRequired":true,"valueName":"search_term_string"}}],"inLanguage":"de"}]}},"meta_box":{"industry":"","seo_heading":"","heading":"","description":"","cta_heading":"","cta_description":"","application":"513","h1":"Squarespace Number Counter-Plugin","h1_caption":"Pr\u00e4sentieren Sie wichtige Statistiken und Meilensteine \u200b\u200bmit animierten Z\u00e4hlern, um Ihre Erfolge m\u00fchelos auf ansprechende Weise auf Ihrer Squarespace-Website hervorzuheben.","application_category":[],"applications_title":"","applications_request_title":"","applications_request_button_text":"","hero_text":"","hero_video":"","hero_video_schema_markup":"","selling_points_title":"","selling_points_caption":"","selling_points":[],"selling_points_cta_text":"","features_title":"","features":"","ed_cta_examples_text":"","ed_cta_examples_hidden":"","ed_cta_demo_text":"","ed_cta_demo_hidden":"","why_caption":"","why_editor_title":"","why_editor_text":"","why_team_title":"","why_team_text":"","why_service_title":"","why_service_text":"","template_catalog_visible":"0","template_catalog_title":"","template_catalog_text":"","template_catalog_categories_visible":"","demo_title":"Erstellen Sie Ihr Number Counter-Plugin","demo_caption":"Konfigurieren Sie Ihren Zahlenz\u00e4hler und f\u00fcgen Sie ihn kostenlos zu Ihrer Squarespace-Website hinzu!","default_faq_hidden":"","app_template_category":[],"platform":"252","template_public_id":"","codecanyon_url":"","codecanyon_item_id":"","codecanyon_price":"","pricing_caption":"","pricing_elfsight_apps_hide_column":"","pricing_elfsight_apps_url":"","pricing_codecanyon_price_caption":"","integration_category":[],"integration_request_title":"","integration_request_cta":"","integration_platform":"","integrations":[],"platform_category":[],"video_schema_markup":"","price":"ab 0 $ \/ Monat","trial":"","benefits":[{"text":"Kostenlose Installationshilfe"},{"text":"Au\u00dfergew\u00f6hnlicher Support"},{"text":"14-t\u00e4gige R\u00fcckerstattungsgarantie"},{"text":"St\u00e4ndige Aktualisierung"}],"button_url":"#demo","button_target_blank":"0","button_nofollow":"0","attributes":[{"name":"Installiert","content":"10,000 - 100,000"},{"name":"Reaktionsfreudig","content":"Ja"},{"name":"Kompatible Browser","content":"Firefox, Safari, Opera, Chrome, Edge"}],"tags":[],"tags_disable_links":"0","hide_more_platforms":"0","video_object":"","demo_hide_cta":"0","demo_hide_cloud_options":"0","pricing_title":"","pricing":[{"pricing_icon":"platform","pricing_title":"Elfsight Apps","pricing_title_caption":"Plattform\u00fcbergreifende L\u00f6sung","pricing_price":"ab 0 $ \/ Monat","pricing_price_caption":"Beginnen Sie mit einem kostenlosen Plan","pricing_benefits":[{"text":"Unbegrenzte Domains"},{"text":"Schneller und p\u00fcnktlicher Support und gut dokumentiert"},{"text":"Kostenlose Installationshilfe"},{"text":"Flexibles Design"}],"pricing_button_text":"Zur Website hinzuf\u00fcgen","pricing_button_url":"#demo"}],"related_apps_title":"","related_apps_hidden":"0","author":"","image":[],"title":"","job":"","social_networks":[]},"_links":{"self":[{"href":"https:\/\/elfsight.com\/de\/wp-json\/wp\/v2\/pages\/20835","targetHints":{"allow":["GET"]}}],"collection":[{"href":"https:\/\/elfsight.com\/de\/wp-json\/wp\/v2\/pages"}],"about":[{"href":"https:\/\/elfsight.com\/de\/wp-json\/wp\/v2\/types\/page"}],"author":[{"embeddable":true,"href":"https:\/\/elfsight.com\/de\/wp-json\/wp\/v2\/users\/9"}],"replies":[{"embeddable":true,"href":"https:\/\/elfsight.com\/de\/wp-json\/wp\/v2\/comments?post=20835"}],"version-history":[{"count":6,"href":"https:\/\/elfsight.com\/de\/wp-json\/wp\/v2\/pages\/20835\/revisions"}],"predecessor-version":[{"id":24721,"href":"https:\/\/elfsight.com\/de\/wp-json\/wp\/v2\/pages\/20835\/revisions\/24721"}],"up":[{"embeddable":true,"href":"https:\/\/elfsight.com\/de\/wp-json\/wp\/v2\/pages\/2012"}],"wp:attachment":[{"href":"https:\/\/elfsight.com\/de\/wp-json\/wp\/v2\/media?parent=20835"}],"curies":[{"name":"wp","href":"https:\/\/api.w.org\/{rel}","templated":true}]}}