{"id":20834,"date":"2024-05-03T06:41:18","date_gmt":"2024-05-03T06:41:18","guid":{"rendered":"https:\/\/elfsight.com\/de\/?page_id=20834"},"modified":"2025-12-18T14:34:00","modified_gmt":"2025-12-18T14:34:00","slug":"webflow","status":"publish","type":"page","link":"https:\/\/elfsight.com\/de\/number-counter-widget\/webflow\/","title":{"rendered":"Number Counter &#8211; Webflow"},"content":{"rendered":"\n<div class=\"application-platform-content-item-description application-platform-content-item\" id=\"description\" data-nav-section=\"description\"> <h2>Einbetten des Number Counter in Webflow mit dem Elfsight-Widget<\/h2> <p>Elfsight Number Counter ist ein verwaltbares Widget f\u00fcr Webflow mit vielen Optionen w\u00e4hlen von. Es ist eine gro\u00dfartige Funktion, um Ihre hervorragenden Gesch\u00e4ftsstatistiken, die Anzahl der geleisteten Arbeiten und vieles mehr zu pr\u00e4sentieren. Das Tool ist au\u00dfergew\u00f6hnlich anpassbar. Es steht Ihnen frei, eine beliebige Anzahl an Z\u00e4hlern zu erstellen, sie in Spalten zu organisieren, Symbole aus unserer Bibliothek auszuw\u00e4hlen oder Ihre ma\u00dfgeschneiderten hochzuladen, sie bunt oder monochromatisch zu gestalten, Beschriftungen anzuf\u00fcgen, um Ihrem Publikum leicht verst\u00e4ndliche Informationen zu liefern, jede Funktion neu zu streichen, auszuw\u00e4hlen Hintergrundbild, und das ist noch nicht alles. Beginnen Sie jetzt mit der Gestaltung Ihres Widgets und sehen Sie, wie Ihre wichtigen Gesch\u00e4ftsstatistiken schnell wachsen! <\/p> <p><b>Pr\u00e4sentieren Sie Ihren potenziellen K\u00e4ufern Ihre beeindruckenden Erfolge. Erhalten Sie mehr erfolgreiche Deals und Leads! <\/b><\/p> <\/div> <div class=\"application-platform-content-item-features application-platform-content-item\" id=\"features\" data-nav-section=\"features\"> <h2>Zu den grundlegenden Widget-Funktionen geh\u00f6rt<\/h2> <ul><li>Eine beliebige Anzahl von Z\u00e4hlern. <\/li><li>Beliebig viele Spalten. <\/li><li>F\u00fcgen Sie Bildunterschriften, \u00dcberschriften, Pr\u00e4fixe und Postfixe hinzu. <\/li><li>Entscheiden Sie sich f\u00fcr die Symbolkategorie \u2013 w\u00e4hlen Sie sie aus unserer Sammlung aus oder laden Sie Ihre eigene hoch. <\/li><li>Links hinzuf\u00fcgen. <\/li><\/ul><p><a href=\"#demo\">Sie k\u00f6nnen \u00fcberpr\u00fcfen, ob das Widget die M\u00f6glichkeit bietet, die Demo auszuprobieren<\/a><\/p> <\/div> <div class=\"application-platform-content-item-installation application-platform-content-item\" id=\"installation\" data-nav-section=\"installation\"> <h2>Wie kann ich Number Counter in meine Webflow-Webseite einbetten? <\/h2><div class=\"video-container\">\n<iframe width=\"720\" height=\"405\" src=\"https:\/\/www.youtube.com\/embed\/yzKOAr_F2Nc?si=zA66qyR_z7m3Shyv\" frameborder=\"0\" allowfullscreen=\"\"><\/iframe>\n<\/div><p>Befolgen Sie einfach die nachstehenden Anweisungen, um das Plugin zu aktivieren. <\/p> <ol><li><b>Nutzen Sie unseren kostenlosen Editor und beginnen Sie mit der Gestaltung Ihres ma\u00dfgeschneiderten Instruments. <\/b><br> Finden Sie die bevorzugte Form und Eigenschaften des Werkzeugs und speichern Sie die Korrekturen. <\/li> <li><b>Erhalten Sie Ihren einzigartigen Code, der im Fenster von Elfsight Apps angezeigt wird. <\/b><br> Direkt nachdem die Erstellung Ihres Plugins abgeschlossen ist, kopieren Sie den pers\u00f6nlichen Code im erscheinenden Fenster und speichern Sie ihn f\u00fcr die weitere Verwendung. <\/li> <li><b>Beginnen Sie mit der Nutzung des Tools auf der Webflow-Site. <\/b><br> F\u00fcgen Sie den Code, den Sie k\u00fcrzlich gespeichert haben, auf Ihrer Homepage hinzu und \u00fcbernehmen Sie die Anpassungen. <\/li> <li><b>Du bist fertig! Die Integration ist vollst\u00e4ndig abgeschlossen. <\/b><br> Besuchen Sie Ihre Website, um einen Blick auf die Funktionsweise des Tools zu werfen. <\/li><\/ol> <p>Wenn Sie Anfragen bearbeiten oder auf Hindernisse sto\u00dfen, wenden Sie sich bitte an unseren Support. Unsere Berater sind bestrebt, alle Schwierigkeiten zu l\u00f6sen, die Sie m\u00f6glicherweise mit dem Widget haben. <\/p> <div class=\"faq\" data-component=\"FAQ\"><div class=\"faq-item\">\r\n\t\t\t\t\t<div class=\"faq-item-question\">\r\n\t\t\t\t\t\t<h3 class=\"faq-item-question-text\">Wie kann ich Number Counter zu meiner Webflow-Homepage hinzuf\u00fcgen, ohne Programmiererfahrung zu haben?<\/h3>\r\n\r\n\t\t\t\t\t\t<div class=\"faq-item-question-icon\"><\/div>\r\n\t\t\t\t\t<\/div>\r\n\r\n\t\t\t\t\t<div class=\"faq-item-answer\">\r\n\t\t\t\t\t\t<div class=\"faq-item-answer-text\"> <p>Das Unternehmen Elfsight bietet eine SaaS-L\u00f6sung, mit der Benutzer selbst ein Number Counter-Widget erstellen k\u00f6nnen. Sehen Sie sich die unkomplizierten Anweisungen an: Beginnen Sie direkt in der Live-Demo mit der Erstellung eines Zahlenz\u00e4hler-Widgets, das Sie auf Ihrer Webflow-Homepage einbinden m\u00f6chten. Klicken Sie auf eine der vielen vorgefertigten Vorlagen und \u00e4ndern Sie die Einstellungen des Zahlenz\u00e4hlers, f\u00fcgen Sie Ihre Inhalte hinzu, \u00e4ndern Sie das Layout und das Farbschema ohne Programmierkenntnisse. Speichern Sie den Number Counter und erhalten Sie Code zum Einbetten, den Sie einfach kostenlos in Ihre Webflow-Site einbinden k\u00f6nnen. Mit Hilfe des unkomplizierten Editors kann jeder Webbenutzer einen Abschnitt \u201eNummernz\u00e4hler\u201c erstellen und ihn einfach in die Webflow-Site einbetten. Um Zugang zu unserem Editor zu erhalten, ist es nicht erforderlich, ein kostenpflichtiges Abonnement abzuschlie\u00dfen oder Ihre Kartendaten preiszugeben. Wenn Sie auf Hindernisse jeglicher Art sto\u00dfen, z\u00f6gern Sie nicht, sich an unseren Kundensupport zu wenden.<\/p> <\/div>\r\n\t\t\t\t\t<\/div>\r\n\t\t\t\t<\/div> <\/div><\/div>\n","protected":false},"excerpt":{"rendered":"","protected":false},"author":9,"featured_media":0,"parent":2012,"menu_order":0,"comment_status":"closed","ping_status":"closed","template":"templates\/template-application-platform.php","meta":{"publish_to_discourse":"","publish_post_category":"","wpdc_auto_publish_overridden":"","wpdc_topic_tags":"","wpdc_pin_topic":"","wpdc_pin_until":"","discourse_post_id":"","discourse_permalink":"","wpdc_publishing_response":"","wpdc_publishing_error":"","footnotes":""},"class_list":["post-20834","page","type-page","status-publish","hentry"],"yoast_head":"<!-- This site is optimized with the Yoast SEO plugin v25.3.1 - https:\/\/yoast.com\/wordpress\/plugins\/seo\/ -->\n<title>Number Counter \u2013 Counter-Plugin zu Webflow hinzuf\u00fcgen (kostenlos und schnell)<\/title>\n<meta name=\"description\" content=\"Probieren Sie einen Zahlenz\u00e4hler auf Ihrer Webflow-Webseite aus, indem Sie unsere Live-Demo anwenden. Erstellen Sie Ihr ma\u00dfgeschneidertes Widget mit nur wenigen Klicks und ohne Aufwand!\" \/>\n<meta name=\"robots\" content=\"index, follow, max-snippet:-1, max-image-preview:large, max-video-preview:-1\" \/>\n<link rel=\"canonical\" href=\"https:\/\/elfsight.com\/de\/number-counter-widget\/webflow\/\" \/>\n<meta property=\"og:locale\" content=\"de_DE\" \/>\n<meta property=\"og:type\" content=\"article\" \/>\n<meta property=\"og:title\" content=\"Number Counter \u2013 Counter-Plugin zu Webflow hinzuf\u00fcgen (kostenlos und schnell)\" \/>\n<meta property=\"og:description\" content=\"Probieren Sie einen Zahlenz\u00e4hler auf Ihrer Webflow-Webseite aus, indem Sie unsere Live-Demo anwenden. Erstellen Sie Ihr ma\u00dfgeschneidertes Widget mit nur wenigen Klicks und ohne Aufwand!\" \/>\n<meta property=\"og:url\" content=\"https:\/\/elfsight.com\/de\/number-counter-widget\/webflow\/\" \/>\n<meta property=\"og:site_name\" content=\"Elfsight DE\" \/>\n<meta property=\"article:modified_time\" content=\"2025-12-18T14:34:00+00:00\" \/>\n<meta name=\"twitter:card\" content=\"summary_large_image\" \/>\n<meta name=\"twitter:label1\" content=\"Gesch\u00e4tzte Lesezeit\" \/>\n\t<meta name=\"twitter:data1\" content=\"3\u00a0Minuten\" \/>\n<!-- \/ Yoast SEO plugin. -->","yoast_head_json":{"title":"Number Counter \u2013 Counter-Plugin zu Webflow hinzuf\u00fcgen (kostenlos und schnell)","description":"Probieren Sie einen Zahlenz\u00e4hler auf Ihrer Webflow-Webseite aus, indem Sie unsere Live-Demo anwenden. Erstellen Sie Ihr ma\u00dfgeschneidertes Widget mit nur wenigen Klicks und ohne Aufwand!","robots":{"index":"index","follow":"follow","max-snippet":"max-snippet:-1","max-image-preview":"max-image-preview:large","max-video-preview":"max-video-preview:-1"},"canonical":"https:\/\/elfsight.com\/de\/number-counter-widget\/webflow\/","og_locale":"de_DE","og_type":"article","og_title":"Number Counter \u2013 Counter-Plugin zu Webflow hinzuf\u00fcgen (kostenlos und schnell)","og_description":"Probieren Sie einen Zahlenz\u00e4hler auf Ihrer Webflow-Webseite aus, indem Sie unsere Live-Demo anwenden. Erstellen Sie Ihr ma\u00dfgeschneidertes Widget mit nur wenigen Klicks und ohne Aufwand!","og_url":"https:\/\/elfsight.com\/de\/number-counter-widget\/webflow\/","og_site_name":"Elfsight DE","article_modified_time":"2025-12-18T14:34:00+00:00","twitter_card":"summary_large_image","twitter_misc":{"Gesch\u00e4tzte Lesezeit":"3\u00a0Minuten"},"schema":{"@context":"https:\/\/schema.org","@graph":[{"@type":"WebPage","@id":"https:\/\/elfsight.com\/de\/number-counter-widget\/webflow\/","url":"https:\/\/elfsight.com\/de\/number-counter-widget\/webflow\/","name":"Number Counter \u2013 Counter-Plugin zu Webflow hinzuf\u00fcgen (kostenlos und schnell)","isPartOf":{"@id":"https:\/\/elfsight.com\/de\/#website"},"datePublished":"2024-05-03T06:41:18+00:00","dateModified":"2025-12-18T14:34:00+00:00","description":"Probieren Sie einen Zahlenz\u00e4hler auf Ihrer Webflow-Webseite aus, indem Sie unsere Live-Demo anwenden. Erstellen Sie Ihr ma\u00dfgeschneidertes Widget mit nur wenigen Klicks und ohne Aufwand!","breadcrumb":{"@id":"https:\/\/elfsight.com\/de\/number-counter-widget\/webflow\/#breadcrumb"},"inLanguage":"de","potentialAction":[{"@type":"ReadAction","target":["https:\/\/elfsight.com\/de\/number-counter-widget\/webflow\/"]}]},{"@type":"BreadcrumbList","@id":"https:\/\/elfsight.com\/de\/number-counter-widget\/webflow\/#breadcrumb","itemListElement":[{"@type":"ListItem","position":1,"name":"Home","item":"https:\/\/elfsight.com\/de\/"},{"@type":"ListItem","position":2,"name":"Number Counter","item":"https:\/\/elfsight.com\/de\/number-counter-widget\/"},{"@type":"ListItem","position":3,"name":"Number Counter &#8211; Webflow"}]},{"@type":"WebSite","@id":"https:\/\/elfsight.com\/de\/#website","url":"https:\/\/elfsight.com\/de\/","name":"Elfsight DE","description":"Just another Elfsight Sites site","potentialAction":[{"@type":"SearchAction","target":{"@type":"EntryPoint","urlTemplate":"https:\/\/elfsight.com\/de\/?s={search_term_string}"},"query-input":{"@type":"PropertyValueSpecification","valueRequired":true,"valueName":"search_term_string"}}],"inLanguage":"de"}]}},"meta_box":{"industry":"","seo_heading":"","heading":"","description":"","cta_heading":"","cta_description":"","application":"513","h1":"Webflow-Nummernz\u00e4hler-Widget","h1_caption":"Pr\u00e4sentieren Sie wichtige Statistiken und Meilensteine \u200b\u200bmit animierten Z\u00e4hlern, um Ihre Erfolge m\u00fchelos auf ansprechende Weise auf Ihrer Webflow-Website hervorzuheben.","application_category":[],"applications_title":"","applications_request_title":"","applications_request_button_text":"","hero_text":"","hero_video":"","hero_video_schema_markup":"","selling_points_title":"","selling_points_caption":"","selling_points":[],"selling_points_cta_text":"","features_title":"","features":"","ed_cta_examples_text":"","ed_cta_examples_hidden":"","ed_cta_demo_text":"","ed_cta_demo_hidden":"","why_caption":"","why_editor_title":"","why_editor_text":"","why_team_title":"","why_team_text":"","why_service_title":"","why_service_text":"","template_catalog_visible":"0","template_catalog_title":"","template_catalog_text":"","template_catalog_categories_visible":"","demo_title":"Erstellen Sie Ihr Zahlenz\u00e4hler-Widget","demo_caption":"Konfigurieren Sie Ihren Zahlenz\u00e4hler und f\u00fcgen Sie ihn kostenlos zu Ihrer Webflow-Website hinzu!","default_faq_hidden":"","app_template_category":[],"platform":"250","template_public_id":"","codecanyon_url":"","codecanyon_item_id":"","codecanyon_price":"","pricing_caption":"","pricing_elfsight_apps_hide_column":"","pricing_elfsight_apps_url":"","pricing_codecanyon_price_caption":"","integration_category":[],"integration_request_title":"","integration_request_cta":"","integration_platform":"","integrations":[],"platform_category":[],"video_schema_markup":"","price":"ab 0 $ \/ Monat","trial":"","benefits":[{"text":"Kostenlose Installationshilfe"},{"text":"Au\u00dfergew\u00f6hnliche Unterst\u00fctzung"},{"text":"14-t\u00e4gige R\u00fcckerstattungsgarantie"},{"text":"Regelm\u00e4\u00dfige kostenlose Updates"}],"button_url":"#demo","button_target_blank":"0","button_nofollow":"0","attributes":[{"name":"Installiert","content":"10,000 - 100,000"},{"name":"Reaktionsfreudig","content":"Ja"},{"name":"Kompatible Browser","content":"Firefox, Edge, Opera, Safari, Chrome"}],"tags":[],"tags_disable_links":"0","hide_more_platforms":"0","video_object":"","demo_hide_cta":"0","demo_hide_cloud_options":"0","pricing_title":"","pricing":[{"pricing_icon":"platform","pricing_title":"Elfsight Apps","pricing_title_caption":"Plattform\u00fcbergreifende digitale L\u00f6sung","pricing_price":"ab 0 $ \/ Monat","pricing_price_caption":"Beginnen Sie mit einem kostenlosen Plan","pricing_benefits":[{"text":"Unbegrenzte Domains"},{"text":"Engagierter und p\u00fcnktlicher Support"},{"text":"Kostenloser Installationsservice"},{"text":"Sonderangebot f\u00fcr mehrere Apps"}],"pricing_button_text":"Zur Website hinzuf\u00fcgen","pricing_button_url":"#demo"}],"related_apps_title":"","related_apps_hidden":"0","author":"","image":[],"title":"","job":"","social_networks":[]},"_links":{"self":[{"href":"https:\/\/elfsight.com\/de\/wp-json\/wp\/v2\/pages\/20834","targetHints":{"allow":["GET"]}}],"collection":[{"href":"https:\/\/elfsight.com\/de\/wp-json\/wp\/v2\/pages"}],"about":[{"href":"https:\/\/elfsight.com\/de\/wp-json\/wp\/v2\/types\/page"}],"author":[{"embeddable":true,"href":"https:\/\/elfsight.com\/de\/wp-json\/wp\/v2\/users\/9"}],"replies":[{"embeddable":true,"href":"https:\/\/elfsight.com\/de\/wp-json\/wp\/v2\/comments?post=20834"}],"version-history":[{"count":4,"href":"https:\/\/elfsight.com\/de\/wp-json\/wp\/v2\/pages\/20834\/revisions"}],"predecessor-version":[{"id":25578,"href":"https:\/\/elfsight.com\/de\/wp-json\/wp\/v2\/pages\/20834\/revisions\/25578"}],"up":[{"embeddable":true,"href":"https:\/\/elfsight.com\/de\/wp-json\/wp\/v2\/pages\/2012"}],"wp:attachment":[{"href":"https:\/\/elfsight.com\/de\/wp-json\/wp\/v2\/media?parent=20834"}],"curies":[{"name":"wp","href":"https:\/\/api.w.org\/{rel}","templated":true}]}}