{"id":20833,"date":"2024-05-03T06:41:17","date_gmt":"2024-05-03T06:41:17","guid":{"rendered":"https:\/\/elfsight.com\/de\/?page_id=20833"},"modified":"2025-07-09T14:06:04","modified_gmt":"2025-07-09T14:06:04","slug":"webnode","status":"publish","type":"page","link":"https:\/\/elfsight.com\/de\/number-counter-widget\/webnode\/","title":{"rendered":"Number Counter &#8211; Webnode"},"content":{"rendered":"<div class=\"application-platform-content-item-description application-platform-content-item\" id=\"description\" data-nav-section=\"description\"> <h2>Beschreibung<\/h2> <p>Der Number Counter ist ein einfach zu bedienendes Instrument f\u00fcr Webnode mit einer Vielzahl von Optionen. Es ist eine gro\u00dfartige Funktion, um Ihre herausragenden Gesch\u00e4ftsstatistiken und die Menge Ihrer geleisteten Arbeit zu pr\u00e4sentieren, und das ist noch nicht alles. Das Widget ist \u00e4u\u00dferst anpassbar. F\u00fcgen Sie beliebig viele Z\u00e4hler hinzu, ordnen Sie sie in Spalten an, w\u00e4hlen Sie Symbole aus unserer Bibliothek aus oder laden Sie Ihre eigenen hoch, machen Sie sie mehrfarbig oder monochromatisch, f\u00fcgen Sie Beschriftungen hinzu, um die Zahlen, die Sie demonstrieren, zu verdeutlichen, malen Sie beliebige Funktionen neu und w\u00e4hlen Sie das Hintergrundbild aus , und das ist noch nicht einmal die H\u00e4lfte. Beginnen Sie jetzt mit der Entwicklung Ihres Features und sehen Sie, wie Ihre wichtigsten Gesch\u00e4ftsstatistiken schnell wachsen! <\/p> <p><b>Pr\u00e4sentieren Sie Ihren potenziellen Kunden Ihre gro\u00dfartigen Leistungen. Erhalten Sie mehr erfolgreiche Deals und Leads! <\/b><\/p> <\/div> <div class=\"application-platform-content-item-features application-platform-content-item\" id=\"features\" data-nav-section=\"features\"> <h2>Hier finden Sie die zentralen Funktionen des Widgets: <\/h2> <ul><li>Eine unbegrenzte Anzahl von Z\u00e4hlern. <\/li><li>Beliebig viele Spalten. <\/li><li>F\u00fcgen Sie Bildunterschriften, \u00dcberschriften, Pr\u00e4fixe und Postfixe hinzu. <\/li><li>Entscheiden Sie sich f\u00fcr den Symboltyp \u2013 holen Sie es sich aus unserer Bibliothek oder laden Sie Ihr ma\u00dfgeschneidertes Symbol hoch. <\/li><li>Links hinzuf\u00fcgen. <\/li><\/ul><p><a href=\"#demo\">Sie k\u00f6nnen die volle Funktionalit\u00e4t des Widgets in der Demo unten erkunden<\/a><\/p> <\/div> <div class=\"application-platform-content-item- Installation application-platform-content-item\" id=\" Installation\" data-nav-section=\" Installation\"> <h2>Wie f\u00fcge ich einen Nummernz\u00e4hler auf meiner Webnode-Webseite hinzu? <\/h2> <p>Befolgen Sie einfach die nachstehenden Anweisungen, um das Tool einzubetten. <\/p> <ol><li><b>Verwalten Sie unseren kostenlosen Konfigurator und beginnen Sie mit der Gestaltung Ihres ma\u00dfgeschneiderten Instruments. <\/b><br> Suchen Sie das ausgew\u00e4hlte Layout und die Parameter des Werkzeugs und speichern Sie die \u00c4nderungen. <\/li> <li><b>Erhalten Sie den einzigartigen Code, der in der speziellen Form auf Elfsight Apps angezeigt wird. <\/b><br> Sobald die Einrichtung Ihres pers\u00f6nlichen Widgets abgeschlossen ist, kopieren Sie den individuellen Code im angezeigten Popup und speichern Sie ihn f\u00fcr einen sp\u00e4teren Anlass. <\/li> <li><b>Initiieren Sie die Anwendung des Tools auf der Webnode-Homepage. <\/b><br> F\u00fcgen Sie den k\u00fcrzlich gespeicherten Code in Ihre Webseite ein und speichern Sie die Anpassungen. <\/li> <li><b>Das Setup ist vollst\u00e4ndig abgeschlossen. <\/b><br> Besuchen Sie Ihre Website, um die Arbeit des Plugins zu \u00fcberpr\u00fcfen. <\/li><\/ol> <p>Falls Sie auf Schwierigkeiten sto\u00dfen, z\u00f6gern Sie nicht, sich an unser Support-Team zu wenden. Unsere Berater helfen Ihnen gerne bei allen Fragen rund um das Tool weiter. <\/p> <div class=\"faq\" data-component=\"FAQ\"><div class=\"faq-item\">\r\n\t\t\t\t\t<div class=\"faq-item-question\">\r\n\t\t\t\t\t\t<h3 class=\"faq-item-question-text\">Wie ist es m\u00f6glich, Number Counter ohne Codierung in meine Webnode-Homepage einzubetten?<\/h3>\r\n\r\n\t\t\t\t\t\t<div class=\"faq-item-question-icon\"><\/div>\r\n\t\t\t\t\t<\/div>\r\n\r\n\t\t\t\t\t<div class=\"faq-item-answer\">\r\n\t\t\t\t\t\t<div class=\"faq-item-answer-text\"> <p>Das Unternehmen Elfsight liefert eine Cloud-L\u00f6sung, mit der Benutzer selbst ein Number Counter-Widget erstellen k\u00f6nnen. Finden Sie heraus, wie einfach der Vorgang ist: Erstellen Sie im Live-Editor ein Number Counter-Plugin, das auf der Webnode-Website angezeigt werden soll. W\u00e4hlen Sie eine der vorgefertigten Vorlagen und passen Sie die Einstellungen des Zahlenz\u00e4hlers an, \u00e4ndern Sie das Layout und die Farbe der Elemente und aktualisieren Sie Ihre Inhalte, ohne dass Sie Erfahrung in der Programmierung haben. Speichern Sie die von Ihnen vorgenommenen Einstellungen im Number Counter und erhalten Sie den Code zur Installation, der einfach und kostenlos in die Webnode-Webseite eingebettet werden kann. Mit dem benutzerfreundlichen Editor kann jeder Internetnutzer ein Number Counter-Plugin erstellen und es problemlos in die Webnode-Site einbinden. Es ist nicht erforderlich, zu bezahlen oder Ihre Kartendaten anzugeben, um auf unseren Editor zuzugreifen. Sollten bei irgendeinem Schritt Probleme auftreten, wenden Sie sich bitte an unseren Kundensupport.<\/p> <\/div>\r\n\t\t\t\t\t<\/div>\r\n\t\t\t\t<\/div> <\/div><\/div>","protected":false},"excerpt":{"rendered":"","protected":false},"author":9,"featured_media":0,"parent":2012,"menu_order":0,"comment_status":"closed","ping_status":"closed","template":"templates\/template-application-platform.php","meta":{"publish_to_discourse":"","publish_post_category":"","wpdc_auto_publish_overridden":"","wpdc_topic_tags":"","wpdc_pin_topic":"","wpdc_pin_until":"","discourse_post_id":"","discourse_permalink":"","wpdc_publishing_response":"","wpdc_publishing_error":"","footnotes":""},"class_list":["post-20833","page","type-page","status-publish","hentry"],"yoast_head":"<!-- This site is optimized with the Yoast SEO plugin v25.3.1 - https:\/\/yoast.com\/wordpress\/plugins\/seo\/ -->\n<title>Elfsight-Nummernz\u00e4hler f\u00fcr Webnode-Websites (kostenlos und einfach)<\/title>\n<meta name=\"description\" content=\"Verwenden Sie mithilfe unserer praktischen Demo einen Zahlenz\u00e4hler auf Ihrer Webnode-Webseite. Erstellen Sie Ihr personalisiertes Feature mit nur wenigen Klicks und ohne Aufwand!\" \/>\n<meta name=\"robots\" content=\"index, follow, max-snippet:-1, max-image-preview:large, max-video-preview:-1\" \/>\n<link rel=\"canonical\" href=\"https:\/\/elfsight.com\/de\/number-counter-widget\/webnode\/\" \/>\n<meta property=\"og:locale\" content=\"de_DE\" \/>\n<meta property=\"og:type\" content=\"article\" \/>\n<meta property=\"og:title\" content=\"Elfsight-Nummernz\u00e4hler f\u00fcr Webnode-Websites (kostenlos und einfach)\" \/>\n<meta property=\"og:description\" content=\"Verwenden Sie mithilfe unserer praktischen Demo einen Zahlenz\u00e4hler auf Ihrer Webnode-Webseite. Erstellen Sie Ihr personalisiertes Feature mit nur wenigen Klicks und ohne Aufwand!\" \/>\n<meta property=\"og:url\" content=\"https:\/\/elfsight.com\/de\/number-counter-widget\/webnode\/\" \/>\n<meta property=\"og:site_name\" content=\"Elfsight DE\" \/>\n<meta property=\"article:modified_time\" content=\"2025-07-09T14:06:04+00:00\" \/>\n<meta name=\"twitter:card\" content=\"summary_large_image\" \/>\n<meta name=\"twitter:label1\" content=\"Gesch\u00e4tzte Lesezeit\" \/>\n\t<meta name=\"twitter:data1\" content=\"3\u00a0Minuten\" \/>\n<!-- \/ Yoast SEO plugin. -->","yoast_head_json":{"title":"Elfsight-Nummernz\u00e4hler f\u00fcr Webnode-Websites (kostenlos und einfach)","description":"Verwenden Sie mithilfe unserer praktischen Demo einen Zahlenz\u00e4hler auf Ihrer Webnode-Webseite. Erstellen Sie Ihr personalisiertes Feature mit nur wenigen Klicks und ohne Aufwand!","robots":{"index":"index","follow":"follow","max-snippet":"max-snippet:-1","max-image-preview":"max-image-preview:large","max-video-preview":"max-video-preview:-1"},"canonical":"https:\/\/elfsight.com\/de\/number-counter-widget\/webnode\/","og_locale":"de_DE","og_type":"article","og_title":"Elfsight-Nummernz\u00e4hler f\u00fcr Webnode-Websites (kostenlos und einfach)","og_description":"Verwenden Sie mithilfe unserer praktischen Demo einen Zahlenz\u00e4hler auf Ihrer Webnode-Webseite. Erstellen Sie Ihr personalisiertes Feature mit nur wenigen Klicks und ohne Aufwand!","og_url":"https:\/\/elfsight.com\/de\/number-counter-widget\/webnode\/","og_site_name":"Elfsight DE","article_modified_time":"2025-07-09T14:06:04+00:00","twitter_card":"summary_large_image","twitter_misc":{"Gesch\u00e4tzte Lesezeit":"3\u00a0Minuten"},"schema":{"@context":"https:\/\/schema.org","@graph":[{"@type":"WebPage","@id":"https:\/\/elfsight.com\/de\/number-counter-widget\/webnode\/","url":"https:\/\/elfsight.com\/de\/number-counter-widget\/webnode\/","name":"Elfsight-Nummernz\u00e4hler f\u00fcr Webnode-Websites (kostenlos und einfach)","isPartOf":{"@id":"https:\/\/elfsight.com\/de\/#website"},"datePublished":"2024-05-03T06:41:17+00:00","dateModified":"2025-07-09T14:06:04+00:00","description":"Verwenden Sie mithilfe unserer praktischen Demo einen Zahlenz\u00e4hler auf Ihrer Webnode-Webseite. Erstellen Sie Ihr personalisiertes Feature mit nur wenigen Klicks und ohne Aufwand!","breadcrumb":{"@id":"https:\/\/elfsight.com\/de\/number-counter-widget\/webnode\/#breadcrumb"},"inLanguage":"de","potentialAction":[{"@type":"ReadAction","target":["https:\/\/elfsight.com\/de\/number-counter-widget\/webnode\/"]}]},{"@type":"BreadcrumbList","@id":"https:\/\/elfsight.com\/de\/number-counter-widget\/webnode\/#breadcrumb","itemListElement":[{"@type":"ListItem","position":1,"name":"Home","item":"https:\/\/elfsight.com\/de\/"},{"@type":"ListItem","position":2,"name":"Number Counter","item":"https:\/\/elfsight.com\/de\/number-counter-widget\/"},{"@type":"ListItem","position":3,"name":"Number Counter &#8211; Webnode"}]},{"@type":"WebSite","@id":"https:\/\/elfsight.com\/de\/#website","url":"https:\/\/elfsight.com\/de\/","name":"Elfsight DE","description":"Just another Elfsight Sites site","potentialAction":[{"@type":"SearchAction","target":{"@type":"EntryPoint","urlTemplate":"https:\/\/elfsight.com\/de\/?s={search_term_string}"},"query-input":{"@type":"PropertyValueSpecification","valueRequired":true,"valueName":"search_term_string"}}],"inLanguage":"de"}]}},"meta_box":{"industry":"","seo_heading":"","heading":"","description":"","cta_heading":"","cta_description":"","application":"513","h1":"Webnode-Nummernz\u00e4hler-Widget","h1_caption":"Pr\u00e4sentieren Sie wichtige Statistiken und Meilensteine \u200b\u200bmit animierten Z\u00e4hlern, um Ihre Erfolge m\u00fchelos auf ansprechende Weise auf Ihrer Webnode-Website hervorzuheben.","application_category":[],"applications_title":"","applications_request_title":"","applications_request_button_text":"","hero_text":"","hero_video":"","hero_video_schema_markup":"","selling_points_title":"","selling_points_caption":"","selling_points":[],"selling_points_cta_text":"","features_title":"","features":"","ed_cta_examples_text":"","ed_cta_examples_hidden":"","ed_cta_demo_text":"","ed_cta_demo_hidden":"","why_caption":"","why_editor_title":"","why_editor_text":"","why_team_title":"","why_team_text":"","why_service_title":"","why_service_text":"","template_catalog_visible":"","template_catalog_title":"","template_catalog_text":"","template_catalog_categories_visible":"","demo_title":"Erstellen Sie Ihr Zahlenz\u00e4hler-Widget","demo_caption":"Konfigurieren Sie Ihren Nummernz\u00e4hler und f\u00fcgen Sie ihn kostenlos zu Ihrer Webnode-Website hinzu!","default_faq_hidden":"","app_template_category":[],"platform":"248","template_public_id":"","codecanyon_url":"","codecanyon_item_id":"","codecanyon_price":"","pricing_caption":"","pricing_elfsight_apps_hide_column":"","pricing_elfsight_apps_url":"","pricing_codecanyon_price_caption":"","integration_category":[],"integration_request_title":"","integration_request_cta":"","integration_platform":"","integrations":[],"platform_category":[],"video_schema_markup":"","price":"ab 0 $ \/ Monat","trial":"","benefits":[{"text":"Kostenloser Installationsservice"},{"text":"Erfahrener Kundensupport"},{"text":"14-t\u00e4gige Geld-zur\u00fcck-Garantie"},{"text":"Lebenslange kostenlose Verbesserungen"}],"button_url":"#demo","button_target_blank":"","button_nofollow":"","attributes":[{"name":"Installiert","content":"10,000 - 100,000"},{"name":"Reaktionsfreudig","content":"Ja"},{"name":"Kompatible Browser","content":"Firefox, Safari, Opera, Chrome, Edge"}],"tags":[],"tags_disable_links":"","hide_more_platforms":"","video_object":"","demo_hide_cta":"","demo_hide_cloud_options":"","pricing_title":"","pricing":[{"pricing_icon":"platform","pricing_title":"Elfsight Apps","pricing_title_caption":"Multiplattform-Version","pricing_price":"ab 0 $ \/ Monat","pricing_price_caption":"Beginnen Sie mit einem kostenlosen Plan","pricing_benefits":[{"text":"Unbegrenzte Websites"},{"text":"Engagierte Unternehmensunterst\u00fctzung"},{"text":"Kostenloser Installationsservice"},{"text":"Zeitlich begrenztes Angebot f\u00fcr mehrere Apps"}],"pricing_button_text":"Zur Website hinzuf\u00fcgen","pricing_button_url":"#demo"}],"related_apps_title":"","related_apps_hidden":"","author":"","image":[],"title":"","job":"","social_networks":[]},"_links":{"self":[{"href":"https:\/\/elfsight.com\/de\/wp-json\/wp\/v2\/pages\/20833","targetHints":{"allow":["GET"]}}],"collection":[{"href":"https:\/\/elfsight.com\/de\/wp-json\/wp\/v2\/pages"}],"about":[{"href":"https:\/\/elfsight.com\/de\/wp-json\/wp\/v2\/types\/page"}],"author":[{"embeddable":true,"href":"https:\/\/elfsight.com\/de\/wp-json\/wp\/v2\/users\/9"}],"replies":[{"embeddable":true,"href":"https:\/\/elfsight.com\/de\/wp-json\/wp\/v2\/comments?post=20833"}],"version-history":[{"count":1,"href":"https:\/\/elfsight.com\/de\/wp-json\/wp\/v2\/pages\/20833\/revisions"}],"predecessor-version":[{"id":20837,"href":"https:\/\/elfsight.com\/de\/wp-json\/wp\/v2\/pages\/20833\/revisions\/20837"}],"up":[{"embeddable":true,"href":"https:\/\/elfsight.com\/de\/wp-json\/wp\/v2\/pages\/2012"}],"wp:attachment":[{"href":"https:\/\/elfsight.com\/de\/wp-json\/wp\/v2\/media?parent=20833"}],"curies":[{"name":"wp","href":"https:\/\/api.w.org\/{rel}","templated":true}]}}