{"id":20828,"date":"2024-05-03T06:41:16","date_gmt":"2024-05-03T06:41:16","guid":{"rendered":"https:\/\/elfsight.com\/de\/?page_id=20828"},"modified":"2025-02-21T12:47:07","modified_gmt":"2025-02-21T12:47:07","slug":"weebly","status":"publish","type":"page","link":"https:\/\/elfsight.com\/de\/number-counter-widget\/weebly\/","title":{"rendered":"Number Counter &#8211; Weebly"},"content":{"rendered":"\n<div class=\"application-platform-content-item-description application-platform-content-item\" id=\"description\" data-nav-section=\"description\"> <h2>Beschreibung<\/h2> <p>Elfsight Number Counter ist ein \u00fcberschaubares Instrument f\u00fcr Weebly mit einer breiten Palette an Optionen. Es ist ein gro\u00dfartiges Tool, um Ihre herausragenden Gesch\u00e4ftszahlen und die Anzahl der von Ihnen durchgef\u00fchrten Arbeiten zu demonstrieren \u2013 und das ist noch nicht alles. Das Plugin ist au\u00dfergew\u00f6hnlich anpassbar. Erstellen Sie eine unbegrenzte Anzahl an Z\u00e4hlern, ordnen Sie sie in Spalten an, w\u00e4hlen Sie Symbole aus unserer Sammlung aus oder laden Sie Ihre eigenen hoch, machen Sie sie bunt oder einfarbig, f\u00fcgen Sie Titel hinzu, um Ihr Publikum mit denkbaren Informationen zu versorgen, f\u00e4rben Sie jede Funktion neu und w\u00e4hlen Sie die aus Hintergrundbild, und das ist noch nicht einmal die H\u00e4lfte. Beginnen Sie jetzt mit der Erstellung Ihres Widgets und beobachten Sie, wie Ihre wichtigen Gesch\u00e4ftsstatistiken schnell wachsen! <\/p> <p><b>Pr\u00e4sentieren Sie Ihren zuk\u00fcnftigen K\u00e4ufern Ihre gro\u00dfartigen Leistungen. Erh\u00f6hen Sie die Anzahl erfolgreicher Deals und Leads! <\/b><\/p> <\/div> <div class=\"application-platform-content-item-features application-platform-content-item\" id=\"features\" data-nav-section=\"features\"> <h2>\u00dcberpr\u00fcfen Sie die Liste der n\u00fctzlichsten Funktionen: <\/h2> <ul><li>Beliebige Anzahl von Z\u00e4hlern. <\/li><li>Unbegrenzte Anzahl von Spalten. <\/li><li>F\u00fcgen Sie Bildunterschriften, \u00dcberschriften, Pr\u00e4fixe und Postfixe hinzu. <\/li><li>W\u00e4hlen Sie die Symbolkategorie \u2013 holen Sie sie sich aus unserer Sammlung oder laden Sie Ihr individuelles hoch. <\/li><li>Links hinzuf\u00fcgen. <\/li><\/ul><p><a href=\"#demo\">Sie k\u00f6nnen sp\u00fcren, ob die App f\u00fcr Sie geeignet ist, indem Sie die Demo ausprobieren<\/a><\/p> <\/div> <div class=\"application-platform-content-item- Installation application-platform-content-item\" id=\" Installation\" data-nav-section=\" Installation\"> <h2>Wie kann ich Number Counter in meine Weebly-Site einbetten? <\/h2> <div class=\"video-container\"><iframe width=\"560\" height=\"315\" src=\"https:\/\/www.youtube.com\/embed\/AXCYcAJ34qk?si=3_O5PfwH5F-moDQM\" frameborder=\"0\" allow=\"accelerometer; autoplay; clipboard-write; encrypted-media; gyroscope; picture-in-picture; web-share\" allowfullscreen><\/iframe><\/div><p>Befolgen Sie einfach die nachstehenden Anweisungen, um das Plugin einzuf\u00fcgen. <\/p> <ol><li><b>Starten Sie unsere kostenlose Demo und beginnen Sie mit der Arbeit mit Ihrer benutzerdefinierten App. <\/b><br> Suchen Sie das ausgew\u00e4hlte Layout und die ausgew\u00e4hlten Aspekte der App und wenden Sie alle Korrekturen an. <\/li> <li><b>Holen Sie sich den pers\u00f6nlichen Code, der in der speziellen Form auf Elfsight Apps angezeigt wird. <\/b><br> Wenn die Generierung Ihrer App abgeschlossen ist, kopieren Sie Ihren Code aus dem angezeigten Fenster und speichern Sie ihn f\u00fcr einen sp\u00e4teren Anlass. <\/li> <li><b>Initiieren Sie den Einsatz der App auf Ihrer Weebly-Website. <\/b><br> Implementieren Sie den zuvor kopierten Code auf Ihrer Website und \u00fcbernehmen Sie die \u00c4nderungen. <\/li> <li><b>Die Installation wurde erfolgreich beendet. <\/b><br> \u00d6ffnen Sie Ihre Webseite, um in Aktion zu sehen, wie die App funktioniert. <\/li><\/ol><p>Wenn Sie Fragen haben oder auf Hindernisse sto\u00dfen, wenden Sie sich bitte an unser Support-Team. Unsere Mitarbeiter helfen Ihnen gerne bei allen Fragen, die Sie zum Widget haben. <\/p> <div class=\"faq\" data-component=\"FAQ\"><div class=\"faq-item\">\r\n\t\t\t\t\t<div class=\"faq-item-question\">\r\n\t\t\t\t\t\t<h3 class=\"faq-item-question-text\">Wie f\u00fcge ich den Zahlenz\u00e4hler zu einer Weebly-Seite hinzu?<\/h3>\r\n\r\n\t\t\t\t\t\t<div class=\"faq-item-question-icon\"><\/div>\r\n\t\t\t\t\t<\/div>\r\n\r\n\t\t\t\t\t<div class=\"faq-item-answer\">\r\n\t\t\t\t\t\t<div class=\"faq-item-answer-text\"><p>Das Hinzuf\u00fcgen zur Website dauert einige Sekunden. Dar\u00fcber hinaus sind keine Kenntnisse in Webprogrammierung erforderlich. <\/p><ol><li>Passen Sie das Weebly-Widget im kostenlosen Live-Konfigurator an. <\/li> <li>Holen Sie sich Ihren pers\u00f6nlichen Installationscode. <\/li> <li>F\u00fcgen Sie den Code an der erforderlichen Stelle im Site-Backend ein. <\/li> <li>Fantastische Arbeit! Die Einrichtung des Zahlenz\u00e4hler-Plugins auf Weebly ist abgeschlossen! <\/li><\/ol><p>Haben Sie Probleme beim Einf\u00fcgen des Plugins in Weebly oder beim Einstellen Ihres Zahlenz\u00e4hlers? Sie k\u00f6nnen die vollst\u00e4ndige Anleitung sehen <a href=\"https:\/\/elfsight.com\/tutorials\/how-to-add-number-counter-to-website\/#how-to-add-number-counter-to-weebly\">auf dieser Seite<\/a>. <\/p><\/div>\r\n\t\t\t\t\t<\/div>\r\n\t\t\t\t<\/div><div class=\"faq-item\">\r\n\t\t\t\t\t<div class=\"faq-item-question\">\r\n\t\t\t\t\t\t<h3 class=\"faq-item-question-text\">Kann ich sehen, wie das Widget auf meiner Website aussehen wird?<\/h3>\r\n\r\n\t\t\t\t\t\t<div class=\"faq-item-question-icon\"><\/div>\r\n\t\t\t\t\t<\/div>\r\n\r\n\t\t\t\t\t<div class=\"faq-item-answer\">\r\n\t\t\t\t\t\t<div class=\"faq-item-answer-text\"><p>Ja, das k\u00f6nnen Sie! Wenn Sie das Weebly-Zahlenz\u00e4hler-Plugin im <a href=\"https:\/\/elfsight.com\/number-counter-widget\/#demo\">Online-Builder<\/a> entwickeln, sehen Sie rechts alle Konfigurationen. Der Z\u00e4hler sieht genauso aus wie auf einer Weebly-Website. <\/p><\/div>\r\n\t\t\t\t\t<\/div>\r\n\t\t\t\t<\/div><div class=\"faq-item\">\r\n\t\t\t\t\t<div class=\"faq-item-question\">\r\n\t\t\t\t\t\t<h3 class=\"faq-item-question-text\">Welche anderen Widgets sind ein Muss f\u00fcr eine Weebly-Website?<\/h3>\r\n\r\n\t\t\t\t\t\t<div class=\"faq-item-question-icon\"><\/div>\r\n\t\t\t\t\t<\/div>\r\n\r\n\t\t\t\t\t<div class=\"faq-item-answer\">\r\n\t\t\t\t\t\t<div class=\"faq-item-answer-text\"><p>Mit dem Weebly-Website-Builder kann jeder Websites, Blogs, Online-Shops usw. erstellen andere Art einer Website. Mit Elfsight-Widgets k\u00f6nnen Sie die Funktionalit\u00e4t einer Website mithilfe vorgefertigter L\u00f6sungen namens Widgets erweitern.<\/p><p><a href=\"https:\/\/elfsight.com\/qr-code-widget\/weebly\/\">QR-Code<\/a> vereinfacht die Inhaltsnutzung f\u00fcr Website-Besucher, <a href=\"https:\/\/elfsight.com\/youtube-channel-plugin-yottie\/weebly\/\">YouTube-Galerie<\/a> ruft Videos von YouTube ab Ihre Website, <a href=\"https:\/\/elfsight.com\/google-reviews-widget\/weebly\/\">Google Reviews<\/a> zeigt Erfahrungsberichte und Bewertungen Ihres Unternehmens auf der Weebly-Website. Mit <a href=\"https:\/\/elfsight.com\/pdf-embed-widget\/weebly\/\">PDF Embed<\/a> k\u00f6nnen beliebige PDF-Dateien \u00fcbersichtlich und verst\u00e4ndlich dargestellt werden. Schlie\u00dflich ist das <a href=\"https:\/\/elfsight.com\/search-widget\/weebly\/\">Such-Widget<\/a> gro\u00dfartig, um die Navigation auf Ihrer Website erheblich zu vereinfachen.<\/p><\/div>\r\n\t\t\t\t\t<\/div>\r\n\t\t\t\t<\/div> <\/div><\/div>\n","protected":false},"excerpt":{"rendered":"","protected":false},"author":9,"featured_media":0,"parent":2012,"menu_order":0,"comment_status":"closed","ping_status":"closed","template":"templates\/template-application-platform.php","meta":{"publish_to_discourse":"","publish_post_category":"","wpdc_auto_publish_overridden":"","wpdc_topic_tags":"","wpdc_pin_topic":"","wpdc_pin_until":"","discourse_post_id":"","discourse_permalink":"","wpdc_publishing_response":"","wpdc_publishing_error":"","footnotes":""},"class_list":["post-20828","page","type-page","status-publish","hentry"],"yoast_head":"<!-- This site is optimized with the Yoast SEO plugin v25.3.1 - https:\/\/yoast.com\/wordpress\/plugins\/seo\/ -->\n<title>Elfsight-Nummernz\u00e4hler f\u00fcr Weebly-Websites (kostenlos und einfach)<\/title>\n<meta name=\"description\" content=\"Verwenden Sie einen Zahlenz\u00e4hler auf Ihrer Weebly-Webseite und nutzen Sie unsere Live-Demo. Erstellen Sie Ihre individuelle App mit nur wenigen Klicks und ohne Aufwand!\" \/>\n<meta name=\"robots\" content=\"index, follow, max-snippet:-1, max-image-preview:large, max-video-preview:-1\" \/>\n<link rel=\"canonical\" href=\"https:\/\/elfsight.com\/de\/number-counter-widget\/weebly\/\" \/>\n<meta property=\"og:locale\" content=\"de_DE\" \/>\n<meta property=\"og:type\" content=\"article\" \/>\n<meta property=\"og:title\" content=\"Elfsight-Nummernz\u00e4hler f\u00fcr Weebly-Websites (kostenlos und einfach)\" \/>\n<meta property=\"og:description\" content=\"Verwenden Sie einen Zahlenz\u00e4hler auf Ihrer Weebly-Webseite und nutzen Sie unsere Live-Demo. Erstellen Sie Ihre individuelle App mit nur wenigen Klicks und ohne Aufwand!\" \/>\n<meta property=\"og:url\" content=\"https:\/\/elfsight.com\/de\/number-counter-widget\/weebly\/\" \/>\n<meta property=\"og:site_name\" content=\"Elfsight DE\" \/>\n<meta property=\"article:modified_time\" content=\"2025-02-21T12:47:07+00:00\" \/>\n<meta name=\"twitter:card\" content=\"summary_large_image\" \/>\n<meta name=\"twitter:label1\" content=\"Gesch\u00e4tzte Lesezeit\" \/>\n\t<meta name=\"twitter:data1\" content=\"4\u00a0Minuten\" \/>\n<!-- \/ Yoast SEO plugin. -->","yoast_head_json":{"title":"Elfsight-Nummernz\u00e4hler f\u00fcr Weebly-Websites (kostenlos und einfach)","description":"Verwenden Sie einen Zahlenz\u00e4hler auf Ihrer Weebly-Webseite und nutzen Sie unsere Live-Demo. Erstellen Sie Ihre individuelle App mit nur wenigen Klicks und ohne Aufwand!","robots":{"index":"index","follow":"follow","max-snippet":"max-snippet:-1","max-image-preview":"max-image-preview:large","max-video-preview":"max-video-preview:-1"},"canonical":"https:\/\/elfsight.com\/de\/number-counter-widget\/weebly\/","og_locale":"de_DE","og_type":"article","og_title":"Elfsight-Nummernz\u00e4hler f\u00fcr Weebly-Websites (kostenlos und einfach)","og_description":"Verwenden Sie einen Zahlenz\u00e4hler auf Ihrer Weebly-Webseite und nutzen Sie unsere Live-Demo. Erstellen Sie Ihre individuelle App mit nur wenigen Klicks und ohne Aufwand!","og_url":"https:\/\/elfsight.com\/de\/number-counter-widget\/weebly\/","og_site_name":"Elfsight DE","article_modified_time":"2025-02-21T12:47:07+00:00","twitter_card":"summary_large_image","twitter_misc":{"Gesch\u00e4tzte Lesezeit":"4\u00a0Minuten"},"schema":{"@context":"https:\/\/schema.org","@graph":[{"@type":"WebPage","@id":"https:\/\/elfsight.com\/de\/number-counter-widget\/weebly\/","url":"https:\/\/elfsight.com\/de\/number-counter-widget\/weebly\/","name":"Elfsight-Nummernz\u00e4hler f\u00fcr Weebly-Websites (kostenlos und einfach)","isPartOf":{"@id":"https:\/\/elfsight.com\/de\/#website"},"datePublished":"2024-05-03T06:41:16+00:00","dateModified":"2025-02-21T12:47:07+00:00","description":"Verwenden Sie einen Zahlenz\u00e4hler auf Ihrer Weebly-Webseite und nutzen Sie unsere Live-Demo. Erstellen Sie Ihre individuelle App mit nur wenigen Klicks und ohne Aufwand!","breadcrumb":{"@id":"https:\/\/elfsight.com\/de\/number-counter-widget\/weebly\/#breadcrumb"},"inLanguage":"de","potentialAction":[{"@type":"ReadAction","target":["https:\/\/elfsight.com\/de\/number-counter-widget\/weebly\/"]}]},{"@type":"BreadcrumbList","@id":"https:\/\/elfsight.com\/de\/number-counter-widget\/weebly\/#breadcrumb","itemListElement":[{"@type":"ListItem","position":1,"name":"Home","item":"https:\/\/elfsight.com\/de\/"},{"@type":"ListItem","position":2,"name":"Number Counter","item":"https:\/\/elfsight.com\/de\/number-counter-widget\/"},{"@type":"ListItem","position":3,"name":"Number Counter &#8211; Weebly"}]},{"@type":"WebSite","@id":"https:\/\/elfsight.com\/de\/#website","url":"https:\/\/elfsight.com\/de\/","name":"Elfsight DE","description":"Just another Elfsight Sites site","potentialAction":[{"@type":"SearchAction","target":{"@type":"EntryPoint","urlTemplate":"https:\/\/elfsight.com\/de\/?s={search_term_string}"},"query-input":{"@type":"PropertyValueSpecification","valueRequired":true,"valueName":"search_term_string"}}],"inLanguage":"de"}]}},"meta_box":{"industry":"","seo_heading":"","heading":"","description":"","cta_heading":"","cta_description":"","application":"513","h1":"Weebly Number Counter-App","h1_caption":"Pr\u00e4sentieren Sie wichtige Statistiken und Meilensteine \u200b\u200bmit animierten Z\u00e4hlern, um Ihre Erfolge m\u00fchelos auf ansprechende Weise auf Ihrer Weebly-Website hervorzuheben.","application_category":[],"applications_title":"","applications_request_title":"","applications_request_button_text":"","hero_text":"","hero_video":"","hero_video_schema_markup":"","selling_points_title":"","selling_points_caption":"","selling_points":[],"selling_points_cta_text":"","features_title":"","features":"","ed_cta_examples_text":"","ed_cta_examples_hidden":"","ed_cta_demo_text":"","ed_cta_demo_hidden":"","why_caption":"","why_editor_title":"","why_editor_text":"","why_team_title":"","why_team_text":"","why_service_title":"","why_service_text":"","template_catalog_visible":"0","template_catalog_title":"","template_catalog_text":"","template_catalog_categories_visible":"","demo_title":"Erstellen Sie Ihre Number Counter-App","demo_caption":"Konfigurieren Sie Ihren Zahlenz\u00e4hler und f\u00fcgen Sie ihn kostenlos zu Ihrer Weebly-Website hinzu!","default_faq_hidden":"","app_template_category":[],"platform":"249","template_public_id":"","codecanyon_url":"","codecanyon_item_id":"","codecanyon_price":"","pricing_caption":"","pricing_elfsight_apps_hide_column":"","pricing_elfsight_apps_url":"","pricing_codecanyon_price_caption":"","integration_category":[],"integration_request_title":"","integration_request_cta":"","integration_platform":"","integrations":[],"platform_category":[],"video_schema_markup":"","price":"ab 0 $ \/ Monat","trial":"","benefits":[{"text":"Kostenloser Installationsservice"},{"text":"Professioneller Kundenservice"},{"text":"14-t\u00e4gige R\u00fcckerstattungsgarantie"},{"text":"Laufende Updates"}],"button_url":"#demo","button_target_blank":"0","button_nofollow":"0","attributes":[{"name":"Installiert","content":"10,000 - 100,000"},{"name":"Reaktionsfreudig","content":"Ja"},{"name":"Kompatible Browser","content":"Firefox, Safari, Opera, Chrome, Edge"}],"tags":[],"tags_disable_links":"0","hide_more_platforms":"0","video_object":"","demo_hide_cta":"0","demo_hide_cloud_options":"0","pricing_title":"","pricing":[{"pricing_icon":"platform","pricing_title":"Elfsight Apps","pricing_title_caption":"Plattform\u00fcbergreifende Software, die f\u00fcr jede Website geeignet ist","pricing_price":"ab 0 $ \/ Monat","pricing_price_caption":"Beginnen Sie mit einem kostenlosen Plan","pricing_benefits":[{"text":"Unbegrenzte Websites"},{"text":"Professionelle und p\u00fcnktliche Unterst\u00fctzung und gut dokumentiert"},{"text":"Kostenlose Installationshilfe"},{"text":"100 % anpassbar"}],"pricing_button_text":"Zur Website hinzuf\u00fcgen","pricing_button_url":"#demo"}],"related_apps_title":"","related_apps_hidden":"0","author":"","image":[],"title":"","job":"","social_networks":[]},"_links":{"self":[{"href":"https:\/\/elfsight.com\/de\/wp-json\/wp\/v2\/pages\/20828","targetHints":{"allow":["GET"]}}],"collection":[{"href":"https:\/\/elfsight.com\/de\/wp-json\/wp\/v2\/pages"}],"about":[{"href":"https:\/\/elfsight.com\/de\/wp-json\/wp\/v2\/types\/page"}],"author":[{"embeddable":true,"href":"https:\/\/elfsight.com\/de\/wp-json\/wp\/v2\/users\/9"}],"replies":[{"embeddable":true,"href":"https:\/\/elfsight.com\/de\/wp-json\/wp\/v2\/comments?post=20828"}],"version-history":[{"count":3,"href":"https:\/\/elfsight.com\/de\/wp-json\/wp\/v2\/pages\/20828\/revisions"}],"predecessor-version":[{"id":24724,"href":"https:\/\/elfsight.com\/de\/wp-json\/wp\/v2\/pages\/20828\/revisions\/24724"}],"up":[{"embeddable":true,"href":"https:\/\/elfsight.com\/de\/wp-json\/wp\/v2\/pages\/2012"}],"wp:attachment":[{"href":"https:\/\/elfsight.com\/de\/wp-json\/wp\/v2\/media?parent=20828"}],"curies":[{"name":"wp","href":"https:\/\/api.w.org\/{rel}","templated":true}]}}