{"id":20827,"date":"2024-05-03T06:41:15","date_gmt":"2024-05-03T06:41:15","guid":{"rendered":"https:\/\/elfsight.com\/de\/?page_id=20827"},"modified":"2025-02-21T12:50:18","modified_gmt":"2025-02-21T12:50:18","slug":"wix","status":"publish","type":"page","link":"https:\/\/elfsight.com\/de\/number-counter-widget\/wix\/","title":{"rendered":"Number Counter &#8211; Wix"},"content":{"rendered":"\n<div class=\"application-platform-content-item-description application-platform-content-item\" id=\"description\" data-nav-section=\"description\"> <h2>Beschreibung<\/h2> <p>Der Number Counter ist eine benutzerfreundliche App f\u00fcr Wix mit einer Vielzahl von Funktionen. Es eignet sich hervorragend zum Pr\u00e4sentieren Ihrer bemerkenswerten Unternehmensindizes, der Anzahl der bisher durchgef\u00fchrten Arbeiten und vielem mehr. Das Tool ist \u00e4u\u00dferst flexibel. Es steht Ihnen frei, beliebig viele Z\u00e4hler zu erstellen, diese in Spalten anzuordnen, Symbole aus unserer Bibliothek auszuw\u00e4hlen oder Ihre eigenen hochzuladen, sie mehrfarbig oder monochromatisch zu gestalten, Titel aneinanderzuf\u00fcgen, um Ihren Benutzern erdenkliche Informationen zu liefern, jede Funktion neu einzuf\u00e4rben und das Hintergrundbild auszuw\u00e4hlen , und das ist nicht alles. Beginnen Sie jetzt mit der Entwicklung Ihrer App und beobachten Sie, wie Ihre wichtigen Gesch\u00e4ftsstatistiken schnell wachsen! <\/p> <p><b>Pr\u00e4sentieren Sie Ihren zuk\u00fcnftigen Kunden Ihre brillanten Erfolge. Erhalten Sie mehr erfolgreiche Deals und Leads! <\/b><\/p> <\/div> <div class=\"application-platform-content-item-features application-platform-content-item\" id=\"features\" data-nav-section=\"features\"> <h2>Das Widget bietet leistungsstarke und einfache Funktionen, hier sind einige davon: <\/h2> <ul><li>Beliebig viele Z\u00e4hler. <\/li><li>Unbegrenzte Anzahl an Spalten. <\/li><li>F\u00fcgen Sie Bildunterschriften, \u00dcberschriften, Pr\u00e4fixe und Postfixe hinzu. <\/li><li>Entscheiden Sie sich f\u00fcr die Symbolkategorie \u2013 nehmen Sie sie aus unserer Bibliothek oder laden Sie Ihre individuellen Symbole hoch. <\/li><li>Links anh\u00e4ngen. <\/li><\/ul><p><a href=\"#demo\">In der Demo unten k\u00f6nnen Sie alle Funktionen der App ausprobieren<\/a><\/p><div class=\"faq\" data-component=\"FAQ\"><div class=\"faq-item\">\r\n\t\t\t\t\t<div class=\"faq-item-question\">\r\n\t\t\t\t\t\t<h3 class=\"faq-item-question-text\">Wie f\u00fcge ich das animierte Number Counter-Widget zu Wix hinzu?<\/h3>\r\n\r\n\t\t\t\t\t\t<div class=\"faq-item-question-icon\"><\/div>\r\n\t\t\t\t\t<\/div>\r\n\r\n\t\t\t\t\t<div class=\"faq-item-answer\">\r\n\t\t\t\t\t\t<div class=\"faq-item-answer-text\"><p>Das Hinzuf\u00fcgen zur Website dauert 90 Sekunden. Dar\u00fcber hinaus sind keine Programmierkenntnisse erforderlich. <\/p><ol><li>Passen Sie das Widget f\u00fcr Wix im kostenlosen Konfigurator an und sehen Sie \u00c4nderungen live. <\/li> <li>Holen Sie sich Ihren pers\u00f6nlichen Installationscode. <\/li> <li>Betten Sie den Code an der erforderlichen Stelle im Backend der Wix-Site ein. <\/li> <li>Das ist es! Die Einrichtung des Zahlenz\u00e4hler-Plugins auf Wix ist abgeschlossen! <\/li><\/ol><p>Haben Sie Probleme beim Einf\u00fcgen des Plugins in Wix oder beim Formatieren des Zahlenz\u00e4hlers? Sie k\u00f6nnen die vollst\u00e4ndige Anleitung entdecken <a href=\"https:\/\/elfsight.com\/tutorials\/how-to-add-number-counter-to-website\/#how-to-add-number-counter-to-wix\">auf dieser Seite<\/a>. <\/p><\/div>\r\n\t\t\t\t\t<\/div>\r\n\t\t\t\t<\/div><div class=\"faq-item\">\r\n\t\t\t\t\t<div class=\"faq-item-question\">\r\n\t\t\t\t\t\t<h3 class=\"faq-item-question-text\">Habe ich die M\u00f6glichkeit zu sehen, wie das Widget auf einer Website aussehen wird?<\/h3>\r\n\r\n\t\t\t\t\t\t<div class=\"faq-item-question-icon\"><\/div>\r\n\t\t\t\t\t<\/div>\r\n\r\n\t\t\t\t\t<div class=\"faq-item-answer\">\r\n\t\t\t\t\t\t<div class=\"faq-item-answer-text\"><p>Auf jeden Fall! Wenn Sie das Nummernz\u00e4hler-Widget von Wix im <a href=\"https:\/\/elfsight.com\/number-counter-widget\/#demo\">kostenlosen Online-Builder<\/a> erstellen, werden Sie alle \u00c4nderungen auf der rechten Seite ber\u00fccksichtigen ein Teil davon. Der Z\u00e4hler sieht genauso aus, wie Sie ihn auf einer Website von Wix hinzuf\u00fcgen. <\/p><\/div>\r\n\t\t\t\t\t<\/div>\r\n\t\t\t\t<\/div><div class=\"faq-item\">\r\n\t\t\t\t\t<div class=\"faq-item-question\">\r\n\t\t\t\t\t\t<h3 class=\"faq-item-question-text\">Welche weiteren Widgets sind f\u00fcr eine Website von Wix erforderlich?<\/h3>\r\n\r\n\t\t\t\t\t\t<div class=\"faq-item-question-icon\"><\/div>\r\n\t\t\t\t\t<\/div>\r\n\r\n\t\t\t\t\t<div class=\"faq-item-answer\">\r\n\t\t\t\t\t\t<div class=\"faq-item-answer-text\"><p>Wix erm\u00f6glicht es Ihnen, so viele Widgets hinzuzuf\u00fcgen, wie Sie m\u00f6chten. Wenn Sie jedoch einfachere Instrumente f\u00fcr eine Website ben\u00f6tigen, finden Sie auf Elfsight alles, was Sie brauchen.<\/p><p>Zum Beispiel gibt es ein <a href=\"https:\/\/elfsight.com\/pdf-embed-widget\/wix\/\">PDF-Einbettungs-Widget<\/a> gut f\u00fcr Anweisungen und offizielle Dokumente, <a href=\"https:\/\/elfsight.com\/instagram-feed-instashow\/wix\/\">Instagram-Feed<\/a> \u2013 f\u00fcr wundersch\u00f6ne Fotogalerien von Instagram direkt auf Ihrer Website, <a href=\"https:\/\/elfsight.com\/google-reviews-widget\/wix\/\">Google Reviews<\/a> \u2013 f\u00fcr Erfahrungsberichte von Google. <a href=\"https:\/\/elfsight.com\/whatsapp-chat-widget\/wix\/\">WhatsApp Chat<\/a> erleichtert die Kommunikation mit Kunden \u00fcber den beliebtesten Messenger und den <a href=\"https:\/\/elfsight.com\/popup-widget\/wix\/\">Popup-Widget<\/a> kann zum Platzieren wichtiger Benachrichtigungen und Nachrichten auf Webseiten verwendet werden.<\/p><\/div>\r\n\t\t\t\t\t<\/div>\r\n\t\t\t\t<\/div><\/div> <\/div> <div class=\"application-platform-content-item-installation application-platform-content-item\" id=\"installation\" data-nav-section=\"installation\"> <h2>Wie f\u00fcge ich Number Counter zu meiner Wix-Webseite hinzu? <\/h2> <div class=\"video-container\"><iframe width=\"560\" height=\"315\" src=\"https:\/\/www.youtube.com\/embed\/h7BmNnfQ16U?si=vlFW_s2DDpqHa9IA\" frameborder=\"0\" allow=\"accelerometer; autoplay; clipboard-write; encrypted-media; gyroscope; picture-in-picture; web-share\" allowfullscreen><\/iframe><\/div><p>Befolgen Sie einfach die nachstehenden Anweisungen, um mit der Nutzung der App zu beginnen. <\/p> <ol><li><b>Nutzen Sie unsere kostenlose Demo und beginnen Sie mit der Erstellung Ihrer ma\u00dfgeschneiderten App. <\/b><br> W\u00e4hlen Sie die bevorzugte Benutzeroberfl\u00e4che und Aspekte des Tools aus und speichern Sie die \u00c4nderungen. <\/li> <li><b>Kopieren Sie Ihren individuellen Code, der im Fenster von Elfsight Apps angezeigt wird. <\/b><br> Kopieren Sie unmittelbar nach der Einrichtung Ihres pers\u00f6nlichen Tools den individuellen Code in das angezeigte Feld und bewahren Sie ihn f\u00fcr zuk\u00fcnftige Gelegenheiten auf. <\/li> <li><b>Beginnen Sie mit der Verwendung des Plugins auf der Wix-Webseite. <\/b><br> Platzieren Sie den zuvor kopierten Code auf Ihrer Website und \u00fcbernehmen Sie die Anpassungen. <\/li> <li><b>Du bist fertig! Das Setup wurde erfolgreich beendet. <\/b><br> Gehen Sie zu Ihrer Website, um die Leistung des Widgets anzuzeigen. <\/li><\/ol> <p>Wenn Sie mit Fragen konfrontiert werden oder auf Hindernisse sto\u00dfen, k\u00f6nnen Sie sich gerne an unsere Support-Mitarbeiter wenden. Unsere Mitarbeiter sind bestrebt, alle Fragen zu beantworten, die Sie m\u00f6glicherweise zu dem Produkt haben. <\/p> <\/div>\n","protected":false},"excerpt":{"rendered":"","protected":false},"author":9,"featured_media":0,"parent":2012,"menu_order":0,"comment_status":"closed","ping_status":"closed","template":"templates\/template-application-platform.php","meta":{"publish_to_discourse":"","publish_post_category":"","wpdc_auto_publish_overridden":"","wpdc_topic_tags":"","wpdc_pin_topic":"","wpdc_pin_until":"","discourse_post_id":"","discourse_permalink":"","wpdc_publishing_response":"","wpdc_publishing_error":"","footnotes":""},"class_list":["post-20827","page","type-page","status-publish","hentry"],"yoast_head":"<!-- This site is optimized with the Yoast SEO plugin v25.3.1 - https:\/\/yoast.com\/wordpress\/plugins\/seo\/ -->\n<title>Number Counter \u2013 Counter-Plugin zu Wix hinzuf\u00fcgen (kostenlos und schnell)<\/title>\n<meta name=\"description\" content=\"F\u00fcgen Sie mithilfe unserer praktischen Demo einen animierten Zahlenz\u00e4hler in Ihre Wix-Webseite ein. Erstellen Sie Ihre einzigartige App mit nur wenigen Klicks und ganz ohne Aufwand!\" \/>\n<meta name=\"robots\" content=\"index, follow, max-snippet:-1, max-image-preview:large, max-video-preview:-1\" \/>\n<link rel=\"canonical\" href=\"https:\/\/elfsight.com\/de\/number-counter-widget\/wix\/\" \/>\n<meta property=\"og:locale\" content=\"de_DE\" \/>\n<meta property=\"og:type\" content=\"article\" \/>\n<meta property=\"og:title\" content=\"Number Counter \u2013 Counter-Plugin zu Wix hinzuf\u00fcgen (kostenlos und schnell)\" \/>\n<meta property=\"og:description\" content=\"F\u00fcgen Sie mithilfe unserer praktischen Demo einen animierten Zahlenz\u00e4hler in Ihre Wix-Webseite ein. Erstellen Sie Ihre einzigartige App mit nur wenigen Klicks und ganz ohne Aufwand!\" \/>\n<meta property=\"og:url\" content=\"https:\/\/elfsight.com\/de\/number-counter-widget\/wix\/\" \/>\n<meta property=\"og:site_name\" content=\"Elfsight DE\" \/>\n<meta property=\"article:modified_time\" content=\"2025-02-21T12:50:18+00:00\" \/>\n<meta name=\"twitter:card\" content=\"summary_large_image\" \/>\n<meta name=\"twitter:label1\" content=\"Gesch\u00e4tzte Lesezeit\" \/>\n\t<meta name=\"twitter:data1\" content=\"4\u00a0Minuten\" \/>\n<!-- \/ Yoast SEO plugin. -->","yoast_head_json":{"title":"Number Counter \u2013 Counter-Plugin zu Wix hinzuf\u00fcgen (kostenlos und schnell)","description":"F\u00fcgen Sie mithilfe unserer praktischen Demo einen animierten Zahlenz\u00e4hler in Ihre Wix-Webseite ein. Erstellen Sie Ihre einzigartige App mit nur wenigen Klicks und ganz ohne Aufwand!","robots":{"index":"index","follow":"follow","max-snippet":"max-snippet:-1","max-image-preview":"max-image-preview:large","max-video-preview":"max-video-preview:-1"},"canonical":"https:\/\/elfsight.com\/de\/number-counter-widget\/wix\/","og_locale":"de_DE","og_type":"article","og_title":"Number Counter \u2013 Counter-Plugin zu Wix hinzuf\u00fcgen (kostenlos und schnell)","og_description":"F\u00fcgen Sie mithilfe unserer praktischen Demo einen animierten Zahlenz\u00e4hler in Ihre Wix-Webseite ein. Erstellen Sie Ihre einzigartige App mit nur wenigen Klicks und ganz ohne Aufwand!","og_url":"https:\/\/elfsight.com\/de\/number-counter-widget\/wix\/","og_site_name":"Elfsight DE","article_modified_time":"2025-02-21T12:50:18+00:00","twitter_card":"summary_large_image","twitter_misc":{"Gesch\u00e4tzte Lesezeit":"4\u00a0Minuten"},"schema":{"@context":"https:\/\/schema.org","@graph":[{"@type":"WebPage","@id":"https:\/\/elfsight.com\/de\/number-counter-widget\/wix\/","url":"https:\/\/elfsight.com\/de\/number-counter-widget\/wix\/","name":"Number Counter \u2013 Counter-Plugin zu Wix hinzuf\u00fcgen (kostenlos und schnell)","isPartOf":{"@id":"https:\/\/elfsight.com\/de\/#website"},"datePublished":"2024-05-03T06:41:15+00:00","dateModified":"2025-02-21T12:50:18+00:00","description":"F\u00fcgen Sie mithilfe unserer praktischen Demo einen animierten Zahlenz\u00e4hler in Ihre Wix-Webseite ein. Erstellen Sie Ihre einzigartige App mit nur wenigen Klicks und ganz ohne Aufwand!","breadcrumb":{"@id":"https:\/\/elfsight.com\/de\/number-counter-widget\/wix\/#breadcrumb"},"inLanguage":"de","potentialAction":[{"@type":"ReadAction","target":["https:\/\/elfsight.com\/de\/number-counter-widget\/wix\/"]}]},{"@type":"BreadcrumbList","@id":"https:\/\/elfsight.com\/de\/number-counter-widget\/wix\/#breadcrumb","itemListElement":[{"@type":"ListItem","position":1,"name":"Home","item":"https:\/\/elfsight.com\/de\/"},{"@type":"ListItem","position":2,"name":"Number Counter","item":"https:\/\/elfsight.com\/de\/number-counter-widget\/"},{"@type":"ListItem","position":3,"name":"Number Counter &#8211; Wix"}]},{"@type":"WebSite","@id":"https:\/\/elfsight.com\/de\/#website","url":"https:\/\/elfsight.com\/de\/","name":"Elfsight DE","description":"Just another Elfsight Sites site","potentialAction":[{"@type":"SearchAction","target":{"@type":"EntryPoint","urlTemplate":"https:\/\/elfsight.com\/de\/?s={search_term_string}"},"query-input":{"@type":"PropertyValueSpecification","valueRequired":true,"valueName":"search_term_string"}}],"inLanguage":"de"}]}},"meta_box":{"industry":"","seo_heading":"","heading":"","description":"","cta_heading":"","cta_description":"","application":"513","h1":"Wix Number Counter-App","h1_caption":"Pr\u00e4sentieren Sie wichtige Statistiken und Meilensteine \u200b\u200bmit animierten Z\u00e4hlern, um Ihre Erfolge m\u00fchelos auf ansprechende Weise auf Ihrer Wix-Website hervorzuheben.","application_category":[],"applications_title":"","applications_request_title":"","applications_request_button_text":"","hero_text":"","hero_video":"","hero_video_schema_markup":"","selling_points_title":"","selling_points_caption":"","selling_points":[],"selling_points_cta_text":"","features_title":"","features":"","ed_cta_examples_text":"","ed_cta_examples_hidden":"","ed_cta_demo_text":"","ed_cta_demo_hidden":"","why_caption":"","why_editor_title":"","why_editor_text":"","why_team_title":"","why_team_text":"","why_service_title":"","why_service_text":"","template_catalog_visible":"0","template_catalog_title":"","template_catalog_text":"","template_catalog_categories_visible":"","demo_title":"Erstellen Sie Ihre Number Counter-App","demo_caption":"Konfigurieren Sie Ihren Zahlenz\u00e4hler und f\u00fcgen Sie ihn kostenlos zu Ihrer Wix-Website hinzu!","default_faq_hidden":"","app_template_category":[],"platform":"265","template_public_id":"","codecanyon_url":"","codecanyon_item_id":"","codecanyon_price":"","pricing_caption":"","pricing_elfsight_apps_hide_column":"","pricing_elfsight_apps_url":"","pricing_codecanyon_price_caption":"","integration_category":[],"integration_request_title":"","integration_request_cta":"","integration_platform":"","integrations":[],"platform_category":[],"video_schema_markup":"","price":"ab 0 $ \/ Monat","trial":"","benefits":[{"text":"Kostenloser Installationsservice"},{"text":"Premium-Support"},{"text":"14-t\u00e4gige R\u00fcckerstattungsgarantie"},{"text":"Laufende Verbesserungen"}],"button_url":"#demo","button_target_blank":"0","button_nofollow":"0","attributes":[{"name":"Installiert","content":"10,000 - 100,000"},{"name":"Reaktionsfreudig","content":"Ja"},{"name":"Kompatible Browser","content":"Safari, Firefox, Chrome, Edge, Opera"}],"tags":[],"tags_disable_links":"0","hide_more_platforms":"0","video_object":"","demo_hide_cta":"0","demo_hide_cloud_options":"0","pricing_title":"","pricing":[{"pricing_icon":"platform","pricing_title":"Elfsight Apps","pricing_title_caption":"Plattform\u00fcbergreifende Software","pricing_price":"ab 0 $ \/ Monat","pricing_price_caption":"Beginnen Sie mit einem kostenlosen Plan","pricing_benefits":[{"text":"Unbegrenzte Domains"},{"text":"Schnelle Unterst\u00fctzung"},{"text":"Kostenlose Installationsunterst\u00fctzung"},{"text":"Sonderangebot f\u00fcr mehrere Apps"}],"pricing_button_text":"Zur Website hinzuf\u00fcgen","pricing_button_url":"#demo"}],"related_apps_title":"","related_apps_hidden":"0","author":"","image":[],"title":"","job":"","social_networks":[]},"_links":{"self":[{"href":"https:\/\/elfsight.com\/de\/wp-json\/wp\/v2\/pages\/20827","targetHints":{"allow":["GET"]}}],"collection":[{"href":"https:\/\/elfsight.com\/de\/wp-json\/wp\/v2\/pages"}],"about":[{"href":"https:\/\/elfsight.com\/de\/wp-json\/wp\/v2\/types\/page"}],"author":[{"embeddable":true,"href":"https:\/\/elfsight.com\/de\/wp-json\/wp\/v2\/users\/9"}],"replies":[{"embeddable":true,"href":"https:\/\/elfsight.com\/de\/wp-json\/wp\/v2\/comments?post=20827"}],"version-history":[{"count":3,"href":"https:\/\/elfsight.com\/de\/wp-json\/wp\/v2\/pages\/20827\/revisions"}],"predecessor-version":[{"id":24726,"href":"https:\/\/elfsight.com\/de\/wp-json\/wp\/v2\/pages\/20827\/revisions\/24726"}],"up":[{"embeddable":true,"href":"https:\/\/elfsight.com\/de\/wp-json\/wp\/v2\/pages\/2012"}],"wp:attachment":[{"href":"https:\/\/elfsight.com\/de\/wp-json\/wp\/v2\/media?parent=20827"}],"curies":[{"name":"wp","href":"https:\/\/api.w.org\/{rel}","templated":true}]}}