{"id":20826,"date":"2024-05-03T06:41:14","date_gmt":"2024-05-03T06:41:14","guid":{"rendered":"https:\/\/elfsight.com\/de\/?page_id=20826"},"modified":"2025-02-21T12:52:10","modified_gmt":"2025-02-21T12:52:10","slug":"wordpress","status":"publish","type":"page","link":"https:\/\/elfsight.com\/de\/number-counter-widget\/wordpress\/","title":{"rendered":"Number Counter &#8211; WordPress"},"content":{"rendered":"\n<div class=\"application-platform-content-item-description application-platform-content-item\" id=\"description\" data-nav-section=\"description\"> <h2>Einbetten von Number Counter in WordPress mit dem Elfsight-Widget<\/h2> <p>Elfsight Number Counter ist ein benutzerfreundliches Plugin f\u00fcr WordPress mit einem breites Spektrum an M\u00f6glichkeiten. Es ist eine gro\u00dfartige Funktion, um Ihre beeindruckenden Gesch\u00e4ftsindizes, die Anzahl der bisher durchgef\u00fchrten Arbeiten und vieles mehr zu pr\u00e4sentieren. Das Plugin ist \u00e4u\u00dferst flexibel. Es steht Ihnen frei, eine beliebige Anzahl von Z\u00e4hlern zu erstellen, sie in Spalten zu organisieren, Symbole aus unserer Sammlung auszuw\u00e4hlen oder Ihre eigenen hochzuladen, sie mehrfarbig oder einfarbig zu gestalten, Beschriftungen anzuf\u00fcgen, um die Zahlen, die Sie demonstrieren, zu verdeutlichen, jede Funktion neu einzuf\u00e4rben, das auszuw\u00e4hlen Hintergrundbild, und das ist noch nicht alles. Beginnen Sie jetzt mit dem Aufbau Ihres Z\u00e4hlers und beobachten Sie, wie Ihre wichtigsten Gesch\u00e4ftsstatistiken schnell wachsen! <\/p> <p><b>Pr\u00e4sentieren Sie Ihren zuk\u00fcnftigen Kunden Ihre brillanten Leistungen. Erhalten Sie mehr erfolgreiche Deals und Leads! <\/b><\/p><div class=\"faq\" data-component=\"FAQ\"><div class=\"faq-item\">\r\n\t\t\t\t\t<div class=\"faq-item-question\">\r\n\t\t\t\t\t\t<h3 class=\"faq-item-question-text\">Wie f\u00fcge ich den Zahlenz\u00e4hler zu einer WordPress-Seite hinzu?<\/h3>\r\n\r\n\t\t\t\t\t\t<div class=\"faq-item-question-icon\"><\/div>\r\n\t\t\t\t\t<\/div>\r\n\r\n\t\t\t\t\t<div class=\"faq-item-answer\">\r\n\t\t\t\t\t\t<div class=\"faq-item-answer-text\"><p>Die Installation dauert nur wenige Sekunden. Au\u00dferdem m\u00fcssen Sie keine Kenntnisse in Webprogrammierung haben. <\/p><ol><li>\u00c4ndern Sie das WordPress-Widget im kostenlosen Live-Konfigurator. <\/li> <li>Holen Sie sich Ihren individuellen Installationscode. <\/li> <li>F\u00fcgen Sie den Code an der erforderlichen Stelle im Website-Backend ein. <\/li> <li>Gute Arbeit! Die Installation des Zahlenz\u00e4hler-Plugins auf WordPress ist abgeschlossen! <\/li><\/ol><p>Haben Sie Probleme beim Einf\u00fcgen des Plugins in WordPress oder beim Einstellen des Zahlenz\u00e4hlers? Die ausf\u00fchrliche Anleitung finden Sie <a href=\"https:\/\/elfsight.com\/tutorials\/how-to-add-number-counter-to-website\/#how-to-add-number-counter-to-wordpress\">auf dieser Seite<\/a>.<\/p><\/div>\r\n\t\t\t\t\t<\/div>\r\n\t\t\t\t<\/div><div class=\"faq-item\">\r\n\t\t\t\t\t<div class=\"faq-item-question\">\r\n\t\t\t\t\t\t<h3 class=\"faq-item-question-text\">Habe ich die M\u00f6glichkeit zu sehen, wie das Widget auf meiner Website aussehen wird?<\/h3>\r\n\r\n\t\t\t\t\t\t<div class=\"faq-item-question-icon\"><\/div>\r\n\t\t\t\t\t<\/div>\r\n\r\n\t\t\t\t\t<div class=\"faq-item-answer\">\r\n\t\t\t\t\t\t<div class=\"faq-item-answer-text\"><p>Ja, du kannst! W\u00e4hrend der Erstellung des WordPress-Zahlenz\u00e4hlers im <a href=\"https:\/\/elfsight.com\/number-counter-widget\/#demo\">Live-Plugin-Builder<\/a> werden Ihnen alle Konfigurationen angezeigt Rechts. Der Z\u00e4hler sieht genauso aus wie auf einer WordPress-Site. <\/p><\/div>\r\n\t\t\t\t\t<\/div>\r\n\t\t\t\t<\/div><div class=\"faq-item\">\r\n\t\t\t\t\t<div class=\"faq-item-question\">\r\n\t\t\t\t\t\t<h3 class=\"faq-item-question-text\">Welche anderen Widgets sind f\u00fcr eine WordPress-Website erforderlich?<\/h3>\r\n\r\n\t\t\t\t\t\t<div class=\"faq-item-question-icon\"><\/div>\r\n\t\t\t\t\t<\/div>\r\n\r\n\t\t\t\t\t<div class=\"faq-item-answer\">\r\n\t\t\t\t\t\t<div class=\"faq-item-answer-text\"><p>WordPress bietet unz\u00e4hlige Tools f\u00fcr jede Art von Website. Sie k\u00f6nnen jedoch jederzeit Elfsight-Plugins verwenden, da Sie diese nie programmieren m\u00fcssen und sie die Funktionalit\u00e4t Ihres E-Shops um ein Vielfaches erh\u00f6hen.<\/p><p><\/p>Wenn Sie beispielsweise <a href=\"https:\/\/elfsight.com\/whatsapp-chat-widget\/wordpress\/\">WhatsApp<\/a> oder <a href=\"https:\/\/elfsight.com\/facebook-chat-widget\/wordpress\/\">Facebook-Chat<\/a> zu den Webseiten verbessern Sie die Kommunikation und den Kundensupport, wenn Sie <a href=\"https:\/\/elfsight.com\/google-reviews-widget\/wordpress\/\">Google-Bewertungen und <a href=\"https:\/\/elfsight.com\/testimonials-slider-widget\/wordpress\/\">Testimonials Slider<\/a> pr\u00e4sentieren Sie eine tolle Bewertung Ihres gro\u00dfartigen Unternehmens. <a href=\"https:\/\/elfsight.com\/youtube-channel-plugin-yottie\/wordpress\/\">YouTube Gallery<\/a> erm\u00f6glicht die Anzeige von Lehr-, Werbe- und Erkl\u00e4rvideos aus einem der beliebtesten Videos Hostings.<p><\/p><\/div>\r\n\t\t\t\t\t<\/div>\r\n\t\t\t\t<\/div><\/div> <\/div> <div class=\"application-platform-content-item-features application-platform-content-item\" id=\"features\" data-nav-section=\"features\"> <h2>Wir bieten praktische und einfache Funktionen, hier sind einige davon: <\/h2> <ul><li>Beliebige Anzahl von Z\u00e4hlern. <\/li><li>Unbegrenzte Anzahl an Spalten. <\/li><li>F\u00fcgen Sie Bildunterschriften, \u00dcberschriften, Pr\u00e4fixe und Postfixe hinzu. <\/li><li>W\u00e4hlen Sie den Symboltyp \u2013 nehmen Sie ihn aus unserer Sammlung oder laden Sie Ihre ma\u00dfgeschneiderten Symbole hoch. <\/li><li>Adjoin-Links. <\/li><\/ul><p><a href=\"#demo\">Probieren Sie einfach diese Demo aus, um zu sehen, was das Widget wert ist<\/a><\/p> <\/div> <div class=\"application-platform-content-item-installation  application-platform-content-item\" id=\"installation \" data-nav-section=\"installation \"> <h2>Wie kann ich Number Counter zu meiner WordPress-Website hinzuf\u00fcgen? <\/h2><div class=\"video-container\"><iframe width=\"560\" height=\"315\" src=\"https:\/\/www.youtube.com\/embed\/VbAcbSFFN60?si=aiZsjHyL-v1sHit0\" frameborder=\"0\" allow=\"accelerometer; autoplay; clipboard-write; encrypted-media; gyroscope; picture-in-picture; web-share\" allowfullscreen><\/iframe><\/div><p>Erf\u00fcllen Sie einfach die folgenden Richtlinien, um mit der Arbeit mit dem Tool zu beginnen. <\/p> <ol><li><b>Nutzen Sie unsere kostenlose Demo und beginnen Sie mit der Gestaltung Ihres einzigartigen Plugins. <\/b><br> Finden Sie die bevorzugte Form und Spezifikationen des Plugins und \u00fcbernehmen Sie alle \u00c4nderungen. <\/li> <li><b>Erhalten Sie den einzigartigen Code, der in der Box auf Elfsight Apps angezeigt wird. <\/b><br> Nachdem die Konfiguration Ihres pers\u00f6nlichen Plugins abgeschlossen ist, kopieren Sie den exklusiven Code aus dem angezeigten Popup und bewahren Sie ihn f\u00fcr zuk\u00fcnftige Gelegenheiten auf. <\/li> <li><b>Erste Schritte mit der Verwendung des Plugins auf einer WordPress-Webseite. <\/b><br> Platzieren Sie den zuvor kopierten Code auf Ihrer Website und \u00fcbernehmen Sie die Korrekturen. <\/li> <li><b>Die Installation wurde erfolgreich abgeschlossen. <\/b><br> \u00d6ffnen Sie Ihre Website, um einen Blick auf die Arbeit des Plugins zu werfen. <\/li><\/ol><p>Wenn Sie auf Hindernisse sto\u00dfen, scheuen Sie sich nicht, sich an unser Kundendienstteam zu wenden. Unsere Berater beantworten gerne alle Fragen, die Sie zum Tool haben. <\/p> <\/div>\n\n\n\n<p><\/p>\n","protected":false},"excerpt":{"rendered":"","protected":false},"author":9,"featured_media":0,"parent":2012,"menu_order":0,"comment_status":"closed","ping_status":"closed","template":"templates\/template-application-platform.php","meta":{"publish_to_discourse":"","publish_post_category":"","wpdc_auto_publish_overridden":"","wpdc_topic_tags":"","wpdc_pin_topic":"","wpdc_pin_until":"","discourse_post_id":"","discourse_permalink":"","wpdc_publishing_response":"","wpdc_publishing_error":"","footnotes":""},"class_list":["post-20826","page","type-page","status-publish","hentry"],"yoast_head":"<!-- This site is optimized with the Yoast SEO plugin v25.3.1 - https:\/\/yoast.com\/wordpress\/plugins\/seo\/ -->\n<title>Number Counter \u2013 Z\u00e4hler-Plugin zu WordPress hinzuf\u00fcgen (kostenlos und schnell)<\/title>\n<meta name=\"description\" content=\"Verwenden Sie animierte Zahlenz\u00e4hler auf Ihrer WordPress-Webseite. Erstellen Sie Ihr individuelles Plugin mit nur wenigen Klicks in der Demo und ganz ohne Aufwand!\" \/>\n<meta name=\"robots\" content=\"index, follow, max-snippet:-1, max-image-preview:large, max-video-preview:-1\" \/>\n<link rel=\"canonical\" href=\"https:\/\/elfsight.com\/de\/number-counter-widget\/wordpress\/\" \/>\n<meta property=\"og:locale\" content=\"de_DE\" \/>\n<meta property=\"og:type\" content=\"article\" \/>\n<meta property=\"og:title\" content=\"Number Counter \u2013 Z\u00e4hler-Plugin zu WordPress hinzuf\u00fcgen (kostenlos und schnell)\" \/>\n<meta property=\"og:description\" content=\"Verwenden Sie animierte Zahlenz\u00e4hler auf Ihrer WordPress-Webseite. Erstellen Sie Ihr individuelles Plugin mit nur wenigen Klicks in der Demo und ganz ohne Aufwand!\" \/>\n<meta property=\"og:url\" content=\"https:\/\/elfsight.com\/de\/number-counter-widget\/wordpress\/\" \/>\n<meta property=\"og:site_name\" content=\"Elfsight DE\" \/>\n<meta property=\"article:modified_time\" content=\"2025-02-21T12:52:10+00:00\" \/>\n<meta name=\"twitter:card\" content=\"summary_large_image\" \/>\n<meta name=\"twitter:label1\" content=\"Gesch\u00e4tzte Lesezeit\" \/>\n\t<meta name=\"twitter:data1\" content=\"4\u00a0Minuten\" \/>\n<!-- \/ Yoast SEO plugin. -->","yoast_head_json":{"title":"Number Counter \u2013 Z\u00e4hler-Plugin zu WordPress hinzuf\u00fcgen (kostenlos und schnell)","description":"Verwenden Sie animierte Zahlenz\u00e4hler auf Ihrer WordPress-Webseite. Erstellen Sie Ihr individuelles Plugin mit nur wenigen Klicks in der Demo und ganz ohne Aufwand!","robots":{"index":"index","follow":"follow","max-snippet":"max-snippet:-1","max-image-preview":"max-image-preview:large","max-video-preview":"max-video-preview:-1"},"canonical":"https:\/\/elfsight.com\/de\/number-counter-widget\/wordpress\/","og_locale":"de_DE","og_type":"article","og_title":"Number Counter \u2013 Z\u00e4hler-Plugin zu WordPress hinzuf\u00fcgen (kostenlos und schnell)","og_description":"Verwenden Sie animierte Zahlenz\u00e4hler auf Ihrer WordPress-Webseite. Erstellen Sie Ihr individuelles Plugin mit nur wenigen Klicks in der Demo und ganz ohne Aufwand!","og_url":"https:\/\/elfsight.com\/de\/number-counter-widget\/wordpress\/","og_site_name":"Elfsight DE","article_modified_time":"2025-02-21T12:52:10+00:00","twitter_card":"summary_large_image","twitter_misc":{"Gesch\u00e4tzte Lesezeit":"4\u00a0Minuten"},"schema":{"@context":"https:\/\/schema.org","@graph":[{"@type":"WebPage","@id":"https:\/\/elfsight.com\/de\/number-counter-widget\/wordpress\/","url":"https:\/\/elfsight.com\/de\/number-counter-widget\/wordpress\/","name":"Number Counter \u2013 Z\u00e4hler-Plugin zu WordPress hinzuf\u00fcgen (kostenlos und schnell)","isPartOf":{"@id":"https:\/\/elfsight.com\/de\/#website"},"datePublished":"2024-05-03T06:41:14+00:00","dateModified":"2025-02-21T12:52:10+00:00","description":"Verwenden Sie animierte Zahlenz\u00e4hler auf Ihrer WordPress-Webseite. Erstellen Sie Ihr individuelles Plugin mit nur wenigen Klicks in der Demo und ganz ohne Aufwand!","breadcrumb":{"@id":"https:\/\/elfsight.com\/de\/number-counter-widget\/wordpress\/#breadcrumb"},"inLanguage":"de","potentialAction":[{"@type":"ReadAction","target":["https:\/\/elfsight.com\/de\/number-counter-widget\/wordpress\/"]}]},{"@type":"BreadcrumbList","@id":"https:\/\/elfsight.com\/de\/number-counter-widget\/wordpress\/#breadcrumb","itemListElement":[{"@type":"ListItem","position":1,"name":"Home","item":"https:\/\/elfsight.com\/de\/"},{"@type":"ListItem","position":2,"name":"Number Counter","item":"https:\/\/elfsight.com\/de\/number-counter-widget\/"},{"@type":"ListItem","position":3,"name":"Number Counter &#8211; WordPress"}]},{"@type":"WebSite","@id":"https:\/\/elfsight.com\/de\/#website","url":"https:\/\/elfsight.com\/de\/","name":"Elfsight DE","description":"Just another Elfsight Sites site","potentialAction":[{"@type":"SearchAction","target":{"@type":"EntryPoint","urlTemplate":"https:\/\/elfsight.com\/de\/?s={search_term_string}"},"query-input":{"@type":"PropertyValueSpecification","valueRequired":true,"valueName":"search_term_string"}}],"inLanguage":"de"}]}},"meta_box":{"industry":"","seo_heading":"","heading":"","description":"","cta_heading":"","cta_description":"","application":"513","h1":"WordPress Number Counter-Plugin","h1_caption":"Pr\u00e4sentieren Sie wichtige Statistiken und Meilensteine \u200b\u200bmit animierten Z\u00e4hlern, um Ihre Erfolge m\u00fchelos auf ansprechende Weise auf Ihrer WordPress-Website hervorzuheben.","application_category":[],"applications_title":"","applications_request_title":"","applications_request_button_text":"","hero_text":"","hero_video":"","hero_video_schema_markup":"","selling_points_title":"","selling_points_caption":"","selling_points":[],"selling_points_cta_text":"","features_title":"","features":"","ed_cta_examples_text":"","ed_cta_examples_hidden":"","ed_cta_demo_text":"","ed_cta_demo_hidden":"","why_caption":"","why_editor_title":"","why_editor_text":"","why_team_title":"","why_team_text":"","why_service_title":"","why_service_text":"","template_catalog_visible":"0","template_catalog_title":"","template_catalog_text":"","template_catalog_categories_visible":"","demo_title":"Erstellen Sie Ihr Number Counter-Plugin","demo_caption":"Konfigurieren Sie Ihren Zahlenz\u00e4hler und f\u00fcgen Sie ihn kostenlos zu Ihrer WordPress-Website hinzu!","default_faq_hidden":"","app_template_category":[],"platform":"266","template_public_id":"","codecanyon_url":"","codecanyon_item_id":"","codecanyon_price":"","pricing_caption":"","pricing_elfsight_apps_hide_column":"","pricing_elfsight_apps_url":"","pricing_codecanyon_price_caption":"","integration_category":[],"integration_request_title":"","integration_request_cta":"","integration_platform":"","integrations":[],"platform_category":[],"video_schema_markup":"","price":"ab 0 $ \/ Monat","trial":"","benefits":[{"text":"Kostenloser Installationsservice"},{"text":"Au\u00dfergew\u00f6hnlicher Support"},{"text":"14-t\u00e4gige R\u00fcckerstattungsgarantie"},{"text":"Kontinuierliche Updates"}],"button_url":"#demo","button_target_blank":"0","button_nofollow":"0","attributes":[{"name":"Installiert","content":"10,000 - 100,000"},{"name":"Reaktionsfreudig","content":"Ja"},{"name":"Kompatible Browser","content":"Firefox, Safari, Opera, Chrome, Edge"}],"tags":[],"tags_disable_links":"0","hide_more_platforms":"0","video_object":"","demo_hide_cta":"0","demo_hide_cloud_options":"0","pricing_title":"","pricing":[{"pricing_icon":"platform","pricing_title":"Elfsight Apps","pricing_title_caption":"Plattformunabh\u00e4ngige Software","pricing_price":"ab 0 $ \/ Monat","pricing_price_caption":"Beginnen Sie mit einem kostenlosen Plan","pricing_benefits":[{"text":"Unbegrenzte Websites"},{"text":"Premium-Support"},{"text":"Kostenlose Installationshilfe"},{"text":"Tolles Angebot f\u00fcr mehrere Apps"}],"pricing_button_text":"Zur Website hinzuf\u00fcgen","pricing_button_url":"#demo"}],"related_apps_title":"","related_apps_hidden":"0","author":"","image":[],"title":"","job":"","social_networks":[]},"_links":{"self":[{"href":"https:\/\/elfsight.com\/de\/wp-json\/wp\/v2\/pages\/20826","targetHints":{"allow":["GET"]}}],"collection":[{"href":"https:\/\/elfsight.com\/de\/wp-json\/wp\/v2\/pages"}],"about":[{"href":"https:\/\/elfsight.com\/de\/wp-json\/wp\/v2\/types\/page"}],"author":[{"embeddable":true,"href":"https:\/\/elfsight.com\/de\/wp-json\/wp\/v2\/users\/9"}],"replies":[{"embeddable":true,"href":"https:\/\/elfsight.com\/de\/wp-json\/wp\/v2\/comments?post=20826"}],"version-history":[{"count":3,"href":"https:\/\/elfsight.com\/de\/wp-json\/wp\/v2\/pages\/20826\/revisions"}],"predecessor-version":[{"id":24728,"href":"https:\/\/elfsight.com\/de\/wp-json\/wp\/v2\/pages\/20826\/revisions\/24728"}],"up":[{"embeddable":true,"href":"https:\/\/elfsight.com\/de\/wp-json\/wp\/v2\/pages\/2012"}],"wp:attachment":[{"href":"https:\/\/elfsight.com\/de\/wp-json\/wp\/v2\/media?parent=20826"}],"curies":[{"name":"wp","href":"https:\/\/api.w.org\/{rel}","templated":true}]}}