{"id":20825,"date":"2024-05-03T06:41:13","date_gmt":"2024-05-03T06:41:13","guid":{"rendered":"https:\/\/elfsight.com\/de\/?page_id=20825"},"modified":"2025-07-09T14:06:11","modified_gmt":"2025-07-09T14:06:11","slug":"woocommerce","status":"publish","type":"page","link":"https:\/\/elfsight.com\/de\/number-counter-widget\/woocommerce\/","title":{"rendered":"Number Counter &#8211; WooCommerce"},"content":{"rendered":"<div class=\"application-platform-content-item-description application-platform-content-item\" id=\"description\" data-nav-section=\"description\"> <h2>Beschreibung<\/h2> <p>Der Number Counter ist ein einfach zu verwendendes Plugin f\u00fcr WooCommerce mit einer Vielzahl von Funktionen. Es eignet sich gut, um mit Ihren gro\u00dfartigen Gesch\u00e4ftsergebnissen, der Anzahl der bisher geleisteten Arbeiten und vielem mehr zu prahlen. Das Plugin ist \u00e4u\u00dferst flexibel. Es steht Ihnen frei, eine beliebige Anzahl an Z\u00e4hlern zu konstruieren, sie in Spalten anzuordnen, Symbole aus unserer Bibliothek auszuw\u00e4hlen oder Ihre eigenen hochzuladen, sie bunt oder einfarbig zu gestalten, Titel hinzuzuf\u00fcgen, um die Zahlen, die Sie demonstrieren, zu verdeutlichen, jedes Element neu zu streichen und auszuw\u00e4hlen das Hintergrundbild, und das ist noch nicht einmal die H\u00e4lfte. Beginnen Sie jetzt mit der Erstellung Ihres Features und beobachten Sie, wie Ihre wichtigsten Gesch\u00e4ftsstatistiken schnell wachsen! <\/p> <p><b>Pr\u00e4sentieren Sie Ihren zuk\u00fcnftigen Kunden Ihre beeindruckenden Erfolge. Steigern Sie die Anzahl erfolgreicher Deals und Leads! <\/b><\/p> <\/div> <div class=\"application-platform-content-item-features application-platform-content-item\" id=\"features\" data-nav-section=\"features\"> <h2>Lernen Sie die Liste der n\u00fctzlichsten Funktionen kennen: <\/h2> <ul><li>Eine unbegrenzte Anzahl von Z\u00e4hlern. <\/li><li>Beliebig viele Spalten. <\/li><li>Titel, \u00dcberschriften, Pr\u00e4fixe und Postfixe hinzuf\u00fcgen. <\/li><li>Entscheiden Sie sich f\u00fcr die Symbolkategorie \u2013 nehmen Sie sie aus unserer Bibliothek oder laden Sie Ihre eigene hoch. <\/li><li>Links hinzuf\u00fcgen. <\/li><\/ul><p><a href=\"#demo\">Probieren Sie einfach diese Demo aus, um zu sehen, wie es funktioniert<\/a><\/p> <\/div> <div class=\"application-platform-content-item-installation application-platform-content-item\" id=\"installation\" data-nav-section=\"installation\"> <h2>Wie bette ich Number Counter auf meiner WooCommerce-Site ein? <\/h2> <p>Befolgen Sie einfach die folgenden Richtlinien, um das Plugin einzubetten. <\/p> <ol><li><b>Nutzen Sie unsere kostenlose Demo und beginnen Sie mit der Entwicklung Ihres einzigartigen Instruments. <\/b><br> Bestimmen Sie das individuelle Aussehen und die Spezifikationen des Tools und speichern Sie die Korrekturen. <\/li> <li><b>Erhalten Sie den pers\u00f6nlichen Code, der im speziellen Formular auf Elfsight Apps angezeigt wird. <\/b><br> Wenn die Einrichtung Ihres Plugins abgeschlossen ist, kopieren Sie den exklusiven Code im angezeigten Popup und bewahren Sie ihn f\u00fcr die weitere Verwendung auf. <\/li> <li><b>Beginnen Sie mit der Verwendung des Tools auf Ihrer WooCommerce-Webseite. <\/b><br> Integrieren Sie den Code, den Sie k\u00fcrzlich gespeichert haben, in Ihre Webseite und speichern Sie die \u00c4nderungen. <\/li> <li><b>Die Installation wurde erfolgreich beendet. <\/b><br> Besuchen Sie Ihre Webseite, um zu sehen, wie das Widget funktioniert. <\/li><\/ol> <p>Z\u00f6gern Sie nicht, sich an unser Support-Team zu wenden, wenn Sie mit Anfragen konfrontiert werden oder auf Komplikationen sto\u00dfen. Unsere Berater helfen Ihnen gerne bei allen Schwierigkeiten, die Sie mit dem Plugin haben. <\/p> <div class=\"faq\" data-component=\"FAQ\"><div class=\"faq-item\">\r\n\t\t\t\t\t<div class=\"faq-item-question\">\r\n\t\t\t\t\t\t<h3 class=\"faq-item-question-text\">Gibt es eine M\u00f6glichkeit, Number Counter ohne Programmierkenntnisse zu meiner WooCommerce-Website hinzuzuf\u00fcgen?<\/h3>\r\n\r\n\t\t\t\t\t\t<div class=\"faq-item-question-icon\"><\/div>\r\n\t\t\t\t\t<\/div>\r\n\r\n\t\t\t\t\t<div class=\"faq-item-answer\">\r\n\t\t\t\t\t\t<div class=\"faq-item-answer-text\"> <p>Das Unternehmen Elfsight liefert eine L\u00f6sung, mit der ein breites Publikum selbst ein Number Counter-Widget erstellen kann Entdecken Sie die einfachen Anweisungen: Gehen Sie zur Live-Demo, um ein Number Counter-Plugin zu erstellen, das Sie gerne auf Ihrer WooCommerce-Website sehen w\u00fcrden. W\u00e4hlen Sie eine unserer vorgefertigten Vorlagen aus und \u00e4ndern Sie die Einstellungen des Zahlenz\u00e4hlers, aktualisieren Sie Ihre Inhalte, \u00e4ndern Sie das Layout und die Farbe der Elemente, ohne dass Sie \u00fcber Programmiererfahrung verf\u00fcgen m\u00fcssen. Klicken Sie, um den Number Counter zu speichern und den Installationscode des Widgets zu erhalten, den Sie einfach und kostenlos in Ihre WooCommerce-Homepage einbetten k\u00f6nnen. Mit unserem benutzerfreundlichen Editor kann jeder Internetnutzer den Abschnitt \u201eNummernz\u00e4hler\u201c erstellen und ihn m\u00fchelos zur WooCommerce-Homepage hinzuf\u00fcgen. F\u00fcr den Zugriff auf den Editor ist keine Zahlung oder Eingabe Ihrer Kartendaten erforderlich. Sollten bei irgendeinem Schritt Probleme auftreten, k\u00f6nnen Sie sich gerne an unser Support-Team wenden.<\/p> <\/div>\r\n\t\t\t\t\t<\/div>\r\n\t\t\t\t<\/div> <\/div><\/div>","protected":false},"excerpt":{"rendered":"","protected":false},"author":9,"featured_media":0,"parent":2012,"menu_order":0,"comment_status":"closed","ping_status":"closed","template":"templates\/template-application-platform.php","meta":{"publish_to_discourse":"","publish_post_category":"","wpdc_auto_publish_overridden":"","wpdc_topic_tags":"","wpdc_pin_topic":"","wpdc_pin_until":"","discourse_post_id":"","discourse_permalink":"","wpdc_publishing_response":"","wpdc_publishing_error":"","footnotes":""},"class_list":["post-20825","page","type-page","status-publish","hentry"],"yoast_head":"<!-- This site is optimized with the Yoast SEO plugin v25.3.1 - https:\/\/yoast.com\/wordpress\/plugins\/seo\/ -->\n<title>Number Counter \u2013 Z\u00e4hler-Plugin zu WooCommerce hinzuf\u00fcgen (kostenlos und schnell)<\/title>\n<meta name=\"description\" content=\"F\u00fcgen Sie mithilfe unserer aktiven Demo einen Zahlenz\u00e4hler auf Ihrer WooCommerce-Seite hinzu. Gestalten Sie Ihr ma\u00dfgeschneidertes Plugin mit nur wenigen Klicks!\" \/>\n<meta name=\"robots\" content=\"index, follow, max-snippet:-1, max-image-preview:large, max-video-preview:-1\" \/>\n<link rel=\"canonical\" href=\"https:\/\/elfsight.com\/de\/number-counter-widget\/woocommerce\/\" \/>\n<meta property=\"og:locale\" content=\"de_DE\" \/>\n<meta property=\"og:type\" content=\"article\" \/>\n<meta property=\"og:title\" content=\"Number Counter \u2013 Z\u00e4hler-Plugin zu WooCommerce hinzuf\u00fcgen (kostenlos und schnell)\" \/>\n<meta property=\"og:description\" content=\"F\u00fcgen Sie mithilfe unserer aktiven Demo einen Zahlenz\u00e4hler auf Ihrer WooCommerce-Seite hinzu. Gestalten Sie Ihr ma\u00dfgeschneidertes Plugin mit nur wenigen Klicks!\" \/>\n<meta property=\"og:url\" content=\"https:\/\/elfsight.com\/de\/number-counter-widget\/woocommerce\/\" \/>\n<meta property=\"og:site_name\" content=\"Elfsight DE\" \/>\n<meta property=\"article:modified_time\" content=\"2025-07-09T14:06:11+00:00\" \/>\n<meta name=\"twitter:card\" content=\"summary_large_image\" \/>\n<meta name=\"twitter:label1\" content=\"Gesch\u00e4tzte Lesezeit\" \/>\n\t<meta name=\"twitter:data1\" content=\"3\u00a0Minuten\" \/>\n<!-- \/ Yoast SEO plugin. -->","yoast_head_json":{"title":"Number Counter \u2013 Z\u00e4hler-Plugin zu WooCommerce hinzuf\u00fcgen (kostenlos und schnell)","description":"F\u00fcgen Sie mithilfe unserer aktiven Demo einen Zahlenz\u00e4hler auf Ihrer WooCommerce-Seite hinzu. Gestalten Sie Ihr ma\u00dfgeschneidertes Plugin mit nur wenigen Klicks!","robots":{"index":"index","follow":"follow","max-snippet":"max-snippet:-1","max-image-preview":"max-image-preview:large","max-video-preview":"max-video-preview:-1"},"canonical":"https:\/\/elfsight.com\/de\/number-counter-widget\/woocommerce\/","og_locale":"de_DE","og_type":"article","og_title":"Number Counter \u2013 Z\u00e4hler-Plugin zu WooCommerce hinzuf\u00fcgen (kostenlos und schnell)","og_description":"F\u00fcgen Sie mithilfe unserer aktiven Demo einen Zahlenz\u00e4hler auf Ihrer WooCommerce-Seite hinzu. Gestalten Sie Ihr ma\u00dfgeschneidertes Plugin mit nur wenigen Klicks!","og_url":"https:\/\/elfsight.com\/de\/number-counter-widget\/woocommerce\/","og_site_name":"Elfsight DE","article_modified_time":"2025-07-09T14:06:11+00:00","twitter_card":"summary_large_image","twitter_misc":{"Gesch\u00e4tzte Lesezeit":"3\u00a0Minuten"},"schema":{"@context":"https:\/\/schema.org","@graph":[{"@type":"WebPage","@id":"https:\/\/elfsight.com\/de\/number-counter-widget\/woocommerce\/","url":"https:\/\/elfsight.com\/de\/number-counter-widget\/woocommerce\/","name":"Number Counter \u2013 Z\u00e4hler-Plugin zu WooCommerce hinzuf\u00fcgen (kostenlos und schnell)","isPartOf":{"@id":"https:\/\/elfsight.com\/de\/#website"},"datePublished":"2024-05-03T06:41:13+00:00","dateModified":"2025-07-09T14:06:11+00:00","description":"F\u00fcgen Sie mithilfe unserer aktiven Demo einen Zahlenz\u00e4hler auf Ihrer WooCommerce-Seite hinzu. Gestalten Sie Ihr ma\u00dfgeschneidertes Plugin mit nur wenigen Klicks!","breadcrumb":{"@id":"https:\/\/elfsight.com\/de\/number-counter-widget\/woocommerce\/#breadcrumb"},"inLanguage":"de","potentialAction":[{"@type":"ReadAction","target":["https:\/\/elfsight.com\/de\/number-counter-widget\/woocommerce\/"]}]},{"@type":"BreadcrumbList","@id":"https:\/\/elfsight.com\/de\/number-counter-widget\/woocommerce\/#breadcrumb","itemListElement":[{"@type":"ListItem","position":1,"name":"Home","item":"https:\/\/elfsight.com\/de\/"},{"@type":"ListItem","position":2,"name":"Number Counter","item":"https:\/\/elfsight.com\/de\/number-counter-widget\/"},{"@type":"ListItem","position":3,"name":"Number Counter &#8211; WooCommerce"}]},{"@type":"WebSite","@id":"https:\/\/elfsight.com\/de\/#website","url":"https:\/\/elfsight.com\/de\/","name":"Elfsight DE","description":"Just another Elfsight Sites site","potentialAction":[{"@type":"SearchAction","target":{"@type":"EntryPoint","urlTemplate":"https:\/\/elfsight.com\/de\/?s={search_term_string}"},"query-input":{"@type":"PropertyValueSpecification","valueRequired":true,"valueName":"search_term_string"}}],"inLanguage":"de"}]}},"meta_box":{"industry":"","seo_heading":"","heading":"","description":"","cta_heading":"","cta_description":"","application":"513","h1":"WooCommerce Number Counter-Plugin","h1_caption":"Pr\u00e4sentieren Sie wichtige Statistiken und Meilensteine \u200b\u200bmit animierten Z\u00e4hlern, um Ihre Erfolge m\u00fchelos auf ansprechende Weise auf Ihrer WooCommerce-Website hervorzuheben.","application_category":[],"applications_title":"","applications_request_title":"","applications_request_button_text":"","hero_text":"","hero_video":"","hero_video_schema_markup":"","selling_points_title":"","selling_points_caption":"","selling_points":[],"selling_points_cta_text":"","features_title":"","features":"","ed_cta_examples_text":"","ed_cta_examples_hidden":"","ed_cta_demo_text":"","ed_cta_demo_hidden":"","why_caption":"","why_editor_title":"","why_editor_text":"","why_team_title":"","why_team_text":"","why_service_title":"","why_service_text":"","template_catalog_visible":"","template_catalog_title":"","template_catalog_text":"","template_catalog_categories_visible":"","demo_title":"Erstellen Sie Ihre Number Counter-App","demo_caption":"Konfigurieren Sie Ihren Zahlenz\u00e4hler und f\u00fcgen Sie ihn kostenlos zu Ihrer WooCommerce-Website hinzu!","default_faq_hidden":"","app_template_category":[],"platform":"200","template_public_id":"","codecanyon_url":"","codecanyon_item_id":"","codecanyon_price":"","pricing_caption":"","pricing_elfsight_apps_hide_column":"","pricing_elfsight_apps_url":"","pricing_codecanyon_price_caption":"","integration_category":[],"integration_request_title":"","integration_request_cta":"","integration_platform":"","integrations":[],"platform_category":[],"video_schema_markup":"","price":"ab 0 $ \/ Monat","trial":"","benefits":[{"text":"Kostenloser Installationsservice"},{"text":"Erfahrener Kundensupport"},{"text":"14-t\u00e4gige Geld-zur\u00fcck-Garantie"},{"text":"Zuk\u00fcnftige kostenlose Updates"}],"button_url":"#demo","button_target_blank":"","button_nofollow":"","attributes":[{"name":"Installiert","content":"10,000 - 100,000"},{"name":"Reaktionsfreudig","content":"Ja"},{"name":"Kompatible Browser","content":"Firefox, Safari, Opera, Chrome, Edge"}],"tags":[],"tags_disable_links":"","hide_more_platforms":"","video_object":"","demo_hide_cta":"","demo_hide_cloud_options":"","pricing_title":"","pricing":[{"pricing_icon":"platform","pricing_title":"Elfsight Apps","pricing_title_caption":"Plattform\u00fcbergreifende Software, die f\u00fcr jede Website geeignet ist","pricing_price":"ab 0 $ \/ Monat","pricing_price_caption":"Beginnen Sie mit einem kostenlosen Plan","pricing_benefits":[{"text":"Unbegrenzte Domains"},{"text":"Schneller und p\u00fcnktlicher Support und gut dokumentiert"},{"text":"Kostenloser Installationsservice"},{"text":"Flexibles Design"}],"pricing_button_text":"Zur Website hinzuf\u00fcgen","pricing_button_url":"#demo"}],"related_apps_title":"","related_apps_hidden":"","author":"","image":[],"title":"","job":"","social_networks":[]},"_links":{"self":[{"href":"https:\/\/elfsight.com\/de\/wp-json\/wp\/v2\/pages\/20825","targetHints":{"allow":["GET"]}}],"collection":[{"href":"https:\/\/elfsight.com\/de\/wp-json\/wp\/v2\/pages"}],"about":[{"href":"https:\/\/elfsight.com\/de\/wp-json\/wp\/v2\/types\/page"}],"author":[{"embeddable":true,"href":"https:\/\/elfsight.com\/de\/wp-json\/wp\/v2\/users\/9"}],"replies":[{"embeddable":true,"href":"https:\/\/elfsight.com\/de\/wp-json\/wp\/v2\/comments?post=20825"}],"version-history":[{"count":1,"href":"https:\/\/elfsight.com\/de\/wp-json\/wp\/v2\/pages\/20825\/revisions"}],"predecessor-version":[{"id":20829,"href":"https:\/\/elfsight.com\/de\/wp-json\/wp\/v2\/pages\/20825\/revisions\/20829"}],"up":[{"embeddable":true,"href":"https:\/\/elfsight.com\/de\/wp-json\/wp\/v2\/pages\/2012"}],"wp:attachment":[{"href":"https:\/\/elfsight.com\/de\/wp-json\/wp\/v2\/media?parent=20825"}],"curies":[{"name":"wp","href":"https:\/\/api.w.org\/{rel}","templated":true}]}}