{"id":20820,"date":"2024-05-03T06:41:12","date_gmt":"2024-05-03T06:41:12","guid":{"rendered":"https:\/\/elfsight.com\/de\/?page_id=20820"},"modified":"2025-02-21T12:27:38","modified_gmt":"2025-02-21T12:27:38","slug":"google-sites","status":"publish","type":"page","link":"https:\/\/elfsight.com\/de\/number-counter-widget\/google-sites\/","title":{"rendered":"Number Counter &#8211; Google Sites"},"content":{"rendered":"\n<div class=\"application-platform-content-item-description application-platform-content-item\" id=\"description\" data-nav-section=\"description\"> <h2>Einbetten von Number Counter auf Google Sites mit dem Elfsight-Widget<\/h2> <p>Elfsight Number Counter f\u00fcr Google Sites ist ein \u00fcberschaubares Plugin mit vielen Auswahl an Funktionen. Es eignet sich gut zur Pr\u00e4sentation Ihrer gro\u00dfartigen Gesch\u00e4ftszahlen, der Menge der geleisteten Arbeit und vielem mehr. Das Widget ist \u00e4u\u00dferst anpassbar. F\u00fchlen Sie sich frei, eine beliebige Anzahl an Z\u00e4hlern hinzuzuf\u00fcgen, sie in Spalten zusammenzustellen, Symbole aus unserer Bibliothek auszuw\u00e4hlen oder Ihre eigenen hochzuladen, sie farbenfroh oder einfarbig zu gestalten, Beschriftungen anzuf\u00fcgen, um die Zahlen, die Sie pr\u00e4sentieren, zu verdeutlichen, jede Funktion neu zu zeichnen, auszuw\u00e4hlen Hintergrundbild, und das ist noch nicht alles. Beginnen Sie jetzt mit der Erstellung Ihres Plugins und sehen Sie, wie Ihre wichtigsten Gesch\u00e4ftsstatistiken schnell wachsen! <\/p> <p><b>Pr\u00e4sentieren Sie Ihren potenziellen Kunden Ihre gro\u00dfartigen Erfolge. Erhalten Sie erfolgreichere Verk\u00e4ufe und Leads! <\/b><\/p> <\/div> <div class=\"application-platform-content-item-features application-platform-content-item\" id=\"features\" data-nav-section=\"features\"> <h2>Das Widget verf\u00fcgt \u00fcber leistungsstarke und unkomplizierte Funktionen, sehen Sie sich einige davon an: <\/h2> <ul><li>Eine unbegrenzte Anzahl von Z\u00e4hler. <\/li><li>Unbegrenzte Anzahl von Spalten. <\/li><li>F\u00fcgen Sie Titel, \u00dcberschriften, Pr\u00e4fixe und Postfixe hinzu. <\/li><li>Entscheiden Sie sich f\u00fcr das Symbolformat \u2013 nehmen Sie es aus unserer Bibliothek oder laden Sie Ihr eigenes hoch. <\/li><li>Links anh\u00e4ngen. <\/li><\/ul><p><a href=\"#demo\">Probieren Sie alle Anpassungsoptionen in einer voll funktionsf\u00e4higen Demo aus<\/a><\/p> <\/div> <div class=\"application-platform-content-item-installation application-platform-content-item\" id=\"installation\" data-nav-section=\"installation\"> <h2>Wie bette ich Number Counter in meine Google Sites-Webseite ein? <\/h2><div class=\"video-container\"><iframe width=\"560\" height=\"315\" src=\"https:\/\/www.youtube.com\/embed\/I7FaUiI4T0o?si=rBU7b1YoZvftfuUI\" frameborder=\"0\" allow=\"accelerometer; autoplay; clipboard-write; encrypted-media; gyroscope; picture-in-picture; web-share\" allowfullscreen><\/iframe><\/div><p>Befolgen Sie einfach die folgenden Richtlinien, um mit der Arbeit mit dem Tool zu beginnen. <\/p> <ol><li><b>F\u00fchren Sie unseren kostenlosen Editor aus und beginnen Sie mit der Erstellung Ihres ma\u00dfgeschneiderten Instruments. <\/b><br> Finden Sie die bevorzugte Benutzeroberfl\u00e4che und Aspekte des Tools und speichern Sie die \u00c4nderungen. <\/li> <li><b>Erhalten Sie den individuellen Code, der in der Witwe von Elfsight Apps angezeigt wird. <\/b><br> Sobald die Erstellung Ihres Tools abgeschlossen ist, kopieren Sie den exklusiven Code aus der entstandenen Box und bewahren Sie ihn f\u00fcr einen sp\u00e4teren Anlass auf. <\/li> <li><b>Erste Schritte mit der Verwendung des Plugins auf Ihrer Google Sites-Startseite. <\/b><br> Platzieren Sie den zuletzt gespeicherten Code auf Ihrer Website und speichern Sie die Anpassungen. <\/li> <li><b>Fertig! Die Einbettung ist vollst\u00e4ndig durchgef\u00fchrt. <\/b><br> Besuchen Sie Ihre Webseite, um zu \u00fcberpr\u00fcfen, wie das Plugin funktioniert. <\/li><\/ol> <div class=\"tip-yellow tip\"><b>Aufgrund der Besonderheiten der Google Sites-Funktion sieht das Widget m\u00f6glicherweise anders aus als die Online-Demo. Wir entschuldigen uns f\u00fcr etwaige Unannehmlichkeiten.<\/b><\/div><p>Wenn Sie Fragen haben oder auf Probleme sto\u00dfen, wenden Sie sich bitte an unser Kundendienstteam. Unsere Spezialisten beantworten gerne alle Fragen, die Sie zum Tool haben. <\/p> <div class=\"faq\" data-component=\"FAQ\"><div class=\"faq-item\">\r\n\t\t\t\t\t<div class=\"faq-item-question\">\r\n\t\t\t\t\t\t<h3 class=\"faq-item-question-text\">Gibt es eine M\u00f6glichkeit, Number Counter ohne Programmierkenntnisse zu meiner Google Sites-Startseite hinzuzuf\u00fcgen?<\/h3>\r\n\r\n\t\t\t\t\t\t<div class=\"faq-item-question-icon\"><\/div>\r\n\t\t\t\t\t<\/div>\r\n\r\n\t\t\t\t\t<div class=\"faq-item-answer\">\r\n\t\t\t\t\t\t<div class=\"faq-item-answer-text\"> <p>Elfsight stellt eine SaaS-L\u00f6sung vor, mit der Benutzer selbst einen Number Counter-Bereich erstellen k\u00f6nnen Die einfache Anleitung: Gehen Sie zur Live-Demo, um ein Zahlenz\u00e4hler-Widget zu erstellen, das auf Ihren Google Sites angezeigt werden soll. W\u00e4hlen Sie eine der vielen vorgefertigten Vorlagen aus und \u00e4ndern Sie die Einstellungen des Zahlenz\u00e4hlers, f\u00fcgen Sie Ihre Inhalte hinzu, \u00e4ndern Sie das Layout und die Farben ohne Programmierkenntnisse. Speichern Sie die von Ihnen vorgenommenen Einstellungen in Number Counter und kopieren Sie den Installationscode, der kostenlos in die Google Sites-Webseite eingebunden werden kann. Mit dem unkomplizierten Konfigurator kann jeder Internetnutzer das Zahlenz\u00e4hler-Widget online erstellen und es einfach zu jeder Google Sites-Startseite hinzuf\u00fcgen. Sie m\u00fcssen keinen kostenpflichtigen Plan abschlie\u00dfen oder Ihre Kartendaten \u00fcbermitteln, um auf unseren Service zuzugreifen. Wenn Sie bei irgendeinem Schritt auf Probleme sto\u00dfen, z\u00f6gern Sie nicht, sich an unser technisches Support-Team zu wenden.<\/p> <\/div>\r\n\t\t\t\t\t<\/div>\r\n\t\t\t\t<\/div> <\/div><\/div>\n","protected":false},"excerpt":{"rendered":"","protected":false},"author":9,"featured_media":0,"parent":2012,"menu_order":0,"comment_status":"closed","ping_status":"closed","template":"templates\/template-application-platform.php","meta":{"publish_to_discourse":"","publish_post_category":"","wpdc_auto_publish_overridden":"","wpdc_topic_tags":"","wpdc_pin_topic":"","wpdc_pin_until":"","discourse_post_id":"","discourse_permalink":"","wpdc_publishing_response":"","wpdc_publishing_error":"","footnotes":""},"class_list":["post-20820","page","type-page","status-publish","hentry"],"yoast_head":"<!-- This site is optimized with the Yoast SEO plugin v25.3.1 - https:\/\/yoast.com\/wordpress\/plugins\/seo\/ -->\n<title>Zahlenz\u00e4hler \u2013 Z\u00e4hler-Widget zu Google Sites hinzuf\u00fcgen (2025)<\/title>\n<meta name=\"description\" content=\"Integrieren Sie einen Zahlenz\u00e4hler in Ihre Google Sites-Website, indem Sie unsere praktische Demo anwenden. Erstellen Sie Ihr ma\u00dfgeschneidertes Plugin mit nur wenigen Klicks!\" \/>\n<meta name=\"robots\" content=\"index, follow, max-snippet:-1, max-image-preview:large, max-video-preview:-1\" \/>\n<link rel=\"canonical\" href=\"https:\/\/elfsight.com\/de\/number-counter-widget\/google-sites\/\" \/>\n<meta property=\"og:locale\" content=\"de_DE\" \/>\n<meta property=\"og:type\" content=\"article\" \/>\n<meta property=\"og:title\" content=\"Zahlenz\u00e4hler \u2013 Z\u00e4hler-Widget zu Google Sites hinzuf\u00fcgen (2025)\" \/>\n<meta property=\"og:description\" content=\"Integrieren Sie einen Zahlenz\u00e4hler in Ihre Google Sites-Website, indem Sie unsere praktische Demo anwenden. Erstellen Sie Ihr ma\u00dfgeschneidertes Plugin mit nur wenigen Klicks!\" \/>\n<meta property=\"og:url\" content=\"https:\/\/elfsight.com\/de\/number-counter-widget\/google-sites\/\" \/>\n<meta property=\"og:site_name\" content=\"Elfsight DE\" \/>\n<meta property=\"article:modified_time\" content=\"2025-02-21T12:27:38+00:00\" \/>\n<meta name=\"twitter:card\" content=\"summary_large_image\" \/>\n<meta name=\"twitter:label1\" content=\"Gesch\u00e4tzte Lesezeit\" \/>\n\t<meta name=\"twitter:data1\" content=\"4\u00a0Minuten\" \/>\n<!-- \/ Yoast SEO plugin. -->","yoast_head_json":{"title":"Zahlenz\u00e4hler \u2013 Z\u00e4hler-Widget zu Google Sites hinzuf\u00fcgen (2025)","description":"Integrieren Sie einen Zahlenz\u00e4hler in Ihre Google Sites-Website, indem Sie unsere praktische Demo anwenden. Erstellen Sie Ihr ma\u00dfgeschneidertes Plugin mit nur wenigen Klicks!","robots":{"index":"index","follow":"follow","max-snippet":"max-snippet:-1","max-image-preview":"max-image-preview:large","max-video-preview":"max-video-preview:-1"},"canonical":"https:\/\/elfsight.com\/de\/number-counter-widget\/google-sites\/","og_locale":"de_DE","og_type":"article","og_title":"Zahlenz\u00e4hler \u2013 Z\u00e4hler-Widget zu Google Sites hinzuf\u00fcgen (2025)","og_description":"Integrieren Sie einen Zahlenz\u00e4hler in Ihre Google Sites-Website, indem Sie unsere praktische Demo anwenden. Erstellen Sie Ihr ma\u00dfgeschneidertes Plugin mit nur wenigen Klicks!","og_url":"https:\/\/elfsight.com\/de\/number-counter-widget\/google-sites\/","og_site_name":"Elfsight DE","article_modified_time":"2025-02-21T12:27:38+00:00","twitter_card":"summary_large_image","twitter_misc":{"Gesch\u00e4tzte Lesezeit":"4\u00a0Minuten"},"schema":{"@context":"https:\/\/schema.org","@graph":[{"@type":"WebPage","@id":"https:\/\/elfsight.com\/de\/number-counter-widget\/google-sites\/","url":"https:\/\/elfsight.com\/de\/number-counter-widget\/google-sites\/","name":"Zahlenz\u00e4hler \u2013 Z\u00e4hler-Widget zu Google Sites hinzuf\u00fcgen (2025)","isPartOf":{"@id":"https:\/\/elfsight.com\/de\/#website"},"datePublished":"2024-05-03T06:41:12+00:00","dateModified":"2025-02-21T12:27:38+00:00","description":"Integrieren Sie einen Zahlenz\u00e4hler in Ihre Google Sites-Website, indem Sie unsere praktische Demo anwenden. Erstellen Sie Ihr ma\u00dfgeschneidertes Plugin mit nur wenigen Klicks!","breadcrumb":{"@id":"https:\/\/elfsight.com\/de\/number-counter-widget\/google-sites\/#breadcrumb"},"inLanguage":"de","potentialAction":[{"@type":"ReadAction","target":["https:\/\/elfsight.com\/de\/number-counter-widget\/google-sites\/"]}]},{"@type":"BreadcrumbList","@id":"https:\/\/elfsight.com\/de\/number-counter-widget\/google-sites\/#breadcrumb","itemListElement":[{"@type":"ListItem","position":1,"name":"Home","item":"https:\/\/elfsight.com\/de\/"},{"@type":"ListItem","position":2,"name":"Number Counter","item":"https:\/\/elfsight.com\/de\/number-counter-widget\/"},{"@type":"ListItem","position":3,"name":"Number Counter &#8211; Google Sites"}]},{"@type":"WebSite","@id":"https:\/\/elfsight.com\/de\/#website","url":"https:\/\/elfsight.com\/de\/","name":"Elfsight DE","description":"Just another Elfsight Sites site","potentialAction":[{"@type":"SearchAction","target":{"@type":"EntryPoint","urlTemplate":"https:\/\/elfsight.com\/de\/?s={search_term_string}"},"query-input":{"@type":"PropertyValueSpecification","valueRequired":true,"valueName":"search_term_string"}}],"inLanguage":"de"}]}},"meta_box":{"industry":"","seo_heading":"","heading":"","description":"","cta_heading":"","cta_description":"","application":"513","h1":"Google Sites-Nummernz\u00e4hler-Widget","h1_caption":"Pr\u00e4sentieren Sie wichtige Statistiken und Meilensteine \u200b\u200bmit animierten Z\u00e4hlern, um Ihre Erfolge m\u00fchelos auf ansprechende Weise in Ihren Google Sites hervorzuheben.","application_category":[],"applications_title":"","applications_request_title":"","applications_request_button_text":"","hero_text":"","hero_video":"","hero_video_schema_markup":"","selling_points_title":"","selling_points_caption":"","selling_points":[],"selling_points_cta_text":"","features_title":"","features":"","ed_cta_examples_text":"","ed_cta_examples_hidden":"","ed_cta_demo_text":"","ed_cta_demo_hidden":"","why_caption":"","why_editor_title":"","why_editor_text":"","why_team_title":"","why_team_text":"","why_service_title":"","why_service_text":"","template_catalog_visible":"0","template_catalog_title":"","template_catalog_text":"","template_catalog_categories_visible":"","demo_title":"Erstellen Sie Ihr Zahlenz\u00e4hler-Widget","demo_caption":"Konfigurieren Sie Ihren Zahlenz\u00e4hler und f\u00fcgen Sie ihn kostenlos zu Ihrer Google Sites-Website hinzu!","default_faq_hidden":"","app_template_category":[],"platform":"3000","template_public_id":"","codecanyon_url":"","codecanyon_item_id":"","codecanyon_price":"","pricing_caption":"","pricing_elfsight_apps_hide_column":"","pricing_elfsight_apps_url":"","pricing_codecanyon_price_caption":"","integration_category":[],"integration_request_title":"","integration_request_cta":"","integration_platform":"","integrations":[],"platform_category":[],"video_schema_markup":"","price":"ab 0 $ \/ Monat","trial":"","benefits":[{"text":"Kostenlose Installationshilfe"},{"text":"Professioneller Kundenservice"},{"text":"14-t\u00e4gige Geld-zur\u00fcck-Garantie"},{"text":"St\u00e4ndige Aktualisierung"}],"button_url":"#demo","button_target_blank":"0","button_nofollow":"0","attributes":[{"name":"Installiert","content":"10,000 - 100,000"},{"name":"Empf\u00e4nglichkeit","content":"Funktioniert und sieht auf Mobiltelefonen perfekt aus"},{"name":"Kompatible Browser","content":"Edge, Safari, Firefox, Opera, Chrome"}],"tags":[],"tags_disable_links":"0","hide_more_platforms":"0","video_object":"","demo_hide_cta":"0","demo_hide_cloud_options":"0","pricing_title":"","pricing":[{"pricing_icon":"platform","pricing_title":"Elfsight Apps","pricing_title_caption":"Plattformunabh\u00e4ngige digitale L\u00f6sung","pricing_price":"ab 0 $ \/ Monat","pricing_price_caption":"Beginnen Sie mit einem kostenlosen Plan","pricing_benefits":[{"text":"Unbegrenzte Websites"},{"text":"Professionelle Unterst\u00fctzung"},{"text":"Kostenloser Installationssupport"},{"text":"Sonderangebot f\u00fcr mehrere Apps"}],"pricing_button_text":"Zur Website hinzuf\u00fcgen","pricing_button_url":"#demo"}],"related_apps_title":"","related_apps_hidden":"0","author":"","image":[],"title":"","job":"","social_networks":[]},"_links":{"self":[{"href":"https:\/\/elfsight.com\/de\/wp-json\/wp\/v2\/pages\/20820","targetHints":{"allow":["GET"]}}],"collection":[{"href":"https:\/\/elfsight.com\/de\/wp-json\/wp\/v2\/pages"}],"about":[{"href":"https:\/\/elfsight.com\/de\/wp-json\/wp\/v2\/types\/page"}],"author":[{"embeddable":true,"href":"https:\/\/elfsight.com\/de\/wp-json\/wp\/v2\/users\/9"}],"replies":[{"embeddable":true,"href":"https:\/\/elfsight.com\/de\/wp-json\/wp\/v2\/comments?post=20820"}],"version-history":[{"count":3,"href":"https:\/\/elfsight.com\/de\/wp-json\/wp\/v2\/pages\/20820\/revisions"}],"predecessor-version":[{"id":24712,"href":"https:\/\/elfsight.com\/de\/wp-json\/wp\/v2\/pages\/20820\/revisions\/24712"}],"up":[{"embeddable":true,"href":"https:\/\/elfsight.com\/de\/wp-json\/wp\/v2\/pages\/2012"}],"wp:attachment":[{"href":"https:\/\/elfsight.com\/de\/wp-json\/wp\/v2\/media?parent=20820"}],"curies":[{"name":"wp","href":"https:\/\/api.w.org\/{rel}","templated":true}]}}