{"id":20818,"date":"2024-05-03T06:41:10","date_gmt":"2024-05-03T06:41:10","guid":{"rendered":"https:\/\/elfsight.com\/de\/?page_id=20818"},"modified":"2025-07-09T14:05:58","modified_gmt":"2025-07-09T14:05:58","slug":"prestashop","status":"publish","type":"page","link":"https:\/\/elfsight.com\/de\/number-counter-widget\/prestashop\/","title":{"rendered":"Number Counter &#8211; PrestaShop"},"content":{"rendered":"<div class=\"application-platform-content-item-description application-platform-content-item\" id=\"description\" data-nav-section=\"description\"> <h2>Beschreibung<\/h2> <p>Der Number Counter ist ein handliches Instrument mit einer breiten Palette an Funktionen. Es ist ein gro\u00dfartiges Tool, um Ihre hervorragenden Gesch\u00e4ftsergebnisse, den Umfang Ihrer geleisteten Arbeit und vieles mehr zu pr\u00e4sentieren. Das Tool ist \u00e4u\u00dferst anpassbar. Es steht Ihnen frei, eine beliebige Anzahl an Z\u00e4hlern hinzuzuf\u00fcgen, sie in Spalten zu organisieren, Symbole aus unserer Sammlung auszuw\u00e4hlen oder Ihre eigenen hochzuladen, sie bunt oder einfarbig zu gestalten, Beschriftungen hinzuzuf\u00fcgen, um die angezeigten Zahlen zu verdeutlichen, jedes Element neu einzuf\u00e4rben, das auszuw\u00e4hlen Hintergrundbild, und das ist noch nicht einmal die H\u00e4lfte. Beginnen Sie jetzt einfach mit der Gestaltung Ihrer Theke und sehen Sie, wie Ihre wichtigen Gesch\u00e4ftsstatistiken schnell wachsen! <\/p> <p><b>Machen Sie Ihre Website mit Number Counter effektiver f\u00fcr Gesch\u00e4ftsziele<\/b><\/p> <\/div> <div class=\"application-platform-content-item-features application-platform-content-item\" id=\"features\" data-nav-section=\"features\"> <h2>Die wichtigsten Widget-Funktionen bieten <\/h2> <ul><li>Beliebige Anzahl an Z\u00e4hlern<\/li><li>Unbegrenzte Anzahl an Spalten<\/li><li>Titel, \u00dcberschriften, Postfixes und Pr\u00e4fixe anh\u00e4ngen<\/li><li>W\u00e4hlen Sie das Symbol Kategorie \u2013 w\u00e4hlen Sie sie aus unserer Bibliothek aus oder laden Sie Ihre benutzerdefinierten hoch<\/li><li>Links anh\u00e4ngen<\/li><li>Animationsgeschwindigkeit festlegen<\/li><li>Zahlen- und Dezimalformat definieren<\/li><li> W\u00e4hlen Sie den Hintergrundtyp: Transparent, Bild oder Farbe<\/li><li>Machen Sie Ihre Symbole mehr- oder einfarbig<\/li><\/ul><p><a href=\"#demo\">Schauen Sie sich einfach diese Demo an Sehen Sie, was das Widget wert ist<\/a><\/p> <\/div> <div class=\"application-platform-content-item-installation application-platform-content-item\" id=\"installation\" data-nav-section=\"installation\"> <h2>Wie kann ich Number Counter zu meiner PrestaShop-Webseite hinzuf\u00fcgen? <\/h2> <p>Befolgen Sie einfach die folgenden Richtlinien, um mit der Verwendung des Add-ons zu beginnen. <\/p> <ol><li><b>Verwalten Sie unseren kostenlosen Editor und beginnen Sie mit der Erstellung Ihres benutzerdefinierten Widgets. <\/b><br> Bestimmen Sie die ausgew\u00e4hlte Schnittstelle und die Funktionen des Tools und wenden Sie die \u00c4nderungen an. <\/li> <li><b>Erhalten Sie den pers\u00f6nlichen Code, der im Fenster von Elfsight Apps angezeigt wird. <\/b><br> Nachdem die Einrichtung Ihres pers\u00f6nlichen Add-ons abgeschlossen ist, kopieren Sie den einzelnen Code im angezeigten Popup und speichern Sie ihn f\u00fcr den sp\u00e4teren Bedarf. <\/li> <li><b>Beginnen Sie mit der Verwendung des Tools auf Ihrer PrestaShop-Site. <\/b><br> Implementieren Sie den zuvor kopierten Code in Ihre Webseite und speichern Sie die Anpassungen. <\/li> <li><b>Das Setup wurde erfolgreich beendet. <\/b><br> Gehen Sie zu Ihrer Website, um die Leistung des Widgets zu sehen. <\/li><\/ol> <p>Wenn Sie Fragen haben oder auf Komplikationen sto\u00dfen, z\u00f6gern Sie nicht, unser Kundendienstteam zu kontaktieren. Unsere Mitarbeiter helfen Ihnen gerne bei allen Fragen, die Sie zum Widget haben. <\/p> <div class=\"faq\" data-component=\"FAQ\"><div class=\"faq-item\">\r\n\t\t\t\t\t<div class=\"faq-item-question\">\r\n\t\t\t\t\t\t<h3 class=\"faq-item-question-text\">Wie kann ich Number Counter ohne Programmierkenntnisse zu meiner PrestaShop-Site hinzuf\u00fcgen?<\/h3>\r\n\r\n\t\t\t\t\t\t<div class=\"faq-item-question-icon\"><\/div>\r\n\t\t\t\t\t<\/div>\r\n\r\n\t\t\t\t\t<div class=\"faq-item-answer\">\r\n\t\t\t\t\t\t<div class=\"faq-item-answer-text\"> <p>Elfsight bietet eine Cloud-L\u00f6sung, mit der Benutzer selbst eine Number Counter-App erstellen k\u00f6nnen Wie einfach der Prozess ist: Beginnen Sie direkt im Online-Editor mit der Erstellung einer Number Counter-App, die Sie zu PrestaShop hinzuf\u00fcgen m\u00f6chten. W\u00e4hlen Sie eine der vorgefertigten Vorlagen aus und passen Sie die Einstellungen des Zahlenz\u00e4hlers an, \u00e4ndern Sie das Layout und die Farbe der Elemente und aktualisieren Sie Ihre Inhalte \u2013 ganz ohne Programmierkenntnisse. Speichern Sie den Number Counter und kopieren Sie den Installationscode, der m\u00fchelos und kostenlos in jede PrestaShop-Site eingebettet werden kann. Mit unserem intuitiven Editor kann jeder Internetnutzer Number Counter erstellen und zu seiner PrestaShop-Website hinzuf\u00fcgen. F\u00fcr den Zugriff auf den Editor ist es nicht erforderlich, ein kostenpflichtiges Abonnement abzuschlie\u00dfen oder Ihre Kartendaten einzugeben. Wenn Sie auf Probleme jeglicher Art sto\u00dfen, wenden Sie sich bitte an unseren technischen Kundensupport.<\/p> <\/div>\r\n\t\t\t\t\t<\/div>\r\n\t\t\t\t<\/div> <\/div><\/div>","protected":false},"excerpt":{"rendered":"","protected":false},"author":9,"featured_media":0,"parent":2012,"menu_order":0,"comment_status":"closed","ping_status":"closed","template":"templates\/template-application-platform.php","meta":{"publish_to_discourse":"","publish_post_category":"","wpdc_auto_publish_overridden":"","wpdc_topic_tags":"","wpdc_pin_topic":"","wpdc_pin_until":"","discourse_post_id":"","discourse_permalink":"","wpdc_publishing_response":"","wpdc_publishing_error":"","footnotes":""},"class_list":["post-20818","page","type-page","status-publish","hentry"],"yoast_head":"<!-- This site is optimized with the Yoast SEO plugin v25.3.1 - https:\/\/yoast.com\/wordpress\/plugins\/seo\/ -->\n<title>Elfsight-Nummernz\u00e4hler f\u00fcr PrestaShop-Websites (kostenlos und einfach)<\/title>\n<meta name=\"description\" content=\"Integrieren Sie einen Zahlenz\u00e4hler auf Ihrer PrestaShop-Website und nutzen Sie die Live-Demo. Erstellen Sie m\u00fchelos Ihr individuelles Add-on!\" \/>\n<meta name=\"robots\" content=\"index, follow, max-snippet:-1, max-image-preview:large, max-video-preview:-1\" \/>\n<link rel=\"canonical\" href=\"https:\/\/elfsight.com\/de\/number-counter-widget\/prestashop\/\" \/>\n<meta property=\"og:locale\" content=\"de_DE\" \/>\n<meta property=\"og:type\" content=\"article\" \/>\n<meta property=\"og:title\" content=\"Elfsight-Nummernz\u00e4hler f\u00fcr PrestaShop-Websites (kostenlos und einfach)\" \/>\n<meta property=\"og:description\" content=\"Integrieren Sie einen Zahlenz\u00e4hler auf Ihrer PrestaShop-Website und nutzen Sie die Live-Demo. Erstellen Sie m\u00fchelos Ihr individuelles Add-on!\" \/>\n<meta property=\"og:url\" content=\"https:\/\/elfsight.com\/de\/number-counter-widget\/prestashop\/\" \/>\n<meta property=\"og:site_name\" content=\"Elfsight DE\" \/>\n<meta property=\"article:modified_time\" content=\"2025-07-09T14:05:58+00:00\" \/>\n<meta name=\"twitter:card\" content=\"summary_large_image\" \/>\n<meta name=\"twitter:label1\" content=\"Gesch\u00e4tzte Lesezeit\" \/>\n\t<meta name=\"twitter:data1\" content=\"3\u00a0Minuten\" \/>\n<!-- \/ Yoast SEO plugin. -->","yoast_head_json":{"title":"Elfsight-Nummernz\u00e4hler f\u00fcr PrestaShop-Websites (kostenlos und einfach)","description":"Integrieren Sie einen Zahlenz\u00e4hler auf Ihrer PrestaShop-Website und nutzen Sie die Live-Demo. Erstellen Sie m\u00fchelos Ihr individuelles Add-on!","robots":{"index":"index","follow":"follow","max-snippet":"max-snippet:-1","max-image-preview":"max-image-preview:large","max-video-preview":"max-video-preview:-1"},"canonical":"https:\/\/elfsight.com\/de\/number-counter-widget\/prestashop\/","og_locale":"de_DE","og_type":"article","og_title":"Elfsight-Nummernz\u00e4hler f\u00fcr PrestaShop-Websites (kostenlos und einfach)","og_description":"Integrieren Sie einen Zahlenz\u00e4hler auf Ihrer PrestaShop-Website und nutzen Sie die Live-Demo. Erstellen Sie m\u00fchelos Ihr individuelles Add-on!","og_url":"https:\/\/elfsight.com\/de\/number-counter-widget\/prestashop\/","og_site_name":"Elfsight DE","article_modified_time":"2025-07-09T14:05:58+00:00","twitter_card":"summary_large_image","twitter_misc":{"Gesch\u00e4tzte Lesezeit":"3\u00a0Minuten"},"schema":{"@context":"https:\/\/schema.org","@graph":[{"@type":"WebPage","@id":"https:\/\/elfsight.com\/de\/number-counter-widget\/prestashop\/","url":"https:\/\/elfsight.com\/de\/number-counter-widget\/prestashop\/","name":"Elfsight-Nummernz\u00e4hler f\u00fcr PrestaShop-Websites (kostenlos und einfach)","isPartOf":{"@id":"https:\/\/elfsight.com\/de\/#website"},"datePublished":"2024-05-03T06:41:10+00:00","dateModified":"2025-07-09T14:05:58+00:00","description":"Integrieren Sie einen Zahlenz\u00e4hler auf Ihrer PrestaShop-Website und nutzen Sie die Live-Demo. Erstellen Sie m\u00fchelos Ihr individuelles Add-on!","breadcrumb":{"@id":"https:\/\/elfsight.com\/de\/number-counter-widget\/prestashop\/#breadcrumb"},"inLanguage":"de","potentialAction":[{"@type":"ReadAction","target":["https:\/\/elfsight.com\/de\/number-counter-widget\/prestashop\/"]}]},{"@type":"BreadcrumbList","@id":"https:\/\/elfsight.com\/de\/number-counter-widget\/prestashop\/#breadcrumb","itemListElement":[{"@type":"ListItem","position":1,"name":"Home","item":"https:\/\/elfsight.com\/de\/"},{"@type":"ListItem","position":2,"name":"Number Counter","item":"https:\/\/elfsight.com\/de\/number-counter-widget\/"},{"@type":"ListItem","position":3,"name":"Number Counter &#8211; PrestaShop"}]},{"@type":"WebSite","@id":"https:\/\/elfsight.com\/de\/#website","url":"https:\/\/elfsight.com\/de\/","name":"Elfsight DE","description":"Just another Elfsight Sites site","potentialAction":[{"@type":"SearchAction","target":{"@type":"EntryPoint","urlTemplate":"https:\/\/elfsight.com\/de\/?s={search_term_string}"},"query-input":{"@type":"PropertyValueSpecification","valueRequired":true,"valueName":"search_term_string"}}],"inLanguage":"de"}]}},"meta_box":{"industry":"","seo_heading":"","heading":"","description":"","cta_heading":"","cta_description":"","application":"513","h1":"PrestaShop-Nummernz\u00e4hler-Add-on","h1_caption":"Pr\u00e4sentieren Sie wichtige Statistiken und Meilensteine \u200b\u200bmit animierten Z\u00e4hlern, um Ihre Erfolge m\u00fchelos auf ansprechende Weise auf Ihrer Prestashop-Website hervorzuheben.","application_category":[],"applications_title":"","applications_request_title":"","applications_request_button_text":"","hero_text":"","hero_video":"","hero_video_schema_markup":"","selling_points_title":"","selling_points_caption":"","selling_points":[],"selling_points_cta_text":"","features_title":"","features":"","ed_cta_examples_text":"","ed_cta_examples_hidden":"","ed_cta_demo_text":"","ed_cta_demo_hidden":"","why_caption":"","why_editor_title":"","why_editor_text":"","why_team_title":"","why_team_text":"","why_service_title":"","why_service_text":"","template_catalog_visible":"","template_catalog_title":"","template_catalog_text":"","template_catalog_categories_visible":"","demo_title":"Erstellen Sie Ihr Number Counter-Addon","demo_caption":"Konfigurieren Sie Ihren Zahlenz\u00e4hler und f\u00fcgen Sie ihn kostenlos zu Ihrer PrestaShop-Website hinzu!","default_faq_hidden":"","app_template_category":[],"platform":"3811","template_public_id":"","codecanyon_url":"","codecanyon_item_id":"","codecanyon_price":"","pricing_caption":"","pricing_elfsight_apps_hide_column":"","pricing_elfsight_apps_url":"","pricing_codecanyon_price_caption":"","integration_category":[],"integration_request_title":"","integration_request_cta":"","integration_platform":"","integrations":[],"platform_category":[],"video_schema_markup":"","price":"ab 0 $ \/ Monat","trial":"","benefits":[{"text":"Kostenloser Installationsservice"},{"text":"Effektiver Kundenservice"},{"text":"14-t\u00e4gige R\u00fcckerstattungsgarantie"},{"text":"Fortlaufende Entwicklung"}],"button_url":"#demo","button_target_blank":"","button_nofollow":"","attributes":[{"name":"Installiert","content":"10,000 - 100,000"},{"name":"Reaktionsfreudig","content":"Ja"},{"name":"Kompatible Browser","content":"Firefox, Safari, Opera, Chrome, Edge"}],"tags":[],"tags_disable_links":"","hide_more_platforms":"","video_object":"","demo_hide_cta":"","demo_hide_cloud_options":"","pricing_title":"","pricing":[{"pricing_icon":"platform","pricing_title":"Elfsight Apps","pricing_title_caption":"Plattformunabh\u00e4ngige L\u00f6sung, die f\u00fcr jede Website geeignet ist","pricing_price":"ab 0 $ \/ Monat","pricing_price_caption":"Beginnen Sie mit einem kostenlosen Plan","pricing_benefits":[{"text":"Unbegrenzte Websites"},{"text":"Erstklassiger und p\u00fcnktlicher Support"},{"text":"Kostenloser Installationsservice"},{"text":"100 % anpassbar"}],"pricing_button_text":"Zur Website hinzuf\u00fcgen","pricing_button_url":"#demo"}],"related_apps_title":"","related_apps_hidden":"","author":"","image":[],"title":"","job":"","social_networks":[]},"_links":{"self":[{"href":"https:\/\/elfsight.com\/de\/wp-json\/wp\/v2\/pages\/20818","targetHints":{"allow":["GET"]}}],"collection":[{"href":"https:\/\/elfsight.com\/de\/wp-json\/wp\/v2\/pages"}],"about":[{"href":"https:\/\/elfsight.com\/de\/wp-json\/wp\/v2\/types\/page"}],"author":[{"embeddable":true,"href":"https:\/\/elfsight.com\/de\/wp-json\/wp\/v2\/users\/9"}],"replies":[{"embeddable":true,"href":"https:\/\/elfsight.com\/de\/wp-json\/wp\/v2\/comments?post=20818"}],"version-history":[{"count":1,"href":"https:\/\/elfsight.com\/de\/wp-json\/wp\/v2\/pages\/20818\/revisions"}],"predecessor-version":[{"id":20822,"href":"https:\/\/elfsight.com\/de\/wp-json\/wp\/v2\/pages\/20818\/revisions\/20822"}],"up":[{"embeddable":true,"href":"https:\/\/elfsight.com\/de\/wp-json\/wp\/v2\/pages\/2012"}],"wp:attachment":[{"href":"https:\/\/elfsight.com\/de\/wp-json\/wp\/v2\/media?parent=20818"}],"curies":[{"name":"wp","href":"https:\/\/api.w.org\/{rel}","templated":true}]}}