{"id":20812,"date":"2024-05-03T06:41:07","date_gmt":"2024-05-03T06:41:07","guid":{"rendered":"https:\/\/elfsight.com\/de\/?page_id=20812"},"modified":"2025-02-21T11:56:56","modified_gmt":"2025-02-21T11:56:56","slug":"blogger","status":"publish","type":"page","link":"https:\/\/elfsight.com\/de\/logo-showcase-widget\/blogger\/","title":{"rendered":"Logo Showcase &#8211; Blogger"},"content":{"rendered":"\n<div class=\"application-platform-content-item-description application-platform-content-item\" id=\"description\" data-nav-section=\"description\"><h2>Beschreibung<\/h2> <p>Elfsight Logo Showcase ist das beste Tool, um Benutzern die Logos Ihrer Kunden und Promoter oder Ihres Logos anzuzeigen Presseerw\u00e4hnungen auf Ihrer Website. Mit Hilfe dieses Widgets k\u00f6nnen Sie ganz einfach beweisen, dass Ihr Unternehmen ein vertrauensw\u00fcrdiger Partner ist, und eine positive Vision Ihres Unternehmens entwickeln. Mit dem Logo Showcase-Widget k\u00f6nnen Sie beliebig viele Embleme integrieren, sie in einen Schieberegler oder ein Raster einbauen und die Skalierung der Logos \u00e4ndern. Sie k\u00f6nnen eine Bildunterschrift und Links zur Website des Unternehmens anzeigen. Durch unterschiedliche Farben und Schriftarten k\u00f6nnen Sie eine personalisierte Benutzeroberfl\u00e4che erstellen. <\/p><p><b>Steigern Sie das Umsatzniveau und demonstrieren Sie Ihren tadellosen Ruf als Unternehmen mit den Logos Ihrer Partner auf Ihrer Website. <\/b><\/p><\/div> <div class=\"application-platform-content-item-features application-platform-content-item\" id=\"features\" data-nav-section=\"features\"><h2>Funktionen<\/h2> <p>\u00dcberpr\u00fcfen Sie eine Liste aller funktionalen Merkmale von Logo Showcase. Sie k\u00f6nnen sie direkt im Editor anpassen und helfen Ihnen, das Widget speziell f\u00fcr Ihren Anwendungsfall zu konfigurieren. <\/p><ul><li>Die Option, jedes Logo mit einer beliebigen Adresse zu verbinden; <\/li><li>Der umschaltbare Widget-Header enth\u00e4lt Titel und Text mit Formatierungsoptionen. <\/li><li>Call-to-Action-Button kann per Klick zu jeder Seite f\u00fchren; <\/li><li>3 verschiedene Widget-Layouts: Slider, Grid und Karussell; <\/li><li>Eine Funktion zum Anpassen der Logogr\u00f6\u00dfe und der Widget-Breite; <\/li><li>Eine Option zur Auswahl einer beliebigen Hintergrundfarbe oder zum Hinzuf\u00fcgen Ihrer Datei. <\/li><\/ul><p><a href=\"#demo\">Testen Sie alle anderen Funktionen in der Demo<\/a><\/p><\/div> <div class=\"application-platform-content-item-installation application-platform-content-item\" id=\"installation\" data-nav-section=\"installation\"><h2> Wie kann ich Logo Showcase auf Blogger einbetten?<\/h2><div class=\"video-container\"><iframe width=\"560\" height=\"315\" src=\"https:\/\/www.youtube.com\/embed\/zgOIpN5Uv4w?si=ye9RYwvPHKtZ3XDn\" frameborder=\"0\" allow=\"accelerometer; autoplay; clipboard-write; encrypted-media; gyroscope; picture-in-picture; web-share\" allowfullscreen><\/iframe><\/div><p>Um ein Widget hinzuzuf\u00fcgen, f\u00fchren Sie einfach ein paar schnelle Schritte aus<\/p><ul><li><b>Generieren Sie Ihr eigenes Logo-Widget<\/b><br>In unserer kostenlosen Demo richten Sie ein Plugin mit individuellem Design und Funktionalit\u00e4t ein. <\/li> <li><b>Holen Sie sich den pers\u00f6nlichen Code zum Hinzuf\u00fcgen des Plugins<\/b><br>Nachdem Sie Ihr Widget eingerichtet haben, erhalten Sie Ihren Installationscode \u00fcber die erscheinende Benachrichtigung auf Elfsight Apps. Kopieren Sie den Code f\u00fcr die zuk\u00fcnftige Verwendung. <\/li> <li><b>Integrieren Sie das Plugin in Ihre Blogger-Site<\/b><br>Suchen Sie den Bereich, in dem Sie das Plugin platzieren m\u00f6chten, und f\u00fcgen Sie dort den gespeicherten Code ein. Wenden Sie die Ergebnisse an. <\/li> <li><b>Sie haben die Installation erfolgreich durchgef\u00fchrt<\/b><br>Gehen Sie in Ihren Shop, um Ihre Arbeit zu \u00fcberpr\u00fcfen. <\/li><\/ul><p>Wenn Sie Beratung ben\u00f6tigen oder Fragen haben, k\u00f6nnen Sie sich gerne an den Kundenservice wenden. Wir helfen Ihnen gerne bei jeder Anfrage weiter. <\/p><div class=\"faq\" data-component=\"FAQ\"><div class=\"faq-item\">\r\n\t\t\t\t\t<div class=\"faq-item-question\">\r\n\t\t\t\t\t\t<h3 class=\"faq-item-question-text\">Gibt es eine M\u00f6glichkeit, ein Logo Showcase ohne Programmierkenntnisse in meine Blogger-Homepage einzubetten?<\/h3>\r\n\r\n\t\t\t\t\t\t<div class=\"faq-item-question-icon\"><\/div>\r\n\t\t\t\t\t<\/div>\r\n\r\n\t\t\t\t\t<div class=\"faq-item-answer\">\r\n\t\t\t\t\t\t<div class=\"faq-item-answer-text\"> <p>Das Unternehmen Elfsight bietet eine L\u00f6sung, mit der Sie selbst eine Logo Showcase-App einrichten k\u00f6nnen , sehen Sie sich die einfache Anleitung an: Arbeiten Sie direkt im Live-Editor, um ein Logo-Showcase-Widget zu erstellen, das Sie auf der Blogger-Website einbinden m\u00f6chten. Klicken Sie auf eine unserer vorgefertigten Vorlagen und passen Sie die Logo Showcase-Einstellungen an, \u00e4ndern Sie das Layout und das Farbschema und aktualisieren Sie Ihre Inhalte, ohne zu programmieren. Speichern Sie das Logo Showcase und erhalten Sie einen Installationscode, der problemlos in die Blogger-Website eingef\u00fcgt werden kann, ohne einen kostenpflichtigen Plan kaufen zu m\u00fcssen. Mit dem benutzerfreundlichen Editor kann jeder Webbenutzer ein Logo Showcase online erstellen und es einfach in seine Blogger-Homepage einbetten. Um auf unseren Service zuzugreifen, ist es nicht erforderlich, einen kostenpflichtigen Plan abzuschlie\u00dfen oder Ihre Kartendaten einzugeben. Sollten bei irgendeinem Schritt Probleme auftreten, wenden Sie sich bitte an unseren technischen Kundensupport.<\/p> <\/div>\r\n\t\t\t\t\t<\/div>\r\n\t\t\t\t<\/div> <\/div><\/div>\n","protected":false},"excerpt":{"rendered":"","protected":false},"author":9,"featured_media":0,"parent":1982,"menu_order":0,"comment_status":"closed","ping_status":"closed","template":"templates\/template-application-platform.php","meta":{"publish_to_discourse":"","publish_post_category":"","wpdc_auto_publish_overridden":"","wpdc_topic_tags":"","wpdc_pin_topic":"","wpdc_pin_until":"","discourse_post_id":"","discourse_permalink":"","wpdc_publishing_response":"","wpdc_publishing_error":"","footnotes":""},"class_list":["post-20812","page","type-page","status-publish","hentry"],"yoast_head":"<!-- This site is optimized with the Yoast SEO plugin v25.3.1 - https:\/\/yoast.com\/wordpress\/plugins\/seo\/ -->\n<title>Logo-Karussell \u2013 Logo-Karussell-Widget zur Blogger-Website hinzuf\u00fcgen (2025)<\/title>\n<meta name=\"description\" content=\"Es ist ganz einfach, Ihr Logo Showcase-Widget zu erstellen und es auf Ihrer Blogger-Website hinzuzuf\u00fcgen. Der Elfsight-Kundendienst ist kostenlos und schnell.\" \/>\n<meta name=\"robots\" content=\"index, follow, max-snippet:-1, max-image-preview:large, max-video-preview:-1\" \/>\n<link rel=\"canonical\" href=\"https:\/\/elfsight.com\/de\/logo-showcase-widget\/blogger\/\" \/>\n<meta property=\"og:locale\" content=\"de_DE\" \/>\n<meta property=\"og:type\" content=\"article\" \/>\n<meta property=\"og:title\" content=\"Logo-Karussell \u2013 Logo-Karussell-Widget zur Blogger-Website hinzuf\u00fcgen (2025)\" \/>\n<meta property=\"og:description\" content=\"Es ist ganz einfach, Ihr Logo Showcase-Widget zu erstellen und es auf Ihrer Blogger-Website hinzuzuf\u00fcgen. Der Elfsight-Kundendienst ist kostenlos und schnell.\" \/>\n<meta property=\"og:url\" content=\"https:\/\/elfsight.com\/de\/logo-showcase-widget\/blogger\/\" \/>\n<meta property=\"og:site_name\" content=\"Elfsight DE\" \/>\n<meta property=\"article:modified_time\" content=\"2025-02-21T11:56:56+00:00\" \/>\n<meta name=\"twitter:card\" content=\"summary_large_image\" \/>\n<meta name=\"twitter:label1\" content=\"Gesch\u00e4tzte Lesezeit\" \/>\n\t<meta name=\"twitter:data1\" content=\"3\u00a0Minuten\" \/>\n<!-- \/ Yoast SEO plugin. -->","yoast_head_json":{"title":"Logo-Karussell \u2013 Logo-Karussell-Widget zur Blogger-Website hinzuf\u00fcgen (2025)","description":"Es ist ganz einfach, Ihr Logo Showcase-Widget zu erstellen und es auf Ihrer Blogger-Website hinzuzuf\u00fcgen. Der Elfsight-Kundendienst ist kostenlos und schnell.","robots":{"index":"index","follow":"follow","max-snippet":"max-snippet:-1","max-image-preview":"max-image-preview:large","max-video-preview":"max-video-preview:-1"},"canonical":"https:\/\/elfsight.com\/de\/logo-showcase-widget\/blogger\/","og_locale":"de_DE","og_type":"article","og_title":"Logo-Karussell \u2013 Logo-Karussell-Widget zur Blogger-Website hinzuf\u00fcgen (2025)","og_description":"Es ist ganz einfach, Ihr Logo Showcase-Widget zu erstellen und es auf Ihrer Blogger-Website hinzuzuf\u00fcgen. Der Elfsight-Kundendienst ist kostenlos und schnell.","og_url":"https:\/\/elfsight.com\/de\/logo-showcase-widget\/blogger\/","og_site_name":"Elfsight DE","article_modified_time":"2025-02-21T11:56:56+00:00","twitter_card":"summary_large_image","twitter_misc":{"Gesch\u00e4tzte Lesezeit":"3\u00a0Minuten"},"schema":{"@context":"https:\/\/schema.org","@graph":[{"@type":"WebPage","@id":"https:\/\/elfsight.com\/de\/logo-showcase-widget\/blogger\/","url":"https:\/\/elfsight.com\/de\/logo-showcase-widget\/blogger\/","name":"Logo-Karussell \u2013 Logo-Karussell-Widget zur Blogger-Website hinzuf\u00fcgen (2025)","isPartOf":{"@id":"https:\/\/elfsight.com\/de\/#website"},"datePublished":"2024-05-03T06:41:07+00:00","dateModified":"2025-02-21T11:56:56+00:00","description":"Es ist ganz einfach, Ihr Logo Showcase-Widget zu erstellen und es auf Ihrer Blogger-Website hinzuzuf\u00fcgen. Der Elfsight-Kundendienst ist kostenlos und schnell.","breadcrumb":{"@id":"https:\/\/elfsight.com\/de\/logo-showcase-widget\/blogger\/#breadcrumb"},"inLanguage":"de","potentialAction":[{"@type":"ReadAction","target":["https:\/\/elfsight.com\/de\/logo-showcase-widget\/blogger\/"]}]},{"@type":"BreadcrumbList","@id":"https:\/\/elfsight.com\/de\/logo-showcase-widget\/blogger\/#breadcrumb","itemListElement":[{"@type":"ListItem","position":1,"name":"Home","item":"https:\/\/elfsight.com\/de\/"},{"@type":"ListItem","position":2,"name":"Logo Showcase","item":"https:\/\/elfsight.com\/de\/logo-showcase-widget\/"},{"@type":"ListItem","position":3,"name":"Logo Showcase &#8211; Blogger"}]},{"@type":"WebSite","@id":"https:\/\/elfsight.com\/de\/#website","url":"https:\/\/elfsight.com\/de\/","name":"Elfsight DE","description":"Just another Elfsight Sites site","potentialAction":[{"@type":"SearchAction","target":{"@type":"EntryPoint","urlTemplate":"https:\/\/elfsight.com\/de\/?s={search_term_string}"},"query-input":{"@type":"PropertyValueSpecification","valueRequired":true,"valueName":"search_term_string"}}],"inLanguage":"de"}]}},"meta_box":{"industry":"","seo_heading":"","heading":"","description":"","cta_heading":"","cta_description":"","application":"499","h1":"Blogger-Logo-Schaufenster","h1_caption":"Zeigen Sie die Logos Ihrer Partner, Sponsoren oder Kunden an und bauen Sie so m\u00fchelos Glaubw\u00fcrdigkeit und Vertrauen f\u00fcr Ihre Marke auf Ihrer Blogger-Website auf.","application_category":[],"applications_title":"","applications_request_title":"","applications_request_button_text":"","hero_text":"","hero_video":"","hero_video_schema_markup":"","selling_points_title":"","selling_points_caption":"","selling_points":[],"selling_points_cta_text":"","features_title":"","features":"","ed_cta_examples_text":"","ed_cta_examples_hidden":"","ed_cta_demo_text":"","ed_cta_demo_hidden":"","why_caption":"","why_editor_title":"","why_editor_text":"","why_team_title":"","why_team_text":"","why_service_title":"","why_service_text":"","template_catalog_visible":"0","template_catalog_title":"","template_catalog_text":"","template_catalog_categories_visible":"","demo_title":"Erstellen Sie Ihr Logo Showcase-Widget","demo_caption":"Konfigurieren Sie Ihr Logo-Showcase und f\u00fcgen Sie es kostenlos Ihrer Blogger-Website hinzu!","default_faq_hidden":"","app_template_category":[],"platform":"262","template_public_id":"","codecanyon_url":"","codecanyon_item_id":"","codecanyon_price":"","pricing_caption":"","pricing_elfsight_apps_hide_column":"","pricing_elfsight_apps_url":"","pricing_codecanyon_price_caption":"","integration_category":[],"integration_request_title":"","integration_request_cta":"","integration_platform":"","integrations":[],"platform_category":[],"video_schema_markup":"","price":"ab 0 $ \/ Monat","trial":"","benefits":[{"text":"Kostenloser Installationsservice"},{"text":"Premium-Support"},{"text":"14-t\u00e4gige R\u00fcckerstattungsgarantie"},{"text":"Zuk\u00fcnftige kostenlose Updates"}],"button_url":"#demo","button_target_blank":"0","button_nofollow":"0","attributes":[{"name":"Installiert","content":"10,000 - 100,000"},{"name":"Reaktionsfreudig","content":"Ja"},{"name":"Kompatible Browser","content":"Firefox, Safari, Opera, Chrome, Edge"}],"tags":[],"tags_disable_links":"0","hide_more_platforms":"0","video_object":"","demo_hide_cta":"0","demo_hide_cloud_options":"0","pricing_title":"","pricing":[{"pricing_icon":"platform","pricing_title":"Elfsight Apps","pricing_title_caption":"Plattformunabh\u00e4ngige digitale L\u00f6sung, die auf jeder Website funktioniert","pricing_price":"ab 0 $ \/ Monat","pricing_price_caption":"Beginnen Sie mit einem kostenlosen Plan","pricing_benefits":[{"text":"Unbegrenzte Domains"},{"text":"Schneller und p\u00fcnktlicher Support und gut dokumentiert"},{"text":"Kostenloser Installationssupport"},{"text":"Flexibles Design"}],"pricing_button_text":"Zur Website hinzuf\u00fcgen","pricing_button_url":"#demo"}],"related_apps_title":"","related_apps_hidden":"0","author":"","image":[],"title":"","job":"","social_networks":[]},"_links":{"self":[{"href":"https:\/\/elfsight.com\/de\/wp-json\/wp\/v2\/pages\/20812","targetHints":{"allow":["GET"]}}],"collection":[{"href":"https:\/\/elfsight.com\/de\/wp-json\/wp\/v2\/pages"}],"about":[{"href":"https:\/\/elfsight.com\/de\/wp-json\/wp\/v2\/types\/page"}],"author":[{"embeddable":true,"href":"https:\/\/elfsight.com\/de\/wp-json\/wp\/v2\/users\/9"}],"replies":[{"embeddable":true,"href":"https:\/\/elfsight.com\/de\/wp-json\/wp\/v2\/comments?post=20812"}],"version-history":[{"count":3,"href":"https:\/\/elfsight.com\/de\/wp-json\/wp\/v2\/pages\/20812\/revisions"}],"predecessor-version":[{"id":24699,"href":"https:\/\/elfsight.com\/de\/wp-json\/wp\/v2\/pages\/20812\/revisions\/24699"}],"up":[{"embeddable":true,"href":"https:\/\/elfsight.com\/de\/wp-json\/wp\/v2\/pages\/1982"}],"wp:attachment":[{"href":"https:\/\/elfsight.com\/de\/wp-json\/wp\/v2\/media?parent=20812"}],"curies":[{"name":"wp","href":"https:\/\/api.w.org\/{rel}","templated":true}]}}