{"id":20810,"date":"2024-05-03T06:41:05","date_gmt":"2024-05-03T06:41:05","guid":{"rendered":"https:\/\/elfsight.com\/de\/?page_id=20810"},"modified":"2025-07-08T10:55:16","modified_gmt":"2025-07-08T10:55:16","slug":"jquery","status":"publish","type":"page","link":"https:\/\/elfsight.com\/de\/logo-showcase-widget\/jquery\/","title":{"rendered":"Logo Showcase &#8211; jQuery"},"content":{"rendered":"<div class=\"application-platform-content-item-description application-platform-content-item\" id=\"description\" data-nav-section=\"description\"><h2>Beschreibung<\/h2> <p>Elfsight Logo Showcase ist die unkomplizierteste M\u00f6glichkeit, die Logos der Kunden und Veranstalter oder Ihrer Presse zu pr\u00e4sentieren Erw\u00e4hnungen auf der Website. Mit unserem Widget beweisen Sie, dass Sie ein glaubw\u00fcrdiger Begleiter sind und schaffen eine gute Wahrnehmung Ihres Unternehmens. Mit dem Widget k\u00f6nnen Sie beliebig viele Logos anzeigen, sie in einem Schieberegler oder Raster organisieren und den Ma\u00dfstab der Bilder variieren. Sie k\u00f6nnen eine Bildunterschrift und Links zur Website des Unternehmens eingeben. Mit Hilfe von Farb- und Schriftartoptionen l\u00e4sst sich ganz einfach eine personalisierte Benutzeroberfl\u00e4che erstellen. <\/p><p><b>Steigern Sie den Umsatz und beweisen Sie Ihren hervorragenden Firmennamen mit Kundenlogos auf der Website. <\/b><\/p><\/div> <div class=\"application-platform-content-item-features application-platform-content-item\" id=\"features\" data-nav-section=\"features\"><h2>Funktionen<\/h2> <p>\u00dcberpr\u00fcfen Sie alle funktionalen Merkmale von Logo Showcase. Sie sind direkt im Editor verf\u00fcgbar und helfen Ihnen, das f\u00fcr Ihren Fall am besten geeignete Widget zu erstellen. <\/p><ul><li> Verkn\u00fcpfen Sie jedes Logo mit einer beliebigen Adresse. <\/li><li>Adaptive Kopfzeile enth\u00e4lt Titel und Text mit Formatierungsoptionen; <\/li><li>Call-to-Action-Button kann mit jeder Adresse verbunden werden; <\/li><li>3 verschiedene Layouts: Schieberegler, Raster und Karussell;<\/li><li>Eine Option zum Anpassen der Logogr\u00f6\u00dfe und des Widget-Breitenparameters; <\/li><li>W\u00e4hlen Sie eine beliebige Hintergrundfarbe oder f\u00fcgen Sie Ihr eigenes Bild hinzu. <\/li><\/ul><p><a href=\"#demo\">Sehen Sie in unserer Demo, wie alle Funktionen funktionieren<\/a><\/p><\/div> <div class=\"application-platform-content-item-installation application-platform-content-item\" id=\"installation\" data-nav-section=\"installation\"> <h2>Wie kann ich Logo Showcase zu jQuery hinzuf\u00fcgen? <\/h2><p>Um mit der Nutzung des Widgets zu beginnen, f\u00fchren Sie einfach die folgenden schnellen Schritte aus<\/p><ul><li><b>Entwerfen Sie Ihr individuelles Logo-Plugin<\/b><br>Mit unserem kostenlosen Konfigurator erhalten Sie ein Plugin mit einer benutzerdefinierten Oberfl\u00e4che und Funktionen. <\/li><li><b>Kopieren Sie den individuellen Code, um das Plugin einzubetten<\/b><br>Nachdem Sie Ihr Widget angepasst haben, erhalten Sie den Installationscode aus dem angezeigten Fenster auf Elfsight Apps. Kopieren Sie es zur weiteren Verwendung. <\/li><li><b>Ver\u00f6ffentlichen Sie das Plugin auf Ihrer jQuery-Site<\/b><br>Suchen Sie den Bereich, in den Sie das Plugin einbetten m\u00fcssen, und f\u00fcgen Sie den kopierten Code dort ein. \u00dcbernehmen Sie die \u00c4nderungen. <\/li><li><b>Die Einrichtung ist erfolgreich! <\/b><br>Gehen Sie zu Ihrer Website, um Ihr Plugin anzuzeigen. <\/li><\/ul><p>Wenn Sie Hilfe ben\u00f6tigen oder Probleme haben, k\u00f6nnen Sie sich jederzeit an den Support von Elfsight wenden. Unsere Spezialisten stehen Ihnen bei allen Anliegen gerne zur Verf\u00fcgung. <\/p><div class=\"faq\" data-component=\"FAQ\"><div class=\"faq-item\">\r\n\t\t\t\t\t<div class=\"faq-item-question\">\r\n\t\t\t\t\t\t<h3 class=\"faq-item-question-text\">Wie kann ich Logo Showcase ohne Programmiererfahrung zu meiner jQuery-Website hinzuf\u00fcgen?<\/h3>\r\n\r\n\t\t\t\t\t\t<div class=\"faq-item-question-icon\"><\/div>\r\n\t\t\t\t\t<\/div>\r\n\r\n\t\t\t\t\t<div class=\"faq-item-answer\">\r\n\t\t\t\t\t\t<div class=\"faq-item-answer-text\"> <p>Elfsight bietet eine SaaS-L\u00f6sung, mit der Sie selbst ein Logo Showcase-Widget erstellen k\u00f6nnen. Sehen Sie sich die einfachen Schritte an: Beginnen Sie direkt im Live-Editor mit der Arbeit, um ein Logo Showcase-Widget zu erstellen, das Sie in Ihre jQuery-Webseite einbetten m\u00f6chten. W\u00e4hlen Sie eine der vielen vorgefertigten Vorlagen aus und passen Sie die Logo Showcase-Einstellungen an, f\u00fcgen Sie Ihre Inhalte hinzu und \u00e4ndern Sie das Layout und die Farbe der Elemente ohne Programmieraufwand. Speichern Sie die von Ihnen vorgenommenen Einstellungen in Logo Showcase und kopieren Sie den Installationscode, den Sie im Rahmen eines kostenlosen Plans problemlos in jede jQuery-Homepage einbetten k\u00f6nnen. Mit dem benutzerfreundlichen Editor kann jeder Webbenutzer ein Logo Showcase-Widget erstellen und es einfach in die jQuery-Site einbetten. Es ist nicht erforderlich, einen kostenpflichtigen Plan abzuschlie\u00dfen oder Ihre Kartendaten offenzulegen, um an unserem Editor teilzunehmen. Wenn Sie auf Probleme jeglicher Art sto\u00dfen, nehmen Sie bitte Kontakt mit unserem Support-Personal auf.<\/p> <\/div>\r\n\t\t\t\t\t<\/div>\r\n\t\t\t\t<\/div> <\/div><\/div>","protected":false},"excerpt":{"rendered":"","protected":false},"author":9,"featured_media":0,"parent":1982,"menu_order":0,"comment_status":"closed","ping_status":"closed","template":"templates\/template-application-platform.php","meta":{"publish_to_discourse":"","publish_post_category":"","wpdc_auto_publish_overridden":"","wpdc_topic_tags":"","wpdc_pin_topic":"","wpdc_pin_until":"","discourse_post_id":"","discourse_permalink":"","wpdc_publishing_response":"","wpdc_publishing_error":"","footnotes":""},"class_list":["post-20810","page","type-page","status-publish","hentry"],"yoast_head":"<!-- This site is optimized with the Yoast SEO plugin v25.3.1 - https:\/\/yoast.com\/wordpress\/plugins\/seo\/ -->\n<title>Logo Showcase \u2013 Logo-Karussell-Plugin zur jQuery-Website hinzuf\u00fcgen (2025)<\/title>\n<meta name=\"description\" content=\"Es ist ganz einfach, Ihr Logo Showcase-Plugin zu erstellen und es auf Ihrer jQuery-Website hinzuzuf\u00fcgen. Der Elfsight-Kundendienst ist kostenlos und schnell.\" \/>\n<meta name=\"robots\" content=\"index, follow, max-snippet:-1, max-image-preview:large, max-video-preview:-1\" \/>\n<link rel=\"canonical\" href=\"https:\/\/elfsight.com\/de\/logo-showcase-widget\/jquery\/\" \/>\n<meta property=\"og:locale\" content=\"de_DE\" \/>\n<meta property=\"og:type\" content=\"article\" \/>\n<meta property=\"og:title\" content=\"Logo Showcase \u2013 Logo-Karussell-Plugin zur jQuery-Website hinzuf\u00fcgen (2025)\" \/>\n<meta property=\"og:description\" content=\"Es ist ganz einfach, Ihr Logo Showcase-Plugin zu erstellen und es auf Ihrer jQuery-Website hinzuzuf\u00fcgen. Der Elfsight-Kundendienst ist kostenlos und schnell.\" \/>\n<meta property=\"og:url\" content=\"https:\/\/elfsight.com\/de\/logo-showcase-widget\/jquery\/\" \/>\n<meta property=\"og:site_name\" content=\"Elfsight DE\" \/>\n<meta property=\"article:modified_time\" content=\"2025-07-08T10:55:16+00:00\" \/>\n<meta name=\"twitter:card\" content=\"summary_large_image\" \/>\n<meta name=\"twitter:label1\" content=\"Gesch\u00e4tzte Lesezeit\" \/>\n\t<meta name=\"twitter:data1\" content=\"3\u00a0Minuten\" \/>\n<!-- \/ Yoast SEO plugin. -->","yoast_head_json":{"title":"Logo Showcase \u2013 Logo-Karussell-Plugin zur jQuery-Website hinzuf\u00fcgen (2025)","description":"Es ist ganz einfach, Ihr Logo Showcase-Plugin zu erstellen und es auf Ihrer jQuery-Website hinzuzuf\u00fcgen. Der Elfsight-Kundendienst ist kostenlos und schnell.","robots":{"index":"index","follow":"follow","max-snippet":"max-snippet:-1","max-image-preview":"max-image-preview:large","max-video-preview":"max-video-preview:-1"},"canonical":"https:\/\/elfsight.com\/de\/logo-showcase-widget\/jquery\/","og_locale":"de_DE","og_type":"article","og_title":"Logo Showcase \u2013 Logo-Karussell-Plugin zur jQuery-Website hinzuf\u00fcgen (2025)","og_description":"Es ist ganz einfach, Ihr Logo Showcase-Plugin zu erstellen und es auf Ihrer jQuery-Website hinzuzuf\u00fcgen. Der Elfsight-Kundendienst ist kostenlos und schnell.","og_url":"https:\/\/elfsight.com\/de\/logo-showcase-widget\/jquery\/","og_site_name":"Elfsight DE","article_modified_time":"2025-07-08T10:55:16+00:00","twitter_card":"summary_large_image","twitter_misc":{"Gesch\u00e4tzte Lesezeit":"3\u00a0Minuten"},"schema":{"@context":"https:\/\/schema.org","@graph":[{"@type":"WebPage","@id":"https:\/\/elfsight.com\/de\/logo-showcase-widget\/jquery\/","url":"https:\/\/elfsight.com\/de\/logo-showcase-widget\/jquery\/","name":"Logo Showcase \u2013 Logo-Karussell-Plugin zur jQuery-Website hinzuf\u00fcgen (2025)","isPartOf":{"@id":"https:\/\/elfsight.com\/de\/#website"},"datePublished":"2024-05-03T06:41:05+00:00","dateModified":"2025-07-08T10:55:16+00:00","description":"Es ist ganz einfach, Ihr Logo Showcase-Plugin zu erstellen und es auf Ihrer jQuery-Website hinzuzuf\u00fcgen. Der Elfsight-Kundendienst ist kostenlos und schnell.","breadcrumb":{"@id":"https:\/\/elfsight.com\/de\/logo-showcase-widget\/jquery\/#breadcrumb"},"inLanguage":"de","potentialAction":[{"@type":"ReadAction","target":["https:\/\/elfsight.com\/de\/logo-showcase-widget\/jquery\/"]}]},{"@type":"BreadcrumbList","@id":"https:\/\/elfsight.com\/de\/logo-showcase-widget\/jquery\/#breadcrumb","itemListElement":[{"@type":"ListItem","position":1,"name":"Home","item":"https:\/\/elfsight.com\/de\/"},{"@type":"ListItem","position":2,"name":"Logo Showcase","item":"https:\/\/elfsight.com\/de\/logo-showcase-widget\/"},{"@type":"ListItem","position":3,"name":"Logo Showcase &#8211; jQuery"}]},{"@type":"WebSite","@id":"https:\/\/elfsight.com\/de\/#website","url":"https:\/\/elfsight.com\/de\/","name":"Elfsight DE","description":"Just another Elfsight Sites site","potentialAction":[{"@type":"SearchAction","target":{"@type":"EntryPoint","urlTemplate":"https:\/\/elfsight.com\/de\/?s={search_term_string}"},"query-input":{"@type":"PropertyValueSpecification","valueRequired":true,"valueName":"search_term_string"}}],"inLanguage":"de"}]}},"meta_box":{"industry":"","seo_heading":"","heading":"","description":"","cta_heading":"","cta_description":"","application":"499","h1":"jQuery-Logo-Showcase","h1_caption":"Zeigen Sie die Logos Ihrer Partner, Sponsoren oder Kunden an und bauen Sie so m\u00fchelos Glaubw\u00fcrdigkeit und Vertrauen f\u00fcr Ihre Marke auf Ihrer jQuery-Website auf.","application_category":[],"applications_title":"","applications_request_title":"","applications_request_button_text":"","hero_text":"","hero_video":"","hero_video_schema_markup":"","selling_points_title":"","selling_points_caption":"","selling_points":[],"selling_points_cta_text":"","features_title":"","features":"","ed_cta_examples_text":"","ed_cta_examples_hidden":"","ed_cta_demo_text":"","ed_cta_demo_hidden":"","why_caption":"","why_editor_title":"","why_editor_text":"","why_team_title":"","why_team_text":"","why_service_title":"","why_service_text":"","template_catalog_visible":"","template_catalog_title":"","template_catalog_text":"","template_catalog_categories_visible":"","demo_title":"Erstellen Sie Ihr Logo Showcase-Plugin","demo_caption":"Konfigurieren Sie Ihr Logo Showcase und f\u00fcgen Sie es kostenlos zu Ihrer jQuery-Website hinzu!","default_faq_hidden":"","app_template_category":[],"platform":"258","template_public_id":"","codecanyon_url":"","codecanyon_item_id":"","codecanyon_price":"","pricing_caption":"","pricing_elfsight_apps_hide_column":"","pricing_elfsight_apps_url":"","pricing_codecanyon_price_caption":"","integration_category":[],"integration_request_title":"","integration_request_cta":"","integration_platform":"","integrations":[],"platform_category":[],"video_schema_markup":"","price":"ab 0 $ \/ Monat","trial":"","benefits":[{"text":"Kostenlose Installationsunterst\u00fctzung"},{"text":"Effektiver Kundenservice"},{"text":"14-t\u00e4gige R\u00fcckerstattungsgarantie"},{"text":"Fortlaufende Entwicklung"}],"button_url":"#demo","button_target_blank":"","button_nofollow":"","attributes":[{"name":"Installiert","content":"10,000 - 100,000"},{"name":"Reaktionsfreudig","content":"Ja"},{"name":"Kompatible Browser","content":"Firefox, Safari, Opera, Chrome, Edge"}],"tags":[],"tags_disable_links":"","hide_more_platforms":"","video_object":"","demo_hide_cta":"","demo_hide_cloud_options":"","pricing_title":"","pricing":[{"pricing_icon":"platform","pricing_title":"Elfsight Apps","pricing_title_caption":"Multiplattform-L\u00f6sung, die auf jeder Website funktioniert","pricing_price":"ab 0 $ \/ Monat","pricing_price_caption":"Beginnen Sie mit einem kostenlosen Plan","pricing_benefits":[{"text":"Unbegrenzte Domains"},{"text":"Professionelle Unternehmensunterst\u00fctzung und gut dokumentiert"},{"text":"Kostenloser Installationssupport"},{"text":"100 % anpassbar"}],"pricing_button_text":"Zur Website hinzuf\u00fcgen","pricing_button_url":"#demo"}],"related_apps_title":"","related_apps_hidden":"","author":"","image":[],"title":"","job":"","social_networks":[]},"_links":{"self":[{"href":"https:\/\/elfsight.com\/de\/wp-json\/wp\/v2\/pages\/20810","targetHints":{"allow":["GET"]}}],"collection":[{"href":"https:\/\/elfsight.com\/de\/wp-json\/wp\/v2\/pages"}],"about":[{"href":"https:\/\/elfsight.com\/de\/wp-json\/wp\/v2\/types\/page"}],"author":[{"embeddable":true,"href":"https:\/\/elfsight.com\/de\/wp-json\/wp\/v2\/users\/9"}],"replies":[{"embeddable":true,"href":"https:\/\/elfsight.com\/de\/wp-json\/wp\/v2\/comments?post=20810"}],"version-history":[{"count":1,"href":"https:\/\/elfsight.com\/de\/wp-json\/wp\/v2\/pages\/20810\/revisions"}],"predecessor-version":[{"id":20814,"href":"https:\/\/elfsight.com\/de\/wp-json\/wp\/v2\/pages\/20810\/revisions\/20814"}],"up":[{"embeddable":true,"href":"https:\/\/elfsight.com\/de\/wp-json\/wp\/v2\/pages\/1982"}],"wp:attachment":[{"href":"https:\/\/elfsight.com\/de\/wp-json\/wp\/v2\/media?parent=20810"}],"curies":[{"name":"wp","href":"https:\/\/api.w.org\/{rel}","templated":true}]}}