{"id":20804,"date":"2024-05-03T06:41:03","date_gmt":"2024-05-03T06:41:03","guid":{"rendered":"https:\/\/elfsight.com\/de\/?page_id=20804"},"modified":"2025-02-21T12:02:14","modified_gmt":"2025-02-21T12:02:14","slug":"html","status":"publish","type":"page","link":"https:\/\/elfsight.com\/de\/logo-showcase-widget\/html\/","title":{"rendered":"Logo Showcase &#8211; HTML"},"content":{"rendered":"\n<div class=\"application-platform-content-item-description application-platform-content-item\" id=\"description\" data-nav-section=\"description\"><h2>Beschreibung<\/h2> <p>Elfsight Logo Showcase ist die einfachste Technik, um die Logos von Kunden oder Veranstaltern oder Ihre Presseerw\u00e4hnungen anzuzeigen der Standort. Mit Hilfe unseres Widgets verschaffen Sie sich die Vorstellung, dass Ihr Unternehmen ein vertrauensw\u00fcrdiger Begleiter ist. Mit dem Elfsight-Widget k\u00f6nnen Sie mehrere Logos anzeigen, sie in einem Schieberegler oder Raster anordnen und die Gr\u00f6\u00dfe der Logos \u00e4ndern. Sie k\u00f6nnen eine Bildunterschrift und einen Link zur Website des Unternehmens hinzuf\u00fcgen. Durch die Verwendung von Farb- und Schriftartoptionen erhalten Sie eine einzigartige Benutzeroberfl\u00e4che. <\/p><p><b>Steigern Sie die Glaubw\u00fcrdigkeit Ihres Unternehmens.<\/b><\/p><\/div> <div class=\"application-platform-content-item-features application-platform-content-item\" id=\"features\" data-nav-section=\"features\"><h2>Funktionen<\/h2> <p>Hier k\u00f6nnen Sie es tun Sehen Sie sich alle Funktionen von Logo Showcase an. Sie k\u00f6nnen sie direkt im Editor anpassen und helfen Ihnen dabei, das Widget genau f\u00fcr Ihren Anwendungsfall zu erstellen. <\/p><ul><li>Die Option, jedes Logo mit einer beliebigen Webseite zu verbinden; <\/li><li>Der umschaltbare Widget-Header enth\u00e4lt Titel und Text mit Formatierungsoptionen. <\/li><li>CTA-Button kann mit jeder Adresse verbunden werden; <\/li><li>3 ausgewogene Layouts: Slider, Grid und Karussell; <\/li><li>Die Option zum Anpassen der Logogr\u00f6\u00dfe und der Widget-Breite; <\/li><li>Eine Option zur Auswahl einer beliebigen Hintergrundfarbe oder zur Verwendung eines benutzerdefinierten Bildes. <\/li><\/ul><p><a href=\"#demo\">Probieren Sie alle anderen Funktionen in der Demo aus<\/a><\/p><\/div> <div class=\"application-platform-content-item-installation application-platform-content-item\" id=\"installation\" data-nav-section=\"installation\"><h2> Wie kann ich Logo Showcase zu meiner HTML-Site hinzuf\u00fcgen?<\/h2><div class=\"video-container\"><iframe width=\"560\" height=\"315\" src=\"https:\/\/www.youtube.com\/embed\/E1jyqC8U4kc?si=aFJQ_fie3UsDR_-Q\" frameborder=\"0\" allow=\"accelerometer; autoplay; clipboard-write; encrypted-media; gyroscope; picture-in-picture; web-share\" allowfullscreen><\/iframe><\/div><p>Um das Widget einzuf\u00fchren, befolgen Sie einfach die folgenden Anweisungen<\/p><ul><li><b>Erstellen Sie Ihr eigenes Logo-Widget<\/b><br>Generieren Sie durch die Verwaltung unseres kostenlosen Editors ein Plugin mit einer benutzerdefinierten Benutzeroberfl\u00e4che und funktionalen Merkmalen.<\/li> <li><b>Holen Sie sich den individuellen Code, um das Plugin zur Website hinzuzuf\u00fcgen<\/b> <br>Nachdem Sie Ihr Widget konfiguriert haben, erhalten Sie den individuellen Code aus der erscheinenden Benachrichtigung auf Elfsight Apps. Kopiere es. <\/li> <li><b>Ver\u00f6ffentlichen Sie den Code auf Ihrer HTML-Website<\/b><br>W\u00e4hlen Sie die Stelle aus, an der Sie das Plugin hinzuf\u00fcgen m\u00f6chten, und f\u00fcgen Sie dort den kopierten Code ein. Ver\u00f6ffentlichen Sie die \u00c4nderungen. <\/li> <li><b>Die Einrichtung ist abgeschlossen<\/b><br>Besuchen Sie die Webseite, um Ihr Plugin zu sehen. <\/li><\/ul><p>Z\u00f6gern Sie nicht, sich an unseren Kundenservice zu wenden, wenn Sie Rat ben\u00f6tigen oder Probleme haben. Gerne sind wir bei jedem Anliegen behilflich. <\/p><div class=\"faq\" data-component=\"FAQ\"><div class=\"faq-item\">\r\n\t\t\t\t\t<div class=\"faq-item-question\">\r\n\t\t\t\t\t\t<h3 class=\"faq-item-question-text\">Gibt es eine Methode, Logo Showcase ohne Programmiererfahrung zu meiner HTML-Homepage hinzuzuf\u00fcgen?<\/h3>\r\n\r\n\t\t\t\t\t\t<div class=\"faq-item-question-icon\"><\/div>\r\n\t\t\t\t\t<\/div>\r\n\r\n\t\t\t\t\t<div class=\"faq-item-answer\">\r\n\t\t\t\t\t\t<div class=\"faq-item-answer-text\"> <p>Das Unternehmen Elfsight bietet eine L\u00f6sung an, mit der Sie selbst ein Logo Showcase-Widget erstellen k\u00f6nnen Wie einfach der Prozess ist: Arbeiten Sie direkt in der Online-Demo daran, ein Logo Showcase-Widget zu erstellen, das auf der HTML-Website angezeigt werden soll. W\u00e4hlen Sie eine der vielen vorgefertigten Vorlagen aus und passen Sie die Logo Showcase-Einstellungen an, aktualisieren Sie Ihre Inhalte, \u00e4ndern Sie das Layout und die Farben ohne Programmierkenntnisse. Klicken Sie hier, um die von Ihnen in Logo Showcase vorgenommenen Einstellungen zu speichern und den Installationscode des Plugins zu erhalten, der m\u00fchelos in jede HTML-Homepage eingebettet werden kann, ohne dass ein kostenpflichtiger Plan erworben werden muss. Mit unserem benutzerfreundlichen Editor kann jeder Internetnutzer ein Logo Showcase-Widget erstellen und es problemlos in jede HTML-Homepage integrieren. Sie sollten keinen kostenpflichtigen Plan abschlie\u00dfen oder Ihre Kartendaten angeben, um auf den Editor zuzugreifen. Sollten Sie bei irgendeinem Schritt auf Hindernisse sto\u00dfen, k\u00f6nnen Sie sich gerne an unseren technischen Kundensupport wenden.<\/p> <\/div>\r\n\t\t\t\t\t<\/div>\r\n\t\t\t\t<\/div> <\/div><\/div>\n\n\n\n<p><\/p>\n","protected":false},"excerpt":{"rendered":"","protected":false},"author":9,"featured_media":0,"parent":1982,"menu_order":0,"comment_status":"closed","ping_status":"closed","template":"templates\/template-application-platform.php","meta":{"publish_to_discourse":"","publish_post_category":"","wpdc_auto_publish_overridden":"","wpdc_topic_tags":"","wpdc_pin_topic":"","wpdc_pin_until":"","discourse_post_id":"","discourse_permalink":"","wpdc_publishing_response":"","wpdc_publishing_error":"","footnotes":""},"class_list":["post-20804","page","type-page","status-publish","hentry"],"yoast_head":"<!-- This site is optimized with the Yoast SEO plugin v25.3.1 - https:\/\/yoast.com\/wordpress\/plugins\/seo\/ -->\n<title>Logo Showcase \u2013 Logo-Karussell-Widget zur HTML-Website hinzuf\u00fcgen (2025)<\/title>\n<meta name=\"description\" content=\"Es ist ganz einfach, Ihr Logo Showcase-Widget zu erstellen und es auf Ihrer HTML-Website hinzuzuf\u00fcgen. Der Elfsight-Kundendienst ist kostenlos und schnell.\" \/>\n<meta name=\"robots\" content=\"index, follow, max-snippet:-1, max-image-preview:large, max-video-preview:-1\" \/>\n<link rel=\"canonical\" href=\"https:\/\/elfsight.com\/de\/logo-showcase-widget\/html\/\" \/>\n<meta property=\"og:locale\" content=\"de_DE\" \/>\n<meta property=\"og:type\" content=\"article\" \/>\n<meta property=\"og:title\" content=\"Logo Showcase \u2013 Logo-Karussell-Widget zur HTML-Website hinzuf\u00fcgen (2025)\" \/>\n<meta property=\"og:description\" content=\"Es ist ganz einfach, Ihr Logo Showcase-Widget zu erstellen und es auf Ihrer HTML-Website hinzuzuf\u00fcgen. Der Elfsight-Kundendienst ist kostenlos und schnell.\" \/>\n<meta property=\"og:url\" content=\"https:\/\/elfsight.com\/de\/logo-showcase-widget\/html\/\" \/>\n<meta property=\"og:site_name\" content=\"Elfsight DE\" \/>\n<meta property=\"article:modified_time\" content=\"2025-02-21T12:02:14+00:00\" \/>\n<meta name=\"twitter:card\" content=\"summary_large_image\" \/>\n<meta name=\"twitter:label1\" content=\"Gesch\u00e4tzte Lesezeit\" \/>\n\t<meta name=\"twitter:data1\" content=\"3\u00a0Minuten\" \/>\n<!-- \/ Yoast SEO plugin. -->","yoast_head_json":{"title":"Logo Showcase \u2013 Logo-Karussell-Widget zur HTML-Website hinzuf\u00fcgen (2025)","description":"Es ist ganz einfach, Ihr Logo Showcase-Widget zu erstellen und es auf Ihrer HTML-Website hinzuzuf\u00fcgen. Der Elfsight-Kundendienst ist kostenlos und schnell.","robots":{"index":"index","follow":"follow","max-snippet":"max-snippet:-1","max-image-preview":"max-image-preview:large","max-video-preview":"max-video-preview:-1"},"canonical":"https:\/\/elfsight.com\/de\/logo-showcase-widget\/html\/","og_locale":"de_DE","og_type":"article","og_title":"Logo Showcase \u2013 Logo-Karussell-Widget zur HTML-Website hinzuf\u00fcgen (2025)","og_description":"Es ist ganz einfach, Ihr Logo Showcase-Widget zu erstellen und es auf Ihrer HTML-Website hinzuzuf\u00fcgen. Der Elfsight-Kundendienst ist kostenlos und schnell.","og_url":"https:\/\/elfsight.com\/de\/logo-showcase-widget\/html\/","og_site_name":"Elfsight DE","article_modified_time":"2025-02-21T12:02:14+00:00","twitter_card":"summary_large_image","twitter_misc":{"Gesch\u00e4tzte Lesezeit":"3\u00a0Minuten"},"schema":{"@context":"https:\/\/schema.org","@graph":[{"@type":"WebPage","@id":"https:\/\/elfsight.com\/de\/logo-showcase-widget\/html\/","url":"https:\/\/elfsight.com\/de\/logo-showcase-widget\/html\/","name":"Logo Showcase \u2013 Logo-Karussell-Widget zur HTML-Website hinzuf\u00fcgen (2025)","isPartOf":{"@id":"https:\/\/elfsight.com\/de\/#website"},"datePublished":"2024-05-03T06:41:03+00:00","dateModified":"2025-02-21T12:02:14+00:00","description":"Es ist ganz einfach, Ihr Logo Showcase-Widget zu erstellen und es auf Ihrer HTML-Website hinzuzuf\u00fcgen. Der Elfsight-Kundendienst ist kostenlos und schnell.","breadcrumb":{"@id":"https:\/\/elfsight.com\/de\/logo-showcase-widget\/html\/#breadcrumb"},"inLanguage":"de","potentialAction":[{"@type":"ReadAction","target":["https:\/\/elfsight.com\/de\/logo-showcase-widget\/html\/"]}]},{"@type":"BreadcrumbList","@id":"https:\/\/elfsight.com\/de\/logo-showcase-widget\/html\/#breadcrumb","itemListElement":[{"@type":"ListItem","position":1,"name":"Home","item":"https:\/\/elfsight.com\/de\/"},{"@type":"ListItem","position":2,"name":"Logo Showcase","item":"https:\/\/elfsight.com\/de\/logo-showcase-widget\/"},{"@type":"ListItem","position":3,"name":"Logo Showcase &#8211; HTML"}]},{"@type":"WebSite","@id":"https:\/\/elfsight.com\/de\/#website","url":"https:\/\/elfsight.com\/de\/","name":"Elfsight DE","description":"Just another Elfsight Sites site","potentialAction":[{"@type":"SearchAction","target":{"@type":"EntryPoint","urlTemplate":"https:\/\/elfsight.com\/de\/?s={search_term_string}"},"query-input":{"@type":"PropertyValueSpecification","valueRequired":true,"valueName":"search_term_string"}}],"inLanguage":"de"}]}},"meta_box":{"industry":"","seo_heading":"","heading":"","description":"","cta_heading":"","cta_description":"","application":"499","h1":"HTML-Logo-Showcase","h1_caption":"Zeigen Sie die Logos Ihrer Partner, Sponsoren oder Kunden an und bauen Sie so m\u00fchelos Glaubw\u00fcrdigkeit und Vertrauen f\u00fcr Ihre Marke auf Ihrer HTML-Website auf.","application_category":[],"applications_title":"","applications_request_title":"","applications_request_button_text":"","hero_text":"","hero_video":"","hero_video_schema_markup":"","selling_points_title":"","selling_points_caption":"","selling_points":[],"selling_points_cta_text":"","features_title":"","features":"","ed_cta_examples_text":"","ed_cta_examples_hidden":"","ed_cta_demo_text":"","ed_cta_demo_hidden":"","why_caption":"","why_editor_title":"","why_editor_text":"","why_team_title":"","why_team_text":"","why_service_title":"","why_service_text":"","template_catalog_visible":"0","template_catalog_title":"","template_catalog_text":"","template_catalog_categories_visible":"","demo_title":"Erstellen Sie Ihr Logo Showcase-Widget","demo_caption":"Konfigurieren Sie Ihr Logo Showcase und f\u00fcgen Sie es kostenlos Ihrer HTML-Website hinzu!","default_faq_hidden":"","app_template_category":[],"platform":"260","template_public_id":"","codecanyon_url":"","codecanyon_item_id":"","codecanyon_price":"","pricing_caption":"","pricing_elfsight_apps_hide_column":"","pricing_elfsight_apps_url":"","pricing_codecanyon_price_caption":"","integration_category":[],"integration_request_title":"","integration_request_cta":"","integration_platform":"","integrations":[],"platform_category":[],"video_schema_markup":"","price":"ab 0 $ \/ Monat","trial":"","benefits":[{"text":"Kostenlose Installationshilfe"},{"text":"Erfahrener Kundensupport"},{"text":"14-t\u00e4gige R\u00fcckerstattungsgarantie"},{"text":"Lebenslange kostenlose Verbesserungen"}],"button_url":"#demo","button_target_blank":"0","button_nofollow":"0","attributes":[{"name":"Installiert","content":"10,000 - 100,000"},{"name":"Reaktionsfreudig","content":"Ja"},{"name":"Kompatible Browser","content":"Firefox, Safari, Opera, Chrome, Edge"}],"tags":[],"tags_disable_links":"0","hide_more_platforms":"0","video_object":"","demo_hide_cta":"0","demo_hide_cloud_options":"0","pricing_title":"","pricing":[{"pricing_icon":"platform","pricing_title":"Elfsight Apps","pricing_title_caption":"Multiplattform-L\u00f6sung, die f\u00fcr jeden Standort geeignet ist","pricing_price":"ab 0 $ \/ Monat","pricing_price_caption":"Beginnen Sie mit einem kostenlosen Plan","pricing_benefits":[{"text":"Unbegrenzte Domains"},{"text":"Professionelle Unterst\u00fctzung"},{"text":"Kostenlose Installationshilfe"},{"text":"Sonderangebot f\u00fcr mehrere Apps"}],"pricing_button_text":"Zur Website hinzuf\u00fcgen","pricing_button_url":"#demo"}],"related_apps_title":"","related_apps_hidden":"0","author":"","image":[],"title":"","job":"","social_networks":[]},"_links":{"self":[{"href":"https:\/\/elfsight.com\/de\/wp-json\/wp\/v2\/pages\/20804","targetHints":{"allow":["GET"]}}],"collection":[{"href":"https:\/\/elfsight.com\/de\/wp-json\/wp\/v2\/pages"}],"about":[{"href":"https:\/\/elfsight.com\/de\/wp-json\/wp\/v2\/types\/page"}],"author":[{"embeddable":true,"href":"https:\/\/elfsight.com\/de\/wp-json\/wp\/v2\/users\/9"}],"replies":[{"embeddable":true,"href":"https:\/\/elfsight.com\/de\/wp-json\/wp\/v2\/comments?post=20804"}],"version-history":[{"count":3,"href":"https:\/\/elfsight.com\/de\/wp-json\/wp\/v2\/pages\/20804\/revisions"}],"predecessor-version":[{"id":24702,"href":"https:\/\/elfsight.com\/de\/wp-json\/wp\/v2\/pages\/20804\/revisions\/24702"}],"up":[{"embeddable":true,"href":"https:\/\/elfsight.com\/de\/wp-json\/wp\/v2\/pages\/1982"}],"wp:attachment":[{"href":"https:\/\/elfsight.com\/de\/wp-json\/wp\/v2\/media?parent=20804"}],"curies":[{"name":"wp","href":"https:\/\/api.w.org\/{rel}","templated":true}]}}