{"id":20803,"date":"2024-05-03T06:41:01","date_gmt":"2024-05-03T06:41:01","guid":{"rendered":"https:\/\/elfsight.com\/de\/?page_id=20803"},"modified":"2025-02-21T12:06:41","modified_gmt":"2025-02-21T12:06:41","slug":"webflow","status":"publish","type":"page","link":"https:\/\/elfsight.com\/de\/logo-showcase-widget\/webflow\/","title":{"rendered":"Logo Showcase &#8211; Webflow"},"content":{"rendered":"\n<div class=\"application-platform-content-item-description application-platform-content-item\" id=\"description\" data-nav-section=\"description\"><h2>Logo Showcase mit dem Elfsight-Widget in Webflow einbetten<\/h2> <p>Elfsight Logo Showcase ist die unkomplizierteste Technik, Ihre Kunden zu pr\u00e4sentieren &#8218; und Sponsorenlogos oder Ihre Presseerw\u00e4hnungen auf Ihrer Website. Mit diesem Widget zeigen Sie, dass Sie ein seri\u00f6ser Begleiter sind und pflegen ein gutes Image Ihres Unternehmens. Mit dem Elfsight-Widget k\u00f6nnen Sie beliebig viele Embleme anzeigen, sie in einem Karussell oder Raster zusammenstellen und die Gr\u00f6\u00dfe der Bilder variieren. Sie k\u00f6nnen eine Bildunterschrift und Links zu den Websites der Unternehmen hinzuf\u00fcgen. Durch unterschiedliche Farben und Schriftarten l\u00e4sst sich ganz einfach eine einzigartige Benutzeroberfl\u00e4che einrichten.<\/p><p><b>Steigern Sie den Umsatz, indem Sie Ihren hervorragenden Firmennamen mit den Logos Ihrer Kunden auf der Website pr\u00e4sentieren.<\/b><\/p><\/div><div class=\"application-platform-content-item-features application-platform-content-item\" id=\"features\" data-nav-section=\"features\"><h2>Hauptfunktionen des Logo Showcase-Widgets<\/h2> <p>Sehen Sie sich eine Liste aller Funktionen von Logo Showcase an. Sie sind direkt im Editor verf\u00fcgbar und helfen Ihnen, das Widget speziell f\u00fcr Ihren Anwendungsfall zu gestalten. <\/p><ul><li>Verbinden Sie jedes Logo mit einer beliebigen Webseite. <\/li><li>Flexibler Header inklusive Titel und Text mit Formatierungseinstellungen; <\/li><li>CTA-Button kann mit jeder Seite verbunden werden; <\/li><li>3 verschiedene Layouts: Slider, Grid und Karussell; <\/li><li>Eine Funktion zum Anpassen der Logogr\u00f6\u00dfe und der Widget-Breite; <\/li><li>W\u00e4hlen Sie eine beliebige Hintergrundfarbe oder laden Sie Ihre eigene Datei hoch. <\/li><\/ul><p><a href=\"#demo\">Sie k\u00f6nnen alle Funktionsmerkmale des Widgets direkt in der Demo ausprobieren<\/a><\/p><\/div><div class=\"application-platform-content-item-installation application-platform-content-item\" id=\"installation\" data-nav-section=\"installation\"><h2>Wie f\u00fcge ich Logo Showcase zu meiner Webflow-Website hinzu? <\/h2><div class=\"video-container\"><iframe width=\"560\" height=\"315\" src=\"https:\/\/www.youtube.com\/embed\/JfjyV9IasCc?si=uc1Y9LJXEe8gs51p\" frameborder=\"0\" allow=\"accelerometer; autoplay; clipboard-write; encrypted-media; gyroscope; picture-in-picture; web-share\" allowfullscreen><\/iframe><\/div><p>Um das Widget zu aktivieren, befolgen Sie die folgenden Richtlinien<\/p><ul><li><b>Generieren Sie Ihr individuelles Logo-Widget<\/b><br>In unserem Kostenloser Konfigurator, richten Sie ein Plugin mit Ihrem bevorzugten Aussehen und Ihrer bevorzugten Funktionalit\u00e4t ein. <\/li><li><b>Kopieren Sie den pers\u00f6nlichen Code, um das Plugin anzuzeigen<\/b><br>Nachdem Sie Ihr Widget konfiguriert haben, erhalten Sie Ihren pers\u00f6nlichen Code aus dem Popup-Fenster von Elfsight Apps. Kopiere diesen Code. <\/li><li><b>Integrieren Sie das Plugin in Ihre Webflow-Site<\/b><br>W\u00e4hlen Sie die Stelle auf der Seite oder in der Vorlage aus, an der Sie das Plugin anzeigen m\u00f6chten, und f\u00fcgen Sie dort den gespeicherten Code ein. Speichern Sie die \u00c4nderungen. <\/li><li><b>Herzlichen Gl\u00fcckwunsch! Sie haben das Widget gerade integriert! <\/b><br>Betreten Sie Ihren Shop, um einen Blick auf Ihr Widget zu werfen. <\/li><\/ul><p>Z\u00f6gern Sie nicht, sich an die Kundendienstabteilung zu wenden, wenn Sie Rat ben\u00f6tigen oder Probleme haben. Wir helfen Ihnen gerne bei jeder Anfrage weiter. <\/p><div class=\"faq\" data-component=\"FAQ\"><div class=\"faq-item\">\r\n\t\t\t\t\t<div class=\"faq-item-question\">\r\n\t\t\t\t\t\t<h3 class=\"faq-item-question-text\">Wie kann ich meiner Webflow-Homepage ohne Codierung ein Logo Showcase hinzuf\u00fcgen?<\/h3>\r\n\r\n\t\t\t\t\t\t<div class=\"faq-item-question-icon\"><\/div>\r\n\t\t\t\t\t<\/div>\r\n\r\n\t\t\t\t\t<div class=\"faq-item-answer\">\r\n\t\t\t\t\t\t<div class=\"faq-item-answer-text\"> <p>Das Unternehmen Elfsight stellt eine L\u00f6sung vor, mit der Benutzer selbst ein Logo Showcase-Widget erstellen k\u00f6nnen. Erfahren Sie mehr Wie unkompliziert der Prozess ist: Gehen Sie zur Live-Demo, um einen Logo-Showcase-Bereich zu erstellen, den Sie gerne auf der Webflow-Webseite sehen w\u00fcrden. W\u00e4hlen Sie eine unserer vorgefertigten Vorlagen aus und passen Sie die Logo Showcase-Einstellungen an, f\u00fcgen Sie Ihre Inhalte hinzu, \u00e4ndern Sie das Layout und das Farbschema \u2013 ganz ohne Programmierkenntnisse. Speichern Sie das Logo Showcase und erhalten Sie den Installationscode des Widgets, der m\u00fchelos und kostenlos in die Webflow-Website eingef\u00fcgt werden kann. Mit unserem benutzerfreundlichen Editor kann jeder Internetnutzer online ein Logo Showcase erstellen und es einfach in die Webflow-Site einbinden. Sie m\u00fcssen weder bezahlen noch Ihre Kartendaten offenlegen, um Zugang zum Editor zu erhalten. Wenn Sie bei irgendeinem Schritt auf Probleme sto\u00dfen, z\u00f6gern Sie nicht, sich an unseren Kundensupport zu wenden.<\/p> <\/div>\r\n\t\t\t\t\t<\/div>\r\n\t\t\t\t<\/div> <\/div><\/div>\n\n\n\n<p><\/p>\n","protected":false},"excerpt":{"rendered":"","protected":false},"author":9,"featured_media":0,"parent":1982,"menu_order":0,"comment_status":"closed","ping_status":"closed","template":"templates\/template-application-platform.php","meta":{"publish_to_discourse":"","publish_post_category":"","wpdc_auto_publish_overridden":"","wpdc_topic_tags":"","wpdc_pin_topic":"","wpdc_pin_until":"","discourse_post_id":"","discourse_permalink":"","wpdc_publishing_response":"","wpdc_publishing_error":"","footnotes":""},"class_list":["post-20803","page","type-page","status-publish","hentry"],"yoast_head":"<!-- This site is optimized with the Yoast SEO plugin v25.3.1 - https:\/\/yoast.com\/wordpress\/plugins\/seo\/ -->\n<title>Logo Showcase \u2013 Logo-Karussell-Widget zur Webflow-Website hinzuf\u00fcgen (2025)<\/title>\n<meta name=\"description\" content=\"Es ist ganz einfach, Ihr Logo Showcase-Widget zu erstellen und es auf Ihrer Webflow-Website hinzuzuf\u00fcgen. Der Elfsight-Kundendienst ist kostenlos und schnell.\" \/>\n<meta name=\"robots\" content=\"index, follow, max-snippet:-1, max-image-preview:large, max-video-preview:-1\" \/>\n<link rel=\"canonical\" href=\"https:\/\/elfsight.com\/de\/logo-showcase-widget\/webflow\/\" \/>\n<meta property=\"og:locale\" content=\"de_DE\" \/>\n<meta property=\"og:type\" content=\"article\" \/>\n<meta property=\"og:title\" content=\"Logo Showcase \u2013 Logo-Karussell-Widget zur Webflow-Website hinzuf\u00fcgen (2025)\" \/>\n<meta property=\"og:description\" content=\"Es ist ganz einfach, Ihr Logo Showcase-Widget zu erstellen und es auf Ihrer Webflow-Website hinzuzuf\u00fcgen. Der Elfsight-Kundendienst ist kostenlos und schnell.\" \/>\n<meta property=\"og:url\" content=\"https:\/\/elfsight.com\/de\/logo-showcase-widget\/webflow\/\" \/>\n<meta property=\"og:site_name\" content=\"Elfsight DE\" \/>\n<meta property=\"article:modified_time\" content=\"2025-02-21T12:06:41+00:00\" \/>\n<meta name=\"twitter:card\" content=\"summary_large_image\" \/>\n<meta name=\"twitter:label1\" content=\"Gesch\u00e4tzte Lesezeit\" \/>\n\t<meta name=\"twitter:data1\" content=\"3\u00a0Minuten\" \/>\n<!-- \/ Yoast SEO plugin. -->","yoast_head_json":{"title":"Logo Showcase \u2013 Logo-Karussell-Widget zur Webflow-Website hinzuf\u00fcgen (2025)","description":"Es ist ganz einfach, Ihr Logo Showcase-Widget zu erstellen und es auf Ihrer Webflow-Website hinzuzuf\u00fcgen. Der Elfsight-Kundendienst ist kostenlos und schnell.","robots":{"index":"index","follow":"follow","max-snippet":"max-snippet:-1","max-image-preview":"max-image-preview:large","max-video-preview":"max-video-preview:-1"},"canonical":"https:\/\/elfsight.com\/de\/logo-showcase-widget\/webflow\/","og_locale":"de_DE","og_type":"article","og_title":"Logo Showcase \u2013 Logo-Karussell-Widget zur Webflow-Website hinzuf\u00fcgen (2025)","og_description":"Es ist ganz einfach, Ihr Logo Showcase-Widget zu erstellen und es auf Ihrer Webflow-Website hinzuzuf\u00fcgen. Der Elfsight-Kundendienst ist kostenlos und schnell.","og_url":"https:\/\/elfsight.com\/de\/logo-showcase-widget\/webflow\/","og_site_name":"Elfsight DE","article_modified_time":"2025-02-21T12:06:41+00:00","twitter_card":"summary_large_image","twitter_misc":{"Gesch\u00e4tzte Lesezeit":"3\u00a0Minuten"},"schema":{"@context":"https:\/\/schema.org","@graph":[{"@type":"WebPage","@id":"https:\/\/elfsight.com\/de\/logo-showcase-widget\/webflow\/","url":"https:\/\/elfsight.com\/de\/logo-showcase-widget\/webflow\/","name":"Logo Showcase \u2013 Logo-Karussell-Widget zur Webflow-Website hinzuf\u00fcgen (2025)","isPartOf":{"@id":"https:\/\/elfsight.com\/de\/#website"},"datePublished":"2024-05-03T06:41:01+00:00","dateModified":"2025-02-21T12:06:41+00:00","description":"Es ist ganz einfach, Ihr Logo Showcase-Widget zu erstellen und es auf Ihrer Webflow-Website hinzuzuf\u00fcgen. Der Elfsight-Kundendienst ist kostenlos und schnell.","breadcrumb":{"@id":"https:\/\/elfsight.com\/de\/logo-showcase-widget\/webflow\/#breadcrumb"},"inLanguage":"de","potentialAction":[{"@type":"ReadAction","target":["https:\/\/elfsight.com\/de\/logo-showcase-widget\/webflow\/"]}]},{"@type":"BreadcrumbList","@id":"https:\/\/elfsight.com\/de\/logo-showcase-widget\/webflow\/#breadcrumb","itemListElement":[{"@type":"ListItem","position":1,"name":"Home","item":"https:\/\/elfsight.com\/de\/"},{"@type":"ListItem","position":2,"name":"Logo Showcase","item":"https:\/\/elfsight.com\/de\/logo-showcase-widget\/"},{"@type":"ListItem","position":3,"name":"Logo Showcase &#8211; Webflow"}]},{"@type":"WebSite","@id":"https:\/\/elfsight.com\/de\/#website","url":"https:\/\/elfsight.com\/de\/","name":"Elfsight DE","description":"Just another Elfsight Sites site","potentialAction":[{"@type":"SearchAction","target":{"@type":"EntryPoint","urlTemplate":"https:\/\/elfsight.com\/de\/?s={search_term_string}"},"query-input":{"@type":"PropertyValueSpecification","valueRequired":true,"valueName":"search_term_string"}}],"inLanguage":"de"}]}},"meta_box":{"industry":"","seo_heading":"","heading":"","description":"","cta_heading":"","cta_description":"","application":"499","h1":"Webflow-Logo-Schaufenster","h1_caption":"Zeigen Sie die Logos Ihrer Partner, Sponsoren oder Kunden an und bauen Sie so m\u00fchelos Glaubw\u00fcrdigkeit und Vertrauen f\u00fcr Ihre Marke auf Ihrer Webflow-Website auf.","application_category":[],"applications_title":"","applications_request_title":"","applications_request_button_text":"","hero_text":"","hero_video":"","hero_video_schema_markup":"","selling_points_title":"","selling_points_caption":"","selling_points":[],"selling_points_cta_text":"","features_title":"","features":"","ed_cta_examples_text":"","ed_cta_examples_hidden":"","ed_cta_demo_text":"","ed_cta_demo_hidden":"","why_caption":"","why_editor_title":"","why_editor_text":"","why_team_title":"","why_team_text":"","why_service_title":"","why_service_text":"","template_catalog_visible":"0","template_catalog_title":"","template_catalog_text":"","template_catalog_categories_visible":"","demo_title":"Erstellen Sie Ihr Logo Showcase-Widget","demo_caption":"Konfigurieren Sie Ihr Logo Showcase und f\u00fcgen Sie es kostenlos zu Ihrer Webflow-Website hinzu!","default_faq_hidden":"","app_template_category":[],"platform":"250","template_public_id":"","codecanyon_url":"","codecanyon_item_id":"","codecanyon_price":"","pricing_caption":"","pricing_elfsight_apps_hide_column":"","pricing_elfsight_apps_url":"","pricing_codecanyon_price_caption":"","integration_category":[],"integration_request_title":"","integration_request_cta":"","integration_platform":"","integrations":[],"platform_category":[],"video_schema_markup":"","price":"ab 0 $ \/ Monat","trial":"","benefits":[{"text":"Kostenloser Installationsservice"},{"text":"Professioneller Kundensupport"},{"text":"14-t\u00e4gige Geld-zur\u00fcck-Garantie"},{"text":"Regelm\u00e4\u00dfige kostenlose Verbesserungen"}],"button_url":"#demo","button_target_blank":"0","button_nofollow":"0","attributes":[{"name":"Installiert","content":"10,000 - 100,000"},{"name":"Reaktionsfreudig","content":"Ja"},{"name":"Kompatible Browser","content":"Opera, Chrome, Safari, Edge, Firefox"}],"tags":[],"tags_disable_links":"0","hide_more_platforms":"0","video_object":"","demo_hide_cta":"0","demo_hide_cloud_options":"0","pricing_title":"","pricing":[{"pricing_icon":"platform","pricing_title":"Elfsight Apps","pricing_title_caption":"Plattform\u00fcbergreifende digitale L\u00f6sung, die zu jeder Website passt","pricing_price":"ab 0 $ \/ Monat","pricing_price_caption":"Beginnen Sie mit einem kostenlosen Plan","pricing_benefits":[{"text":"Unbegrenzte Websites"},{"text":"Kostenloser und p\u00fcnktlicher Support"},{"text":"Kostenlose Installationshilfe"},{"text":"Sonderangebot f\u00fcr mehrere Apps"}],"pricing_button_text":"Zur Website hinzuf\u00fcgen","pricing_button_url":"#demo"}],"related_apps_title":"","related_apps_hidden":"0","author":"","image":[],"title":"","job":"","social_networks":[]},"_links":{"self":[{"href":"https:\/\/elfsight.com\/de\/wp-json\/wp\/v2\/pages\/20803","targetHints":{"allow":["GET"]}}],"collection":[{"href":"https:\/\/elfsight.com\/de\/wp-json\/wp\/v2\/pages"}],"about":[{"href":"https:\/\/elfsight.com\/de\/wp-json\/wp\/v2\/types\/page"}],"author":[{"embeddable":true,"href":"https:\/\/elfsight.com\/de\/wp-json\/wp\/v2\/users\/9"}],"replies":[{"embeddable":true,"href":"https:\/\/elfsight.com\/de\/wp-json\/wp\/v2\/comments?post=20803"}],"version-history":[{"count":3,"href":"https:\/\/elfsight.com\/de\/wp-json\/wp\/v2\/pages\/20803\/revisions"}],"predecessor-version":[{"id":24705,"href":"https:\/\/elfsight.com\/de\/wp-json\/wp\/v2\/pages\/20803\/revisions\/24705"}],"up":[{"embeddable":true,"href":"https:\/\/elfsight.com\/de\/wp-json\/wp\/v2\/pages\/1982"}],"wp:attachment":[{"href":"https:\/\/elfsight.com\/de\/wp-json\/wp\/v2\/media?parent=20803"}],"curies":[{"name":"wp","href":"https:\/\/api.w.org\/{rel}","templated":true}]}}