{"id":20802,"date":"2024-05-03T06:41:00","date_gmt":"2024-05-03T06:41:00","guid":{"rendered":"https:\/\/elfsight.com\/de\/?page_id=20802"},"modified":"2025-07-08T10:55:42","modified_gmt":"2025-07-08T10:55:42","slug":"webnode","status":"publish","type":"page","link":"https:\/\/elfsight.com\/de\/logo-showcase-widget\/webnode\/","title":{"rendered":"Logo Showcase &#8211; Webnode"},"content":{"rendered":"<div class=\"application-platform-content-item-description application-platform-content-item\" id=\"description\" data-nav-section=\"description\"><h2>Beschreibung<\/h2> <p>Elfsight Logo Showcase ist das unkomplizierteste Tool zum Anzeigen der Logos von Partnern und Sponsoren oder Ihrer Presseerw\u00e4hnungen auf Ihrer Website. Mit dem Widget beweisen Sie, dass Ihr Unternehmen ein glaubw\u00fcrdiger Gesch\u00e4ftspartner ist und entwickeln eine positive Vision Ihres Unternehmens. Mit dem Widget k\u00f6nnen Sie eine beliebige Anzahl von Logos anzeigen, sie in einem Karussell oder Raster organisieren und die Gr\u00f6\u00dfe der Logos \u00e4ndern. Sie k\u00f6nnen eine Bildunterschrift und Links zu den Websites der Unternehmen hinzuf\u00fcgen. Durch Anpassen der Farb- und Schriftarteinstellungen k\u00f6nnen Sie ein einzigartiges Erscheinungsbild konfigurieren. <\/p><p><b>Steigern Sie die Glaubw\u00fcrdigkeit Ihres Unternehmens. <\/b><\/p><\/div> <div class=\"application-platform-content-item-features application-platform-content-item\" id=\"features\" data-nav-section=\"features\"><h2>Funktionen<\/h2> <p>\u00dcberpr\u00fcfen Sie alle Funktionen von Logo Showcase. Sie sind direkt im Editor verf\u00fcgbar und helfen Ihnen, das Widget passend zu Ihren Bed\u00fcrfnissen zu konfigurieren. <\/p><ul><li> Verkn\u00fcpfen Sie die Logos mit einer beliebigen Adresse. <\/li><li>Umschaltbarer Header inklusive Titel und Text mit Formatierungseinstellungen; <\/li><li>CTA-Button kann mit jeder Webseite verlinkt werden; <\/li><li>Drei verschiedene Widget-Layouts: Slider, Grid und Karussell; <\/li><li>Eine Funktion zum \u00c4ndern der Logogr\u00f6\u00dfe und der Widget-Breite; <\/li><li>W\u00e4hlen Sie eine beliebige Hintergrundfarbe oder f\u00fcgen Sie Ihr Bild hinzu. <\/li><\/ul><p><a href=\"#demo\">Testen Sie alle anderen Funktionen in der Demo<\/a><\/p><\/div> <div class=\"application-platform-content-item-installation application-platform-content-item\" id=\"installation\" data-nav-section=\"installation\"><h2> Wie integriere ich Logo Showcase in meine Webnode-Website? <\/h2><p>Um das Widget zu aktivieren, f\u00fchren Sie diese schnellen Schritte aus<\/p><ul><li><b>Erstellen Sie Ihr personalisiertes Logo Showcase-Plugin<\/b><br>Richten Sie mit unserem kostenlosen Konfigurator ein Plugin ein mit einem bevorzugten Design und Funktionen. <\/li> <li><b>Erhalten Sie den individuellen Code zur Integration des Plugins<\/b><br>Nachdem Sie Ihr Widget festgelegt haben, erhalten Sie Ihren Installationscode aus dem Popup-Fenster von Elfsight Apps. Kopiere es. <\/li> <li><b>F\u00fcgen Sie das Plugin auf Ihrer Webnode-Site hinzu<\/b><br>Gehen Sie zu der Stelle, an der Sie das Plugin zeigen m\u00f6chten, und f\u00fcgen Sie dort den kopierten Code hinzu. Ver\u00f6ffentlichen Sie die \u00c4nderungen. <\/li> <li><b>Die Einbettung ist erfolgreich! <\/b><br>Besuchen Sie die Website, um Ihr Plugin zu \u00fcberpr\u00fcfen. <\/li><\/ul><p>Z\u00f6gern Sie nicht, sich an den Elfsight-Kundendienst zu wenden, wenn Sie Rat ben\u00f6tigen oder Fragen haben. Unsere Spezialisten helfen Ihnen gerne bei jeder Anfrage weiter. <\/p><div class=\"faq\" data-component=\"FAQ\"><div class=\"faq-item\">\r\n\t\t\t\t\t<div class=\"faq-item-question\">\r\n\t\t\t\t\t\t<h3 class=\"faq-item-question-text\">Wie kann ich Logo Showcase ohne Codierung in meine Webnode-Site einbetten?<\/h3>\r\n\r\n\t\t\t\t\t\t<div class=\"faq-item-question-icon\"><\/div>\r\n\t\t\t\t\t<\/div>\r\n\r\n\t\t\t\t\t<div class=\"faq-item-answer\">\r\n\t\t\t\t\t\t<div class=\"faq-item-answer-text\"> <p>Elfsight stellt eine L\u00f6sung vor, die es Benutzern erm\u00f6glicht, selbst ein Logo Showcase-Plugin zu erstellen. Finden Sie heraus, wie Der Prozess ist ganz einfach: Arbeiten Sie direkt in der Live-Demo, um eine Logo Showcase-App zu erstellen, die Sie gerne auf der Webnode-Homepage sehen w\u00fcrden. Entscheiden Sie sich f\u00fcr eine der vorgefertigten Vorlagen und passen Sie die Logo Showcase-Einstellungen an, \u00e4ndern Sie das Layout und die Farbe der Elemente und f\u00fcgen Sie Ihre Inhalte hinzu \u2013 ganz ohne Programmierkenntnisse. Klicken Sie hier, um das Logo Showcase zu speichern und den Installationscode des Widgets zu kopieren, der mit einem kostenlosen Plan auf der Webnode-Webseite hinzugef\u00fcgt werden kann. Mit unserem benutzerfreundlichen Editor kann jeder Internetnutzer ein Logo-Showcase erstellen und es problemlos in jede Webnode-Webseite einbetten. Es ist nicht erforderlich, zu bezahlen oder Ihre Kartendaten einzureichen, um auf unseren Editor zuzugreifen. Wenn Sie auf Probleme jeglicher Art sto\u00dfen, wenden Sie sich bitte an unseren technischen Kundensupport.<\/p> <\/div>\r\n\t\t\t\t\t<\/div>\r\n\t\t\t\t<\/div> <\/div><\/div>","protected":false},"excerpt":{"rendered":"","protected":false},"author":9,"featured_media":0,"parent":1982,"menu_order":0,"comment_status":"closed","ping_status":"closed","template":"templates\/template-application-platform.php","meta":{"publish_to_discourse":"","publish_post_category":"","wpdc_auto_publish_overridden":"","wpdc_topic_tags":"","wpdc_pin_topic":"","wpdc_pin_until":"","discourse_post_id":"","discourse_permalink":"","wpdc_publishing_response":"","wpdc_publishing_error":"","footnotes":""},"class_list":["post-20802","page","type-page","status-publish","hentry"],"yoast_head":"<!-- This site is optimized with the Yoast SEO plugin v25.3.1 - https:\/\/yoast.com\/wordpress\/plugins\/seo\/ -->\n<title>Logo Showcase \u2013 Logo-Karussell zur Webnode-Website hinzuf\u00fcgen (2025)<\/title>\n<meta name=\"description\" content=\"Es ist ganz einfach, Ihr Logo-Showcase zu erstellen und es auf Ihrer Webnode-Website hinzuzuf\u00fcgen. Der Elfsight-Kundendienst ist kostenlos und schnell.\" \/>\n<meta name=\"robots\" content=\"index, follow, max-snippet:-1, max-image-preview:large, max-video-preview:-1\" \/>\n<link rel=\"canonical\" href=\"https:\/\/elfsight.com\/de\/logo-showcase-widget\/webnode\/\" \/>\n<meta property=\"og:locale\" content=\"de_DE\" \/>\n<meta property=\"og:type\" content=\"article\" \/>\n<meta property=\"og:title\" content=\"Logo Showcase \u2013 Logo-Karussell zur Webnode-Website hinzuf\u00fcgen (2025)\" \/>\n<meta property=\"og:description\" content=\"Es ist ganz einfach, Ihr Logo-Showcase zu erstellen und es auf Ihrer Webnode-Website hinzuzuf\u00fcgen. Der Elfsight-Kundendienst ist kostenlos und schnell.\" \/>\n<meta property=\"og:url\" content=\"https:\/\/elfsight.com\/de\/logo-showcase-widget\/webnode\/\" \/>\n<meta property=\"og:site_name\" content=\"Elfsight DE\" \/>\n<meta property=\"article:modified_time\" content=\"2025-07-08T10:55:42+00:00\" \/>\n<meta name=\"twitter:card\" content=\"summary_large_image\" \/>\n<meta name=\"twitter:label1\" content=\"Gesch\u00e4tzte Lesezeit\" \/>\n\t<meta name=\"twitter:data1\" content=\"3\u00a0Minuten\" \/>\n<!-- \/ Yoast SEO plugin. -->","yoast_head_json":{"title":"Logo Showcase \u2013 Logo-Karussell zur Webnode-Website hinzuf\u00fcgen (2025)","description":"Es ist ganz einfach, Ihr Logo-Showcase zu erstellen und es auf Ihrer Webnode-Website hinzuzuf\u00fcgen. Der Elfsight-Kundendienst ist kostenlos und schnell.","robots":{"index":"index","follow":"follow","max-snippet":"max-snippet:-1","max-image-preview":"max-image-preview:large","max-video-preview":"max-video-preview:-1"},"canonical":"https:\/\/elfsight.com\/de\/logo-showcase-widget\/webnode\/","og_locale":"de_DE","og_type":"article","og_title":"Logo Showcase \u2013 Logo-Karussell zur Webnode-Website hinzuf\u00fcgen (2025)","og_description":"Es ist ganz einfach, Ihr Logo-Showcase zu erstellen und es auf Ihrer Webnode-Website hinzuzuf\u00fcgen. Der Elfsight-Kundendienst ist kostenlos und schnell.","og_url":"https:\/\/elfsight.com\/de\/logo-showcase-widget\/webnode\/","og_site_name":"Elfsight DE","article_modified_time":"2025-07-08T10:55:42+00:00","twitter_card":"summary_large_image","twitter_misc":{"Gesch\u00e4tzte Lesezeit":"3\u00a0Minuten"},"schema":{"@context":"https:\/\/schema.org","@graph":[{"@type":"WebPage","@id":"https:\/\/elfsight.com\/de\/logo-showcase-widget\/webnode\/","url":"https:\/\/elfsight.com\/de\/logo-showcase-widget\/webnode\/","name":"Logo Showcase \u2013 Logo-Karussell zur Webnode-Website hinzuf\u00fcgen (2025)","isPartOf":{"@id":"https:\/\/elfsight.com\/de\/#website"},"datePublished":"2024-05-03T06:41:00+00:00","dateModified":"2025-07-08T10:55:42+00:00","description":"Es ist ganz einfach, Ihr Logo-Showcase zu erstellen und es auf Ihrer Webnode-Website hinzuzuf\u00fcgen. Der Elfsight-Kundendienst ist kostenlos und schnell.","breadcrumb":{"@id":"https:\/\/elfsight.com\/de\/logo-showcase-widget\/webnode\/#breadcrumb"},"inLanguage":"de","potentialAction":[{"@type":"ReadAction","target":["https:\/\/elfsight.com\/de\/logo-showcase-widget\/webnode\/"]}]},{"@type":"BreadcrumbList","@id":"https:\/\/elfsight.com\/de\/logo-showcase-widget\/webnode\/#breadcrumb","itemListElement":[{"@type":"ListItem","position":1,"name":"Home","item":"https:\/\/elfsight.com\/de\/"},{"@type":"ListItem","position":2,"name":"Logo Showcase","item":"https:\/\/elfsight.com\/de\/logo-showcase-widget\/"},{"@type":"ListItem","position":3,"name":"Logo Showcase &#8211; Webnode"}]},{"@type":"WebSite","@id":"https:\/\/elfsight.com\/de\/#website","url":"https:\/\/elfsight.com\/de\/","name":"Elfsight DE","description":"Just another Elfsight Sites site","potentialAction":[{"@type":"SearchAction","target":{"@type":"EntryPoint","urlTemplate":"https:\/\/elfsight.com\/de\/?s={search_term_string}"},"query-input":{"@type":"PropertyValueSpecification","valueRequired":true,"valueName":"search_term_string"}}],"inLanguage":"de"}]}},"meta_box":{"industry":"","seo_heading":"","heading":"","description":"","cta_heading":"","cta_description":"","application":"499","h1":"Webnode-Logo-Showcase","h1_caption":"Zeigen Sie die Logos Ihrer Partner, Sponsoren oder Kunden an und bauen Sie so m\u00fchelos Glaubw\u00fcrdigkeit und Vertrauen f\u00fcr Ihre Marke auf Ihrer Webnode-Website auf.","application_category":[],"applications_title":"","applications_request_title":"","applications_request_button_text":"","hero_text":"","hero_video":"","hero_video_schema_markup":"","selling_points_title":"","selling_points_caption":"","selling_points":[],"selling_points_cta_text":"","features_title":"","features":"","ed_cta_examples_text":"","ed_cta_examples_hidden":"","ed_cta_demo_text":"","ed_cta_demo_hidden":"","why_caption":"","why_editor_title":"","why_editor_text":"","why_team_title":"","why_team_text":"","why_service_title":"","why_service_text":"","template_catalog_visible":"","template_catalog_title":"","template_catalog_text":"","template_catalog_categories_visible":"","demo_title":"Erstellen Sie Ihr Logo Showcase-Widget","demo_caption":"Konfigurieren Sie Ihr Logo Showcase und f\u00fcgen Sie es kostenlos Ihrer Webnode-Website hinzu!","default_faq_hidden":"","app_template_category":[],"platform":"248","template_public_id":"","codecanyon_url":"","codecanyon_item_id":"","codecanyon_price":"","pricing_caption":"","pricing_elfsight_apps_hide_column":"","pricing_elfsight_apps_url":"","pricing_codecanyon_price_caption":"","integration_category":[],"integration_request_title":"","integration_request_cta":"","integration_platform":"","integrations":[],"platform_category":[],"video_schema_markup":"","price":"ab 0 $ \/ Monat","trial":"","benefits":[{"text":"Kostenloser Installationsservice"},{"text":"Effektiver Kundenservice"},{"text":"14-t\u00e4gige Geld-zur\u00fcck-Garantie"},{"text":"Laufende Verbesserungen"}],"button_url":"#demo","button_target_blank":"","button_nofollow":"","attributes":[{"name":"Installiert","content":"10,000 - 100,000"},{"name":"Reaktionsfreudig","content":"Ja"},{"name":"Kompatible Browser","content":"Firefox, Safari, Opera, Chrome, Edge"}],"tags":[],"tags_disable_links":"","hide_more_platforms":"","video_object":"","demo_hide_cta":"","demo_hide_cloud_options":"","pricing_title":"","pricing":[{"pricing_icon":"platform","pricing_title":"Elfsight Apps","pricing_title_caption":"Plattform\u00fcbergreifende digitale L\u00f6sung, die auf jeder Website funktioniert","pricing_price":"ab 0 $ \/ Monat","pricing_price_caption":"Beginnen Sie mit einem kostenlosen Plan","pricing_benefits":[{"text":"Unbegrenzte Domains"},{"text":"Professionelle und p\u00fcnktliche Unterst\u00fctzung und gut dokumentiert"},{"text":"Kostenlose Installationsunterst\u00fctzung"},{"text":"Sonderpreis f\u00fcr mehrere Apps"}],"pricing_button_text":"Zur Website hinzuf\u00fcgen","pricing_button_url":"#demo"}],"related_apps_title":"","related_apps_hidden":"","author":"","image":[],"title":"","job":"","social_networks":[]},"_links":{"self":[{"href":"https:\/\/elfsight.com\/de\/wp-json\/wp\/v2\/pages\/20802","targetHints":{"allow":["GET"]}}],"collection":[{"href":"https:\/\/elfsight.com\/de\/wp-json\/wp\/v2\/pages"}],"about":[{"href":"https:\/\/elfsight.com\/de\/wp-json\/wp\/v2\/types\/page"}],"author":[{"embeddable":true,"href":"https:\/\/elfsight.com\/de\/wp-json\/wp\/v2\/users\/9"}],"replies":[{"embeddable":true,"href":"https:\/\/elfsight.com\/de\/wp-json\/wp\/v2\/comments?post=20802"}],"version-history":[{"count":1,"href":"https:\/\/elfsight.com\/de\/wp-json\/wp\/v2\/pages\/20802\/revisions"}],"predecessor-version":[{"id":20806,"href":"https:\/\/elfsight.com\/de\/wp-json\/wp\/v2\/pages\/20802\/revisions\/20806"}],"up":[{"embeddable":true,"href":"https:\/\/elfsight.com\/de\/wp-json\/wp\/v2\/pages\/1982"}],"wp:attachment":[{"href":"https:\/\/elfsight.com\/de\/wp-json\/wp\/v2\/media?parent=20802"}],"curies":[{"name":"wp","href":"https:\/\/api.w.org\/{rel}","templated":true}]}}