{"id":20801,"date":"2024-05-03T06:40:59","date_gmt":"2024-05-03T06:40:59","guid":{"rendered":"https:\/\/elfsight.com\/de\/?page_id=20801"},"modified":"2025-02-21T12:11:47","modified_gmt":"2025-02-21T12:11:47","slug":"wordpress","status":"publish","type":"page","link":"https:\/\/elfsight.com\/de\/logo-showcase-widget\/wordpress\/","title":{"rendered":"Logo Showcase &#8211; WordPress"},"content":{"rendered":"\n<div class=\"application-platform-content-item-description application-platform-content-item\" id=\"description\" data-nav-section=\"description\"><h2>Logo Showcase in WordPress mit dem Elfsight-Widget einbetten<\/h2> <p>Elfsight Logo Showcase ist das praktischste Tool zur Darstellung Ihrer Kunden- und Logos der Veranstalter oder Ihre Presseerw\u00e4hnungen auf der Website. Mit dem Widget k\u00f6nnen Sie ganz einfach beweisen, dass Sie ein seri\u00f6ser Partner sind und eine positive Vision Ihres Unternehmens pflegen. Mit dem Elfsight-Widget k\u00f6nnen Sie eine beliebige Anzahl von Kundenemblemen hochladen, sie in einem Karussell oder Raster zusammenstellen und den Ma\u00dfstab der Bilder variieren. Sie k\u00f6nnen Bildunterschriften und einen Link zu den Websites des Unternehmens anzeigen. Durch die Verwendung von Farb- und Schriftartenfunktionen ist es einfach, eine einzigartige Benutzeroberfl\u00e4che zu konfigurieren. <\/p><p><b>Erh\u00f6hen Sie den Umsatz und beweisen Sie Ihren ausgezeichneten Ruf als Unternehmen mit Logos von Partnern auf der Website. <\/b><\/p><\/div> <div class=\"application-platform-content-item-features application-platform-content-item\" id=\"features\" data-nav-section=\"features\"><h2>Hauptfunktionen des Logo Showcase-Widgets<\/h2> <p>\u00dcberpr\u00fcfen Sie alle funktionalen Merkmale von Logo Showcase. Sie k\u00f6nnen sie direkt im Editor verwalten und sie helfen Ihnen dabei, das richtige Widget f\u00fcr Ihren Fall zu erstellen. <\/p><ul><li> Verkn\u00fcpfen Sie jedes Logo mit einer beliebigen Webseite. <\/li><li>Der umschaltbare Header enth\u00e4lt Titel und Text mit unterst\u00fctzter Formatierung. <\/li><li>CTA-Button kann mit jeder Webseite verbunden werden; <\/li><li>Drei ausgewogene Widget-Layouts: Slider, Grid und Karussell; <\/li><li>Die M\u00f6glichkeit, die Logogr\u00f6\u00dfe und die Widget-Breite anzupassen; <\/li><li>W\u00e4hlen Sie eine beliebige Hintergrundfarbe oder verwenden Sie Ihr Bild. <\/li><\/ul><p><a href=\"#demo\">Sie k\u00f6nnen alle Funktionen des Widgets direkt in der Demo testen<\/a><\/p><\/div> <div class=\"application-platform-content-item-installation application-platform-content-item\" id=\"installation\" data-nav-section=\"installation\"> <h2>Wie kann ich Logo Showcase in eine WordPress-Website einbetten? <\/h2><div class=\"video-container\"><iframe width=\"560\" height=\"315\" src=\"https:\/\/www.youtube.com\/embed\/W3ZgG9V34tA?si=JebkJv7N7iGzZ26p\" frameborder=\"0\" allow=\"accelerometer; autoplay; clipboard-write; encrypted-media; gyroscope; picture-in-picture; web-share\" allowfullscreen><\/iframe><\/div><p>F\u00fchren Sie einfach die unten aufgef\u00fchrten Schritte aus, um das Tool zu WordPress hinzuzuf\u00fcgen.<\/p> <ol><li><b>Verwalten Sie unseren kostenlosen Konfigurator und beginnen Sie mit der Gestaltung Ihres individuellen Instruments. <\/b><br> Bestimmen Sie das bevorzugte Aussehen und die Eigenschaften des Werkzeugs und nehmen Sie die Korrekturen vor. <\/li> <li><b>Erhalten Sie den pers\u00f6nlichen Code, der im speziellen Formular auf Elfsight Apps angezeigt wird. <\/b><br> Gleich nachdem die Generierung Ihres Logo Showcase-Plugins abgeschlossen ist, kopieren Sie den exklusiven Code aus dem angezeigten Popup und speichern Sie ihn f\u00fcr einen sp\u00e4teren Anlass. <\/li> <li><b>Erste Schritte mit der Verwendung des Plugins auf Ihrer WordPress-Website. <\/b><br> Platzieren Sie den zuvor kopierten Code auf Ihrer Website und speichern Sie die Anpassungen. <\/li> <li><b>Die Installation wurde erfolgreich durchgef\u00fchrt. <\/b><br> Besuchen Sie Ihre Website, um zu \u00fcberpr\u00fcfen, wie das Tool funktioniert. <\/li><\/ol> <p>Sie k\u00f6nnen sich gerne an den Kundendienst von Elfsight wenden, wenn Sie Hilfe ben\u00f6tigen oder Probleme haben. Wir helfen Ihnen gerne bei jeder Anfrage weiter. <\/p><div class=\"faq\" data-component=\"FAQ\"><div class=\"faq-item\">\r\n\t\t\t\t\t<div class=\"faq-item-question\">\r\n\t\t\t\t\t\t<h3 class=\"faq-item-question-text\">Wie kann ich ohne Programmierkenntnisse einen Logo Showcase f\u00fcr WordPress in meine Webflow-Website einbetten?<\/h3>\r\n\r\n\t\t\t\t\t\t<div class=\"faq-item-question-icon\"><\/div>\r\n\t\t\t\t\t<\/div>\r\n\r\n\t\t\t\t\t<div class=\"faq-item-answer\">\r\n\t\t\t\t\t\t<div class=\"faq-item-answer-text\"><p>Elfsight bietet eine cloudbasierte L\u00f6sung, mit der Benutzer einen Logo Showcase f\u00fcr erstellen k\u00f6nnen WordPress selbst. Sehen Sie, wie einfach der Vorgang ist:<\/p><ul><li>Greifen Sie auf den Online-Editor zu, um einen Abschnitt \u201eLogo Showcase f\u00fcr WordPress\u201c zu erstellen, den Sie in Ihre Webflow-Website integrieren m\u00f6chten.<\/li><li>W\u00e4hlen Sie einen davon aus Nutzen Sie unsere vorgefertigten Vorlagen und passen Sie die Einstellungen f\u00fcr Logo Showcase f\u00fcr WordPress an, \u00e4ndern Sie das Layout und das Farbschema und f\u00fcgen Sie Ihre Inhalte ein, ohne dass eine Codierung erforderlich ist.<\/li><li>Speichern Sie die Einstellungen, die Sie f\u00fcr Logo Showcase f\u00fcr WordPress konfiguriert haben und erhalten Sie den Code zum Einbetten des Showcases, der m\u00fchelos und kostenlos zu Ihrer Webflow-Website hinzugef\u00fcgt werden kann.<\/li><\/ul><p>Durch die Arbeit im benutzerfreundlichen Editor kann jeder Internetnutzer ein Logo-Showcase erstellen f\u00fcr WordPress-Bereich und betten Sie ihn in ihre Webflow-Website ein. F\u00fcr den Zugriff auf den Elfsight-Editor ist keine Zahlung oder Offenlegung Ihrer Karteninformationen erforderlich. Sollten Sie zu irgendeinem Zeitpunkt auf Schwierigkeiten sto\u00dfen, wenden Sie sich bitte an unseren Kundensupport.<\/p><\/div>\r\n\t\t\t\t\t<\/div>\r\n\t\t\t\t<\/div><\/div><\/div>\n","protected":false},"excerpt":{"rendered":"","protected":false},"author":9,"featured_media":0,"parent":1982,"menu_order":0,"comment_status":"closed","ping_status":"closed","template":"templates\/template-application-platform.php","meta":{"publish_to_discourse":"","publish_post_category":"","wpdc_auto_publish_overridden":"","wpdc_topic_tags":"","wpdc_pin_topic":"","wpdc_pin_until":"","discourse_post_id":"","discourse_permalink":"","wpdc_publishing_response":"","wpdc_publishing_error":"","footnotes":""},"class_list":["post-20801","page","type-page","status-publish","hentry"],"yoast_head":"<!-- This site is optimized with the Yoast SEO plugin v25.3.1 - https:\/\/yoast.com\/wordpress\/plugins\/seo\/ -->\n<title>Logo Showcase \u2013 Logo-Karussell-Plugin zur WordPress-Website hinzuf\u00fcgen (2025)<\/title>\n<meta name=\"description\" content=\"Es ist ganz einfach, Ihr Logo Showcase-Plugin zu erstellen und es auf Ihrer WordPress-Website hinzuzuf\u00fcgen. Der Elfsight-Kundendienst ist kostenlos und schnell.\" \/>\n<meta name=\"robots\" content=\"index, follow, max-snippet:-1, max-image-preview:large, max-video-preview:-1\" \/>\n<link rel=\"canonical\" href=\"https:\/\/elfsight.com\/de\/logo-showcase-widget\/wordpress\/\" \/>\n<meta property=\"og:locale\" content=\"de_DE\" \/>\n<meta property=\"og:type\" content=\"article\" \/>\n<meta property=\"og:title\" content=\"Logo Showcase \u2013 Logo-Karussell-Plugin zur WordPress-Website hinzuf\u00fcgen (2025)\" \/>\n<meta property=\"og:description\" content=\"Es ist ganz einfach, Ihr Logo Showcase-Plugin zu erstellen und es auf Ihrer WordPress-Website hinzuzuf\u00fcgen. Der Elfsight-Kundendienst ist kostenlos und schnell.\" \/>\n<meta property=\"og:url\" content=\"https:\/\/elfsight.com\/de\/logo-showcase-widget\/wordpress\/\" \/>\n<meta property=\"og:site_name\" content=\"Elfsight DE\" \/>\n<meta property=\"article:modified_time\" content=\"2025-02-21T12:11:47+00:00\" \/>\n<meta name=\"twitter:card\" content=\"summary_large_image\" \/>\n<meta name=\"twitter:label1\" content=\"Gesch\u00e4tzte Lesezeit\" \/>\n\t<meta name=\"twitter:data1\" content=\"4\u00a0Minuten\" \/>\n<!-- \/ Yoast SEO plugin. -->","yoast_head_json":{"title":"Logo Showcase \u2013 Logo-Karussell-Plugin zur WordPress-Website hinzuf\u00fcgen (2025)","description":"Es ist ganz einfach, Ihr Logo Showcase-Plugin zu erstellen und es auf Ihrer WordPress-Website hinzuzuf\u00fcgen. Der Elfsight-Kundendienst ist kostenlos und schnell.","robots":{"index":"index","follow":"follow","max-snippet":"max-snippet:-1","max-image-preview":"max-image-preview:large","max-video-preview":"max-video-preview:-1"},"canonical":"https:\/\/elfsight.com\/de\/logo-showcase-widget\/wordpress\/","og_locale":"de_DE","og_type":"article","og_title":"Logo Showcase \u2013 Logo-Karussell-Plugin zur WordPress-Website hinzuf\u00fcgen (2025)","og_description":"Es ist ganz einfach, Ihr Logo Showcase-Plugin zu erstellen und es auf Ihrer WordPress-Website hinzuzuf\u00fcgen. Der Elfsight-Kundendienst ist kostenlos und schnell.","og_url":"https:\/\/elfsight.com\/de\/logo-showcase-widget\/wordpress\/","og_site_name":"Elfsight DE","article_modified_time":"2025-02-21T12:11:47+00:00","twitter_card":"summary_large_image","twitter_misc":{"Gesch\u00e4tzte Lesezeit":"4\u00a0Minuten"},"schema":{"@context":"https:\/\/schema.org","@graph":[{"@type":"WebPage","@id":"https:\/\/elfsight.com\/de\/logo-showcase-widget\/wordpress\/","url":"https:\/\/elfsight.com\/de\/logo-showcase-widget\/wordpress\/","name":"Logo Showcase \u2013 Logo-Karussell-Plugin zur WordPress-Website hinzuf\u00fcgen (2025)","isPartOf":{"@id":"https:\/\/elfsight.com\/de\/#website"},"datePublished":"2024-05-03T06:40:59+00:00","dateModified":"2025-02-21T12:11:47+00:00","description":"Es ist ganz einfach, Ihr Logo Showcase-Plugin zu erstellen und es auf Ihrer WordPress-Website hinzuzuf\u00fcgen. Der Elfsight-Kundendienst ist kostenlos und schnell.","breadcrumb":{"@id":"https:\/\/elfsight.com\/de\/logo-showcase-widget\/wordpress\/#breadcrumb"},"inLanguage":"de","potentialAction":[{"@type":"ReadAction","target":["https:\/\/elfsight.com\/de\/logo-showcase-widget\/wordpress\/"]}]},{"@type":"BreadcrumbList","@id":"https:\/\/elfsight.com\/de\/logo-showcase-widget\/wordpress\/#breadcrumb","itemListElement":[{"@type":"ListItem","position":1,"name":"Home","item":"https:\/\/elfsight.com\/de\/"},{"@type":"ListItem","position":2,"name":"Logo Showcase","item":"https:\/\/elfsight.com\/de\/logo-showcase-widget\/"},{"@type":"ListItem","position":3,"name":"Logo Showcase &#8211; WordPress"}]},{"@type":"WebSite","@id":"https:\/\/elfsight.com\/de\/#website","url":"https:\/\/elfsight.com\/de\/","name":"Elfsight DE","description":"Just another Elfsight Sites site","potentialAction":[{"@type":"SearchAction","target":{"@type":"EntryPoint","urlTemplate":"https:\/\/elfsight.com\/de\/?s={search_term_string}"},"query-input":{"@type":"PropertyValueSpecification","valueRequired":true,"valueName":"search_term_string"}}],"inLanguage":"de"}]}},"meta_box":{"industry":"","seo_heading":"","heading":"","description":"","cta_heading":"","cta_description":"","application":"499","h1":"WordPress-Logo-Showcase","h1_caption":"Zeigen Sie die Logos Ihrer Partner, Sponsoren oder Kunden an und bauen Sie so m\u00fchelos Glaubw\u00fcrdigkeit und Vertrauen f\u00fcr Ihre Marke auf Ihrer WordPress-Website auf.","application_category":[],"applications_title":"","applications_request_title":"","applications_request_button_text":"","hero_text":"","hero_video":"","hero_video_schema_markup":"","selling_points_title":"","selling_points_caption":"","selling_points":[],"selling_points_cta_text":"","features_title":"","features":"","ed_cta_examples_text":"","ed_cta_examples_hidden":"","ed_cta_demo_text":"","ed_cta_demo_hidden":"","why_caption":"","why_editor_title":"","why_editor_text":"","why_team_title":"","why_team_text":"","why_service_title":"","why_service_text":"","template_catalog_visible":"0","template_catalog_title":"","template_catalog_text":"","template_catalog_categories_visible":"","demo_title":"Erstellen Sie Ihr Logo Showcase-Plugin","demo_caption":"Konfigurieren Sie Ihr Logo Showcase und f\u00fcgen Sie es kostenlos Ihrer WordPress-Website hinzu!","default_faq_hidden":"","app_template_category":[],"platform":"266","template_public_id":"","codecanyon_url":"","codecanyon_item_id":"","codecanyon_price":"","pricing_caption":"","pricing_elfsight_apps_hide_column":"","pricing_elfsight_apps_url":"","pricing_codecanyon_price_caption":"","integration_category":[],"integration_request_title":"","integration_request_cta":"","integration_platform":"","integrations":[],"platform_category":[],"video_schema_markup":"","price":"ab 0 $ \/ Monat","trial":"","benefits":[{"text":"Kostenlose Installationshilfe"},{"text":"Au\u00dfergew\u00f6hnlicher Support"},{"text":"14-t\u00e4gige R\u00fcckerstattungsgarantie"},{"text":"Laufende Verbesserungen"}],"button_url":"#demo","button_target_blank":"0","button_nofollow":"0","attributes":[{"name":"Installiert","content":"10,000 - 100,000"},{"name":"Reaktionsfreudig","content":"Ja"},{"name":"Kompatible Browser","content":"Firefox, Safari, Opera, Chrome, Edge"}],"tags":[],"tags_disable_links":"0","hide_more_platforms":"0","video_object":"","demo_hide_cta":"0","demo_hide_cloud_options":"0","pricing_title":"","pricing":[{"pricing_icon":"platform","pricing_title":"Elfsight Apps","pricing_title_caption":"Plattform\u00fcbergreifende Software, die f\u00fcr jede Website geeignet ist","pricing_price":"ab 0 $ \/ Monat","pricing_price_caption":"Beginnen Sie mit einem kostenlosen Plan","pricing_benefits":[{"text":"Unbegrenzte Websites"},{"text":"Professionelle und p\u00fcnktliche Unterst\u00fctzung"},{"text":"Kostenlose Installationshilfe"},{"text":"Preis f\u00fcr mehrere Apps"}],"pricing_button_text":"Zur Website hinzuf\u00fcgen","pricing_button_url":"#demo"}],"related_apps_title":"","related_apps_hidden":"0","author":"","image":[],"title":"","job":"","social_networks":[]},"_links":{"self":[{"href":"https:\/\/elfsight.com\/de\/wp-json\/wp\/v2\/pages\/20801","targetHints":{"allow":["GET"]}}],"collection":[{"href":"https:\/\/elfsight.com\/de\/wp-json\/wp\/v2\/pages"}],"about":[{"href":"https:\/\/elfsight.com\/de\/wp-json\/wp\/v2\/types\/page"}],"author":[{"embeddable":true,"href":"https:\/\/elfsight.com\/de\/wp-json\/wp\/v2\/users\/9"}],"replies":[{"embeddable":true,"href":"https:\/\/elfsight.com\/de\/wp-json\/wp\/v2\/comments?post=20801"}],"version-history":[{"count":3,"href":"https:\/\/elfsight.com\/de\/wp-json\/wp\/v2\/pages\/20801\/revisions"}],"predecessor-version":[{"id":24708,"href":"https:\/\/elfsight.com\/de\/wp-json\/wp\/v2\/pages\/20801\/revisions\/24708"}],"up":[{"embeddable":true,"href":"https:\/\/elfsight.com\/de\/wp-json\/wp\/v2\/pages\/1982"}],"wp:attachment":[{"href":"https:\/\/elfsight.com\/de\/wp-json\/wp\/v2\/media?parent=20801"}],"curies":[{"name":"wp","href":"https:\/\/api.w.org\/{rel}","templated":true}]}}