{"id":208,"date":"2020-02-25T14:56:25","date_gmt":"2020-02-25T14:56:25","guid":{"rendered":"https:\/\/elfsight.com\/de\/?page_id=208"},"modified":"2020-09-16T13:19:51","modified_gmt":"2020-09-16T13:19:51","slug":"pagecloud-apps","status":"publish","type":"page","link":"https:\/\/elfsight.com\/de\/pagecloud-apps\/","title":{"rendered":"PageCloud apps"},"content":{"rendered":"\n\n\n<p>F\u00fcr mehrere Jahre hat Elfsight Kompanie viele v\u00f6llig komfortablen und einfachen Werkzeuge f\u00fcr Pagecloud Websites realisiert. Mit Hilfe der Plugins k\u00f6nnen Sie den Umsatz steigern, Ihren Gewinn steigern,jederzeit \u00fcber Chats mit Kunden in Kontakt bleiben und andere gesch\u00e4ftlichen Herausforderungen l\u00f6sen.<\/p> \n\n<p>Unsere Team liefert eine gro\u00dfe Vielfalt von Peiswahlen: von gratis bis zu Premium. Vergr\u00f6\u00dfern Ihre Website ohne zus\u00e4tzlichen Kosten.<\/p>\n\n\n\n\n\n<h2>Warum w\u00e4hlen viele Website-Eigent\u00fcmer unsere Widgets?<\/h2>\n\n<p>Schauen Sie sich die nachstehende Reihe der wichtigsten Vorteile:<\/p> \n<ul>\n<li>Gratis Installationshilfe  des Apps;<\/li>\n\n<li>Voll ansprechbare f\u00fcr jeden Bildschirm; <\/li>\n\n<li>Keine Kodierung;<\/li>\n\n<li>Eine Vielzahl von anpassbare und einsatzf\u00e4hige Vorlagen;<\/li>\n\n<li>M\u00fchelose Benutzeroberfl\u00e4che;<\/li>\n\n<li>Die Cloud-Dienste f\u00fcr hoher Ladegeschwindigkeit; <\/li>                                                                                                                \n\n<li>Die regul\u00e4re automatische Updates;<\/li> \n\n<li>Schnelle Hilfe von erfahrenen Elfsight Team.<\/li> \n<\/ul>\n\n<p>Testen  Sie mit kostenfreien Widget. Bewerten Sie alle M\u00f6glichkeiten oder erwerben Sie ausgew\u00e4hlte Plugin mit 20% Erm\u00e4ssigung. <\/p> \n\n<h2>Wie kann ich ein App auf Pagecloud Website integrieren?<\/h2> \n<p>Um ein Werkzeug auf der Website einzubetten, sehen Sie einfach die folgenden Anweisungen: <\/p>\n<ol>\n<li>Finden Sie das optimal Werkzeug und w\u00e4hlen Sie die entsprechenden Einstellungen. Speichern Sie die \u00c4nderungen.<\/li> \n\n<li>F\u00fcgen Sie Code hinzu um das App auf Ihrer Webseite zu installieren. <\/li>\n\n<li>Widget-Installation ist erfolgreich durchgef\u00fchrt! <\/li>\n<\/ol>\n<p>Falls Sie eine kostenlose Hilfe f\u00fcr die Integration des Widgets brauchen, dann unserer Support Team hilft Ihnen gerne weiter.<\/p>\n","protected":false},"excerpt":{"rendered":"F\u00fcr mehrere Jahre hat Elfsight Kompanie viele v\u00f6llig komfortablen und einfachen Werkzeuge f\u00fcr Pagecloud Websites realisiert. Mit Hilfe der Plugins k\u00f6nnen Sie den Umsatz steigern, Ihren Gewinn steigern,jederzeit \u00fcber Chats mit Kunden in Kontakt bleiben und andere gesch\u00e4ftlichen Herausforderungen l\u00f6sen. Unsere Team liefert eine gro\u00dfe Vielfalt von Peiswahlen: von gratis&#8230;","protected":false},"author":11,"featured_media":0,"parent":0,"menu_order":0,"comment_status":"closed","ping_status":"closed","template":"templates\/template-platform.php","meta":{"publish_to_discourse":"","publish_post_category":"","wpdc_auto_publish_overridden":"","wpdc_topic_tags":"","wpdc_pin_topic":"","wpdc_pin_until":"","discourse_post_id":"","discourse_permalink":"","wpdc_publishing_response":"","wpdc_publishing_error":"","footnotes":""},"class_list":["post-208","page","type-page","status-publish","hentry"],"yoast_head":"<!-- This site is optimized with the Yoast SEO plugin v25.3.1 - https:\/\/yoast.com\/wordpress\/plugins\/seo\/ -->\n<title>Die besten kostenlosen PageCloud-Apps f\u00fcr Ihre Website (2025)<\/title>\n<meta name=\"description\" content=\"Eine Serie von gebrauchsfertigen gratis Bedienelemente besonders f\u00fcr Ihre Websites. Hilfe mit der Personalisierung und unendliche Anzahl von M\u00f6glichkeiten.\" \/>\n<meta name=\"robots\" content=\"index, follow, max-snippet:-1, max-image-preview:large, max-video-preview:-1\" \/>\n<link rel=\"canonical\" href=\"https:\/\/elfsight.com\/de\/pagecloud-apps\/\" \/>\n<meta property=\"og:locale\" content=\"de_DE\" \/>\n<meta property=\"og:type\" content=\"article\" \/>\n<meta property=\"og:title\" content=\"Die besten kostenlosen PageCloud-Apps f\u00fcr Ihre Website (2025)\" \/>\n<meta property=\"og:description\" content=\"Eine Serie von gebrauchsfertigen gratis Bedienelemente besonders f\u00fcr Ihre Websites. Hilfe mit der Personalisierung und unendliche Anzahl von M\u00f6glichkeiten.\" \/>\n<meta property=\"og:url\" content=\"https:\/\/elfsight.com\/de\/pagecloud-apps\/\" \/>\n<meta property=\"og:site_name\" content=\"Elfsight DE\" \/>\n<meta property=\"article:modified_time\" content=\"2020-09-16T13:19:51+00:00\" \/>\n<meta name=\"twitter:card\" content=\"summary_large_image\" \/>\n<meta name=\"twitter:label1\" content=\"Gesch\u00e4tzte Lesezeit\" \/>\n\t<meta name=\"twitter:data1\" content=\"1\u00a0Minute\" \/>\n<!-- \/ Yoast SEO plugin. -->","yoast_head_json":{"title":"Die besten kostenlosen PageCloud-Apps f\u00fcr Ihre Website (2025)","description":"Eine Serie von gebrauchsfertigen gratis Bedienelemente besonders f\u00fcr Ihre Websites. Hilfe mit der Personalisierung und unendliche Anzahl von M\u00f6glichkeiten.","robots":{"index":"index","follow":"follow","max-snippet":"max-snippet:-1","max-image-preview":"max-image-preview:large","max-video-preview":"max-video-preview:-1"},"canonical":"https:\/\/elfsight.com\/de\/pagecloud-apps\/","og_locale":"de_DE","og_type":"article","og_title":"Die besten kostenlosen PageCloud-Apps f\u00fcr Ihre Website (2025)","og_description":"Eine Serie von gebrauchsfertigen gratis Bedienelemente besonders f\u00fcr Ihre Websites. Hilfe mit der Personalisierung und unendliche Anzahl von M\u00f6glichkeiten.","og_url":"https:\/\/elfsight.com\/de\/pagecloud-apps\/","og_site_name":"Elfsight DE","article_modified_time":"2020-09-16T13:19:51+00:00","twitter_card":"summary_large_image","twitter_misc":{"Gesch\u00e4tzte Lesezeit":"1\u00a0Minute"},"schema":{"@context":"https:\/\/schema.org","@graph":[{"@type":"WebPage","@id":"https:\/\/elfsight.com\/de\/pagecloud-apps\/","url":"https:\/\/elfsight.com\/de\/pagecloud-apps\/","name":"Die besten kostenlosen PageCloud-Apps f\u00fcr Ihre Website (2025)","isPartOf":{"@id":"https:\/\/elfsight.com\/de\/#website"},"datePublished":"2020-02-25T14:56:25+00:00","dateModified":"2020-09-16T13:19:51+00:00","description":"Eine Serie von gebrauchsfertigen gratis Bedienelemente besonders f\u00fcr Ihre Websites. Hilfe mit der Personalisierung und unendliche Anzahl von M\u00f6glichkeiten.","breadcrumb":{"@id":"https:\/\/elfsight.com\/de\/pagecloud-apps\/#breadcrumb"},"inLanguage":"de","potentialAction":[{"@type":"ReadAction","target":["https:\/\/elfsight.com\/de\/pagecloud-apps\/"]}]},{"@type":"BreadcrumbList","@id":"https:\/\/elfsight.com\/de\/pagecloud-apps\/#breadcrumb","itemListElement":[{"@type":"ListItem","position":1,"name":"Home","item":"https:\/\/elfsight.com\/de\/"},{"@type":"ListItem","position":2,"name":"PageCloud apps"}]},{"@type":"WebSite","@id":"https:\/\/elfsight.com\/de\/#website","url":"https:\/\/elfsight.com\/de\/","name":"Elfsight DE","description":"Just another Elfsight Sites site","potentialAction":[{"@type":"SearchAction","target":{"@type":"EntryPoint","urlTemplate":"https:\/\/elfsight.com\/de\/?s={search_term_string}"},"query-input":{"@type":"PropertyValueSpecification","valueRequired":true,"valueName":"search_term_string"}}],"inLanguage":"de"}]}},"meta_box":{"industry":"","seo_heading":"","heading":"","description":"","cta_heading":"","cta_description":"","application":"","h1":"Passende intelligente L\u00f6sungen f\u00fcr Ihre PagecloudWebseite","h1_caption":"Dies ist die Serie von einsatzbereiten Plugins f\u00fcr Web-Seite, um seine Benutzerinteraktion zu gestalten und verschiedene wirtschaftliche Zweck zu treffen. Diese Miniprogramme kann m\u00fchelos adaptiert und eingebettet werden. Unsere Kompanie erm\u00f6glicht die unbegrenzte Reihe von M\u00f6glichkeiten und die hochqualifizierte technische Support f\u00fcr alle Kunden.","application_category":[],"applications_title":"Probieren Sie alle schl\u00fcsselfertigen kostenfreien PagecloudMiniprogramme auf der Auswahl:","applications_request_title":"Sie k\u00f6nnen das gew\u00fcnschte Widget nicht finden?","applications_request_button_text":"Fordern Sie ein App an","hero_text":"","hero_video":"","hero_video_schema_markup":"","selling_points_title":"","selling_points_caption":"","selling_points":[],"selling_points_cta_text":"","features_title":"","features":"","ed_cta_examples_text":"","ed_cta_examples_hidden":"","ed_cta_demo_text":"","ed_cta_demo_hidden":"","why_caption":"","why_editor_title":"","why_editor_text":"","why_team_title":"","why_team_text":"","why_service_title":"","why_service_text":"","template_catalog_visible":"","template_catalog_title":"","template_catalog_text":"","template_catalog_categories_visible":"","demo_title":"","demo_caption":"","default_faq_hidden":"","app_template_category":[],"platform":"207","template_public_id":"","codecanyon_url":"","codecanyon_item_id":"","codecanyon_price":"","pricing_caption":"","pricing_elfsight_apps_hide_column":"","pricing_elfsight_apps_url":"","pricing_codecanyon_price_caption":"","integration_category":[],"integration_request_title":"","integration_request_cta":"","integration_platform":"","integrations":[],"platform_category":[],"video_schema_markup":"","price":"","trial":"","benefits":[],"button_url":"","button_target_blank":"","button_nofollow":"","attributes":[],"tags":[],"tags_disable_links":"","hide_more_platforms":"","video_object":"","demo_hide_cta":"","demo_hide_cloud_options":"","pricing_title":"","pricing":[],"related_apps_title":"","related_apps_hidden":"","author":"","image":[],"title":"","job":"","social_networks":[]},"_links":{"self":[{"href":"https:\/\/elfsight.com\/de\/wp-json\/wp\/v2\/pages\/208","targetHints":{"allow":["GET"]}}],"collection":[{"href":"https:\/\/elfsight.com\/de\/wp-json\/wp\/v2\/pages"}],"about":[{"href":"https:\/\/elfsight.com\/de\/wp-json\/wp\/v2\/types\/page"}],"author":[{"embeddable":true,"href":"https:\/\/elfsight.com\/de\/wp-json\/wp\/v2\/users\/11"}],"replies":[{"embeddable":true,"href":"https:\/\/elfsight.com\/de\/wp-json\/wp\/v2\/comments?post=208"}],"version-history":[{"count":5,"href":"https:\/\/elfsight.com\/de\/wp-json\/wp\/v2\/pages\/208\/revisions"}],"predecessor-version":[{"id":3026,"href":"https:\/\/elfsight.com\/de\/wp-json\/wp\/v2\/pages\/208\/revisions\/3026"}],"wp:attachment":[{"href":"https:\/\/elfsight.com\/de\/wp-json\/wp\/v2\/media?parent=208"}],"curies":[{"name":"wp","href":"https:\/\/api.w.org\/{rel}","templated":true}]}}