{"id":20796,"date":"2024-05-03T06:40:58","date_gmt":"2024-05-03T06:40:58","guid":{"rendered":"https:\/\/elfsight.com\/de\/?page_id=20796"},"modified":"2025-07-08T10:54:47","modified_gmt":"2025-07-08T10:54:47","slug":"facebook","status":"publish","type":"page","link":"https:\/\/elfsight.com\/de\/logo-showcase-widget\/facebook\/","title":{"rendered":"Logo Showcase &#8211; Facebook Page"},"content":{"rendered":"<div class=\"application-platform-content-item-description application-platform-content-item\" id=\"description\" data-nav-section=\"description\"><h2>Beschreibung<\/h2> <p>Elfsight Logo Showcase ist das einfachste Tool zur Pr\u00e4sentation der Logos mehrerer Partner oder Sponsoren oder Ihrer Presseerw\u00e4hnungen deine Website. Mit dem Elfsight-Widget zeigen Sie, dass Ihr Unternehmen ein seri\u00f6ser Partner ist und erhalten eine gute Vision Ihres Unternehmens. Mit dem Widget k\u00f6nnen Sie unendlich viele Logos hinzuf\u00fcgen, sie in einen Schieberegler oder ein Raster einbauen und die Gr\u00f6\u00dfe der Logos \u00e4ndern. Sie k\u00f6nnen Bildunterschriften und Links zu den Websites der Unternehmen hinzuf\u00fcgen. Durch die Verwendung von Farb- und Schriftartoptionen ist es einfach, eine einzigartige Benutzeroberfl\u00e4che zu erstellen. <\/p><p><b>Erh\u00f6hen Sie den Umsatz, indem Sie Ihren tadellosen Firmennamen unter Beweis stellen, indem Sie die Logos Ihrer Kunden auf Ihrer Website platzieren. <\/b><\/p><\/div> <div class=\"application-platform-content-item-features application-platform-content-item\" id=\"features\" data-nav-section=\"features\"><h2>Funktionen<\/h2> <p>Hier k\u00f6nnen Sie alle funktionalen Merkmale von Logo Showcase sehen. Sie k\u00f6nnen diese direkt im Editor festlegen und sie helfen Ihnen dabei, das Widget speziell f\u00fcr Ihren Fall zu konfigurieren. <\/p><ul><li>Sie k\u00f6nnen die Logos mit jeder Adresse verkn\u00fcpfen; <\/li><li>Flexibler Header mit Titel und Text mit Formatierungseinstellungen; <\/li><li>CTA-Button kann mit jeder Seite verlinkt werden; <\/li><li>3 ausgewogene Widget-Layouts: Slider, Grid und Karussell; <\/li><li>Eine Funktion zum Festlegen der Logogr\u00f6\u00dfe und des Widget-Breitenparameters; <\/li><li>Die Option, eine beliebige Hintergrundfarbe auszuw\u00e4hlen oder Ihr Bild hinzuzuf\u00fcgen. <\/li><\/ul><p><a href=\"#demo\">Testen Sie alle anderen Funktionen in der Demo<\/a><\/p><\/div> <div class=\"application-platform-content-item-installation application-platform-content-item\" id=\"installation\" data-nav-section=\"installation\"><h2> Wie f\u00fcge ich Logo Showcase zu meinem Facebook-Seiten-Tab hinzu? <\/h2><p>Um das Widget einzubetten, befolgen Sie einfach die nachstehenden Anweisungen<\/p><ul><li><b>Generieren Sie Ihr pers\u00f6nliches Logo-Widget<\/b><br>Erstellen Sie es mit Hilfe unseres kostenlosen Konfigurators ein Plugin mit einer bevorzugten Schnittstelle und Funktionalit\u00e4t. <\/li><li><b>Holen Sie sich Ihren pers\u00f6nlichen Code zum Einrichten des Plugins<\/b><br>Nachdem Sie Ihr Widget angepasst haben, erhalten Sie den eindeutigen Code aus dem Popup-Fenster von Elfsight Apps. Kopieren Sie diesen Code zur sp\u00e4teren Verwendung. <\/li><li><b>F\u00fcgen Sie den Logo-Tab zur Facebook-Seite hinzu<\/b><br> Erstellen Sie Ihren benutzerdefinierten Facebook-Tab. F\u00fcgen Sie den Code, den Sie bei elfsight apps erhalten haben, in die Registerkarte ein. Wenn Sie Probleme haben, lesen Sie einfach unseren Leitfaden unter <a href=\"https:\/\/elfsight.com\/blog\/how-to-add-custom-tab-to-facebook-page\/\" target=\"_blank\" rel=\"noopener noreferrer\">Benutzerdefinierten Facebook-Tab erstellen<\/a><\/li><li><b>Fertig! <\/b><br>Geben Sie Ihre Website ein, um Ihr Plugin anzuzeigen. <\/li><\/ul><p>Wenn Sie Rat ben\u00f6tigen oder Fragen haben, k\u00f6nnen Sie sich jederzeit an den Kundendienst von Elfsight wenden. Wir helfen Ihnen gerne bei jeder Anfrage weiter. <\/p><div class=\"faq\" data-component=\"FAQ\"><div class=\"faq-item\">\r\n\t\t\t\t\t<div class=\"faq-item-question\">\r\n\t\t\t\t\t\t<h3 class=\"faq-item-question-text\">Wie ist es m\u00f6glich, Logo Showcase ohne Programmierkenntnisse zu meiner Facebook-Seiten-Startseite hinzuzuf\u00fcgen?<\/h3>\r\n\r\n\t\t\t\t\t\t<div class=\"faq-item-question-icon\"><\/div>\r\n\t\t\t\t\t<\/div>\r\n\r\n\t\t\t\t\t<div class=\"faq-item-answer\">\r\n\t\t\t\t\t\t<div class=\"faq-item-answer-text\"> <p>Das Unternehmen Elfsight liefert eine Cloud-L\u00f6sung, mit der Benutzer ein Logo Showcase erstellen k\u00f6nnen Wenn Sie das Widget selbst erstellen m\u00f6chten, sehen Sie sich die einfachen Schritte an: Gehen Sie zum Online-Editor, um einen Logo-Showcase-Bereich zu erstellen, den Sie auf der Facebook-Seiten-Webseite einbinden m\u00f6chten. Entscheiden Sie sich f\u00fcr eine unserer vorgefertigten Vorlagen und \u00e4ndern Sie die Logo Showcase-Einstellungen, \u00e4ndern Sie das Layout und Farbschema und aktualisieren Sie Ihre Inhalte, ohne Programmierkenntnisse. Speichern Sie die von Ihnen vorgenommenen Einstellungen in Logo Showcase und kopieren Sie den Installationscode, den Sie einfach kostenlos in die Facebook-Seiten-Website einf\u00fcgen k\u00f6nnen. Mit unserem intuitiven Editor kann jeder Webbenutzer ein Logo Showcase-Plugin online erstellen und einfach in die Facebook-Seiten-Website einf\u00fcgen. Es ist nicht erforderlich, einen kostenpflichtigen Plan abzuschlie\u00dfen oder Ihre Kartendaten einzureichen, um den Elfsight-Dienst in Anspruch zu nehmen. Wenn Sie auf Probleme jeglicher Art sto\u00dfen, wenden Sie sich bitte an unser technisches Support-Team.<\/p> <\/div>\r\n\t\t\t\t\t<\/div>\r\n\t\t\t\t<\/div> <\/div><\/div>","protected":false},"excerpt":{"rendered":"","protected":false},"author":9,"featured_media":0,"parent":1982,"menu_order":0,"comment_status":"closed","ping_status":"closed","template":"templates\/template-application-platform.php","meta":{"publish_to_discourse":"","publish_post_category":"","wpdc_auto_publish_overridden":"","wpdc_topic_tags":"","wpdc_pin_topic":"","wpdc_pin_until":"","discourse_post_id":"","discourse_permalink":"","wpdc_publishing_response":"","wpdc_publishing_error":"","footnotes":""},"class_list":["post-20796","page","type-page","status-publish","hentry"],"yoast_head":"<!-- This site is optimized with the Yoast SEO plugin v25.3.1 - https:\/\/yoast.com\/wordpress\/plugins\/seo\/ -->\n<title>Logo-Karussell \u2013 Logo-Widget zur Facebook-Unternehmensseite hinzuf\u00fcgen (2026)<\/title>\n<meta name=\"description\" content=\"Es ist ganz einfach, Ihr Logo Showcase-Widget zu erstellen und es auf Ihrer Facebook-Unternehmensseite hinzuzuf\u00fcgen. Der Elfsight-Kundendienst ist kostenlos und schnell.\" \/>\n<meta name=\"robots\" content=\"index, follow, max-snippet:-1, max-image-preview:large, max-video-preview:-1\" \/>\n<link rel=\"canonical\" href=\"https:\/\/elfsight.com\/de\/logo-showcase-widget\/facebook\/\" \/>\n<meta property=\"og:locale\" content=\"de_DE\" \/>\n<meta property=\"og:type\" content=\"article\" \/>\n<meta property=\"og:title\" content=\"Logo-Karussell \u2013 Logo-Widget zur Facebook-Unternehmensseite hinzuf\u00fcgen (2026)\" \/>\n<meta property=\"og:description\" content=\"Es ist ganz einfach, Ihr Logo Showcase-Widget zu erstellen und es auf Ihrer Facebook-Unternehmensseite hinzuzuf\u00fcgen. Der Elfsight-Kundendienst ist kostenlos und schnell.\" \/>\n<meta property=\"og:url\" content=\"https:\/\/elfsight.com\/de\/logo-showcase-widget\/facebook\/\" \/>\n<meta property=\"og:site_name\" content=\"Elfsight DE\" \/>\n<meta property=\"article:modified_time\" content=\"2025-07-08T10:54:47+00:00\" \/>\n<meta name=\"twitter:card\" content=\"summary_large_image\" \/>\n<meta name=\"twitter:label1\" content=\"Gesch\u00e4tzte Lesezeit\" \/>\n\t<meta name=\"twitter:data1\" content=\"3\u00a0Minuten\" \/>\n<!-- \/ Yoast SEO plugin. -->","yoast_head_json":{"title":"Logo-Karussell \u2013 Logo-Widget zur Facebook-Unternehmensseite hinzuf\u00fcgen (2026)","description":"Es ist ganz einfach, Ihr Logo Showcase-Widget zu erstellen und es auf Ihrer Facebook-Unternehmensseite hinzuzuf\u00fcgen. Der Elfsight-Kundendienst ist kostenlos und schnell.","robots":{"index":"index","follow":"follow","max-snippet":"max-snippet:-1","max-image-preview":"max-image-preview:large","max-video-preview":"max-video-preview:-1"},"canonical":"https:\/\/elfsight.com\/de\/logo-showcase-widget\/facebook\/","og_locale":"de_DE","og_type":"article","og_title":"Logo-Karussell \u2013 Logo-Widget zur Facebook-Unternehmensseite hinzuf\u00fcgen (2026)","og_description":"Es ist ganz einfach, Ihr Logo Showcase-Widget zu erstellen und es auf Ihrer Facebook-Unternehmensseite hinzuzuf\u00fcgen. Der Elfsight-Kundendienst ist kostenlos und schnell.","og_url":"https:\/\/elfsight.com\/de\/logo-showcase-widget\/facebook\/","og_site_name":"Elfsight DE","article_modified_time":"2025-07-08T10:54:47+00:00","twitter_card":"summary_large_image","twitter_misc":{"Gesch\u00e4tzte Lesezeit":"3\u00a0Minuten"},"schema":{"@context":"https:\/\/schema.org","@graph":[{"@type":"WebPage","@id":"https:\/\/elfsight.com\/de\/logo-showcase-widget\/facebook\/","url":"https:\/\/elfsight.com\/de\/logo-showcase-widget\/facebook\/","name":"Logo-Karussell \u2013 Logo-Widget zur Facebook-Unternehmensseite hinzuf\u00fcgen (2026)","isPartOf":{"@id":"https:\/\/elfsight.com\/de\/#website"},"datePublished":"2024-05-03T06:40:58+00:00","dateModified":"2025-07-08T10:54:47+00:00","description":"Es ist ganz einfach, Ihr Logo Showcase-Widget zu erstellen und es auf Ihrer Facebook-Unternehmensseite hinzuzuf\u00fcgen. Der Elfsight-Kundendienst ist kostenlos und schnell.","breadcrumb":{"@id":"https:\/\/elfsight.com\/de\/logo-showcase-widget\/facebook\/#breadcrumb"},"inLanguage":"de","potentialAction":[{"@type":"ReadAction","target":["https:\/\/elfsight.com\/de\/logo-showcase-widget\/facebook\/"]}]},{"@type":"BreadcrumbList","@id":"https:\/\/elfsight.com\/de\/logo-showcase-widget\/facebook\/#breadcrumb","itemListElement":[{"@type":"ListItem","position":1,"name":"Home","item":"https:\/\/elfsight.com\/de\/"},{"@type":"ListItem","position":2,"name":"Logo Showcase","item":"https:\/\/elfsight.com\/de\/logo-showcase-widget\/"},{"@type":"ListItem","position":3,"name":"Logo Showcase &#8211; Facebook Page"}]},{"@type":"WebSite","@id":"https:\/\/elfsight.com\/de\/#website","url":"https:\/\/elfsight.com\/de\/","name":"Elfsight DE","description":"Just another Elfsight Sites site","potentialAction":[{"@type":"SearchAction","target":{"@type":"EntryPoint","urlTemplate":"https:\/\/elfsight.com\/de\/?s={search_term_string}"},"query-input":{"@type":"PropertyValueSpecification","valueRequired":true,"valueName":"search_term_string"}}],"inLanguage":"de"}]}},"meta_box":{"industry":"","seo_heading":"","heading":"","description":"","cta_heading":"","cta_description":"","application":"499","h1":"Logo-Showcase f\u00fcr Facebook-Unternehmensseite","h1_caption":"Zeigen Sie die Logos Ihrer Partner, Sponsoren oder Kunden an und bauen Sie so m\u00fchelos Glaubw\u00fcrdigkeit und Vertrauen f\u00fcr Ihre Marke auf Ihrer Facebook-Seite auf.","application_category":[],"applications_title":"","applications_request_title":"","applications_request_button_text":"","hero_text":"","hero_video":"","hero_video_schema_markup":"","selling_points_title":"","selling_points_caption":"","selling_points":[],"selling_points_cta_text":"","features_title":"","features":"","ed_cta_examples_text":"","ed_cta_examples_hidden":"","ed_cta_demo_text":"","ed_cta_demo_hidden":"","why_caption":"","why_editor_title":"","why_editor_text":"","why_team_title":"","why_team_text":"","why_service_title":"","why_service_text":"","template_catalog_visible":"","template_catalog_title":"","template_catalog_text":"","template_catalog_categories_visible":"","demo_title":"Erstellen Sie Ihr Logo Showcase-Widget","demo_caption":"Konfigurieren Sie Ihr Logo-Showcase und f\u00fcgen Sie es kostenlos Ihrer Facebook-Seite hinzu!","default_faq_hidden":"","app_template_category":[],"platform":"216","template_public_id":"","codecanyon_url":"","codecanyon_item_id":"","codecanyon_price":"","pricing_caption":"","pricing_elfsight_apps_hide_column":"","pricing_elfsight_apps_url":"","pricing_codecanyon_price_caption":"","integration_category":[],"integration_request_title":"","integration_request_cta":"","integration_platform":"","integrations":[],"platform_category":[],"video_schema_markup":"","price":"ab 0 $ \/ Monat","trial":"","benefits":[{"text":"Kostenlose Installationsunterst\u00fctzung"},{"text":"Premium-Support"},{"text":"14-t\u00e4gige R\u00fcckerstattungsgarantie"},{"text":"Kompetenter Kundenservice"}],"button_url":"#demo","button_target_blank":"","button_nofollow":"","attributes":[{"name":"Installiert","content":"10,000 - 100,000"},{"name":"Reaktionsfreudig","content":"Ja"},{"name":"Kompatible Browser","content":"Firefox, Safari, Edge, Chrome, Opera"}],"tags":[],"tags_disable_links":"","hide_more_platforms":"","video_object":"","demo_hide_cta":"","demo_hide_cloud_options":"","pricing_title":"","pricing":[{"pricing_icon":"platform","pricing_title":"Elfsight Apps","pricing_title_caption":"Multiplattform-Software","pricing_price":"ab 0 $ \/ Monat","pricing_price_caption":"Beginnen Sie mit einem kostenlosen Plan","pricing_benefits":[{"text":"Unbegrenzte Domains"},{"text":"Engagierter Kundensupport"},{"text":"Kostenlose Installationshilfe"},{"text":"100 % anpassbar"}],"pricing_button_text":"Zur Website hinzuf\u00fcgen","pricing_button_url":"#demo"}],"related_apps_title":"","related_apps_hidden":"","author":"","image":[],"title":"","job":"","social_networks":[]},"_links":{"self":[{"href":"https:\/\/elfsight.com\/de\/wp-json\/wp\/v2\/pages\/20796","targetHints":{"allow":["GET"]}}],"collection":[{"href":"https:\/\/elfsight.com\/de\/wp-json\/wp\/v2\/pages"}],"about":[{"href":"https:\/\/elfsight.com\/de\/wp-json\/wp\/v2\/types\/page"}],"author":[{"embeddable":true,"href":"https:\/\/elfsight.com\/de\/wp-json\/wp\/v2\/users\/9"}],"replies":[{"embeddable":true,"href":"https:\/\/elfsight.com\/de\/wp-json\/wp\/v2\/comments?post=20796"}],"version-history":[{"count":1,"href":"https:\/\/elfsight.com\/de\/wp-json\/wp\/v2\/pages\/20796\/revisions"}],"predecessor-version":[{"id":20800,"href":"https:\/\/elfsight.com\/de\/wp-json\/wp\/v2\/pages\/20796\/revisions\/20800"}],"up":[{"embeddable":true,"href":"https:\/\/elfsight.com\/de\/wp-json\/wp\/v2\/pages\/1982"}],"wp:attachment":[{"href":"https:\/\/elfsight.com\/de\/wp-json\/wp\/v2\/media?parent=20796"}],"curies":[{"name":"wp","href":"https:\/\/api.w.org\/{rel}","templated":true}]}}