{"id":20795,"date":"2024-05-03T06:40:57","date_gmt":"2024-05-03T06:40:57","guid":{"rendered":"https:\/\/elfsight.com\/de\/?page_id=20795"},"modified":"2025-02-21T12:09:54","modified_gmt":"2025-02-21T12:09:54","slug":"wix","status":"publish","type":"page","link":"https:\/\/elfsight.com\/de\/logo-showcase-widget\/wix\/","title":{"rendered":"Logo Showcase &#8211; Wix"},"content":{"rendered":"\n<div class=\"application-platform-content-item-description application-platform-content-item\" id=\"description\" data-nav-section=\"description\"><h2>Beschreibung<\/h2> <p>Elfsight Logo Showcase ist die praktischste Methode zur Pr\u00e4sentation der Logos von Kunden und Veranstaltern oder Ihrer Erw\u00e4hnungen in die Medien auf der Website. Mit diesem Widget liefern Sie einen weiteren Beweis daf\u00fcr, dass Sie ein glaubw\u00fcrdiger Gesch\u00e4ftspartner sind und eine positive Wahrnehmung Ihrer Marke unterst\u00fctzen. Mit dem Logo Showcase-Widget k\u00f6nnen Sie mehrere Logos hinzuf\u00fcgen, sie in einem Karussell oder Raster anordnen und die Gr\u00f6\u00dfe der Logos \u00e4ndern. Sie k\u00f6nnen eine Bildunterschrift und Links zur Website des Unternehmens anzeigen. Durch unterschiedliche Farben und Schriftarten k\u00f6nnen Sie eine einzigartige Benutzeroberfl\u00e4che gestalten. <\/p><p><b>Steigern Sie das Vertrauen Ihres Unternehmens. <\/b><\/p><\/div> <div class=\"application-platform-content-item-features application-platform-content-item\" id=\"features\" data-nav-section=\"features\"><h2>Funktionen<\/h2> <p>\u00dcberpr\u00fcfen Sie eine Liste aller funktionalen Merkmale von Logo Showcase. Sie sind direkt im Editor verf\u00fcgbar und helfen Ihnen, das Widget genau f\u00fcr Ihren Fall zu konfigurieren. <\/p><ul><li> Verkn\u00fcpfen Sie jedes Logo mit einer beliebigen Adresse. <\/li><li>Adaptive Kopfzeile inklusive Titel und Text mit verf\u00fcgbarer Formatierung; <\/li><li>CTA-Button kann per Klick zu jeder Seite f\u00fchren; <\/li><li>Drei verschiedene Layouts: Slider, Grid und Karussell; <\/li><li>Eine Option zum Anpassen der Logogr\u00f6\u00dfe und der Widget-Breite; <\/li><li>W\u00e4hlen Sie eine beliebige Hintergrundfarbe oder laden Sie Ihr Bild hoch. <\/li><\/ul><p><a href=\"#demo\">Sie k\u00f6nnen alle Funktionsmerkmale des Widgets direkt in der Demo ausprobieren<\/a><\/p><\/div> <div class=\"application-platform-content-item-installation application-platform-content-item\" id=\"installation\" data-nav-section=\"installation\"><h2>Wie bette ich Logo Showcase auf meiner Website von Wix ein? <\/h2><div class=\"video-container\"><iframe width=\"560\" height=\"315\" src=\"https:\/\/www.youtube.com\/embed\/GSp23En6p0Y?si=OmGpAj2FpvnlcK57\" frameborder=\"0\" allow=\"accelerometer; autoplay; clipboard-write; encrypted-media; gyroscope; picture-in-picture; web-share\" allowfullscreen><\/iframe><\/div><p>Um mit der Verwendung des Widgets zu beginnen, f\u00fchren Sie die folgenden schnellen Schritte aus<\/p><ul><li><b>Erstellen Sie Ihre benutzerdefinierte Logo-App<\/b><br>Verwenden Mit unserer kostenlosen Demo k\u00f6nnen Sie ein Plugin mit einem bevorzugten Design und funktionalen Eigenschaften einrichten. <\/li> <li><b>Holen Sie sich den individuellen Code zur Installation des Plugins<\/b><br>Nachdem Sie Ihr Widget erstellt haben, erhalten Sie den Installationscode \u00fcber die Popup-Benachrichtigung auf Elfsight Apps. Kopieren Sie den Code. <\/li> <li><b> Das Plugin auf Ihrer Website von Wix<\/b><br>Suchen Sie den Ort, an dem Sie das Plugin einbetten m\u00f6chten, und f\u00fcgen Sie den kopierten Code dort ein. Ver\u00f6ffentlichen Sie die Ergebnisse. <\/li> <li><b>Die Installation ist abgeschlossen<\/b><br>Betreten Sie Ihren Shop, um Ihr Widget anzuzeigen. <\/li><\/ul><p>Nehmen Sie sich eine Minute Zeit, um mit unserem Support-Service in Kontakt zu treten, wenn Sie Hilfe ben\u00f6tigen oder Fragen haben. Wir helfen Ihnen gerne bei jedem Anliegen weiter. <\/p><div class=\"faq\" data-component=\"FAQ\"><div class=\"faq-item\">\r\n\t\t\t\t\t<div class=\"faq-item-question\">\r\n\t\t\t\t\t\t<h3 class=\"faq-item-question-text\">Gibt es eine Methode zum Hinzuf\u00fcgen von Logo Showcase zu meiner Wix-Homepage ohne Programmierkenntnisse?<\/h3>\r\n\r\n\t\t\t\t\t\t<div class=\"faq-item-question-icon\"><\/div>\r\n\t\t\t\t\t<\/div>\r\n\r\n\t\t\t\t\t<div class=\"faq-item-answer\">\r\n\t\t\t\t\t\t<div class=\"faq-item-answer-text\"> <p>Das Unternehmen Elfsight bietet eine Cloud-L\u00f6sung, mit der Benutzer selbst eine Logo Showcase-App erstellen k\u00f6nnen. Sehen Sie sich die einfachen Anweisungen an: Arbeiten Sie in der Online-Demo daran, einen Logo-Showcase-Bereich zu erstellen, den Sie gerne auf der Wix-Homepage sehen m\u00f6chten. Entscheiden Sie sich f\u00fcr eine der vorgefertigten Vorlagen und passen Sie die Logo Showcase-Einstellungen an, f\u00fcgen Sie Ihre Inhalte hinzu, \u00e4ndern Sie das Layout und die Farbe der Elemente ohne Codierung. Klicken Sie hier, um die Einstellungen, die Sie in Logo Showcase vorgenommen haben, zu speichern und den Code f\u00fcr die Installation zu erhalten, den Sie im Rahmen eines kostenlosen Plans ganz einfach in die Wix-Webseite einf\u00fcgen k\u00f6nnen. Mit dem unkomplizierten Konfigurator kann jeder Webbenutzer einen Logo-Showcase-Bereich einrichten und ihn einfach in die Website von Wix einbinden. Sie sollten nicht bezahlen oder Ihre Kartendaten \u00fcbermitteln, um auf den Editor zuzugreifen. Wenn Sie auf Probleme jeglicher Art sto\u00dfen, wenden Sie sich bitte an unsere Mitarbeiter des technischen Supports.<\/p> <\/div>\r\n\t\t\t\t\t<\/div>\r\n\t\t\t\t<\/div> <\/div><\/div>\n","protected":false},"excerpt":{"rendered":"","protected":false},"author":9,"featured_media":0,"parent":1982,"menu_order":0,"comment_status":"closed","ping_status":"closed","template":"templates\/template-application-platform.php","meta":{"publish_to_discourse":"","publish_post_category":"","wpdc_auto_publish_overridden":"","wpdc_topic_tags":"","wpdc_pin_topic":"","wpdc_pin_until":"","discourse_post_id":"","discourse_permalink":"","wpdc_publishing_response":"","wpdc_publishing_error":"","footnotes":""},"class_list":["post-20795","page","type-page","status-publish","hentry"],"yoast_head":"<!-- This site is optimized with the Yoast SEO plugin v25.3.1 - https:\/\/yoast.com\/wordpress\/plugins\/seo\/ -->\n<title>Logo Showcase \u2013 Logo Carousel-App zur Wix-Website hinzuf\u00fcgen (2025)<\/title>\n<meta name=\"description\" content=\"Es ist ganz einfach, Ihre Logo Showcase-App zu erstellen und sie auf Ihrer Wix-Website hinzuzuf\u00fcgen. Der Elfsight-Kundendienst ist kostenlos und schnell.\" \/>\n<meta name=\"robots\" content=\"index, follow, max-snippet:-1, max-image-preview:large, max-video-preview:-1\" \/>\n<link rel=\"canonical\" href=\"https:\/\/elfsight.com\/de\/logo-showcase-widget\/wix\/\" \/>\n<meta property=\"og:locale\" content=\"de_DE\" \/>\n<meta property=\"og:type\" content=\"article\" \/>\n<meta property=\"og:title\" content=\"Logo Showcase \u2013 Logo Carousel-App zur Wix-Website hinzuf\u00fcgen (2025)\" \/>\n<meta property=\"og:description\" content=\"Es ist ganz einfach, Ihre Logo Showcase-App zu erstellen und sie auf Ihrer Wix-Website hinzuzuf\u00fcgen. Der Elfsight-Kundendienst ist kostenlos und schnell.\" \/>\n<meta property=\"og:url\" content=\"https:\/\/elfsight.com\/de\/logo-showcase-widget\/wix\/\" \/>\n<meta property=\"og:site_name\" content=\"Elfsight DE\" \/>\n<meta property=\"article:modified_time\" content=\"2025-02-21T12:09:54+00:00\" \/>\n<meta name=\"twitter:card\" content=\"summary_large_image\" \/>\n<meta name=\"twitter:label1\" content=\"Gesch\u00e4tzte Lesezeit\" \/>\n\t<meta name=\"twitter:data1\" content=\"3\u00a0Minuten\" \/>\n<!-- \/ Yoast SEO plugin. -->","yoast_head_json":{"title":"Logo Showcase \u2013 Logo Carousel-App zur Wix-Website hinzuf\u00fcgen (2025)","description":"Es ist ganz einfach, Ihre Logo Showcase-App zu erstellen und sie auf Ihrer Wix-Website hinzuzuf\u00fcgen. Der Elfsight-Kundendienst ist kostenlos und schnell.","robots":{"index":"index","follow":"follow","max-snippet":"max-snippet:-1","max-image-preview":"max-image-preview:large","max-video-preview":"max-video-preview:-1"},"canonical":"https:\/\/elfsight.com\/de\/logo-showcase-widget\/wix\/","og_locale":"de_DE","og_type":"article","og_title":"Logo Showcase \u2013 Logo Carousel-App zur Wix-Website hinzuf\u00fcgen (2025)","og_description":"Es ist ganz einfach, Ihre Logo Showcase-App zu erstellen und sie auf Ihrer Wix-Website hinzuzuf\u00fcgen. Der Elfsight-Kundendienst ist kostenlos und schnell.","og_url":"https:\/\/elfsight.com\/de\/logo-showcase-widget\/wix\/","og_site_name":"Elfsight DE","article_modified_time":"2025-02-21T12:09:54+00:00","twitter_card":"summary_large_image","twitter_misc":{"Gesch\u00e4tzte Lesezeit":"3\u00a0Minuten"},"schema":{"@context":"https:\/\/schema.org","@graph":[{"@type":"WebPage","@id":"https:\/\/elfsight.com\/de\/logo-showcase-widget\/wix\/","url":"https:\/\/elfsight.com\/de\/logo-showcase-widget\/wix\/","name":"Logo Showcase \u2013 Logo Carousel-App zur Wix-Website hinzuf\u00fcgen (2025)","isPartOf":{"@id":"https:\/\/elfsight.com\/de\/#website"},"datePublished":"2024-05-03T06:40:57+00:00","dateModified":"2025-02-21T12:09:54+00:00","description":"Es ist ganz einfach, Ihre Logo Showcase-App zu erstellen und sie auf Ihrer Wix-Website hinzuzuf\u00fcgen. Der Elfsight-Kundendienst ist kostenlos und schnell.","breadcrumb":{"@id":"https:\/\/elfsight.com\/de\/logo-showcase-widget\/wix\/#breadcrumb"},"inLanguage":"de","potentialAction":[{"@type":"ReadAction","target":["https:\/\/elfsight.com\/de\/logo-showcase-widget\/wix\/"]}]},{"@type":"BreadcrumbList","@id":"https:\/\/elfsight.com\/de\/logo-showcase-widget\/wix\/#breadcrumb","itemListElement":[{"@type":"ListItem","position":1,"name":"Home","item":"https:\/\/elfsight.com\/de\/"},{"@type":"ListItem","position":2,"name":"Logo Showcase","item":"https:\/\/elfsight.com\/de\/logo-showcase-widget\/"},{"@type":"ListItem","position":3,"name":"Logo Showcase &#8211; Wix"}]},{"@type":"WebSite","@id":"https:\/\/elfsight.com\/de\/#website","url":"https:\/\/elfsight.com\/de\/","name":"Elfsight DE","description":"Just another Elfsight Sites site","potentialAction":[{"@type":"SearchAction","target":{"@type":"EntryPoint","urlTemplate":"https:\/\/elfsight.com\/de\/?s={search_term_string}"},"query-input":{"@type":"PropertyValueSpecification","valueRequired":true,"valueName":"search_term_string"}}],"inLanguage":"de"}]}},"meta_box":{"industry":"","seo_heading":"","heading":"","description":"","cta_heading":"","cta_description":"","application":"499","h1":"Wix-Logo-Schaukasten","h1_caption":"Zeigen Sie die Logos Ihrer Partner, Sponsoren oder Kunden an und bauen Sie so m\u00fchelos Glaubw\u00fcrdigkeit und Vertrauen f\u00fcr Ihre Marke auf Ihrer Wix-Website auf.","application_category":[],"applications_title":"","applications_request_title":"","applications_request_button_text":"","hero_text":"","hero_video":"","hero_video_schema_markup":"","selling_points_title":"","selling_points_caption":"","selling_points":[],"selling_points_cta_text":"","features_title":"","features":"","ed_cta_examples_text":"","ed_cta_examples_hidden":"","ed_cta_demo_text":"","ed_cta_demo_hidden":"","why_caption":"","why_editor_title":"","why_editor_text":"","why_team_title":"","why_team_text":"","why_service_title":"","why_service_text":"","template_catalog_visible":"0","template_catalog_title":"","template_catalog_text":"","template_catalog_categories_visible":"","demo_title":"Erstellen Sie Ihre Logo Showcase-App","demo_caption":"Konfigurieren Sie Ihr Logo-Showcase und f\u00fcgen Sie es kostenlos Ihrer Wix-Website hinzu!","default_faq_hidden":"","app_template_category":[],"platform":"265","template_public_id":"","codecanyon_url":"","codecanyon_item_id":"","codecanyon_price":"","pricing_caption":"","pricing_elfsight_apps_hide_column":"","pricing_elfsight_apps_url":"","pricing_codecanyon_price_caption":"","integration_category":[],"integration_request_title":"","integration_request_cta":"","integration_platform":"","integrations":[],"platform_category":[],"video_schema_markup":"","price":"ab 0 $ \/ Monat","trial":"","benefits":[{"text":"Kostenloser Installationsservice"},{"text":"Kompetenter Kundenservice"},{"text":"14-t\u00e4gige Geld-zur\u00fcck-Garantie"},{"text":"Lebenslange Verbesserungen"}],"button_url":"#demo","button_target_blank":"0","button_nofollow":"0","attributes":[{"name":"Installiert","content":"10,000 - 100,000"},{"name":"Reaktionsfreudig","content":"Ja"},{"name":"Kompatible Browser","content":"Opera, Firefox, Chrome, Edge, Safari"}],"tags":[],"tags_disable_links":"0","hide_more_platforms":"0","video_object":"","demo_hide_cta":"0","demo_hide_cloud_options":"0","pricing_title":"","pricing":[{"pricing_icon":"platform","pricing_title":"Elfsight Apps","pricing_title_caption":"Plattformunabh\u00e4ngige digitale L\u00f6sung, die auf jeder Website funktioniert","pricing_price":"ab 0 $ \/ Monat","pricing_price_caption":"Beginnen Sie mit einem kostenlosen Plan","pricing_benefits":[{"text":"Unbegrenzte Domains"},{"text":"Professionelle und p\u00fcnktliche Unterst\u00fctzung"},{"text":"Kostenloser Installationsservice"},{"text":"Sonderangebot f\u00fcr mehrere Apps"}],"pricing_button_text":"Zur Website hinzuf\u00fcgen","pricing_button_url":"#demo"}],"related_apps_title":"","related_apps_hidden":"0","author":"","image":[],"title":"","job":"","social_networks":[]},"_links":{"self":[{"href":"https:\/\/elfsight.com\/de\/wp-json\/wp\/v2\/pages\/20795","targetHints":{"allow":["GET"]}}],"collection":[{"href":"https:\/\/elfsight.com\/de\/wp-json\/wp\/v2\/pages"}],"about":[{"href":"https:\/\/elfsight.com\/de\/wp-json\/wp\/v2\/types\/page"}],"author":[{"embeddable":true,"href":"https:\/\/elfsight.com\/de\/wp-json\/wp\/v2\/users\/9"}],"replies":[{"embeddable":true,"href":"https:\/\/elfsight.com\/de\/wp-json\/wp\/v2\/comments?post=20795"}],"version-history":[{"count":3,"href":"https:\/\/elfsight.com\/de\/wp-json\/wp\/v2\/pages\/20795\/revisions"}],"predecessor-version":[{"id":24707,"href":"https:\/\/elfsight.com\/de\/wp-json\/wp\/v2\/pages\/20795\/revisions\/24707"}],"up":[{"embeddable":true,"href":"https:\/\/elfsight.com\/de\/wp-json\/wp\/v2\/pages\/1982"}],"wp:attachment":[{"href":"https:\/\/elfsight.com\/de\/wp-json\/wp\/v2\/media?parent=20795"}],"curies":[{"name":"wp","href":"https:\/\/api.w.org\/{rel}","templated":true}]}}