{"id":20794,"date":"2024-05-03T06:40:56","date_gmt":"2024-05-03T06:40:56","guid":{"rendered":"https:\/\/elfsight.com\/de\/?page_id=20794"},"modified":"2025-07-08T10:54:41","modified_gmt":"2025-07-08T10:54:41","slug":"drupal","status":"publish","type":"page","link":"https:\/\/elfsight.com\/de\/logo-showcase-widget\/drupal\/","title":{"rendered":"Logo Showcase &#8211; Drupal"},"content":{"rendered":"<div class=\"application-platform-content-item-description application-platform-content-item\" id=\"description\" data-nav-section=\"description\"><h2>Beschreibung<\/h2> <p>Elfsight Logo Showcase ist die praktischste M\u00f6glichkeit, die Logos der wichtigsten Kunden oder Sponsoren oder Ihre Erw\u00e4hnungen zu pr\u00e4sentieren in der Presse auf der Website. Mit unserem Widget beweisen Sie, dass Ihr Unternehmen ein seri\u00f6ser Gesch\u00e4ftspartner ist und behalten eine gute Vision Ihrer Marke. Mit dem Widget k\u00f6nnen Sie die gesamte Liste der Logos anzeigen, sie in einem Karussell oder Raster anordnen und die Gr\u00f6\u00dfe der Bilder variieren. Sie k\u00f6nnen Bildunterschriften und einen Link zur Website des Unternehmens eingeben. Mit Hilfe der Farb- und Schriftarteneinstellungen l\u00e4sst sich ganz einfach ein einzigartiges Erscheinungsbild einrichten. <\/p><p><b>Steigern Sie das Vertrauen Ihres Unternehmens. <\/b><\/p><\/div> <div class=\"application-platform-content-item-features application-platform-content-item\" id=\"features\" data-nav-section=\"features\"><h2>Funktionen<\/h2> <p>Hier sehen Sie alle Funktionen von Logo Showcase. Sie sind direkt im Editor verf\u00fcgbar und helfen Ihnen, das Widget entsprechend Ihren Anforderungen zu gestalten. <\/p><ul><li>Sie k\u00f6nnen die Logos mit jeder Webseite verlinken; <\/li><li>Flexibler Header mit Titel und Text mit unterst\u00fctzter Formatierung; <\/li><li>CTA-Button kann mit jeder Seite verlinkt werden; <\/li><li>Drei verschiedene Layouts: Slider, Grid und Karussell; <\/li><li>Die Option zum Variieren der Logogr\u00f6\u00dfe und des Widget-Breitenparameters; <\/li><li>Die Option, eine beliebige Hintergrundfarbe auszuw\u00e4hlen oder eine benutzerdefinierte Datei hochzuladen. <\/li><\/ul><p><a href=\"#demo\">Sehen Sie in unserer Demo, wie alle Funktionen funktionieren<\/a><\/p><\/div><div class=\"application-platform-content-item-installation application-platform-content-item\" id=\"installation\" data-nav-section=\"installation\"> <h2>Wie f\u00fcge ich Logo Showcase zu Drupal hinzu?<\/h2><p>Um das Widget zu integrieren, f\u00fchren Sie mehrere schnelle Schritte durch<\/p><ol><li><b>Verwalten Sie unseren kostenlosen Editor und beginnen Sie mit der Erstellung Ihres einzigartigen Moduls . <\/b><br> Geben Sie das gew\u00fcnschte Aussehen und die funktionalen Merkmale des Moduls an und speichern Sie alle Korrekturen. <\/li> <li><b>Kopieren Sie den eindeutigen Code, der im Feld auf Elfsight Apps angezeigt wird. <\/b><br> Nachdem die Anpassung Ihres pers\u00f6nlichen Moduls abgeschlossen ist, kopieren Sie den exklusiven Code im erscheinenden Fenster und speichern Sie ihn zur weiteren Verwendung. <\/li> <li><b>Beginnen Sie mit der Verwendung des Moduls auf der Drupal-Site. <\/b><br> Betten Sie den zuvor gespeicherten Code in Ihre Website ein und wenden Sie die Verbesserungen an. <\/li> <li><b>Die Installation wurde erfolgreich abgeschlossen. <\/b><br> Besuchen Sie Ihre Website, um die Funktionsweise des Moduls zu \u00fcberpr\u00fcfen. <\/li><\/ol><p>Sie k\u00f6nnen sich gerne an den Kundendienst von Elfsight wenden, wenn Sie Hilfe ben\u00f6tigen oder Probleme haben. Unsere Spezialisten stehen Ihnen bei jedem Anliegen mit Rat und Tat zur Seite. <\/p><div class=\"faq\" data-component=\"FAQ\"><div class=\"faq-item\">\r\n\t\t\t\t\t<div class=\"faq-item-question\">\r\n\t\t\t\t\t\t<h3 class=\"faq-item-question-text\">Wie ist es m\u00f6glich, ein Logo Showcase ohne Programmierkenntnisse in meine Drupal-Homepage einzubetten?<\/h3>\r\n\r\n\t\t\t\t\t\t<div class=\"faq-item-question-icon\"><\/div>\r\n\t\t\t\t\t<\/div>\r\n\r\n\t\t\t\t\t<div class=\"faq-item-answer\">\r\n\t\t\t\t\t\t<div class=\"faq-item-answer-text\"> <p>Das Unternehmen Elfsight bietet eine Cloud-L\u00f6sung an, mit der Benutzer ein Logo Showcase-Plugin einrichten k\u00f6nnen \u00dcberzeugen Sie sich selbst, wie einfach es ist: Besuchen Sie die Online-Demo, um ein Logo Showcase-Widget zu erstellen, das Sie in Ihr Drupal integrieren m\u00f6chten. W\u00e4hlen Sie eine unserer vorgefertigten Vorlagen aus und passen Sie die Logo Showcase-Einstellungen an, \u00e4ndern Sie das Layout und die Farbe der Elemente einschlie\u00dflich Ihres Inhalts, ohne Programmierkenntnisse. Klicken Sie, um das Logo Showcase zu speichern und seinen Installationscode zu kopieren, der auf jeder Drupal-Homepage hinzugef\u00fcgt werden kann, ohne ein kostenpflichtiges Abonnement zu kaufen. Mit unserem benutzerfreundlichen Konfigurator kann jeder Webbenutzer ein Logo-Showcase erstellen und es problemlos in die Drupal-Website einbetten. Sie m\u00fcssen kein kostenpflichtiges Abonnement abschlie\u00dfen oder Ihre Kartendaten angeben, um Zugang zum Editor zu erhalten. Wenn Sie auf Probleme jeglicher Art sto\u00dfen, wenden Sie sich bitte an unseren Kundensupport.<\/p> <\/div>\r\n\t\t\t\t\t<\/div>\r\n\t\t\t\t<\/div> <\/div><\/div><p><\/p><!-- \/wp:paragraph -->","protected":false},"excerpt":{"rendered":"","protected":false},"author":9,"featured_media":0,"parent":1982,"menu_order":0,"comment_status":"closed","ping_status":"closed","template":"templates\/template-application-platform.php","meta":{"publish_to_discourse":"","publish_post_category":"","wpdc_auto_publish_overridden":"","wpdc_topic_tags":"","wpdc_pin_topic":"","wpdc_pin_until":"","discourse_post_id":"","discourse_permalink":"","wpdc_publishing_response":"","wpdc_publishing_error":"","footnotes":""},"class_list":["post-20794","page","type-page","status-publish","hentry"],"yoast_head":"<!-- This site is optimized with the Yoast SEO plugin v25.3.1 - https:\/\/yoast.com\/wordpress\/plugins\/seo\/ -->\n<title>Logo Carusel \u2013 Logo Carousel-Modul zur Drupal-Website hinzuf\u00fcgen (2025)<\/title>\n<meta name=\"description\" content=\"Es ist ganz einfach, Ihr Logo Showcase-Modul zu erstellen und es auf Ihrer Drupal-Website hinzuzuf\u00fcgen. Der Elfsight-Kundendienst ist kostenlos und schnell.\" \/>\n<meta name=\"robots\" content=\"index, follow, max-snippet:-1, max-image-preview:large, max-video-preview:-1\" \/>\n<link rel=\"canonical\" href=\"https:\/\/elfsight.com\/de\/logo-showcase-widget\/drupal\/\" \/>\n<meta property=\"og:locale\" content=\"de_DE\" \/>\n<meta property=\"og:type\" content=\"article\" \/>\n<meta property=\"og:title\" content=\"Logo Carusel \u2013 Logo Carousel-Modul zur Drupal-Website hinzuf\u00fcgen (2025)\" \/>\n<meta property=\"og:description\" content=\"Es ist ganz einfach, Ihr Logo Showcase-Modul zu erstellen und es auf Ihrer Drupal-Website hinzuzuf\u00fcgen. Der Elfsight-Kundendienst ist kostenlos und schnell.\" \/>\n<meta property=\"og:url\" content=\"https:\/\/elfsight.com\/de\/logo-showcase-widget\/drupal\/\" \/>\n<meta property=\"og:site_name\" content=\"Elfsight DE\" \/>\n<meta property=\"article:modified_time\" content=\"2025-07-08T10:54:41+00:00\" \/>\n<meta name=\"twitter:card\" content=\"summary_large_image\" \/>\n<meta name=\"twitter:label1\" content=\"Gesch\u00e4tzte Lesezeit\" \/>\n\t<meta name=\"twitter:data1\" content=\"3\u00a0Minuten\" \/>\n<!-- \/ Yoast SEO plugin. -->","yoast_head_json":{"title":"Logo Carusel \u2013 Logo Carousel-Modul zur Drupal-Website hinzuf\u00fcgen (2025)","description":"Es ist ganz einfach, Ihr Logo Showcase-Modul zu erstellen und es auf Ihrer Drupal-Website hinzuzuf\u00fcgen. Der Elfsight-Kundendienst ist kostenlos und schnell.","robots":{"index":"index","follow":"follow","max-snippet":"max-snippet:-1","max-image-preview":"max-image-preview:large","max-video-preview":"max-video-preview:-1"},"canonical":"https:\/\/elfsight.com\/de\/logo-showcase-widget\/drupal\/","og_locale":"de_DE","og_type":"article","og_title":"Logo Carusel \u2013 Logo Carousel-Modul zur Drupal-Website hinzuf\u00fcgen (2025)","og_description":"Es ist ganz einfach, Ihr Logo Showcase-Modul zu erstellen und es auf Ihrer Drupal-Website hinzuzuf\u00fcgen. Der Elfsight-Kundendienst ist kostenlos und schnell.","og_url":"https:\/\/elfsight.com\/de\/logo-showcase-widget\/drupal\/","og_site_name":"Elfsight DE","article_modified_time":"2025-07-08T10:54:41+00:00","twitter_card":"summary_large_image","twitter_misc":{"Gesch\u00e4tzte Lesezeit":"3\u00a0Minuten"},"schema":{"@context":"https:\/\/schema.org","@graph":[{"@type":"WebPage","@id":"https:\/\/elfsight.com\/de\/logo-showcase-widget\/drupal\/","url":"https:\/\/elfsight.com\/de\/logo-showcase-widget\/drupal\/","name":"Logo Carusel \u2013 Logo Carousel-Modul zur Drupal-Website hinzuf\u00fcgen (2025)","isPartOf":{"@id":"https:\/\/elfsight.com\/de\/#website"},"datePublished":"2024-05-03T06:40:56+00:00","dateModified":"2025-07-08T10:54:41+00:00","description":"Es ist ganz einfach, Ihr Logo Showcase-Modul zu erstellen und es auf Ihrer Drupal-Website hinzuzuf\u00fcgen. Der Elfsight-Kundendienst ist kostenlos und schnell.","breadcrumb":{"@id":"https:\/\/elfsight.com\/de\/logo-showcase-widget\/drupal\/#breadcrumb"},"inLanguage":"de","potentialAction":[{"@type":"ReadAction","target":["https:\/\/elfsight.com\/de\/logo-showcase-widget\/drupal\/"]}]},{"@type":"BreadcrumbList","@id":"https:\/\/elfsight.com\/de\/logo-showcase-widget\/drupal\/#breadcrumb","itemListElement":[{"@type":"ListItem","position":1,"name":"Home","item":"https:\/\/elfsight.com\/de\/"},{"@type":"ListItem","position":2,"name":"Logo Showcase","item":"https:\/\/elfsight.com\/de\/logo-showcase-widget\/"},{"@type":"ListItem","position":3,"name":"Logo Showcase &#8211; Drupal"}]},{"@type":"WebSite","@id":"https:\/\/elfsight.com\/de\/#website","url":"https:\/\/elfsight.com\/de\/","name":"Elfsight DE","description":"Just another Elfsight Sites site","potentialAction":[{"@type":"SearchAction","target":{"@type":"EntryPoint","urlTemplate":"https:\/\/elfsight.com\/de\/?s={search_term_string}"},"query-input":{"@type":"PropertyValueSpecification","valueRequired":true,"valueName":"search_term_string"}}],"inLanguage":"de"}]}},"meta_box":{"industry":"","seo_heading":"","heading":"","description":"","cta_heading":"","cta_description":"","application":"499","h1":"Drupal-Logo-Schaufenster","h1_caption":"Zeigen Sie die Logos Ihrer Partner, Sponsoren oder Kunden an und bauen Sie so m\u00fchelos Glaubw\u00fcrdigkeit und Vertrauen f\u00fcr Ihre Marke auf Ihrer Drupal-Website auf.","application_category":[],"applications_title":"","applications_request_title":"","applications_request_button_text":"","hero_text":"","hero_video":"","hero_video_schema_markup":"","selling_points_title":"","selling_points_caption":"","selling_points":[],"selling_points_cta_text":"","features_title":"","features":"","ed_cta_examples_text":"","ed_cta_examples_hidden":"","ed_cta_demo_text":"","ed_cta_demo_hidden":"","why_caption":"","why_editor_title":"","why_editor_text":"","why_team_title":"","why_team_text":"","why_service_title":"","why_service_text":"","template_catalog_visible":"","template_catalog_title":"","template_catalog_text":"","template_catalog_categories_visible":"","demo_title":"Erstellen Sie Ihr Logo Showcase-Modul","demo_caption":"Konfigurieren Sie Ihr Logo Showcase und f\u00fcgen Sie es kostenlos Ihrer Drupal-Website hinzu!","default_faq_hidden":"","app_template_category":[],"platform":"261","template_public_id":"","codecanyon_url":"","codecanyon_item_id":"","codecanyon_price":"","pricing_caption":"","pricing_elfsight_apps_hide_column":"","pricing_elfsight_apps_url":"","pricing_codecanyon_price_caption":"","integration_category":[],"integration_request_title":"","integration_request_cta":"","integration_platform":"","integrations":[],"platform_category":[],"video_schema_markup":"","price":"ab 0 $ \/ Monat","trial":"","benefits":[{"text":"Kostenloser Installationsservice"},{"text":"Au\u00dfergew\u00f6hnlicher Support"},{"text":"14-t\u00e4gige R\u00fcckerstattungsgarantie"},{"text":"Fortlaufende Entwicklung"}],"button_url":"#demo","button_target_blank":"","button_nofollow":"","attributes":[{"name":"Installiert","content":"10,000 - 100,000"},{"name":"Reaktionsfreudig","content":"Ja"},{"name":"Kompatible Browser","content":"IE11, Firefox, Safari, Opera, Chrome, Edge"}],"tags":[],"tags_disable_links":"","hide_more_platforms":"","video_object":"","demo_hide_cta":"","demo_hide_cloud_options":"","pricing_title":"","pricing":[{"pricing_icon":"platform","pricing_title":"Elfsight Apps","pricing_title_caption":"Plattformunabh\u00e4ngige Version, die auf jeder Website funktioniert","pricing_price":"ab 0 $ \/ Monat","pricing_price_caption":"Beginnen Sie mit einem kostenlosen Plan","pricing_benefits":[{"text":"Unbegrenzte Websites"},{"text":"Schnelle Unterst\u00fctzung"},{"text":"Kostenloser Installationsservice"},{"text":"Tolles Angebot f\u00fcr mehrere Apps"}],"pricing_button_text":"Zur Website hinzuf\u00fcgen","pricing_button_url":"#demo"}],"related_apps_title":"","related_apps_hidden":"","author":"","image":[],"title":"","job":"","social_networks":[]},"_links":{"self":[{"href":"https:\/\/elfsight.com\/de\/wp-json\/wp\/v2\/pages\/20794","targetHints":{"allow":["GET"]}}],"collection":[{"href":"https:\/\/elfsight.com\/de\/wp-json\/wp\/v2\/pages"}],"about":[{"href":"https:\/\/elfsight.com\/de\/wp-json\/wp\/v2\/types\/page"}],"author":[{"embeddable":true,"href":"https:\/\/elfsight.com\/de\/wp-json\/wp\/v2\/users\/9"}],"replies":[{"embeddable":true,"href":"https:\/\/elfsight.com\/de\/wp-json\/wp\/v2\/comments?post=20794"}],"version-history":[{"count":1,"href":"https:\/\/elfsight.com\/de\/wp-json\/wp\/v2\/pages\/20794\/revisions"}],"predecessor-version":[{"id":20798,"href":"https:\/\/elfsight.com\/de\/wp-json\/wp\/v2\/pages\/20794\/revisions\/20798"}],"up":[{"embeddable":true,"href":"https:\/\/elfsight.com\/de\/wp-json\/wp\/v2\/pages\/1982"}],"wp:attachment":[{"href":"https:\/\/elfsight.com\/de\/wp-json\/wp\/v2\/media?parent=20794"}],"curies":[{"name":"wp","href":"https:\/\/api.w.org\/{rel}","templated":true}]}}