{"id":20793,"date":"2024-05-03T06:40:53","date_gmt":"2024-05-03T06:40:53","guid":{"rendered":"https:\/\/elfsight.com\/de\/?page_id=20793"},"modified":"2025-07-08T10:55:11","modified_gmt":"2025-07-08T10:55:11","slug":"joomla","status":"publish","type":"page","link":"https:\/\/elfsight.com\/de\/logo-showcase-widget\/joomla\/","title":{"rendered":"Logo Showcase &#8211; Joomla"},"content":{"rendered":"<div class=\"application-platform-content-item-description application-platform-content-item\" id=\"description\" data-nav-section=\"description\"><h2>Beschreibung<\/h2> <p>Elfsight Logo Showcase ist das unkomplizierteste Tool, um die Logos mehrerer Kunden oder Sponsoren oder Ihre Erw\u00e4hnungen anzuzeigen in der Presse auf Ihrer Website. Mit Hilfe dieses Widgets \u00fcberzeugen Sie Besucher davon, dass Sie ein seri\u00f6ser Begleiter sind und unterst\u00fctzen eine gute Wahrnehmung Ihres Unternehmens. Mit dem Elfsight-Widget k\u00f6nnen Sie unendlich viele Logos hochladen, sie in einem Schieberegler oder Raster organisieren und die Gr\u00f6\u00dfe der Logos \u00e4ndern. Sie k\u00f6nnen Bildunterschriften und einen Link zur Website des Unternehmens anzeigen. Mithilfe von Farb- und Schriftartfunktionen k\u00f6nnen Sie ein einzigartiges Erscheinungsbild konfigurieren. <\/p><p><b>Steigern Sie Ihren Umsatz und zeigen Sie Ihren guten Ruf als Unternehmen mit Kundenlogos auf Ihrer Website.<\/b><\/p><\/div><div class=\"application-platform-content-item-features application-platform-content-item\" id=\"features\" data-nav-section=\"features\"><h2> Funktionen<\/h2> <p>Hier k\u00f6nnen Sie alle funktionalen Merkmale von Logo Showcase sehen. Sie sind direkt im Editor verf\u00fcgbar und helfen Ihnen, das Widget passend f\u00fcr Ihren Anwendungsfall zu erstellen. <\/p><ul><li>Verbinden Sie die Logos mit einer beliebigen Webseite; <\/li><li>Entfernbare Widget-Kopfzeile einschlie\u00dflich Titel und Text mit verf\u00fcgbarer Formatierung; <\/li><li>Call-to-Action-Button kann per Klick zu jeder beliebigen Webseite f\u00fchren; <\/li><li>3 verschiedene Widget-Layouts: Slider, Grid und Karussell; <\/li><li>Eine Funktion zum Variieren der Logogr\u00f6\u00dfe und des Widget-Breitenparameters; <\/li><li>Eine Option zur Auswahl einer beliebigen Hintergrundfarbe oder zur Verwendung Ihres eigenen Bildes. <\/li><\/ul><p><a href=\"#demo\">Sie k\u00f6nnen alle Funktionsmerkmale des Widgets direkt in der Demo ausprobieren<\/a><\/p><\/div><div class=\"application-platform-content-item-installation application-platform-content-item\" id=\"installation\" data-nav-section=\"installation\"><h2>Wie kann ich Logo Showcase in meine Joomla-Website integrieren? <\/h2><p>Befolgen Sie einfach die nachstehenden Anweisungen, um das Tool in Joomla zu integrieren.<\/p> <ol><li><b>Nutzen Sie unseren kostenlosen Editor und beginnen Sie mit der Gestaltung Ihrer ma\u00dfgeschneiderten Logo Showcase-Erweiterung. <\/b><br> Suchen Sie die benutzerdefinierte Benutzeroberfl\u00e4che und die Funktionsmerkmale des Plugins und speichern Sie die \u00c4nderungen. <\/li> <li><b>Kopieren Sie den pers\u00f6nlichen Code, der im speziellen Formular auf Elfsight Apps erscheint. <\/b><br> Sobald die Anpassung Ihres Tools abgeschlossen ist, kopieren Sie den exklusiven Code im erscheinenden Fenster und speichern Sie ihn f\u00fcr eine sp\u00e4tere Gelegenheit. <\/li> <li><b>Erste Schritte mit der Verwendung des Tools auf Ihrer Joomla-Site. <\/b><br> F\u00fcgen Sie den zuvor kopierten Code auf Ihrer Website hinzu und wenden Sie die Verbesserungen an. <\/li> <li><b>Die Installation wurde erfolgreich beendet. <\/b><br> Besuchen Sie Ihre Website, um die Arbeit des Tools zu \u00fcberpr\u00fcfen. <\/li><\/ol><p>Nehmen Sie sich eine Minute Zeit, um den Kundenservice zu erreichen, wenn Sie Rat ben\u00f6tigen oder Fragen haben. Wir helfen Ihnen gerne bei jeder Anfrage weiter. <\/p><div class=\"faq\" data-component=\"FAQ\"><div class=\"faq-item\">\r\n\t\t\t\t\t<div class=\"faq-item-question\">\r\n\t\t\t\t\t\t<h3 class=\"faq-item-question-text\">Wie ist es m\u00f6glich, ein Logo Showcase ohne Programmiererfahrung in mein Joomla einzubetten?<\/h3>\r\n\r\n\t\t\t\t\t\t<div class=\"faq-item-question-icon\"><\/div>\r\n\t\t\t\t\t<\/div>\r\n\r\n\t\t\t\t\t<div class=\"faq-item-answer\">\r\n\t\t\t\t\t\t<div class=\"faq-item-answer-text\"> <p>Elfsight bietet eine L\u00f6sung, mit der Benutzer selbst einen Logo Showcase-Bereich erstellen k\u00f6nnen. Entdecken Sie es Wie unkompliziert es ist: Gehen Sie zur Live-Demo, um einen Logo-Showcase-Bereich einzurichten, den Sie auf der Joomla-Homepage einbinden m\u00f6chten. W\u00e4hlen Sie eine unserer vorgefertigten Vorlagen und \u00e4ndern Sie die Logo Showcase-Einstellungen, aktualisieren Sie Ihre Inhalte, \u00e4ndern Sie das Layout und die Farben ohne Programmieraufwand. Klicken Sie, um das Logo Showcase zu speichern und den Installationscode des Plugins zu kopieren, der problemlos kostenlos in die Joomla-Website eingebunden werden kann. Mit Hilfe unseres intuitiven Konfigurators kann jeder Webbenutzer online einen Logo-Showcase-Bereich erstellen und ihn m\u00fchelos zur Joomla-Website hinzuf\u00fcgen. Sie sollten kein kostenpflichtiges Abonnement abschlie\u00dfen oder Ihre Kartendaten offenlegen, um an dem Dienst teilzunehmen. Wenn Sie bei irgendeinem Schritt auf Probleme sto\u00dfen, z\u00f6gern Sie nicht, sich an unsere Mitarbeiter des technischen Supports zu wenden.<\/p> <\/div>\r\n\t\t\t\t\t<\/div>\r\n\t\t\t\t<\/div> <\/div><\/div>","protected":false},"excerpt":{"rendered":"","protected":false},"author":9,"featured_media":0,"parent":1982,"menu_order":0,"comment_status":"closed","ping_status":"closed","template":"templates\/template-application-platform.php","meta":{"publish_to_discourse":"","publish_post_category":"","wpdc_auto_publish_overridden":"","wpdc_topic_tags":"","wpdc_pin_topic":"","wpdc_pin_until":"","discourse_post_id":"","discourse_permalink":"","wpdc_publishing_response":"","wpdc_publishing_error":"","footnotes":""},"class_list":["post-20793","page","type-page","status-publish","hentry"],"yoast_head":"<!-- This site is optimized with the Yoast SEO plugin v25.3.1 - https:\/\/yoast.com\/wordpress\/plugins\/seo\/ -->\n<title>Logo Showcase \u2013 Logo Carousel-Erweiterung zur Joomla-Website hinzuf\u00fcgen (2025)<\/title>\n<meta name=\"description\" content=\"Es ist ganz einfach, Ihre Logo Showcase-Erweiterung zu erstellen und sie auf Ihrer Joomla-Website hinzuzuf\u00fcgen. Der Elfsight-Kundendienst ist kostenlos und schnell.\" \/>\n<meta name=\"robots\" content=\"index, follow, max-snippet:-1, max-image-preview:large, max-video-preview:-1\" \/>\n<link rel=\"canonical\" href=\"https:\/\/elfsight.com\/de\/logo-showcase-widget\/joomla\/\" \/>\n<meta property=\"og:locale\" content=\"de_DE\" \/>\n<meta property=\"og:type\" content=\"article\" \/>\n<meta property=\"og:title\" content=\"Logo Showcase \u2013 Logo Carousel-Erweiterung zur Joomla-Website hinzuf\u00fcgen (2025)\" \/>\n<meta property=\"og:description\" content=\"Es ist ganz einfach, Ihre Logo Showcase-Erweiterung zu erstellen und sie auf Ihrer Joomla-Website hinzuzuf\u00fcgen. Der Elfsight-Kundendienst ist kostenlos und schnell.\" \/>\n<meta property=\"og:url\" content=\"https:\/\/elfsight.com\/de\/logo-showcase-widget\/joomla\/\" \/>\n<meta property=\"og:site_name\" content=\"Elfsight DE\" \/>\n<meta property=\"article:modified_time\" content=\"2025-07-08T10:55:11+00:00\" \/>\n<meta name=\"twitter:card\" content=\"summary_large_image\" \/>\n<meta name=\"twitter:label1\" content=\"Gesch\u00e4tzte Lesezeit\" \/>\n\t<meta name=\"twitter:data1\" content=\"3\u00a0Minuten\" \/>\n<!-- \/ Yoast SEO plugin. -->","yoast_head_json":{"title":"Logo Showcase \u2013 Logo Carousel-Erweiterung zur Joomla-Website hinzuf\u00fcgen (2025)","description":"Es ist ganz einfach, Ihre Logo Showcase-Erweiterung zu erstellen und sie auf Ihrer Joomla-Website hinzuzuf\u00fcgen. Der Elfsight-Kundendienst ist kostenlos und schnell.","robots":{"index":"index","follow":"follow","max-snippet":"max-snippet:-1","max-image-preview":"max-image-preview:large","max-video-preview":"max-video-preview:-1"},"canonical":"https:\/\/elfsight.com\/de\/logo-showcase-widget\/joomla\/","og_locale":"de_DE","og_type":"article","og_title":"Logo Showcase \u2013 Logo Carousel-Erweiterung zur Joomla-Website hinzuf\u00fcgen (2025)","og_description":"Es ist ganz einfach, Ihre Logo Showcase-Erweiterung zu erstellen und sie auf Ihrer Joomla-Website hinzuzuf\u00fcgen. Der Elfsight-Kundendienst ist kostenlos und schnell.","og_url":"https:\/\/elfsight.com\/de\/logo-showcase-widget\/joomla\/","og_site_name":"Elfsight DE","article_modified_time":"2025-07-08T10:55:11+00:00","twitter_card":"summary_large_image","twitter_misc":{"Gesch\u00e4tzte Lesezeit":"3\u00a0Minuten"},"schema":{"@context":"https:\/\/schema.org","@graph":[{"@type":"WebPage","@id":"https:\/\/elfsight.com\/de\/logo-showcase-widget\/joomla\/","url":"https:\/\/elfsight.com\/de\/logo-showcase-widget\/joomla\/","name":"Logo Showcase \u2013 Logo Carousel-Erweiterung zur Joomla-Website hinzuf\u00fcgen (2025)","isPartOf":{"@id":"https:\/\/elfsight.com\/de\/#website"},"datePublished":"2024-05-03T06:40:53+00:00","dateModified":"2025-07-08T10:55:11+00:00","description":"Es ist ganz einfach, Ihre Logo Showcase-Erweiterung zu erstellen und sie auf Ihrer Joomla-Website hinzuzuf\u00fcgen. Der Elfsight-Kundendienst ist kostenlos und schnell.","breadcrumb":{"@id":"https:\/\/elfsight.com\/de\/logo-showcase-widget\/joomla\/#breadcrumb"},"inLanguage":"de","potentialAction":[{"@type":"ReadAction","target":["https:\/\/elfsight.com\/de\/logo-showcase-widget\/joomla\/"]}]},{"@type":"BreadcrumbList","@id":"https:\/\/elfsight.com\/de\/logo-showcase-widget\/joomla\/#breadcrumb","itemListElement":[{"@type":"ListItem","position":1,"name":"Home","item":"https:\/\/elfsight.com\/de\/"},{"@type":"ListItem","position":2,"name":"Logo Showcase","item":"https:\/\/elfsight.com\/de\/logo-showcase-widget\/"},{"@type":"ListItem","position":3,"name":"Logo Showcase &#8211; Joomla"}]},{"@type":"WebSite","@id":"https:\/\/elfsight.com\/de\/#website","url":"https:\/\/elfsight.com\/de\/","name":"Elfsight DE","description":"Just another Elfsight Sites site","potentialAction":[{"@type":"SearchAction","target":{"@type":"EntryPoint","urlTemplate":"https:\/\/elfsight.com\/de\/?s={search_term_string}"},"query-input":{"@type":"PropertyValueSpecification","valueRequired":true,"valueName":"search_term_string"}}],"inLanguage":"de"}]}},"meta_box":{"industry":"","seo_heading":"","heading":"","description":"","cta_heading":"","cta_description":"","application":"499","h1":"Joomla-Logo-Schaufenster","h1_caption":"Zeigen Sie die Logos Ihrer Partner, Sponsoren oder Kunden an und bauen Sie so m\u00fchelos Glaubw\u00fcrdigkeit und Vertrauen f\u00fcr Ihre Marke auf Ihrer Joomla-Website auf.","application_category":[],"applications_title":"","applications_request_title":"","applications_request_button_text":"","hero_text":"","hero_video":"","hero_video_schema_markup":"","selling_points_title":"","selling_points_caption":"","selling_points":[],"selling_points_cta_text":"","features_title":"","features":"","ed_cta_examples_text":"","ed_cta_examples_hidden":"","ed_cta_demo_text":"","ed_cta_demo_hidden":"","why_caption":"","why_editor_title":"","why_editor_text":"","why_team_title":"","why_team_text":"","why_service_title":"","why_service_text":"","template_catalog_visible":"","template_catalog_title":"","template_catalog_text":"","template_catalog_categories_visible":"","demo_title":"Erstellen Sie Ihr Logo Showcase-Plugin","demo_caption":"Konfigurieren Sie Ihr Logo Showcase und f\u00fcgen Sie es kostenlos Ihrer Joomla-Website hinzu!","default_faq_hidden":"","app_template_category":[],"platform":"259","template_public_id":"","codecanyon_url":"","codecanyon_item_id":"","codecanyon_price":"","pricing_caption":"","pricing_elfsight_apps_hide_column":"","pricing_elfsight_apps_url":"","pricing_codecanyon_price_caption":"","integration_category":[],"integration_request_title":"","integration_request_cta":"","integration_platform":"","integrations":[],"platform_category":[],"video_schema_markup":"","price":"ab 0 $ \/ Monat","trial":"","benefits":[{"text":"Kostenlose Installationshilfe"},{"text":"Premium-Support"},{"text":"14-t\u00e4gige R\u00fcckerstattungsgarantie"},{"text":"Regelm\u00e4\u00dfige Updates"}],"button_url":"#demo","button_target_blank":"","button_nofollow":"","attributes":[{"name":"Installiert","content":"10,000 - 100,000"},{"name":"Reaktionsfreudig","content":"Ja"},{"name":"Kompatible Browser","content":"IE11, Firefox, Safari, Opera, Chrome, Edge"}],"tags":[],"tags_disable_links":"","hide_more_platforms":"","video_object":"","demo_hide_cta":"","demo_hide_cloud_options":"","pricing_title":"","pricing":[{"pricing_icon":"platform","pricing_title":"Elfsight Apps","pricing_title_caption":"Plattformunabh\u00e4ngige Version, die f\u00fcr jede Site geeignet ist","pricing_price":"ab 0 $ \/ Monat","pricing_price_caption":"Beginnen Sie mit einem kostenlosen Plan","pricing_benefits":[{"text":"Unbegrenzte Websites"},{"text":"24\/7 und p\u00fcnktlicher Support"},{"text":"Kostenloser Installationsservice"},{"text":"Preis f\u00fcr mehrere Apps"}],"pricing_button_text":"Zur Website hinzuf\u00fcgen","pricing_button_url":"#demo"}],"related_apps_title":"","related_apps_hidden":"","author":"","image":[],"title":"","job":"","social_networks":[]},"_links":{"self":[{"href":"https:\/\/elfsight.com\/de\/wp-json\/wp\/v2\/pages\/20793","targetHints":{"allow":["GET"]}}],"collection":[{"href":"https:\/\/elfsight.com\/de\/wp-json\/wp\/v2\/pages"}],"about":[{"href":"https:\/\/elfsight.com\/de\/wp-json\/wp\/v2\/types\/page"}],"author":[{"embeddable":true,"href":"https:\/\/elfsight.com\/de\/wp-json\/wp\/v2\/users\/9"}],"replies":[{"embeddable":true,"href":"https:\/\/elfsight.com\/de\/wp-json\/wp\/v2\/comments?post=20793"}],"version-history":[{"count":1,"href":"https:\/\/elfsight.com\/de\/wp-json\/wp\/v2\/pages\/20793\/revisions"}],"predecessor-version":[{"id":20797,"href":"https:\/\/elfsight.com\/de\/wp-json\/wp\/v2\/pages\/20793\/revisions\/20797"}],"up":[{"embeddable":true,"href":"https:\/\/elfsight.com\/de\/wp-json\/wp\/v2\/pages\/1982"}],"wp:attachment":[{"href":"https:\/\/elfsight.com\/de\/wp-json\/wp\/v2\/media?parent=20793"}],"curies":[{"name":"wp","href":"https:\/\/api.w.org\/{rel}","templated":true}]}}