{"id":20786,"date":"2024-05-03T06:40:50","date_gmt":"2024-05-03T06:40:50","guid":{"rendered":"https:\/\/elfsight.com\/de\/?page_id=20786"},"modified":"2025-02-21T12:04:08","modified_gmt":"2025-02-21T12:04:08","slug":"shopify","status":"publish","type":"page","link":"https:\/\/elfsight.com\/de\/logo-showcase-widget\/shopify\/","title":{"rendered":"Logo Showcase &#8211; Shopify"},"content":{"rendered":"\n<div class=\"application-platform-content-item-description application-platform-content-item\" id=\"description\" data-nav-section=\"description\"><h2>Logo Showcase auf Shopify mit dem Elfsight-Widget einbetten<\/h2> <p>Elfsight Logo Showcase ist das perfekte Tool zum Anzeigen mehrerer Kunden oder Logos der Veranstalter oder Ihre Presseerw\u00e4hnungen auf der Website. Mit dem Widget zeigen Sie, dass Ihr Unternehmen ein vertrauensw\u00fcrdiger Partner ist und sorgen f\u00fcr eine positive Wahrnehmung Ihres Unternehmens. Mit dem Elfsight-Widget k\u00f6nnen Sie eine beliebige Anzahl von Emblemen anzeigen, sie in einem Karussell oder Raster anordnen und die Gr\u00f6\u00dfe der Logos variieren. Sie k\u00f6nnen eine Bildunterschrift und einen Link zur Website des Unternehmens eingeben. Mithilfe von Farb- und Schriftartfunktionen k\u00f6nnen Sie den Logos ein einzigartiges Aussehen verleihen. <\/p><p><b>Steigern Sie Ihren Umsatz und zeigen Sie Ihren guten Ruf als Unternehmen mit Kundenlogos auf der Website. <\/b><\/p><\/div><div class=\"application-platform-content-item-features application-platform-content-item\" id=\"features\" data-nav-section=\"features\"><h2>Hauptfunktionen des Logo Showcase-Widgets<\/h2> <p>Hier ist eine Liste aller Funktionsmerkmale von Logo Showcase. Sie k\u00f6nnen sie direkt im Editor anpassen und sie helfen Ihnen dabei, das Widget genau f\u00fcr Ihren Fall zu gestalten. <\/p><ul><li>Die Option, jedes Logo mit einer beliebigen Adresse zu verbinden; <\/li><li>Entfernbare Widget-Kopfzeile mit Titel und Text mit unterst\u00fctzter Formatierung; <\/li><li>Call-to-Action-Button kann mit jeder Seite verkn\u00fcpft werden; <\/li><li>Drei verschiedene Widget-Layouts: Slider, Grid und Karussell; <\/li><li>Eine Funktion zum Festlegen der Logogr\u00f6\u00dfe und des Widget-Breitenparameters; <\/li><li>W\u00e4hlen Sie eine beliebige Hintergrundfarbe oder laden Sie eine benutzerdefinierte Datei hoch. <\/li><\/ul><p><a href=\"#demo\">\u00dcberpr\u00fcfen Sie in unserer Demo, wie alle Funktionen funktionieren<\/a><\/p><\/div><div class=\"application-platform-content-item-installation application-platform-content-item\" id=\"installation\" data-nav-section=\"installation\"> <h2>Wie bette ich Logo Showcase auf Shopify ein? <\/h2><div class=\"video-container\"><iframe width=\"560\" height=\"315\" src=\"https:\/\/www.youtube.com\/embed\/83e2SlUh84I?si=LGyyU_G46HOL0On4\" frameborder=\"0\" allow=\"accelerometer; autoplay; clipboard-write; encrypted-media; gyroscope; picture-in-picture; web-share\" allowfullscreen><\/iframe><\/div><p>Um das Widget zu integrieren, befolgen Sie einfach die folgenden Anweisungen<\/p><ol><li><b>F\u00fchren Sie unseren kostenlosen Konfigurator aus und beginnen Sie mit der Erstellung Ihrer individuellen App. <\/b><br> W\u00e4hlen Sie das ausgew\u00e4hlte Layout und die ausgew\u00e4hlten Aspekte der App und speichern Sie alle \u00c4nderungen. <\/li> <li><b>Erhalten Sie den eindeutigen Code, der im Fenster von Elfsight Apps angezeigt wird. <\/b><br> Sobald die Konfiguration Ihrer pers\u00f6nlichen App abgeschlossen ist, kopieren Sie den individuellen Code im angezeigten Fenster und bewahren Sie ihn f\u00fcr zuk\u00fcnftige Gelegenheiten auf. <\/li> <li><b>Beginnen Sie mit der Nutzung der App auf Ihrer Shopify-Website. <\/b><br> Betten Sie den zuvor gespeicherten Code in Ihre Webseite ein und \u00fcbernehmen Sie die Anpassungen. <\/li> <li><b>Das Setup ist vollst\u00e4ndig beendet. <\/b><br> Besuchen Sie Ihre Website, um die Funktionsweise der App anzuzeigen. <\/li><\/ol><p>Wenn Sie Hilfe ben\u00f6tigen oder eine Frage haben, k\u00f6nnen Sie sich gerne an unseren Support-Service wenden. Wir helfen Ihnen gerne bei jedem Anliegen weiter. <\/p><div class=\"faq\" data-component=\"FAQ\"><div class=\"faq-item\">\r\n\t\t\t\t\t<div class=\"faq-item-question\">\r\n\t\t\t\t\t\t<h3 class=\"faq-item-question-text\">Wie ist es m\u00f6glich, Logo Showcase ohne Programmierkenntnisse zu meiner Shopify-Site hinzuzuf\u00fcgen?<\/h3>\r\n\r\n\t\t\t\t\t\t<div class=\"faq-item-question-icon\"><\/div>\r\n\t\t\t\t\t<\/div>\r\n\r\n\t\t\t\t\t<div class=\"faq-item-answer\">\r\n\t\t\t\t\t\t<div class=\"faq-item-answer-text\"> <p>Elfsight stellt eine SaaS-L\u00f6sung vor, die es Benutzern erm\u00f6glicht, selbst einen Logo Showcase-Bereich zu erstellen Entdecken Sie die einfachen Anweisungen: Gehen Sie zum Online-Editor, um eine Logo Showcase-App zu erstellen, die Sie in Ihre Shopify-Website einbetten m\u00f6chten. W\u00e4hlen Sie eine der vorgefertigten Vorlagen und \u00e4ndern Sie die Logo Showcase-Einstellungen, \u00e4ndern Sie das Layout und das Farbschema und aktualisieren Sie Ihre Inhalte, ohne Programmiererfahrung zu haben. Speichern Sie die von Ihnen vorgenommenen Einstellungen in Logo Showcase und erhalten Sie den Installationscode, der mit einem kostenlosen Plan m\u00fchelos in jede Shopify-Webseite eingef\u00fcgt werden kann. Mit dem intuitiven Konfigurator kann jeder Webbenutzer online ein Logo Showcase-Widget erstellen und es einfach in seine Shopify-Website einbetten. Sie m\u00fcssen weder bezahlen noch Ihre Kartendaten eingeben, um auf den Editor zuzugreifen. Wenn Sie auf Hindernisse jeglicher Art sto\u00dfen, wenden Sie sich bitte an unseren Kundensupport.<\/p> <\/div>\r\n\t\t\t\t\t<\/div>\r\n\t\t\t\t<\/div> <\/div><\/div>\n\n\n\n<p><\/p>\n","protected":false},"excerpt":{"rendered":"","protected":false},"author":9,"featured_media":0,"parent":1982,"menu_order":0,"comment_status":"closed","ping_status":"closed","template":"templates\/template-application-platform.php","meta":{"publish_to_discourse":"","publish_post_category":"","wpdc_auto_publish_overridden":"","wpdc_topic_tags":"","wpdc_pin_topic":"","wpdc_pin_until":"","discourse_post_id":"","discourse_permalink":"","wpdc_publishing_response":"","wpdc_publishing_error":"","footnotes":""},"class_list":["post-20786","page","type-page","status-publish","hentry"],"yoast_head":"<!-- This site is optimized with the Yoast SEO plugin v25.3.1 - https:\/\/yoast.com\/wordpress\/plugins\/seo\/ -->\n<title>Logo Showcase \u2013 Logo Carousel-App zur Shopify-Website hinzuf\u00fcgen (2025)<\/title>\n<meta name=\"description\" content=\"Es ist ganz einfach, Ihre Logo Showcase-App zu erstellen und sie auf Ihrer Shopify-Website hinzuzuf\u00fcgen. Der Elfsight-Kundendienst ist kostenlos und schnell.\" \/>\n<meta name=\"robots\" content=\"index, follow, max-snippet:-1, max-image-preview:large, max-video-preview:-1\" \/>\n<link rel=\"canonical\" href=\"https:\/\/elfsight.com\/de\/logo-showcase-widget\/shopify\/\" \/>\n<meta property=\"og:locale\" content=\"de_DE\" \/>\n<meta property=\"og:type\" content=\"article\" \/>\n<meta property=\"og:title\" content=\"Logo Showcase \u2013 Logo Carousel-App zur Shopify-Website hinzuf\u00fcgen (2025)\" \/>\n<meta property=\"og:description\" content=\"Es ist ganz einfach, Ihre Logo Showcase-App zu erstellen und sie auf Ihrer Shopify-Website hinzuzuf\u00fcgen. Der Elfsight-Kundendienst ist kostenlos und schnell.\" \/>\n<meta property=\"og:url\" content=\"https:\/\/elfsight.com\/de\/logo-showcase-widget\/shopify\/\" \/>\n<meta property=\"og:site_name\" content=\"Elfsight DE\" \/>\n<meta property=\"article:modified_time\" content=\"2025-02-21T12:04:08+00:00\" \/>\n<meta name=\"twitter:card\" content=\"summary_large_image\" \/>\n<meta name=\"twitter:label1\" content=\"Gesch\u00e4tzte Lesezeit\" \/>\n\t<meta name=\"twitter:data1\" content=\"3\u00a0Minuten\" \/>\n<!-- \/ Yoast SEO plugin. -->","yoast_head_json":{"title":"Logo Showcase \u2013 Logo Carousel-App zur Shopify-Website hinzuf\u00fcgen (2025)","description":"Es ist ganz einfach, Ihre Logo Showcase-App zu erstellen und sie auf Ihrer Shopify-Website hinzuzuf\u00fcgen. Der Elfsight-Kundendienst ist kostenlos und schnell.","robots":{"index":"index","follow":"follow","max-snippet":"max-snippet:-1","max-image-preview":"max-image-preview:large","max-video-preview":"max-video-preview:-1"},"canonical":"https:\/\/elfsight.com\/de\/logo-showcase-widget\/shopify\/","og_locale":"de_DE","og_type":"article","og_title":"Logo Showcase \u2013 Logo Carousel-App zur Shopify-Website hinzuf\u00fcgen (2025)","og_description":"Es ist ganz einfach, Ihre Logo Showcase-App zu erstellen und sie auf Ihrer Shopify-Website hinzuzuf\u00fcgen. Der Elfsight-Kundendienst ist kostenlos und schnell.","og_url":"https:\/\/elfsight.com\/de\/logo-showcase-widget\/shopify\/","og_site_name":"Elfsight DE","article_modified_time":"2025-02-21T12:04:08+00:00","twitter_card":"summary_large_image","twitter_misc":{"Gesch\u00e4tzte Lesezeit":"3\u00a0Minuten"},"schema":{"@context":"https:\/\/schema.org","@graph":[{"@type":"WebPage","@id":"https:\/\/elfsight.com\/de\/logo-showcase-widget\/shopify\/","url":"https:\/\/elfsight.com\/de\/logo-showcase-widget\/shopify\/","name":"Logo Showcase \u2013 Logo Carousel-App zur Shopify-Website hinzuf\u00fcgen (2025)","isPartOf":{"@id":"https:\/\/elfsight.com\/de\/#website"},"datePublished":"2024-05-03T06:40:50+00:00","dateModified":"2025-02-21T12:04:08+00:00","description":"Es ist ganz einfach, Ihre Logo Showcase-App zu erstellen und sie auf Ihrer Shopify-Website hinzuzuf\u00fcgen. Der Elfsight-Kundendienst ist kostenlos und schnell.","breadcrumb":{"@id":"https:\/\/elfsight.com\/de\/logo-showcase-widget\/shopify\/#breadcrumb"},"inLanguage":"de","potentialAction":[{"@type":"ReadAction","target":["https:\/\/elfsight.com\/de\/logo-showcase-widget\/shopify\/"]}]},{"@type":"BreadcrumbList","@id":"https:\/\/elfsight.com\/de\/logo-showcase-widget\/shopify\/#breadcrumb","itemListElement":[{"@type":"ListItem","position":1,"name":"Home","item":"https:\/\/elfsight.com\/de\/"},{"@type":"ListItem","position":2,"name":"Logo Showcase","item":"https:\/\/elfsight.com\/de\/logo-showcase-widget\/"},{"@type":"ListItem","position":3,"name":"Logo Showcase &#8211; Shopify"}]},{"@type":"WebSite","@id":"https:\/\/elfsight.com\/de\/#website","url":"https:\/\/elfsight.com\/de\/","name":"Elfsight DE","description":"Just another Elfsight Sites site","potentialAction":[{"@type":"SearchAction","target":{"@type":"EntryPoint","urlTemplate":"https:\/\/elfsight.com\/de\/?s={search_term_string}"},"query-input":{"@type":"PropertyValueSpecification","valueRequired":true,"valueName":"search_term_string"}}],"inLanguage":"de"}]}},"meta_box":{"industry":"","seo_heading":"","heading":"","description":"","cta_heading":"","cta_description":"","application":"499","h1":"Shopify-Logo-Schaufenster","h1_caption":"Zeigen Sie die Logos Ihrer Partner, Sponsoren oder Kunden an und bauen Sie so m\u00fchelos Glaubw\u00fcrdigkeit und Vertrauen f\u00fcr Ihre Marke auf Ihrer Shopify-Website auf.","application_category":[],"applications_title":"","applications_request_title":"","applications_request_button_text":"","hero_text":"","hero_video":"","hero_video_schema_markup":"","selling_points_title":"","selling_points_caption":"","selling_points":[],"selling_points_cta_text":"","features_title":"","features":"","ed_cta_examples_text":"","ed_cta_examples_hidden":"","ed_cta_demo_text":"","ed_cta_demo_hidden":"","why_caption":"","why_editor_title":"","why_editor_text":"","why_team_title":"","why_team_text":"","why_service_title":"","why_service_text":"","template_catalog_visible":"0","template_catalog_title":"","template_catalog_text":"","template_catalog_categories_visible":"","demo_title":"Erstellen Sie Ihre Logo Showcase-App","demo_caption":"Konfigurieren Sie Ihr Logo Showcase und f\u00fcgen Sie es kostenlos zu Ihrer Shopify-Website hinzu!","default_faq_hidden":"","app_template_category":[],"platform":"253","template_public_id":"","codecanyon_url":"","codecanyon_item_id":"","codecanyon_price":"","pricing_caption":"","pricing_elfsight_apps_hide_column":"","pricing_elfsight_apps_url":"","pricing_codecanyon_price_caption":"","integration_category":[],"integration_request_title":"","integration_request_cta":"","integration_platform":"","integrations":[],"platform_category":[],"video_schema_markup":"","price":"ab 0 $ \/ Monat","trial":"","benefits":[{"text":"Kostenloser Installationsservice"},{"text":"Premium-Support"},{"text":"14-t\u00e4gige Geld-zur\u00fcck-Garantie"},{"text":"Kontinuierliche kostenlose Updates"}],"button_url":"#demo","button_target_blank":"0","button_nofollow":"0","attributes":[{"name":"Installiert","content":"10,000 - 100,000"},{"name":"Reaktionsfreudig","content":"Ja"},{"name":"Kompatible Browser","content":"Firefox, Safari, Opera, Chrome, Edge"}],"tags":[],"tags_disable_links":"0","hide_more_platforms":"0","video_object":"","demo_hide_cta":"0","demo_hide_cloud_options":"0","pricing_title":"","pricing":[{"pricing_icon":"platform","pricing_title":"Elfsight Apps","pricing_title_caption":"Plattform\u00fcbergreifende Version, die auf jeder Website funktioniert","pricing_price":"ab 0 $ \/ Monat","pricing_price_caption":"Beginnen Sie mit einem kostenlosen Plan","pricing_benefits":[{"text":"Unbegrenzte Websites"},{"text":"Premium-Support"},{"text":"Kostenloser Installationsservice"},{"text":"Sonderangebot f\u00fcr mehrere Apps"}],"pricing_button_text":"Zur Website hinzuf\u00fcgen","pricing_button_url":"#demo"}],"related_apps_title":"","related_apps_hidden":"0","author":"","image":[],"title":"","job":"","social_networks":[]},"_links":{"self":[{"href":"https:\/\/elfsight.com\/de\/wp-json\/wp\/v2\/pages\/20786","targetHints":{"allow":["GET"]}}],"collection":[{"href":"https:\/\/elfsight.com\/de\/wp-json\/wp\/v2\/pages"}],"about":[{"href":"https:\/\/elfsight.com\/de\/wp-json\/wp\/v2\/types\/page"}],"author":[{"embeddable":true,"href":"https:\/\/elfsight.com\/de\/wp-json\/wp\/v2\/users\/9"}],"replies":[{"embeddable":true,"href":"https:\/\/elfsight.com\/de\/wp-json\/wp\/v2\/comments?post=20786"}],"version-history":[{"count":3,"href":"https:\/\/elfsight.com\/de\/wp-json\/wp\/v2\/pages\/20786\/revisions"}],"predecessor-version":[{"id":24703,"href":"https:\/\/elfsight.com\/de\/wp-json\/wp\/v2\/pages\/20786\/revisions\/24703"}],"up":[{"embeddable":true,"href":"https:\/\/elfsight.com\/de\/wp-json\/wp\/v2\/pages\/1982"}],"wp:attachment":[{"href":"https:\/\/elfsight.com\/de\/wp-json\/wp\/v2\/media?parent=20786"}],"curies":[{"name":"wp","href":"https:\/\/api.w.org\/{rel}","templated":true}]}}