{"id":20785,"date":"2024-05-03T06:40:49","date_gmt":"2024-05-03T06:40:49","guid":{"rendered":"https:\/\/elfsight.com\/de\/?page_id=20785"},"modified":"2025-07-08T10:55:22","modified_gmt":"2025-07-08T10:55:22","slug":"magento","status":"publish","type":"page","link":"https:\/\/elfsight.com\/de\/logo-showcase-widget\/magento\/","title":{"rendered":"Logo Showcase &#8211; Magento"},"content":{"rendered":"<div class=\"application-platform-content-item-description application-platform-content-item\" id=\"description\" data-nav-section=\"description\"><h2>Beschreibung<\/h2> <p>Elfsight Logo Showcase ist die beste M\u00f6glichkeit, die Logos der Kunden und Sponsoren oder Ihre Presseerw\u00e4hnungen zu zeigen Auf deiner Webseite. Mit unserem Widget zeigen Sie, dass Ihr Unternehmen ein vertrauensw\u00fcrdiger Begleiter ist und pflegen ein positives Image Ihres Unternehmens. Mit dem Elfsight-Widget k\u00f6nnen Sie unendlich viele Logos integrieren, sie in einem Schieberegler oder Raster anordnen und den Ma\u00dfstab der Bilder \u00e4ndern. Sie k\u00f6nnen Bildunterschriften und Links zur Website des Unternehmens hinzuf\u00fcgen. Durch unterschiedliche Farben und Schriftarten l\u00e4sst sich ganz einfach ein personalisierter Look entwerfen. <\/p><p><b>Erh\u00f6hen Sie die Vertrauensw\u00fcrdigkeit Ihres Unternehmens, indem Sie die Reichweite der Logos Ihrer Kunden demonstrieren. <\/b><\/p><\/div><div class=\"application-platform-content-item-features application-platform-content-item\" id=\"features\" data-nav-section=\"features\"><h2>Funktionen<\/h2> <p>Sehen Sie sich alle Funktionen von Logo Showcase an. Sie sind direkt im Editor verf\u00fcgbar und helfen Ihnen, das f\u00fcr Ihren Anwendungsfall am besten geeignete Widget zu erstellen. <\/p><ul><li>Sie k\u00f6nnen die Logos mit jeder Adresse verkn\u00fcpfen; <\/li><li>Der abnehmbare Widget-Header enth\u00e4lt Titel und Text mit Formatierungsoptionen. <\/li><li>Call-to-Action-Button kann per Klick zu jeder beliebigen Adresse f\u00fchren; <\/li><li>Drei verschiedene Widget-Layouts: Slider, Grid und Karussell; <\/li><li>Eine Funktion zum Variieren der Logogr\u00f6\u00dfe und des Widget-Breitenparameters; <\/li><li>Die Option, eine beliebige Hintergrundfarbe auszuw\u00e4hlen oder Ihr eigenes Bild hochzuladen. <\/li><\/ul><p><a href=\"#demo\">Sehen Sie in unserer Demo, wie alle Funktionen funktionieren<\/a><\/p><\/div><div class=\"application-platform-content-item-installation application-platform-content-item\" id=\"installation\" data-nav-section=\"installation\"> <h2>Wie binde ich Logo Showcase auf der Magento-Website ein?<\/h2><p>Um ein Widget hinzuzuf\u00fcgen, folgen Sie einfach den untenstehenden Richtlinien<\/p><ol><li><b>F\u00fchren Sie unseren kostenlosen Konfigurator aus und beginnen Sie mit der Gestaltung Ihres individuellen Logos -Erweiterung gemacht. <\/b><br> Finden Sie das bevorzugte Layout und die Optionen der Erweiterung und \u00fcbernehmen Sie alle \u00c4nderungen. <\/li> <li><b>Erhalten Sie Ihren individuellen Code, der im speziellen Formular auf Elfsight Apps angezeigt wird. <\/b><br> Sobald die Anpassung Ihrer Erweiterung abgeschlossen ist, kopieren Sie den pers\u00f6nlichen Code aus dem angezeigten Popup und bewahren Sie ihn f\u00fcr einen sp\u00e4teren Zeitpunkt auf. <\/li> <li><b>Beginn der Verwendung der Erweiterung auf der Magento-Website. <\/b><br> Betten Sie den Code, den Sie zuvor gespeichert haben, in Ihre Website ein und speichern Sie die Korrekturen. <\/li> <li><b>Die Installation wurde erfolgreich durchgef\u00fchrt. <\/b><br> Besuchen Sie Ihre Website, um zu sehen, wie die Erweiterung funktioniert. <\/li><\/ol><p>Wenn Sie Rat ben\u00f6tigen oder Fragen haben, k\u00f6nnen Sie sich gerne an unseren Kundensupport wenden. Wir helfen Ihnen gerne bei jeder Anfrage weiter. <\/p><div class=\"faq\" data-component=\"FAQ\"><div class=\"faq-item\">\r\n\t\t\t\t\t<div class=\"faq-item-question\">\r\n\t\t\t\t\t\t<h3 class=\"faq-item-question-text\">Gibt es eine M\u00f6glichkeit, ein Logo Showcase in meine Magento-Startseite einzubetten, ohne Programmiererfahrung zu haben?<\/h3>\r\n\r\n\t\t\t\t\t\t<div class=\"faq-item-question-icon\"><\/div>\r\n\t\t\t\t\t<\/div>\r\n\r\n\t\t\t\t\t<div class=\"faq-item-answer\">\r\n\t\t\t\t\t\t<div class=\"faq-item-answer-text\"> <p>Elfsight bietet eine Cloud-L\u00f6sung, die es Websitebesitzern erm\u00f6glicht, einen Logo Showcase-Bereich einzurichten Lernen Sie selbst die einfache Anleitung kennen: Gehen Sie zur Online-Demo, um einen Logo-Showcase-Bereich einzurichten, den Sie gerne auf der Magento-Homepage sehen w\u00fcrden. Klicken Sie auf eine der vielen vorgefertigten Vorlagen und \u00e4ndern Sie die Logo Showcase-Einstellungen, f\u00fcgen Sie Ihre Inhalte hinzu, \u00e4ndern Sie das Layout und die Farben ohne Programmierkenntnisse. Klicken Sie, um das Logo Showcase zu speichern und den Code von widge zum Einbetten zu kopieren, den Sie mit einem kostenlosen Plan problemlos in die Magento-Website einf\u00fcgen k\u00f6nnen. Mit dem benutzerfreundlichen Editor kann jeder Webbenutzer ein Logo-Showcase erstellen und es auf der Magento-Website einf\u00fcgen. Um Zugang zum Editor zu erhalten, ist es nicht erforderlich, ein kostenpflichtiges Abonnement abzuschlie\u00dfen oder Ihre Kartendaten preiszugeben. Wenn Sie auf Probleme jeglicher Art sto\u00dfen, wenden Sie sich bitte an unser Support-Team.<\/p> <\/div>\r\n\t\t\t\t\t<\/div>\r\n\t\t\t\t<\/div> <\/div><\/div>","protected":false},"excerpt":{"rendered":"","protected":false},"author":9,"featured_media":0,"parent":1982,"menu_order":0,"comment_status":"closed","ping_status":"closed","template":"templates\/template-application-platform.php","meta":{"publish_to_discourse":"","publish_post_category":"","wpdc_auto_publish_overridden":"","wpdc_topic_tags":"","wpdc_pin_topic":"","wpdc_pin_until":"","discourse_post_id":"","discourse_permalink":"","wpdc_publishing_response":"","wpdc_publishing_error":"","footnotes":""},"class_list":["post-20785","page","type-page","status-publish","hentry"],"yoast_head":"<!-- This site is optimized with the Yoast SEO plugin v25.3.1 - https:\/\/yoast.com\/wordpress\/plugins\/seo\/ -->\n<title>Logo Showcase \u2013 Logo Carousel-Erweiterung zur Magento-Website hinzuf\u00fcgen (2025)<\/title>\n<meta name=\"description\" content=\"Es ist ganz einfach, Ihre Logo Showcase-Erweiterung zu erstellen und sie auf Ihrer Magento-Website hinzuzuf\u00fcgen. Der Elfsight-Kundendienst ist kostenlos und schnell.\" \/>\n<meta name=\"robots\" content=\"index, follow, max-snippet:-1, max-image-preview:large, max-video-preview:-1\" \/>\n<link rel=\"canonical\" href=\"https:\/\/elfsight.com\/de\/logo-showcase-widget\/magento\/\" \/>\n<meta property=\"og:locale\" content=\"de_DE\" \/>\n<meta property=\"og:type\" content=\"article\" \/>\n<meta property=\"og:title\" content=\"Logo Showcase \u2013 Logo Carousel-Erweiterung zur Magento-Website hinzuf\u00fcgen (2025)\" \/>\n<meta property=\"og:description\" content=\"Es ist ganz einfach, Ihre Logo Showcase-Erweiterung zu erstellen und sie auf Ihrer Magento-Website hinzuzuf\u00fcgen. Der Elfsight-Kundendienst ist kostenlos und schnell.\" \/>\n<meta property=\"og:url\" content=\"https:\/\/elfsight.com\/de\/logo-showcase-widget\/magento\/\" \/>\n<meta property=\"og:site_name\" content=\"Elfsight DE\" \/>\n<meta property=\"article:modified_time\" content=\"2025-07-08T10:55:22+00:00\" \/>\n<meta name=\"twitter:card\" content=\"summary_large_image\" \/>\n<meta name=\"twitter:label1\" content=\"Gesch\u00e4tzte Lesezeit\" \/>\n\t<meta name=\"twitter:data1\" content=\"3\u00a0Minuten\" \/>\n<!-- \/ Yoast SEO plugin. -->","yoast_head_json":{"title":"Logo Showcase \u2013 Logo Carousel-Erweiterung zur Magento-Website hinzuf\u00fcgen (2025)","description":"Es ist ganz einfach, Ihre Logo Showcase-Erweiterung zu erstellen und sie auf Ihrer Magento-Website hinzuzuf\u00fcgen. Der Elfsight-Kundendienst ist kostenlos und schnell.","robots":{"index":"index","follow":"follow","max-snippet":"max-snippet:-1","max-image-preview":"max-image-preview:large","max-video-preview":"max-video-preview:-1"},"canonical":"https:\/\/elfsight.com\/de\/logo-showcase-widget\/magento\/","og_locale":"de_DE","og_type":"article","og_title":"Logo Showcase \u2013 Logo Carousel-Erweiterung zur Magento-Website hinzuf\u00fcgen (2025)","og_description":"Es ist ganz einfach, Ihre Logo Showcase-Erweiterung zu erstellen und sie auf Ihrer Magento-Website hinzuzuf\u00fcgen. Der Elfsight-Kundendienst ist kostenlos und schnell.","og_url":"https:\/\/elfsight.com\/de\/logo-showcase-widget\/magento\/","og_site_name":"Elfsight DE","article_modified_time":"2025-07-08T10:55:22+00:00","twitter_card":"summary_large_image","twitter_misc":{"Gesch\u00e4tzte Lesezeit":"3\u00a0Minuten"},"schema":{"@context":"https:\/\/schema.org","@graph":[{"@type":"WebPage","@id":"https:\/\/elfsight.com\/de\/logo-showcase-widget\/magento\/","url":"https:\/\/elfsight.com\/de\/logo-showcase-widget\/magento\/","name":"Logo Showcase \u2013 Logo Carousel-Erweiterung zur Magento-Website hinzuf\u00fcgen (2025)","isPartOf":{"@id":"https:\/\/elfsight.com\/de\/#website"},"datePublished":"2024-05-03T06:40:49+00:00","dateModified":"2025-07-08T10:55:22+00:00","description":"Es ist ganz einfach, Ihre Logo Showcase-Erweiterung zu erstellen und sie auf Ihrer Magento-Website hinzuzuf\u00fcgen. Der Elfsight-Kundendienst ist kostenlos und schnell.","breadcrumb":{"@id":"https:\/\/elfsight.com\/de\/logo-showcase-widget\/magento\/#breadcrumb"},"inLanguage":"de","potentialAction":[{"@type":"ReadAction","target":["https:\/\/elfsight.com\/de\/logo-showcase-widget\/magento\/"]}]},{"@type":"BreadcrumbList","@id":"https:\/\/elfsight.com\/de\/logo-showcase-widget\/magento\/#breadcrumb","itemListElement":[{"@type":"ListItem","position":1,"name":"Home","item":"https:\/\/elfsight.com\/de\/"},{"@type":"ListItem","position":2,"name":"Logo Showcase","item":"https:\/\/elfsight.com\/de\/logo-showcase-widget\/"},{"@type":"ListItem","position":3,"name":"Logo Showcase &#8211; Magento"}]},{"@type":"WebSite","@id":"https:\/\/elfsight.com\/de\/#website","url":"https:\/\/elfsight.com\/de\/","name":"Elfsight DE","description":"Just another Elfsight Sites site","potentialAction":[{"@type":"SearchAction","target":{"@type":"EntryPoint","urlTemplate":"https:\/\/elfsight.com\/de\/?s={search_term_string}"},"query-input":{"@type":"PropertyValueSpecification","valueRequired":true,"valueName":"search_term_string"}}],"inLanguage":"de"}]}},"meta_box":{"industry":"","seo_heading":"","heading":"","description":"","cta_heading":"","cta_description":"","application":"499","h1":"Magento-Logo-Schaufenster","h1_caption":"Zeigen Sie die Logos Ihrer Partner, Sponsoren oder Kunden an und bauen Sie so m\u00fchelos Glaubw\u00fcrdigkeit und Vertrauen f\u00fcr Ihre Marke auf Ihrer Magento-Website auf.","application_category":[],"applications_title":"","applications_request_title":"","applications_request_button_text":"","hero_text":"","hero_video":"","hero_video_schema_markup":"","selling_points_title":"","selling_points_caption":"","selling_points":[],"selling_points_cta_text":"","features_title":"","features":"","ed_cta_examples_text":"","ed_cta_examples_hidden":"","ed_cta_demo_text":"","ed_cta_demo_hidden":"","why_caption":"","why_editor_title":"","why_editor_text":"","why_team_title":"","why_team_text":"","why_service_title":"","why_service_text":"","template_catalog_visible":"","template_catalog_title":"","template_catalog_text":"","template_catalog_categories_visible":"","demo_title":"Erstellen Sie Ihre Logo Showcase-Erweiterung","demo_caption":"Konfigurieren Sie Ihr Logo Showcase und f\u00fcgen Sie es kostenlos Ihrer Magento-Website hinzu!","default_faq_hidden":"","app_template_category":[],"platform":"256","template_public_id":"","codecanyon_url":"","codecanyon_item_id":"","codecanyon_price":"","pricing_caption":"","pricing_elfsight_apps_hide_column":"","pricing_elfsight_apps_url":"","pricing_codecanyon_price_caption":"","integration_category":[],"integration_request_title":"","integration_request_cta":"","integration_platform":"","integrations":[],"platform_category":[],"video_schema_markup":"","price":"ab 0 $ \/ Monat","trial":"","benefits":[{"text":"Kostenlose Installationsunterst\u00fctzung"},{"text":"Professioneller Kundenservice"},{"text":"14-t\u00e4gige Geld-zur\u00fcck-Garantie"},{"text":"Zuk\u00fcnftige kostenlose Updates"}],"button_url":"#demo","button_target_blank":"","button_nofollow":"","attributes":[{"name":"Installiert","content":"10,000 - 100,000"},{"name":"Reaktionsfreudig","content":"Ja"},{"name":"Kompatible Browser","content":"Firefox, Safari, Opera, Chrome, Edge"}],"tags":[],"tags_disable_links":"","hide_more_platforms":"","video_object":"","demo_hide_cta":"","demo_hide_cloud_options":"","pricing_title":"","pricing":[{"pricing_icon":"platform","pricing_title":"Elfsight Apps","pricing_title_caption":"Plattform\u00fcbergreifende Version, die auf jeder Website funktioniert","pricing_price":"ab 0 $ \/ Monat","pricing_price_caption":"Beginnen Sie mit einem kostenlosen Plan","pricing_benefits":[{"text":"Unbegrenzte Domains"},{"text":"Professionelle und p\u00fcnktliche Unterst\u00fctzung und gut dokumentiert"},{"text":"Kostenloser Installationsservice"},{"text":"Vollst\u00e4ndig anpassbar"}],"pricing_button_text":"Zur Website hinzuf\u00fcgen","pricing_button_url":"#demo"}],"related_apps_title":"","related_apps_hidden":"","author":"","image":[],"title":"","job":"","social_networks":[]},"_links":{"self":[{"href":"https:\/\/elfsight.com\/de\/wp-json\/wp\/v2\/pages\/20785","targetHints":{"allow":["GET"]}}],"collection":[{"href":"https:\/\/elfsight.com\/de\/wp-json\/wp\/v2\/pages"}],"about":[{"href":"https:\/\/elfsight.com\/de\/wp-json\/wp\/v2\/types\/page"}],"author":[{"embeddable":true,"href":"https:\/\/elfsight.com\/de\/wp-json\/wp\/v2\/users\/9"}],"replies":[{"embeddable":true,"href":"https:\/\/elfsight.com\/de\/wp-json\/wp\/v2\/comments?post=20785"}],"version-history":[{"count":1,"href":"https:\/\/elfsight.com\/de\/wp-json\/wp\/v2\/pages\/20785\/revisions"}],"predecessor-version":[{"id":20789,"href":"https:\/\/elfsight.com\/de\/wp-json\/wp\/v2\/pages\/20785\/revisions\/20789"}],"up":[{"embeddable":true,"href":"https:\/\/elfsight.com\/de\/wp-json\/wp\/v2\/pages\/1982"}],"wp:attachment":[{"href":"https:\/\/elfsight.com\/de\/wp-json\/wp\/v2\/media?parent=20785"}],"curies":[{"name":"wp","href":"https:\/\/api.w.org\/{rel}","templated":true}]}}