{"id":20780,"date":"2024-05-03T06:40:48","date_gmt":"2024-05-03T06:40:48","guid":{"rendered":"https:\/\/elfsight.com\/de\/?page_id=20780"},"modified":"2025-07-08T10:55:48","modified_gmt":"2025-07-08T10:55:48","slug":"woocommerce","status":"publish","type":"page","link":"https:\/\/elfsight.com\/de\/logo-showcase-widget\/woocommerce\/","title":{"rendered":"Logo Showcase &#8211; WooCommerce"},"content":{"rendered":"<div class=\"application-platform-content-item-description application-platform-content-item\" id=\"description\" data-nav-section=\"description\"><h2>Beschreibung<\/h2><p>Elfsight Logo Showcase ist die beste Technik, um alle Logos von Kunden und Sponsoren oder Ihre Erw\u00e4hnungen anzuzeigen die Medien auf der Website. Mit Hilfe des Widgets beweisen Sie einmal mehr, dass Sie ein vertrauensw\u00fcrdiger Partner sind und eine gute Wahrnehmung Ihres Unternehmens pflegen. Mit dem Elfsight-Widget k\u00f6nnen Sie eine beliebige Anzahl an Logos hinzuf\u00fcgen, diese in einem Karussell oder Raster organisieren und die Skalierung der Logos \u00e4ndern. Sie k\u00f6nnen Bildunterschriften und Links zur Website des Unternehmens anzeigen. Durch die Variation von Farben und Schriftarten ist es einfach, eine einzigartige Benutzeroberfl\u00e4che zu entwerfen.<\/p><p><b>Steigern Sie den Umsatz und zeigen Sie Ihren tadellosen Ruf als Unternehmen mit den Logos Ihrer Partner auf der Website.<\/b><\/p><\/div> <div class=\"application-platform-content-item-features application-platform-content-item\" id=\"features\" data-nav-section=\"features\"><h2>Dies sind nur einige der Funktionen des breiten Widgets:<\/h2><ul><li>Die Option, die Logos mit einer beliebigen Webseite zu verbinden;<\/li><li>Umschaltbarer Header mit Titel und Text mit unterst\u00fctzter Formatierung;<\/li><li>CTA-Button kann mit jeder Adresse verkn\u00fcpft werden;<\/li><li>Drei ausgewogene Layouts: Slider, Raster und Karussell;<\/li><li>Die Option, die Logogr\u00f6\u00dfe und die Widget-Breite zu \u00e4ndern;<\/li><li>Die Option, eine beliebige Hintergrundfarbe auszuw\u00e4hlen oder ein benutzerdefiniertes Bild hochzuladen.<\/li><\/ul><p><a href=\"#demo\">Untersuchen Sie alle Einstellungen in der Demo mit vollem Funktionsumfang<\/a><\/p><\/div><div class=\"application-platform-content-item-installation application-platform-content-item\" id=\"installation\" data-nav-section=\"installation\"><h2>Wie bette ich Logo Showcase in meine WooCommerce-Website ein? <\/h2><p>Befolgen Sie einfach die nachstehenden Richtlinien, um das Tool einzubetten.<\/p><ol><li><b>Anwenden unseres kostenlosen Editors beginnen Sie mit der Erstellung Ihres personalisierten Widgets.<\/b><br> Bestimmen Sie, was Sie m\u00f6chten Schnittstelle und Funktionen des Tools und wenden Sie die Korrekturen an.<\/li><li><b>Erhalten Sie den individuellen Code, der im Fenster von Elfsight Apps angezeigt wird.<\/b><br> Nachdem die Erstellung Ihres Plugins abgeschlossen ist, Kopieren Sie den pers\u00f6nlichen Code im angezeigten Fenster und bewahren Sie ihn f\u00fcr sp\u00e4ter auf.<\/li><li><b>Beginnen Sie mit der Nutzung des Widgets auf Ihrer WooCommerce-Site.<\/b><br> F\u00fcgen Sie den Code hinzu, den Sie zuvor kopiert haben in Ihre Webseite ein und speichern Sie die Korrekturen.<\/li><li><b>Fertig! Die Einbettung wurde erfolgreich durchgef\u00fchrt.<\/b><br> Besuchen Sie Ihre Website, um zu \u00fcberpr\u00fcfen, wie das Widget funktioniert.<\/li><\/ol><p>Wenn Sie auf Anfragen sto\u00dfen oder auf Schwierigkeiten sto\u00dfen, wenden Sie sich bitte an unsere Kundendienstmitarbeiter. Unsere Mitarbeiter helfen Ihnen gerne bei allen Problemen, die Sie m\u00f6glicherweise mit dem Plugin haben.<\/p><div class=\"faq\" data-component=\"FAQ\"><div class=\"faq-item\">\r\n\t\t\t\t\t<div class=\"faq-item-question\">\r\n\t\t\t\t\t\t<h3 class=\"faq-item-question-text\">Gibt es eine Option, ein Logo Showcase ohne Codierung in meine WooCommerce-Webseite einzubetten?<\/h3>\r\n\r\n\t\t\t\t\t\t<div class=\"faq-item-question-icon\"><\/div>\r\n\t\t\t\t\t<\/div>\r\n\r\n\t\t\t\t\t<div class=\"faq-item-answer\">\r\n\t\t\t\t\t\t<div class=\"faq-item-answer-text\"> <p>Elfsight bietet eine SaaS-L\u00f6sung, mit der Benutzer selbst ein Logo Showcase-Widget erstellen k\u00f6nnen. Sehen Sie, wie einfach es ist: Beginnen Sie direkt in der Online-Demo mit der Erstellung eines Logo Showcase-Plugins, das Sie auf der WooCommerce-Website integrieren m\u00f6chten. Entscheiden Sie sich f\u00fcr eine der vorgefertigten Vorlagen und \u00e4ndern Sie die Logo Showcase-Einstellungen, f\u00fcgen Sie Ihre Inhalte hinzu, \u00e4ndern Sie das Layout und die Farben \u2013 ganz ohne Programmierkenntnisse. Klicken Sie, um das Logo Showcase zu speichern und seinen Installationscode zu kopieren, der einfach und kostenlos in die WooCommerce-Webseite eingebunden werden kann. Mit Hilfe des benutzerfreundlichen Konfigurators kann jeder Internetnutzer ein Logo-Showcase erstellen und es problemlos in jede WooCommerce-Site einbinden. Sie m\u00fcssen weder bezahlen noch Ihre Kartendaten eingeben, um auf den Elfsight-Service zuzugreifen. Wenn Sie bei irgendeinem Schritt auf Probleme sto\u00dfen, z\u00f6gern Sie nicht, mit unserem Kundensupport zu sprechen.<\/p> <\/div>\r\n\t\t\t\t\t<\/div>\r\n\t\t\t\t<\/div> <\/div><\/div>","protected":false},"excerpt":{"rendered":"","protected":false},"author":9,"featured_media":0,"parent":1982,"menu_order":0,"comment_status":"closed","ping_status":"closed","template":"templates\/template-application-platform.php","meta":{"publish_to_discourse":"","publish_post_category":"","wpdc_auto_publish_overridden":"","wpdc_topic_tags":"","wpdc_pin_topic":"","wpdc_pin_until":"","discourse_post_id":"","discourse_permalink":"","wpdc_publishing_response":"","wpdc_publishing_error":"","footnotes":""},"class_list":["post-20780","page","type-page","status-publish","hentry"],"yoast_head":"<!-- This site is optimized with the Yoast SEO plugin v25.3.1 - https:\/\/yoast.com\/wordpress\/plugins\/seo\/ -->\n<title>WooCommerce Logo Showcase-Plugin f\u00fcr Ihre Website (2025)<\/title>\n<meta name=\"description\" content=\"Nutzen Sie jetzt die Gelegenheit, das Logo Showcase-Plugin anzupassen und es direkt \u00fcber die Demo in Ihre WooCommerce-Website einzuf\u00fchren.\" \/>\n<meta name=\"robots\" content=\"index, follow, max-snippet:-1, max-image-preview:large, max-video-preview:-1\" \/>\n<link rel=\"canonical\" href=\"https:\/\/elfsight.com\/de\/logo-showcase-widget\/woocommerce\/\" \/>\n<meta property=\"og:locale\" content=\"de_DE\" \/>\n<meta property=\"og:type\" content=\"article\" \/>\n<meta property=\"og:title\" content=\"WooCommerce Logo Showcase-Plugin f\u00fcr Ihre Website (2025)\" \/>\n<meta property=\"og:description\" content=\"Nutzen Sie jetzt die Gelegenheit, das Logo Showcase-Plugin anzupassen und es direkt \u00fcber die Demo in Ihre WooCommerce-Website einzuf\u00fchren.\" \/>\n<meta property=\"og:url\" content=\"https:\/\/elfsight.com\/de\/logo-showcase-widget\/woocommerce\/\" \/>\n<meta property=\"og:site_name\" content=\"Elfsight DE\" \/>\n<meta property=\"article:modified_time\" content=\"2025-07-08T10:55:48+00:00\" \/>\n<meta name=\"twitter:card\" content=\"summary_large_image\" \/>\n<meta name=\"twitter:label1\" content=\"Gesch\u00e4tzte Lesezeit\" \/>\n\t<meta name=\"twitter:data1\" content=\"3\u00a0Minuten\" \/>\n<!-- \/ Yoast SEO plugin. -->","yoast_head_json":{"title":"WooCommerce Logo Showcase-Plugin f\u00fcr Ihre Website (2025)","description":"Nutzen Sie jetzt die Gelegenheit, das Logo Showcase-Plugin anzupassen und es direkt \u00fcber die Demo in Ihre WooCommerce-Website einzuf\u00fchren.","robots":{"index":"index","follow":"follow","max-snippet":"max-snippet:-1","max-image-preview":"max-image-preview:large","max-video-preview":"max-video-preview:-1"},"canonical":"https:\/\/elfsight.com\/de\/logo-showcase-widget\/woocommerce\/","og_locale":"de_DE","og_type":"article","og_title":"WooCommerce Logo Showcase-Plugin f\u00fcr Ihre Website (2025)","og_description":"Nutzen Sie jetzt die Gelegenheit, das Logo Showcase-Plugin anzupassen und es direkt \u00fcber die Demo in Ihre WooCommerce-Website einzuf\u00fchren.","og_url":"https:\/\/elfsight.com\/de\/logo-showcase-widget\/woocommerce\/","og_site_name":"Elfsight DE","article_modified_time":"2025-07-08T10:55:48+00:00","twitter_card":"summary_large_image","twitter_misc":{"Gesch\u00e4tzte Lesezeit":"3\u00a0Minuten"},"schema":{"@context":"https:\/\/schema.org","@graph":[{"@type":"WebPage","@id":"https:\/\/elfsight.com\/de\/logo-showcase-widget\/woocommerce\/","url":"https:\/\/elfsight.com\/de\/logo-showcase-widget\/woocommerce\/","name":"WooCommerce Logo Showcase-Plugin f\u00fcr Ihre Website (2025)","isPartOf":{"@id":"https:\/\/elfsight.com\/de\/#website"},"datePublished":"2024-05-03T06:40:48+00:00","dateModified":"2025-07-08T10:55:48+00:00","description":"Nutzen Sie jetzt die Gelegenheit, das Logo Showcase-Plugin anzupassen und es direkt \u00fcber die Demo in Ihre WooCommerce-Website einzuf\u00fchren.","breadcrumb":{"@id":"https:\/\/elfsight.com\/de\/logo-showcase-widget\/woocommerce\/#breadcrumb"},"inLanguage":"de","potentialAction":[{"@type":"ReadAction","target":["https:\/\/elfsight.com\/de\/logo-showcase-widget\/woocommerce\/"]}]},{"@type":"BreadcrumbList","@id":"https:\/\/elfsight.com\/de\/logo-showcase-widget\/woocommerce\/#breadcrumb","itemListElement":[{"@type":"ListItem","position":1,"name":"Home","item":"https:\/\/elfsight.com\/de\/"},{"@type":"ListItem","position":2,"name":"Logo Showcase","item":"https:\/\/elfsight.com\/de\/logo-showcase-widget\/"},{"@type":"ListItem","position":3,"name":"Logo Showcase &#8211; WooCommerce"}]},{"@type":"WebSite","@id":"https:\/\/elfsight.com\/de\/#website","url":"https:\/\/elfsight.com\/de\/","name":"Elfsight DE","description":"Just another Elfsight Sites site","potentialAction":[{"@type":"SearchAction","target":{"@type":"EntryPoint","urlTemplate":"https:\/\/elfsight.com\/de\/?s={search_term_string}"},"query-input":{"@type":"PropertyValueSpecification","valueRequired":true,"valueName":"search_term_string"}}],"inLanguage":"de"}]}},"meta_box":{"industry":"","seo_heading":"","heading":"","description":"","cta_heading":"","cta_description":"","application":"499","h1":"WooCommerce Logo Showcase-Plugin","h1_caption":"Zeigen Sie die Logos Ihrer Partner, Sponsoren oder Kunden an und bauen Sie so m\u00fchelos Glaubw\u00fcrdigkeit und Vertrauen f\u00fcr Ihre Marke auf Ihrer WooCommerce-Website auf.","application_category":[],"applications_title":"","applications_request_title":"","applications_request_button_text":"","hero_text":"","hero_video":"","hero_video_schema_markup":"","selling_points_title":"","selling_points_caption":"","selling_points":[],"selling_points_cta_text":"","features_title":"","features":"","ed_cta_examples_text":"","ed_cta_examples_hidden":"","ed_cta_demo_text":"","ed_cta_demo_hidden":"","why_caption":"","why_editor_title":"","why_editor_text":"","why_team_title":"","why_team_text":"","why_service_title":"","why_service_text":"","template_catalog_visible":"","template_catalog_title":"","template_catalog_text":"","template_catalog_categories_visible":"","demo_title":"Erstellen Sie Ihre Logo Showcase-App","demo_caption":"Konfigurieren Sie Ihr Logo Showcase und f\u00fcgen Sie es kostenlos Ihrer WooCommerce-Website hinzu!","default_faq_hidden":"","app_template_category":[],"platform":"200","template_public_id":"","codecanyon_url":"","codecanyon_item_id":"","codecanyon_price":"","pricing_caption":"","pricing_elfsight_apps_hide_column":"","pricing_elfsight_apps_url":"","pricing_codecanyon_price_caption":"","integration_category":[],"integration_request_title":"","integration_request_cta":"","integration_platform":"","integrations":[],"platform_category":[],"video_schema_markup":"","price":"ab 0 $ \/ Monat","trial":"","benefits":[{"text":"Kostenlose Installationsunterst\u00fctzung"},{"text":"Premium-Support"},{"text":"14-t\u00e4gige R\u00fcckerstattungsgarantie"},{"text":"St\u00e4ndige Aktualisierung"}],"button_url":"#demo","button_target_blank":"","button_nofollow":"","attributes":[{"name":"Installiert","content":"10,000 - 100,000"},{"name":"Reaktionsfreudig","content":"Ja"},{"name":"Kompatible Browser","content":"Firefox, Safari, Opera, Chrome, Edge"}],"tags":[],"tags_disable_links":"","hide_more_platforms":"","video_object":"","demo_hide_cta":"","demo_hide_cloud_options":"","pricing_title":"","pricing":[{"pricing_icon":"platform","pricing_title":"Elfsight Apps","pricing_title_caption":"Plattform\u00fcbergreifende Software, die auf jeder Website funktioniert","pricing_price":"ab 0 $ \/ Monat","pricing_price_caption":"Beginnen Sie mit einem kostenlosen Plan","pricing_benefits":[{"text":"Unbegrenzte Websites"},{"text":"Kostenloser Kundensupport und gut dokumentiert"},{"text":"Kostenlose Installationshilfe"},{"text":"100 % anpassbar"}],"pricing_button_text":"Zur Website hinzuf\u00fcgen","pricing_button_url":"#demo"}],"related_apps_title":"","related_apps_hidden":"","author":"","image":[],"title":"","job":"","social_networks":[]},"_links":{"self":[{"href":"https:\/\/elfsight.com\/de\/wp-json\/wp\/v2\/pages\/20780","targetHints":{"allow":["GET"]}}],"collection":[{"href":"https:\/\/elfsight.com\/de\/wp-json\/wp\/v2\/pages"}],"about":[{"href":"https:\/\/elfsight.com\/de\/wp-json\/wp\/v2\/types\/page"}],"author":[{"embeddable":true,"href":"https:\/\/elfsight.com\/de\/wp-json\/wp\/v2\/users\/9"}],"replies":[{"embeddable":true,"href":"https:\/\/elfsight.com\/de\/wp-json\/wp\/v2\/comments?post=20780"}],"version-history":[{"count":1,"href":"https:\/\/elfsight.com\/de\/wp-json\/wp\/v2\/pages\/20780\/revisions"}],"predecessor-version":[{"id":20784,"href":"https:\/\/elfsight.com\/de\/wp-json\/wp\/v2\/pages\/20780\/revisions\/20784"}],"up":[{"embeddable":true,"href":"https:\/\/elfsight.com\/de\/wp-json\/wp\/v2\/pages\/1982"}],"wp:attachment":[{"href":"https:\/\/elfsight.com\/de\/wp-json\/wp\/v2\/media?parent=20780"}],"curies":[{"name":"wp","href":"https:\/\/api.w.org\/{rel}","templated":true}]}}