{"id":20772,"date":"2024-05-03T06:40:42","date_gmt":"2024-05-03T06:40:42","guid":{"rendered":"https:\/\/elfsight.com\/de\/?page_id=20772"},"modified":"2025-10-22T08:46:43","modified_gmt":"2025-10-22T08:46:43","slug":"wordpress","status":"publish","type":"page","link":"https:\/\/elfsight.com\/de\/linkedin-feed-widget\/wordpress\/","title":{"rendered":"LinkedIn Feed &#8211; WordPress"},"content":{"rendered":"\n<div class=\"application-platform-content-item-description application-platform-content-item\" id=\"description\" data-nav-section=\"description\"> <h2>LinkedIn-Feed kostenlos in WordPress einbetten!<\/h2> <p>Das LinkedIn-Feed-Widget bietet Unternehmen eine hervorragende M\u00f6glichkeit zur \u00dcbertragung und Werbung ihre LinkedIn-Inhalte auf WordPress-Websites: Zeigen Sie Beitr\u00e4ge, Bilder, Clips usw. an. Die Integration des Plugins erfordert ein paar Klicks auf eine Schaltfl\u00e4che \u2013 es sind weder Programmier- noch technische Kenntnisse erforderlich.<\/p> <p>Erstellen Sie einen Stil, der zur \u00c4sthetik Ihrer Website passt und folgen Sie den Trends, indem Sie benutzerdefinierte Feed-Attribute, Vorlagen, Layouts und Beitragsstile kombinieren. F\u00fcgen Sie einen Popup-Effekt als Post-Click-Aktion hinzu, um die Aufmerksamkeit der Benutzer zu erregen. Genie\u00dfen Sie schlie\u00dflich das erh\u00f6hte Vertrauen und die bessere Engagement-Rate.<\/p> <ul><li><strong>Erh\u00f6hen Sie Ihre Netzwerkreichweite mit der LinkedIn-Unternehmensseite.<\/strong><br>Entfachen Sie neue Beziehungen im beruflichen Bereich und steigern Sie diese die Anzahl der Leads, die Inhalte aus Ihrem LinkedIn-Profil verwenden.<\/li><li><strong>Erweitern Sie Ihre LinkedIn-Zielgruppenbasis.<\/strong><br>Machen Sie in der WordPress-Benutzergemeinschaft Aufmerksamkeit auf Ihr LinkedIn und wecken Sie gro\u00dfes Interesse an Ihrem Dienstleistungen.<\/li><li><strong>Steigern Sie die Authentizit\u00e4t Ihres Unternehmens.<\/strong><br>Verleihen Sie Ihrer Marke eine zus\u00e4tzliche Ebene der Glaubw\u00fcrdigkeit und Vertrauensw\u00fcrdigkeit, indem Sie die neuesten LinkedIn-Aktivit\u00e4ten direkt auf der Website-Seite teilen. <\/li><\/ul><p><b>F\u00fcgen Sie das codefreie LinkedIn-Feed-Plugin zur WordPress-Website hinzu, um Vertrauen aufzubauen, Authentizit\u00e4t zu f\u00f6rdern und Networking-M\u00f6glichkeiten zu erweitern, indem Sie eine starke soziale Validierung nutzen.<\/b><\/p> <div class=\"faq\" data-component=\"FAQ\"><div class=\"faq-item\">\r\n\t\t\t\t\t<div class=\"faq-item-question\">\r\n\t\t\t\t\t\t<h3 class=\"faq-item-question-text\">Gibt es noch andere Tools f\u00fcr WordPress, die ich auf meiner Website verwenden kann?<\/h3>\r\n\r\n\t\t\t\t\t\t<div class=\"faq-item-question-icon\"><\/div>\r\n\t\t\t\t\t<\/div>\r\n\r\n\t\t\t\t\t<div class=\"faq-item-answer\">\r\n\t\t\t\t\t\t<div class=\"faq-item-answer-text\"><p>Ja, absolut! Als WordPress-Benutzer erhalten Sie eine gro\u00dfe Auswahl an codefreien Tools von Elfsight, einschlie\u00dflich des LinkedIn-Feed-Plugins. Ganz gleich, um welche Art von Unternehmen es sich handelt und welche Nische in der Branche Sie besetzen \u2013 Sie k\u00f6nnen immer nach M\u00f6glichkeiten Ausschau halten, Ihre St\u00e4rken unter Beweis zu stellen. Hier sind ein paar M\u00f6glichkeiten:<\/p><ul><li>Um eine andere Social-Media-App f\u00fcr Ihre WordPress-Website zu erstellen, sollten Sie die Verwendung von <a href=\"https:\/\/elfsight.com\/pinterest-feed-widget\/\">Pinterest-Feed<\/a> oder <a href=\"https:\/\/elfsight.com\/instagram-feed-instashow\/\">Instagram-Feed<\/a>-Widget neben dem LinkedIn-Feed.<\/li><li>Opt f\u00fcr die <a href=\"https:\/\/elfsight.com\/all-in-one-reviews-widget\/\">All-in-One-Bewertungen<\/a> oder <a href=\"https:\/\/elfsight.com\/google-reviews-widget\/\">Google Reviews<\/a>-Plugin zur Anzeige von Kundenfeedback.<\/li><li>Einbetten des <a href=\"https:\/\/elfsight.com\/online-form-builder\/\">Form Builder<\/a>, um Antworten zu sammeln und die Kommunikation mit Ihren WordPress-Benutzern zu erleichtern.<\/li> <li>F\u00fcgen Sie den <a href=\"https:\/\/elfsight.com\/countdown-timer-widget\/\">Countdown-Timer hinzu <\/a> Widget, um Vorfreude zu wecken und bei Ihrem Publikum ein Gef\u00fchl der Dringlichkeit zu erzeugen.<\/li><\/ul><p>Und dies ist nur der Anfang einer langen Liste von Erg\u00e4nzungen, die Ihre Gesch\u00e4ftsanforderungen abdecken k\u00f6nnen. Beginnen Sie mit dem codefreien LinkedIn-Feed-Plugin f\u00fcr Ihre Website und erkunden Sie den Rest unseres Katalogs nach weiteren Widget-L\u00f6sungen, die Sie hinzuf\u00fcgen k\u00f6nnen!<\/p><\/div>\r\n\t\t\t\t\t<\/div>\r\n\t\t\t\t<\/div><div class=\"faq-item\">\r\n\t\t\t\t\t<div class=\"faq-item-question\">\r\n\t\t\t\t\t\t<h3 class=\"faq-item-question-text\">Wie bette ich LinkedIn-Feeds kostenlos in WordPress ein?<\/h3>\r\n\r\n\t\t\t\t\t\t<div class=\"faq-item-question-icon\"><\/div>\r\n\t\t\t\t\t<\/div>\r\n\r\n\t\t\t\t\t<div class=\"faq-item-answer\">\r\n\t\t\t\t\t\t<div class=\"faq-item-answer-text\"><p>Um den LinkedIn-Feed kostenlos zu Ihrer WordPress-Website hinzuzuf\u00fcgen, f\u00fchren Sie die folgenden Schritte aus:<\/p> <ol><li>Personalisieren Sie das Erscheinungsbild des LinkedIn-Feed-Widgets, um es an den Designstil Ihrer Website anzupassen.<\/li><li>Melden Sie sich bei Ihrem Elfsight-Dashboard an oder erstellen Sie ein kostenloses Profil.<\/li><li>Besorgen Sie sich den einzigartigen Einbettungscode f\u00fcr das Widget.<\/li><li>Navigieren Sie zu Ihrer WordPress-Website.<\/li><li>F\u00fcgen Sie den Code in Ihren WordPress-Website-Editor ein, um das LinkedIn-Feed-Widget hinzuzuf\u00fcgen. Voila!<\/li><\/ol><p>Wie es offensichtlich ist, besteht keine Notwendigkeit, sich beim Schreiben von Code zum Einbetten des Plugins hervorzutun. Erstellen Sie ganz einfach das codefreie LinkedIn-Feed-Widget f\u00fcr eine WordPress-Website und erleben Sie verschiedene Vorteile, die den Prozess der Erweiterung Ihrer Reichweite begleiten.<\/p><\/div>\r\n\t\t\t\t\t<\/div>\r\n\t\t\t\t<\/div><div class=\"faq-item\">\r\n\t\t\t\t\t<div class=\"faq-item-question\">\r\n\t\t\t\t\t\t<h3 class=\"faq-item-question-text\">Muss ich wissen, wie man programmiert, oder haben? Programmierkenntnisse zum Einbetten des LinkedIn-Feed-Plugins in die WordPress-Website?<\/h3>\r\n\r\n\t\t\t\t\t\t<div class=\"faq-item-question-icon\"><\/div>\r\n\t\t\t\t\t<\/div>\r\n\r\n\t\t\t\t\t<div class=\"faq-item-answer\">\r\n\t\t\t\t\t\t<div class=\"faq-item-answer-text\"><p>Nein. Es ist absolut unn\u00f6tig, \u00fcber Programmierkenntnisse zu verf\u00fcgen. Sie k\u00f6nnen das LinkedIn-Feed-Plugin ganz einfach erstellen und zu Ihrer WordPress-Website hinzuf\u00fcgen, auch ohne speziellen Hintergrund oder vorherige Code-Erfahrung.<\/p> <\/div>\r\n\t\t\t\t\t<\/div>\r\n\t\t\t\t<\/div><\/div><\/div> <div class=\"application-platform-content-item-features application-platform-content-item\" id=\"features\" data-nav-section=\"features\"> <h2>Hier ist die Liste der leistungsst\u00e4rksten Funktionen:<\/h2> <ul><li>Teilen Sie verschiedene Arten von Inhalten: Blog-Beitr\u00e4ge, Bilder, Clips usw.<\/li><li>Filtern Sie Feed-Beitr\u00e4ge nach Schl\u00fcsselw\u00f6rtern und Hashtags , oder URLs.<\/li><li>F\u00fcgen Sie die CTA-Schaltfl\u00e4chen hinzu, um die Sichtbarkeit Ihres LinkedIn-Unternehmens-Feeds zu verbessern.<\/li><li>Zeigen Sie einen dynamischen Popup-Effekt an, um die Aufmerksamkeit der Leute auf Ihre LinkedIn-Inhalte zu lenken.<\/li><li>Codefreie Anpassung mit erweiterten Designeinstellungen: vorgefertigte Vorlagen, Farbschemagenerator, Layoutdesigns, Beitragsstile, benutzerdefiniertes CSS usw.<\/li><\/ul><p><a href=\"#demo\">Probieren Sie einfach diese Demo aus, um die Funktionalit\u00e4t des Widgets zu verstehen<\/a><\/p> <\/div> <div class=\"application-platform-content-item-installation application-platform-content-item\" id=\"installation\" data-nav-section=\"installation\"> <h2>Wie f\u00fcge ich LinkedIn-Feed zu meiner WordPress-Website hinzu?<\/h2> <div class=\"video-container\">\n<iframe width=\"720\" height=\"405\" src=\"https:\/\/www.youtube.com\/embed\/Ur-GSqDEehE?si=1TTRjdw7qWxXDz_I\" frameborder=\"0\" allowfullscreen=\"\"><\/iframe>\n<\/div><p>Wenn Sie das codefreie LinkedIn-Feed-Plugin in Ihre WordPress-Website einbetten m\u00f6chten, f\u00fchren Sie die folgenden Schritte aus:<\/p> <ol><li><b>Starten Sie unseren kostenlosen Editor und beginnen Sie mit der Erstellung Ihres personalisierten LinkedIn-Feed-Plugins.<\/b><br> Finden Sie die bevorzugte Form und Funktionalit\u00e4t des Plugins und speichern Sie die \u00c4nderungen.<\/li> <li><b>Kopieren Sie Ihren eindeutigen Code, der im Fenster von Elfsight Apps angezeigt wird.<\/b><br> Nachdem die Einrichtung Ihres Widgets abgeschlossen ist, kopieren Sie den exklusiven Code im erscheinenden Popup und bewahren Sie ihn zur weiteren Verwendung auf.<\/li> <li><b>F\u00fcgen Sie den Code des Widgets zu Ihrer WordPress-Website hinzu.<\/b><br> F\u00fcgen Sie den Code, den Sie zuvor gespeichert haben, zu Ihrer Website hinzu und \u00fcbernehmen Sie die \u00c4nderungen.<\/li> <li><b>Das Setup wurde erfolgreich abgeschlossen.<\/b><br> Gehen Sie zu Ihrer Website, um den Code in Aktion zu sehen Leistung des LinkedIn-Feed-Widgets.<\/li><\/ol> <p>Falls Sie beim Einbettungsprozess auf Schwierigkeiten sto\u00dfen, wenden Sie sich bitte an unser Kundendienstteam. Unsere Mitarbeiter beantworten gerne alle Ihre Fragen mit dem codefreien LinkedIn-Feed-Plugin f\u00fcr WordPress-Websites.<\/p> <\/div>\n","protected":false},"excerpt":{"rendered":"","protected":false},"author":9,"featured_media":0,"parent":7448,"menu_order":0,"comment_status":"closed","ping_status":"closed","template":"templates\/template-application-platform.php","meta":{"publish_to_discourse":"","publish_post_category":"","wpdc_auto_publish_overridden":"","wpdc_topic_tags":"","wpdc_pin_topic":"","wpdc_pin_until":"","discourse_post_id":"","discourse_permalink":"","wpdc_publishing_response":"","wpdc_publishing_error":"","footnotes":""},"class_list":["post-20772","page","type-page","status-publish","hentry"],"yoast_head":"<!-- This site is optimized with the Yoast SEO plugin v25.3.1 - https:\/\/yoast.com\/wordpress\/plugins\/seo\/ -->\n<title>LinkedIn Feed \u2013 Feed-Plugin zu WordPress hinzuf\u00fcgen [kostenlos!]<\/title>\n<meta name=\"description\" content=\"Betten Sie das programmierungsfreie LinkedIn-Feed-Plugin in Ihre WordPress-Website ein. Erstellen Sie Ihr Widget mithilfe einer Live-Demo und vorgefertigten Vorlagen, um einen starken Social Proof zu erzielen.\" \/>\n<meta name=\"robots\" content=\"index, follow, max-snippet:-1, max-image-preview:large, max-video-preview:-1\" \/>\n<link rel=\"canonical\" href=\"https:\/\/elfsight.com\/de\/linkedin-feed-widget\/wordpress\/\" \/>\n<meta property=\"og:locale\" content=\"de_DE\" \/>\n<meta property=\"og:type\" content=\"article\" \/>\n<meta property=\"og:title\" content=\"LinkedIn Feed \u2013 Feed-Plugin zu WordPress hinzuf\u00fcgen [kostenlos!]\" \/>\n<meta property=\"og:description\" content=\"Betten Sie das programmierungsfreie LinkedIn-Feed-Plugin in Ihre WordPress-Website ein. Erstellen Sie Ihr Widget mithilfe einer Live-Demo und vorgefertigten Vorlagen, um einen starken Social Proof zu erzielen.\" \/>\n<meta property=\"og:url\" content=\"https:\/\/elfsight.com\/de\/linkedin-feed-widget\/wordpress\/\" \/>\n<meta property=\"og:site_name\" content=\"Elfsight DE\" \/>\n<meta property=\"article:modified_time\" content=\"2025-10-22T08:46:43+00:00\" \/>\n<meta name=\"twitter:card\" content=\"summary_large_image\" \/>\n<meta name=\"twitter:label1\" content=\"Gesch\u00e4tzte Lesezeit\" \/>\n\t<meta name=\"twitter:data1\" content=\"5\u00a0Minuten\" \/>\n<!-- \/ Yoast SEO plugin. -->","yoast_head_json":{"title":"LinkedIn Feed \u2013 Feed-Plugin zu WordPress hinzuf\u00fcgen [kostenlos!]","description":"Betten Sie das programmierungsfreie LinkedIn-Feed-Plugin in Ihre WordPress-Website ein. Erstellen Sie Ihr Widget mithilfe einer Live-Demo und vorgefertigten Vorlagen, um einen starken Social Proof zu erzielen.","robots":{"index":"index","follow":"follow","max-snippet":"max-snippet:-1","max-image-preview":"max-image-preview:large","max-video-preview":"max-video-preview:-1"},"canonical":"https:\/\/elfsight.com\/de\/linkedin-feed-widget\/wordpress\/","og_locale":"de_DE","og_type":"article","og_title":"LinkedIn Feed \u2013 Feed-Plugin zu WordPress hinzuf\u00fcgen [kostenlos!]","og_description":"Betten Sie das programmierungsfreie LinkedIn-Feed-Plugin in Ihre WordPress-Website ein. Erstellen Sie Ihr Widget mithilfe einer Live-Demo und vorgefertigten Vorlagen, um einen starken Social Proof zu erzielen.","og_url":"https:\/\/elfsight.com\/de\/linkedin-feed-widget\/wordpress\/","og_site_name":"Elfsight DE","article_modified_time":"2025-10-22T08:46:43+00:00","twitter_card":"summary_large_image","twitter_misc":{"Gesch\u00e4tzte Lesezeit":"5\u00a0Minuten"},"schema":{"@context":"https:\/\/schema.org","@graph":[{"@type":"WebPage","@id":"https:\/\/elfsight.com\/de\/linkedin-feed-widget\/wordpress\/","url":"https:\/\/elfsight.com\/de\/linkedin-feed-widget\/wordpress\/","name":"LinkedIn Feed \u2013 Feed-Plugin zu WordPress hinzuf\u00fcgen [kostenlos!]","isPartOf":{"@id":"https:\/\/elfsight.com\/de\/#website"},"datePublished":"2024-05-03T06:40:42+00:00","dateModified":"2025-10-22T08:46:43+00:00","description":"Betten Sie das programmierungsfreie LinkedIn-Feed-Plugin in Ihre WordPress-Website ein. Erstellen Sie Ihr Widget mithilfe einer Live-Demo und vorgefertigten Vorlagen, um einen starken Social Proof zu erzielen.","breadcrumb":{"@id":"https:\/\/elfsight.com\/de\/linkedin-feed-widget\/wordpress\/#breadcrumb"},"inLanguage":"de","potentialAction":[{"@type":"ReadAction","target":["https:\/\/elfsight.com\/de\/linkedin-feed-widget\/wordpress\/"]}]},{"@type":"BreadcrumbList","@id":"https:\/\/elfsight.com\/de\/linkedin-feed-widget\/wordpress\/#breadcrumb","itemListElement":[{"@type":"ListItem","position":1,"name":"Home","item":"https:\/\/elfsight.com\/de\/"},{"@type":"ListItem","position":2,"name":"LinkedIn Feed","item":"https:\/\/elfsight.com\/de\/linkedin-feed-widget\/"},{"@type":"ListItem","position":3,"name":"LinkedIn Feed &#8211; WordPress"}]},{"@type":"WebSite","@id":"https:\/\/elfsight.com\/de\/#website","url":"https:\/\/elfsight.com\/de\/","name":"Elfsight DE","description":"Just another Elfsight Sites site","potentialAction":[{"@type":"SearchAction","target":{"@type":"EntryPoint","urlTemplate":"https:\/\/elfsight.com\/de\/?s={search_term_string}"},"query-input":{"@type":"PropertyValueSpecification","valueRequired":true,"valueName":"search_term_string"}}],"inLanguage":"de"}]}},"meta_box":{"industry":"","seo_heading":"","heading":"","description":"","cta_heading":"","cta_description":"","application":"7435","h1":"So betten Sie den LinkedIn-Feed kostenlos in WordPress ein!","h1_caption":"Pr\u00e4sentieren Sie Updates, Grafiken und Clips des LinkedIn-Unternehmens auf Ihrer Website","application_category":[],"applications_title":"","applications_request_title":"","applications_request_button_text":"","hero_text":"","hero_video":"","hero_video_schema_markup":"","selling_points_title":"","selling_points_caption":"","selling_points":[],"selling_points_cta_text":"","features_title":"","features":"","ed_cta_examples_text":"","ed_cta_examples_hidden":"","ed_cta_demo_text":"","ed_cta_demo_hidden":"","why_caption":"","why_editor_title":"","why_editor_text":"","why_team_title":"","why_team_text":"","why_service_title":"","why_service_text":"","template_catalog_visible":"0","template_catalog_title":"","template_catalog_text":"","template_catalog_categories_visible":"","demo_title":"Erstellen Sie Ihr LinkedIn-Feed-Plugin","demo_caption":"Konfigurieren Sie Ihren LinkedIn-Feed und f\u00fcgen Sie ihn kostenlos zu Ihrer WordPress-Website hinzu!","default_faq_hidden":"","app_template_category":[],"platform":"266","template_public_id":"","codecanyon_url":"","codecanyon_item_id":"","codecanyon_price":"","pricing_caption":"","pricing_elfsight_apps_hide_column":"","pricing_elfsight_apps_url":"","pricing_codecanyon_price_caption":"","integration_category":[],"integration_request_title":"","integration_request_cta":"","integration_platform":"","integrations":[],"platform_category":[],"video_schema_markup":"","price":"ab 0 $ \/ Monat","trial":"","benefits":[{"text":"Kostenlose Installationsunterst\u00fctzung"},{"text":"Professioneller Kundenservice"},{"text":"14-t\u00e4gige Geld-zur\u00fcck-Garantie"},{"text":"Zuk\u00fcnftige Verbesserungen"}],"button_url":"#demo","button_target_blank":"0","button_nofollow":"0","attributes":[{"name":"Installiert","content":"10,000 - 100,000"},{"name":"Reaktionsfreudig","content":"Ja"},{"name":"Kompatible Browser","content":"Firefox, Safari, Opera, Chrome, Edge"}],"tags":[],"tags_disable_links":"0","hide_more_platforms":"0","video_object":"","demo_hide_cta":"0","demo_hide_cloud_options":"0","pricing_title":"","pricing":[{"pricing_icon":"platform","pricing_title":"Elfsight Apps","pricing_title_caption":"Plattform\u00fcbergreifende digitale L\u00f6sung","pricing_price":"ab 0 $ \/ Monat","pricing_price_caption":"Beginnen Sie mit einem kostenlosen Plan","pricing_benefits":[{"text":"Unbegrenzte Domains"},{"text":"Premium-Kundensupport"},{"text":"Kostenlose Installationsunterst\u00fctzung"},{"text":"Flexibles Design"}],"pricing_button_text":"Zur Website hinzuf\u00fcgen","pricing_button_url":"#demo"}],"related_apps_title":"","related_apps_hidden":"0","author":"","image":[],"title":"","job":"","social_networks":[]},"_links":{"self":[{"href":"https:\/\/elfsight.com\/de\/wp-json\/wp\/v2\/pages\/20772","targetHints":{"allow":["GET"]}}],"collection":[{"href":"https:\/\/elfsight.com\/de\/wp-json\/wp\/v2\/pages"}],"about":[{"href":"https:\/\/elfsight.com\/de\/wp-json\/wp\/v2\/types\/page"}],"author":[{"embeddable":true,"href":"https:\/\/elfsight.com\/de\/wp-json\/wp\/v2\/users\/9"}],"replies":[{"embeddable":true,"href":"https:\/\/elfsight.com\/de\/wp-json\/wp\/v2\/comments?post=20772"}],"version-history":[{"count":4,"href":"https:\/\/elfsight.com\/de\/wp-json\/wp\/v2\/pages\/20772\/revisions"}],"predecessor-version":[{"id":25536,"href":"https:\/\/elfsight.com\/de\/wp-json\/wp\/v2\/pages\/20772\/revisions\/25536"}],"up":[{"embeddable":true,"href":"https:\/\/elfsight.com\/de\/wp-json\/wp\/v2\/pages\/7448"}],"wp:attachment":[{"href":"https:\/\/elfsight.com\/de\/wp-json\/wp\/v2\/media?parent=20772"}],"curies":[{"name":"wp","href":"https:\/\/api.w.org\/{rel}","templated":true}]}}