{"id":20771,"date":"2024-05-03T06:40:41","date_gmt":"2024-05-03T06:40:41","guid":{"rendered":"https:\/\/elfsight.com\/de\/?page_id=20771"},"modified":"2025-02-12T10:21:38","modified_gmt":"2025-02-12T10:21:38","slug":"godaddy","status":"publish","type":"page","link":"https:\/\/elfsight.com\/de\/linkedin-feed-widget\/godaddy\/","title":{"rendered":"LinkedIn Feed &#8211; GoDaddy"},"content":{"rendered":"\n<div class=\"application-platform-content-item-description application-platform-content-item\" id=\"description\" data-nav-section=\"description\"> <h2>LinkedIn-Feed kostenlos auf GoDaddy einbetten!<\/h2> <p>Das LinkedIn-Feed-Plugin ist das perfekte Tool f\u00fcr Unternehmen zur Pr\u00e4sentation und Werbung Ihre LinkedIn-Inhalte auf GoDaddy-Websites: Zeigen Sie Beitr\u00e4ge, Bilder, Videos usw. an. Die Einrichtung des Widgets dauert Sekunden \u2013 es sind keine Programmier- oder Programmierkenntnisse erforderlich. <\/p> <p>Erstellen Sie ein Erscheinungsbild, das den Anforderungen Ihrer Website entspricht, und folgen Sie den Trends, indem Sie benutzerdefinierte Feed-Elemente, Vorlagen, Layouts und Beitragsstile testen. F\u00fcgen Sie einen Popup-Modus als Post-Click-Aktion hinzu, um die Aufmerksamkeit der Benutzer zu erregen. Genie\u00dfen Sie schlie\u00dflich das geweckte Vertrauen und mehr Branding-M\u00f6glichkeiten.<\/p> <ul><li><strong>Erweitern Sie Ihr Networking-Potenzial mit der LinkedIn-Unternehmensseite.<\/strong><br>Schaffen Sie neue Kontakte in der Welt des Handels und Erweitern Sie die Anzahl der Leads, indem Sie Inhalte aus Ihrem LinkedIn-Profil nutzen.<\/li><li><strong>Erweitern Sie Ihre LinkedIn-Fangemeinde.<\/strong><br>Machen Sie Ihre Pr\u00e4senz auf LinkedIn bei den GoDaddy-Website-Nutzern deutlich und wecken Sie gro\u00dfes Interesse in Ihren Dienstleistungen.<\/li><li><strong>Verst\u00e4rken Sie die Echtheit Ihres Unternehmens.<\/strong><br>Verleihen Sie Ihrer Marke eine zus\u00e4tzliche Ebene der Glaubw\u00fcrdigkeit und Vertrauensw\u00fcrdigkeit und f\u00fcgen Sie die neuesten LinkedIn-Aktivit\u00e4ten direkt auf der Website-Seite hinzu .<\/li><\/ul><p><b>Betten Sie das LinkedIn-Feed-Widget ohne Code auf der GoDaddy-Website ein, um Vertrauen aufzubauen, Echtheit zu f\u00f6rdern und Arbeitsbeziehungen mit solider sozialer Best\u00e4tigung zu erweitern.<\/b><\/p> <div class=\"faq\" data-component=\"FAQ\"><div class=\"faq-item\">\r\n\t\t\t\t\t<div class=\"faq-item-question\">\r\n\t\t\t\t\t\t<h3 class=\"faq-item-question-text\">Gibt es noch andere Tools f\u00fcr GoDaddy, die ich auf meiner Website verwenden kann?<\/h3>\r\n\r\n\t\t\t\t\t\t<div class=\"faq-item-question-icon\"><\/div>\r\n\t\t\t\t\t<\/div>\r\n\r\n\t\t\t\t\t<div class=\"faq-item-answer\">\r\n\t\t\t\t\t\t<div class=\"faq-item-answer-text\"><p>Ja, absolut! Als Benutzer der GoDaddy-Website bietet Ihnen Elfsight eine gro\u00dfe Auswahl an Tools ohne Code, und das LinkedIn-Feed-Plugin ist nur eines dieser Angebote. Unabh\u00e4ngig von der Art Ihres Unternehmens oder der spezifischen Nische, in der Sie t\u00e4tig sind, gibt es immer M\u00f6glichkeiten, Ihre St\u00e4rken unter Beweis zu stellen und Ihrer Marketingstrategie Punkte hinzuzuf\u00fcgen. Erw\u00e4gen Sie die folgenden M\u00f6glichkeiten:<\/p><ul><li>Um eine andere Social-Media-App f\u00fcr Ihre GoDaddy-Website zu erstellen, die dem LinkedIn-Feed-Plugin \u00e4hnelt, f\u00fcgen Sie <a href=\"https:\/\/elfsight.com\/pinterest-feed-widget\/\">Pinterest-Feed<\/a> oder <a href=\"https:\/\/elfsight.com\/instagram-feed-instashow\/\">Instagram-Feed<\/a>-Widget auf Ihrer Website.<\/li><li>Entscheiden Sie sich f\u00fcr die <a href=\"https:\/\/elfsight.com\/all-in-one-reviews-widget\/\">All-in-One-Bewertungen<\/a> oder <a href=\"https:\/\/elfsight.com\/google-reviews-widget\/\">Google Reviews<\/a>-Plugin, um wertvolles Kundenfeedback anzuzeigen.<\/li><li>Betten Sie das <a href=\"https:\/\/elfsight.com\/online-form-builder\/\">Form Builder<\/a>, um die Antworterfassung zu optimieren und Ihren GoDaddy-Benutzern die M\u00f6glichkeit zu geben, mit Ihnen in Kontakt zu treten.<\/li> <li>F\u00fcgen Sie den <a href=\"https:\/\/elfsight.com\/countdown-timer-widget\/\">Countdown-Timer<\/a>-Plugin, um das Engagement zu f\u00f6rdern und bei Ihrem Publikum ein Gef\u00fchl der Dringlichkeit zu erzeugen.<\/li><\/ul><p>Und denken Sie daran, dies sind nur einige Beispiele. Entdecken Sie nach der Implementierung des codefreien LinkedIn-Feed-Plugins unseren umfangreichen Widget-Katalog, um noch mehr M\u00f6glichkeiten zu entdecken, Ihre spezifischen Gesch\u00e4ftsanforderungen abzudecken!<\/p><\/div>\r\n\t\t\t\t\t<\/div>\r\n\t\t\t\t<\/div><div class=\"faq-item\">\r\n\t\t\t\t\t<div class=\"faq-item-question\">\r\n\t\t\t\t\t\t<h3 class=\"faq-item-question-text\">Wie kann ich LinkedIn-Feeds kostenlos auf GoDaddy einbetten? <\/h3>\r\n\r\n\t\t\t\t\t\t<div class=\"faq-item-question-icon\"><\/div>\r\n\t\t\t\t\t<\/div>\r\n\r\n\t\t\t\t\t<div class=\"faq-item-answer\">\r\n\t\t\t\t\t\t<div class=\"faq-item-answer-text\"><p>Wenn Sie das LinkedIn-Feed-Plugin kostenlos zu Ihrer GoDaddy-Website hinzuf\u00fcgen m\u00f6chten, gehen Sie wie folgt vor:<\/p> <ol><li>Passen Sie das Erscheinungsbild des LinkedIn-Feed-Widgets an, um es an den Designstil Ihrer Website anzupassen Website.<\/li><li>Melden Sie sich bei Ihrem Elfsight-Admin-Panel an oder registrieren Sie ein kostenloses Konto.<\/li><li>Erhalten Sie den automatisch generierten Installationscode zum Einbetten.<\/li><li>Navigieren Sie zu Ihrem GoDaddy Website.<\/li><li>F\u00fcgen Sie den Code in Ihren GoDaddy-Website-Editor ein, um das LinkedIn-Feed-Widget hinzuzuf\u00fcgen. Das ist alles!<\/li><\/ol><p>Wie man sieht, besteht keine Notwendigkeit, sich beim Schreiben von Code zum Einbetten des Plugins hervorzutun. Erstellen Sie ganz einfach das codefreie LinkedIn-Feed-Widget f\u00fcr eine GoDaddy-Website und genie\u00dfen Sie die zahlreichen Vorteile, die mit dem Prozess der Erweiterung Ihres Publikums einhergehen.<\/p><\/div>\r\n\t\t\t\t\t<\/div>\r\n\t\t\t\t<\/div><div class=\"faq-item\">\r\n\t\t\t\t\t<div class=\"faq-item-question\">\r\n\t\t\t\t\t\t<h3 class=\"faq-item-question-text\">Muss ich wissen, wie man programmiert oder? Haben Sie Programmierkenntnisse, um den LinkedIn-Feed zu GoDaddy hinzuzuf\u00fcgen?<\/h3>\r\n\r\n\t\t\t\t\t\t<div class=\"faq-item-question-icon\"><\/div>\r\n\t\t\t\t\t<\/div>\r\n\r\n\t\t\t\t\t<div class=\"faq-item-answer\">\r\n\t\t\t\t\t\t<div class=\"faq-item-answer-text\"><p>\u00dcberhaupt nicht. Programmierkenntnisse sind in keiner Weise erforderlich. Sie k\u00f6nnen das LinkedIn-Feed-Widget unabh\u00e4ngig von Ihrem bisherigen Hintergrund oder Ihren Code-Kenntnissen erstellen und zu Ihrer GoDaddy-Website hinzuf\u00fcgen.<\/p> <\/div>\r\n\t\t\t\t\t<\/div>\r\n\t\t\t\t<\/div><\/div><div class=\"application-platform-content-item-features application-platform-content-item\" id=\"features\" data-nav-section=\"features\"><\/div> <h2>Wir bieten praktische und einfache Widget-Funktionen, sehen Sie sich einige davon an:<\/h2> <ul><li>Zeigen Sie verschiedene Formen von LinkedIn-Inhalten an: Blog-Beitr\u00e4ge, Bilder, Videos usw.<\/li><li>Filtern Sie Feed-Beitr\u00e4ge nach Schl\u00fcsselw\u00f6rtern, Hashtags, oder URLs.<\/li><li>CTA-Schaltfl\u00e4chen, um die Engagement-Rate in Ihrem LinkedIn-Unternehmens-Feed zu verbessern.<\/li><li>F\u00fcgen Sie den auff\u00e4lligen Popup-Modus hinzu, um die Aufmerksamkeit auf Ihre LinkedIn-Inhalte zu lenken.<\/li><li>Erweiterte Anpassung ohne Programmieraufwand: vorgefertigte Vorlagen, Farbschemagenerator, f\u00fcnf zug\u00e4ngliche Layouts, Beitragsstile, benutzerdefiniertes CSS usw.<\/li><\/ul><p><a href=\"#demo\">Probieren Sie einfach diese Demo aus, um die Funktionalit\u00e4t des Widgets zu verstehen<\/a><\/p> <\/div> <div class=\"application-platform-content-item-installation application-platform-content-item\" id=\"installation\" data-nav-section=\"installation\"> <h2>Wie f\u00fcge ich LinkedIn-Feed zu meiner GoDaddy-Website hinzu?<\/h2> <p>Wenn Sie den LinkedIn-Feed ohne Code in Ihre GoDaddy-Website einbetten m\u00f6chten, befolgen Sie diese Anweisungen:<\/p> <ol><li><b>F\u00fchren Sie unseren kostenlosen Konfigurator aus und beginnen Sie mit der Gestaltung Ihres personalisierten LinkedIn-Feed-Plugins. <\/b><br> Bestimmen Sie das bevorzugte Aussehen und die Funktionsmerkmale des Plugins und wenden Sie die Korrekturen an.<\/li> <li><b>Kopieren Sie den eindeutigen Code, der in der Box auf Elfsight Apps angezeigt wird.<\/b><br> Sobald die Einrichtung Ihres Widgets abgeschlossen ist, kopieren Sie den pers\u00f6nlichen Code in das angezeigte Feld und speichern Sie ihn zur sp\u00e4teren Verwendung.<\/li> <li><b>Beginnen Sie mit der Verwendung des Tools auf Ihrer GoDaddy-Website.<\/b> <br> Betten Sie den k\u00fcrzlich kopierten Code auf Ihrer Website ein und speichern Sie die Anpassungen.<\/li> <li><b>Fertig! Die Integration wurde erfolgreich abgeschlossen.<\/b><br> Besuchen Sie Ihre Website, um zu sehen, wie das LinkedIn-Feed-Plugin funktioniert.<\/li><\/ol> <p>Vorausgesetzt, Sie bearbeiten Anfragen oder sto\u00dfen beim Hinzuf\u00fcgen auf Komplikationen Um das Widget zu installieren, wenden Sie sich bitte an unser Support-Team. Unsere Mitarbeiter m\u00f6chten alle Schwierigkeiten l\u00f6sen, die Sie m\u00f6glicherweise mit dem codefreien LinkedIn-Feed-Plugin f\u00fcr GoDaddy-Websites haben.<\/p> <\/div>\n","protected":false},"excerpt":{"rendered":"","protected":false},"author":9,"featured_media":0,"parent":7448,"menu_order":0,"comment_status":"closed","ping_status":"closed","template":"templates\/template-application-platform.php","meta":{"publish_to_discourse":"","publish_post_category":"","wpdc_auto_publish_overridden":"","wpdc_topic_tags":"","wpdc_pin_topic":"","wpdc_pin_until":"","discourse_post_id":"","discourse_permalink":"","wpdc_publishing_response":"","wpdc_publishing_error":"","footnotes":""},"class_list":["post-20771","page","type-page","status-publish","hentry"],"yoast_head":"<!-- This site is optimized with the Yoast SEO plugin v25.3.1 - https:\/\/yoast.com\/wordpress\/plugins\/seo\/ -->\n<title>LinkedIn Feed \u2013 Feed-Plugin zu GoDaddy hinzuf\u00fcgen [kostenlos!]<\/title>\n<meta name=\"description\" content=\"Betten Sie das programmierungsfreie LinkedIn-Feed-Plugin in Ihre GoDaddy-Website ein. Erstellen Sie Ihr Plugin mithilfe einer Live-Demo und vorgefertigten Vorlagen, um einen starken Social Proof zu erzielen.\" \/>\n<meta name=\"robots\" content=\"index, follow, max-snippet:-1, max-image-preview:large, max-video-preview:-1\" \/>\n<link rel=\"canonical\" href=\"https:\/\/elfsight.com\/de\/linkedin-feed-widget\/godaddy\/\" \/>\n<meta property=\"og:locale\" content=\"de_DE\" \/>\n<meta property=\"og:type\" content=\"article\" \/>\n<meta property=\"og:title\" content=\"LinkedIn Feed \u2013 Feed-Plugin zu GoDaddy hinzuf\u00fcgen [kostenlos!]\" \/>\n<meta property=\"og:description\" content=\"Betten Sie das programmierungsfreie LinkedIn-Feed-Plugin in Ihre GoDaddy-Website ein. Erstellen Sie Ihr Plugin mithilfe einer Live-Demo und vorgefertigten Vorlagen, um einen starken Social Proof zu erzielen.\" \/>\n<meta property=\"og:url\" content=\"https:\/\/elfsight.com\/de\/linkedin-feed-widget\/godaddy\/\" \/>\n<meta property=\"og:site_name\" content=\"Elfsight DE\" \/>\n<meta property=\"article:modified_time\" content=\"2025-02-12T10:21:38+00:00\" \/>\n<meta name=\"twitter:card\" content=\"summary_large_image\" \/>\n<meta name=\"twitter:label1\" content=\"Gesch\u00e4tzte Lesezeit\" \/>\n\t<meta name=\"twitter:data1\" content=\"5\u00a0Minuten\" \/>\n<!-- \/ Yoast SEO plugin. -->","yoast_head_json":{"title":"LinkedIn Feed \u2013 Feed-Plugin zu GoDaddy hinzuf\u00fcgen [kostenlos!]","description":"Betten Sie das programmierungsfreie LinkedIn-Feed-Plugin in Ihre GoDaddy-Website ein. Erstellen Sie Ihr Plugin mithilfe einer Live-Demo und vorgefertigten Vorlagen, um einen starken Social Proof zu erzielen.","robots":{"index":"index","follow":"follow","max-snippet":"max-snippet:-1","max-image-preview":"max-image-preview:large","max-video-preview":"max-video-preview:-1"},"canonical":"https:\/\/elfsight.com\/de\/linkedin-feed-widget\/godaddy\/","og_locale":"de_DE","og_type":"article","og_title":"LinkedIn Feed \u2013 Feed-Plugin zu GoDaddy hinzuf\u00fcgen [kostenlos!]","og_description":"Betten Sie das programmierungsfreie LinkedIn-Feed-Plugin in Ihre GoDaddy-Website ein. Erstellen Sie Ihr Plugin mithilfe einer Live-Demo und vorgefertigten Vorlagen, um einen starken Social Proof zu erzielen.","og_url":"https:\/\/elfsight.com\/de\/linkedin-feed-widget\/godaddy\/","og_site_name":"Elfsight DE","article_modified_time":"2025-02-12T10:21:38+00:00","twitter_card":"summary_large_image","twitter_misc":{"Gesch\u00e4tzte Lesezeit":"5\u00a0Minuten"},"schema":{"@context":"https:\/\/schema.org","@graph":[{"@type":"WebPage","@id":"https:\/\/elfsight.com\/de\/linkedin-feed-widget\/godaddy\/","url":"https:\/\/elfsight.com\/de\/linkedin-feed-widget\/godaddy\/","name":"LinkedIn Feed \u2013 Feed-Plugin zu GoDaddy hinzuf\u00fcgen [kostenlos!]","isPartOf":{"@id":"https:\/\/elfsight.com\/de\/#website"},"datePublished":"2024-05-03T06:40:41+00:00","dateModified":"2025-02-12T10:21:38+00:00","description":"Betten Sie das programmierungsfreie LinkedIn-Feed-Plugin in Ihre GoDaddy-Website ein. Erstellen Sie Ihr Plugin mithilfe einer Live-Demo und vorgefertigten Vorlagen, um einen starken Social Proof zu erzielen.","breadcrumb":{"@id":"https:\/\/elfsight.com\/de\/linkedin-feed-widget\/godaddy\/#breadcrumb"},"inLanguage":"de","potentialAction":[{"@type":"ReadAction","target":["https:\/\/elfsight.com\/de\/linkedin-feed-widget\/godaddy\/"]}]},{"@type":"BreadcrumbList","@id":"https:\/\/elfsight.com\/de\/linkedin-feed-widget\/godaddy\/#breadcrumb","itemListElement":[{"@type":"ListItem","position":1,"name":"Home","item":"https:\/\/elfsight.com\/de\/"},{"@type":"ListItem","position":2,"name":"LinkedIn Feed","item":"https:\/\/elfsight.com\/de\/linkedin-feed-widget\/"},{"@type":"ListItem","position":3,"name":"LinkedIn Feed &#8211; GoDaddy"}]},{"@type":"WebSite","@id":"https:\/\/elfsight.com\/de\/#website","url":"https:\/\/elfsight.com\/de\/","name":"Elfsight DE","description":"Just another Elfsight Sites site","potentialAction":[{"@type":"SearchAction","target":{"@type":"EntryPoint","urlTemplate":"https:\/\/elfsight.com\/de\/?s={search_term_string}"},"query-input":{"@type":"PropertyValueSpecification","valueRequired":true,"valueName":"search_term_string"}}],"inLanguage":"de"}]}},"meta_box":{"industry":"","seo_heading":"","heading":"","description":"","cta_heading":"","cta_description":"","application":"7435","h1":"So betten Sie den LinkedIn-Feed kostenlos auf GoDaddy ein!","h1_caption":"Zeigen Sie Beitr\u00e4ge aus Ihrem LinkedIn-Profil oder Ihrer Unternehmensseite auf Ihrer Website an und verbessern Sie so m\u00fchelos Ihre professionelle Online-Pr\u00e4senz auf Ihrer GoDaddy-Website.","application_category":[],"applications_title":"","applications_request_title":"","applications_request_button_text":"","hero_text":"","hero_video":"","hero_video_schema_markup":"","selling_points_title":"","selling_points_caption":"","selling_points":[],"selling_points_cta_text":"","features_title":"","features":"","ed_cta_examples_text":"","ed_cta_examples_hidden":"","ed_cta_demo_text":"","ed_cta_demo_hidden":"","why_caption":"","why_editor_title":"","why_editor_text":"","why_team_title":"","why_team_text":"","why_service_title":"","why_service_text":"","template_catalog_visible":"0","template_catalog_title":"","template_catalog_text":"","template_catalog_categories_visible":"","demo_title":"Erstellen Sie Ihr LinkedIn-Feed-Plugin","demo_caption":"Konfigurieren Sie Ihren LinkedIn-Feed und f\u00fcgen Sie ihn kostenlos zu Ihrer GoDaddy-Website hinzu!","default_faq_hidden":"","app_template_category":[],"platform":"241","template_public_id":"","codecanyon_url":"","codecanyon_item_id":"","codecanyon_price":"","pricing_caption":"","pricing_elfsight_apps_hide_column":"","pricing_elfsight_apps_url":"","pricing_codecanyon_price_caption":"","integration_category":[],"integration_request_title":"","integration_request_cta":"","integration_platform":"","integrations":[],"platform_category":[],"video_schema_markup":"","price":"ab 0 $ \/ Monat","trial":"","benefits":[{"text":"Kostenlose Installationsunterst\u00fctzung"},{"text":"Au\u00dfergew\u00f6hnliche Unterst\u00fctzung"},{"text":"14-t\u00e4gige Geld-zur\u00fcck-Garantie"},{"text":"St\u00e4ndige Aktualisierung"}],"button_url":"#demo","button_target_blank":"0","button_nofollow":"0","attributes":[{"name":"Installiert","content":"10,000 - 100,000"},{"name":"Reaktionsfreudig","content":"Ja"},{"name":"Kompatible Browser","content":"Firefox, Safari, Opera, Chrome, Edge"}],"tags":[],"tags_disable_links":"0","hide_more_platforms":"0","video_object":"","demo_hide_cta":"0","demo_hide_cloud_options":"0","pricing_title":"","pricing":[{"pricing_icon":"platform","pricing_title":"Elfsight Apps","pricing_title_caption":"Plattformunabh\u00e4ngige digitale L\u00f6sung, die auf jeder Website funktioniert","pricing_price":"ab 0 $ \/ Monat","pricing_price_caption":"Beginnen Sie mit einem kostenlosen Plan","pricing_benefits":[{"text":"Unbegrenzte Websites"},{"text":"Engagierter Unternehmensunterst\u00fctzung und gut dokumentiertes Unternehmen"},{"text":"Kostenloser Installationsservice"},{"text":"Flexibles Design"}],"pricing_button_text":"Zur Website hinzuf\u00fcgen","pricing_button_url":"#demo"}],"related_apps_title":"","related_apps_hidden":"0","author":"","image":[],"title":"","job":"","social_networks":[]},"_links":{"self":[{"href":"https:\/\/elfsight.com\/de\/wp-json\/wp\/v2\/pages\/20771","targetHints":{"allow":["GET"]}}],"collection":[{"href":"https:\/\/elfsight.com\/de\/wp-json\/wp\/v2\/pages"}],"about":[{"href":"https:\/\/elfsight.com\/de\/wp-json\/wp\/v2\/types\/page"}],"author":[{"embeddable":true,"href":"https:\/\/elfsight.com\/de\/wp-json\/wp\/v2\/users\/9"}],"replies":[{"embeddable":true,"href":"https:\/\/elfsight.com\/de\/wp-json\/wp\/v2\/comments?post=20771"}],"version-history":[{"count":5,"href":"https:\/\/elfsight.com\/de\/wp-json\/wp\/v2\/pages\/20771\/revisions"}],"predecessor-version":[{"id":23991,"href":"https:\/\/elfsight.com\/de\/wp-json\/wp\/v2\/pages\/20771\/revisions\/23991"}],"up":[{"embeddable":true,"href":"https:\/\/elfsight.com\/de\/wp-json\/wp\/v2\/pages\/7448"}],"wp:attachment":[{"href":"https:\/\/elfsight.com\/de\/wp-json\/wp\/v2\/media?parent=20771"}],"curies":[{"name":"wp","href":"https:\/\/api.w.org\/{rel}","templated":true}]}}