{"id":20763,"date":"2024-05-03T06:40:37","date_gmt":"2024-05-03T06:40:37","guid":{"rendered":"https:\/\/elfsight.com\/de\/?page_id=20763"},"modified":"2025-10-23T14:55:55","modified_gmt":"2025-10-23T14:55:55","slug":"shopify","status":"publish","type":"page","link":"https:\/\/elfsight.com\/de\/linkedin-feed-widget\/shopify\/","title":{"rendered":"LinkedIn Feed &#8211; Shopify"},"content":{"rendered":"\n<div class=\"application-platform-content-item-description application-platform-content-item\" id=\"description\" data-nav-section=\"description\"> <h2>LinkedIn-Feed kostenlos auf Shopify einbetten!<\/h2> <p>Das LinkedIn-Feed-Widget ist das perfekte Tool f\u00fcr Unternehmen zur Pr\u00e4sentation und Werbung ihre LinkedIn-Inhalte auf Shopify-Websites: Zeigen Sie Beitr\u00e4ge, Fotos, Clips usw. an. Die Installation des Widgets ist einfach \u2013 ohne dass Programmierkenntnisse oder technische Kenntnisse erforderlich sind. <\/p> <p>Erstellen Sie ein Erscheinungsbild, das Ihren Website-Pr\u00e4ferenzen entspricht, und bleiben Sie Ihrer Marke treu, indem Sie mit benutzerdefinierten Feed-Attributen, Vorlagen, Layouts und Beitragsstilen experimentieren. F\u00fcgen Sie einen Popup-Effekt als Post-Click-Aktion hinzu, um die Aufmerksamkeit der Benutzer zu erregen. Und schlie\u00dflich genie\u00dfen Sie das gesteigerte Vertrauen und das prominent etablierte Branding in der Branche.<\/p> <ul><li><strong>Verbessern Sie Ihre Netzwerkkan\u00e4le mit der LinkedIn-Unternehmensseite.<\/strong><br>Schaffen Sie neue Kontakte im Unternehmen Welt und erh\u00f6hen Sie die Lead-Anzahl, indem Sie Inhalte aus Ihrem LinkedIn-Profil nutzen.<\/li><li><strong>Erweitern Sie Ihre LinkedIn-Fangemeinde.<\/strong><br>Heben Sie Ihre LinkedIn-Pr\u00e4senz innerhalb der Shopify-Benutzergemeinschaft hervor und wecken Sie starkes Interesse an Ihre Angebote.<\/li><li><strong>Steigern Sie die Echtheit Ihres Unternehmens.<\/strong><br>F\u00fcgen Sie Ihrer Marke eine zus\u00e4tzliche Ebene an Glaubw\u00fcrdigkeit und Vertrauensw\u00fcrdigkeit hinzu, indem Sie die neuesten LinkedIn-Aktivit\u00e4ten direkt auf der Website-Seite pr\u00e4sentieren. <\/li><\/ul><p><b>Betten Sie das codefreie LinkedIn-Feed-Plugin auf der Shopify-Website ein, um Glaubw\u00fcrdigkeit und Authentizit\u00e4t zu f\u00f6rdern und Ihr Netzwerk zu erweitern, indem Sie eine starke soziale Best\u00e4tigung nutzen.<\/b><\/p> <div class=\"faq\" data-component=\"FAQ\"><div class=\"faq-item\">\r\n\t\t\t\t\t<div class=\"faq-item-question\">\r\n\t\t\t\t\t\t<h3 class=\"faq-item-question-text\">Gibt es noch andere Tools f\u00fcr Shopify, die ich auf meiner Website verwenden kann?<\/h3>\r\n\r\n\t\t\t\t\t\t<div class=\"faq-item-question-icon\"><\/div>\r\n\t\t\t\t\t<\/div>\r\n\r\n\t\t\t\t\t<div class=\"faq-item-answer\">\r\n\t\t\t\t\t\t<div class=\"faq-item-answer-text\"><p>Ja, tats\u00e4chlich! Als Shopify-Benutzer bietet Ihnen Elfsight Dutzende codefreier Tools zum Hinzuf\u00fcgen zu Ihrer Website, einschlie\u00dflich des LinkedIn-Feed-Plugins. Ganz gleich, um welche Art von Unternehmen es sich handelt oder in welcher spezifischen Nische Sie t\u00e4tig sind, es gibt immer M\u00f6glichkeiten, Ihre St\u00e4rken unter Beweis zu stellen. Hier sind einige Ideen, die Sie Ihrer Liste hinzuf\u00fcgen k\u00f6nnen:<\/p><ul><li>Um eine andere Social-Media-App f\u00fcr Ihre Shopify-Website zu erstellen, die dem LinkedIn-Feed-Plugin \u00e4hnelt, sollten Sie die Verwendung von <a href=\"https:\/\/elfsight.com\/pinterest-feed-widget\/\">Pinterest-Feed<\/a> oder <a href=\"https:\/\/elfsight.com\/instagram-feed-instashow\/\">Instagram-Feed<\/a>-Widget.<\/li><li>Nutzen Sie die <a href=\"https:\/\/elfsight.com\/all-in-one-reviews-widget\/\">All-in-One-Bewertungen<\/a> oder <a href=\"https:\/\/elfsight.com\/google-reviews-widget\/\">Google Reviews<\/a>-Plugin zur Anzeige von Kundenfeedback.<\/li><li>Einbetten des <a href=\"https:\/\/elfsight.com\/online-form-builder\/\">Form Builder<\/a>-Widget, um Antworten zu sammeln und Ihren Shopify-Benutzern die Kontaktaufnahme mit Ihnen zu erm\u00f6glichen.<\/li> <li>F\u00fcgen Sie das <a href=\"https:\/\/elfsight.com\u201c hinzu \/countdown-timer-widget\/\">Countdown-Timer<\/a>-Plugin, um Vorfreude zu wecken und beim Publikum ein Gef\u00fchl der Knappheit zu erzeugen.<\/li><\/ul><p>Und denken Sie daran, dies sind nur einige Einbettungsbeispiele aus der gro\u00dfen Auswahl an Erg\u00e4nzungen, die Ihren spezifischen Gesch\u00e4ftsanforderungen gerecht werden k\u00f6nnen. Beginnen Sie mit dem codefreien LinkedIn-Feed, um sp\u00e4ter wiederzukommen und die umfangreiche Auswahl an Widgets zu erkunden, die Sie Ihrer Website hinzuf\u00fcgen k\u00f6nnen!<\/p><\/div>\r\n\t\t\t\t\t<\/div>\r\n\t\t\t\t<\/div><div class=\"faq-item\">\r\n\t\t\t\t\t<div class=\"faq-item-question\">\r\n\t\t\t\t\t\t<h3 class=\"faq-item-question-text\">Wie bette ich den LinkedIn-Feed kostenlos auf Shopify ein?<\/h3>\r\n\r\n\t\t\t\t\t\t<div class=\"faq-item-question-icon\"><\/div>\r\n\t\t\t\t\t<\/div>\r\n\r\n\t\t\t\t\t<div class=\"faq-item-answer\">\r\n\t\t\t\t\t\t<div class=\"faq-item-answer-text\"> <p>Wenn Sie das LinkedIn-Feed-Widget kostenlos zu Ihrer Shopify-Website hinzuf\u00fcgen m\u00f6chten, befolgen Sie diese Anweisungen:<\/p> <ol><li>Personalisieren Sie das Aussehen des LinkedIn-Feed-Widgets, um es an den Designstil Ihrer Website anzupassen. <\/li><li>Melden Sie sich bei Ihrem Elfsight-Dashboard an oder richten Sie ein kostenloses Konto ein.<\/li><li>Erhalten Sie den Code des einzigartigen Installations-Widgets.<\/li><li>Greifen Sie auf Ihre Shopify-Website zu.<\/li> <li>F\u00fcgen Sie den Code in Ihren Shopify-Website-Builder ein, um das LinkedIn-Feed-Plugin hinzuzuf\u00fcgen. Fertig!<\/li><\/ol><p>Wie aus dem Kontext hervorgeht, ist es nicht erforderlich, das Schreiben von Code zu beherrschen, um das Plugin einzubetten. Erstellen Sie ganz einfach das codefreie LinkedIn-Feed-Widget f\u00fcr eine Shopify-Website und genie\u00dfen Sie alle Vorteile, die sich aus der Erweiterung Ihres Publikums ergeben.<\/p><\/div>\r\n\t\t\t\t\t<\/div>\r\n\t\t\t\t<\/div><div class=\"faq-item\">\r\n\t\t\t\t\t<div class=\"faq-item-question\">\r\n\t\t\t\t\t\t<h3 class=\"faq-item-question-text\">Muss ich programmieren k\u00f6nnen oder \u00fcber Programmierkenntnisse verf\u00fcgen?<\/h3>\r\n\r\n\t\t\t\t\t\t<div class=\"faq-item-question-icon\"><\/div>\r\n\t\t\t\t\t<\/div>\r\n\r\n\t\t\t\t\t<div class=\"faq-item-answer\">\r\n\t\t\t\t\t\t<div class=\"faq-item-answer-text\"><p>Nein, das ist nicht der Fall. Vorkenntnisse im Programmieren sind \u00fcberhaupt nicht erforderlich. Sie k\u00f6nnen das LinkedIn-Feed-Plugin erstellen und zu Ihrer Shopify-Website hinzuf\u00fcgen, auch ohne speziellen Hintergrund oder vorherige Code-Erfahrung.<\/p> <\/div>\r\n\t\t\t\t\t<\/div>\r\n\t\t\t\t<\/div><\/div><\/div> <div class=\"application-platform-content-item-features application-platform-content-item\" id=\"features\" data-nav-section=\"features\"> <h2>Dies sind nur einige der umfangreichen Widget-Funktionen:<\/h2> <ul><li>Alle Arten von LinkedIn-Inhalten anzeigen: Blog-Beitr\u00e4ge, Fotos, Clips usw.<\/li><li>Feed-Beitr\u00e4ge nach Schl\u00fcsselw\u00f6rtern filtern, Hashtags oder URLs.<\/li><li>Call-to-Action-Schaltfl\u00e4chen zur Verbesserung der Engagement-Rate im LinkedIn-Feed Ihres Unternehmens.<\/li><li>Dynamischer Popup-Modus, um die Aufmerksamkeit auf Ihre LinkedIn-Inhalte zu lenken.<\/li><li>Codefreie Anpassung mit erweiterten Designeinstellungen: gebrauchsfertige Vorlagen, Farbschema-Ersteller, mehrere Layout-Designs, Beitragsstile, benutzerdefiniertes CSS und mehr.<\/li><\/ul><p><a href=\"#demo\">Probieren Sie alle Personalisierungsfunktionen in einer voll funktionsf\u00e4higen Demo aus<\/a><\/p> <\/div> <div class=\"application-platform-content-item-installation application-platform-content-item\" id=\"installation\" data-nav-section=\"installation\"> <h2>Wie kann ich LinkedIn-Feed auf meiner Shopify-Website einbetten? <\/h2><div class=\"video-container\">\n<iframe width=\"720\" height=\"405\" src=\"https:\/\/www.youtube.com\/embed\/mMCEA3jhXts?si=UQs3a3dJL5jW-2tp\" frameborder=\"0\" allowfullscreen=\"\"><\/iframe>\n<\/div> <p>Wenn Sie das codefreie LinkedIn-Feed-Plugin zu Ihrer Shopify-Website hinzuf\u00fcgen m\u00f6chten, f\u00fchren Sie die folgenden Schritte aus:<\/p> <ol><li><b>Nutzen Sie unseren kostenlosen Editor und legen Sie los Erstellen Sie Ihr benutzerdefiniertes LinkedIn-Feed-Widget.<\/b><br> Geben Sie das ausgew\u00e4hlte Layout und die Eigenschaften des Plugins an und speichern Sie die \u00c4nderungen.<\/li> <li><b>Rufen Sie den individuellen Code ab, der im Fenster von Elfsight Apps angezeigt wird. <\/b><br> Kopieren Sie direkt nach Abschluss der Generierung Ihres Tools den einzelnen Code im angezeigten Popup und bewahren Sie ihn zur weiteren Verwendung auf.<\/li> <li><b>Beginnen Sie mit der Verwendung des Widgets auf Ihrem Shopify-Website.<\/b><br> F\u00fcgen Sie den Code, den Sie zuvor gespeichert haben, zu Ihrer Website hinzu und \u00fcbernehmen Sie die Korrekturen.<\/li> <li><b>Die Installation ist erfolgreich abgeschlossen.<\/b><br> Los Besuchen Sie Ihre Website, um die Arbeit des LinkedIn-Feed-Plugins zu beobachten.<\/li><\/ol> <p>Wenn Sie Fragen haben oder beim Einbettungsprozess auf Hindernisse sto\u00dfen, wenden Sie sich bitte an unser Support-Team. Unsere Mitarbeiter werden sich freuen, alle Schwierigkeiten zu l\u00f6sen, die Sie mit dem codefreien LinkedIn-Feed-Plugin f\u00fcr Shopify-Websites haben k\u00f6nnten.<\/p> <\/div>\n","protected":false},"excerpt":{"rendered":"","protected":false},"author":9,"featured_media":0,"parent":7448,"menu_order":0,"comment_status":"closed","ping_status":"closed","template":"templates\/template-application-platform.php","meta":{"publish_to_discourse":"","publish_post_category":"","wpdc_auto_publish_overridden":"","wpdc_topic_tags":"","wpdc_pin_topic":"","wpdc_pin_until":"","discourse_post_id":"","discourse_permalink":"","wpdc_publishing_response":"","wpdc_publishing_error":"","footnotes":""},"class_list":["post-20763","page","type-page","status-publish","hentry"],"yoast_head":"<!-- This site is optimized with the Yoast SEO plugin v25.3.1 - https:\/\/yoast.com\/wordpress\/plugins\/seo\/ -->\n<title>LinkedIn Feed \u2013 Feed-App zu Shopify hinzuf\u00fcgen [kostenlos!]<\/title>\n<meta name=\"description\" content=\"Betten Sie die programmierungsfreie LinkedIn-Feed-App in Ihre Shopify-Website ein. Erstellen Sie Ihr Widget mithilfe einer Live-Demo und vorgefertigten Vorlagen, um einen starken Social Proof zu erzielen.\" \/>\n<meta name=\"robots\" content=\"index, follow, max-snippet:-1, max-image-preview:large, max-video-preview:-1\" \/>\n<link rel=\"canonical\" href=\"https:\/\/elfsight.com\/de\/linkedin-feed-widget\/shopify\/\" \/>\n<meta property=\"og:locale\" content=\"de_DE\" \/>\n<meta property=\"og:type\" content=\"article\" \/>\n<meta property=\"og:title\" content=\"LinkedIn Feed \u2013 Feed-App zu Shopify hinzuf\u00fcgen [kostenlos!]\" \/>\n<meta property=\"og:description\" content=\"Betten Sie die programmierungsfreie LinkedIn-Feed-App in Ihre Shopify-Website ein. Erstellen Sie Ihr Widget mithilfe einer Live-Demo und vorgefertigten Vorlagen, um einen starken Social Proof zu erzielen.\" \/>\n<meta property=\"og:url\" content=\"https:\/\/elfsight.com\/de\/linkedin-feed-widget\/shopify\/\" \/>\n<meta property=\"og:site_name\" content=\"Elfsight DE\" \/>\n<meta property=\"article:modified_time\" content=\"2025-10-23T14:55:55+00:00\" \/>\n<meta name=\"twitter:card\" content=\"summary_large_image\" \/>\n<meta name=\"twitter:label1\" content=\"Gesch\u00e4tzte Lesezeit\" \/>\n\t<meta name=\"twitter:data1\" content=\"5\u00a0Minuten\" \/>\n<!-- \/ Yoast SEO plugin. -->","yoast_head_json":{"title":"LinkedIn Feed \u2013 Feed-App zu Shopify hinzuf\u00fcgen [kostenlos!]","description":"Betten Sie die programmierungsfreie LinkedIn-Feed-App in Ihre Shopify-Website ein. Erstellen Sie Ihr Widget mithilfe einer Live-Demo und vorgefertigten Vorlagen, um einen starken Social Proof zu erzielen.","robots":{"index":"index","follow":"follow","max-snippet":"max-snippet:-1","max-image-preview":"max-image-preview:large","max-video-preview":"max-video-preview:-1"},"canonical":"https:\/\/elfsight.com\/de\/linkedin-feed-widget\/shopify\/","og_locale":"de_DE","og_type":"article","og_title":"LinkedIn Feed \u2013 Feed-App zu Shopify hinzuf\u00fcgen [kostenlos!]","og_description":"Betten Sie die programmierungsfreie LinkedIn-Feed-App in Ihre Shopify-Website ein. Erstellen Sie Ihr Widget mithilfe einer Live-Demo und vorgefertigten Vorlagen, um einen starken Social Proof zu erzielen.","og_url":"https:\/\/elfsight.com\/de\/linkedin-feed-widget\/shopify\/","og_site_name":"Elfsight DE","article_modified_time":"2025-10-23T14:55:55+00:00","twitter_card":"summary_large_image","twitter_misc":{"Gesch\u00e4tzte Lesezeit":"5\u00a0Minuten"},"schema":{"@context":"https:\/\/schema.org","@graph":[{"@type":"WebPage","@id":"https:\/\/elfsight.com\/de\/linkedin-feed-widget\/shopify\/","url":"https:\/\/elfsight.com\/de\/linkedin-feed-widget\/shopify\/","name":"LinkedIn Feed \u2013 Feed-App zu Shopify hinzuf\u00fcgen [kostenlos!]","isPartOf":{"@id":"https:\/\/elfsight.com\/de\/#website"},"datePublished":"2024-05-03T06:40:37+00:00","dateModified":"2025-10-23T14:55:55+00:00","description":"Betten Sie die programmierungsfreie LinkedIn-Feed-App in Ihre Shopify-Website ein. Erstellen Sie Ihr Widget mithilfe einer Live-Demo und vorgefertigten Vorlagen, um einen starken Social Proof zu erzielen.","breadcrumb":{"@id":"https:\/\/elfsight.com\/de\/linkedin-feed-widget\/shopify\/#breadcrumb"},"inLanguage":"de","potentialAction":[{"@type":"ReadAction","target":["https:\/\/elfsight.com\/de\/linkedin-feed-widget\/shopify\/"]}]},{"@type":"BreadcrumbList","@id":"https:\/\/elfsight.com\/de\/linkedin-feed-widget\/shopify\/#breadcrumb","itemListElement":[{"@type":"ListItem","position":1,"name":"Home","item":"https:\/\/elfsight.com\/de\/"},{"@type":"ListItem","position":2,"name":"LinkedIn Feed","item":"https:\/\/elfsight.com\/de\/linkedin-feed-widget\/"},{"@type":"ListItem","position":3,"name":"LinkedIn Feed &#8211; Shopify"}]},{"@type":"WebSite","@id":"https:\/\/elfsight.com\/de\/#website","url":"https:\/\/elfsight.com\/de\/","name":"Elfsight DE","description":"Just another Elfsight Sites site","potentialAction":[{"@type":"SearchAction","target":{"@type":"EntryPoint","urlTemplate":"https:\/\/elfsight.com\/de\/?s={search_term_string}"},"query-input":{"@type":"PropertyValueSpecification","valueRequired":true,"valueName":"search_term_string"}}],"inLanguage":"de"}]}},"meta_box":{"industry":"","seo_heading":"","heading":"","description":"","cta_heading":"","cta_description":"","application":"7435","h1":"So betten Sie den LinkedIn-Feed kostenlos auf Shopify ein!","h1_caption":"Zeigen Sie Beitr\u00e4ge aus Ihrem LinkedIn-Profil oder Ihrer Unternehmensseite auf Ihrer Website an und verbessern Sie so m\u00fchelos Ihre professionelle Online-Pr\u00e4senz auf Ihrer Shopify-Website.","application_category":[],"applications_title":"","applications_request_title":"","applications_request_button_text":"","hero_text":"","hero_video":"","hero_video_schema_markup":"","selling_points_title":"","selling_points_caption":"","selling_points":[],"selling_points_cta_text":"","features_title":"","features":"","ed_cta_examples_text":"","ed_cta_examples_hidden":"","ed_cta_demo_text":"","ed_cta_demo_hidden":"","why_caption":"","why_editor_title":"","why_editor_text":"","why_team_title":"","why_team_text":"","why_service_title":"","why_service_text":"","template_catalog_visible":"0","template_catalog_title":"","template_catalog_text":"","template_catalog_categories_visible":"","demo_title":"Erstellen Sie Ihre LinkedIn-Feed-App","demo_caption":"Konfigurieren Sie Ihren LinkedIn-Feed und f\u00fcgen Sie ihn kostenlos zu Ihrer Shopify-Website hinzu!","default_faq_hidden":"","app_template_category":[],"platform":"253","template_public_id":"","codecanyon_url":"","codecanyon_item_id":"","codecanyon_price":"","pricing_caption":"","pricing_elfsight_apps_hide_column":"","pricing_elfsight_apps_url":"","pricing_codecanyon_price_caption":"","integration_category":[],"integration_request_title":"","integration_request_cta":"","integration_platform":"","integrations":[],"platform_category":[],"video_schema_markup":"","price":"ab 0 $ \/ Monat","trial":"","benefits":[{"text":"Kostenlose Installationsunterst\u00fctzung"},{"text":"Erfahrener Kundensupport"},{"text":"14-t\u00e4gige R\u00fcckerstattungsgarantie"},{"text":"St\u00e4ndige Aktualisierung"}],"button_url":"#demo","button_target_blank":"0","button_nofollow":"0","attributes":[{"name":"Installiert","content":"10,000 - 100,000"},{"name":"Reaktionsfreudig","content":"Ja"},{"name":"Kompatible Browser","content":"Firefox, Safari, Opera, Chrome, Edge"}],"tags":[],"tags_disable_links":"0","hide_more_platforms":"0","video_object":"","demo_hide_cta":"0","demo_hide_cloud_options":"0","pricing_title":"","pricing":[{"pricing_icon":"platform","pricing_title":"Elfsight Apps","pricing_title_caption":"Plattformunabh\u00e4ngige Version, die auf jeder Website funktioniert","pricing_price":"ab 0 $ \/ Monat","pricing_price_caption":"Beginnen Sie mit einem kostenlosen Plan","pricing_benefits":[{"text":"Unbegrenzte Websites"},{"text":"Professionelle und p\u00fcnktliche Unterst\u00fctzung und gut dokumentiert"},{"text":"Kostenloser Installationssupport"},{"text":"Vollst\u00e4ndig anpassbar"}],"pricing_button_text":"Zur Website hinzuf\u00fcgen","pricing_button_url":"#demo"}],"related_apps_title":"","related_apps_hidden":"0","author":"","image":[],"title":"","job":"","social_networks":[]},"_links":{"self":[{"href":"https:\/\/elfsight.com\/de\/wp-json\/wp\/v2\/pages\/20763","targetHints":{"allow":["GET"]}}],"collection":[{"href":"https:\/\/elfsight.com\/de\/wp-json\/wp\/v2\/pages"}],"about":[{"href":"https:\/\/elfsight.com\/de\/wp-json\/wp\/v2\/types\/page"}],"author":[{"embeddable":true,"href":"https:\/\/elfsight.com\/de\/wp-json\/wp\/v2\/users\/9"}],"replies":[{"embeddable":true,"href":"https:\/\/elfsight.com\/de\/wp-json\/wp\/v2\/comments?post=20763"}],"version-history":[{"count":3,"href":"https:\/\/elfsight.com\/de\/wp-json\/wp\/v2\/pages\/20763\/revisions"}],"predecessor-version":[{"id":25543,"href":"https:\/\/elfsight.com\/de\/wp-json\/wp\/v2\/pages\/20763\/revisions\/25543"}],"up":[{"embeddable":true,"href":"https:\/\/elfsight.com\/de\/wp-json\/wp\/v2\/pages\/7448"}],"wp:attachment":[{"href":"https:\/\/elfsight.com\/de\/wp-json\/wp\/v2\/media?parent=20763"}],"curies":[{"name":"wp","href":"https:\/\/api.w.org\/{rel}","templated":true}]}}