{"id":20757,"date":"2024-05-03T06:40:35","date_gmt":"2024-05-03T06:40:35","guid":{"rendered":"https:\/\/elfsight.com\/de\/?page_id=20757"},"modified":"2025-09-30T10:13:03","modified_gmt":"2025-09-30T10:13:03","slug":"html","status":"publish","type":"page","link":"https:\/\/elfsight.com\/de\/linkedin-feed-widget\/html\/","title":{"rendered":"LinkedIn Feed &#8211; HTML"},"content":{"rendered":"\n<div class=\"application-platform-content-item-description application-platform-content-item\" id=\"description\" data-nav-section=\"description\"> <h2>LinkedIn-Feed kostenlos in HTML einbetten!<\/h2> <p>Das LinkedIn-Feed-Widget ist das ideale Tool f\u00fcr Unternehmen zur Pr\u00e4sentation und Werbung ihre LinkedIn-Inhalte auf HTML-Websites: Zeigen Sie Beitr\u00e4ge, Bilder, Clips usw. an. Die Integration des Widgets ist m\u00fchelos \u2013 es sind keine Programmier- oder Programmierkenntnisse erforderlich.<\/p> <p>Erstellen Sie einen Look, der Ihre Website-Vorlieben widerspiegelt, und experimentieren Sie mit Testen benutzerdefinierter Feed-Attribute, Vorlagen, Layouts und Beitragsstile. F\u00fcgen Sie einen Popup-Effekt als Post-Click-Aktion hinzu, um die Aufmerksamkeit der Benutzer zu erregen. Und schlie\u00dflich genie\u00dfen Sie das gesteigerte Vertrauen und mehr Branding-M\u00f6glichkeiten.<\/p> <ul><li><strong>St\u00e4rken Sie Ihre Networking-Kan\u00e4le mit der LinkedIn-Unternehmensseite.<\/strong><br>Entfachen Sie neue Beziehungen in der Welt des Handels und verst\u00e4rken Sie die Lead-Generierung mit Inhalten aus Ihrem LinkedIn-Profil.<\/li><li><strong>Erweitern Sie Ihre LinkedIn-Fangemeinde.<\/strong><br>Machen Sie Ihre LinkedIn-Pr\u00e4senz innerhalb der HTML-Website-Community sichtbar und wecken Sie gro\u00dfes Interesse daran Ihre Angebote.<\/li><li><strong>Lassen Sie Ihr Unternehmen authentischer erscheinen.<\/strong><br>F\u00fcgen Sie Ihrer Marke eine zus\u00e4tzliche Ebene der Glaubw\u00fcrdigkeit und Vertrauensw\u00fcrdigkeit hinzu, indem Sie die neuesten LinkedIn-Aktivit\u00e4ten direkt auf der Website-Seite teilen .<\/li><\/ul><p><b>Betten Sie das codefreie LinkedIn-Feed-Plugin in die HTML-Website ein, um Vertrauen zu schaffen, Authentizit\u00e4t zu schaffen und die Networking-M\u00f6glichkeiten zu erweitern, indem Sie eine starke soziale Validierung nutzen.<\/b><\/p> <div class=\"faq\" data-component=\"FAQ\"><div class=\"faq-item\">\r\n\t\t\t\t\t<div class=\"faq-item-question\">\r\n\t\t\t\t\t\t<h3 class=\"faq-item-question-text\">Gibt es noch andere Tools f\u00fcr HTML, die ich auf meiner Website verwenden kann?<\/h3>\r\n\r\n\t\t\t\t\t\t<div class=\"faq-item-question-icon\"><\/div>\r\n\t\t\t\t\t<\/div>\r\n\r\n\t\t\t\t\t<div class=\"faq-item-answer\">\r\n\t\t\t\t\t\t<div class=\"faq-item-answer-text\"><p>Ja, auf jeden Fall! Als HTML-Benutzer haben Sie Zugriff auf unz\u00e4hlige codefreie Tools von Elfsight, und das codefreie LinkedIn-Feed-Plugin ist nur eine von vielen Optionen, die f\u00fcr Ihre Website verf\u00fcgbar sind. Unabh\u00e4ngig von der Art Ihres Unternehmens oder Ihrer Nische in der Branche ist es immer von Vorteil, nach M\u00f6glichkeiten zu suchen, Ihre St\u00e4rken unter Beweis zu stellen und neue Ideen einzubringen. Beispiel:<\/p><ul><li>Um eine andere Social-Media-App f\u00fcr Ihre HTML-Website zu erstellen, probieren Sie <a href=\"https:\/\/elfsight.com\/pinterest-feed-widget\/\">Pinterest aus Feed<\/a> oder <a href=\"https:\/\/elfsight.com\/instagram-feed-instashow\/\">Instagram-Feed<\/a>-Widget neben dem LinkedIn-Feed-Plugin.<\/li><li>Entscheiden Sie sich f\u00fcr das <a href=\"https:\/\/elfsight.com\/all-in-one-reviews-widget\/\">All-in-One-Bewertungen<\/a> oder <a href=\"https:\/\/elfsight.com\/google-reviews-widget\/\">Google Reviews<\/a>-Plugin, um wertvolles Kundenfeedback anzuzeigen.<\/li><li>Betten Sie den <a href=\"https:\/\/elfsight.com\/online-form-builder\/\"> ein Form Builder<\/a>-Plugin, um Antworten zu sammeln und Ihren HTML-Benutzern die Verbindung mit Ihnen zu erm\u00f6glichen.<\/li> <li>F\u00fcgen Sie das <a href=\"https:\/\/elfsight.com\/countdown-timer-widget\/\"> hinzu Countdown-Timer<\/a>-Widget, um die Vorfreude zu wecken und bei Ihrem Website-Publikum ein Gef\u00fchl der Dringlichkeit zu erzeugen.<\/li><\/ul><p>Und denken Sie daran, diese Einbettungsvorschl\u00e4ge sind nur der Anfang. Entdecken Sie den Rest unseres Widget-Katalogs nach der Implementierung des codefreien LinkedIn-Feed-Plugins, um noch mehr M\u00f6glichkeiten zu entdecken, Ihre spezifischen Gesch\u00e4ftsanforderungen abzudecken!<\/p><\/div>\r\n\t\t\t\t\t<\/div>\r\n\t\t\t\t<\/div><div class=\"faq-item\">\r\n\t\t\t\t\t<div class=\"faq-item-question\">\r\n\t\t\t\t\t\t<h3 class=\"faq-item-question-text\">So betten Sie LinkedIn-Feeds kostenlos ein HTML?<\/h3>\r\n\r\n\t\t\t\t\t\t<div class=\"faq-item-question-icon\"><\/div>\r\n\t\t\t\t\t<\/div>\r\n\r\n\t\t\t\t\t<div class=\"faq-item-answer\">\r\n\t\t\t\t\t\t<div class=\"faq-item-answer-text\"><p>Um das codefreie LinkedIn Feed-Widget kostenlos zu Ihrer HTML-Website hinzuzuf\u00fcgen, f\u00fchren Sie die folgenden Schritte aus:<\/p> <ol><li>Passen Sie das Erscheinungsbild des LinkedIn Feed-Widgets an Ihre \u00c4sthetik an .<\/li><li>Melden Sie sich bei Ihrem Elfsight-Dashboard an oder registrieren Sie ein kostenloses Konto.<\/li><li>Erhalten Sie den eindeutigen Installationscode.<\/li><li>Gehen Sie zu Ihrer HTML-Website.<\/li><li>F\u00fcgen Sie den Code in Ihren HTML-Website-Builder ein, um das LinkedIn-Feed-Plugin hinzuzuf\u00fcgen. So einfach ist das!<\/li><\/ol><p>Wie es offensichtlich ist, ist es nicht erforderlich, das Schreiben von Code zu beherrschen, um das Plugin einzubetten. Erstellen Sie ganz einfach ein LinkedIn-Feed-Widget f\u00fcr eine HTML-Website und erleben Sie alle Vorteile, die sich aus der Erweiterung Ihres Publikums ergeben.<\/p><\/div>\r\n\t\t\t\t\t<\/div>\r\n\t\t\t\t<\/div><div class=\"faq-item\">\r\n\t\t\t\t\t<div class=\"faq-item-question\">\r\n\t\t\t\t\t\t<h3 class=\"faq-item-question-text\">Muss ich zum Einbetten programmieren k\u00f6nnen oder \u00fcber Programmierkenntnisse verf\u00fcgen? den LinkedIn-Feed auf einer HTML-Website?<\/h3>\r\n\r\n\t\t\t\t\t\t<div class=\"faq-item-question-icon\"><\/div>\r\n\t\t\t\t\t<\/div>\r\n\r\n\t\t\t\t\t<div class=\"faq-item-answer\">\r\n\t\t\t\t\t\t<div class=\"faq-item-answer-text\"><p>Nein, Sie sind nicht verpflichtet, sie zu haben. Programmierkenntnisse sind in keiner Weise erforderlich. Sie haben die volle M\u00f6glichkeit, das LinkedIn-Feed-Plugin ohne besonderen Hintergrund oder vorherige Code-Erfahrung zu Ihrer HTML-Website hinzuzuf\u00fcgen und anzuzeigen.<\/p> <\/div>\r\n\t\t\t\t\t<\/div>\r\n\t\t\t\t<\/div><\/div><\/div> <div class=\"application-platform-content-item-features application-platform-content-item\" id=\"features\" data-nav-section=\"features\"> <h2>Im Folgenden sind wesentliche Funktionen des Widgets aufgef\u00fchrt:<\/h2> <ul><li>Pr\u00e4sentieren Sie alle Arten von Inhalten: Blog-Beitr\u00e4ge, Fotos, Clips usw.<\/li><li>Filtern Sie Feed-Beitr\u00e4ge nach Schl\u00fcsselw\u00f6rtern und Hashtags , oder URLs.<\/li><li>F\u00fcgen Sie die CTA-Schaltfl\u00e4chen hinzu, um die Zahlen im LinkedIn-Feed Ihres Unternehmens zu steigern.<\/li><li>Auff\u00e4lliger Popup-Effekt, um die Aufmerksamkeit auf Ihre LinkedIn-Inhalte zu lenken.<\/li><li>Einfache Anpassungsoptionen, ohne dass Code geschrieben werden muss: vorgefertigte Vorlagen, Farbschema-Ersteller, Layouts, Beitragsstile, benutzerdefiniertes CSS usw.<\/li><\/ul><p><a href=\"#demo\"> Schauen Sie sich einfach diese Demo an, um zu sehen, wie es funktioniert<\/a><\/p> <\/div> <div class=\"application-platform-content-item-installation application-platform-content-item\" id=\"installation\" data-nav-section=\"installation\"> <h2>Wie kann ich LinkedIn Feed zu meiner HTML-Website hinzuf\u00fcgen?<\/h2><div class=\"video-container\">\n<iframe width=\"720\" height=\"405\" src=\"https:\/\/www.youtube.com\/embed\/lQVuEKVDDpA?si=PiCSEGbqcX3itzOG\" frameborder=\"0\" allowfullscreen=\"\"><\/iframe>\n<\/div> <p> Wenn Sie den LinkedIn-Feed zu Ihrer HTML-Website hinzuf\u00fcgen m\u00f6chten, f\u00fchren Sie die folgenden Schritte aus:<\/p> <ol><li><b>\u00d6ffnen Sie unseren kostenlosen Editor und beginnen Sie mit der Erstellung Ihres individuellen LinkedIn-Feed-Plugins.<\/b><br> Bestimmen Sie die gew\u00fcnschte Schnittstelle und Aspekte des Plugins und speichern Sie die \u00c4nderungen.<\/li> <li><b>Erhalten Sie den individuellen Code, der in der Box auf Elfsight Apps angezeigt wird.<\/b><br> Nach der Erstellung von Ihr Widget ist beendet. Kopieren Sie den exklusiven Code in das angezeigte Feld und speichern Sie ihn zur sp\u00e4teren Verwendung.<\/li> <li><b>Beginnen Sie mit der Verwendung des Widgets auf Ihrer HTML-Website.<\/b><br> F\u00fcgen Sie den gespeicherten Code hinzu Gehen Sie vorher zu Ihrer Website und speichern Sie die Verbesserungen.<\/li> <li><b>Fertig! Die Einbettung wurde erfolgreich abgeschlossen.<\/b><br> Besuchen Sie Ihre Website, um zu \u00fcberpr\u00fcfen, wie das LinkedIn-Feed-Widget funktioniert.<\/li><\/ol> <p>Vorausgesetzt, Sie haben Anfragen oder sehen sich etwaige Komplikationen mit der Einbettung an Scheuen Sie sich nicht, sich an unsere Support-Mitarbeiter zu wenden. Unsere Spezialisten helfen Ihnen gerne bei allen Fragen zum codefreien LinkedIn-Feed-Plugin f\u00fcr HTML-Websites.<\/p> <\/div>\n","protected":false},"excerpt":{"rendered":"","protected":false},"author":9,"featured_media":0,"parent":7448,"menu_order":0,"comment_status":"closed","ping_status":"closed","template":"templates\/template-application-platform.php","meta":{"publish_to_discourse":"","publish_post_category":"","wpdc_auto_publish_overridden":"","wpdc_topic_tags":"","wpdc_pin_topic":"","wpdc_pin_until":"","discourse_post_id":"","discourse_permalink":"","wpdc_publishing_response":"","wpdc_publishing_error":"","footnotes":""},"class_list":["post-20757","page","type-page","status-publish","hentry"],"yoast_head":"<!-- This site is optimized with the Yoast SEO plugin v25.3.1 - https:\/\/yoast.com\/wordpress\/plugins\/seo\/ -->\n<title>LinkedIn Feed \u2013 Feed-Widget in HTML hinzuf\u00fcgen [kostenlos!]<\/title>\n<meta name=\"description\" content=\"Betten Sie das programmierungsfreie LinkedIn-Feed-Widget in Ihre HTML-Website ein. Erstellen Sie Ihr Plugin mithilfe einer Live-Demo und vorgefertigten Vorlagen, um einen starken Social Proof zu erzielen.\" \/>\n<meta name=\"robots\" content=\"index, follow, max-snippet:-1, max-image-preview:large, max-video-preview:-1\" \/>\n<link rel=\"canonical\" href=\"https:\/\/elfsight.com\/de\/linkedin-feed-widget\/html\/\" \/>\n<meta property=\"og:locale\" content=\"de_DE\" \/>\n<meta property=\"og:type\" content=\"article\" \/>\n<meta property=\"og:title\" content=\"LinkedIn Feed \u2013 Feed-Widget in HTML hinzuf\u00fcgen [kostenlos!]\" \/>\n<meta property=\"og:description\" content=\"Betten Sie das programmierungsfreie LinkedIn-Feed-Widget in Ihre HTML-Website ein. Erstellen Sie Ihr Plugin mithilfe einer Live-Demo und vorgefertigten Vorlagen, um einen starken Social Proof zu erzielen.\" \/>\n<meta property=\"og:url\" content=\"https:\/\/elfsight.com\/de\/linkedin-feed-widget\/html\/\" \/>\n<meta property=\"og:site_name\" content=\"Elfsight DE\" \/>\n<meta property=\"article:modified_time\" content=\"2025-09-30T10:13:03+00:00\" \/>\n<meta name=\"twitter:card\" content=\"summary_large_image\" \/>\n<meta name=\"twitter:label1\" content=\"Gesch\u00e4tzte Lesezeit\" \/>\n\t<meta name=\"twitter:data1\" content=\"5\u00a0Minuten\" \/>\n<!-- \/ Yoast SEO plugin. -->","yoast_head_json":{"title":"LinkedIn Feed \u2013 Feed-Widget in HTML hinzuf\u00fcgen [kostenlos!]","description":"Betten Sie das programmierungsfreie LinkedIn-Feed-Widget in Ihre HTML-Website ein. Erstellen Sie Ihr Plugin mithilfe einer Live-Demo und vorgefertigten Vorlagen, um einen starken Social Proof zu erzielen.","robots":{"index":"index","follow":"follow","max-snippet":"max-snippet:-1","max-image-preview":"max-image-preview:large","max-video-preview":"max-video-preview:-1"},"canonical":"https:\/\/elfsight.com\/de\/linkedin-feed-widget\/html\/","og_locale":"de_DE","og_type":"article","og_title":"LinkedIn Feed \u2013 Feed-Widget in HTML hinzuf\u00fcgen [kostenlos!]","og_description":"Betten Sie das programmierungsfreie LinkedIn-Feed-Widget in Ihre HTML-Website ein. Erstellen Sie Ihr Plugin mithilfe einer Live-Demo und vorgefertigten Vorlagen, um einen starken Social Proof zu erzielen.","og_url":"https:\/\/elfsight.com\/de\/linkedin-feed-widget\/html\/","og_site_name":"Elfsight DE","article_modified_time":"2025-09-30T10:13:03+00:00","twitter_card":"summary_large_image","twitter_misc":{"Gesch\u00e4tzte Lesezeit":"5\u00a0Minuten"},"schema":{"@context":"https:\/\/schema.org","@graph":[{"@type":"WebPage","@id":"https:\/\/elfsight.com\/de\/linkedin-feed-widget\/html\/","url":"https:\/\/elfsight.com\/de\/linkedin-feed-widget\/html\/","name":"LinkedIn Feed \u2013 Feed-Widget in HTML hinzuf\u00fcgen [kostenlos!]","isPartOf":{"@id":"https:\/\/elfsight.com\/de\/#website"},"datePublished":"2024-05-03T06:40:35+00:00","dateModified":"2025-09-30T10:13:03+00:00","description":"Betten Sie das programmierungsfreie LinkedIn-Feed-Widget in Ihre HTML-Website ein. Erstellen Sie Ihr Plugin mithilfe einer Live-Demo und vorgefertigten Vorlagen, um einen starken Social Proof zu erzielen.","breadcrumb":{"@id":"https:\/\/elfsight.com\/de\/linkedin-feed-widget\/html\/#breadcrumb"},"inLanguage":"de","potentialAction":[{"@type":"ReadAction","target":["https:\/\/elfsight.com\/de\/linkedin-feed-widget\/html\/"]}]},{"@type":"BreadcrumbList","@id":"https:\/\/elfsight.com\/de\/linkedin-feed-widget\/html\/#breadcrumb","itemListElement":[{"@type":"ListItem","position":1,"name":"Home","item":"https:\/\/elfsight.com\/de\/"},{"@type":"ListItem","position":2,"name":"LinkedIn Feed","item":"https:\/\/elfsight.com\/de\/linkedin-feed-widget\/"},{"@type":"ListItem","position":3,"name":"LinkedIn Feed &#8211; HTML"}]},{"@type":"WebSite","@id":"https:\/\/elfsight.com\/de\/#website","url":"https:\/\/elfsight.com\/de\/","name":"Elfsight DE","description":"Just another Elfsight Sites site","potentialAction":[{"@type":"SearchAction","target":{"@type":"EntryPoint","urlTemplate":"https:\/\/elfsight.com\/de\/?s={search_term_string}"},"query-input":{"@type":"PropertyValueSpecification","valueRequired":true,"valueName":"search_term_string"}}],"inLanguage":"de"}]}},"meta_box":{"industry":"","seo_heading":"","heading":"","description":"","cta_heading":"","cta_description":"","application":"7435","h1":"So betten Sie LinkedIn-Feeds kostenlos in HTML ein!","h1_caption":"Zeigen Sie Beitr\u00e4ge aus Ihrem LinkedIn-Profil oder Ihrer Unternehmensseite auf Ihrer Website an und verbessern Sie so m\u00fchelos Ihre professionelle Online-Pr\u00e4senz in Ihrer HTML-Website.","application_category":[],"applications_title":"","applications_request_title":"","applications_request_button_text":"","hero_text":"","hero_video":"","hero_video_schema_markup":"","selling_points_title":"","selling_points_caption":"","selling_points":[],"selling_points_cta_text":"","features_title":"","features":"","ed_cta_examples_text":"","ed_cta_examples_hidden":"","ed_cta_demo_text":"","ed_cta_demo_hidden":"","why_caption":"","why_editor_title":"","why_editor_text":"","why_team_title":"","why_team_text":"","why_service_title":"","why_service_text":"","template_catalog_visible":"0","template_catalog_title":"","template_catalog_text":"","template_catalog_categories_visible":"","demo_title":"Erstellen Sie Ihr LinkedIn-Feed-Widget","demo_caption":"Konfigurieren Sie Ihren LinkedIn-Feed und f\u00fcgen Sie ihn kostenlos zu Ihrer HTML-Website hinzu!","default_faq_hidden":"","app_template_category":[],"platform":"260","template_public_id":"","codecanyon_url":"","codecanyon_item_id":"","codecanyon_price":"","pricing_caption":"","pricing_elfsight_apps_hide_column":"","pricing_elfsight_apps_url":"","pricing_codecanyon_price_caption":"","integration_category":[],"integration_request_title":"","integration_request_cta":"","integration_platform":"","integrations":[],"platform_category":[],"video_schema_markup":"","price":"ab 0 $ \/ Monat","trial":"","benefits":[{"text":"Kostenlose Installationshilfe"},{"text":"Effektiver Kundenservice"},{"text":"14-t\u00e4gige R\u00fcckerstattungsgarantie"},{"text":"Lebenslange Verbesserungen"}],"button_url":"#demo","button_target_blank":"0","button_nofollow":"0","attributes":[{"name":"Installiert","content":"10,000 - 100,000"},{"name":"Reaktionsfreudig","content":"Ja"},{"name":"Kompatible Browser","content":"Firefox, Safari, Opera, Chrome, Edge"}],"tags":[],"tags_disable_links":"0","hide_more_platforms":"0","video_object":"","demo_hide_cta":"0","demo_hide_cloud_options":"0","pricing_title":"","pricing":[{"pricing_icon":"platform","pricing_title":"Elfsight Apps","pricing_title_caption":"Plattformunabh\u00e4ngige digitale L\u00f6sung, die zu jeder Website passt","pricing_price":"ab 0 $ \/ Monat","pricing_price_caption":"Beginnen Sie mit einem kostenlosen Plan","pricing_benefits":[{"text":"Unbegrenzte Websites"},{"text":"Unternehmensunterst\u00fctzung rund um die Uhr"},{"text":"Kostenloser Installationssupport"},{"text":"100 % anpassbar"}],"pricing_button_text":"Zur Website hinzuf\u00fcgen","pricing_button_url":"#demo"}],"related_apps_title":"","related_apps_hidden":"0","author":"","image":[],"title":"","job":"","social_networks":[]},"_links":{"self":[{"href":"https:\/\/elfsight.com\/de\/wp-json\/wp\/v2\/pages\/20757","targetHints":{"allow":["GET"]}}],"collection":[{"href":"https:\/\/elfsight.com\/de\/wp-json\/wp\/v2\/pages"}],"about":[{"href":"https:\/\/elfsight.com\/de\/wp-json\/wp\/v2\/types\/page"}],"author":[{"embeddable":true,"href":"https:\/\/elfsight.com\/de\/wp-json\/wp\/v2\/users\/9"}],"replies":[{"embeddable":true,"href":"https:\/\/elfsight.com\/de\/wp-json\/wp\/v2\/comments?post=20757"}],"version-history":[{"count":3,"href":"https:\/\/elfsight.com\/de\/wp-json\/wp\/v2\/pages\/20757\/revisions"}],"predecessor-version":[{"id":25518,"href":"https:\/\/elfsight.com\/de\/wp-json\/wp\/v2\/pages\/20757\/revisions\/25518"}],"up":[{"embeddable":true,"href":"https:\/\/elfsight.com\/de\/wp-json\/wp\/v2\/pages\/7448"}],"wp:attachment":[{"href":"https:\/\/elfsight.com\/de\/wp-json\/wp\/v2\/media?parent=20757"}],"curies":[{"name":"wp","href":"https:\/\/api.w.org\/{rel}","templated":true}]}}