{"id":20756,"date":"2024-05-03T06:40:34","date_gmt":"2024-05-03T06:40:34","guid":{"rendered":"https:\/\/elfsight.com\/de\/?page_id=20756"},"modified":"2025-02-12T09:35:35","modified_gmt":"2025-02-12T09:35:35","slug":"wix","status":"publish","type":"page","link":"https:\/\/elfsight.com\/de\/linkedin-feed-widget\/wix\/","title":{"rendered":"LinkedIn Feed &#8211; Wix"},"content":{"rendered":"\n<div class=\"application-platform-content-item-description application-platform-content-item\" id=\"description\" data-nav-section=\"description\"> <h2>LinkedIn-Feed kostenlos auf Wix einbetten!<\/h2> <p>Das LinkedIn-Feed-Plugin wurde speziell f\u00fcr Unternehmen entwickelt, um ihre Produkte zu pr\u00e4sentieren und zu bewerben LinkedIn-Inhalte auf Wix-Websites: Zeigen Sie Beitr\u00e4ge, Fotos, Videos usw. an. Die Einrichtung des Plugins ist nahtlos \u2013 es sind keine Programmier- oder Programmierkenntnisse erforderlich.<\/p> <p>Erstellen Sie einen Stil, der der \u00c4sthetik Ihrer Website entspricht und bleibt Markengetreu durch die Kombination benutzerdefinierter Feed-Elemente, Vorlagen, Layouts und Beitragsstile. F\u00fcgen Sie einen Popup-Effekt als Post-Click-Aktion hinzu, um die Aufmerksamkeit der Benutzer zu erregen. Und schlie\u00dflich genie\u00dfen Sie das geweckte Vertrauen und das prominent etablierte Branding in der Branche.<\/p> <ul><li><strong>St\u00e4rken Sie Ihr Networking-Potenzial mit der LinkedIn-Unternehmensseite.<\/strong><br>Entfachen Sie neue Beziehungen in der Welt des Handels und steigern Sie die Lead-Zahl durch die Nutzung von Inhalten aus Ihrem LinkedIn-Profil.<\/li><li><strong>Erh\u00f6hen Sie die Gr\u00f6\u00dfe Ihres LinkedIn-Publikums.<\/strong><br>Steigern Sie Ihre Pr\u00e4senz auf LinkedIn innerhalb des Wix-Benutzers Community und wecken Sie gro\u00dfes Interesse an Ihren Dienstleistungen.<\/li><li><strong>Machen Sie Ihrem Unternehmen einen authentischeren Eindruck.<\/strong><br>Geben Sie Ihrer Marke eine zus\u00e4tzliche Ebene an Glaubw\u00fcrdigkeit und Vertrauensw\u00fcrdigkeit und f\u00fcgen Sie das neueste LinkedIn hinzu Aktivit\u00e4t direkt auf der Website-Seite.<\/li><\/ul><p><b>F\u00fcgen Sie das codefreie LinkedIn-Feed-Plugin zur Wix-Website hinzu, um Zuverl\u00e4ssigkeit aufzubauen, die Echtheit zu verst\u00e4rken und die Vernetzung durch solide soziale Beweise zu erweitern.<\/b><\/p> <div class=\"faq\" data-component=\"FAQ\"><div class=\"faq-item\">\r\n\t\t\t\t\t<div class=\"faq-item-question\">\r\n\t\t\t\t\t\t<h3 class=\"faq-item-question-text\">Gibt es noch andere Tools f\u00fcr Wix, die ich auf meiner Website verwenden kann?<\/h3>\r\n\r\n\t\t\t\t\t\t<div class=\"faq-item-question-icon\"><\/div>\r\n\t\t\t\t\t<\/div>\r\n\r\n\t\t\t\t\t<div class=\"faq-item-answer\">\r\n\t\t\t\t\t\t<div class=\"faq-item-answer-text\"><p>Ja, tats\u00e4chlich! Als Wix-Benutzer bietet Ihnen Elfsight Dutzende codefreier Tools zum Hinzuf\u00fcgen an, und das LinkedIn-Feed-Plugin ist nur eines dieser Angebote. Ganz gleich, um welche Art von Unternehmen es sich handelt oder in welcher spezifischen Nische Sie t\u00e4tig sind, es gibt immer M\u00f6glichkeiten, Ihre St\u00e4rken unter Beweis zu stellen. Hier sind einige Ideen:<\/p><ul><li>Um eine andere Social-Media-App f\u00fcr Ihre Wix-Website zu erstellen, sollten Sie mit <a href=\"https:\/\/elfsight.com\/de\/pinterest-feed-widget\/\">Pinterest-Feed<\/a> oder <a href=\"https:\/\/elfsight.com\/instagram-feed-instashow\/\">Instagram-Feed<\/a>-Widget neben dem LinkedIn-Feed-Plugin.<\/li><li> Holen Sie sich die <a href=\"https:\/\/elfsight.com\/all-in-one-reviews-widget\/\">All-in-One-Bewertungen<\/a> oder <a href=\"https:\/\/elfsight.com\/google-reviews-widget\/\">Google Reviews<\/a>-Plugin zur Anzeige von Kundenfeedback.<\/li><li>Einbetten des <a href=\"https:\/\/elfsight.com\/online-form-builder\/\">Form Builder<\/a>, um die Antworterfassung zu optimieren und Benutzerinteraktionen auf Ihrer Wix-Website zu erm\u00f6glichen.<\/li> <li>F\u00fcgen Sie das <a href=\"https:\/\/elfsight.com\/countdown-timer-widget\/\">Countdown-Timer<\/a>, um das Engagement zu steigern und bei Ihrem Publikum ein Gef\u00fchl der Knappheit zu erzeugen.<\/li><\/ul><p>Denken Sie daran, dass diese Einbettungsbeispiele nur der Anfang einer langen Liste von Erg\u00e4nzungen sind, die darauf abzielen k\u00f6nnen Ihre Gesch\u00e4ftsanforderungen. Beginnen Sie mit dem codefreien LinkedIn-Feed und tauchen Sie tiefer in unseren Katalog ein, um weitere Widget-L\u00f6sungen zu finden, die Sie Ihrer Website hinzuf\u00fcgen k\u00f6nnen!<\/p><\/div>\r\n\t\t\t\t\t<\/div>\r\n\t\t\t\t<\/div><div class=\"faq-item\">\r\n\t\t\t\t\t<div class=\"faq-item-question\">\r\n\t\t\t\t\t\t<h3 class=\"faq-item-question-text\">Wie bette ich einen LinkedIn-Feed kostenlos auf der Website von Wix ein? <\/h3>\r\n\r\n\t\t\t\t\t\t<div class=\"faq-item-question-icon\"><\/div>\r\n\t\t\t\t\t<\/div>\r\n\r\n\t\t\t\t\t<div class=\"faq-item-answer\">\r\n\t\t\t\t\t\t<div class=\"faq-item-answer-text\"><p>Wenn Sie das LinkedIn-Feed-Plugin kostenlos auf Ihrer Wix-Website hinzuf\u00fcgen m\u00f6chten, f\u00fchren Sie die folgenden Schritte aus:<\/p> <ol><li>Passen Sie das Aussehen des LinkedIn-Feed-Widgets nach Ihrem Geschmack an.<\/li><li>Melden Sie sich bei Ihrem Elfsight-Admin-Panel an oder erstellen Sie ein kostenloses Profil.<\/li><li>Holen Sie sich den Installationscode des automatisch generierten Widgets.<\/li><li>Greifen Sie auf Ihre Wix-Website zu.<\/li><li>F\u00fcgen Sie den Code in Ihren Website-Builder von Wix ein, um das LinkedIn-Feed-Widget hinzuzuf\u00fcgen. Sie sind fertig!<\/li><\/ol><p>Wie Sie sehen k\u00f6nnen, ist keine Erfahrung im Schreiben von Code erforderlich, um das Plugin einzubetten. Erstellen Sie ganz einfach ein codefreies LinkedIn-Feed-Widget f\u00fcr eine Wix-Website und genie\u00dfen Sie die zahlreichen Vorteile, die sich auf dem Weg zur Vergr\u00f6\u00dferung Ihrer Reichweite ergeben.<\/p><\/div>\r\n\t\t\t\t\t<\/div>\r\n\t\t\t\t<\/div><div class=\"faq-item\">\r\n\t\t\t\t\t<div class=\"faq-item-question\">\r\n\t\t\t\t\t\t<h3 class=\"faq-item-question-text\">Muss ich wissen, wie man programmiert? oder Programmierkenntnisse haben, um den LinkedIn-Feed auf der Wix-Website einzubetten?<\/h3>\r\n\r\n\t\t\t\t\t\t<div class=\"faq-item-question-icon\"><\/div>\r\n\t\t\t\t\t<\/div>\r\n\r\n\t\t\t\t\t<div class=\"faq-item-answer\">\r\n\t\t\t\t\t\t<div class=\"faq-item-answer-text\"><p>Nein. Sie m\u00fcssen keine Programmierkenntnisse besitzen, um das LinkedIn-Feed-Plugin auf Ihrer Wix-Website einzubetten und anzuzeigen. Dieses Widget l\u00e4sst sich einfach hinzuf\u00fcgen, auch ohne spezielle Kenntnisse oder Vorkenntnisse.<\/p> <\/div>\r\n\t\t\t\t\t<\/div>\r\n\t\t\t\t<\/div><\/div><\/div> <div class=\"application-platform-content-item-features application-platform-content-item\" id=\"features\" data-nav-section=\"features\"> <h2>Dies sind nur einige der verschiedenen Widget-Funktionen:<\/h2> <ul><li>Teilen Sie verschiedene Arten von Inhalten: Blog-Beitr\u00e4ge, Bilder, Videos usw.<\/li><li>Gruppieren Sie Feed-Inhalte nach Schl\u00fcsselw\u00f6rtern, Hashtags oder URL-Filtern.<\/li><li>F\u00fcgen Sie Call-to-Action-Schaltfl\u00e4chen hinzu, um die Website-Engagement-Rate im LinkedIn-Feed Ihres Unternehmens zu verbessern.<\/li><li>Auff\u00e4lliger Popup-Modus, um die Aufmerksamkeit der Leute auf Ihre LinkedIn-Inhalte zu lenken.<\/li><li>Erweiterte Anpassung ohne Programmieraufwand: gebrauchsfertige Vorlagen, Farbschema-Ersteller, f\u00fcnf Layout-Designs, Beitragsstile, benutzerdefiniertes CSS usw.<\/li><\/ul><p><a href=\"#demo \">Erkunden Sie alle Einstellungen in der Demo mit vollem Funktionsumfang<\/a><\/p> <\/div> <div class=\"application-platform-content-item-installation application-platform-content-item\" id=\"installation\" data-nav-section=\"installation\"> <h2>Wie bette ich den LinkedIn-Feed auf meiner Wix-Website ein?<\/h2> <p>Um das codefreie LinkedIn-Feed-Plugin zu Ihrer Wix-Website hinzuzuf\u00fcgen, gehen Sie wie folgt vor:<\/p> <ol><li><b>Nutzen Sie unsere kostenlose Demo und beginnen Sie mit der Erstellung Ihres ma\u00dfgeschneiderten LinkedIn-Feed-Widgets. <\/b><br> Geben Sie die geeigneten Design- und Funktionsmerkmale des Widgets an und \u00fcbernehmen Sie die \u00c4nderungen.<\/li> <li><b>Erhalten Sie den pers\u00f6nlichen Code, der im speziellen Formular auf Elfsight Apps angezeigt wird.<\/b><br> Sobald die Generierung Ihres Widgets abgeschlossen ist, kopieren Sie den pers\u00f6nlichen Code aus dem angezeigten Popup und speichern Sie ihn zur sp\u00e4teren Verwendung.<\/li> <li><b>Initiieren Sie die Nutzung des Plugins auf Ihrer Wix-Website.<\/b><br> F\u00fcgen Sie den Code, den Sie k\u00fcrzlich gespeichert haben, zu Ihrer Website hinzu und speichern Sie die Anpassungen.<\/li> <li><b>Fertig! Die Einrichtung wurde erfolgreich durchgef\u00fchrt.<\/b><br> Besuchen Sie Ihre Website, um einen Blick auf die Funktionsweise des LinkedIn-Feed-Widgets zu werfen.<\/li><\/ol> <p>Unter der Bedingung, dass Sie Fragen stellen oder Schwierigkeiten damit haben Wenn Sie Fragen zum Einbettungsprozess haben, schreiben Sie bitte an unser Support-Team. Unsere Berater m\u00f6chten alle Probleme l\u00f6sen, die Sie m\u00f6glicherweise mit dem codefreien LinkedIn-Feed-Plugin f\u00fcr Websites von Wix haben.<\/p> <\/div>\n","protected":false},"excerpt":{"rendered":"","protected":false},"author":9,"featured_media":0,"parent":7448,"menu_order":0,"comment_status":"closed","ping_status":"closed","template":"templates\/template-application-platform.php","meta":{"publish_to_discourse":"","publish_post_category":"","wpdc_auto_publish_overridden":"","wpdc_topic_tags":"","wpdc_pin_topic":"","wpdc_pin_until":"","discourse_post_id":"","discourse_permalink":"","wpdc_publishing_response":"","wpdc_publishing_error":"","footnotes":""},"class_list":["post-20756","page","type-page","status-publish","hentry"],"yoast_head":"<!-- This site is optimized with the Yoast SEO plugin v25.3.1 - https:\/\/yoast.com\/wordpress\/plugins\/seo\/ -->\n<title>LinkedIn Feed \u2013 Feed-App zu Wix hinzuf\u00fcgen [kostenlos!]<\/title>\n<meta name=\"description\" content=\"Betten Sie die programmierungsfreie LinkedIn-Feed-App in Ihre Website von Wix ein. Erstellen Sie Ihr Plugin mithilfe einer Live-Demo und vorgefertigten Vorlagen, um einen starken Social Proof zu erzielen.\" \/>\n<meta name=\"robots\" content=\"index, follow, max-snippet:-1, max-image-preview:large, max-video-preview:-1\" \/>\n<link rel=\"canonical\" href=\"https:\/\/elfsight.com\/de\/linkedin-feed-widget\/wix\/\" \/>\n<meta property=\"og:locale\" content=\"de_DE\" \/>\n<meta property=\"og:type\" content=\"article\" \/>\n<meta property=\"og:title\" content=\"LinkedIn Feed \u2013 Feed-App zu Wix hinzuf\u00fcgen [kostenlos!]\" \/>\n<meta property=\"og:description\" content=\"Betten Sie die programmierungsfreie LinkedIn-Feed-App in Ihre Website von Wix ein. Erstellen Sie Ihr Plugin mithilfe einer Live-Demo und vorgefertigten Vorlagen, um einen starken Social Proof zu erzielen.\" \/>\n<meta property=\"og:url\" content=\"https:\/\/elfsight.com\/de\/linkedin-feed-widget\/wix\/\" \/>\n<meta property=\"og:site_name\" content=\"Elfsight DE\" \/>\n<meta property=\"article:modified_time\" content=\"2025-02-12T09:35:35+00:00\" \/>\n<meta name=\"twitter:card\" content=\"summary_large_image\" \/>\n<meta name=\"twitter:label1\" content=\"Gesch\u00e4tzte Lesezeit\" \/>\n\t<meta name=\"twitter:data1\" content=\"5\u00a0Minuten\" \/>\n<!-- \/ Yoast SEO plugin. -->","yoast_head_json":{"title":"LinkedIn Feed \u2013 Feed-App zu Wix hinzuf\u00fcgen [kostenlos!]","description":"Betten Sie die programmierungsfreie LinkedIn-Feed-App in Ihre Website von Wix ein. Erstellen Sie Ihr Plugin mithilfe einer Live-Demo und vorgefertigten Vorlagen, um einen starken Social Proof zu erzielen.","robots":{"index":"index","follow":"follow","max-snippet":"max-snippet:-1","max-image-preview":"max-image-preview:large","max-video-preview":"max-video-preview:-1"},"canonical":"https:\/\/elfsight.com\/de\/linkedin-feed-widget\/wix\/","og_locale":"de_DE","og_type":"article","og_title":"LinkedIn Feed \u2013 Feed-App zu Wix hinzuf\u00fcgen [kostenlos!]","og_description":"Betten Sie die programmierungsfreie LinkedIn-Feed-App in Ihre Website von Wix ein. Erstellen Sie Ihr Plugin mithilfe einer Live-Demo und vorgefertigten Vorlagen, um einen starken Social Proof zu erzielen.","og_url":"https:\/\/elfsight.com\/de\/linkedin-feed-widget\/wix\/","og_site_name":"Elfsight DE","article_modified_time":"2025-02-12T09:35:35+00:00","twitter_card":"summary_large_image","twitter_misc":{"Gesch\u00e4tzte Lesezeit":"5\u00a0Minuten"},"schema":{"@context":"https:\/\/schema.org","@graph":[{"@type":"WebPage","@id":"https:\/\/elfsight.com\/de\/linkedin-feed-widget\/wix\/","url":"https:\/\/elfsight.com\/de\/linkedin-feed-widget\/wix\/","name":"LinkedIn Feed \u2013 Feed-App zu Wix hinzuf\u00fcgen [kostenlos!]","isPartOf":{"@id":"https:\/\/elfsight.com\/de\/#website"},"datePublished":"2024-05-03T06:40:34+00:00","dateModified":"2025-02-12T09:35:35+00:00","description":"Betten Sie die programmierungsfreie LinkedIn-Feed-App in Ihre Website von Wix ein. Erstellen Sie Ihr Plugin mithilfe einer Live-Demo und vorgefertigten Vorlagen, um einen starken Social Proof zu erzielen.","breadcrumb":{"@id":"https:\/\/elfsight.com\/de\/linkedin-feed-widget\/wix\/#breadcrumb"},"inLanguage":"de","potentialAction":[{"@type":"ReadAction","target":["https:\/\/elfsight.com\/de\/linkedin-feed-widget\/wix\/"]}]},{"@type":"BreadcrumbList","@id":"https:\/\/elfsight.com\/de\/linkedin-feed-widget\/wix\/#breadcrumb","itemListElement":[{"@type":"ListItem","position":1,"name":"Home","item":"https:\/\/elfsight.com\/de\/"},{"@type":"ListItem","position":2,"name":"LinkedIn Feed","item":"https:\/\/elfsight.com\/de\/linkedin-feed-widget\/"},{"@type":"ListItem","position":3,"name":"LinkedIn Feed &#8211; Wix"}]},{"@type":"WebSite","@id":"https:\/\/elfsight.com\/de\/#website","url":"https:\/\/elfsight.com\/de\/","name":"Elfsight DE","description":"Just another Elfsight Sites site","potentialAction":[{"@type":"SearchAction","target":{"@type":"EntryPoint","urlTemplate":"https:\/\/elfsight.com\/de\/?s={search_term_string}"},"query-input":{"@type":"PropertyValueSpecification","valueRequired":true,"valueName":"search_term_string"}}],"inLanguage":"de"}]}},"meta_box":{"industry":"","seo_heading":"","heading":"","description":"","cta_heading":"","cta_description":"","application":"7435","h1":"So betten Sie den LinkedIn-Feed kostenlos auf Wix ein!","h1_caption":"Zeigen Sie Beitr\u00e4ge aus Ihrem LinkedIn-Profil oder Ihrer Unternehmensseite auf Ihrer Website an und verbessern Sie so m\u00fchelos Ihre professionelle Online-Pr\u00e4senz auf Ihrer Wix-Website.","application_category":[],"applications_title":"","applications_request_title":"","applications_request_button_text":"","hero_text":"","hero_video":"","hero_video_schema_markup":"","selling_points_title":"","selling_points_caption":"","selling_points":[],"selling_points_cta_text":"","features_title":"","features":"","ed_cta_examples_text":"","ed_cta_examples_hidden":"","ed_cta_demo_text":"","ed_cta_demo_hidden":"","why_caption":"","why_editor_title":"","why_editor_text":"","why_team_title":"","why_team_text":"","why_service_title":"","why_service_text":"","template_catalog_visible":"0","template_catalog_title":"","template_catalog_text":"","template_catalog_categories_visible":"","demo_title":"Erstellen Sie Ihre LinkedIn-Feed-App","demo_caption":"Konfigurieren Sie Ihren LinkedIn-Feed und f\u00fcgen Sie ihn kostenlos zu Ihrer Wix-Website hinzu!","default_faq_hidden":"","app_template_category":[],"platform":"265","template_public_id":"","codecanyon_url":"","codecanyon_item_id":"","codecanyon_price":"","pricing_caption":"","pricing_elfsight_apps_hide_column":"","pricing_elfsight_apps_url":"","pricing_codecanyon_price_caption":"","integration_category":[],"integration_request_title":"","integration_request_cta":"","integration_platform":"","integrations":[],"platform_category":[],"video_schema_markup":"","price":"ab 0 $ \/ Monat","trial":"","benefits":[{"text":"Kostenloser Installationsservice"},{"text":"Premium-Support"},{"text":"14-t\u00e4gige R\u00fcckerstattungsgarantie"},{"text":"Fortlaufende Entwicklung"}],"button_url":"#demo","button_target_blank":"0","button_nofollow":"0","attributes":[{"name":"Installiert","content":"10,000 - 100,000"},{"name":"Reaktionsfreudig","content":"Ja"},{"name":"Kompatible Browser","content":"Firefox, Safari, Opera, Chrome, Edge"}],"tags":[],"tags_disable_links":"0","hide_more_platforms":"0","video_object":"","demo_hide_cta":"0","demo_hide_cloud_options":"0","pricing_title":"","pricing":[{"pricing_icon":"platform","pricing_title":"Elfsight Apps","pricing_title_caption":"Multiplattform-L\u00f6sung, die zu jeder Website passt","pricing_price":"ab 0 $ \/ Monat","pricing_price_caption":"Beginnen Sie mit einem kostenlosen Plan","pricing_benefits":[{"text":"Unbegrenzte Websites"},{"text":"Kostenloser Support und gut dokumentiert"},{"text":"Kostenlose Installationshilfe"},{"text":"Vollst\u00e4ndig anpassbar"}],"pricing_button_text":"Zur Website hinzuf\u00fcgen","pricing_button_url":"#demo"}],"related_apps_title":"","related_apps_hidden":"0","author":"","image":[],"title":"","job":"","social_networks":[]},"_links":{"self":[{"href":"https:\/\/elfsight.com\/de\/wp-json\/wp\/v2\/pages\/20756","targetHints":{"allow":["GET"]}}],"collection":[{"href":"https:\/\/elfsight.com\/de\/wp-json\/wp\/v2\/pages"}],"about":[{"href":"https:\/\/elfsight.com\/de\/wp-json\/wp\/v2\/types\/page"}],"author":[{"embeddable":true,"href":"https:\/\/elfsight.com\/de\/wp-json\/wp\/v2\/users\/9"}],"replies":[{"embeddable":true,"href":"https:\/\/elfsight.com\/de\/wp-json\/wp\/v2\/comments?post=20756"}],"version-history":[{"count":3,"href":"https:\/\/elfsight.com\/de\/wp-json\/wp\/v2\/pages\/20756\/revisions"}],"predecessor-version":[{"id":23986,"href":"https:\/\/elfsight.com\/de\/wp-json\/wp\/v2\/pages\/20756\/revisions\/23986"}],"up":[{"embeddable":true,"href":"https:\/\/elfsight.com\/de\/wp-json\/wp\/v2\/pages\/7448"}],"wp:attachment":[{"href":"https:\/\/elfsight.com\/de\/wp-json\/wp\/v2\/media?parent=20756"}],"curies":[{"name":"wp","href":"https:\/\/api.w.org\/{rel}","templated":true}]}}